{"id":4259,"date":"2026-02-13T10:25:42","date_gmt":"2026-02-13T13:25:42","guid":{"rendered":"https:\/\/sites.usp.br\/pmlog\/?page_id=4259"},"modified":"2026-02-19T13:21:48","modified_gmt":"2026-02-19T16:21:48","slug":"agenda","status":"publish","type":"page","link":"https:\/\/sites.usp.br\/pmlog\/agenda\/","title":{"rendered":"Agenda"},"content":{"rendered":"\t\t<div data-elementor-type=\"wp-page\" data-elementor-id=\"4259\" class=\"elementor elementor-4259\" data-elementor-post-type=\"page\">\n\t\t\t\t\t\t<section class=\"elementor-section elementor-top-section elementor-element elementor-element-921f97f elementor-section-boxed elementor-section-height-default elementor-section-height-default\" data-id=\"921f97f\" data-element_type=\"section\">\n\t\t\t\t\t\t<div class=\"elementor-container elementor-column-gap-default\">\n\t\t\t\t\t<div class=\"elementor-column elementor-col-50 elementor-top-column elementor-element elementor-element-1f047b7\" data-id=\"1f047b7\" data-element_type=\"column\">\n\t\t\t<div class=\"elementor-widget-wrap elementor-element-populated\">\n\t\t\t\t\t\t<div class=\"elementor-element elementor-element-5476908 elementor-widget elementor-widget-heading\" data-id=\"5476908\" data-element_type=\"widget\" data-widget_type=\"heading.default\">\n\t\t\t\t<div class=\"elementor-widget-container\">\n\t\t\t<h2 class=\"elementor-heading-title elementor-size-default\">DEFESAS - 2026<\/h2>\t\t<\/div>\n\t\t\t\t<\/div>\n\t\t\t\t\t<\/div>\n\t\t<\/div>\n\t\t\t\t<div class=\"elementor-column elementor-col-50 elementor-top-column elementor-element elementor-element-c2c41c5\" data-id=\"c2c41c5\" data-element_type=\"column\">\n\t\t\t<div class=\"elementor-widget-wrap elementor-element-populated\">\n\t\t\t\t\t\t<div class=\"elementor-element elementor-element-ecacadc elementor-widget elementor-widget-heading\" data-id=\"ecacadc\" data-element_type=\"widget\" data-widget_type=\"heading.default\">\n\t\t\t\t<div class=\"elementor-widget-container\">\n\t\t\t<h2 class=\"elementor-heading-title elementor-size-default\">EXAME DE QUALIFICA\u00c7\u00c3O - 2026<\/h2>\t\t<\/div>\n\t\t\t\t<\/div>\n\t\t\t\t\t<\/div>\n\t\t<\/div>\n\t\t\t\t\t<\/div>\n\t\t<\/section>\n\t\t\t\t<section class=\"elementor-section elementor-top-section elementor-element elementor-element-b369916 elementor-section-boxed elementor-section-height-default elementor-section-height-default\" data-id=\"b369916\" data-element_type=\"section\">\n\t\t\t\t\t\t<div class=\"elementor-container elementor-column-gap-default\">\n\t\t\t\t\t<div class=\"elementor-column elementor-col-50 elementor-top-column elementor-element elementor-element-0da86f1\" data-id=\"0da86f1\" data-element_type=\"column\">\n\t\t\t<div class=\"elementor-widget-wrap elementor-element-populated\">\n\t\t\t\t\t\t<div class=\"elementor-element elementor-element-9814faf elementor-widget elementor-widget-toggle\" data-id=\"9814faf\" data-element_type=\"widget\" data-widget_type=\"toggle.default\">\n\t\t\t\t<div class=\"elementor-widget-container\">\n\t\t\t\t\t<div class=\"elementor-toggle\">\n\t\t\t\t\t\t\t<div class=\"elementor-toggle-item\">\n\t\t\t\t\t<div id=\"elementor-tab-title-1591\" class=\"elementor-tab-title\" data-tab=\"1\" role=\"button\" aria-controls=\"elementor-tab-content-1591\" aria-expanded=\"false\">\n\t\t\t\t\t\t\t\t\t\t\t\t<span class=\"elementor-toggle-icon elementor-toggle-icon-left\" aria-hidden=\"true\">\n\t\t\t\t\t\t\t\t\t\t\t\t\t\t\t<span class=\"elementor-toggle-icon-closed\"><i class=\"fas fa-caret-right\"><\/i><\/span>\n\t\t\t\t\t\t\t\t<span class=\"elementor-toggle-icon-opened\"><i class=\"elementor-toggle-icon-opened fas fa-caret-up\"><\/i><\/span>\n\t\t\t\t\t\t\t\t\t\t\t\t\t<\/span>\n\t\t\t\t\t\t\t\t\t\t\t\t<a class=\"elementor-toggle-title\" tabindex=\"0\">Candidato: Lucca Matheus Achterberg dos Santos<\/a>\n\t\t\t\t\t<\/div>\n\n\t\t\t\t\t<div id=\"elementor-tab-content-1591\" class=\"elementor-tab-content elementor-clearfix\" data-tab=\"1\" role=\"region\" aria-labelledby=\"elementor-tab-title-1591\"><p style=\"text-align: justify;\"><strong>T\u00edtulo Do Trabalho<\/strong>: \u201cModelagem de sistema log\u00edstico multimodal e multiobjetivo para o transporte de graneis de origem mineral\u201d.<br \/><strong>Dia<\/strong>: 24\/02\/2026<br \/><strong>Hor\u00e1rio<\/strong>: 08h30min<br \/><strong>Local<\/strong>: Edif\u00edcio Paula Souza \u2013 Departamento de Engenharia de Transportes \u2013 Sala S02.<br \/><strong>Comiss\u00e3o Julgadora<\/strong>:<br \/>Prof.(a)Dr.(a) Claudio Barbieri da Cunha \u2013 PTR (Presidente)<br \/>Prof.(a)Dr.(a) Patr\u00edcia Belfiore F\u00e1vero \u2013 UFABC<br \/>Prof.(a)Dr.(a) Renato da Silva Lima \u2013 UNIFEI<\/p><\/div>\n\t\t\t\t<\/div>\n\t\t\t\t\t\t\t\t<\/div>\n\t\t\t\t<\/div>\n\t\t\t\t<\/div>\n\t\t\t\t\t<\/div>\n\t\t<\/div>\n\t\t\t\t<div class=\"elementor-column elementor-col-50 elementor-top-column elementor-element elementor-element-89b2ef2\" data-id=\"89b2ef2\" data-element_type=\"column\">\n\t\t\t<div class=\"elementor-widget-wrap elementor-element-populated\">\n\t\t\t\t\t\t<div class=\"elementor-element elementor-element-4498e87 elementor-widget__width-initial elementor-widget elementor-widget-toggle\" data-id=\"4498e87\" data-element_type=\"widget\" data-widget_type=\"toggle.default\">\n\t\t\t\t<div class=\"elementor-widget-container\">\n\t\t\t\t\t<div class=\"elementor-toggle\">\n\t\t\t\t\t\t\t<div class=\"elementor-toggle-item\">\n\t\t\t\t\t<div id=\"elementor-tab-title-7191\" class=\"elementor-tab-title\" data-tab=\"1\" role=\"button\" aria-controls=\"elementor-tab-content-7191\" aria-expanded=\"false\">\n\t\t\t\t\t\t\t\t\t\t\t\t<span class=\"elementor-toggle-icon elementor-toggle-icon-left\" aria-hidden=\"true\">\n\t\t\t\t\t\t\t\t\t\t\t\t\t\t\t<span class=\"elementor-toggle-icon-closed\"><i class=\"fas fa-caret-right\"><\/i><\/span>\n\t\t\t\t\t\t\t\t<span class=\"elementor-toggle-icon-opened\"><i class=\"elementor-toggle-icon-opened fas fa-caret-up\"><\/i><\/span>\n\t\t\t\t\t\t\t\t\t\t\t\t\t<\/span>\n\t\t\t\t\t\t\t\t\t\t\t\t<a class=\"elementor-toggle-title\" tabindex=\"0\">Candidato: Agustin Enrique Cuevas Fernandez<\/a>\n\t\t\t\t\t<\/div>\n\n\t\t\t\t\t<div id=\"elementor-tab-content-7191\" class=\"elementor-tab-content elementor-clearfix\" data-tab=\"1\" role=\"region\" aria-labelledby=\"elementor-tab-title-7191\"><p><strong>Dia<\/strong>: 13\/02\/2026<br \/><strong>Hor\u00e1rio<\/strong>: 09h00\u00a0<br \/><strong>Local<\/strong>:\u00a0 Departamento de Computa\u00e7\u00e3o e Sistemas Digitais &#8211; Sala C2-22<br \/><strong>Comiss\u00e3o Julgadora<\/strong>:<br \/>Prof.(a)Dr.(a) Carlos Eduardo Cugnasca \u2013\u00a0 (Presidente)<br \/>Prof.(a)Dr.(a) Daniel de Oliveira Mota \u2013 PRO<br \/>Prof.(a)Dr.(a) Roberto Fray da Silva \u2013 ESALQ<\/p><p>\u00a0<\/p><\/div>\n\t\t\t\t<\/div>\n\t\t\t\t\t\t\t\t<\/div>\n\t\t\t\t<\/div>\n\t\t\t\t<\/div>\n\t\t\t\t\t<\/div>\n\t\t<\/div>\n\t\t\t\t\t<\/div>\n\t\t<\/section>\n\t\t\t\t<\/div>\n\t\t","protected":false},"excerpt":{"rendered":"<p>DEFESAS &#8211; 2026 EXAME DE QUALIFICA\u00c7\u00c3O &#8211; 2026 Candidato: Lucca Matheus Achterberg dos Santos T\u00edtulo Do Trabalho: \u201cModelagem de sistema log\u00edstico multimodal e multiobjetivo para o transporte de graneis de origem mineral\u201d.Dia: 24\/02\/2026Hor\u00e1rio: 08h30minLocal: Edif\u00edcio Paula Souza \u2013 Departamento de Engenharia de Transportes \u2013 Sala S02.Comiss\u00e3o Julgadora:Prof.(a)Dr.(a) Claudio Barbieri da Cunha \u2013 PTR (Presidente)Prof.(a)Dr.(a) Patr\u00edcia [&hellip;]<\/p>\n","protected":false},"author":24793,"featured_media":0,"parent":0,"menu_order":0,"comment_status":"closed","ping_status":"closed","template":"","meta":{"_monsterinsights_skip_tracking":false,"_monsterinsights_sitenote_active":false,"_monsterinsights_sitenote_note":"","_monsterinsights_sitenote_category":0,"footnotes":"","_links_to":"","_links_to_target":""},"class_list":["post-4259","page","type-page","status-publish","hentry","entry"],"_links":{"self":[{"href":"https:\/\/sites.usp.br\/pmlog\/wp-json\/wp\/v2\/pages\/4259","targetHints":{"allow":["GET"]}}],"collection":[{"href":"https:\/\/sites.usp.br\/pmlog\/wp-json\/wp\/v2\/pages"}],"about":[{"href":"https:\/\/sites.usp.br\/pmlog\/wp-json\/wp\/v2\/types\/page"}],"author":[{"embeddable":true,"href":"https:\/\/sites.usp.br\/pmlog\/wp-json\/wp\/v2\/users\/24793"}],"replies":[{"embeddable":true,"href":"https:\/\/sites.usp.br\/pmlog\/wp-json\/wp\/v2\/comments?post=4259"}],"version-history":[{"count":4,"href":"https:\/\/sites.usp.br\/pmlog\/wp-json\/wp\/v2\/pages\/4259\/revisions"}],"predecessor-version":[{"id":4272,"href":"https:\/\/sites.usp.br\/pmlog\/wp-json\/wp\/v2\/pages\/4259\/revisions\/4272"}],"wp:attachment":[{"href":"https:\/\/sites.usp.br\/pmlog\/wp-json\/wp\/v2\/media?parent=4259"}],"curies":[{"name":"wp","href":"https:\/\/api.w.org\/{rel}","templated":true}]}}