{"id":774,"date":"2021-10-22T09:09:20","date_gmt":"2021-10-22T12:09:20","guid":{"rendered":"https:\/\/sites.usp.br\/padrao8\/?page_id=774"},"modified":"2025-09-04T15:42:44","modified_gmt":"2025-09-04T18:42:44","slug":"sobre-pagina","status":"publish","type":"page","link":"https:\/\/sites.usp.br\/pmlog\/sobre-pagina\/","title":{"rendered":"Sobre"},"content":{"rendered":"\t\t<div data-elementor-type=\"wp-page\" data-elementor-id=\"774\" class=\"elementor elementor-774\" data-elementor-post-type=\"page\">\n\t\t\t\t\t\t<section class=\"elementor-section elementor-top-section elementor-element elementor-element-11cb049 elementor-section-boxed elementor-section-height-default elementor-section-height-default\" data-id=\"11cb049\" data-element_type=\"section\" data-settings=\"{&quot;background_background&quot;:&quot;classic&quot;}\">\n\t\t\t\t\t\t<div class=\"elementor-container elementor-column-gap-extended\">\n\t\t\t\t\t<div class=\"elementor-column elementor-col-100 elementor-top-column elementor-element elementor-element-1f368b6\" data-id=\"1f368b6\" data-element_type=\"column\">\n\t\t\t<div class=\"elementor-widget-wrap elementor-element-populated\">\n\t\t\t\t\t\t<div class=\"elementor-element elementor-element-4d64e2c elementor-widget elementor-widget-image\" data-id=\"4d64e2c\" data-element_type=\"widget\" data-widget_type=\"image.default\">\n\t\t\t\t<div class=\"elementor-widget-container\">\n\t\t\t\t\t\t\t\t\t\t\t\t\t<img decoding=\"async\" src=\"https:\/\/sites.usp.br\/pmlog\/wp-content\/uploads\/sites\/1695\/elementor\/thumbs\/mlog_novo-e1756821583994-rb61evrj7ytbytbeu6gx4bo45km20zo8zjwzi845sc.jpg\" title=\"mlog_novo\" alt=\"mlog_novo\" loading=\"lazy\" \/>\t\t\t\t\t\t\t\t\t\t\t\t\t<\/div>\n\t\t\t\t<\/div>\n\t\t\t\t<div class=\"elementor-element elementor-element-0150fe1 elementor-widget elementor-widget-heading\" data-id=\"0150fe1\" data-element_type=\"widget\" data-widget_type=\"heading.default\">\n\t\t\t\t<div class=\"elementor-widget-container\">\n\t\t\t<h2 class=\"elementor-heading-title elementor-size-default\">Sobre o \"Mestrado em Engenharia de Sistemas Log\u00edsticos - MLog\/POLI-USP\"<\/h2>\t\t<\/div>\n\t\t\t\t<\/div>\n\t\t\t\t<div class=\"elementor-element elementor-element-449abeb elementor-widget__width-inherit elementor-widget elementor-widget-text-editor\" data-id=\"449abeb\" data-element_type=\"widget\" data-widget_type=\"text-editor.default\">\n\t\t\t\t<div class=\"elementor-widget-container\">\n\t\t\t\t\t\t\t<p>Criado em 2003, o Programa de Mestrado em Engenharia de Sistemas Log\u00edsticos da Universidade de S\u00e3o Paulo (USP) \u00e9 pioneiro e \u00fanico no pa\u00eds, com natureza multidisciplinar, sob a chancela da engenharia, uma forma\u00e7\u00e3o de p\u00f3s-gradua\u00e7\u00e3o<strong><em style=\"font-weight: inherit;\"> stricto sensu<\/em><\/strong> com foco espec\u00edfico em log\u00edstica. O programa surgiu\u00a0 para suprir a demanda por profissionais altamente qualificados com vis\u00e3o sist\u00eamica e multidisciplinar, a partir\u00a0 da constata\u00e7\u00e3o de que os temas essenciais \u00e0 log\u00edstica estavam dispersos em diferentes disciplinas e programas de p\u00f3s-gradua\u00e7\u00e3o da Universidade de S\u00e3o Paulo.<\/p><p data-start=\"866\" data-end=\"1425\">Sua estrutura inovadora \u00e9 resultado da articula\u00e7\u00e3o entre cinco departamentos de excel\u00eancia acad\u00eamica: Engenharia de Produ\u00e7\u00e3o, Engenharia Naval e Oce\u00e2nica, Engenharia de Computa\u00e7\u00e3o e Engenharia de Transportes da Escola Polit\u00e9cnica (Poli-USP), e o Departamento de Economia, Administra\u00e7\u00e3o e Sociologia da Escola Superior de Agricultura \u201cLuiz de Queiroz\u201d (ESALQ-USP). Essa base multidisciplinar \u00e9 um dos principais diferenciais do programa, permitindo uma forma\u00e7\u00e3o abrangente, que integra conhecimentos t\u00e9cnicos, gerenciais e computacionais aplicados \u00e0 log\u00edstica.<\/p><p data-start=\"1427\" data-end=\"1814\">O programa aborda o projeto, a opera\u00e7\u00e3o e a gest\u00e3o de sistemas log\u00edsticos complexos, englobando desde o suprimento de materiais at\u00e9 a distribui\u00e7\u00e3o f\u00edsica de produtos. As linhas de pesquisa est\u00e3o na fronteira do conhecimento da \u00e1rea, abrangendo temas estrat\u00e9gicos como log\u00edstica humanit\u00e1ria, riscos em grandes sistemas log\u00edsticos, log\u00edstica de megacidades, sustentabilidade, entre outros.<\/p><p data-start=\"1816\" data-end=\"2385\">Outro diferencial do programa \u00e9 seu foco na aplica\u00e7\u00e3o pr\u00e1tica: as disserta\u00e7\u00f5es desenvolvidas est\u00e3o vinculadas a problemas reais enfrentados por organiza\u00e7\u00f5es brasileiras, fortalecendo a empregabilidade dos egressos. Os alunos tamb\u00e9m contam com oportunidades de desenvolvimento acad\u00eamico e cient\u00edfico, como apoio financeiro para apresenta\u00e7\u00e3o de trabalhos em congressos nacionais relevantes (ENEGEP, SBPO, ANPET, entre outros) e a chance de participar do consagrado curso GCLOG no\u00a0<em style=\"font-weight: inherit;\">Massachusetts Institute of Technology<\/em>\u00a0(MIT), voltado aos alunos de melhor desempenho.<\/p><p data-start=\"2387\" data-end=\"2741\"><span style=\"font-style: inherit; font-weight: inherit;\">Dessa forma, o programa n\u00e3o apenas forma profissionais capazes de atuar com excel\u00eancia nos n\u00edveis estrat\u00e9gico, t\u00e1tico e operacional da log\u00edstica, mas tamb\u00e9m contribui para o avan\u00e7o cient\u00edfico da \u00e1rea no Brasil, promovendo inova\u00e7\u00e3o e solu\u00e7\u00f5es sist\u00eamicas para os desafios log\u00edsticos de um mundo cada vez mais complexo e interconectado.\u00a0<\/span><\/p>\t\t\t\t\t\t<\/div>\n\t\t\t\t<\/div>\n\t\t\t\t<section class=\"elementor-section elementor-inner-section elementor-element elementor-element-170cc21 elementor-section-boxed elementor-section-height-default elementor-section-height-default\" data-id=\"170cc21\" data-element_type=\"section\">\n\t\t\t\t\t\t<div class=\"elementor-container elementor-column-gap-default\">\n\t\t\t\t\t<div class=\"elementor-column elementor-col-100 elementor-inner-column elementor-element elementor-element-9a45e30\" data-id=\"9a45e30\" data-element_type=\"column\">\n\t\t\t<div class=\"elementor-widget-wrap elementor-element-populated\">\n\t\t\t\t\t\t<div class=\"elementor-element elementor-element-a26af66 elementor-skin-slideshow elementor-arrows-yes elementor-widget elementor-widget-media-carousel\" data-id=\"a26af66\" data-element_type=\"widget\" data-settings=\"{&quot;skin&quot;:&quot;slideshow&quot;,&quot;speed&quot;:1300,&quot;effect&quot;:&quot;slide&quot;,&quot;show_arrows&quot;:&quot;yes&quot;,&quot;autoplay&quot;:&quot;yes&quot;,&quot;autoplay_speed&quot;:5000,&quot;loop&quot;:&quot;yes&quot;,&quot;pause_on_hover&quot;:&quot;yes&quot;,&quot;pause_on_interaction&quot;:&quot;yes&quot;,&quot;space_between&quot;:{&quot;unit&quot;:&quot;px&quot;,&quot;size&quot;:10,&quot;sizes&quot;:[]},&quot;space_between_tablet&quot;:{&quot;unit&quot;:&quot;px&quot;,&quot;size&quot;:10,&quot;sizes&quot;:[]},&quot;space_between_mobile&quot;:{&quot;unit&quot;:&quot;px&quot;,&quot;size&quot;:10,&quot;sizes&quot;:[]}}\" data-widget_type=\"media-carousel.default\">\n\t\t\t\t<div class=\"elementor-widget-container\">\n\t\t\t\t\t<div class=\"elementor-swiper\">\n\t\t\t<div class=\"elementor-main-swiper swiper\">\n\t\t\t\t<div class=\"swiper-wrapper\">\n\t\t\t\t\t\t\t\t\t\t\t<div class=\"swiper-slide\">\n\t\t\t\t\t\t\t\t\t<div class=\"elementor-carousel-image\" role=\"img\" aria-label=\"Medalha MLOG 10 anos\" style=\"background-image: url(&#039;https:\/\/sites.usp.br\/pmlog\/wp-content\/uploads\/sites\/1695\/2025\/07\/Medalha-MLOG-10-anos.jpg&#039;)\">\n\n\t\t\t\n\t\t\t\t\t<\/div>\n\t\t\t\t\t\t\t\t<\/div>\n\t\t\t\t\t\t\t\t\t\t\t<div class=\"swiper-slide\">\n\t\t\t\t\t\t\t\t\t<div class=\"elementor-carousel-image\" role=\"img\" aria-label=\"10 Anos MLog_0 (1)\" style=\"background-image: url(&#039;https:\/\/sites.usp.br\/pmlog\/wp-content\/uploads\/sites\/1695\/2025\/07\/10-Anos-MLog_0-1.jpg&#039;)\">\n\n\t\t\t\n\t\t\t\t\t<\/div>\n\t\t\t\t\t\t\t\t<\/div>\n\t\t\t\t\t\t\t\t\t\t\t<div class=\"swiper-slide\">\n\t\t\t\t\t\t\t\t\t<div class=\"elementor-carousel-image\" role=\"img\" aria-label=\"DSC03407\" style=\"background-image: url(&#039;https:\/\/sites.usp.br\/pmlog\/wp-content\/uploads\/sites\/1695\/2025\/07\/DSC03407-scaled.jpg&#039;)\">\n\n\t\t\t\n\t\t\t\t\t<\/div>\n\t\t\t\t\t\t\t\t<\/div>\n\t\t\t\t\t\t\t\t\t\t\t<div class=\"swiper-slide\">\n\t\t\t\t\t\t\t\t\t<div class=\"elementor-carousel-image\" role=\"img\" aria-label=\"DSC03431\" style=\"background-image: url(&#039;https:\/\/sites.usp.br\/pmlog\/wp-content\/uploads\/sites\/1695\/2025\/07\/DSC03431-scaled.jpg&#039;)\">\n\n\t\t\t\n\t\t\t\t\t<\/div>\n\t\t\t\t\t\t\t\t<\/div>\n\t\t\t\t\t\t\t\t\t<\/div>\n\t\t\t\t\t\t\t\t\t\t\t\t\t\t\t\t\t\t\t\t<div class=\"elementor-swiper-button elementor-swiper-button-prev\" role=\"button\" tabindex=\"0\">\n\t\t\t\t\t\t\t<i aria-hidden=\"true\" class=\"eicon-chevron-left\"><\/i>\t\t\t\t\t\t\t<span class=\"elementor-screen-only\">Anterior<\/span>\n\t\t\t\t\t\t<\/div>\n\t\t\t\t\t\t<div class=\"elementor-swiper-button elementor-swiper-button-next\" role=\"button\" tabindex=\"0\">\n\t\t\t\t\t\t\t<i aria-hidden=\"true\" class=\"eicon-chevron-right\"><\/i>\t\t\t\t\t\t\t<span class=\"elementor-screen-only\">Pr\u00f3ximo<\/span>\n\t\t\t\t\t\t<\/div>\n\t\t\t\t\t\t\t\t\t\t\t\t<\/div>\n\t\t<\/div>\n\t\t\t\t<div class=\"elementor-swiper\">\n\t\t\t<div class=\"elementor-thumbnails-swiper swiper\">\n\t\t\t\t<div class=\"swiper-wrapper\">\n\t\t\t\t\t\t\t\t\t\t\t<div class=\"swiper-slide\">\n\t\t\t\t\t\t\t\t\t<div class=\"elementor-carousel-image\" role=\"img\" aria-label=\"Medalha MLOG 10 anos\" style=\"background-image: url(&#039;https:\/\/sites.usp.br\/pmlog\/wp-content\/uploads\/sites\/1695\/2025\/07\/Medalha-MLOG-10-anos.jpg&#039;)\">\n\n\t\t\t\n\t\t\t\t\t<\/div>\n\t\t\t\t\t\t\t\t<\/div>\n\t\t\t\t\t\t\t\t\t\t\t<div class=\"swiper-slide\">\n\t\t\t\t\t\t\t\t\t<div class=\"elementor-carousel-image\" role=\"img\" aria-label=\"10 Anos MLog_0 (1)\" style=\"background-image: url(&#039;https:\/\/sites.usp.br\/pmlog\/wp-content\/uploads\/sites\/1695\/2025\/07\/10-Anos-MLog_0-1.jpg&#039;)\">\n\n\t\t\t\n\t\t\t\t\t<\/div>\n\t\t\t\t\t\t\t\t<\/div>\n\t\t\t\t\t\t\t\t\t\t\t<div class=\"swiper-slide\">\n\t\t\t\t\t\t\t\t\t<div class=\"elementor-carousel-image\" role=\"img\" aria-label=\"DSC03407\" style=\"background-image: url(&#039;https:\/\/sites.usp.br\/pmlog\/wp-content\/uploads\/sites\/1695\/2025\/07\/DSC03407-scaled.jpg&#039;)\">\n\n\t\t\t\n\t\t\t\t\t<\/div>\n\t\t\t\t\t\t\t\t<\/div>\n\t\t\t\t\t\t\t\t\t\t\t<div class=\"swiper-slide\">\n\t\t\t\t\t\t\t\t\t<div class=\"elementor-carousel-image\" role=\"img\" aria-label=\"DSC03431\" style=\"background-image: url(&#039;https:\/\/sites.usp.br\/pmlog\/wp-content\/uploads\/sites\/1695\/2025\/07\/DSC03431-scaled.jpg&#039;)\">\n\n\t\t\t\n\t\t\t\t\t<\/div>\n\t\t\t\t\t\t\t\t<\/div>\n\t\t\t\t\t\t\t\t\t<\/div>\n\t\t\t\t\t\t\t\t\t\t\t\t\t\t\t\t\t\t\t\t\t<\/div>\n\t\t<\/div>\n\t\t\t\t<\/div>\n\t\t\t\t<\/div>\n\t\t\t\t\t<\/div>\n\t\t<\/div>\n\t\t\t\t\t<\/div>\n\t\t<\/section>\n\t\t\t\t\t<\/div>\n\t\t<\/div>\n\t\t\t\t\t<\/div>\n\t\t<\/section>\n\t\t\t\t<\/div>\n\t\t","protected":false},"excerpt":{"rendered":"<p>Sobre o &#8220;Mestrado em Engenharia de Sistemas Log\u00edsticos &#8211; MLog\/POLI-USP&#8221; Criado em 2003, o Programa de Mestrado em Engenharia de Sistemas Log\u00edsticos da Universidade de S\u00e3o Paulo (USP) \u00e9 pioneiro e \u00fanico no pa\u00eds, com natureza multidisciplinar, sob a chancela da engenharia, uma forma\u00e7\u00e3o de p\u00f3s-gradua\u00e7\u00e3o stricto sensu com foco espec\u00edfico em log\u00edstica. O programa [&hellip;]<\/p>\n","protected":false},"author":22641,"featured_media":0,"parent":0,"menu_order":0,"comment_status":"closed","ping_status":"closed","template":"","meta":{"_monsterinsights_skip_tracking":false,"_monsterinsights_sitenote_active":false,"_monsterinsights_sitenote_note":"","_monsterinsights_sitenote_category":0,"footnotes":"","_links_to":"","_links_to_target":""},"class_list":["post-774","page","type-page","status-publish","hentry","entry"],"_links":{"self":[{"href":"https:\/\/sites.usp.br\/pmlog\/wp-json\/wp\/v2\/pages\/774","targetHints":{"allow":["GET"]}}],"collection":[{"href":"https:\/\/sites.usp.br\/pmlog\/wp-json\/wp\/v2\/pages"}],"about":[{"href":"https:\/\/sites.usp.br\/pmlog\/wp-json\/wp\/v2\/types\/page"}],"author":[{"embeddable":true,"href":"https:\/\/sites.usp.br\/pmlog\/wp-json\/wp\/v2\/users\/22641"}],"replies":[{"embeddable":true,"href":"https:\/\/sites.usp.br\/pmlog\/wp-json\/wp\/v2\/comments?post=774"}],"version-history":[{"count":5,"href":"https:\/\/sites.usp.br\/pmlog\/wp-json\/wp\/v2\/pages\/774\/revisions"}],"predecessor-version":[{"id":3876,"href":"https:\/\/sites.usp.br\/pmlog\/wp-json\/wp\/v2\/pages\/774\/revisions\/3876"}],"wp:attachment":[{"href":"https:\/\/sites.usp.br\/pmlog\/wp-json\/wp\/v2\/media?parent=774"}],"curies":[{"name":"wp","href":"https:\/\/api.w.org\/{rel}","templated":true}]}}