{"id":10338,"date":"2019-11-25T11:00:56","date_gmt":"2019-11-25T14:00:56","guid":{"rendered":"http:\/\/sites.usp.br\/podae\/?page_id=10338"},"modified":"2019-11-25T11:00:56","modified_gmt":"2019-11-25T14:00:56","slug":"19-abordagem-articular-empreendedorismo-e-a-capacitacao-profissional-estomatologia-editar","status":"publish","type":"page","link":"https:\/\/sites.usp.br\/podae\/?page_id=10338","title":{"rendered":"19 Abordagem Articular: Empreendedorismo e a Capacita\u00e7\u00e3o Profissional (Estomatologia) Editar |"},"content":{"rendered":"<address>\n<address><em><span style=\"color: #ff0000; font-size: 14px;\">\u2666 <em style=\"color: #000000; font-size: 14px;\"><strong>Suzie Aparecida de Lacerda <\/strong><\/em><span style=\"color: #ff0000;\"><strong><span style=\"font-size: 10px;\"><span style=\"color: #0000ff;\">&#8211; <\/span><a href=\"http:\/\/buscatextual.cnpq.br\/buscatextual\/email.do?metodo=apresentar&amp;seqIdPessoa=134549&amp;nomeDestinatario=Suzie_Aparecida_de_Lacerda\"><span style=\"color: #0000ff;\">E-mail<\/span><\/a> &#8211; <\/span><\/strong><\/span><\/span><\/em><em><span style=\"color: #ff0000; font-size: 14px;\"><span style=\"color: #ff0000;\"><strong><span style=\"font-size: 10px;\"><a href=\"http:\/\/buscatextual.cnpq.br\/buscatextual\/visualizacv.do?metodo=apresentar&amp;id=K4767062T2\"><span style=\"color: #0000ff;\">Curr\u00edculo Lattes<\/span><\/a><\/span><\/strong><\/span><\/span><\/em><em><span style=\"color: #ff0000; font-size: 14px;\"><span style=\"color: #ff0000;\"><strong><span style=\"font-size: 10px;\">\u00a0 <span style=\"color: #0000ff;\">&#8211; Informa\u00e7\u00f5es Adicionais\u00a0<\/span> <\/span><\/strong><\/span><\/span><\/em><\/address>\n<\/address>\n<hr \/>\n<hr \/>\n<address style=\"text-align: right;\"><strong><span style=\"font-size: 10px;\">p\u00e1gina 1<\/span><\/strong><\/address>\n<hr \/>\n<p style=\"text-align: justify;\"><span style=\"font-size: 10px;\"><span style=\"color: #ff0000; font-size: 10px;\"><span style=\"color: #ff0000; font-size: 14px;\">\u25ca<\/span><\/span> LACERDA, S. A. Abordagem Articular: Empreendedorismo e a Capacita\u00e7\u00e3o Profissional (Estomatologia). Encicl. Bras. Teleodontol., Volume 2 (<strong><a style=\"color: #0000ff;\" href=\"http:\/\/sites.usp.br\/ebt\/forp-a-d-encl-bras-teleodontol\/a\/\">S\u00e9rie A<\/a><\/strong>): p\u00e1gina 1, setembro, <\/span><span style=\"font-size: 10px;\"> 2011, ISSN 2448-1181<\/span><\/p>\n<hr \/>\n<p style=\"text-align: justify;\"><span style=\"font-family: Arial;\"><strong>Abordagem Articular <\/strong>\u00e9 foco do<strong>\u00a0 Empreendedorismo <\/strong>e a<strong> Capacita\u00e7\u00e3o Profissional <\/strong>(<strong>Estomatologia<\/strong>).<\/span><\/p>\n<p style=\"text-align: justify;\"><span style=\"font-family: Arial;\">Empreendedorismo e a Capacita\u00e7\u00e3o Profissional (Estomatologia) estimula a a participa\u00e7\u00e3o efetiva <strong>c<\/strong>ontribuindo com as pesquisa na \u00e1rea da Sa\u00fade Bucal com a\u00e7\u00f5es educacionais junto ao <strong> Centro de Atendimento Especializado em Diagn\u00f3stico Oral<\/strong> (<span style=\"color: #0000ff;\"><strong><a style=\"color: #0000ff;\" href=\"http:\/\/dgp.cnpq.br\/dgp\/espelhogrupo\/8539124714161383\">CAEDO<\/a><\/strong><\/span>) da<strong> Faculdade de Odontologia de Ribeir\u00e3o Preto <\/strong>(<span style=\"color: #0000ff;\"><strong><a style=\"color: #0000ff;\" href=\"http:\/\/www.forp.usp.br\/\">FORP<\/a><\/strong><\/span>) da<strong> Universidade de S\u00e3o Paulo <\/strong>(<span style=\"color: #0000ff;\"><strong><a style=\"color: #0000ff;\" href=\"http:\/\/www5.usp.br\/\">USP<\/a><\/strong><\/span>)<strong>.<\/strong><\/span><\/p>\n<p style=\"text-align: justify;\"><span style=\"font-family: Arial;\">Neste s\u00e9culo XXI de inova\u00e7\u00e3o educacional a a\u00e7\u00e3o de &#8220;<strong>Educar&#8221;<\/strong> \u00e9 cont\u00ednua objetivando &#8220;<strong>Ensinar com Atividades Cl\u00ednicas&#8221;<\/strong>. As a\u00e7\u00f5es docentes contribui para a <\/span><span style=\"font-family: Arial;\"><strong>Gest\u00e3o Educadora<\/strong> que estimula as compet\u00eancias educacional (<strong>Ambiente Colaborativo de Aprendizagem) <\/strong>no Ensino Superior (Odontologia &#8211; Estomatologia) com a\u00e7\u00f5es no di\u00e1logo profissional (aluno futuro profissional da \u00e1rea da sa\u00fade)<\/span><\/p>\n<p style=\"text-align: justify;\"><span style=\"font-family: Arial;\"><strong>Arte de Educar <\/strong>(<strong>Atividade de Primeiro Encontro<\/strong>) incentiva (<strong>Aprendizagem Significativa<\/strong>) e conduz o <strong>Modelo de Gest\u00e3o <\/strong>em<strong> Educa\u00e7\u00e3o <\/strong>(<strong>Odontologia)<\/strong>, obedecendo as orienta\u00e7\u00f5es do<strong> Conselho Federal de Odontologia<\/strong> &#8211; <strong><span style=\"color: #0000ff;\"><a href=\"http:\/\/cfo.org.br\/\"><span style=\"color: #0000ff;\">CFO<\/span><\/a><\/span><\/strong>). <strong>Educar <\/strong>(<strong>Qualidade do Ensino<\/strong>) promove as descobertas educacionais (cognitivo, psicomotor, \u00e9tico e reflex\u00e3o cr\u00edtica) e incentiva a colabora\u00e7\u00e3o (<strong>Educa\u00e7\u00e3o Participativa<\/strong>). M<\/span><span style=\"font-family: Arial;\">otivar, facilitar e despertar conduzem para <strong>Educa\u00e7\u00e3o Transformadora<\/strong>, transcendendo a Literatura Educacional das &#8220;Classifica\u00e7\u00f5es das Doen\u00e7as&#8221; <span style=\"color: #0000ff;\"><span style=\"color: #000000;\">e as orienta\u00e7\u00f5es das condutas e procedimentos em Odontologia [<\/span><\/span><strong><span style=\"color: #0000ff;\"><a style=\"color: #0000ff;\" href=\"http:\/\/www.who.int\/en\/\">4<\/a><\/span><\/strong>]. <\/span><\/p>\n<p style=\"text-align: justify;\"><span style=\"font-family: Arial;\"><strong>Arte de Educar<\/strong> est\u00e1 intimamente associada a <\/span><strong style=\"font-family: Arial;\">Gest\u00e3o em Estrat\u00e9gia Educacional<\/strong><span style=\"font-family: Arial;\">, inicia-se muito antes das contextualiza\u00e7\u00e3o e <\/span><span style=\"font-family: Arial;\">implanta\u00e7\u00e3o do <strong>Projeto Pol\u00edtico Pedag\u00f3gico <\/strong>(<strong>PPP<\/strong>). Em Odontologia a &#8220;<strong>Arte de Educar<\/strong>&#8221; \u00e9 o motor propulsor: &#8220;<em>Saber de Qualidade<\/em>&#8221; (<strong>BRASIL<\/strong>, <span style=\"text-decoration: underline;\"><span style=\"color: #0000ff;\"><strong><a style=\"color: #0000ff; text-decoration: underline;\" href=\"http:\/\/emec.mec.gov.br\/emec\/consulta-cadastro\/detalhamento\/d96957f455f6405d14c6542552b0f6eb\/NTU=\">Site do MEC<\/a><\/strong><\/span><\/span>). <strong>Arte de Educar<\/strong> \u00e9 foco em a\u00e7\u00f5es (formativa e assertiva), d<\/span><span style=\"font-family: Arial;\">esperta e auxilia o Ensino Superior com avalia\u00e7\u00f5es peri\u00f3dicas (<span style=\"color: #0000ff;\"><strong><a style=\"color: #0000ff;\" href=\"http:\/\/emec.mec.gov.br\/modulos\/visao_comum\/php\/login\/comum_login.php?691ba69561e311dd66adaae89947c631=YWJhX2F2YWxpYWRvcg==\">emec-Avaliador<\/a><\/strong><\/span>) associados aos processos comportamentais do Educando (&#8220;<em>desejo e vontade de aprender<\/em>&#8220;<\/span><span style=\"font-family: Arial;\">) com apoio das ferramentas virtuais facilitadoras (<strong><span style=\"color: #0000ff;\"><a style=\"color: #0000ff;\" href=\"http:\/\/www5.usp.br\/\">USP<\/a><\/span><\/strong> &#8211; <a href=\"https:\/\/uspdigital.usp.br\/jupiterweb\/listarGradeCurricular?codcg=58&amp;codcur=58012&amp;codhab=0&amp;tipo=N\"><strong><span style=\"color: #0000ff;\">FORP<\/span><\/strong><\/a> &#8211; <span style=\"color: #0000ff;\"><strong><a style=\"color: #0000ff;\" href=\"http:\/\/sites.usp.br\/podae\/\">PODAE<\/a><\/strong><\/span> &#8211; <strong><span style=\"color: #0000ff;\"><a style=\"color: #0000ff;\" href=\"http:\/\/sites.usp.br\/LACIRO\/\">Laciro<\/a><\/span><\/strong>), Diretrizes Educacionais (<strong>BRASIL<\/strong>, 1996, 2002) estabelecidas pelo <strong>Minist\u00e9rio da Educa\u00e7\u00e3o<\/strong> (<span style=\"color: #0000ff;\"><strong><a style=\"color: #0000ff;\" href=\"http:\/\/portal.mec.gov.br\/\">MEC<\/a><\/strong><\/span>) e <strong>Sistema Nacional de Avalia\u00e7\u00e3o da Educa\u00e7\u00e3o Superior<\/strong> (<span style=\"color: #0000ff;\"><strong><a href=\"http:\/\/sites.usp.br\/ebt\/wp-content\/uploads\/sites\/44\/2014\/11\/Lei_10861_2004_SINAES.pdf\"><span style=\"color: #0000ff;\">SINAES<\/span><\/a><\/strong><\/span>, <\/span><span style=\"font-family: Arial; line-height: 1.5;\">2004) atuando na globaliza\u00e7\u00e3o e divulga\u00e7\u00e3o da ci\u00eancia (<a href=\"https:\/\/www.researchgate.net\/institution\/University_of_Sao_Paulo\">&#8220;<em><strong><span style=\"color: #0000ff;\">USP &#8211; &#8220;Top Institutions<\/span><\/strong><\/em>&#8220;<\/a>).<br \/>\n<\/span><\/p>\n<hr \/>\n<div align=\"justify\">\n<div align=\"justify\">\n<div align=\"justify\"><span style=\"font-size: 12px;\"><em><strong><span style=\"text-decoration: underline;\">REFER\u00caNCIAS<\/span><\/strong><\/em><\/span><\/div>\n<div style=\"font-size: 12px;\" align=\"justify\">\n<div align=\"justify\"><span style=\"font-size: 12px;\">1.<\/span><span style=\"font-size: 12px;\"> LACERDA, S. A. et al. Intraosseous schwannoma of mandibular symphysis: case report. Braz. Dent. J. 17(3): 255-258, 2006. [<strong><span style=\"color: #0000ff;\"><a style=\"color: #0000ff;\" href=\"http:\/\/www.scielo.br\/pdf\/bdj\/v17n3\/v17n03a15.pdf\">PDF<\/a><\/span><\/strong>]<br \/>\n<\/span><\/div>\n<div align=\"justify\">2. LACERDA, S. A. et al. Bone quaility associated with daily intake of coffee: a biochemical, radiographhistometrcic and study. Braz. Dent. J., 21(3):199-204, 2010. [<span style=\"color: #0000ff;\"><a style=\"color: #0000ff;\" href=\"http:\/\/www.scielo.br\/pdf\/bdj\/v21n3\/v21n3a04.pdf\">PDF<\/a><\/span>]<\/div>\n<div style=\"text-align: justify;\" align=\"justify\"><span style=\"font-size: 12px;\">3. <span style=\"color: #0000ff;\"><span style=\"color: #ff0000; font-size: 12px;\"><span style=\"color: #000000;\">ROZENDO, C.A.; CASAGRANDE, L.D.R.; SCHNEIDER, J.F.;\u00a0 PARDINI.L.C. Uma an\u00e1lise das pr\u00e1ticas docentes de professores universit\u00e1rios da \u00e1rea de sa\u00fade. Rev. latino-am.enfermagem, Ribeir\u00e3o Preto, 7( 2): 15-23, abril 1999. [<strong><a style=\"color: #0000ff;\" href=\"http:\/\/www.scielo.br\/scielo.php?script=sci_arttext&amp;pid=S0104-11691999000200003&amp;lng=pt&amp;nrm=iso\">LINK<\/a><\/strong>].<\/span><\/span><\/span><br \/>\n<\/span><\/div>\n<div style=\"text-align: justify;\" align=\"justify\"><span style=\"font-size: 12px;\">4. <\/span><span style=\"font-size: 12px;\">World Health Organization: International Statistical Classification of Diseases and Related Health Problems, Tenth Revision Instruction Manual. Geneva, World Health Organization, 2004. [<span style=\"color: #0000ff;\"><strong><a style=\"color: #0000ff;\" href=\"http:\/\/sites.usp.br\/ebt\/wp-content\/uploads\/sites\/44\/2014\/11\/ICD10-2010.pdf\">ICD<\/a><\/strong><\/span>].<\/span><\/div>\n<\/div>\n<\/div>\n<\/div>\n<div align=\"justify\">\n<div align=\"justify\">\n<div style=\"text-align: center;\" align=\"justify\">\n<address style=\"text-align: right;\">\n<hr \/>\n<hr \/>\n<\/address>\n<\/div>\n<\/div>\n<div style=\"text-align: left;\" align=\"center\">\n<div style=\"text-align: center;\" align=\"center\">\n<div align=\"justify\">\n<p><span style=\"font-size: 10px;\"><strong><span style=\"color: #ff0000;\"><em><span style=\"color: #ff0000; font-size: 14px;\">\u25ca <\/span><\/em><\/span>Centro de Atendimento Especializado em Diagn\u00f3stico Oral (<span style=\"color: #0000ff;\"><a style=\"color: #0000ff;\" href=\"http:\/\/dgp.cnpq.br\/dgp\/espelhogrupo\/8539124714161383\">CAEDO<\/a><\/span>). Respons\u00e1vel a<em>t\u00e9 a presente data: <\/em>Profa. Dra Suzie Aparecida de Lacerda . Universidade de S\u00e3o Paulo (<span style=\"color: #0000ff;\"><a style=\"color: #0000ff;\" href=\"http:\/\/www5.usp.br\/\">USP<\/a><\/span>), Faculdade de Odontologia de Ribeir\u00e3o Preto (<span style=\"color: #0000ff;\"><a style=\"color: #0000ff;\" href=\"http:\/\/www.forp.usp.br\/\">FORP<\/a><span style=\"color: #000000;\">)<\/span><\/span><br \/>\n<\/strong><\/span><\/p>\n<hr \/>\n<p><span style=\"font-size: 10px;\"><strong><span style=\"text-decoration: underline;\">Recebido<\/span> 2\/1\/2011 &#8211;\u00a0<span style=\"color: #0000ff;\"><a style=\"color: #0000ff;\" href=\"http:\/\/sites.usp.br\/ebt\/forp-expediente-encicl-bras-teleodontol\/parecerista-relator-consultor-avaliador\/\">Parecerista<\/a> 2<\/span>\/1\/2011 &#8211; Reformulado 2\/1\/2011 &#8211;\u00a0<span style=\"text-decoration: underline;\">Publicado<\/span> 5\/5\/2011 &#8211; Enciclop\u00e9dia Brasileira de Teleodontologia<\/strong><br \/>\n<\/span><\/p>\n<\/div>\n<\/div>\n<hr \/>\n<\/div>\n<address style=\"text-align: right;\">\u00a0<\/address>\n<\/div>\n<p>&nbsp;<\/p>\n","protected":false},"excerpt":{"rendered":"<p>\u2666 Suzie Aparecida de Lacerda &#8211; E-mail &#8211; Curr\u00edculo Lattes\u00a0 &#8211; Informa\u00e7\u00f5es Adicionais\u00a0 p\u00e1gina 1 [&hellip;]<\/p>\n","protected":false},"author":58,"featured_media":0,"parent":5582,"menu_order":0,"comment_status":"closed","ping_status":"closed","template":"","meta":{"footnotes":"","_links_to":"","_links_to_target":""},"class_list":["post-10338","page","type-page","status-publish","hentry"],"_links":{"self":[{"href":"https:\/\/sites.usp.br\/podae\/index.php?rest_route=\/wp\/v2\/pages\/10338","targetHints":{"allow":["GET"]}}],"collection":[{"href":"https:\/\/sites.usp.br\/podae\/index.php?rest_route=\/wp\/v2\/pages"}],"about":[{"href":"https:\/\/sites.usp.br\/podae\/index.php?rest_route=\/wp\/v2\/types\/page"}],"author":[{"embeddable":true,"href":"https:\/\/sites.usp.br\/podae\/index.php?rest_route=\/wp\/v2\/users\/58"}],"replies":[{"embeddable":true,"href":"https:\/\/sites.usp.br\/podae\/index.php?rest_route=%2Fwp%2Fv2%2Fcomments&post=10338"}],"version-history":[{"count":1,"href":"https:\/\/sites.usp.br\/podae\/index.php?rest_route=\/wp\/v2\/pages\/10338\/revisions"}],"predecessor-version":[{"id":10339,"href":"https:\/\/sites.usp.br\/podae\/index.php?rest_route=\/wp\/v2\/pages\/10338\/revisions\/10339"}],"up":[{"embeddable":true,"href":"https:\/\/sites.usp.br\/podae\/index.php?rest_route=\/wp\/v2\/pages\/5582"}],"wp:attachment":[{"href":"https:\/\/sites.usp.br\/podae\/index.php?rest_route=%2Fwp%2Fv2%2Fmedia&parent=10338"}],"curies":[{"name":"wp","href":"https:\/\/api.w.org\/{rel}","templated":true}]}}