{"id":10340,"date":"2019-11-25T11:01:46","date_gmt":"2019-11-25T14:01:46","guid":{"rendered":"http:\/\/sites.usp.br\/podae\/?page_id=10340"},"modified":"2019-11-25T11:01:46","modified_gmt":"2019-11-25T14:01:46","slug":"20-abordagem-articular-estudo-e-pesquisa-dentistica-restauradora-consideracoes","status":"publish","type":"page","link":"https:\/\/sites.usp.br\/podae\/?page_id=10340","title":{"rendered":"20 Abordagem Articular: Estudo e Pesquisa (Dent\u00edstica Restauradora): Considera\u00e7\u00f5es"},"content":{"rendered":"<address><em><span style=\"color: #ff0000; font-size: 14px;\"><em>\u2666\u00a0<\/em><\/span><\/em><span style=\"color: #ff0000;\"><span style=\"color: #ff0000;\"><span style=\"font-size: 10px;\"><strong><span style=\"color: #0000ff;\"><em><span style=\"color: #ff0000;\"><em><strong><span style=\"color: #000000; font-size: 14px;\">Luis Henrique de Camargo Thom\u00e9 &#8211;<\/span><\/strong><\/em><\/span><\/em> <\/span><\/strong><\/span><\/span><\/span><span style=\"font-size: 10px;\"><strong><span style=\"color: #0000ff;\"><span style=\"color: #ff0000;\"><span style=\"font-size: 10px;\"><span style=\"color: #000000;\"><span style=\"color: #0000ff;\"><a style=\"color: #0000ff;\" href=\"http:\/\/buscatextual.cnpq.br\/buscatextual\/email.do?metodo=apresentar&amp;seqIdPessoa=550131&amp;nomeDestinatario=Luis_Henrique_de_Camargo_Thom\u00e9\">E-mail<\/a><\/span><\/span><\/span><\/span><\/span><span style=\"color: #0000ff;\"><span style=\"color: #ff0000;\"><strong><span style=\"font-size: 10px;\"><span style=\"color: #000000;\">\u00a0<span style=\"color: #ff0000;\"><span style=\"color: #ff0000;\"><span style=\"font-size: 10px;\"><strong><span style=\"color: #0000ff;\"><em><span style=\"color: #ff0000;\"><em><strong><span style=\"color: #000000; font-size: 14px;\">&#8211;<\/span><\/strong><\/em><\/span><\/em> <\/span><\/strong><\/span><\/span><\/span> <\/span><span style=\"color: #0000ff;\"><a style=\"color: #0000ff;\" href=\"http:\/\/lattes.cnpq.br\/5410198513403116\">Curr\u00edculo Lattes<\/a><\/span><span style=\"color: #000000;\"> <span style=\"color: #ff0000;\"><span style=\"color: #ff0000;\"><span style=\"font-size: 10px;\"><strong><span style=\"color: #0000ff;\"><em><span style=\"color: #ff0000;\"><em><strong><span style=\"color: #000000; font-size: 14px;\">&#8211;<\/span><\/strong><\/em><\/span><\/em>\u00a0<\/span><\/strong><\/span><\/span><\/span><\/span><span style=\"color: #0000ff;\"><span style=\"color: #0000ff;\"><span style=\"color: #000000;\"><span style=\"color: #ff0000;\"><span style=\"color: #ff0000;\"><span style=\"font-size: 10px;\"><strong><span style=\"color: #0000ff;\">\u00a0<\/span><\/strong><\/span><\/span><\/span><\/span><\/span><\/span><\/span><\/strong><\/span> <\/span><\/strong><\/span><\/address>\n<hr \/>\n<hr \/>\n<address style=\"text-align: right;\"><strong><span style=\"font-size: 10px;\">p\u00e1gina 1<\/span><\/strong><\/address>\n<hr \/>\n<p style=\"text-align: justify;\"><span style=\"font-size: 10px;\">THOM\u00c9, L.H.C. Abordagem Articular: Estudo e Pesquisa (Dent\u00edstica Restauradora): Considera\u00e7\u00f5es. Encicl. Bras. Teleodontol., Volume 1 (<span style=\"color: #0000ff;\"><strong><a style=\"color: #0000ff;\" href=\"http:\/\/sites.usp.br\/ebt\/forp-a-d-encl-bras-teleodontol\/a\/\">S\u00e9rie A<\/a><\/strong><\/span>): p\u00e1gina 1, joutubro, <\/span><span style=\"font-size: 10px;\"> 2011. ISSN 2448-1181<\/span><\/p>\n<hr \/>\n<p style=\"text-align: justify;\"><span style=\"font-family: Arial;\"><strong>Abordagem Educacional <\/strong>em Odontologia, no Curso de Gradua\u00e7\u00e3o (FORP \/ USP) contempla os conte\u00fados program\u00e1ticos (Grade Curricular) objetivando capacitar o Educando (futuro cirurgi\u00e3o-dentista) em atividades com temas relacionados \u00e0s atividades te\u00f3ricas e pr\u00e1ticas (laborat\u00f3rio \/ cl\u00ednica) atuando de forma cr\u00edtica e reflexiva com a\u00e7\u00f5es educacionais para o conhecimento t\u00e9cnico e cient\u00edfico na \u00e1rea da Odontologia Restauradora [<span style=\"color: #0000ff;\"><a style=\"color: #0000ff;\" href=\"http:\/\/sites.usp.br\/ebt\/wp-content\/uploads\/sites\/44\/2014\/11\/Lei_9.394.pdf\"><strong>1<\/strong><\/a><\/span>,<strong><span style=\"color: #0000ff;\"><a style=\"color: #0000ff;\" href=\"http:\/\/sites.usp.br\/ebt\/wp-content\/uploads\/sites\/44\/2014\/11\/Resolu\u00e7\u00e3o-19-02-2002.pdf\">2<\/a><\/span><\/strong>]. <\/span><\/p>\n<p style=\"text-align: justify;\"><span style=\"font-family: Arial;\"><strong>Abordagem Educacional <\/strong>deve ser ampliada e motivada para o Educando (aluno \/ aprendiz) empenhar-se na busca constante dos conhecimentos atualizados (Estudo Pessoal) em Livros e peri\u00f3dicos cient\u00edficos.<\/span><\/p>\n<p style=\"text-align: justify;\"><span style=\"font-family: Arial;\"><strong> Abordagem Educacional<\/strong> deve despertar o interesse e associa-se com as atividades do <strong>Ensino a Dist\u00e2ncia<\/strong> (<strong>EaD<\/strong>) como complemento das informa\u00e7\u00f5es de sala de aula (Ensino Presencial). <\/span><\/p>\n<p style=\"text-align: justify;\"><span style=\"font-family: Arial;\"><strong>Abordagem Educacional<\/strong> (EaD) em Odontologia Restauradora em Pesquisa (3,4) deve estar associado com as a\u00e7\u00f5es facilitadoras para 0o ampliar o Estudo Pessoal de Qualidade do Educando com acessibilidade na Videoteca (<strong><span style=\"color: #0000ff;\"><a style=\"color: #0000ff;\" href=\"http:\/\/iptv.usp.br\/portal\/search.action?idFilter=13359&amp;filterType=201\">IPTV\/USP<\/a><\/span><\/strong>) e na Aula Online <strong><span style=\"color: #0000ff;\"><a style=\"color: #0000ff;\" href=\"http:\/\/eaulas.usp.br\/portal\/home\"><em>e<\/em>-Aula\/USP<\/a><\/span><\/strong>).<\/span><\/p>\n<hr \/>\n<div align=\"justify\">\n<div align=\"justify\">\n<div align=\"justify\">\n<div align=\"justify\">\n<div align=\"justify\">\n<div align=\"justify\">\n<div align=\"justify\"><span style=\"font-size: 12px;\"><em><strong><span style=\"text-decoration: underline;\">REFER\u00caNCIAS<\/span><\/strong><\/em><\/span><\/div>\n<div style=\"font-size: 12px;\" align=\"justify\">\n<div align=\"justify\"><span style=\"font-size: 12px;\">1.<\/span><span style=\"font-size: 14px;\"> BRASIL &#8211; Diretrizes e Bases da Educa\u00e7\u00e3o Nacional, 1996. [<span style=\"color: #0000ff;\"><strong><a style=\"color: #0000ff;\" href=\"http:\/\/sites.usp.br\/ebt\/wp-content\/uploads\/sites\/44\/2014\/11\/Lei_9.394.pdf\">Lei 9.394<\/a><\/strong><\/span>]<\/span><\/div>\n<div align=\"justify\">2. BRASIL &#8211; Regula o Exerc\u00edcio da Odontologia. Lei n\u00ba 5.081 de 24\/08\/1966. Di\u00e1rio Oficial, Se\u00e7\u00e3o I. Parte I, 26\/08\/1966. [<strong><span style=\"color: #0000ff;\"><a style=\"color: #0000ff;\" href=\"http:\/\/www.planalto.gov.br\/ccivil_03\/leis\/L5081.htm\">Lei n\u00ba 5.081<\/a><\/span><\/strong>]<\/div>\n<div align=\"justify\"><span style=\"font-size: 12px;\">3. BRASIL &#8211; Diretrizes Curriculares Nacionais do Curso de Gradua\u00e7\u00e3o em Odontologia, 2002. [<span style=\"color: #0000ff;\"><strong><a style=\"color: #0000ff;\" href=\"http:\/\/sites.usp.br\/ebt\/wp-content\/uploads\/sites\/44\/2014\/11\/Resolu\u00e7\u00e3o-19-02-2002.pdf\">Resolu\u00e7\u00e3o CNE\/CES 3<\/a><\/strong><\/span>].<\/span><\/div>\n<div align=\"justify\"><span style=\"font-size: 12px;\">4. THOM\u00c9, L.H.C.. An\u00e1lise comparativa da resist\u00eancia \u00e0 abras\u00e3o, entre os materiais Resina Composta Fotopolimeriz\u00e1vel para dentes posteriores, e o Am\u00e1lgama. Disserta\u00e7\u00e3o de Mestrado em Odontologia (Pr\u00f3tese-Buco-Maxilo Facial), 1989. [Orientador: Prof Dr. Geraldo Maia Campos]<\/span><\/div>\n<div align=\"justify\"><span style=\"font-size: 12px;\">5. THOM\u00c9, L. H. C.. Avalia\u00e7\u00e3o da microinfiltra\u00e7\u00e3o marginal de restaura\u00e7\u00f5es classe II com margem cervical em cemento\/dentina empregando diferentes materiais restauradores, Doutorado em Odontologia (Dent\u00edstica),2002. [Orientador: Prof Dr. Edmir Matson].<\/span><span style=\"font-size: 12px;\"><br \/>\n<\/span><\/div>\n<div style=\"text-align: justify;\" align=\"justify\">\n<div style=\"text-align: center;\" align=\"justify\">\n<address style=\"text-align: right;\">\n<hr \/>\n<hr \/>\n<\/address>\n<\/div>\n<\/div>\n<\/div>\n<\/div>\n<\/div>\n<\/div>\n<\/div>\n<\/div>\n<\/div>\n<div style=\"text-align: left;\" align=\"center\">\n<div style=\"text-align: center;\" align=\"center\">\n<div align=\"justify\"><span style=\"font-size: 10px;\"><strong><span style=\"text-decoration: underline;\">Recebido<\/span>:<\/strong>\u00a0 9\/9\/2011 &#8211; \u00a0<strong><span style=\"text-decoration: underline;\">Publicado<\/span>:<\/strong> 01\/10\/2011 &#8211; Enciclop\u00e9dia Brasileira de Teleodontologia &#8211; ISSN 2448-1181<br \/>\n<\/span><\/div>\n<\/div>\n<hr \/>\n<\/div>\n<address>\u00a0<\/address>\n","protected":false},"excerpt":{"rendered":"<p>\u2666\u00a0Luis Henrique de Camargo Thom\u00e9 &#8211; E-mail\u00a0&#8211; Curr\u00edculo Lattes &#8211;\u00a0\u00a0 p\u00e1gina 1 THOM\u00c9, L.H.C. Abordagem [&hellip;]<\/p>\n","protected":false},"author":58,"featured_media":0,"parent":5582,"menu_order":0,"comment_status":"closed","ping_status":"closed","template":"","meta":{"footnotes":"","_links_to":"","_links_to_target":""},"class_list":["post-10340","page","type-page","status-publish","hentry"],"_links":{"self":[{"href":"https:\/\/sites.usp.br\/podae\/index.php?rest_route=\/wp\/v2\/pages\/10340","targetHints":{"allow":["GET"]}}],"collection":[{"href":"https:\/\/sites.usp.br\/podae\/index.php?rest_route=\/wp\/v2\/pages"}],"about":[{"href":"https:\/\/sites.usp.br\/podae\/index.php?rest_route=\/wp\/v2\/types\/page"}],"author":[{"embeddable":true,"href":"https:\/\/sites.usp.br\/podae\/index.php?rest_route=\/wp\/v2\/users\/58"}],"replies":[{"embeddable":true,"href":"https:\/\/sites.usp.br\/podae\/index.php?rest_route=%2Fwp%2Fv2%2Fcomments&post=10340"}],"version-history":[{"count":1,"href":"https:\/\/sites.usp.br\/podae\/index.php?rest_route=\/wp\/v2\/pages\/10340\/revisions"}],"predecessor-version":[{"id":10341,"href":"https:\/\/sites.usp.br\/podae\/index.php?rest_route=\/wp\/v2\/pages\/10340\/revisions\/10341"}],"up":[{"embeddable":true,"href":"https:\/\/sites.usp.br\/podae\/index.php?rest_route=\/wp\/v2\/pages\/5582"}],"wp:attachment":[{"href":"https:\/\/sites.usp.br\/podae\/index.php?rest_route=%2Fwp%2Fv2%2Fmedia&parent=10340"}],"curies":[{"name":"wp","href":"https:\/\/api.w.org\/{rel}","templated":true}]}}