{"id":10346,"date":"2019-11-25T11:04:22","date_gmt":"2019-11-25T14:04:22","guid":{"rendered":"http:\/\/sites.usp.br\/podae\/?page_id=10346"},"modified":"2019-11-25T11:04:22","modified_gmt":"2019-11-25T14:04:22","slug":"23-abordagem-articular-materiais-odontologicos-laboratorio-de-biomateriais","status":"publish","type":"page","link":"https:\/\/sites.usp.br\/podae\/?page_id=10346","title":{"rendered":"23 Abordagem Articular: Materiais Odontol\u00f3gicos \u2013 Laborat\u00f3rio de Biomateriais"},"content":{"rendered":"<p><em><span style=\"color: #ff0000; font-size: 14px;\"><em>\u2666 <\/em><\/span><\/em><span style=\"color: #ff0000;\"><span style=\"color: #000000; font-size: 14px;\"><em><strong><span class=\"\">Fernanda de Carvalho Panzeri Pires-de-Souza<\/span> <\/strong><\/em><\/span><\/span><span style=\"color: #ff0000;\"><strong><span style=\"font-size: 10px;\"><span style=\"color: #0000ff;\"><span style=\"color: #0000ff;\">&#8211;\u00a0<a style=\"color: #0000ff;\" href=\"http:\/\/buscatextual.cnpq.br\/buscatextual\/email.do?metodo=apresentar&amp;seqIdPessoa=409649&amp;nomeDestinatario=Fernanda_de_Carvalho_Panzeri_Pires-de-Souza\">Email<\/a> &#8211; <a style=\"color: #0000ff;\" href=\"http:\/\/lattes.cnpq.br\/5000638498655119\">Curr\u00edculo Lattes<\/a> &#8211; <\/span><a href=\"http:\/\/sites.usp.br\/ebt\/forp-expediente-encicl-bras-teleodontol\/parecerista-relator-consultor-avaliador\/fernanda-de-carvalho-panzeri-pires-de-souza\/\">Informa\u00e7\u00f5es Adicionais<\/a><\/span><\/span><\/strong><\/span><span style=\"color: #0000ff;\"><span style=\"font-size: 10px;\"><strong><span style=\"font-size: 10px;\"><strong><br \/>\n<\/strong><\/span><\/strong><\/span><\/span><\/p>\n<hr \/>\n<hr \/>\n<address style=\"text-align: right;\"><strong><span style=\"font-size: 10px;\">p\u00e1gina 11<\/span><\/strong><\/address>\n<hr \/>\n<p style=\"text-align: justify;\"><span style=\"font-size: 10px;\"><span style=\"color: #000000; font-family: Arial;\"><span style=\"font-size: 12px; line-height: 18px;\">\u00a0PIRES-DE-SOUZA, F.C. Abordagem Articular: Materiais Odontol\u00f3gicos &#8211; Laborat\u00f3rio de Biomateriais. Encicl. Bras. Teleodontol., volume 1, Fasc\u00edculo (<a href=\"http:\/\/sites.usp.br\/ebt\/forp-a-d-encl-bras-teleodontol\/a\/\">S<strong><span style=\"color: #0000ff;\">\u00e9rie A<\/span><\/strong><\/a>): p\u00e1gina 11, novembro, 2011. ISSN 2448-1181.<\/span><\/span><\/span><strong><span style=\"font-size: 10px;\"><br \/>\n<\/span><\/strong><\/p>\n<hr \/>\n<p style=\"text-align: justify;\"><span style=\"font-family: Arial;\">A Odontologia \u00e9 uma ci\u00eancia din\u00e2mica que vem acompanhando os anseios da sociedade e ao avan\u00e7o da Odontologia com destaque para os Materiais Odontol\u00f3gicos.<\/span><\/p>\n<p style=\"text-align: justify;\"><span style=\"font-family: Arial;\">Os avan\u00e7os dos conhecimentos dos Materiais Odontol\u00f3gicos t\u00eam surgido no mercado s\u00e3o necess\u00e1rios pesquisa laboatgroarias e estudos cl\u00ednicos esabelecendo profundas descobertas sobres as propriedades dos\u00a0Materiais Odontol\u00f3gicos.<\/span><\/p>\n<p style=\"text-align: justify;\"><span style=\"font-family: Arial;\">Na Universidade de S\u00e3o Paulo (USP), a Faculdade de Odontologia de Ribeir\u00e3o Preto (FORP) possui o Grupo de Pesquisa denominado &#8220;<strong>Laborat\u00f3rio de An\u00e1lise de Biomateriais&#8221;<\/strong> (<strong><span style=\"color: #0000ff;\"><a style=\"color: #0000ff;\" href=\"http:\/\/dgp.cnpq.br\/dgp\/espelhogrupo\/6453615543447962\">LaABio<\/a><\/span><\/strong>) desde 2005.<\/span><\/p>\n<p style=\"text-align: justify;\"><span style=\"font-family: Arial;\"><span style=\"color: #0000ff;\"><strong><a style=\"color: #0000ff;\" href=\"http:\/\/dgp.cnpq.br\/dgp\/espelhogrupo\/6453615543447962\">LaABio<\/a><\/strong><\/span>\u00a0\u00e9 composto por equipe de docentes (pesquisadores), alunos de Programa de P\u00f3s-Gradua\u00e7\u00e3o e alunos de Gradua\u00e7\u00e3o \u00a0(Inicia\u00e7\u00e3o Cient\u00edfica) e funcion\u00e1rios especializados [1,2,3].<\/span><\/p>\n<p style=\"text-align: justify;\"><span style=\"font-family: Arial;\">A miss\u00e3o da Equipe do <strong><a style=\"color: #0000ff;\" href=\"http:\/\/dgp.cnpq.br\/dgp\/espelhogrupo\/6453615543447962\">LaABio<\/a>\u00a0<\/strong>\u00e9 aprofundar os conhecimentos sobre os Materiais Odontol\u00f3gicos atualmente presente nas atividades de consult\u00f3rio odontol\u00f3gicos e no desenvolvimento de novas classes de materiais em busca do material reabilitador ideal.<\/span><\/p>\n<p style=\"text-align: justify;\"><span style=\"font-family: Arial;\">Atualmente, neste s\u00e9culo XXI, os desenvolvimentos t\u00e9cnicos e cient\u00edficos sobre os Materiais Odontol\u00f3gicos contribuindo para manter e ampliar para ampliar a Sa\u00fade Bucal.<\/span><\/p>\n<hr \/>\n<div align=\"justify\"><span style=\"font-size: 12px;\"><em><strong><span style=\"text-decoration: underline;\">REFER\u00caNCIAS<\/span><\/strong><\/em><\/span><\/div>\n<div style=\"font-size: 12px;\" align=\"justify\">\n<div align=\"justify\"><span style=\"font-size: 12px;\"><span style=\"color: #0000ff;\">1. <span style=\"color: #ff0000; font-size: 12px;\"><span style=\"color: #000000;\">CAMPOS, A.A.; PIRES-DE-SOUZA, F.C.P.; GUGELMIN, M.C.M.S.; OLIVEIRA, L.M.; <strong><span style=\"text-decoration: underline;\"><span style=\"font-family: Arial;\">PARDINI, L.C<\/span><\/span><\/strong>.; CASAGRANDE,<\/span> <span style=\"color: #000000;\">L.D.R. Curr\u00edculos de graduaci\u00f3n en Odontolog\u00eda: generalistas versus especialistas. Revista Fola Oral, Argentina, 4(13): 170-173, 1998. [Impresso].<\/span><\/span><br \/>\n<\/span><\/span><\/div>\n<div align=\"justify\">2. \u00a0CAMARINHA, S.M.L.B.; PARDINI, L.C.; GARCIA, L.F.R.; CONSANI, S.; PIRES-DE-SOUZA, F.C.P.Cast metal core adaptation using two impression materials and intracanal techniques. Brazilian Journal of Oral Sciences (Impresso), v.8:128-131, 2009 [<strong><span style=\"color: #0000ff;\"><a style=\"color: #0000ff;\" href=\"https:\/\/periodicos.sbu.unicamp.br\/ojs\/index.php\/bjos\/article\/view\/8642137\/9628\">LINK<\/a><\/span><\/strong>]<\/div>\n<div align=\"justify\"><span style=\"font-size: 12px;\"><span style=\"color: #0000ff;\">3. <\/span><span style=\"color: #000000;\">GUILAR, F.G.; GARCIA, L.F.R.; ROSSETTO, H.L.; PARDINI, L.C.;PIRES-DE-SOUZA, F.C.P.. Radiopacity evaluation of calcium aluminate cement containing different radiopacifying agents. Journal of Endodontics, v. 37: 67-71, 2011. [<span style=\"color: #0000ff;\"><strong><a style=\"color: #0000ff;\" href=\"https:\/\/www.jendodon.com\/article\/S0099-2399(10)00805-8\/fulltext\">LINK<\/a><\/strong><\/span>]<\/span><\/span><\/div>\n<div align=\"justify\">4. PIRES-DE-SOUZA,F.C.P; PARDINI, L.C.; CRUVINEL, D.R; HAMIDA, H.M.; GARCIA, L.F.R. In vitro comparison of the radiopacity of cavity lining materials with human dental structures. Journal of Conservative Dentistry, v. 13:65, 2010.<\/div>\n<div align=\"justify\">5.<\/div>\n<\/div>\n<div style=\"text-align: left;\" align=\"center\">\n<div style=\"text-align: center;\" align=\"center\">\n<div align=\"justify\">\n<hr \/>\n<\/div>\n<div align=\"justify\">\n<p><span style=\"font-size: 10px;\"><strong><span style=\"color: #ff0000;\"><em><span style=\"color: #ff0000; font-size: 14px;\">\u2666 <\/span><\/em>\u00a0<\/span>Universidade de S\u00e3o Paulo (<\/strong><\/span><span style=\"font-size: 10px;\"><strong><span style=\"color: #0000ff;\"><a style=\"color: #0000ff;\" href=\"http:\/\/www5.usp.br\/\">USP<\/a><\/span><\/strong><\/span><span style=\"font-size: 10px;\"><strong>), Faculdade de Odontologia de Ribeir\u00e3o Preto (<\/strong><\/span><span style=\"font-size: 10px;\"><strong><span style=\"color: #0000ff;\"><a style=\"color: #0000ff;\" href=\"http:\/\/www.forp.usp.br\/\">FORP<\/a><\/span><\/strong><\/span><span style=\"font-size: 10px;\"><strong>), Laborat\u00f3rio de An\u00e1lise de Biomateriais (<span style=\"color: #0000ff;\"><a style=\"color: #0000ff;\" href=\"\/\/sites.usp.br\/laabio\/\">LaABio<\/a><\/span> \/\u00a0<span style=\"color: #0000ff;\"><a style=\"color: #0000ff;\" href=\"http:\/\/dgp.cnpq.br\/dgp\/espelhogrupo\/6453615543447962\">Diret\u00f3rio de Grupo do CNpQ<\/a><\/span>).<\/strong><\/span><span style=\"font-size: 10px;\"><strong> Respons\u00e1vel<\/strong><\/span><span style=\"font-size: 10px;\"><span style=\"font-size: 10px;\"><strong>: Profa. Dra. Fernanda de Carvalho Panzeri Pires-de-Souza.<\/strong><\/span><\/span><\/p>\n<hr \/>\n<\/div>\n<div align=\"justify\"><strong><span style=\"font-size: 10px;\"><span style=\"text-decoration: underline;\">Recebido<\/span>\u00a0 12\/11\/2011 &#8211; <span style=\"color: #0000ff;\"><a style=\"color: #0000ff;\" href=\"http:\/\/sites.usp.br\/ebt\/forp-expediente-encicl-bras-teleodontol\/parecerista-relator-consultor-avaliador\/\">Parecerista<\/a> <\/span>20\/11\/2011- <span style=\"text-decoration: underline;\">Reformulado<\/span> 23\/11\/2011 &#8211; <span style=\"text-decoration: underline;\">Publicado<\/span>\u00a0 3\/12\/2011 &#8211; Enciclop\u00e9dia Brasileira de Teleodontologia<br \/>\n<\/span><\/strong><\/div>\n<\/div>\n<hr \/>\n<\/div>\n","protected":false},"excerpt":{"rendered":"<p>\u2666 Fernanda de Carvalho Panzeri Pires-de-Souza &#8211;\u00a0Email &#8211; Curr\u00edculo Lattes &#8211; Informa\u00e7\u00f5es Adicionais p\u00e1gina 11 [&hellip;]<\/p>\n","protected":false},"author":58,"featured_media":0,"parent":5582,"menu_order":0,"comment_status":"closed","ping_status":"closed","template":"","meta":{"footnotes":"","_links_to":"","_links_to_target":""},"class_list":["post-10346","page","type-page","status-publish","hentry"],"_links":{"self":[{"href":"https:\/\/sites.usp.br\/podae\/index.php?rest_route=\/wp\/v2\/pages\/10346","targetHints":{"allow":["GET"]}}],"collection":[{"href":"https:\/\/sites.usp.br\/podae\/index.php?rest_route=\/wp\/v2\/pages"}],"about":[{"href":"https:\/\/sites.usp.br\/podae\/index.php?rest_route=\/wp\/v2\/types\/page"}],"author":[{"embeddable":true,"href":"https:\/\/sites.usp.br\/podae\/index.php?rest_route=\/wp\/v2\/users\/58"}],"replies":[{"embeddable":true,"href":"https:\/\/sites.usp.br\/podae\/index.php?rest_route=%2Fwp%2Fv2%2Fcomments&post=10346"}],"version-history":[{"count":1,"href":"https:\/\/sites.usp.br\/podae\/index.php?rest_route=\/wp\/v2\/pages\/10346\/revisions"}],"predecessor-version":[{"id":10347,"href":"https:\/\/sites.usp.br\/podae\/index.php?rest_route=\/wp\/v2\/pages\/10346\/revisions\/10347"}],"up":[{"embeddable":true,"href":"https:\/\/sites.usp.br\/podae\/index.php?rest_route=\/wp\/v2\/pages\/5582"}],"wp:attachment":[{"href":"https:\/\/sites.usp.br\/podae\/index.php?rest_route=%2Fwp%2Fv2%2Fmedia&parent=10346"}],"curies":[{"name":"wp","href":"https:\/\/api.w.org\/{rel}","templated":true}]}}