{"id":11453,"date":"2020-01-28T06:45:32","date_gmt":"2020-01-28T09:45:32","guid":{"rendered":"http:\/\/sites.usp.br\/podae\/?page_id=11453"},"modified":"2020-01-28T06:45:32","modified_gmt":"2020-01-28T09:45:32","slug":"abordagem-articular-estomatologia","status":"publish","type":"page","link":"https:\/\/sites.usp.br\/podae\/?page_id=11453","title":{"rendered":"Abordagem Articular: Estomatologia"},"content":{"rendered":"<address>\n<address><em><span style=\"color: #ff0000; font-size: 14px;\">\u2666 <\/span><\/em><span style=\"color: #ff0000;\"><span style=\"font-size: 10px;\"><strong><span style=\"color: #0000ff;\"><em><span style=\"color: #000000; font-size: 14px;\"><span style=\"color: #ff0000; font-size: 14px;\"><em style=\"color: #000000; font-size: 14px;\">Suzie Aparecida de Lacerda<\/em><\/span> &#8211;<\/span><\/em> <\/span><\/strong><\/span><\/span><span style=\"font-size: 10px;\"><strong><span style=\"color: #0000ff;\"><span style=\"color: #ff0000;\"><span style=\"color: #000000;\"><span style=\"color: #0000ff;\"><a style=\"color: #0000ff;\" href=\"http:\/\/buscatextual.cnpq.br\/buscatextual\/email.do?metodo=apresentar&amp;seqIdPessoa=134549&amp;nomeDestinatario=Suzie_Aparecida_de_Lacerda\">E-mail<\/a><\/span> <em><span style=\"color: #000000; font-size: 14px;\">&#8211;<\/span><\/em> <span style=\"color: #0000ff;\"><a style=\"color: #0000ff;\" href=\"http:\/\/buscatextual.cnpq.br\/buscatextual\/visualizacv.do?metodo=apresentar&amp;id=K4767062T2\">Curr\u00edculo Lat<\/a><\/span><a style=\"color: #0000ff;\" href=\"http:\/\/buscatextual.cnpq.br\/buscatextual\/visualizacv.do?metodo=apresentar&amp;id=K4796807T1\">tes<\/a> &#8211; <span style=\"color: #0000ff;\"><a style=\"color: #0000ff;\" href=\"http:\/\/sites.usp.br\/ebt\/forp-expediente-encicl-bras-teleodontol\/parecerista-relator-consultor-avaliador\/suzie-aparecida-de-lacerda\/\">Informa\u00e7\u00f5es adicionais <\/a><\/span><\/span><\/span><\/span><\/strong><\/span><\/address>\n<address> <\/address>\n<\/address>\n<address>\n<address style=\"text-align: right;\">\n<hr style=\"width: 321px;\" \/>\n<\/address>\n<\/address>\n<hr \/>\n<address style=\"text-align: right;\"><strong><span style=\"font-size: 12px;\"><span style=\"font-family: Arial;\"><span style=\"color: #0000ff;\"><span style=\"color: #000000;\"> Publica\u00e7\u00e3o Anual<\/span> <\/span><\/span><\/span><\/strong><span style=\"font-size: 12px;\"><span style=\"font-size: 12pxpx;\"><span style=\"font-family: Arial;\"><span style=\"color: #0000ff;\">(<\/span><\/span><\/span><\/span><strong><span style=\"font-size: 12px;\"><span style=\"font-size: 12pxpx;\"><span style=\"font-family: Arial;\"><span style=\"color: #0000ff;\"><em><span style=\"color: #000000;\"><span style=\"text-decoration: underline;\">Suplemento<\/span><\/span><\/em>: <a style=\"color: #0000ff;\" href=\"http:\/\/sites.usp.br\/ebt\/forp-a-d-encl-bras-teleodontol\/a\/atividade-online-arauto-e-atributo-educacional\/\">Sum\u00e1rio<\/a><\/span><\/span><\/span><\/span><\/strong><span style=\"font-size: 12px;\"><span style=\"font-size: 12pxpx;\"><span style=\"font-family: Arial;\"><span style=\"color: #0000ff;\"><span style=\"color: #000000;\">) \/ Maio e Outubro 2011 \/ <\/span><\/span><\/span><\/span><\/span><strong><span style=\"font-size: 12px;\"><a href=\"http:\/\/sites.usp.br\/ebt\/forp-a-d-encl-bras-teleodontol\/a\/atividade-online-educativa-arauto-e-atributo-educacional\/atividade-online-abordagem-articular-docente-e-a-dialogica-educacional\/\"><span style=\"font-size: 12pxpx;\"><span style=\"font-family: Arial;\"><span style=\"color: #0000ff;\">1\u00aa Atividade Educativa Online<\/span><\/span><\/span><\/a> \/ <span style=\"font-size: 10px;\">p\u00e1gina 6<\/span><br \/>\n<\/span><\/strong><\/address>\n<hr \/>\n<p><span style=\"color: #ff0000; font-size: 16px;\">\u2666 <\/span><span style=\"color: #000000; font-family: Arial;\"><span style=\"font-size: 12px; line-height: 18px;\">LACERDA. S.A. Abordagem Articular: Estomatologia (Semiologia, Radiologia e Patologia Bucal) Multiplicidade de Conhecimentos . Encicl. Bras.Teleodontol., Volume 1 (<a href=\"http:\/\/sites.usp.br\/ebt\/forp-a-d-encl-bras-teleodontol\/a\/\"><strong><span style=\"color: #0000ff;\">S\u00e9rie A<\/span><\/strong><\/a>): p\u00e1gina 5, maio, 2011. Suplemento. ISSN 2448-1181 <\/span><\/span><\/p>\n<hr \/>\n<p style=\"text-align: justify;\"><span style=\"font-family: Arial;\"><strong>Abordagem Articular <\/strong>deve Intera\u00e7\u00e3o Virtual (Incorporar e A<strong>gregar<\/strong>)<strong> Conhecimento Virtuais <\/strong>em<strong> Polo Educacional <\/strong>com destaque para as<strong> M\u00eddias Interativas Educacionais<\/strong>.Neste s\u00e9culo XXI, a<strong> Arte de Educar<\/strong> \u00e9 cont\u00ednua na <strong>Inclus\u00e3o Educacional<\/strong>: <strong>Aprendizagem Colaborativa<\/strong><\/span><span style=\"font-family: Arial;\"> [1,2,3,4]. <strong>Gest\u00e3o Educadora<\/strong> efetiva estimula a\u00e7\u00e3o educacional (<strong>Ambiente Colaborativo de Aprendizagem) <\/strong>no Ensino Superior com a\u00e7\u00f5es no di\u00e1logo virtual como se fosse um &#8220;cronista&#8221; , e o educando apenas passivamente observa e escuta mas n\u00e3o ouve (n\u00e3o digere) .. <strong>Arte de Educar <\/strong>(<strong>Atividade de Primeiro Encontro<\/strong>) incentiva (<strong>Aprendizagem Significativa<\/strong>) e conduz o <strong>Modelo de Gest\u00e3o <\/strong>em<strong> Educa\u00e7\u00e3o <\/strong>(<strong>Odontologia)<\/strong>, obedecendo as orienta\u00e7\u00f5es do<strong> Conselho Federal de Odontologia<\/strong> &#8211; <strong><span style=\"color: #0000ff;\"><a href=\"http:\/\/cfo.org.br\/\">CFO<\/a><\/span><\/strong>). <strong>Educar <\/strong>(<strong>Qualidade do Ensino<\/strong>) promove as descobertas educacionais (cognitivo, psicomotor, \u00e9tico e reflex\u00e3o cr\u00edtica) e incentiva a colabora\u00e7\u00e3o (<strong>Educa\u00e7\u00e3o Participativa<\/strong>). M<\/span><span style=\"font-family: Arial;\">otivar, facilitar e despertar conduzem para <strong>Educa\u00e7\u00e3o Transformadora<\/strong>, transcendendo a Literatura Educacional das &#8220;Classifica\u00e7\u00f5es das Doen\u00e7as&#8221; [<strong><span style=\"color: #0000ff;\"><a style=\"color: #0000ff;\" href=\"http:\/\/sites.usp.br\/ebt\/wp-content\/uploads\/sites\/44\/2014\/11\/ICD10-2010.pdf\">3<\/a>] <\/span><\/strong><span style=\"color: #0000ff;\"><span style=\"color: #000000;\">e as orienta\u00e7\u00f5es das condutas e procedimentos em Odontologia [<\/span><\/span><strong><span style=\"color: #0000ff;\"><a style=\"color: #0000ff;\" href=\"http:\/\/www.who.int\/en\/\">4<\/a><\/span><\/strong>]. <strong>Arte de Educar<\/strong> est\u00e1 intimamente associada a <\/span><strong style=\"font-family: Arial;\">Gest\u00e3o em Estrat\u00e9gia Educacional<\/strong><span style=\"font-family: Arial;\">, inicia-se muito antes das contextualiza\u00e7\u00e3o e <\/span><span style=\"font-family: Arial;\">implanta\u00e7\u00e3o do <strong>Projeto Pol\u00edtico Pedag\u00f3gico <\/strong>(<strong>PPP<\/strong>). Em Odontologia a &#8220;<strong>Arte de Educar<\/strong>&#8221; \u00e9 o motor propulsor: &#8220;<em>Saber de Qualidade<\/em>&#8221; (<strong>BRASIL<\/strong>, <span style=\"text-decoration: underline;\"><span style=\"color: #0000ff;\"><strong><a style=\"color: #0000ff; text-decoration: underline;\" href=\"http:\/\/emec.mec.gov.br\/emec\/consulta-cadastro\/detalhamento\/d96957f455f6405d14c6542552b0f6eb\/NTU=\">Site do MEC<\/a><\/strong><\/span><\/span>). <strong>Arte de Educar<\/strong> \u00e9 foco em a\u00e7\u00f5es (formativa e assertiva), d<\/span><span style=\"font-family: Arial;\">esperta e auxilia o Ensino Superior com avalia\u00e7\u00f5es peri\u00f3dicas (<span style=\"color: #0000ff;\"><strong><a style=\"color: #0000ff;\" href=\"http:\/\/emec.mec.gov.br\/modulos\/visao_comum\/php\/login\/comum_login.php?691ba69561e311dd66adaae89947c631=YWJhX2F2YWxpYWRvcg==\">emec-Avaliador<\/a><\/strong><\/span>) associados aos processos comportamentais do Educando (&#8220;<em>desejo e vontade de aprender<\/em>&#8220;<\/span><span style=\"font-family: Arial;\">) com apoio das ferramentas virtuais facilitadoras (<strong><span style=\"color: #0000ff;\"><a style=\"color: #0000ff;\" href=\"http:\/\/www5.usp.br\/\">USP<\/a><\/span><\/strong> &#8211; <a href=\"https:\/\/uspdigital.usp.br\/jupiterweb\/listarGradeCurricular?codcg=58&amp;codcur=58012&amp;codhab=0&amp;tipo=N\"><strong><span style=\"color: #0000ff;\">FORP<\/span><\/strong><\/a> &#8211; <span style=\"color: #0000ff;\"><strong><a style=\"color: #0000ff;\" href=\"http:\/\/sites.usp.br\/podae\/\">PODAE<\/a><\/strong><\/span> &#8211; <strong><span style=\"color: #0000ff;\"><a style=\"color: #0000ff;\" href=\"http:\/\/sites.usp.br\/LACIRO\/\">Laciro<\/a><\/span><\/strong>), Diretrizes Educacionais (<strong>BRASIL<\/strong>, 1996, 2002) estabelecidas pelo <strong>Minist\u00e9rio da Educa\u00e7\u00e3o<\/strong> (<span style=\"color: #0000ff;\"><strong><a style=\"color: #0000ff;\" href=\"http:\/\/portal.mec.gov.br\/\">MEC<\/a><\/strong><\/span>) e <strong>Sistema Nacional de Avalia\u00e7\u00e3o da Educa\u00e7\u00e3o Superior<\/strong> (<span style=\"color: #0000ff;\"><strong><a href=\"http:\/\/sites.usp.br\/ebt\/wp-content\/uploads\/sites\/44\/2014\/11\/Lei_10861_2004_SINAES.pdf\">SINAES<\/a><\/strong><\/span>, <\/span><span style=\"font-family: Arial; line-height: 1.5;\">2004) atuando na globaliza\u00e7\u00e3o e divulga\u00e7\u00e3o da ci\u00eancia (<a href=\"https:\/\/www.researchgate.net\/institution\/University_of_Sao_Paulo\">&#8220;<em><strong><span style=\"color: #0000ff;\">USP &#8211; &#8220;Top Institutions<\/span><\/strong><\/em>&#8220;<\/a>).<\/span><\/p>\n<hr \/>\n<div align=\"justify\">\n<div align=\"justify\">\n<div align=\"justify\">\n<div align=\"justify\"><span style=\"font-size: 12px;\"><em><strong><span style=\"text-decoration: underline;\">REFER\u00caNCIAS<\/span><\/strong><\/em><\/span><\/div>\n<div style=\"font-size: 12px;\" align=\"justify\">\n<div align=\"justify\"><span style=\"font-size: 12px;\">1.<\/span> CAMPOS, A.A.; PIRES-DE-SOUZA, F.C.P.; GUGELMIN, M.C.M.S.; OLIVEIRA, L.M.; PARDINI, L.C.; CASAGRANDE, L.D.R. Curr\u00edculos de graduaci\u00f3n en Odontolog\u00eda: generalistas versus especialistas. Revista Fola Oral, Argentina, 4(13): 170-173, 1998. [Impresso]<\/div>\n<div align=\"justify\">2. PIRES-DE-SOUZA, F.C.P; PARDINI, L.C.; PANZERI, H.; TIRAPELLI, C. Cirurgi\u00e3o-dentista e o c\u00f3digo da defesa do consumidor: uma realidade? Revista ABO Nacional, S\u00e3o Paulo, 12(6):337-341, 2005. [Impresso].<\/div>\n<div align=\"justify\"><span style=\"font-size: 12px;\">3. <\/span>ROZENDO, C.A.; CASAGRANDE, L.D.R. ; PARDINI, L.C. ; SCHNEIDER, J.F. Descripci\u00f3n de algunas pr\u00e1cticas docentes de profesores universitarios del \u00e1rea de salud. In: Pedagogia 97 \u2013 Encuentro por la unidad de los educadores latinoamericanos, 1997, La Habana, Cuba. Resumenes, p. 207, 1997. [Impresso]<span style=\"font-size: 12px;\">.<\/span><\/div>\n<div style=\"font-size: 12px;\" align=\"justify\"><span style=\"font-size: 12px;\">4. ROZENDO, C.A.; CASAGRANDE, L.D.R.; SCHNEIDER, J.F.; PARDINI, L.C. Uma an\u00e1lise das pr\u00e1ticas docentes de professores universit\u00e1rios da \u00e1rea de sa\u00fade. Rev. latino-am.enfermagem, Ribeir\u00e3o Preto, 7( 2): 15-23, abril 1999. [<strong><span style=\"color: #0000ff;\"><a style=\"color: #0000ff;\" href=\"http:\/\/www.scielo.br\/scielo.php?script=sci_arttext&amp;pid=S0104-11691999000200003&amp;lng=pt&amp;nrm=iso\">LINK<\/a><\/span><\/strong>]<\/span><\/div>\n<\/div>\n<\/div>\n<\/div>\n<\/div>\n<div style=\"text-align: justify;\" align=\"justify\">\n<div style=\"text-align: center;\" align=\"justify\">\n<address style=\"text-align: right;\">\n<hr \/>\n<hr \/>\n<\/address>\n<\/div>\n<\/div>\n<div style=\"text-align: left;\" align=\"center\">\n<div style=\"text-align: center;\" align=\"center\">\n<div align=\"justify\">\n<p><span style=\"font-size: 10px;\"><strong><span style=\"color: #ff0000; font-size: 10px;\"><span style=\"color: #ff0000; font-size: 14px;\">\u25ca<\/span><\/span> <\/strong><\/span><span style=\"font-size: 10px;\"><span style=\"font-size: 10px;\"><strong>Universidade de S\u00e3o Paulo (<span style=\"color: #0000ff;\"><a style=\"color: #0000ff;\" href=\"http:\/\/www5.usp.br\/\">USP<\/a><\/span>), Pr\u00f3-Reitoria de P\u00f3s-Gradua\u00e7\u00e3o (<span style=\"color: #0000ff;\"><a style=\"color: #0000ff;\" href=\"http:\/\/www.prpg.usp.br\/index.php\/pt-br\/\">PrGra<\/a><\/span>), Sistemas de Apoio \u00e0 P\u00f3s-Gradua\u00e7\u00e3o (<span style=\"color: #0000ff;\"><a style=\"color: #0000ff;\" href=\"https:\/\/uspdigital.usp.br\/janus\/comum\/entrada.jsf#\">Janus<\/a><\/span>). Faculdade de Odontologia de Ribeir\u00e3o (<span style=\"color: #0000ff;\"><a style=\"color: #0000ff;\" href=\"http:\/\/www.forp.usp.br\/\">FORP<\/a><\/span>) &#8211; Programas de P\u00f3s-Gradua\u00e7\u00e3o (<span style=\"color: #0000ff;\"><a style=\"color: #0000ff;\" href=\"http:\/\/www.prpg.usp.br\/index.php\/pt-br\/faca-pos-na-usp\/ache-um-programa?art_title=&amp;unidades%5B%5D=Faculdade+de+Odontologia+de+Ribeir%C3%A3o+Preto&amp;area_pos_graduacao%5B%5D=Ci%C3%AAncias+Biol%C3%B3gicas+e+da+Sa%C3%BAde&amp;art_language=pt-BR&amp;boxchecked=0&amp;search=programas_de_ps_graduaco&amp;task=search\">PgPG<\/a><\/span>): Programa de Odontopediatria (<span style=\"color: #0000ff;\"><a style=\"color: #0000ff;\" href=\"http:\/\/www.prpg.usp.br\/index.php\/pt-br\/faca-pos-na-usp\/programas-de-pos-graduacao\/104-odontopediatria\">Pg:Odontopediatria<\/a><\/span>) \/ \u00c1rea de Concentra\u00e7\u00e3o (<span style=\"color: #0000ff;\"><a style=\"color: #0000ff;\" href=\"http:\/\/143.107.206.201\/pradua-mainmenu-61\/13-cursos-oferecidos\/246-programa-de-pradua-em-odontopediatria.html\">58135<\/a><\/span>) \/ <span style=\"text-decoration: underline;\"><em>Disciplina<\/em><\/span>: <em>Metodologias e Din\u00e2mica no Ensino da Odontologia<\/em> (C\u00f3digo <a href=\"https:\/\/uspdigital.usp.br\/janus\/componente\/disciplinasOferecidasInicial.jsf?action=2&amp;codcpg=58&amp;codare=58135\"><span style=\"color: #0000ff;\">8035743 <\/span><\/a>&#8211; 05\/05\/2000 at\u00e9 \u00e9 a presente data: Prof. Dr. Luiz Carlos Pardini &#8211; Docente Respons\u00e1vel): <span style=\"color: #0000ff;\"><a style=\"color: #0000ff;\" href=\"https:\/\/uspdigital.usp.br\/janus\/componente\/catalogoDisciplinasInicial.jsf?action=3&amp;sgldis=8035743\">Conte\u00fado Program\u00e1tico<\/a><\/span> ( F\u00f3rum de Discuss\u00e3o em Sala de Aula).<\/strong><\/span><\/span><\/p>\n<hr \/>\n<p><span style=\"font-size: 10px;\"><strong><span style=\"text-decoration: underline;\">Recebido<\/span>: 3\/4\/2011 &#8211; <span style=\"color: #0000ff;\"><a style=\"color: #0000ff;\" href=\"http:\/\/sites.usp.br\/ebt\/forp-expediente-encicl-bras-teleodontol\/parecerista-relator-consultor-avaliador\/\">Parecerista<\/a>: <\/span>3\/4\/2011 &#8211; <span style=\"text-decoration: underline;\">Reformulado<\/span>: 4\/4\/2011 &#8211; <span style=\"text-decoration: underline;\">Publicado<\/span>: 5\/4\/2011 &#8211; Enciclop\u00e9dia Brasileira de Teleodontologia<\/strong><br \/>\n<\/span><\/p>\n<\/div>\n<\/div>\n<hr \/>\n<\/div>\n<p>&nbsp;<\/p>\n","protected":false},"excerpt":{"rendered":"<p>\u2666 Suzie Aparecida de Lacerda &#8211; E-mail &#8211; Curr\u00edculo Lattes &#8211; Informa\u00e7\u00f5es adicionais Publica\u00e7\u00e3o Anual [&hellip;]<\/p>\n","protected":false},"author":58,"featured_media":0,"parent":3480,"menu_order":0,"comment_status":"closed","ping_status":"closed","template":"","meta":{"footnotes":"","_links_to":"","_links_to_target":""},"class_list":["post-11453","page","type-page","status-publish","hentry"],"_links":{"self":[{"href":"https:\/\/sites.usp.br\/podae\/index.php?rest_route=\/wp\/v2\/pages\/11453","targetHints":{"allow":["GET"]}}],"collection":[{"href":"https:\/\/sites.usp.br\/podae\/index.php?rest_route=\/wp\/v2\/pages"}],"about":[{"href":"https:\/\/sites.usp.br\/podae\/index.php?rest_route=\/wp\/v2\/types\/page"}],"author":[{"embeddable":true,"href":"https:\/\/sites.usp.br\/podae\/index.php?rest_route=\/wp\/v2\/users\/58"}],"replies":[{"embeddable":true,"href":"https:\/\/sites.usp.br\/podae\/index.php?rest_route=%2Fwp%2Fv2%2Fcomments&post=11453"}],"version-history":[{"count":1,"href":"https:\/\/sites.usp.br\/podae\/index.php?rest_route=\/wp\/v2\/pages\/11453\/revisions"}],"predecessor-version":[{"id":11454,"href":"https:\/\/sites.usp.br\/podae\/index.php?rest_route=\/wp\/v2\/pages\/11453\/revisions\/11454"}],"up":[{"embeddable":true,"href":"https:\/\/sites.usp.br\/podae\/index.php?rest_route=\/wp\/v2\/pages\/3480"}],"wp:attachment":[{"href":"https:\/\/sites.usp.br\/podae\/index.php?rest_route=%2Fwp%2Fv2%2Fmedia&parent=11453"}],"curies":[{"name":"wp","href":"https:\/\/api.w.org\/{rel}","templated":true}]}}