{"id":11457,"date":"2020-01-28T06:47:11","date_gmt":"2020-01-28T09:47:11","guid":{"rendered":"http:\/\/sites.usp.br\/podae\/?page_id=11457"},"modified":"2020-01-28T06:47:11","modified_gmt":"2020-01-28T09:47:11","slug":"atuacao-clinica-interdisciplinaridade-radiologia-odontologica-imagenologia","status":"publish","type":"page","link":"https:\/\/sites.usp.br\/podae\/?page_id=11457","title":{"rendered":"Atua\u00e7\u00e3o Cl\u00ednica (Interdisciplinaridade): Radiologia Odontol\u00f3gica (Imagenologia)"},"content":{"rendered":"","protected":false},"excerpt":{"rendered":"","protected":false},"author":58,"featured_media":0,"parent":3480,"menu_order":0,"comment_status":"closed","ping_status":"closed","template":"","meta":{"footnotes":"","_links_to":"","_links_to_target":""},"class_list":["post-11457","page","type-page","status-publish","hentry"],"_links":{"self":[{"href":"https:\/\/sites.usp.br\/podae\/index.php?rest_route=\/wp\/v2\/pages\/11457","targetHints":{"allow":["GET"]}}],"collection":[{"href":"https:\/\/sites.usp.br\/podae\/index.php?rest_route=\/wp\/v2\/pages"}],"about":[{"href":"https:\/\/sites.usp.br\/podae\/index.php?rest_route=\/wp\/v2\/types\/page"}],"author":[{"embeddable":true,"href":"https:\/\/sites.usp.br\/podae\/index.php?rest_route=\/wp\/v2\/users\/58"}],"replies":[{"embeddable":true,"href":"https:\/\/sites.usp.br\/podae\/index.php?rest_route=%2Fwp%2Fv2%2Fcomments&post=11457"}],"version-history":[{"count":1,"href":"https:\/\/sites.usp.br\/podae\/index.php?rest_route=\/wp\/v2\/pages\/11457\/revisions"}],"predecessor-version":[{"id":11458,"href":"https:\/\/sites.usp.br\/podae\/index.php?rest_route=\/wp\/v2\/pages\/11457\/revisions\/11458"}],"up":[{"embeddable":true,"href":"https:\/\/sites.usp.br\/podae\/index.php?rest_route=\/wp\/v2\/pages\/3480"}],"wp:attachment":[{"href":"https:\/\/sites.usp.br\/podae\/index.php?rest_route=%2Fwp%2Fv2%2Fmedia&parent=11457"}],"curies":[{"name":"wp","href":"https:\/\/api.w.org\/{rel}","templated":true}]}}