{"id":11465,"date":"2020-01-28T06:53:28","date_gmt":"2020-01-28T09:53:28","guid":{"rendered":"http:\/\/sites.usp.br\/podae\/?page_id=11465"},"modified":"2020-01-28T06:53:28","modified_gmt":"2020-01-28T09:53:28","slug":"abordagem-profissional-a-escolha-da-carreira-docencia-ensino-superior","status":"publish","type":"page","link":"https:\/\/sites.usp.br\/podae\/?page_id=11465","title":{"rendered":"Abordagem Profissional: A Escolha da Carreira &#8211; Doc\u00eancia (Ensino Superior)"},"content":{"rendered":"<p style=\"text-align: center;\"><strong><span style=\"font-size: 14px;\"><span style=\"font-family: Arial;\"><span style=\"font-size: 16px;\">Enciclop\u00e9dia Brasileira de Teleodontologia<\/span><br \/>\n<span style=\"color: #0000ff;\"><span style=\"color: #000000;\">Publica\u00e7\u00e3o Anual<\/span> <\/span><span style=\"color: #0000ff;\">(<\/span><span style=\"color: #0000ff;\"><span style=\"font-size: 15px;\"><em><span style=\"color: #000000;\"><span style=\"text-decoration: underline;\">Suplemento<\/span><\/span><\/em><\/span>: <a style=\"color: #0000ff;\" href=\"http:\/\/sites.usp.br\/ebt\/forp-a-d-encl-bras-teleodontol\/a\/atividade-online-arauto-e-atributo-educacional\/\">Sum\u00e1rio<\/a><\/span><span style=\"color: #0000ff;\"><span style=\"color: #000000;\">): Abril 2018<\/span><\/span><span style=\"color: #0000ff;\"> <span style=\"color: #000000;\">\/<\/span> <a style=\"color: #0000ff;\" href=\"http:\/\/sites.usp.br\/ebt\/forp-a-d-encl-bras-teleodontol\/a\/\">S\u00e9rie A<\/a> &#8211; <a style=\"color: #0000ff;\" href=\"http:\/\/sites.usp.br\/ebt\/forp-a-d-encl-bras-teleodontol\/a\/atividade-online-arauto-e-atributo-educacional\/atividade-online-abordagem-profissional-publicacao-cientifica-atualizar-e-preciso\/\">8\u00aa Atividade Online<\/a><\/span><br \/>\n<span style=\"font-size: 15px;\"><em><span style=\"color: #000000;\"><span style=\"text-decoration: underline;\">Tema<\/span><\/span><\/em><\/span>: Publica\u00e7\u00e3o Publica\u00e7\u00e3o Significativa: Livre Acesso \u2013 Dispertai!<br \/>\nEixo Educacional: Divulga\u00e7\u00e3o Online &#8211; &#8220;Como Divulgar meu Trabalho de Pesquisa&#8221;<\/span><\/span><\/strong><\/p>\n<address>\n<address style=\"text-align: right;\">\n<hr style=\"width: 321px;\" \/>\n<\/address>\n<\/address>\n<p style=\"text-align: justify;\"><em><span style=\"color: #ff0000; font-size: 14px;\">\u2666 <\/span><\/em><span style=\"color: #ff0000;\"><span style=\"font-size: 10px;\"><strong><span style=\"color: #0000ff;\"><em><span style=\"color: #000000; font-size: 14px;\">L<\/span><\/em><\/span><\/strong><\/span><\/span><span style=\"color: #ff0000;\"><span style=\"font-size: 10px;\"><strong><span style=\"color: #0000ff;\"><em><span style=\"color: #000000; font-size: 14px;\">uiz Carlos Pardini &#8211;<\/span><\/em> <span style=\"color: #000000;\">{<\/span><\/span><\/strong><\/span><\/span><span style=\"font-size: 10px;\"><strong><span style=\"color: #0000ff;\"><span style=\"color: #ff0000;\"><span style=\"color: #000000;\"><a style=\"color: #0000ff;\" href=\"https:\/\/uspdigital.usp.br\/telefonia\/telFormularioEmail.jsp?codigoPessoaUsuario=0&amp;codigoPessoa=75623&amp;nomePessoa=Luiz Carlos Pardini&amp;print=s\">E-mailUSP<\/a>] <em><span style=\"color: #000000; font-size: 14px;\">&#8211;<\/span><\/em> <\/span><\/span><\/span><\/strong><\/span><span style=\"font-family: Arial;\"><span style=\"font-size: 10px;\"><strong> <a style=\"color: #0000ff;\" href=\"http:\/\/buscatextual.cnpq.br\/buscatextual\/visualizacv.do?metodo=apresentar&amp;id=K4796807T1\">Curr\u00edculo Lattes<\/a><\/strong><\/span><span style=\"font-size: 10px;\"><strong> <em><span style=\"font-size: 14px;\">&#8211; <\/span><\/em><\/strong><\/span><\/span><span style=\"font-size: 10px;\"><strong><span style=\"color: #0000ff;\"><span style=\"color: #ff0000;\"><span style=\"color: #000000;\"><a style=\"color: #0000ff;\" href=\"http:\/\/sites.usp.br\/ebt\/forp-expediente-encicl-bras-teleodontol\/parecerista-relator-consultor-avaliador\/luiz-carlos-pardini\/\">Informa\u00e7\u00f5es adicionais<\/a> <\/span><\/span><\/span><\/strong><\/span><\/p>\n<hr \/>\n<hr \/>\n<address style=\"text-align: right;\"><strong><span style=\"font-size: 10px;\"> p\u00e1gina 6<\/span><\/strong><\/address>\n<hr \/>\n<p style=\"text-align: justify;\"><span style=\"font-size: 10px;\"><span style=\"color: #ff0000; font-size: 10px;\"><span style=\"color: #ff0000; font-size: 14px;\">\u25ca<\/span><\/span> <strong>PARDINI,L.C. Abordagem Profissional: A Escolha da Carreira &#8211; Doc\u00eancia (Ensino Superior). Encicl. Bras. Teleodontol., 8(<span style=\"color: #0000ff;\"><a style=\"color: #0000ff;\" href=\"http:\/\/sites.usp.br\/ebt\/forp-a-d-encl-bras-teleodontol\/a\/\">S\u00e9rie A<\/a><\/span>):6, abriL, <\/strong><\/span><strong><span style=\"font-size: 10px;\"> 2018. ISSN 2448-1181. Suplemento.<br \/>\n<\/span><\/strong><\/p>\n<hr \/>\n<p style=\"text-align: justify;\"><span style=\"font-family: Arial;\"><strong>Abordagem Profissional <\/strong>com destaque para<strong>: A Escolha da Carreira: Doc\u00eancia <\/strong>(<strong>Ensino Superior<\/strong>)<strong>. <\/strong><\/span><\/p>\n<p style=\"text-align: justify;\"><span style=\"font-family: Arial;\">Neste s\u00e9culo de inova\u00e7\u00f5es tecnol\u00f3gicas e as descobertas cient\u00edficas a atua\u00e7\u00e3o profissional do Docente (Ensino Superior \u00e9 preponderante a atualiza\u00e7\u00e3o educacional. [1,2,3,4].<br \/>\n<\/span><\/p>\n<p style=\"text-align: justify;\"><span style=\"font-family: Arial;\">A<strong>  Arte de Educar<\/strong><\/span> <span style=\"font-family: Arial;\"><strong>Educar <\/strong>(<strong>Atividade de Primeiro Encontro<\/strong>) incentiva (<strong>Aprendizagem Significativa<\/strong>) e conduz o <strong>Modelo de Gest\u00e3o <\/strong>em<strong> Educa\u00e7\u00e3o <\/strong>(<strong>Odontologia)<\/strong>, obedecendo as orienta\u00e7\u00f5es do<strong> Conselho Federal de Odontologia<\/strong> &#8211; <strong><span style=\"color: #0000ff;\"><a href=\"http:\/\/cfo.org.br\/\"><span style=\"color: #0000ff;\">CFO<\/span><\/a><\/span><\/strong>). <strong>Educar <\/strong>(<strong>Qualidade do Ensino<\/strong>) promove as descobertas educacionais (cognitivo, psicomotor, \u00e9tico e reflex\u00e3o cr\u00edtica) e incentiva a colabora\u00e7\u00e3o (<strong>Educa\u00e7\u00e3o Participativa<\/strong>). M<\/span><span style=\"font-family: Arial;\">otivar, facilitar e despertar conduzem para <strong>Educa\u00e7\u00e3o Transformadora<\/strong>, transcendendo a Literatura Educacional das &#8220;Classifica\u00e7\u00f5es das Doen\u00e7as&#8221; [<strong><span style=\"color: #0000ff;\"><a style=\"color: #0000ff;\" href=\"http:\/\/sites.usp.br\/ebt\/wp-content\/uploads\/sites\/44\/2014\/11\/ICD10-2010.pdf\">3<\/a>] <\/span><\/strong><span style=\"color: #0000ff;\"><span style=\"color: #000000;\">e as orienta\u00e7\u00f5es das condutas e procedimentos em Odontologia<\/span><\/span>.<\/span><\/p>\n<p style=\"text-align: justify;\"><span style=\"font-family: Arial;\"> <strong>Arte de Educar<\/strong> est\u00e1 intimamente associada a <\/span><strong style=\"font-family: Arial;\">Gest\u00e3o em Estrat\u00e9gia Educacional<\/strong><span style=\"font-family: Arial;\">, inicia-se muito antes das contextualiza\u00e7\u00e3o e <\/span><span style=\"font-family: Arial;\">implanta\u00e7\u00e3o do <strong>Projeto Pol\u00edtico Pedag\u00f3gico <\/strong>(<strong>PPP<\/strong>). Em Odontologia a &#8220;<strong>Arte de Educar<\/strong>&#8221; \u00e9 o motor propulsor: &#8220;<em>Saber de Qualidade<\/em>&#8221; (<strong>BRASIL<\/strong>, <span style=\"text-decoration: underline;\"><span style=\"color: #0000ff;\"><strong><a style=\"color: #0000ff; text-decoration: underline;\" href=\"http:\/\/emec.mec.gov.br\/emec\/consulta-cadastro\/detalhamento\/d96957f455f6405d14c6542552b0f6eb\/NTU=\">Site do MEC<\/a><\/strong><\/span><\/span>).<\/span><\/p>\n<p style=\"text-align: justify;\"><span style=\"font-family: Arial;\"> <strong>Arte de Educar<\/strong> \u00e9 foco em a\u00e7\u00f5es (formativa e assertiva), d<\/span><span style=\"font-family: Arial;\">esperta e auxilia o Ensino Superior com avalia\u00e7\u00f5es peri\u00f3dicas (<span style=\"color: #0000ff;\"><strong><a style=\"color: #0000ff;\" href=\"http:\/\/emec.mec.gov.br\/modulos\/visao_comum\/php\/login\/comum_login.php?691ba69561e311dd66adaae89947c631=YWJhX2F2YWxpYWRvcg==\">emec-Avaliador<\/a><\/strong><\/span>) associados aos processos comportamentais do Educando (&#8220;<em>desejo e vontade de aprender<\/em>&#8220;<\/span><span style=\"font-family: Arial;\">) com apoio das ferramentas virtuais facilitadoras (<strong><span style=\"color: #0000ff;\"><a style=\"color: #0000ff;\" href=\"http:\/\/www5.usp.br\/\">USP<\/a><\/span><\/strong> &#8211; <a href=\"https:\/\/uspdigital.usp.br\/jupiterweb\/listarGradeCurricular?codcg=58&amp;codcur=58012&amp;codhab=0&amp;tipo=N\"><strong><span style=\"color: #0000ff;\">FORP<\/span><\/strong><\/a> &#8211; <span style=\"color: #0000ff;\"><strong><a style=\"color: #0000ff;\" href=\"http:\/\/sites.usp.br\/podae\/\">PODAE<\/a><\/strong><\/span> &#8211; <strong><span style=\"color: #0000ff;\"><a style=\"color: #0000ff;\" href=\"http:\/\/sites.usp.br\/LACIRO\/\">Laciro<\/a><\/span><\/strong>), Diretrizes Educacionais (<strong>BRASIL<\/strong>, 1996, 2002) estabelecidas pelo <strong>Minist\u00e9rio da Educa\u00e7\u00e3o<\/strong> (<span style=\"color: #0000ff;\"><strong><a style=\"color: #0000ff;\" href=\"http:\/\/portal.mec.gov.br\/\">MEC<\/a><\/strong><\/span>) e <strong>Sistema Nacional de Avalia\u00e7\u00e3o da Educa\u00e7\u00e3o Superior<\/strong> (<span style=\"color: #0000ff;\"><strong><a href=\"http:\/\/sites.usp.br\/ebt\/wp-content\/uploads\/sites\/44\/2014\/11\/Lei_10861_2004_SINAES.pdf\"><span style=\"color: #0000ff;\">SINAES<\/span><\/a><\/strong><\/span>, <\/span><span style=\"font-family: Arial; line-height: 1.5;\">2004) atuando na globaliza\u00e7\u00e3o e divulga\u00e7\u00e3o da ci\u00eancia.<\/span><\/p>\n<hr \/>\n<div style=\"text-align: justify;\" align=\"justify\">\n<div align=\"justify\">\n<p><span style=\"font-size: 10px;\"><strong>REFER\u00caNCIAS<\/strong><\/span><\/p>\n<div style=\"font-size: 12px;\" align=\"justify\">\n<div align=\"justify\"><span style=\"font-size: 12px;\">1.<\/span><span style=\"font-size: 12px;\"> BRASIL &#8211; Diretrizes e Bases da Educa\u00e7\u00e3o Nacional, 1996. [<span style=\"color: #0000ff;\"><strong><a style=\"color: #0000ff;\" href=\"http:\/\/sites.usp.br\/ebt\/wp-content\/uploads\/sites\/44\/2014\/11\/Lei_9.394.pdf\">Lei 9.394<\/a><\/strong><\/span>]<\/span><\/div>\n<div align=\"justify\"><span style=\"font-size: 12px;\">2. BRASIL &#8211; Diretrizes Curriculares Nacionais do Curso de Gradua\u00e7\u00e3o em Odontologia, 2002. [<span style=\"color: #0000ff;\"><strong><a style=\"color: #0000ff;\" href=\"http:\/\/sites.usp.br\/ebt\/wp-content\/uploads\/sites\/44\/2014\/11\/Resolu\u00e7\u00e3o-19-02-2002.pdf\">Resolu\u00e7\u00e3o CNE\/CES 3<\/a><\/strong><\/span>]<\/span><\/div>\n<div align=\"justify\">3. <span style=\"font-size: 12px;\">PERUCHI, C.M.S.; SILVA, E.B.; PARDINI, L. C.; BORSATTO, M.C.; ARA\u00daJO, L.A.P. An\u00e1lise radiogr\u00e1fica da incid\u00eancia de fragmentos radiculares de dentes dec\u00edduos retidos em pacientes jovens: etiologia e conduta. Revista de Odontologia do Brasil Central, 9(28): 51-54, 2000. [<span style=\"color: #0000ff;\"><strong><a style=\"color: #0000ff;\" href=\"http:\/\/www.robrac.org.br\/seer\/index.php\/ROBRAC\/article\/viewFile\/238\/209\">LINK<\/a><\/strong><\/span>].<\/span><\/div>\n<div align=\"justify\"><span style=\"font-size: 12px;\">4. WATANABE, P. C. A.; CAMARGO A.J; PARDINI, L. C. Radiographic Density and Contrast of Images of Individual Films from Double Film Packets. Cosmetology &amp; Oro Facial Surgery,  2 1-5, 2016. [<span style=\"color: #0000ff;\"><strong><a style=\"color: #0000ff;\" href=\"https:\/\/www.omicsonline.org\/open-access\/radiographic-density-and-contrast-of-images-of-individual-films-from-doublefilm-packets-.php?aid=80284\">LINK<\/a><\/strong><\/span>].<\/span><\/div>\n<div align=\"justify\"><span style=\"font-size: 12px;\">5. <\/span><span style=\"font-size: 12px;\">World Health Organization: International Statistical Classification of Diseases and Related Health Problems, Tenth Revision Instruction Manual. Geneva, World Health Organization, 2004. [<span style=\"color: #0000ff;\"><strong><a style=\"color: #0000ff;\" href=\"http:\/\/sites.usp.br\/ebt\/wp-content\/uploads\/sites\/44\/2014\/11\/ICD10-2010.pdf\">ICD<\/a><\/strong><\/span>]<\/span><\/div>\n<\/div>\n<\/div>\n<div align=\"justify\">\n<div align=\"justify\">\n<div style=\"text-align: center;\" align=\"justify\">\n<address style=\"text-align: right;\">\n<hr \/>\n<hr \/>\n<\/address>\n<\/div>\n<\/div>\n<div style=\"text-align: left;\" align=\"center\">\n<div style=\"text-align: center;\" align=\"center\">\n<div align=\"justify\">\n<p><span style=\"font-size: 13px;\"><strong><span style=\"color: #ff0000;\"><span style=\"color: #ff0000; font-size: 10px;\"><span style=\"color: #ff0000; font-size: 13px;\">\u25ca <\/span><\/span><\/span><\/strong><\/span><span style=\"font-size: 10px;\"><strong>Universidade de S\u00e3o Paulo (<span style=\"color: #0000ff;\"><a style=\"color: #0000ff;\" href=\"http:\/\/www5.usp.br\/\">USP<\/a><\/span> \/<span style=\"color: #0000ff;\"> <a style=\"color: #0000ff;\" href=\"https:\/\/uspdigital.usp.br\/wsusuario\/\">SistemasUSP<\/a><\/span>), Faculdade de Odontologia de Ribeir\u00e3o (<\/strong><\/span><span style=\"font-size: 10px;\"><strong><span style=\"color: #0000ff;\"><a style=\"color: #0000ff;\" href=\"http:\/\/www.forp.usp.br\/\">FORP<\/a><\/span><\/strong><\/span><span style=\"font-size: 10px;\"><strong> \/ <span style=\"color: #0000ff;\"><a style=\"color: #0000ff;\" href=\"http:\/\/www.prpg.usp.br\/index.php\/pt-br\/faca-pos-na-usp\/ache-um-programa?art_title=&amp;unidades%5B%5D=Faculdade+de+Odontologia+de+Ribeir%C3%A3o+Preto&amp;area_pos_graduacao%5B%5D=Ci%C3%AAncias+Biol%C3%B3gicas+e+da+Sa%C3%BAde&amp;art_language=pt-BR&amp;boxchecked=0&amp;search=programas_de_ps_graduaco&amp;task=search\">PgPG<\/a><\/span>: <span style=\"color: #0000ff;\"><a style=\"color: #0000ff;\" href=\"http:\/\/143.107.206.201\/pradua-mainmenu-61\/13-cursos-oferecidos\/246-programa-de-pradua-em-odontopediatria.html\">58135<\/a><\/span>). Disciplina (<span style=\"text-decoration: underline;\"><em>8035743<\/em><\/span> &#8211; <span style=\"color: #0000ff;\"><a style=\"color: #0000ff;\" href=\"https:\/\/uspdigital.usp.br\/janus\/componente\/catalogoDisciplinasInicial.jsf?action=3&amp;sgldis=8035743\">Conte\u00fado Program\u00e1tico<\/a><\/span>): <em>Metodologias e Din\u00e2mica no Ensino da Odontologia<\/em> (05\/05\/2000 at\u00e9 presente data). <\/strong><\/span><span style=\"font-size: 10px;\"><strong>F\u00f3rum de Discuss\u00e3o (Sala de Aula). Respons\u00e1vel<\/strong><\/span><span style=\"font-size: 10px;\"><span style=\"font-size: 10px;\"><strong>: Prof. Dr. Luiz Carlos.<\/strong><\/span><\/span><\/p>\n<hr \/>\n<p><span style=\"font-size: 10px;\"><strong><span style=\"text-decoration: underline;\">Recebido<\/span> 5\/03\/2018 &#8211; <span style=\"color: #0000ff;\"><a style=\"color: #0000ff;\" href=\"http:\/\/sites.usp.br\/ebt\/forp-expediente-encicl-bras-teleodontol\/parecerista-relator-consultor-avaliador\/\">Parecerista<\/a><\/span> 9\/03\/2018 &#8211; Reformulado 19\/03\/2018  &#8211; Publicado 03\/04\/2018 &#8211; Enciclop\u00e9dia Brasileira de Teleodontologia <\/strong><br \/>\n<\/span><\/p>\n<\/div>\n<\/div>\n<hr \/>\n<\/div>\n<hr \/>\n<address style=\"text-align: right;\"> <\/address>\n<\/div>\n<\/div>\n","protected":false},"excerpt":{"rendered":"<p>Enciclop\u00e9dia Brasileira de Teleodontologia Publica\u00e7\u00e3o Anual (Suplemento: Sum\u00e1rio): Abril 2018 \/ S\u00e9rie A &#8211; 8\u00aa [&hellip;]<\/p>\n","protected":false},"author":58,"featured_media":0,"parent":3480,"menu_order":0,"comment_status":"closed","ping_status":"closed","template":"","meta":{"footnotes":"","_links_to":"","_links_to_target":""},"class_list":["post-11465","page","type-page","status-publish","hentry"],"_links":{"self":[{"href":"https:\/\/sites.usp.br\/podae\/index.php?rest_route=\/wp\/v2\/pages\/11465","targetHints":{"allow":["GET"]}}],"collection":[{"href":"https:\/\/sites.usp.br\/podae\/index.php?rest_route=\/wp\/v2\/pages"}],"about":[{"href":"https:\/\/sites.usp.br\/podae\/index.php?rest_route=\/wp\/v2\/types\/page"}],"author":[{"embeddable":true,"href":"https:\/\/sites.usp.br\/podae\/index.php?rest_route=\/wp\/v2\/users\/58"}],"replies":[{"embeddable":true,"href":"https:\/\/sites.usp.br\/podae\/index.php?rest_route=%2Fwp%2Fv2%2Fcomments&post=11465"}],"version-history":[{"count":1,"href":"https:\/\/sites.usp.br\/podae\/index.php?rest_route=\/wp\/v2\/pages\/11465\/revisions"}],"predecessor-version":[{"id":11466,"href":"https:\/\/sites.usp.br\/podae\/index.php?rest_route=\/wp\/v2\/pages\/11465\/revisions\/11466"}],"up":[{"embeddable":true,"href":"https:\/\/sites.usp.br\/podae\/index.php?rest_route=\/wp\/v2\/pages\/3480"}],"wp:attachment":[{"href":"https:\/\/sites.usp.br\/podae\/index.php?rest_route=%2Fwp%2Fv2%2Fmedia&parent=11465"}],"curies":[{"name":"wp","href":"https:\/\/api.w.org\/{rel}","templated":true}]}}