{"id":11801,"date":"2020-02-20T10:43:52","date_gmt":"2020-02-20T13:43:52","guid":{"rendered":"http:\/\/sites.usp.br\/podae\/?page_id=11801"},"modified":"2020-04-22T16:14:18","modified_gmt":"2020-04-22T19:14:18","slug":"02-laciro-e-laabio-parceria-em-pesquisa","status":"publish","type":"page","link":"https:\/\/sites.usp.br\/podae\/?page_id=11801","title":{"rendered":"5 LACIRO e LaAbio (Artigo Completo): Pr\u00e1tica Educativa) &#8211; Divulga\u00e7\u00e3o do Saber"},"content":{"rendered":"<p style=\"text-align: center;\"><span style=\"color: #800080;\"><strong><span style=\"font-size: 16px;\"><span style=\"font-family: Arial;\">ENCICLOP\u00c9DIA BRASILEIRA DE TELEODONTOLOGIA<br \/>\n<\/span><\/span><\/strong><\/span><strong><span style=\"font-size: 12px;\"><span style=\"font-family: Arial;\">ISSN <span style=\"color: #0000ff;\"><a style=\"color: #0000ff;\" href=\"https:\/\/portal.issn.org\/resource\/ISSN\/2448-1181#\">2448-1181<\/a><\/span><\/span><\/span><\/strong><strong><span style=\"font-size: 12px;\"><span style=\"font-family: Arial;\"> \/ <span style=\"color: #0000ff;\"><a style=\"color: #0000ff;\" href=\"https:\/\/sites.usp.br\/podae\/wp-content\/uploads\/sites\/36\/2019\/06\/Encicl.-Bras.Teleodontol.jpg\">SIBi<\/a><\/span> \/ <a href=\"https:\/\/sites.usp.br\/podae\/?page_id=3320\"><span style=\"color: #0000ff;\">Expediente<\/span><\/a> \/ Fasc\u00edculos <\/span><\/span><\/strong><span style=\"font-size: 12px;\"><span style=\"font-family: Arial;\">(<\/span><\/span><span style=\"color: #0000ff;\"><strong><span style=\"font-size: 12px;\"><span style=\"font-family: Arial;\"><a style=\"color: #0000ff;\" href=\"https:\/\/sites.usp.br\/podae\/?page_id=120\">A-Z<\/a><\/span><\/span><\/strong><\/span><span style=\"font-size: 12px;\"><span style=\"font-family: Arial;\">)<\/span><\/span><strong><span style=\"font-size: 12px;\"><span style=\"font-family: Arial;\"><br \/>\n<\/span><\/span><\/strong><strong><span style=\"font-size: 12px;\"><span style=\"font-family: Arial;\"> Polo de Odontologia Digital Aplicado \u00e0 Educa\u00e7\u00e3o <\/span><\/span><\/strong><span style=\"font-size: 12px;\"><span style=\"font-family: Arial;\">(<\/span><\/span><strong><span style=\"font-size: 12px;\"><span style=\"font-family: Arial;\"><a href=\"https:\/\/sites.usp.br\/podae\/?page_id=89\"><span style=\"color: #0000ff;\">PODAE<\/span><\/a><\/span><\/span><\/strong><span style=\"font-size: 12px;\"><span style=\"font-family: Arial;\"><span style=\"color: #0000ff;\">)<\/span><\/span><\/span><strong><span style=\"font-size: 12px;\"><span style=\"font-family: Arial;\"><span style=\"color: #0000ff;\">: <\/span><a href=\"https:\/\/www.forp.usp.br\/\"><span style=\"color: #0000ff;\">FORP<\/span><\/a> \/ <span style=\"color: #0000ff;\"><a style=\"color: #0000ff;\" href=\"https:\/\/www5.usp.br\/\">USP<\/a><\/span><\/span><\/span><\/strong> <strong><span style=\"font-size: 12px;\"><span style=\"font-family: Arial;\"><br \/>\n<\/span><\/span><\/strong> <a href=\"https:\/\/sites.usp.br\/podae\/?page_id=11645\"><strong><span style=\"font-size: 14px;\"><span style=\"font-family: Arial;\"><span style=\"color: #0000ff;\"><em><span style=\"color: #000000;\"><span style=\"text-decoration: underline; color: #0000ff;\">1\u00aa Pr\u00e1tica Educativa <\/span><\/span><\/em><\/span><\/span><\/span><\/strong><strong><span style=\"font-size: 14px;\"><span style=\"font-family: Arial;\"><span style=\"color: #0000ff;\"><em><span style=\"color: #000000;\"><span style=\"text-decoration: underline; color: #0000ff;\">Online<\/span> <\/span><\/em><\/span><\/span><\/span><\/strong><\/a><strong><span style=\"font-size: 12px;\"><span style=\"font-family: Arial;\"><br \/>\n<\/span><\/span><\/strong><span style=\"color: #000000;\"><strong><span style=\"font-size: 10px;\"><span style=\"color: #ff0000; font-size: 14px;\">\u2666<\/span> <\/span><\/strong><\/span><span style=\"color: #000000;\"><strong><span style=\"font-size: 10px;\"><span style=\"text-decoration: underline;\">SUM\u00c1RIOS<\/span><\/span><\/strong><\/span><strong><span style=\"font-size: 12px;\"><span style=\"font-family: Arial;\">: <\/span><\/span><\/strong><span style=\"color: #000000;\"><strong><span style=\"font-size: 10px;\"><span style=\"color: #0000ff;\"><a style=\"color: #0000ff;\" href=\"https:\/\/sites.usp.br\/podae\/?page_id=3354\"><span style=\"color: #0000ff;\">Fasc\u00edculo L<\/span><\/a><\/span> e <a href=\"https:\/\/sites.usp.br\/podae\/?page_id=11643\"><span style=\"color: #0000ff;\">Suplemento Anua<\/span>l <\/a><\/span><\/strong><\/span><\/p>\n<address style=\"text-align: right;\">\n<hr style=\"width: 321px;\" \/>\n<\/address>\n<address><span style=\"color: #ff0000;\"><span style=\"font-size: 10px;\"><strong><span style=\"color: #0000ff;\"><em><span style=\"color: #000000; font-size: 14px;\">L<\/span><\/em><\/span><\/strong><\/span><\/span><span style=\"color: #ff0000;\"><span style=\"font-size: 10px;\"><strong><span style=\"color: #0000ff;\"><em><span style=\"color: #000000; font-size: 14px;\">uiz Carlos Pardini &#8211;<\/span><\/em> <\/span><\/strong><\/span><\/span><span style=\"font-size: 10px;\"><strong><span style=\"color: #0000ff;\"><span style=\"color: #ff0000;\"><span style=\"color: #000000;\"><a style=\"color: #0000ff;\" href=\"https:\/\/uspdigital.usp.br\/telefonia\/telFormularioEmail.jsp?codigoPessoaUsuario=0&amp;codigoPessoa=75623&amp;nomePessoa=Luiz Carlos Pardini&amp;print=s\">E-mail<\/a> <em><span style=\"color: #000000; font-size: 14px;\">&#8211;<\/span><\/em> <a style=\"color: #0000ff;\" href=\"http:\/\/buscatextual.cnpq.br\/buscatextual\/visualizacv.do?metodo=apresentar&amp;id=K4796807T1\">Curr\u00edculo Lattes<\/a> &#8211; <a style=\"color: #0000ff;\" href=\"https:\/\/sites.usp.br\/podae\/?page_id=4562\">Informa\u00e7\u00f5es adicionais<\/a><\/span><\/span><\/span><\/strong><\/span><\/address>\n<address>\n<address style=\"text-align: right;\">\n<hr style=\"width: 321px;\" \/>\n<\/address>\n<\/address>\n<hr \/>\n<address style=\"text-align: right;\"><strong><span style=\"font-size: 12px;\"><span style=\"font-size: 10px;\">p\u00e1gina 3<\/span><br \/>\n<\/span><\/strong><\/address>\n<hr \/>\n<p style=\"text-align: justify;\"><span style=\"color: #000000; font-family: Arial;\"><span style=\"font-size: 12px; line-height: 18px;\"><strong>PARDINI, L.C. LACIRO e LaAbio (Artigo Completo): Pr\u00e1tica Educativa) &#8211; Divulga\u00e7\u00e3o do Saber<\/strong><strong>. Encicl. Bras.Teleodontol., Volume 1 (Serie L): p\u00e1gina 12, abril, 2011. Suplemento. ISSN 2448-1181.<\/strong><\/span><\/span><\/p>\n<hr \/>\n<p style=\"text-align: justify;\"><span style=\"font-family: Arial;\"><strong>Laborat\u00f3rio de An\u00e1lise e Controle da Imagem Radiogr\u00e1fica Odontol\u00f3gica <\/strong>(Site: <span style=\"color: #0000ff;\"><strong><a style=\"color: #0000ff;\" href=\"https:\/\/sites.usp.br\/laciro\/\">LACIRO<\/a><\/strong><\/span> &#8211; CNPq Diret\u00f3rio de Grupo: <strong><span style=\"color: #0000ff;\"><a style=\"color: #0000ff;\" href=\"http:\/\/dgp.cnpq.br\/dgp\/espelhogrupo\/7860212987967525\">LACIRO<\/a><\/span><\/strong> \/ 1993) e <strong>Laborat\u00f3rio de An\u00e1lise de Biomateriai<\/strong>s (Site: <a href=\"https:\/\/sites.usp.br\/laabio\"><strong>LaABio<\/strong><\/a>\u00a0&#8211; CNPq Diret\u00f3rio de Grupo: <span style=\"color: #0000ff;\"><a style=\"color: #0000ff;\" href=\"http:\/\/dgp.cnpq.br\/dgp\/espelhogrupo\/379651\"><strong><span style=\"color: #0000ff;\">LaABio<\/span><\/strong><\/a><\/span> \/ 2005) estimulam as a\u00e7\u00f5es educativas na \u00c1rea da Sa\u00fade (<strong><span style=\"color: #0000ff;\"><a style=\"color: #0000ff;\" href=\"https:\/\/www.forp.usp.br\/\">FORP<\/a><\/span> \/ <span style=\"color: #0000ff;\"><a style=\"color: #0000ff;\" href=\"https:\/\/www5.usp.br\/\">USP<\/a><\/span><\/strong>) com interven\u00e7\u00f5es\u00a0 que ampliam os conhecimentos t\u00e9cnicos e cient\u00edficos com pesquisas (Laboratorial e\/ou Cl\u00ednicas).<br \/>\n<\/span><\/p>\n<p style=\"text-align: justify;\"><span style=\"font-family: Arial;\">O Educando (Aluno \/ Aprendiz) constantemente est\u00e1 imerso na &#8220;Educa\u00e7\u00e3o Banc\u00e1ria&#8221; sem a efetiva atua\u00e7\u00e3o na <strong>Educa\u00e7\u00e3o Participativa <\/strong>e a <\/span><span style=\"font-family: Arial;\"><strong>Gest\u00e3o Educadora<\/strong> que estimulam a\u00e7\u00f5es educacionais (<strong>Ambiente Colaborativo de Aprendizagem<\/strong>) no Ensino Superior (<strong>FREIRE<\/strong>,2001)<\/span><\/p>\n<p style=\"text-align: justify;\"><span style=\"font-family: Arial;\">No per\u00edodos de 2009 a 20014 (Equipes: <span style=\"color: #0000ff;\"><strong><a style=\"color: #0000ff;\" href=\"http:\/\/dgp.cnpq.br\/dgp\/espelhogrupo\/7860212987967525\">LACIRO<\/a><\/strong><\/span> e <span style=\"color: #0000ff;\"><a style=\"color: #0000ff;\" href=\"http:\/\/dgp.cnpq.br\/dgp\/espelhogrupo\/379651\"><strong>LaABio<\/strong><\/a><\/span>) estimularam o exerc\u00edcio de &#8220;Pratica Educativa&#8221; pesquisa e a publica\u00e7\u00e3o sod resultados e peri\u00f3dicos cient\u00edficos (nacionais e internacionais) \u00a0 \u00a0 \u00a0 \u00a0 \u00a0 \u00a0\u00a0 (<strong><span style=\"color: #0000ff;\"><a style=\"color: #0000ff;\" href=\"https:\/\/www.sbpqo.org.br\/resumos\/index.asp\">RESUMOS<\/a><\/span><\/strong>).<\/span><\/p>\n<ul>\n<li><strong style=\"color: #0000ff; font-size: 12px;\"><span style=\"color: #000000;\">Minist\u00e9rio da Educa\u00e7\u00e3o; <span style=\"color: #0000ff;\"><a style=\"color: #0000ff;\" href=\"http:\/\/emec.mec.gov.br\/\">E-mec<\/a><\/span>):\u00a0<a href=\"http:\/\/Chttp:\/\/emec.mec.gov.br\/modulos\/visao_comum\/php\/login\/comum_login.php?691ba69561e311dd66adaae89947c631=YWJhX2F2YWxpYWRvcgoordena\u00e7\u00e3o de\">Relator T\u00e9cnico<\/a><\/span><\/strong><\/li>\n<li><\/li>\n<\/ul>\n<p style=\"text-align: justify;\"><span style=\"font-family: Arial;\">Neste s\u00e9culo XXI a <\/span><span style=\"font-family: Arial;\"><strong>Abordagem Articular<\/strong> \u00e9 fundamental para a atua\u00e7\u00e3o da Doc\u00eancia (Participa\u00e7\u00e3o Compartilhada &#8211; Educador \/ Educando) evitando a centralizar as a\u00e7\u00f5es pedag\u00f3gicas exclusivamente no Professor (Docente) com \u00eanfase no &#8220;Mon\u00f3logo&#8221; (Professor &#8211; Centro e Fulcro).<\/span><span style=\"font-family: Arial;\">.<\/span><\/p>\n<p style=\"text-align: justify;\"><span style=\"font-family: Arial;\"><strong>Abordagem Articular<\/strong>: A<strong> Doc\u00eancia <\/strong>e o<strong> Mon\u00f3logo <\/strong>(<strong>Curr\u00edculo e Did\u00e1tica<\/strong>) \u00e9 fundamental na Arte de<strong> Educar<\/strong> \u00e9 foco em a\u00e7\u00f5es (formativa e assertiva), d<\/span><span style=\"font-family: Arial;\">esperta e auxilia o Ensino Superior com avalia\u00e7\u00f5es peri\u00f3dicas<\/span><span style=\"font-family: Arial; line-height: 1.5;\">.<br \/>\n<\/span><\/p>\n<hr \/>\n<div align=\"justify\">\n<div align=\"justify\">\n<div align=\"justify\">\n<div align=\"justify\"><span style=\"font-size: 12px;\"><em><strong><span style=\"text-decoration: underline;\">REFER\u00caNCIAS<\/span><\/strong><\/em><\/span><\/div>\n<div style=\"font-size: 12px;\" align=\"justify\">\n<div align=\"justify\"><span style=\"font-size: 12px;\">1.<\/span><span style=\"font-size: 12px;\"> CAMPOS, A. A.; PANZERI, F. ; SOUZA, E. A.; GUGELMIN, M.C.M.; OLIVEIRA, L.M.; PARDINI, L.C; CASAGRANDE, L.D.R. Curr\u00edculos de graduaci\u00f3n em Odontologia: generalistas versus especialistas. Revista Fola Oral, 4(13), 1998. [Impresso]<\/span><\/div>\n<div align=\"justify\">2. FREIRE, P. Carta de Paulo Freire aos professores. Estud. av., S\u00e3o Paulo , 15(42): 259-268, Aug. 2001 [<strong><span style=\"color: #0000ff;\"><a style=\"color: #0000ff;\" href=\"http:\/\/www.scielo.br\/pdf\/ea\/v15n42\/v15n42a13.pdf\">PDF<\/a><\/span><\/strong>]<\/div>\n<div align=\"justify\"><span style=\"font-size: 12px;\"><span style=\"font-size: 12px;\">3.<\/span><\/span> ROZENDO, C.A.; CASAGRANDE, L.D.R.; PARDINI, L.C.; SCHNEIDER, J.F. Descripci\u00f3n de algunas pr\u00e1cticas docentes de profesores universitarios del \u00e1rea de salud. In: Pedagogia 97 &#8211; Encuentro por la unidad de los educadores latinoamericanos, 1997, La Habana, Cuba. Resumenes, p. 207, 1997. [Impresso].<\/div>\n<div align=\"justify\"><span style=\"font-size: 12px;\">4. ROZENDO, C.A.; CASAGRANDE, L.D.R.; SCHNEIDER, J.F.; PARDINI, L.C. Uma an\u00e1lise das pr\u00e1ticas docentes de professores universit\u00e1rios da \u00e1rea de sa\u00fade. Rev. latino-am.enfermagem, Ribeir\u00e3o Preto, 7( 2): 15-23, abril 1999. [<strong><span style=\"color: #0000ff;\"><a style=\"color: #0000ff;\" href=\"http:\/\/www.scielo.br\/scielo.php?script=sci_arttext&amp;pid=S0104-11691999000200003&amp;lng=pt&amp;nrm=iso\"><span style=\"color: #0000ff;\">LINK<\/span><\/a><\/span><\/strong>].<\/span><\/div>\n<\/div>\n<\/div>\n<\/div>\n<\/div>\n<div style=\"text-align: justify;\" align=\"justify\">\n<div style=\"text-align: center;\" align=\"justify\">\n<address style=\"text-align: right;\">\n<hr \/>\n<hr \/>\n<\/address>\n<\/div>\n<\/div>\n<div style=\"text-align: left;\" align=\"center\">\n<div style=\"text-align: center;\" align=\"center\">\n<div align=\"justify\">\n<p><span style=\"font-size: 10px;\"><strong><span style=\"font-size: 10px;\"><strong>Universidade de S\u00e3o Paulo (<span style=\"color: #0000ff;\"><a style=\"color: #0000ff;\" href=\"http:\/\/www5.usp.br\/\">USP<\/a><\/span> \/ <span style=\"color: #0000ff;\"><a style=\"color: #0000ff;\" href=\"https:\/\/uspdigital.usp.br\/wsusuario\/\">SistemasUSP<\/a><\/span>), Faculdade de Odontologia de Ribeir\u00e3o (<span style=\"color: #0000ff;\"><a style=\"color: #0000ff;\" href=\"http:\/\/www.forp.usp.br\/\">FORP<\/a><\/span> \/ <span style=\"color: #0000ff;\"><a style=\"color: #0000ff;\" href=\"http:\/\/www.prpg.usp.br\/index.php\/pt-br\/faca-pos-na-usp\/ache-um-programa?art_title=&amp;unidades%5B%5D=Faculdade+de+Odontologia+de+Ribeir%C3%A3o+Preto&amp;area_pos_graduacao%5B%5D=Ci%C3%AAncias+Biol%C3%B3gicas+e+da+Sa%C3%BAde&amp;art_language=pt-BR&amp;boxchecked=0&amp;search=programas_de_ps_graduaco&amp;task=search\">PgPG<\/a><\/span>) \/ <\/strong><\/span>Disciplina (<span style=\"color: #0000ff;\"><a style=\"color: #0000ff;\" href=\"https:\/\/uspdigital.usp.br\/janus\/Disciplina?sgldis=8035743&amp;origem=C&amp;\">803 5743<\/a><\/span>): <em>Metodologia do Ensino Superior (Respons\u00e1vel: Luiz Carlos Pardini). <\/em><\/strong><\/span><span style=\"font-size: 10px;\"><span style=\"font-size: 10px;\"><strong>Programa de Aperfei\u00e7oamento de Ensino (<a href=\"http:\/\/www.prpg.usp.br\/index.php\/pt-br\/pae\/o-que-pae\"><span style=\"color: #0000ff;\">PAE<\/span><\/a>)<\/strong><strong><br \/>\n<\/strong><\/span><\/span><\/p>\n<hr \/>\n<p style=\"text-align: justify;\"><span style=\"font-size: 10px;\"><strong><span style=\"text-decoration: underline;\">Recebido<\/span>: 1\/3\/2011 &#8211; <span style=\"color: #0000ff;\"><a style=\"color: #0000ff;\" href=\"http:\/\/sites.usp.br\/ebt\/forp-expediente-encicl-bras-teleodontol\/parecerista-relator-consultor-avaliador\/\">Parecerista<\/a>: <\/span>1\/4\/2011 &#8211; <span style=\"text-decoration: underline;\">Reformulado<\/span>: 2\/4\/2011 &#8211; <span style=\"text-decoration: underline;\">Publicado<\/span>: 2\/4\/2011 &#8211; Enciclop\u00e9dia Brasileira de Teleodontologia<\/strong><br \/>\n<\/span><\/p>\n<\/div>\n<\/div>\n<hr \/>\n<\/div>\n<p>&nbsp;<\/p>\n","protected":false},"excerpt":{"rendered":"<p>ENCICLOP\u00c9DIA BRASILEIRA DE TELEODONTOLOGIA ISSN 2448-1181 \/ SIBi \/ Expediente \/ Fasc\u00edculos (A-Z) Polo de [&hellip;]<\/p>\n","protected":false},"author":58,"featured_media":0,"parent":11992,"menu_order":0,"comment_status":"closed","ping_status":"closed","template":"","meta":{"footnotes":"","_links_to":"","_links_to_target":""},"class_list":["post-11801","page","type-page","status-publish","hentry"],"_links":{"self":[{"href":"https:\/\/sites.usp.br\/podae\/index.php?rest_route=\/wp\/v2\/pages\/11801","targetHints":{"allow":["GET"]}}],"collection":[{"href":"https:\/\/sites.usp.br\/podae\/index.php?rest_route=\/wp\/v2\/pages"}],"about":[{"href":"https:\/\/sites.usp.br\/podae\/index.php?rest_route=\/wp\/v2\/types\/page"}],"author":[{"embeddable":true,"href":"https:\/\/sites.usp.br\/podae\/index.php?rest_route=\/wp\/v2\/users\/58"}],"replies":[{"embeddable":true,"href":"https:\/\/sites.usp.br\/podae\/index.php?rest_route=%2Fwp%2Fv2%2Fcomments&post=11801"}],"version-history":[{"count":5,"href":"https:\/\/sites.usp.br\/podae\/index.php?rest_route=\/wp\/v2\/pages\/11801\/revisions"}],"predecessor-version":[{"id":13017,"href":"https:\/\/sites.usp.br\/podae\/index.php?rest_route=\/wp\/v2\/pages\/11801\/revisions\/13017"}],"up":[{"embeddable":true,"href":"https:\/\/sites.usp.br\/podae\/index.php?rest_route=\/wp\/v2\/pages\/11992"}],"wp:attachment":[{"href":"https:\/\/sites.usp.br\/podae\/index.php?rest_route=%2Fwp%2Fv2%2Fmedia&parent=11801"}],"curies":[{"name":"wp","href":"https:\/\/api.w.org\/{rel}","templated":true}]}}