{"id":11900,"date":"2020-02-29T18:01:27","date_gmt":"2020-02-29T21:01:27","guid":{"rendered":"http:\/\/sites.usp.br\/podae\/?page_id=11900"},"modified":"2020-03-24T16:11:02","modified_gmt":"2020-03-24T19:11:02","slug":"03-tratamento-da-hipersensibilidade-dentinaria-estudos-laboratorial-e-clinico","status":"publish","type":"page","link":"https:\/\/sites.usp.br\/podae\/?page_id=11900","title":{"rendered":"07. Tratamento da Hipersensibilidade Dentin\u00e1ria: Estudos Laboratorial e Cl\u00ednico"},"content":{"rendered":"<address><span style=\"color: #ff0000; font-size: 14px;\">\u2666 <\/span><span style=\"color: #ff0000;\"><span style=\"color: #000000; font-size: 14px;\"><em><strong>Camila Tirapelli <\/strong><\/em><\/span><\/span><span style=\"color: #ff0000;\"><strong><span style=\"font-size: 10px;\"><span style=\"color: #0000ff;\"><em><span style=\"color: #000000; font-size: 14px;\">&#8211;<\/span><\/em> <\/span><\/span><span style=\"font-size: 10px; color: #0000ff;\"><a style=\"color: #0000ff;\" href=\"http:\/\/lattes.cnpq.br\/8527991428093010\">Curr\u00edculo Lattes<\/a><\/span><\/strong><\/span><span style=\"color: #000000;\"><strong><span style=\"font-size: 10px;\"><span style=\"font-size: 10px;\"><strong><em><em><strong><span style=\"font-size: 14px;\"> &#8211; <\/span><\/strong><\/em><\/em> <\/strong><\/span> <\/span><\/strong><\/span><\/address>\n<address><em><span style=\"color: #ff0000; font-size: 14px;\"><em>\u2666 <\/em><\/span><\/em><span style=\"color: #ff0000;\"><span style=\"color: #ff0000;\"><span style=\"font-size: 10px;\"><strong><span style=\"color: #0000ff;\"><em><span style=\"color: #ff0000;\"><em><strong><span style=\"color: #000000; font-size: 14px;\">Heitor Panzeri &#8211;<\/span><\/strong><\/em><\/span><\/em> <\/span><\/strong><\/span><\/span><\/span><span style=\"font-size: 10px;\"><strong><span style=\"color: #0000ff;\"><span style=\"color: #ff0000;\"><strong><span style=\"font-size: 10px;\"><span style=\"color: #0000ff;\"> <a style=\"color: #0000ff;\" href=\"http:\/\/lattes.cnpq.br\/6804071459907042\">Curr\u00edculo Lattes<\/a><\/span><span style=\"color: #000000;\"> <span style=\"color: #ff0000;\"><span style=\"color: #ff0000;\"><span style=\"font-size: 10px;\"><strong><span style=\"color: #0000ff;\"><span style=\"color: #000000;\"><em><em><strong><span style=\"font-size: 14px;\">&#8211;<\/span><\/strong><\/em><\/em><\/span> <\/span><\/strong><\/span><\/span><\/span><\/span><\/span><\/strong><\/span> <\/span><\/strong><\/span><\/address>\n<hr \/>\n<hr \/>\n<address style=\"text-align: right;\"><strong><span style=\"font-size: 10px;\">p\u00e1gina 3<\/span><\/strong><\/address>\n<hr \/>\n<p style=\"text-align: justify;\"><span style=\"font-size: 10px;\">TIRAPELLI, C,; PANZERI, H . Tratamento da Hipersensibilidade Dentin\u00e1ria: Estudos Laboratorial e Cl\u00ednico. Encicl. Bras. Teleodontol., Volume 1 (S\u00e9rie L): p\u00e1gina 3, janeiro, 2011. ISSN 2448-1181<\/span><\/p>\n<hr \/>\n<p style=\"text-align: justify;\"><span style=\"font-family: Arial; line-height: 1.5;\"><strong>TIRAPELLI <\/strong>(<strong>2007<\/strong>) <span style=\"font-family: Arial;\">no Programa de P\u00f3s-Gradua\u00e7\u00e3o (<span style=\"color: #0000ff;\"><strong><a style=\"color: #0000ff;\" href=\"http:\/\/www5.usp.br\/\">USP<\/a><\/strong><\/span> \/ <strong><span style=\"color: #0000ff;\"><a style=\"color: #0000ff;\" href=\"http:\/\/www.forp.usp.br\/\">FORP<\/a><\/span> \/<\/strong> <strong>Reabilita\u00e7\u00e3o Oral <\/strong>(Produ\u00e7\u00e3o Cient\u00edfica<strong> &#8211; <span style=\"color: #0000ff;\"><a style=\"color: #0000ff;\" href=\"http:\/\/www.teses.usp.br\/index.php?option=com_jumi&amp;fileid=9&amp;Itemid=159&amp;lang=pt-br&amp;id=58131&amp;prog=58006&amp;exp=0\">Tese e Disserta\u00e7\u00e3o<\/a><\/span><\/strong>) <\/span>realizou estudos sobre a <\/span><span style=\"font-family: Arial; line-height: 1.5;\"><strong>Hipersensibilidade Dentin\u00e1ria<\/strong> que \u00e9 um problema que atinge de 8% a 35% da popula\u00e7\u00e3o. Os tratamentos para a <strong>Hipersensibilidade Dentin\u00e1ria<\/strong> no \u00e2mbito dom\u00e9stico e cl\u00ednico s\u00e3o diversos, entretanto a efic\u00e1cia e dura\u00e7\u00e3o dos mesmos n\u00e3o s\u00e3o absolutas<br \/>\n<\/span><\/p>\n<p style=\"text-align: justify;\"><span style=\"font-family: Arial; line-height: 1.5;\"><strong>TIRAPELLI <\/strong>(<strong>2007<\/strong>) avaliou comparativamente, <em>in vitro<\/em> e <em>in vivo<\/em>, a efic\u00e1cia do Biosilicato\u00ae, uma vitrocer\u00e2mica bioativa frente a agentes dessensibilizantes dispon\u00edveis no mercado, no tratamento da hipersensibilidade dentin\u00e1ria. Os pacientes volunt\u00e1rios fizeram uso de: dentifr\u00edcio dessensibilizante Sensodyne\u00ae; gel com Biosilicato\u00ae a 1%; Biosilicato\u00ae misturado \u00e0 \u00e1gua destilada 10% e do produto Sensi Kill\u00ae. Por meio do modelo do disco de dentina (estudo i<em>n vitro<\/em>) as mesmas subst\u00e2ncias testadas clinicamente foram avaliadas quanto ao seu potencial de oclus\u00e3o dos t\u00fabulos dentin\u00e1rios. Foram observados clinicamente o tempo de a\u00e7\u00e3o de cada produto (em semanas) e posteriormente a dura\u00e7\u00e3o do efeito do tratamento (mensalmente &#8211; por 06 meses). Os dados colhidos foram submetidos ao Teste estat\u00edstico de Kruskall Wallis e posterior Teste de Dunn (p&lt;0.05). A avalia\u00e7\u00e3o qualitativa, por meio de MEV, mostrou diferentes padr\u00f5es de capacidade de oblitera\u00e7\u00e3o dos t\u00fabulos dentin\u00e1rios pelos agentes dessensibilizantes testados sendo que o Biosilicato\u00ae misturado \u00e0 \u00e1gua destilada formou uma camada uniforme sobre a estrutura dentin\u00e1ria. Em rela\u00e7\u00e3o ao tempo de a\u00e7\u00e3o dos diferentes produtos, no estudo in vivo, todos os produtos foram capazes de reduzir significantemente a dor proveniente da exposi\u00e7\u00e3o dos t\u00fabulos em pelo menos 15 dias. Clinicamente, o Biosilicato\u00ae misturado \u00e0 \u00e1gua destilada foi o produto que apresentou maior redu\u00e7\u00e3o da dor no menor tempo, ou seja, apresentou a a\u00e7\u00e3o mais r\u00e1pida. A dura\u00e7\u00e3o dos tratamentos foi satisfat\u00f3ria para todos os produtos avaliados no prazo de 06 meses. No sexto m\u00eas os valores de dor observados foram significantemente menores que os valores iniciais para todos os agentes dessensibilizantes testados. <\/span><\/p>\n<p style=\"text-align: justify;\"><span style=\"font-family: Arial; line-height: 1.5;\"><strong>TIRAPELLI <\/strong>(<strong>2007<\/strong>) demonstrou que o Biosilicato\u00ae, na apresenta\u00e7\u00e3o em gel ou misturado \u00e0 \u00e1gua destilada \u00e9 eficiente no tratamento da <strong>Hipersensibilidade Dentin\u00e1ria<\/strong>.<\/span><\/p>\n<hr \/>\n<p style=\"text-align: justify;\"><strong><span style=\"font-size: 10px;\">REFER\u00caNCIAS<\/span><\/strong><\/p>\n<div style=\"text-align: justify;\" align=\"justify\">\n<div align=\"justify\"><span style=\"font-size: 10px;\">1. TIRAPELLI, C. Avalia\u00e7\u00e3o da efic\u00e1cia de um biomaterial e conhecidos agentes dessensibilizantes no tratamento da hipersensibilidade dentin\u00e1ria &#8211; Estudo <em>in vitro<\/em> e <em>in vivo, <\/em>2007. Tese de Doutorado (Reabilita\u00e7\u00e3o Oral), Faculdade de Odontologia de Ribeir\u00e3o Preto, Universidade de S\u00e3o Paulo, 2007. (<span style=\"color: #0000ff;\"><strong><a style=\"color: #0000ff;\" href=\"http:\/\/www.teses.usp.br\/teses\/disponiveis\/58\/58131\/tde-13122007-082300\/publico\/do_Camila_Tirapelli.pdf\">Link Tese<\/a><\/strong><\/span>) &#8211; [Orientador: <a href=\"http:\/\/lattes.cnpq.br\/6804071459907042\"><strong><span style=\"color: #0000ff;\">Heitor Panzer<\/span><\/strong>i<\/a>]<br \/>\n<\/span><\/div>\n<div style=\"text-align: center;\" align=\"justify\">\n<address style=\"text-align: right;\">\n<hr \/>\n<hr \/>\n<\/address>\n<\/div>\n<\/div>\n<div style=\"text-align: left;\" align=\"center\">\n<div style=\"text-align: center;\" align=\"center\">\n<div align=\"justify\"><span style=\"font-size: 10px;\"><strong><span style=\"text-decoration: underline;\">Recebido<\/span>:<\/strong> 1\/12\/2010 &#8211; <strong><span style=\"text-decoration: underline;\">Reformulado<\/span>:<\/strong> 10\/12\/2010 &#8211; <strong><span style=\"text-decoration: underline;\">Publicado<\/span>:<\/strong> 02\/01\/2011 &#8211; Enciclop\u00e9dia Brasileira de Teleodontologia &#8211; ISSN 2448-1181<br \/>\n<\/span><\/div>\n<\/div>\n<hr \/>\n<\/div>\n<hr \/>\n","protected":false},"excerpt":{"rendered":"<p>\u2666 Camila Tirapelli &#8211; Curr\u00edculo Lattes &#8211; \u2666 Heitor Panzeri &#8211; Curr\u00edculo Lattes &#8211; p\u00e1gina [&hellip;]<\/p>\n","protected":false},"author":58,"featured_media":0,"parent":11884,"menu_order":0,"comment_status":"closed","ping_status":"closed","template":"","meta":{"footnotes":"","_links_to":"","_links_to_target":""},"class_list":["post-11900","page","type-page","status-publish","hentry"],"_links":{"self":[{"href":"https:\/\/sites.usp.br\/podae\/index.php?rest_route=\/wp\/v2\/pages\/11900","targetHints":{"allow":["GET"]}}],"collection":[{"href":"https:\/\/sites.usp.br\/podae\/index.php?rest_route=\/wp\/v2\/pages"}],"about":[{"href":"https:\/\/sites.usp.br\/podae\/index.php?rest_route=\/wp\/v2\/types\/page"}],"author":[{"embeddable":true,"href":"https:\/\/sites.usp.br\/podae\/index.php?rest_route=\/wp\/v2\/users\/58"}],"replies":[{"embeddable":true,"href":"https:\/\/sites.usp.br\/podae\/index.php?rest_route=%2Fwp%2Fv2%2Fcomments&post=11900"}],"version-history":[{"count":4,"href":"https:\/\/sites.usp.br\/podae\/index.php?rest_route=\/wp\/v2\/pages\/11900\/revisions"}],"predecessor-version":[{"id":12070,"href":"https:\/\/sites.usp.br\/podae\/index.php?rest_route=\/wp\/v2\/pages\/11900\/revisions\/12070"}],"up":[{"embeddable":true,"href":"https:\/\/sites.usp.br\/podae\/index.php?rest_route=\/wp\/v2\/pages\/11884"}],"wp:attachment":[{"href":"https:\/\/sites.usp.br\/podae\/index.php?rest_route=%2Fwp%2Fv2%2Fmedia&parent=11900"}],"curies":[{"name":"wp","href":"https:\/\/api.w.org\/{rel}","templated":true}]}}