{"id":11902,"date":"2020-02-29T18:02:36","date_gmt":"2020-02-29T21:02:36","guid":{"rendered":"http:\/\/sites.usp.br\/podae\/?page_id=11902"},"modified":"2020-03-01T19:28:27","modified_gmt":"2020-03-01T22:28:27","slug":"04-resina-de-poliuretano-30-de-diatomita-viabilidade-como-modelagem-odontologica","status":"publish","type":"page","link":"https:\/\/sites.usp.br\/podae\/?page_id=11902","title":{"rendered":"05. Resina de Poliuretano (30% de Diatomita) viabilidade como Modelagem Odontol\u00f3gica?"},"content":{"rendered":"<address><span style=\"color: #ff0000; font-size: 14px;\">\u2666 <\/span><span style=\"color: #ff0000;\"><span style=\"color: #000000; font-size: 14px;\"><em><strong>Gisseli Bertozzi \u00c1vila <\/strong><\/em><\/span><\/span><span style=\"color: #ff0000;\"><strong><span style=\"font-size: 10px;\"><span style=\"color: #0000ff;\"><em><span style=\"color: #000000; font-size: 14px;\">&#8211;<\/span><\/em> <\/span> <a href=\"http:\/\/lattes.cnpq.br\/1073203026679943\"><span style=\"color: #0000ff;\"><span style=\"color: #0000ff;\">Curr\u00edculo Lattes<\/span><\/span><\/a> <\/span><\/strong><\/span><span style=\"color: #000000;\"><strong><span style=\"font-size: 10px;\"><span style=\"font-size: 10px;\"><strong><em><em><strong><span style=\"font-size: 14px;\"> &#8211; <\/span><\/strong><\/em><\/em> <\/strong><\/span> <\/span><\/strong><\/span><\/address>\n<address><em><span style=\"color: #ff0000; font-size: 14px;\"><em>\u2666 <\/em><\/span><\/em><span style=\"color: #ff0000;\"><span style=\"color: #ff0000;\"><span style=\"font-size: 10px;\"><strong><span style=\"color: #0000ff;\"><em><span style=\"color: #ff0000;\"><em><strong><span style=\"color: #000000; font-size: 14px;\">Heitor Panzeri &#8211;<\/span><\/strong><\/em><\/span><\/em> <\/span><\/strong><\/span><\/span><\/span><span style=\"font-size: 10px;\"><strong><span style=\"color: #0000ff;\"><span style=\"color: #ff0000;\"><strong><span style=\"font-size: 10px;\"><span style=\"color: #0000ff;\"><a style=\"color: #0000ff;\" href=\"http:\/\/lattes.cnpq.br\/6804071459907042\">Curr\u00edculo Lattes<\/a><\/span><span style=\"color: #000000;\"> <span style=\"color: #ff0000;\"><span style=\"color: #ff0000;\"><span style=\"font-size: 10px;\"><strong><span style=\"color: #0000ff;\"><span style=\"color: #000000;\"><em><em><strong><span style=\"font-size: 14px;\">&#8211;<\/span><\/strong><\/em><\/em><\/span> <\/span><\/strong><\/span><\/span><\/span><\/span><\/span><\/strong><\/span> <\/span><\/strong><\/span><\/address>\n<hr \/>\n<hr \/>\n<address style=\"text-align: right;\"><strong><span style=\"font-size: 10px;\">p\u00e1gina 4<\/span><\/strong><\/address>\n<hr \/>\n<p style=\"text-align: justify;\"><span style=\"font-size: 10px;\">\u00c1VILA, G.B., PANZERI, H. Resina de Poliuretano (30% de Diatomita) viabilidade como Modelagem Odontol\u00f3gica? Encicl. Bras. Teleodontol., Volume 1 (S\u00e9rie L): p\u00e1gina 4, janeiro, 2011. ISSN 2448-1181 <\/span><\/p>\n<hr \/>\n<p style=\"text-align: justify;\"><span style=\"font-family: Arial;\"><strong>\u00c1vila<\/strong> (<strong>2009<\/strong>) <span style=\"font-family: Arial; line-height: 1.5;\"> no Programa de P\u00f3s-Gradua\u00e7\u00e3o (<span style=\"color: #0000ff;\"><strong><a style=\"color: #0000ff;\" href=\"http:\/\/www5.usp.br\/\">USP<\/a><\/strong><\/span> \/ <strong><span style=\"color: #0000ff;\"><a style=\"color: #0000ff;\" href=\"http:\/\/www.forp.usp.br\/\">FORP<\/a><\/span> \/<\/strong> <strong>Reabilita\u00e7\u00e3o Oral <\/strong>(Produ\u00e7\u00e3o Cient\u00edfica<strong> &#8211; <span style=\"color: #0000ff;\"><a style=\"color: #0000ff;\" href=\"http:\/\/www.teses.usp.br\/index.php?option=com_jumi&amp;fileid=9&amp;Itemid=159&amp;lang=pt-br&amp;id=58131&amp;prog=58006&amp;exp=0\">Tese e Disserta\u00e7\u00e3o<\/a><\/span><\/strong>)<\/span> avaliou a resina de poliuretano de alto desempenho 6470 e endurecedor Dt 082 carregada com 30% diatomita para ser empregada na modelagem odontol\u00f3gica. O material foi manipulado na propor\u00e7\u00e3o de 1\/8 entre resina e endurecedor, com acr\u00e9scimo de acelerador de poliuretano na propor\u00e7\u00e3o de uma gota para cada 200 gramas de resina. Foram obtidas amostras de resina pura, modificada com diatomita e gesso tipo IV(Fuji Rock EP), GC America Inc-USA para os ensaios de resist\u00eancia a compress\u00e3o e tra\u00e7\u00e3o por compress\u00e3o diametral ASTM D 695 2(a), resist\u00eancia a fratura por impacto ISO 179-1: 2000., resist\u00eancia a flex\u00e3o tr\u00eas pontos (ISO 1567:1999), resist\u00eancia ao desgaste por abras\u00e3o norma ASTM D 4060. Amostras foram analisadas quanto ao comportamento dimensional em um projetor de perfil (Mitutoyo PJ-A3000 Jap\u00e3o), a rugosidade superficial Ra, e capacidade de copia de detalhes foram analisadas em Rugos\u00edmetro (Mitutoyo Surftest SJ-301 &#8211; Jap\u00e3o), a dureza superficial foi analisada em dur\u00f4metro Sussen Wolpert, tipo Testor HT1 com m\u00e9todo de Dureza Rockwell. A compatibilidade da resina com elast\u00f4meros de moldagem foi analisada com os criterios ader\u00eancia do material de modelagem no molde e altera\u00e7\u00e3o na colora\u00e7\u00e3o do modelo obtido. O ensaio de resist\u00eancia a compress\u00e3o e tra\u00e7\u00e3o por compress\u00e3o diametral foram realizados na M\u00e1quina Universal de Ensaios DL2000 EMIC, com c\u00e9lula de carga de 2000 Kgf e velocidade de 1,3 mm\/min. O ensaio de flex\u00e3o foi realizado no mesmo equipamento com dist\u00e2ncia entre os apoios de 52 mm, c\u00e9lula de carga de 2000 Kgf e velocidade de 5 mm\/min. O ensaio de resist\u00eancia a fratura por impacto foi realizado na M\u00e1quina de Impacto CEAST modelo Resil 25 utilizando ensaio tipo Charpy. O ensaio de resist\u00eancia ao desgaste por abras\u00e3o foi realizado em abras\u00edmetro TABER, que determina a perda de massa por 1000 ciclos, utilizando o rebolo padr\u00e3o CS-17 com 1000g de carga, ASTM D 4060. Os dados obtidos foram analisados estatisticamente vari\u00e2ncia e tukey com signific\u00e2ncia de 95%, e verificou-se que: A resina de poliuretano pura ou modificada com diatomita sobre os dois crit\u00e9rios adotados \u00e9 compat\u00edvel com silicone de condensa\u00e7\u00e3o e adi\u00e7\u00e3o; a capacidade de c\u00f3pia da resina foi reduzida com a adi\u00e7\u00e3o de diatomita mas permaneceu superior ao gesso tipo IV; a diatomita interferiu na rugosidade superficial da resina de poliuretano mas os valores foram menores que os apresentados pelo gesso tipo IV; a diatomita adicionada na resina de poliuretano aumentou a dureza superficial, a resist\u00eancia a compress\u00e3o, a tra\u00e7\u00e3o por compress\u00e3o diametral, a resist\u00eancia ao desgaste por abras\u00e3o, ao impacto, e a flex\u00e3o tr\u00eas pontos. A resina pura e a modificada com diatomita foram superiores ao gesso tipo IV para resiste resist\u00eancia a compress\u00e3o, a tra\u00e7\u00e3o por compress\u00e3o diametral, a resist\u00eancia ao desgaste por abras\u00e3o, ao impacto e a flex\u00e3o tr\u00eas pontos (<strong>\u00c1vila<\/strong>,2009).<\/span><\/p>\n<p style=\"text-align: justify;\"><span style=\"font-family: Arial;\"> <strong>\u00c1vila<\/strong> (2009) verificou comportamento dimensional semelhante para o gesso tipo IV e a resina de poliuretano modificada com diatomita, a resina pura contraiu, a diatomita reduziu a contra\u00e7\u00e3o da resina de poliuretano. <\/span><\/p>\n<p style=\"text-align: justify;\"><span style=\"font-family: Arial;\"><strong>\u00c1vila<\/strong> (2009) com a realiza\u00e7\u00e3o desse estudo concluiu-se que: A resina de poliuretano pura ou modificada com diatomita \u00e9 compat\u00edvel com os elast\u00f4meros silicone de condensa\u00e7\u00e3o e adi\u00e7\u00e3o; a carga diatomita no percentual de 30% aumenta a dureza superficial, a resist\u00eancia a compress\u00e3o, a resist\u00eancia a tra\u00e7\u00e3o por compress\u00e3o diametral, a resist\u00eancia a fratura por impacto, a resist\u00eancia a flex\u00e3o tr\u00eas pontos, e a resist\u00eancia ao desgaste por abras\u00e3o da resina de poliuretano; a resina de poliuretano quando modificada com 30% de diatomita apresenta comportamento dimensional semelhante ao gesso tipo IV; a diatomita reduziu a capacidade de copia da resina de poliuretano e aumentou sua rugosidade superficial, mas a resina carregada apresentou menor rugosidade superficial e maior capacidade de c\u00f3pia que o gesso tipo IV. <\/span><\/p>\n<p style=\"text-align: justify;\"><span style=\"font-family: Arial;\"><strong>\u00c1vila<\/strong> (<strong>2009<\/strong>) destaca que diante dos resultados encontrados com a modifica\u00e7\u00e3o da resina de poliuretano com 30% de diatomita existe a viabilidade do uso desse material na modelagem odontol\u00f3gica.<\/span><\/p>\n<hr \/>\n<p style=\"text-align: justify;\"><strong><span style=\"font-size: 10px;\">REFER\u00caNCIAS<\/span><\/strong><\/p>\n<div style=\"text-align: justify;\" align=\"justify\">\n<div align=\"justify\"><span style=\"font-size: 10px;\">01. \u00c1VILA, G. B. Resina industrial de poliuretano modificada com terra diatom\u00e1cea para ser empregada na modelagem odontol\u00f3gica, 2009. Disserta\u00e7\u00e3o de Mestrado (Reabilita\u00e7\u00e3o Oral), Faculdade de Odontologia de Ribeir\u00e3o Preto, Universidade de S\u00e3o Paulo, 2009. (<strong><span style=\"color: #0000ff;\"><a style=\"color: #0000ff;\" href=\"http:\/\/www.teses.usp.br\/teses\/disponiveis\/58\/58131\/tde-26032010-124102\/publico\/do_gisseli_avila.pdf\">Link Tese<\/a><\/span><\/strong>) &#8211; [Orientador: <a href=\"http:\/\/lattes.cnpq.br\/6804071459907042\"><strong><span style=\"color: #0000ff;\">Heitor Panzer<\/span><\/strong>i<\/a>]<br \/>\n<\/span><\/div>\n<div style=\"text-align: center;\" align=\"justify\">\n<address style=\"text-align: right;\">\n<hr \/>\n<hr \/>\n<\/address>\n<\/div>\n<\/div>\n<div style=\"text-align: left;\" align=\"center\">\n<div style=\"text-align: center;\" align=\"center\">\n<div align=\"justify\"><span style=\"font-size: 10px;\"><strong><span style=\"text-decoration: underline;\">Recebido<\/span>:<\/strong> 1\/12\/2010 &#8211; <strong><span style=\"text-decoration: underline;\">Reformulado<\/span>:<\/strong> 10\/12\/2010 &#8211; <strong><span style=\"text-decoration: underline;\">Publicado<\/span>:<\/strong> 02\/01\/2011 &#8211; Enciclop\u00e9dia Brasileira de Teleodontologia &#8211; ISSN 2448-1181<br \/>\n<\/span><\/div>\n<\/div>\n<hr \/>\n<\/div>\n<hr \/>\n","protected":false},"excerpt":{"rendered":"<p>\u2666 Gisseli Bertozzi \u00c1vila &#8211; Curr\u00edculo Lattes &#8211; \u2666 Heitor Panzeri &#8211; Curr\u00edculo Lattes &#8211; [&hellip;]<\/p>\n","protected":false},"author":58,"featured_media":0,"parent":11884,"menu_order":0,"comment_status":"closed","ping_status":"closed","template":"","meta":{"footnotes":"","_links_to":"","_links_to_target":""},"class_list":["post-11902","page","type-page","status-publish","hentry"],"_links":{"self":[{"href":"https:\/\/sites.usp.br\/podae\/index.php?rest_route=\/wp\/v2\/pages\/11902","targetHints":{"allow":["GET"]}}],"collection":[{"href":"https:\/\/sites.usp.br\/podae\/index.php?rest_route=\/wp\/v2\/pages"}],"about":[{"href":"https:\/\/sites.usp.br\/podae\/index.php?rest_route=\/wp\/v2\/types\/page"}],"author":[{"embeddable":true,"href":"https:\/\/sites.usp.br\/podae\/index.php?rest_route=\/wp\/v2\/users\/58"}],"replies":[{"embeddable":true,"href":"https:\/\/sites.usp.br\/podae\/index.php?rest_route=%2Fwp%2Fv2%2Fcomments&post=11902"}],"version-history":[{"count":2,"href":"https:\/\/sites.usp.br\/podae\/index.php?rest_route=\/wp\/v2\/pages\/11902\/revisions"}],"predecessor-version":[{"id":11960,"href":"https:\/\/sites.usp.br\/podae\/index.php?rest_route=\/wp\/v2\/pages\/11902\/revisions\/11960"}],"up":[{"embeddable":true,"href":"https:\/\/sites.usp.br\/podae\/index.php?rest_route=\/wp\/v2\/pages\/11884"}],"wp:attachment":[{"href":"https:\/\/sites.usp.br\/podae\/index.php?rest_route=%2Fwp%2Fv2%2Fmedia&parent=11902"}],"curies":[{"name":"wp","href":"https:\/\/api.w.org\/{rel}","templated":true}]}}