{"id":11904,"date":"2020-02-29T18:07:39","date_gmt":"2020-02-29T21:07:39","guid":{"rendered":"http:\/\/sites.usp.br\/podae\/?page_id=11904"},"modified":"2020-03-24T09:17:49","modified_gmt":"2020-03-24T12:17:49","slug":"00-prof-heitor-panzeri-pesquisador","status":"publish","type":"page","link":"https:\/\/sites.usp.br\/podae\/?page_id=11904","title":{"rendered":"02 Laborat\u00f3rio Prof. Dr. Heitor Panzeri (FORP\/USP) &#8211; Pesquisa em Materiais Odontol\u00f3gicos (Livre Acesso)"},"content":{"rendered":"<p style=\"text-align: center;\"><span style=\"color: #800080;\"><strong><span style=\"font-size: 16px;\"><span style=\"font-family: Arial;\">ENCICLOP\u00c9DIA BRASILEIRA DE TELEODONTOLOGIA<br \/>\n<\/span><\/span><\/strong><\/span><strong><span style=\"font-size: 12px;\"><span style=\"font-family: Arial;\">ISSN <span style=\"color: #0000ff;\"><a style=\"color: #0000ff;\" href=\"https:\/\/portal.issn.org\/resource\/ISSN\/2448-1181#\">2448-1181<\/a><\/span><\/span><\/span><\/strong><strong><span style=\"font-size: 12px;\"><span style=\"font-family: Arial;\"> \/ <span style=\"color: #0000ff;\"><a style=\"color: #0000ff;\" href=\"https:\/\/sites.usp.br\/podae\/wp-content\/uploads\/sites\/36\/2019\/06\/Encicl.-Bras.Teleodontol.jpg\">SIBi<\/a><\/span> \/ <a href=\"https:\/\/sites.usp.br\/podae\/?page_id=3320\"><span style=\"color: #0000ff;\">Expediente<\/span><\/a> \/ Fasc\u00edculos <\/span><\/span><\/strong><span style=\"font-size: 12px;\"><span style=\"font-family: Arial;\">(<\/span><\/span><span style=\"color: #0000ff;\"><strong><span style=\"font-size: 12px;\"><span style=\"font-family: Arial;\"><a style=\"color: #0000ff;\" href=\"https:\/\/sites.usp.br\/podae\/?page_id=120\">A-Z<\/a><\/span><\/span><\/strong><\/span><span style=\"font-size: 12px;\"><span style=\"font-family: Arial;\">)<\/span><\/span><strong><span style=\"font-size: 12px;\"><span style=\"font-family: Arial;\"><br \/>\n<\/span><\/span><\/strong><strong><span style=\"font-size: 12px;\"><span style=\"font-family: Arial;\"> Polo de Odontologia Digital Aplicado \u00e0 Educa\u00e7\u00e3o <\/span><\/span><\/strong><span style=\"font-size: 12px;\"><span style=\"font-family: Arial;\">(<\/span><\/span><strong><span style=\"font-size: 12px;\"><span style=\"font-family: Arial;\"><a href=\"https:\/\/sites.usp.br\/podae\/?page_id=89\"><span style=\"color: #0000ff;\">PODAE<\/span><\/a><\/span><\/span><\/strong><span style=\"font-size: 12px;\"><span style=\"font-family: Arial;\"><span style=\"color: #0000ff;\">)<\/span><\/span><\/span><strong><span style=\"font-size: 12px;\"><span style=\"font-family: Arial;\"><span style=\"color: #0000ff;\">: <\/span><a href=\"https:\/\/www.forp.usp.br\/\"><span style=\"color: #0000ff;\">FORP<\/span><\/a> \/ <span style=\"color: #0000ff;\"><a style=\"color: #0000ff;\" href=\"https:\/\/www5.usp.br\/\">USP<\/a><\/span><\/span><\/span><\/strong> <strong><span style=\"font-size: 12px;\"><span style=\"font-family: Arial;\"><br \/>\n<\/span><\/span><\/strong> <strong><span style=\"font-size: 14px;\"><span style=\"font-family: Arial;\"><span style=\"color: #0000ff;\"><em><span style=\"color: #000000;\"><span style=\"text-decoration: underline; color: #0000ff;\"><a style=\"color: #0000ff; text-decoration: underline;\" href=\"https:\/\/sites.usp.br\/podae\/?page_id=3391\">1\u00aa Atividad<\/a><\/span><\/span><\/em><\/span><\/span><\/span><\/strong><strong><span style=\"font-size: 14px;\"><span style=\"font-family: Arial;\"><span style=\"color: #0000ff;\"><em><span style=\"color: #000000;\"><span style=\"text-decoration: underline; color: #0000ff;\"><a style=\"color: #0000ff; text-decoration: underline;\" href=\"https:\/\/sites.usp.br\/podae\/?page_id=3391\">e Educativa Onlin<\/a>e<\/span> <\/span><\/em><\/span><\/span><\/span><\/strong><strong><span style=\"font-size: 12px;\"><span style=\"font-family: Arial;\"><br \/>\n<\/span><\/span><\/strong><span style=\"color: #000000;\"><strong><span style=\"font-size: 10px;\"><span style=\"color: #ff0000; font-size: 14px;\">\u2666<\/span> <\/span><\/strong><\/span><span style=\"color: #000000;\"><strong><span style=\"font-size: 10px;\"><span style=\"text-decoration: underline;\">SUM\u00c1RIOS<\/span><\/span><\/strong><\/span><strong><span style=\"font-size: 12px;\"><span style=\"font-family: Arial;\">: <\/span><\/span><\/strong><span style=\"color: #000000;\"><strong><span style=\"font-size: 10px;\"><span style=\"color: #0000ff;\"><a style=\"color: #0000ff;\" href=\"https:\/\/sites.usp.br\/podae\/?page_id=3354\">Fasc\u00edculo L<\/a><\/span> e <a href=\"https:\/\/sites.usp.br\/podae\/?page_id=11643\"><span style=\"color: #0000ff;\">Suplemento Anua<\/span>l\u00a0<\/a><\/span><\/strong><\/span><\/p>\n<address style=\"text-align: right;\">\n<hr style=\"width: 321px;\" \/>\n<\/address>\n<address><em><span style=\"color: #ff0000; font-size: 14px;\">\u2666 <\/span><\/em><span style=\"color: #ff0000;\"><span style=\"font-size: 10px;\"><strong><span style=\"color: #0000ff;\"><em><span style=\"color: #000000; font-size: 14px;\">Heitor Panzeri <\/span><\/em><\/span><\/strong><span style=\"color: #0000ff;\"><em><span style=\"color: #000000; font-size: 14px;\">&#8211; <\/span><\/em><\/span><\/span><\/span><span style=\"font-size: 10px;\"><span style=\"color: #0000ff;\"><strong><a style=\"color: #0000ff;\" href=\"http:\/\/buscatextual.cnpq.br\/buscatextual\/email.do?metodo=apresentar&amp;seqIdPessoa=40818&amp;nomeDestinatario=Heitor_Panzeri\">E-mail<\/a> <\/strong><span style=\"color: #ff0000;\"><span style=\"color: #000000;\">&#8211;<\/span><\/span> <\/span> <span style=\"color: #0000ff;\"><a style=\"color: #0000ff;\" href=\"http:\/\/buscatextual.cnpq.br\/buscatextual\/visualizacv.do?id=K4780267D1\"><strong><span style=\"text-decoration: underline;\">Curr\u00edculo Latte<\/span><\/strong><strong><span style=\"text-decoration: underline;\">s<\/span><\/strong><\/a> &#8211; <a style=\"color: #0000ff;\" href=\"https:\/\/sites.usp.br\/podae\/?page_id=8754\"><strong>Informa\u00e7\u00f5es adicionais<\/strong><\/a><\/span><\/span><\/address>\n<address>\n<address><em><em><em><span style=\"color: #ff0000; font-size: 14px;\"><strong>\u25ca <\/strong><\/span><\/em><\/em><\/em><span style=\"color: #ff0000;\"><span style=\"font-size: 10px;\"><strong><span style=\"color: #0000ff;\"><em><span style=\"color: #000000; font-size: 14px;\">L<\/span><\/em><\/span><\/strong><\/span><\/span><span style=\"color: #ff0000;\"><span style=\"font-size: 10px;\"><strong><span style=\"color: #0000ff;\"><em><span style=\"color: #000000; font-size: 14px;\">uiz Carlos Pardini &#8211;<\/span><\/em> <\/span><\/strong><\/span><\/span><span style=\"font-size: 10px;\"><strong><span style=\"color: #0000ff;\"><span style=\"color: #ff0000;\"><span style=\"color: #000000;\"><a style=\"color: #0000ff;\" href=\"https:\/\/uspdigital.usp.br\/telefonia\/telFormularioEmail.jsp?codigoPessoaUsuario=0&amp;codigoPessoa=75623&amp;nomePessoa=Luiz Carlos Pardini&amp;print=s\">E-mail<\/a> <em><span style=\"color: #000000; font-size: 14px;\">&#8211;<\/span><\/em> <a style=\"color: #0000ff;\" href=\"http:\/\/buscatextual.cnpq.br\/buscatextual\/visualizacv.do?metodo=apresentar&amp;id=K4796807T1\">Curr\u00edculo Lattes<\/a> &#8211; <a style=\"color: #0000ff;\" href=\"http:\/\/sites.usp.br\/ebt\/forp-expediente-encicl-bras-teleodontol\/parecerista-relator-consultor-avaliador\/luiz-carlos-pardini\/\">Informa\u00e7\u00f5es adicionais<\/a><\/span><\/span><\/span><\/strong><\/span><\/address>\n<\/address>\n<address>\n<address style=\"text-align: right;\">\n<hr style=\"width: 321px;\" \/>\n<\/address>\n<\/address>\n<hr \/>\n<address style=\"text-align: right;\"><strong><span style=\"font-size: 12px;\"><span style=\"font-family: Arial;\"><span style=\"color: #0000ff;\"><span style=\"color: #000000;\">\u00a0 <\/span><\/span><\/span><\/span><\/strong><strong><span style=\"font-size: 12px;\"><span style=\"font-size: 10px;\">p\u00e1gina 2<\/span><br \/>\n<\/span><\/strong><\/address>\n<hr \/>\n<p style=\"text-align: justify;\"><span style=\"color: #000000; font-family: Arial;\"><span style=\"font-size: 12px; line-height: 18px;\"><strong>PANZERI, H.,\u00a0 PARDINI, L.C. Laborat\u00f3rio Prof. Dr. Heitor Panzeri (FORP\/USP) &#8211; Pesquisa em Materiais Odontol\u00f3gicos (Livre Acesso)<\/strong><strong>. Encicl. Bras.Teleodontol., Volume 1 (Serie L<\/strong>)<strong>: p\u00e1gina 1, abril, 2011. Suplemento. ISSN 2448-1181<\/strong>.<\/span><\/span><\/p>\n<hr \/>\n<p style=\"text-align: justify;\"><span style=\"font-family: Arial;\"><br \/>\nN\u00e3o faz muito tempo, em reuni\u00e3o informal, na minha sala na\u00a0 FORP (USP) conversamos da import\u00e2ncia da divulga\u00e7\u00e3o das pesquisas ((Livre Acesso) junto a comunidade acad\u00eamica realizadas no Laborat\u00f3rio sob minha supervis\u00e3o (Prof. Dr. Heitor Panzeri em Materiais Odontol\u00f3gicos.\u00a0<\/span><\/p>\n<p style=\"text-align: justify;\"><span style=\"font-family: Arial;\"><strong>Laborat\u00f3rio de Pesquisa <\/strong>(<strong>Prof. Dr. Heitor Panzeri<\/strong>) contribui para os Avan\u00e7os Tecnol\u00f3gicos <\/span><span style=\"font-family: Arial;\">estimulando as a\u00e7\u00f5es educacionais (Ensino e Aprendizado) com forma\u00e7\u00e3o de docentes e pesquisadores.<\/span><\/p>\n<p style=\"text-align: justify;\"><span style=\"font-family: Arial;\">Cumpre salientar que o Prof. Dr. Luiz Carlos Pardini desde o in\u00edcio do <strong>Programa de P\u00f3s-Gradua\u00e7\u00e3o em Reabilita\u00e7\u00e3o Oral<\/strong>\u00a0 a\u00e7\u00f5es participa\u00e7\u00e3o, efetiva orienta\u00e7\u00e3o em pesquisa e o oferecimento de Disciplina ( ) estimulando ao <strong>Ambiente Colaborativo de Aprendizagem <\/strong>no Ensino Superior (\u00c1rea da Sa\u00fade).<\/span><\/p>\n<p style=\"text-align: justify;\"><span style=\"font-family: Arial;\">Neste s\u00e9culo XXI as parcerias s\u00e3o fundamentais <\/span><span style=\"font-family: Arial;\">na <strong>Arte de Educar<\/strong> com foco em a\u00e7\u00f5es (formativa e assertiva), d<\/span><span style=\"font-family: Arial;\">espertando e auxiliando o Ensino Superior.<\/span><span style=\"font-family: Arial; line-height: 1.5;\"><br \/>\n<\/span><\/p>\n<hr \/>\n<div align=\"justify\">\n<div align=\"justify\">\n<div align=\"justify\">\n<div align=\"justify\"><span style=\"font-size: 12px;\"><em><strong><span style=\"text-decoration: underline;\">REFER\u00caNCIAS<\/span><\/strong><\/em><\/span><\/div>\n<div style=\"font-size: 12px;\" align=\"justify\">\n<div align=\"justify\"><span style=\"font-size: 12px;\">1.<\/span><span style=\"font-size: 12px;\"> BRASIL &#8211; Diretrizes e Bases da Educa\u00e7\u00e3o Nacional, 1996. [<span style=\"color: #0000ff;\"><strong><a style=\"color: #0000ff;\" href=\"http:\/\/sites.usp.br\/ebt\/wp-content\/uploads\/sites\/44\/2014\/11\/Lei_9.394.pdf\">Lei 9.394<\/a><\/strong><\/span>]<\/span><\/div>\n<div align=\"justify\">2. BRASIL &#8211; Regula o Exerc\u00edcio da Odontologia. Lei n\u00ba 5.081 de 24\/08\/1966. D.O., Se\u00e7\u00e3o I. Parte I, 26\/08\/1966. [<strong><span style=\"color: #0000ff;\"><a style=\"color: #0000ff;\" href=\"http:\/\/www.planalto.gov.br\/ccivil_03\/leis\/L5081.htm\">Lei n\u00ba 5.081<\/a><\/span><\/strong>]<\/div>\n<div align=\"justify\"><span style=\"font-size: 12px;\">3. BRASIL &#8211; Diretrizes Curriculares Nacionais do Curso de Gradua\u00e7\u00e3o em Odontologia, 2002. [<span style=\"color: #0000ff;\"><strong><a style=\"color: #0000ff;\" href=\"http:\/\/sites.usp.br\/ebt\/wp-content\/uploads\/sites\/44\/2014\/11\/Resolu\u00e7\u00e3o-19-02-2002.pdf\">Resolu\u00e7\u00e3o CNE\/CES 3<\/a><\/strong><\/span>].<\/span><\/div>\n<div align=\"justify\"><span style=\"font-size: 12px;\">4. FREIRE, PAULO. Carta de Paulo Freire aos professores. Estud. av., S\u00e3o Paulo , 15(42): 259-268, Aug. 2001 [<strong><span style=\"color: #0000ff;\"><a style=\"color: #0000ff;\" href=\"http:\/\/www.scielo.br\/pdf\/ea\/v15n42\/v15n42a13.pdf\">PDF<\/a><\/span><\/strong>]<br \/>\n<\/span><\/div>\n<div align=\"justify\"><span style=\"font-size: 12px;\">5. ROZENDO, C.A.; CASAGRANDE, L.D.R.; SCHNEIDER, J.F.; PARDINI, L.C. Uma an\u00e1lise das pr\u00e1ticas docentes de professores universit\u00e1rios da \u00e1rea de sa\u00fade. Rev. latino-am.enfermagem, Ribeir\u00e3o Preto, 7( 2): 15-23, abril 1999. [<strong><span style=\"color: #0000ff;\"><a style=\"color: #0000ff;\" href=\"http:\/\/www.scielo.br\/scielo.php?script=sci_arttext&amp;pid=S0104-11691999000200003&amp;lng=pt&amp;nrm=iso\"><span style=\"color: #0000ff;\">LINK<\/span><\/a><\/span><\/strong>]<\/span><\/div>\n<\/div>\n<\/div>\n<\/div>\n<\/div>\n<div style=\"text-align: justify;\" align=\"justify\">\n<div style=\"text-align: center;\" align=\"justify\">\n<address style=\"text-align: right;\">\n<hr \/>\n<hr \/>\n<\/address>\n<\/div>\n<\/div>\n<div style=\"text-align: left;\" align=\"center\">\n<div style=\"text-align: center;\" align=\"center\">\n<div align=\"justify\">\n<p><span style=\"font-size: 10px;\"><strong><span style=\"color: #ff0000; font-size: 10px;\"><span style=\"color: #ff0000; font-size: 14px;\"><em>\u2666<\/em>\u25ca<\/span><\/span> <span style=\"font-size: 10px;\"><strong>Universidade de S\u00e3o Paulo (<span style=\"color: #0000ff;\"><a style=\"color: #0000ff;\" href=\"http:\/\/www5.usp.br\/\">USP<\/a><\/span> \/ <span style=\"color: #0000ff;\"><a style=\"color: #0000ff;\" href=\"https:\/\/uspdigital.usp.br\/wsusuario\/\">SistemasUSP<\/a><\/span>), Faculdade de Odontologia de Ribeir\u00e3o (<span style=\"color: #0000ff;\"><a style=\"color: #0000ff;\" href=\"http:\/\/www.forp.usp.br\/\">FORP<\/a><\/span> \/ <span style=\"color: #0000ff;\"><a style=\"color: #0000ff;\" href=\"http:\/\/www.prpg.usp.br\/index.php\/pt-br\/faca-pos-na-usp\/ache-um-programa?art_title=&amp;unidades%5B%5D=Faculdade+de+Odontologia+de+Ribeir%C3%A3o+Preto&amp;area_pos_graduacao%5B%5D=Ci%C3%AAncias+Biol%C3%B3gicas+e+da+Sa%C3%BAde&amp;art_language=pt-BR&amp;boxchecked=0&amp;search=programas_de_ps_graduaco&amp;task=search\">PgPG<\/a><\/span>) \/ <\/strong><\/span>Disciplinas: <em>Metodologia do Ensino Superior<\/em> (1995-2000). <em>Did\u00e1tica para o Ensino Superior<\/em> (1996-2000)<\/strong><\/span><span style=\"font-size: 10px;\"><span style=\"font-size: 10px;\"><strong>. <em>Metodologias e Din\u00e2mica no Ensino da Odontolog<\/em>ia (1995-2000). Respons\u00e1veis: Profs. Drs. Lisete Diniz Ribas Casagrande e Luiz Carlos Pardini. Programa de Aperfei\u00e7oamento de Ensino\u00a0 (<a href=\"http:\/\/www.prpg.usp.br\/index.php\/pt-br\/pae\/o-que-pae\"><span style=\"color: #0000ff;\">PAE<\/span><\/a>): <em>Metodologias e Din\u00e2mica no Ensino da Odontologia <\/em>(Respons\u00e1vel: Luiz Carlos Pardini 05\/05\/2000 at\u00e9 presente data<\/strong>)<strong><br \/>\n<\/strong><\/span><\/span><\/p>\n<hr \/>\n<p style=\"text-align: justify;\"><span style=\"font-size: 10px;\"><strong><span style=\"text-decoration: underline;\">Recebido<\/span>: 1\/3\/2011 &#8211; <span style=\"color: #0000ff;\"><a style=\"color: #0000ff;\" href=\"http:\/\/sites.usp.br\/ebt\/forp-expediente-encicl-bras-teleodontol\/parecerista-relator-consultor-avaliador\/\">Parecerista<\/a>: <\/span>1\/4\/2011 &#8211; <span style=\"text-decoration: underline;\">Reformulado<\/span>: 2\/4\/2011 &#8211; <span style=\"text-decoration: underline;\">Publicado<\/span>: 2\/4\/2011 &#8211; Enciclop\u00e9dia Brasileira de Teleodontologia<\/strong><br \/>\n<\/span><\/p>\n<\/div>\n<\/div>\n<hr \/>\n<\/div>\n<p>&nbsp;<\/p>\n","protected":false},"excerpt":{"rendered":"<p>ENCICLOP\u00c9DIA BRASILEIRA DE TELEODONTOLOGIA ISSN 2448-1181 \/ SIBi \/ Expediente \/ Fasc\u00edculos (A-Z) Polo de [&hellip;]<\/p>\n","protected":false},"author":58,"featured_media":0,"parent":11884,"menu_order":0,"comment_status":"closed","ping_status":"closed","template":"","meta":{"footnotes":"","_links_to":"","_links_to_target":""},"class_list":["post-11904","page","type-page","status-publish","hentry"],"_links":{"self":[{"href":"https:\/\/sites.usp.br\/podae\/index.php?rest_route=\/wp\/v2\/pages\/11904","targetHints":{"allow":["GET"]}}],"collection":[{"href":"https:\/\/sites.usp.br\/podae\/index.php?rest_route=\/wp\/v2\/pages"}],"about":[{"href":"https:\/\/sites.usp.br\/podae\/index.php?rest_route=\/wp\/v2\/types\/page"}],"author":[{"embeddable":true,"href":"https:\/\/sites.usp.br\/podae\/index.php?rest_route=\/wp\/v2\/users\/58"}],"replies":[{"embeddable":true,"href":"https:\/\/sites.usp.br\/podae\/index.php?rest_route=%2Fwp%2Fv2%2Fcomments&post=11904"}],"version-history":[{"count":4,"href":"https:\/\/sites.usp.br\/podae\/index.php?rest_route=\/wp\/v2\/pages\/11904\/revisions"}],"predecessor-version":[{"id":12059,"href":"https:\/\/sites.usp.br\/podae\/index.php?rest_route=\/wp\/v2\/pages\/11904\/revisions\/12059"}],"up":[{"embeddable":true,"href":"https:\/\/sites.usp.br\/podae\/index.php?rest_route=\/wp\/v2\/pages\/11884"}],"wp:attachment":[{"href":"https:\/\/sites.usp.br\/podae\/index.php?rest_route=%2Fwp%2Fv2%2Fmedia&parent=11904"}],"curies":[{"name":"wp","href":"https:\/\/api.w.org\/{rel}","templated":true}]}}