{"id":12004,"date":"2020-03-23T15:43:06","date_gmt":"2020-03-23T18:43:06","guid":{"rendered":"http:\/\/sites.usp.br\/podae\/?page_id=12004"},"modified":"2020-04-11T14:59:33","modified_gmt":"2020-04-11T17:59:33","slug":"editorial","status":"publish","type":"page","link":"https:\/\/sites.usp.br\/podae\/?page_id=12004","title":{"rendered":"08 LACIRO e LaAbio (Pr\u00e1tica Educativa): Apresenta\u00e7\u00e3o SBPqO \u2013 2008"},"content":{"rendered":"<p style=\"text-align: center;\"><span style=\"color: #800080;\"><strong><span style=\"font-size: 16px;\"><span style=\"font-family: Arial;\">ENCICLOP\u00c9DIA BRASILEIRA DE TELEODONTOLOGIA<br \/>\n<\/span><\/span><\/strong><\/span><strong><span style=\"font-size: 12px;\"><span style=\"font-family: Arial;\">ISSN <span style=\"color: #0000ff;\"><a style=\"color: #0000ff;\" href=\"https:\/\/portal.issn.org\/resource\/ISSN\/2448-1181#\">2448-1181<\/a><\/span><\/span><\/span><\/strong><strong><span style=\"font-size: 12px;\"><span style=\"font-family: Arial;\"> \/ <span style=\"color: #0000ff;\"><a style=\"color: #0000ff;\" href=\"https:\/\/sites.usp.br\/podae\/wp-content\/uploads\/sites\/36\/2019\/06\/Encicl.-Bras.Teleodontol.jpg\">SIBi<\/a><\/span> \/ <a href=\"https:\/\/sites.usp.br\/podae\/?page_id=3320\"><span style=\"color: #0000ff;\">Expediente<\/span><\/a> \/ Fasc\u00edculos <\/span><\/span><\/strong><span style=\"font-size: 12px;\"><span style=\"font-family: Arial;\">(<\/span><\/span><span style=\"color: #0000ff;\"><strong><span style=\"font-size: 12px;\"><span style=\"font-family: Arial;\"><a style=\"color: #0000ff;\" href=\"https:\/\/sites.usp.br\/podae\/?page_id=120\">A-Z<\/a><\/span><\/span><\/strong><\/span><span style=\"font-size: 12px;\"><span style=\"font-family: Arial;\">)<\/span><\/span><strong><span style=\"font-size: 12px;\"><span style=\"font-family: Arial;\"><br \/>\n<\/span><\/span><\/strong><strong><span style=\"font-size: 12px;\"><span style=\"font-family: Arial;\"> Polo de Odontologia Digital Aplicado \u00e0 Educa\u00e7\u00e3o <\/span><\/span><\/strong><span style=\"font-size: 12px;\"><span style=\"font-family: Arial;\">(<\/span><\/span><strong><span style=\"font-size: 12px;\"><span style=\"font-family: Arial;\"><a href=\"https:\/\/sites.usp.br\/podae\/?page_id=89\"><span style=\"color: #0000ff;\">PODAE<\/span><\/a><\/span><\/span><\/strong><span style=\"font-size: 12px;\"><span style=\"font-family: Arial;\"><span style=\"color: #0000ff;\">)<\/span><\/span><\/span><strong><span style=\"font-size: 12px;\"><span style=\"font-family: Arial;\"><span style=\"color: #0000ff;\">: <\/span><a href=\"https:\/\/www.forp.usp.br\/\"><span style=\"color: #0000ff;\">FORP<\/span><\/a> \/ <span style=\"color: #0000ff;\"><a style=\"color: #0000ff;\" href=\"https:\/\/www5.usp.br\/\">USP<\/a><\/span><\/span><\/span><\/strong> <strong><span style=\"font-size: 12px;\"><span style=\"font-family: Arial;\"><br \/>\n<\/span><\/span><\/strong> <strong><span style=\"font-size: 14px;\"><span style=\"font-family: Arial;\"><span style=\"color: #0000ff;\"><em><span style=\"color: #000000;\"><span style=\"text-decoration: underline; color: #0000ff;\"><a style=\"color: #0000ff; text-decoration: underline;\" href=\"https:\/\/sites.usp.br\/podae\/?page_id=11884\">3\u00aa Pr\u00e1tica <\/a><\/span><\/span><\/em><\/span><\/span><\/span><\/strong><strong><span style=\"font-size: 14px;\"><span style=\"font-family: Arial;\"><span style=\"color: #0000ff;\"><em><span style=\"color: #000000;\"><span style=\"text-decoration: underline; color: #0000ff;\"><a style=\"color: #0000ff; text-decoration: underline;\" href=\"https:\/\/sites.usp.br\/podae\/?page_id=3391\">Educativa Onlin<\/a>e<\/span> <\/span><\/em><\/span><\/span><\/span><\/strong><strong><span style=\"font-size: 12px;\"><span style=\"font-family: Arial;\"><br \/>\n<\/span><\/span><\/strong><span style=\"color: #000000;\"><strong><span style=\"font-size: 10px;\"><span style=\"color: #ff0000; font-size: 14px;\">\u2666<\/span> <\/span><\/strong><\/span><span style=\"color: #000000;\"><strong><span style=\"font-size: 10px;\"><span style=\"text-decoration: underline;\">SUM\u00c1RIOS<\/span><\/span><\/strong><\/span><strong><span style=\"font-size: 12px;\"><span style=\"font-family: Arial;\">: <\/span><\/span><\/strong><span style=\"color: #000000;\"><strong><span style=\"font-size: 10px;\"><span style=\"color: #0000ff;\"><a style=\"color: #0000ff;\" href=\"https:\/\/sites.usp.br\/podae\/?page_id=3354\">Fasc\u00edculo L<\/a><\/span> e <a href=\"https:\/\/sites.usp.br\/podae\/?page_id=11643\"><span style=\"color: #0000ff;\">Suplemento Anua<\/span>l <\/a><\/span><\/strong><\/span><\/p>\n<address style=\"text-align: right;\">\n<hr style=\"width: 321px;\" \/>\n<\/address>\n<address><em><span style=\"color: #ff0000; font-size: 14px;\">\u2666 <\/span><\/em><span style=\"color: #ff0000;\"><span style=\"font-size: 10px;\"><strong><span style=\"color: #0000ff;\"><em><span style=\"color: #000000; font-size: 14px;\">Heitor Panzeri <\/span><\/em><\/span><\/strong><span style=\"color: #0000ff;\"><em><span style=\"color: #000000; font-size: 14px;\">&#8211; <\/span><\/em><\/span><\/span><\/span><span style=\"font-size: 10px;\"><span style=\"color: #0000ff;\"><strong><a style=\"color: #0000ff;\" href=\"http:\/\/buscatextual.cnpq.br\/buscatextual\/email.do?metodo=apresentar&amp;seqIdPessoa=40818&amp;nomeDestinatario=Heitor_Panzeri\">E-mail<\/a> <\/strong><span style=\"color: #ff0000;\"><span style=\"color: #000000;\">&#8211;<\/span><\/span> <\/span> <span style=\"color: #0000ff;\"><a style=\"color: #0000ff;\" href=\"http:\/\/buscatextual.cnpq.br\/buscatextual\/visualizacv.do?id=K4780267D1\"><strong><span style=\"text-decoration: underline;\">Curr\u00edculo Latte<\/span><\/strong><strong><span style=\"text-decoration: underline;\">s<\/span><\/strong><\/a> &#8211; <a style=\"color: #0000ff;\" href=\"https:\/\/sites.usp.br\/podae\/?page_id=8754\"><strong>Informa\u00e7\u00f5es adicionais<\/strong><\/a><\/span><\/span><\/address>\n<address>\n<address><em><em><em><span style=\"color: #ff0000; font-size: 14px;\"><strong>\u25ca <\/strong><\/span><\/em><\/em><\/em><span style=\"color: #ff0000;\"><span style=\"font-size: 10px;\"><strong><span style=\"color: #0000ff;\"><em><span style=\"color: #000000; font-size: 14px;\">L<\/span><\/em><\/span><\/strong><\/span><\/span><span style=\"color: #ff0000;\"><span style=\"font-size: 10px;\"><strong><span style=\"color: #0000ff;\"><em><span style=\"color: #000000; font-size: 14px;\">uiz Carlos Pardini &#8211;<\/span><\/em> <\/span><\/strong><\/span><\/span><span style=\"font-size: 10px;\"><strong><span style=\"color: #0000ff;\"><span style=\"color: #ff0000;\"><span style=\"color: #000000;\"><a style=\"color: #0000ff;\" href=\"https:\/\/uspdigital.usp.br\/telefonia\/telFormularioEmail.jsp?codigoPessoaUsuario=0&amp;codigoPessoa=75623&amp;nomePessoa=Luiz Carlos Pardini&amp;print=s\">E-mail<\/a> <em><span style=\"color: #000000; font-size: 14px;\">&#8211;<\/span><\/em> <a style=\"color: #0000ff;\" href=\"http:\/\/buscatextual.cnpq.br\/buscatextual\/visualizacv.do?metodo=apresentar&amp;id=K4796807T1\">Curr\u00edculo Lattes<\/a> &#8211; <a style=\"color: #0000ff;\" href=\"http:\/\/sites.usp.br\/ebt\/forp-expediente-encicl-bras-teleodontol\/parecerista-relator-consultor-avaliador\/luiz-carlos-pardini\/\">Informa\u00e7\u00f5es adicionais<\/a><\/span><\/span><\/span><\/strong><\/span><\/address>\n<\/address>\n<address>\n<address style=\"text-align: right;\">\n<hr style=\"width: 321px;\" \/>\n<\/address>\n<\/address>\n<hr \/>\n<address style=\"text-align: right;\"><strong><span style=\"font-size: 12px;\"><span style=\"font-size: 10px;\">p\u00e1gina 2<\/span><br \/>\n<\/span><\/strong><\/address>\n<hr \/>\n<p style=\"text-align: justify;\"><span style=\"color: #000000; font-family: Arial;\"><span style=\"font-size: 12px; line-height: 18px;\"><strong>PANZERI, H.,, PARDINI, L.C. <\/strong><strong>Editorial. 3\u00aa Pr\u00e1tica Educativa: Divulga\u00e7\u00e3o Online &#8211; Laborat\u00f3rio de Pesquisa. Encicl. Bras.Teleodontol., Volume 1 (Serie L<\/strong>)<strong>: p\u00e1gina 1, abril, 2013. Suplemento. ISSN 2448-1181<\/strong>.<\/span><\/span><\/p>\n<hr \/>\n<p style=\"text-align: justify;\"><span style=\"font-family: Arial;\">Recentemente<strong>, <\/strong>nas depend\u00eancias da <strong>Faculdade de Odontologia de Ribeir\u00e3o Pret<\/strong>o (<strong>FORP<\/strong>) no <strong>Laborat\u00f3rio de Pesquisa em Materiais Odontol\u00f3gico<\/strong> conversei com Prof. Pardini sobre a inser\u00e7\u00e3o de meus trabalhos no site da <strong>Enciclop\u00e9dia Brasileira de Odontologia<\/strong>.<\/span><\/p>\n<p style=\"text-align: justify;\"><span style=\"font-family: Arial;\"><strong>Laborat\u00f3rio de Pesquisa (Prof. Heitor Panzeri) <\/strong>em<strong> Materiais Odontol\u00f3gicos <\/strong>con<\/span><span style=\"font-family: Arial;\">(&#8220;<em>maneira de ser<\/em>&#8220;) do Educador fato amplamente consolidado por <strong>Paulo Freire<\/strong> (<span style=\"color: #0000ff;\"><a style=\"color: #0000ff;\" href=\"http:\/\/www.paulofreire.org.br\/contato\/\">Centro Paulo Freire<\/a><\/span> ) com destaque para &#8220;<a href=\"http:\/\/www.scielo.br\/pdf\/ea\/v15n42\/v15n42a13.pdf\"><span style=\"color: #0000ff;\">Carta de Paulo Freire aos professores<\/span>&#8220;<\/a> [<a href=\"https:\/\/www.scimagojr.com\/journalrank.php\">4<\/a>]<br \/>\n<\/span><\/p>\n<p style=\"text-align: justify;\"><span style=\"font-family: Arial;\">Neste s\u00e9culo XXI \u00e9 fundamental para a atua\u00e7\u00e3o da Doc\u00eancia (Participa\u00e7\u00e3o Compartilhada &#8211; Educador \/ Educando) evitando a centralizar as a\u00e7\u00f5es pedag\u00f3gicas no Professor a intera\u00e7\u00e3o com &#8220;Did\u00e1tica&#8221;, amplia os conhecimentos no Ensino e Aprendizado do aluno,futuro profissional da educa\u00e7\u00e3o em Odontologia. [1,2,3,4,5] <\/span><\/p>\n<hr \/>\n<div align=\"justify\">\n<div align=\"justify\">\n<div align=\"justify\">\n<div align=\"justify\"><span style=\"font-size: 12px;\"><em><strong><span style=\"text-decoration: underline;\">REFER\u00caNCIAS<\/span><\/strong><\/em><\/span><\/div>\n<div style=\"font-size: 12px;\" align=\"justify\">\n<div align=\"justify\"><span style=\"font-size: 12px;\">1.<\/span><span style=\"font-size: 12px;\"> BRASIL &#8211; Diretrizes e Bases da Educa\u00e7\u00e3o Nacional, 1996. [<span style=\"color: #0000ff;\"><strong><a style=\"color: #0000ff;\" href=\"http:\/\/sites.usp.br\/ebt\/wp-content\/uploads\/sites\/44\/2014\/11\/Lei_9.394.pdf\">Lei 9.394<\/a><\/strong><\/span>]<\/span><\/div>\n<div align=\"justify\">2. BRASIL &#8211; Regula o Exerc\u00edcio da Odontologia. Lei n\u00ba 5.081 de 24\/08\/1966. D.O., Se\u00e7\u00e3o I. Parte I, 26\/08\/1966. [<strong><span style=\"color: #0000ff;\"><a style=\"color: #0000ff;\" href=\"http:\/\/www.planalto.gov.br\/ccivil_03\/leis\/L5081.htm\">Lei n\u00ba 5.081<\/a><\/span><\/strong>]<\/div>\n<div align=\"justify\"><span style=\"font-size: 12px;\">3. BRASIL &#8211; Diretrizes Curriculares Nacionais do Curso de Gradua\u00e7\u00e3o em Odontologia, 2002. [<span style=\"color: #0000ff;\"><strong><a style=\"color: #0000ff;\" href=\"http:\/\/sites.usp.br\/ebt\/wp-content\/uploads\/sites\/44\/2014\/11\/Resolu\u00e7\u00e3o-19-02-2002.pdf\">Resolu\u00e7\u00e3o CNE\/CES 3<\/a><\/strong><\/span>].<\/span><\/div>\n<div align=\"justify\"><span style=\"font-size: 12px;\">4. FREIRE, PAULO. Carta de Paulo Freire aos professores. Estud. av., S\u00e3o Paulo , 15(42): 259-268, Aug. 2001 [<strong><span style=\"color: #0000ff;\"><a style=\"color: #0000ff;\" href=\"http:\/\/www.scielo.br\/pdf\/ea\/v15n42\/v15n42a13.pdf\">PDF<\/a><\/span><\/strong>]<br \/>\n<\/span><\/div>\n<div align=\"justify\"><span style=\"font-size: 12px;\">5. ROZENDO, C.A.; CASAGRANDE, L.D.R.; SCHNEIDER, J.F.; PARDINI, L.C. Uma an\u00e1lise das pr\u00e1ticas docentes de professores universit\u00e1rios da \u00e1rea de sa\u00fade. Rev. latino-am.enfermagem, Ribeir\u00e3o Preto, 7( 2): 15-23, abril 1999. [<strong><span style=\"color: #0000ff;\"><a style=\"color: #0000ff;\" href=\"http:\/\/www.scielo.br\/scielo.php?script=sci_arttext&amp;pid=S0104-11691999000200003&amp;lng=pt&amp;nrm=iso\"><span style=\"color: #0000ff;\">LINK<\/span><\/a><\/span><\/strong>]<\/span><\/div>\n<\/div>\n<\/div>\n<\/div>\n<\/div>\n<div style=\"text-align: justify;\" align=\"justify\">\n<div style=\"text-align: center;\" align=\"justify\">\n<address style=\"text-align: right;\">\n<hr \/>\n<hr \/>\n<\/address>\n<\/div>\n<\/div>\n<div style=\"text-align: left;\" align=\"center\">\n<div style=\"text-align: center;\" align=\"center\">\n<div align=\"justify\">\n<p><span style=\"font-size: 10px;\"><strong><span style=\"color: #ff0000; font-size: 10px;\"><span style=\"color: #ff0000; font-size: 14px;\"><em>\u2666<\/em>\u25ca<\/span><\/span> <span style=\"font-size: 10px;\"><strong>Universidade de S\u00e3o Paulo (<span style=\"color: #0000ff;\"><a style=\"color: #0000ff;\" href=\"http:\/\/www5.usp.br\/\">USP<\/a><\/span> \/ <span style=\"color: #0000ff;\"><a style=\"color: #0000ff;\" href=\"https:\/\/uspdigital.usp.br\/wsusuario\/\">SistemasUSP<\/a><\/span>), Faculdade de Odontologia de Ribeir\u00e3o (<span style=\"color: #0000ff;\"><a style=\"color: #0000ff;\" href=\"http:\/\/www.forp.usp.br\/\">FORP<\/a><\/span> \/ <span style=\"color: #0000ff;\"><a style=\"color: #0000ff;\" href=\"http:\/\/www.prpg.usp.br\/index.php\/pt-br\/faca-pos-na-usp\/ache-um-programa?art_title=&amp;unidades%5B%5D=Faculdade+de+Odontologia+de+Ribeir%C3%A3o+Preto&amp;area_pos_graduacao%5B%5D=Ci%C3%AAncias+Biol%C3%B3gicas+e+da+Sa%C3%BAde&amp;art_language=pt-BR&amp;boxchecked=0&amp;search=programas_de_ps_graduaco&amp;task=search\">PgPG<\/a><\/span>) \/ <\/strong><\/span>Disciplinas: <em>Metodologia do Ensino Superior<\/em> (1995-2000). <em>Did\u00e1tica para o Ensino Superior<\/em> (1996-2000)<\/strong><\/span><span style=\"font-size: 10px;\"><span style=\"font-size: 10px;\"><strong>. <em>Metodologias e Din\u00e2mica no Ensino da Odontolog<\/em>ia (1995-2000). Respons\u00e1veis: Profs. Drs. Lisete Diniz Ribas Casagrande e Luiz Carlos Pardini. Programa de Aperfei\u00e7oamento de Ensino (<a href=\"http:\/\/www.prpg.usp.br\/index.php\/pt-br\/pae\/o-que-pae\"><span style=\"color: #0000ff;\">PAE<\/span><\/a>): <em>Metodologias e Din\u00e2mica no Ensino da Odontologia <\/em>(Respons\u00e1vel: Luiz Carlos Pardini 05\/05\/2000 at\u00e9 presente data<\/strong>)<strong><br \/>\n<\/strong><\/span><\/span><\/p>\n<hr \/>\n<p style=\"text-align: justify;\"><span style=\"font-size: 10px;\"><strong><span style=\"text-decoration: underline;\">Recebido<\/span>: 1\/3\/2011 &#8211; <span style=\"color: #0000ff;\"><a style=\"color: #0000ff;\" href=\"http:\/\/sites.usp.br\/ebt\/forp-expediente-encicl-bras-teleodontol\/parecerista-relator-consultor-avaliador\/\">Parecerista<\/a>: <\/span>1\/4\/2011 &#8211; <span style=\"text-decoration: underline;\">Reformulado<\/span>: 2\/4\/2011 &#8211; <span style=\"text-decoration: underline;\">Publicado<\/span>: 2\/4\/2011 &#8211; Enciclop\u00e9dia Brasileira de Teleodontologia<\/strong><br \/>\n<\/span><\/p>\n<\/div>\n<\/div>\n<hr \/>\n<\/div>\n<p>&nbsp;<\/p>\n","protected":false},"excerpt":{"rendered":"<p>ENCICLOP\u00c9DIA BRASILEIRA DE TELEODONTOLOGIA ISSN 2448-1181 \/ SIBi \/ Expediente \/ Fasc\u00edculos (A-Z) Polo de [&hellip;]<\/p>\n","protected":false},"author":58,"featured_media":0,"parent":11992,"menu_order":0,"comment_status":"closed","ping_status":"closed","template":"","meta":{"footnotes":"","_links_to":"","_links_to_target":""},"class_list":["post-12004","page","type-page","status-publish","hentry"],"_links":{"self":[{"href":"https:\/\/sites.usp.br\/podae\/index.php?rest_route=\/wp\/v2\/pages\/12004","targetHints":{"allow":["GET"]}}],"collection":[{"href":"https:\/\/sites.usp.br\/podae\/index.php?rest_route=\/wp\/v2\/pages"}],"about":[{"href":"https:\/\/sites.usp.br\/podae\/index.php?rest_route=\/wp\/v2\/types\/page"}],"author":[{"embeddable":true,"href":"https:\/\/sites.usp.br\/podae\/index.php?rest_route=\/wp\/v2\/users\/58"}],"replies":[{"embeddable":true,"href":"https:\/\/sites.usp.br\/podae\/index.php?rest_route=%2Fwp%2Fv2%2Fcomments&post=12004"}],"version-history":[{"count":4,"href":"https:\/\/sites.usp.br\/podae\/index.php?rest_route=\/wp\/v2\/pages\/12004\/revisions"}],"predecessor-version":[{"id":12806,"href":"https:\/\/sites.usp.br\/podae\/index.php?rest_route=\/wp\/v2\/pages\/12004\/revisions\/12806"}],"up":[{"embeddable":true,"href":"https:\/\/sites.usp.br\/podae\/index.php?rest_route=\/wp\/v2\/pages\/11992"}],"wp:attachment":[{"href":"https:\/\/sites.usp.br\/podae\/index.php?rest_route=%2Fwp%2Fv2%2Fmedia&parent=12004"}],"curies":[{"name":"wp","href":"https:\/\/api.w.org\/{rel}","templated":true}]}}