{"id":12089,"date":"2020-03-25T11:26:32","date_gmt":"2020-03-25T14:26:32","guid":{"rendered":"http:\/\/sites.usp.br\/podae\/?page_id=12089"},"modified":"2020-03-30T12:41:13","modified_gmt":"2020-03-30T15:41:13","slug":"01-2","status":"publish","type":"page","link":"https:\/\/sites.usp.br\/podae\/?page_id=12089","title":{"rendered":"02 Laborat\u00f3rio (Pr\u00e1tica Educativa): LACIRO (Apresenta\u00e7\u00e3o SBPqO &#8211; 2013): Aprendizagem"},"content":{"rendered":"<p style=\"text-align: center;\"><span style=\"color: #800080;\"><strong><span style=\"font-size: 16px;\"><span style=\"font-family: Arial;\">ENCICLOP\u00c9DIA BRASILEIRA DE TELEODONTOLOGIA<br \/>\n<\/span><\/span><\/strong><\/span><strong><span style=\"font-size: 12px;\"><span style=\"font-family: Arial;\">ISSN <span style=\"color: #0000ff;\"><a style=\"color: #0000ff;\" href=\"https:\/\/portal.issn.org\/resource\/ISSN\/2448-1181#\">2448-1181<\/a><\/span><\/span><\/span><\/strong><strong><span style=\"font-size: 12px;\"><span style=\"font-family: Arial;\"> \/ <span style=\"color: #0000ff;\"><a style=\"color: #0000ff;\" href=\"https:\/\/sites.usp.br\/podae\/wp-content\/uploads\/sites\/36\/2019\/06\/Encicl.-Bras.Teleodontol.jpg\">SIBi<\/a><\/span> \/ <a href=\"https:\/\/sites.usp.br\/podae\/?page_id=3320\"><span style=\"color: #0000ff;\">Expediente<\/span><\/a> \/ Fasc\u00edculos <\/span><\/span><\/strong><span style=\"font-size: 12px;\"><span style=\"font-family: Arial;\">(<\/span><\/span><strong><span style=\"font-size: 12px;\"><span style=\"font-family: Arial;\"><span style=\"color: #0000ff;\"><a style=\"color: #0000ff;\" href=\"https:\/\/sites.usp.br\/podae\/?page_id=120\">A-Z<\/a><\/span><\/span><\/span><\/strong><span style=\"font-size: 12px;\"><span style=\"font-family: Arial;\">)<\/span><\/span><strong><span style=\"font-size: 12px;\"><span style=\"font-family: Arial;\"><br \/>\n<\/span><\/span><\/strong><strong><span style=\"font-size: 12px;\"><span style=\"font-family: Arial;\"> Polo de Odontologia Digital Aplicado \u00e0 Educa\u00e7\u00e3o <\/span><\/span><\/strong><span style=\"font-size: 12px;\"><span style=\"font-family: Arial;\">(<\/span><\/span><strong><span style=\"font-size: 12px;\"><span style=\"font-family: Arial;\"><a href=\"https:\/\/sites.usp.br\/podae\/?page_id=89\"><span style=\"color: #0000ff;\">PODAE<\/span><\/a><\/span><\/span><\/strong><span style=\"font-size: 12px;\"><span style=\"font-family: Arial;\"><span style=\"color: #0000ff;\">)<\/span><\/span><\/span><strong><span style=\"font-size: 12px;\"><span style=\"font-family: Arial;\"><span style=\"color: #0000ff;\">: <\/span><a href=\"https:\/\/www.forp.usp.br\/\"><span style=\"color: #0000ff;\">FORP<\/span><\/a> \/ <span style=\"color: #0000ff;\"><a style=\"color: #0000ff;\" href=\"https:\/\/www5.usp.br\/\">USP<\/a><\/span><\/span><\/span><\/strong> <strong><span style=\"font-size: 12px;\"><span style=\"font-family: Arial;\"><br \/>\n<\/span><\/span><\/strong> <strong><span style=\"font-size: 14px;\"><span style=\"font-family: Arial;\"><span style=\"color: #0000ff;\"><em><span style=\"color: #000000;\"><span style=\"text-decoration: underline; color: #0000ff;\">4\u00aa Atividad<\/span><\/span><\/em><\/span><\/span><\/span><\/strong><strong><span style=\"font-size: 14px;\"><span style=\"font-family: Arial;\"><span style=\"color: #0000ff;\"><em><span style=\"color: #000000;\"><span style=\"text-decoration: underline; color: #0000ff;\">e Educativa Online<\/span> <\/span><\/em><\/span><\/span><\/span><\/strong><strong><span style=\"font-size: 12px;\"><span style=\"font-family: Arial;\"><br \/>\n<\/span><\/span><\/strong><span style=\"color: #000000;\"><strong><span style=\"font-size: 10px;\"><span style=\"color: #ff0000; font-size: 14px;\">\u2666<\/span> <\/span><\/strong><\/span><span style=\"color: #000000;\"><strong><span style=\"font-size: 10px;\"><span style=\"text-decoration: underline;\">SUM\u00c1RIOS<\/span><\/span><\/strong><\/span><strong><span style=\"font-size: 12px;\"><span style=\"font-family: Arial;\">: <\/span><\/span><\/strong><span style=\"color: #000000;\"><strong><span style=\"font-size: 10px;\"><span style=\"color: #0000ff;\"><a style=\"color: #0000ff;\" href=\"https:\/\/sites.usp.br\/podae\/?page_id=3354\"><span style=\"color: #0000ff;\">Fasc\u00edculo L<\/span><\/a><\/span>\u00a0e <a href=\"https:\/\/sites.usp.br\/podae\/?page_id=11643\"><span style=\"color: #0000ff;\">Suplemento Anua<\/span>l <\/a><\/span><\/strong><strong><span style=\"font-size: 10px;\"><strong><br \/>\n<\/strong><\/span><\/strong><\/span><\/p>\n<hr style=\"width: 321px;\" \/>\n<address>\n<address><em><span style=\"color: #ff0000; font-size: 14px;\">\u2666 <strong><span style=\"color: #000000;\">Val\u00e9ria Oliveira Pagnano\u00a0 &#8211; <\/span><\/strong><\/span><\/em><span style=\"font-size: 10px;\"><strong><span style=\"color: #0000ff;\"><span style=\"color: #ff0000;\"><strong><span style=\"font-size: 10px;\"><span style=\"color: #000000;\"><span style=\"font-size: 10px;\"><strong><span style=\"color: #0000ff;\"><span style=\"color: #ff0000;\"><strong><span style=\"font-size: 10px;\"><span style=\"color: #000000;\"><span style=\"color: #0000ff;\">E-mail<\/span><\/span><\/span><\/strong><\/span><\/span><\/strong><\/span><\/span><\/span><\/strong><\/span><\/span><\/strong><\/span><span style=\"font-size: 10px;\"><strong><span style=\"color: #0000ff;\"><span style=\"color: #ff0000;\"><strong><span style=\"font-size: 10px;\"><span style=\"color: #000000;\"><span style=\"color: #ff0000;\"><span style=\"color: #ff0000;\"><span style=\"font-size: 10px;\"><strong><span style=\"color: #0000ff;\"> &#8211; <span style=\"color: #0000ff;\">Curr\u00edculo Lattes &#8211; Informa\u00e7\u00f5es Adicionais<\/span><\/span><\/strong><\/span><\/span><\/span><\/span><\/span><\/strong><\/span><\/span><\/strong><\/span><\/address>\n<address><span style=\"color: #ff0000;\"><span style=\"font-size: 10px;\"><strong><span style=\"color: #0000ff;\"><em><span style=\"color: #000000; font-size: 14px;\"><span style=\"color: #ff0000; font-size: 14px;\">\u2666<\/span> L<\/span><\/em><\/span><\/strong><\/span><\/span><span style=\"color: #ff0000;\"><span style=\"color: #ff0000;\"><span style=\"font-size: 10px;\"><strong><span style=\"color: #0000ff;\"><em><span style=\"color: #ff0000;\"><em><strong><span style=\"color: #000000; font-size: 14px;\">uiz Carlos Pardini &#8211;<\/span><\/strong><\/em><\/span><\/em> <\/span><\/strong><\/span><\/span><\/span><span style=\"font-size: 10px;\"><strong><span style=\"color: #0000ff;\"><span style=\"color: #ff0000;\"><strong><span style=\"font-size: 10px;\"><span style=\"color: #000000;\"><a style=\"color: #0000ff;\" href=\"https:\/\/uspdigital.usp.br\/telefonia\/telFormularioEmail.jsp?codigoPessoaUsuario=0&amp;codigoPessoa=75623&amp;nomePessoa=Luiz Carlos Pardini&amp;print=s\">E-mailUSP<\/a>\u00a0<span style=\"color: #ff0000;\"><span style=\"color: #ff0000;\"><span style=\"font-size: 10px;\"><strong><span style=\"color: #0000ff;\"><em><span style=\"color: #ff0000;\"><em><strong><span style=\"color: #000000; font-size: 14px;\">&#8211;<\/span><\/strong><\/em><\/span><\/em> <\/span><\/strong><\/span><\/span><\/span><span style=\"color: #0000ff;\"> <a style=\"color: #0000ff;\" href=\"http:\/\/buscatextual.cnpq.br\/buscatextual\/visualizacv.do?metodo=apresentar&amp;id=K4796807T1\">Curr\u00edculo Lattes<\/a> \u00a0&#8211; <a style=\"color: #0000ff;\" href=\"https:\/\/sites.usp.br\/podae\/?page_id=4562\">Informa\u00e7\u00f5es Adicionais <\/a><\/span><\/span> <\/span><\/strong><\/span><\/span><\/strong><\/span><\/address>\n<\/address>\n<hr style=\"width: 321px;\" \/>\n<hr \/>\n<address style=\"text-align: right;\"><strong><span style=\"font-size: 12px;\"><span style=\"font-size: 10px;\">p\u00e1gina 5<\/span><br \/>\n<\/span><\/strong><\/address>\n<hr \/>\n<p style=\"text-align: justify;\"><span style=\"color: #000000; font-family: Arial;\"><span style=\"font-size: 12px; line-height: 18px;\"><strong>PAGNANO, V.O., PARDINI, L.C. aborat\u00f3rio (Pr\u00e1tica Educativa): LACIRO (Apresenta\u00e7\u00e3o SBPqO &#8211; 2013): Aprendizagem<\/strong><strong>. Encicl. Bras.Teleodontol., Volume 4 (<span style=\"color: #0000ff;\">Fasc\u00edculo L<\/span>): p\u00e1gina 5, abril, 2014. Suplemento. ISSN 2448-1181<\/strong>.<\/span><\/span><\/p>\n<hr \/>\n<p style=\"text-align: justify;\"><span style=\"font-family: Arial;\"><strong>Pr\u00e1tica Docente<\/strong> (<strong>\u00c1rea da Sa\u00fade<\/strong>) tem como miss\u00e3o ampliar as a\u00e7\u00f5es educacionais compartilhando os <strong>Processos Pedag\u00f3gicas\u00a0 <\/strong>(Ensino e Aprendizagem) nas intera\u00e7\u00f5es entre \u00a0Docente (Educador)\u00a0 e Discente (Educando), e paralelamente, com apoio \u00a0da <strong>Proposta Pol\u00edtico Pedag\u00f3gica<\/strong> (<\/span><span style=\"font-family: Arial;\">Institui\u00e7\u00e3o \/ Curso) como foco na participa\u00e7\u00e3o efetiva do Educando na \u00e1rea da sa\u00fade (<strong>Minist\u00e9io da Educa\u00e7\u00e3o (<\/strong> <strong><a href=\"http:\/\/portal.mec.gov.br\/sesu-secretaria-de-educacao-superior\/apresentacao\">MEC<\/a><\/strong>). .<\/span><\/p>\n<p style=\"text-align: justify;\"><strong style=\"font-family: Arial;\">ROZENDO\u00a0<\/strong><span style=\"font-family: Arial;\">et al (<span style=\"color: #0000ff;\"><a style=\"color: #0000ff;\" href=\"http:\/\/www.scielo.br\/scielo.php?script=sci_arttext&amp;pid=S0104-11691999000200003&amp;lng=pt&amp;nrm=iso\"><strong>1999<\/strong><\/a><\/span><\/span><span style=\"font-family: Arial;\">) constataram a pr\u00e1tica de &#8220;Educa\u00e7\u00e3o Banc\u00e1ria&#8221;, segundo a denomina\u00e7\u00e3o de Paulo Freire, caracterizada por \u00eanfase na transmiss\u00e3o de informa\u00e7\u00f5es, cargas hor\u00e1rias muito grandes, pouca integra\u00e7\u00e3o das disciplinas e aulas expositivas e atua\u00e7\u00e3o pedag\u00f3gica, entretanto a Educa\u00e7\u00e3o Superior \u00e9 multifatorial (Ensino, Pesquisa e Extens\u00e3o). <\/span><span style=\"font-family: Arial;\">A <strong>Faculdade de Odontologia de Ribeir\u00e3o Preto<\/strong> (FORP \/ USP), em conformidade com as propostas educacionais dos Departamentos,\u00a0 contribui para a inser\u00e7\u00e3o do educacional (futuro profissional da \u00c1rea da Sa\u00fade: Odontologia) em atividades que ampliam os conhecimentos (T\u00e9cnicos e Cient\u00edficos) e <\/span><span style=\"font-family: Arial;\">direcionam para o aprimoramento profissional com embasamento nas atividades de Pr\u00e1tica Educativa.<br \/>\n<\/span><\/p>\n<p style=\"text-align: justify;\"><span style=\"font-family: Arial;\"><strong>LACIRO<\/strong>\u00a0 \u00a0(FORP \/ USP) realiza a Pr\u00e1tica Educativa com a apresenta\u00e7\u00e3o dos conte\u00fados cient\u00edficos desenvolvidos pelos Educando com a supervis\u00e3o dos Educadores em Eventos Cient\u00edficos (Nacionais e Internacionais).<br \/>\n<\/span><\/p>\n<p style=\"text-align: justify;\"><span style=\"font-family: Arial;\"><strong>LACIRO<\/strong>\u00a0 (Equipe: Docentes e Discentes) apresentou n<\/span><span style=\"font-family: Arial;\">a <\/span><strong><span style=\"font-family: Arial;\">30\u00aa Reuni\u00e3o<\/span><\/strong><span style=\"font-family: Arial;\">\u00a0<\/span><span style=\"font-family: Arial;\">\u00a0<\/span><strong style=\"font-family: Arial;\">Sociedade Brasileira de Pesquisa Odontol\u00f3gica<\/strong><span style=\"font-family: Arial;\"> (SBPqO &#8211; 2013 &#8211; <strong><span style=\"color: #0000ff;\"><a style=\"color: #0000ff;\" href=\"https:\/\/www.sbpqo.org.br\/resumos\/RevistaSupl2013.pdf\">RESUMOS<\/a><\/span><\/strong>) pesquisas interdisciplinares (Pr\u00e1tica Educativa: Radiologia e Materiais Dent\u00e1rios) com apresenta\u00e7\u00e3o na &#8220;Se\u00e7\u00e3o de\u00a0 Pain\u00e9is&#8221; (Cartazes):\u00a0<strong> AZAMBUJA<\/strong> et al (2013), <strong>FELIPUCCI<\/strong> et al (2013),\u00a0 DIAS et al(2013),<strong> FELIPUCCI<\/strong> et al (2013).<\/span><span style=\"font-family: Arial;\"> (<\/span><strong style=\"font-family: Arial;\"><span style=\"color: #0000ff;\"><a style=\"color: #0000ff;\" href=\"https:\/\/www.sbpqo.org.br\/resumos\/index.asp\">RESUMOS<\/a><\/span><\/strong><span style=\"font-family: Arial;\">).<\/span><\/p>\n<p style=\"text-align: justify;\"><span style=\"font-family: Arial;\">Neste s\u00e9culo XXI o Educando (Aluno \/ Aprendiz) constantemente est\u00e1 imerso na &#8220;Educa\u00e7\u00e3o Banc\u00e1ria&#8221; sem a efetiva atua\u00e7\u00e3o na <strong>Educa\u00e7\u00e3o Participativa <\/strong>e a <strong>Gest\u00e3o Educadora<\/strong> que estimulam o <strong>Ambiente Colaborativo de Aprendizagem<\/strong> no Ensino Superior, entretanto a orienta\u00e7\u00e3o para a <strong>Pratica Educativa <\/strong>\u00e9 de extrema relev\u00e2ncia.\u00a0 <\/span><span style=\"font-family: Arial; line-height: 1.5;\"><br \/>\n<\/span><\/p>\n<hr \/>\n<div align=\"justify\">\n<div align=\"justify\">\n<div align=\"justify\">\n<div align=\"justify\"><span style=\"font-size: 12px;\"><em><strong><span style=\"text-decoration: underline;\">REFER\u00caNCIAS<\/span><\/strong><\/em><\/span><\/div>\n<div style=\"font-size: 12px;\" align=\"justify\">\n<div align=\"justify\"><span style=\"font-size: 12px;\"><span style=\"font-size: 12px;\">1. ALVES, L.M.N, CRIZ\u00d3STOMO, L.C., FELIPUCCI, D,N,B, PAGNANO, V.O., BEZZON, O.L., PARDINI,L.C.Desenvolvimento de metodologia para avalia\u00e7\u00e3o radiogr\u00e1fica de tiras met\u00e1licas para o ensaio de flex\u00e3o de 3 ponto. Braz Oral Res., 27 (Suppl. 1): 327, 2013 [PNe222: <strong><span style=\"color: #0000ff;\"><a style=\"color: #0000ff;\" href=\"https:\/\/www.sbpqo.org.br\/resumos\/RevistaSupl2013.pdf#page=329\">LINK<\/a><\/span><\/strong>]<\/span><\/span><\/div>\n<div align=\"justify\"><span style=\"font-size: 12px;\"><span style=\"font-size: 12px;\"><span class=\"\">2. AZAMBUJA, K.A,\u00a0 CRIZ\u00d3STOMO, L.C, ALVES, L.M.N, FELIPUCCI, D.N.B, PAGNANO, <span class=\"highlight selected\">PARDINI,<\/span>\u00a0LC.<\/span> Imagenologia Odontol\u00f3gica: Telediagn\u00f3stico (EaD), a Interdisciplinaridade e a Contextualiza\u00e7\u00e3o em Pr\u00f3tese. Braz Oral Res., 27 (<\/span><\/span>Suppl. 1): 124, 2013 [PId107: <a href=\"https:\/\/www.sbpqo.org.br\/resumos\/RevistaSupl2013.pdf#page=126\"><strong><span style=\"color: #0000ff;\">LINK<\/span><\/strong><\/a>]<\/div>\n<div align=\"justify\"><span style=\"font-size: 12px;\"><span style=\"font-size: 12px;\"><span style=\"font-size: 12px;\">3. <\/span><\/span><\/span>DIAS, A.P., PAGNANO, V.O., ALVES, L.M.N, FELIPUCCI, D.N.B, CRIZ\u00d3STOMO, L.C., BEZZON,O.L, PARDINI, L.C. Metodologia para avalia\u00e7\u00e3o radiogr\u00e1fica de hastes de diferentes ligas met\u00e1licas. Braz Oral Res., 27 (Suppl. 1): 358, 2013 [PNf206: <strong><span style=\"color: #0000ff;\"><a style=\"color: #0000ff;\" href=\"https:\/\/www.sbpqo.org.br\/resumos\/RevistaSupl2013.pdf#page=360\">LINK<\/a><\/span><\/strong>]<\/div>\n<div align=\"justify\"><span style=\"font-size: 12px;\"><span style=\"font-size: 12px;\"><span class=\"\">4. FELIPUCCI,<\/span> D.N.B, <span class=\"\">ALVES,<\/span> L.M.N, <span class=\"\">CRIZ\u00d3STOMO<\/span> L.C, <span class=\"\">PAGNANO,<\/span> V.O, BEZZON,O.L., <span class=\"\"><span class=\"highlight selected\">PARDINI,<\/span><\/span> LC. Radiologia e Materiais Dent\u00e1rios: Modelo de Ensino-Aprendizado (Ensino Baseado em Problemas \u2013 PBL). Braz Oral Res., 27 <\/span><\/span>\u00a0(Suppl. 1):124, 2013. [PE013: <a href=\"https:\/\/www.sbpqo.org.br\/resumos\/RevistaSupl2013.pdf#page=56\"><strong><span style=\"color: #0000ff;\">LINK<\/span><\/strong><\/a>]<\/div>\n<div align=\"justify\"><span style=\"font-size: 12px;\"><span style=\"font-size: 12px;\">5. <\/span><\/span><span style=\"font-size: 12px;\">ROZENDO, C.A., CASAGRANDE, L.D.R., SCHNEIDER, J.F., PARDINI, L.C. Uma an\u00e1lise das pr\u00e1ticas docentes de professores universit\u00e1rios da \u00e1rea de sa\u00fade. Rev. latino-am.enfermagem, Ribeir\u00e3o Preto, 7( 2): 15-23, abril 1999. [<strong><span style=\"color: #0000ff;\"><a style=\"color: #0000ff;\" href=\"http:\/\/www.scielo.br\/scielo.php?script=sci_arttext&amp;pid=S0104-11691999000200003&amp;lng=pt&amp;nrm=iso\"><span style=\"color: #0000ff;\">LINK<\/span><\/a><\/span><\/strong>]<\/span><\/div>\n<\/div>\n<\/div>\n<\/div>\n<\/div>\n<div style=\"text-align: justify;\" align=\"justify\">\n<div style=\"text-align: center;\" align=\"justify\">\n<address style=\"text-align: right;\">\n<hr \/>\n<hr \/>\n<\/address>\n<\/div>\n<\/div>\n<div style=\"text-align: left;\" align=\"center\">\n<div style=\"text-align: center;\" align=\"center\">\n<div align=\"justify\">\n<p><span style=\"font-size: 10px;\"><strong><span style=\"text-decoration: underline;\">Recebido<\/span>: 2\/1\/2014 &#8211; <span style=\"color: #0000ff;\"><a style=\"color: #0000ff;\" href=\"http:\/\/sites.usp.br\/ebt\/forp-expediente-encicl-bras-teleodontol\/parecerista-relator-consultor-avaliador\/\">Parecerista<\/a>: <\/span>2\/1\/2014 &#8211; <span style=\"text-decoration: underline;\">Reformulado<\/span>: 3\/1\/2014 &#8211; <span style=\"text-decoration: underline;\">Publicado<\/span>: 4\/1\/2014 &#8211; Enciclop\u00e9dia Brasileira de Teleodontologia<\/strong><br \/>\n<\/span><\/p>\n<\/div>\n<\/div>\n<hr \/>\n<\/div>\n<p>&nbsp;<\/p>\n","protected":false},"excerpt":{"rendered":"<p>ENCICLOP\u00c9DIA BRASILEIRA DE TELEODONTOLOGIA ISSN 2448-1181 \/ SIBi \/ Expediente \/ Fasc\u00edculos (A-Z) Polo de [&hellip;]<\/p>\n","protected":false},"author":58,"featured_media":0,"parent":12032,"menu_order":0,"comment_status":"closed","ping_status":"closed","template":"","meta":{"footnotes":"","_links_to":"","_links_to_target":""},"class_list":["post-12089","page","type-page","status-publish","hentry"],"_links":{"self":[{"href":"https:\/\/sites.usp.br\/podae\/index.php?rest_route=\/wp\/v2\/pages\/12089","targetHints":{"allow":["GET"]}}],"collection":[{"href":"https:\/\/sites.usp.br\/podae\/index.php?rest_route=\/wp\/v2\/pages"}],"about":[{"href":"https:\/\/sites.usp.br\/podae\/index.php?rest_route=\/wp\/v2\/types\/page"}],"author":[{"embeddable":true,"href":"https:\/\/sites.usp.br\/podae\/index.php?rest_route=\/wp\/v2\/users\/58"}],"replies":[{"embeddable":true,"href":"https:\/\/sites.usp.br\/podae\/index.php?rest_route=%2Fwp%2Fv2%2Fcomments&post=12089"}],"version-history":[{"count":4,"href":"https:\/\/sites.usp.br\/podae\/index.php?rest_route=\/wp\/v2\/pages\/12089\/revisions"}],"predecessor-version":[{"id":12261,"href":"https:\/\/sites.usp.br\/podae\/index.php?rest_route=\/wp\/v2\/pages\/12089\/revisions\/12261"}],"up":[{"embeddable":true,"href":"https:\/\/sites.usp.br\/podae\/index.php?rest_route=\/wp\/v2\/pages\/12032"}],"wp:attachment":[{"href":"https:\/\/sites.usp.br\/podae\/index.php?rest_route=%2Fwp%2Fv2%2Fmedia&parent=12089"}],"curies":[{"name":"wp","href":"https:\/\/api.w.org\/{rel}","templated":true}]}}