{"id":12262,"date":"2020-03-30T14:42:13","date_gmt":"2020-03-30T17:42:13","guid":{"rendered":"http:\/\/sites.usp.br\/podae\/?page_id=12262"},"modified":"2020-04-22T15:52:22","modified_gmt":"2020-04-22T18:52:22","slug":"12262-2","status":"publish","type":"page","link":"https:\/\/sites.usp.br\/podae\/?page_id=12262","title":{"rendered":"0.4 LACIRO (FORP \/ USP): Assessoria em Educa\u00e7\u00e3o (Radiologia Odontol\u00f3gica)"},"content":{"rendered":"<p style=\"text-align: center;\"><span style=\"color: #800080;\"><strong><span style=\"font-size: 16px;\"><span style=\"font-family: Arial;\">ENCICLOP\u00c9DIA BRASILEIRA DE TELEODONTOLOGIA<br \/>\n<\/span><\/span><\/strong><\/span><strong><span style=\"font-size: 12px;\"><span style=\"font-family: Arial;\">ISSN <span style=\"color: #0000ff;\"><a style=\"color: #0000ff;\" href=\"https:\/\/portal.issn.org\/resource\/ISSN\/2448-1181#\">2448-1181<\/a><\/span><\/span><\/span><\/strong><strong><span style=\"font-size: 12px;\"><span style=\"font-family: Arial;\"> \/ <span style=\"color: #0000ff;\"><a style=\"color: #0000ff;\" href=\"https:\/\/sites.usp.br\/podae\/wp-content\/uploads\/sites\/36\/2019\/06\/Encicl.-Bras.Teleodontol.jpg\">SIBi<\/a><\/span> \/ <a href=\"https:\/\/sites.usp.br\/podae\/?page_id=3320\"><span style=\"color: #0000ff;\">Expediente<\/span><\/a> \/ Fasc\u00edculos <\/span><\/span><\/strong><span style=\"font-size: 12px;\"><span style=\"font-family: Arial;\">(<\/span><\/span><span style=\"color: #0000ff;\"><strong><span style=\"font-size: 12px;\"><span style=\"font-family: Arial;\"><a style=\"color: #0000ff;\" href=\"https:\/\/sites.usp.br\/podae\/?page_id=120\">A-Z<\/a><\/span><\/span><\/strong><\/span><span style=\"font-size: 12px;\"><span style=\"font-family: Arial;\">)<\/span><\/span><strong><span style=\"font-size: 12px;\"><span style=\"font-family: Arial;\"><br \/>\n<\/span><\/span><\/strong><strong><span style=\"font-size: 12px;\"><span style=\"font-family: Arial;\"> Polo de Odontologia Digital Aplicado \u00e0 Educa\u00e7\u00e3o <\/span><\/span><\/strong><span style=\"font-size: 12px;\"><span style=\"font-family: Arial;\">(<\/span><\/span><strong><span style=\"font-size: 12px;\"><span style=\"font-family: Arial;\"><a href=\"https:\/\/sites.usp.br\/podae\/?page_id=89\"><span style=\"color: #0000ff;\">PODAE<\/span><\/a><\/span><\/span><\/strong><span style=\"font-size: 12px;\"><span style=\"font-family: Arial;\"><span style=\"color: #0000ff;\">)<\/span><\/span><\/span><strong><span style=\"font-size: 12px;\"><span style=\"font-family: Arial;\"><span style=\"color: #0000ff;\">: <\/span><a href=\"https:\/\/www.forp.usp.br\/\"><span style=\"color: #0000ff;\">FORP<\/span><\/a> \/ <span style=\"color: #0000ff;\"><a style=\"color: #0000ff;\" href=\"https:\/\/www5.usp.br\/\">USP<\/a><\/span><\/span><\/span><\/strong> <strong><span style=\"font-size: 12px;\"><span style=\"font-family: Arial;\"><br \/>\n<\/span><\/span><\/strong> <a href=\"https:\/\/sites.usp.br\/podae\/?page_id=11645\"><strong><span style=\"font-size: 14px;\"><span style=\"font-family: Arial;\"><span style=\"color: #0000ff;\"><em><span style=\"color: #000000;\"><span style=\"text-decoration: underline; color: #0000ff;\">1\u00aa Pr\u00e1tica Educativa <\/span><\/span><\/em><\/span><\/span><\/span><\/strong><strong><span style=\"font-size: 14px;\"><span style=\"font-family: Arial;\"><span style=\"color: #0000ff;\"><em><span style=\"color: #000000;\"><span style=\"text-decoration: underline; color: #0000ff;\">Online<\/span> <\/span><\/em><\/span><\/span><\/span><\/strong><\/a><strong><span style=\"font-size: 12px;\"><span style=\"font-family: Arial;\"><br \/>\n<\/span><\/span><\/strong><span style=\"color: #000000;\"><strong><span style=\"font-size: 10px;\"><span style=\"color: #ff0000; font-size: 14px;\">\u2666<\/span> <\/span><\/strong><\/span><span style=\"color: #000000;\"><strong><span style=\"font-size: 10px;\"><span style=\"text-decoration: underline;\">SUM\u00c1RIOS<\/span><\/span><\/strong><\/span><strong><span style=\"font-size: 12px;\"><span style=\"font-family: Arial;\">: <\/span><\/span><\/strong><span style=\"color: #000000;\"><strong><span style=\"font-size: 10px;\"><span style=\"color: #0000ff;\"><a style=\"color: #0000ff;\" href=\"https:\/\/sites.usp.br\/podae\/?page_id=3354\"><span style=\"color: #0000ff;\">Fasc\u00edculo L<\/span><\/a><\/span> e <a href=\"https:\/\/sites.usp.br\/podae\/?page_id=11643\"><span style=\"color: #0000ff;\">Suplemento Anua<\/span>l <\/a><\/span><\/strong><\/span><\/p>\n<address style=\"text-align: right;\">\n<hr style=\"width: 321px;\" \/>\n<\/address>\n<address><span style=\"color: #ff0000;\"><span style=\"font-size: 10px;\"><strong><span style=\"color: #0000ff;\"><em><span style=\"color: #000000; font-size: 14px;\">L<\/span><\/em><\/span><\/strong><\/span><\/span><span style=\"color: #ff0000;\"><span style=\"font-size: 10px;\"><strong><span style=\"color: #0000ff;\"><em><span style=\"color: #000000; font-size: 14px;\">uiz Carlos Pardini &#8211;<\/span><\/em> <\/span><\/strong><\/span><\/span><span style=\"font-size: 10px;\"><strong><span style=\"color: #0000ff;\"><span style=\"color: #ff0000;\"><span style=\"color: #000000;\"><a style=\"color: #0000ff;\" href=\"https:\/\/uspdigital.usp.br\/telefonia\/telFormularioEmail.jsp?codigoPessoaUsuario=0&amp;codigoPessoa=75623&amp;nomePessoa=Luiz Carlos Pardini&amp;print=s\">E-mail<\/a> <em><span style=\"color: #000000; font-size: 14px;\">&#8211;<\/span><\/em> <a style=\"color: #0000ff;\" href=\"http:\/\/buscatextual.cnpq.br\/buscatextual\/visualizacv.do?metodo=apresentar&amp;id=K4796807T1\">Curr\u00edculo Lattes<\/a> &#8211; <a style=\"color: #0000ff;\" href=\"https:\/\/sites.usp.br\/podae\/?page_id=4562\">Informa\u00e7\u00f5es adicionais<\/a><\/span><\/span><\/span><\/strong><\/span><\/address>\n<address>\n<address style=\"text-align: right;\">\n<hr style=\"width: 321px;\" \/>\n<\/address>\n<\/address>\n<hr \/>\n<address style=\"text-align: right;\"><strong><span style=\"font-size: 12px;\"><span style=\"font-size: 10px;\">p\u00e1gina 3<\/span><br \/>\n<\/span><\/strong><\/address>\n<hr \/>\n<p style=\"text-align: justify;\"><span style=\"color: #000000; font-family: Arial;\"><span style=\"font-size: 12px; line-height: 18px;\"><strong>PARDINI, L.C. LACIRO: (FORP \/ USP): Assessoria em Educa\u00e7\u00e3o (Radiologia Odontol\u00f3gica)<\/strong><strong>., Volume 1 (Serie L): p\u00e1gina 4, abril, 2011. Suplemento. ISSN 2448-1181.<\/strong><\/span><\/span><\/p>\n<hr \/>\n<p style=\"text-align: justify;\"><span style=\"font-family: Arial;\"><strong>Laborat\u00f3rio de An\u00e1lise e Controle da Imagem Radiogr\u00e1fica Odontol\u00f3gica <\/strong>(<strong><span style=\"color: #0000ff;\"><a style=\"color: #0000ff;\" href=\"https:\/\/sites.usp.br\/laciro\/\">LACIRO<\/a><\/span><\/strong>) mediante consentimento e\u00a0 autoriza\u00e7\u00e3o\u00a0 (USP: Processo n\u00b0 94.1.203.58.6 &#8211; Parecer <strong>Comiss\u00e3o Especial de Regimes de Trabalho<\/strong> (<strong>CERT<\/strong>) sob n\u00b0 794\/98 em reuni\u00e3o de 29\/06\/98, manifestou-se favoravelmente, nos termos dos artigos 15 e 17 da Resolu\u00e7\u00e3o n\u00b0 3533\/89, com reda\u00e7\u00e3o dada pela Resolu\u00e7\u00e3o n\u00b0 4542\/98 que o docente <strong>LUIZ CARLOS PARDINI<\/strong> preste servi\u00e7os de <strong>ASSESSORIA<\/strong>\u00a0 \u00e0 <strong>Universidade de Franca<\/strong> (<strong>UNIFRAN<\/strong>), pelo prazo de 2 anos (fevereiro\/98 a fevereiro\/2000 &#8211; 7 horas semanais).<\/span><\/p>\n<p style=\"text-align: justify;\"><span style=\"font-family: Arial;\">Proposta Educacional baseava-se em a\u00e7\u00f5es pedag\u00f3gicas relativas: <\/span><span style=\"font-family: Arial;\"><strong>MISS\u00c3O<\/strong>,<strong>VIS\u00c3O <\/strong>e <strong>VALORES<\/strong>. As a\u00e7\u00f5es educacionais dos tem como principal estrat\u00e9gicas no Ensino e no Aprendizado na \u00e1rea da Sa\u00fade Bucal (Radiologia) ampliando e estimulando as participa\u00e7\u00f5es interativas com as divulga\u00e7\u00f5es dos conhecimentos (T\u00e9cnico e Cient\u00edfico) em ambiental virtual.<\/span><\/p>\n<p style=\"text-align: justify;\"><span style=\"font-family: Arial;\"><strong>VIS\u00c3O:<\/strong> As orienta\u00e7\u00f5es educacionais devem ser direcionadas para a forma\u00e7\u00e3o do profissional atuando com as a\u00e7\u00f5es cr\u00edticas e reflexivas sobre o Ensino e o Aprendizado na \u00e1rea da Sa\u00fade Bucal estimulando a participa\u00e7\u00e3o efetiva da cidadania.<\/span><\/p>\n<p style=\"text-align: justify;\"><span style=\"font-family: Arial;\"><strong> VALORES<\/strong>: As condutas e procedimento devem ser pautadas nas atitudes educacionais tendo como principal a\u00e7\u00e3o o \u201cser humano\u201d com direito a Sa\u00fade mediante as a\u00e7\u00f5es preventivas.<\/span><\/p>\n<p style=\"text-align: justify;\"><span style=\"font-family: Arial;\">Atua\u00e7\u00e3o no <strong>N\u00daCLEO DE PESQUISA EM SA\u00daDE<\/strong>, <strong>DESENVOLVIMENTO HUMANO E QUALIDADE DE<\/strong> <strong>VIDA<\/strong> &#8211; Orienta\u00e7\u00f5es Did\u00e1ticas, T\u00e9cnicos e Cient\u00edfica em Projetos de Pesquisa e Servi\u00e7os \u00e0 Comunidade.<\/span><\/p>\n<p style=\"text-align: justify;\"><span style=\"font-family: Arial;\">Neste s\u00e9culo XXI o Educando (Aluno \/ Aprendiz) constantemente est\u00e1 imerso na &#8220;Educa\u00e7\u00e3o Banc\u00e1ria&#8221; sem a efetiva atua\u00e7\u00e3o na <strong>Educa\u00e7\u00e3o Participativa <\/strong>e a <\/span><span style=\"font-family: Arial;\"><strong>Gest\u00e3o Educadora<\/strong> que estimula a\u00e7\u00e3o educacional (<strong>Ambiente Colaborativo de Aprendizagem<\/strong>) no Ensino Superior.<\/span><\/p>\n<hr \/>\n<div align=\"justify\">\n<div align=\"justify\">\n<div align=\"justify\">\n<div align=\"justify\"><span style=\"font-size: 12px;\"><em><strong><span style=\"text-decoration: underline;\">REFER\u00caNCIAS<\/span><\/strong><\/em><\/span><\/div>\n<div style=\"font-size: 12px;\" align=\"justify\">\n<div align=\"justify\"><span style=\"font-size: 12px;\">1.<\/span><span style=\"font-size: 12px;\"> CAMPOS, A. A.; PANZERI, F. ; SOUZA, E. A.; GUGELMIN, M.C.M.; OLIVEIRA, L.M.; PARDINI, L.C; CASAGRANDE, L.D.R. Curr\u00edculos de graduaci\u00f3n em Odontologia: generalistas versus especialistas. Revista Fola Oral, 4(13), 1998. [Impresso]<\/span><\/div>\n<div align=\"justify\">2. FREIRE, P. Carta de Paulo Freire aos professores. Estud. av., S\u00e3o Paulo , 15(42): 259-268, Aug. 2001 [<strong><span style=\"color: #0000ff;\"><a style=\"color: #0000ff;\" href=\"http:\/\/www.scielo.br\/pdf\/ea\/v15n42\/v15n42a13.pdf\">PDF<\/a><\/span><\/strong>]<\/div>\n<div align=\"justify\"><span style=\"font-size: 12px;\"><span style=\"font-size: 12px;\">3.<\/span><\/span> ROZENDO, C.A.; CASAGRANDE, L.D.R.; PARDINI, L.C.; SCHNEIDER, J.F. Descripci\u00f3n de algunas pr\u00e1cticas docentes de profesores universitarios del \u00e1rea de salud. In: Pedagogia 97 &#8211; Encuentro por la unidad de los educadores latinoamericanos, 1997, La Habana, Cuba. Resumenes, p. 207, 1997. [Impresso].<\/div>\n<div align=\"justify\"><span style=\"font-size: 12px;\">4. ROZENDO, C.A.; CASAGRANDE, L.D.R.; SCHNEIDER, J.F.; PARDINI, L.C. Uma an\u00e1lise das pr\u00e1ticas docentes de professores universit\u00e1rios da \u00e1rea de sa\u00fade. Rev. latino-am.enfermagem, Ribeir\u00e3o Preto, 7( 2): 15-23, abril 1999. [<strong><span style=\"color: #0000ff;\"><a style=\"color: #0000ff;\" href=\"http:\/\/www.scielo.br\/scielo.php?script=sci_arttext&amp;pid=S0104-11691999000200003&amp;lng=pt&amp;nrm=iso\"><span style=\"color: #0000ff;\">LINK<\/span><\/a><\/span><\/strong>].<\/span><\/div>\n<\/div>\n<\/div>\n<\/div>\n<\/div>\n<div style=\"text-align: justify;\" align=\"justify\">\n<div style=\"text-align: center;\" align=\"justify\">\n<address style=\"text-align: right;\">\n<hr \/>\n<hr \/>\n<\/address>\n<\/div>\n<\/div>\n<div style=\"text-align: left;\" align=\"center\">\n<div style=\"text-align: center;\" align=\"center\">\n<div align=\"justify\">\n<p><span style=\"font-size: 10px;\"><strong><span style=\"color: #0000ff;\"><span style=\"font-size: 10px;\"><span style=\"color: #000000;\">Universidade de S\u00e3o Paulo <\/span><\/span><\/span><\/strong><span style=\"color: #0000ff;\"><span style=\"font-size: 10px;\"><span style=\"color: #000000;\">(<\/span><\/span><\/span><strong><span style=\"color: #0000ff;\"><span style=\"font-size: 10px;\"><a style=\"color: #0000ff;\" href=\"http:\/\/www5.usp.br\/\">USP<\/a> \/ <a style=\"color: #0000ff;\" href=\"https:\/\/uspdigital.usp.br\/wsusuario\/\">SistemasUSP<\/a><\/span><\/span><\/strong><span style=\"color: #0000ff;\"><span style=\"font-size: 10px;\"><span style=\"color: #000000;\">)<\/span><\/span><\/span><strong><span style=\"color: #0000ff;\"><span style=\"font-size: 10px;\"><span style=\"color: #000000;\">, Faculdade de Odontologia de Ribeir\u00e3o <\/span><\/span><\/span><\/strong><span style=\"color: #0000ff;\"><span style=\"font-size: 10px;\"><span style=\"color: #000000;\">(<\/span><\/span><\/span><strong><span style=\"color: #0000ff;\"><span style=\"font-size: 10px;\"><a style=\"color: #0000ff;\" href=\"http:\/\/www.forp.usp.br\/\">FORP<\/a><\/span><\/span><\/strong><span style=\"color: #0000ff;\"><span style=\"font-size: 10px;\">)<\/span><\/span><strong><span style=\"color: #000000;\"><span style=\"font-size: 10px;\">. <\/span><\/span><span style=\"font-size: 10px;\"><strong><span style=\"color: #0000ff;\"><span style=\"color: #000000;\">Laborat\u00f3rio de An\u00e1lise Controle da Imagem Odontol\u00f3gica <\/span><\/span><\/strong><\/span><\/strong><span style=\"font-size: 10px;\"><span style=\"color: #0000ff;\"><span style=\"color: #000000;\">(<\/span><\/span><\/span><strong><span style=\"font-size: 10px;\"><strong><span style=\"color: #0000ff;\"><span style=\"color: #000000;\">Site:<\/span> <a style=\"color: #0000ff;\" href=\"https:\/\/sites.usp.br\/laciro\/\">LACIRO<\/a> <span style=\"color: #000000;\">\/<\/span> <span style=\"color: #000000;\">Diret\u00f3rio de Grupo:<\/span><\/span><a href=\"http:\/\/dgp.cnpq.br\/dgp\/espelhogrupo\/7860212987967525\"><span style=\"color: #0000ff;\"> LACIRO<\/span><\/a><\/strong><\/span><\/strong><span style=\"font-size: 10px;\">) <\/span><strong><em>Respons\u00e1vel: Luiz Carlos Pardini.\u00a0\u00a0<\/em><\/strong><\/span><span style=\"font-size: 10px;\"><span style=\"font-size: 10px;\"><strong><br \/>\n<\/strong><\/span><\/span><\/p>\n<hr \/>\n<p style=\"text-align: justify;\"><span style=\"font-size: 10px;\"><strong><span style=\"text-decoration: underline;\">Recebido<\/span>: 1\/3\/2011 &#8211; <span style=\"color: #0000ff;\"><a style=\"color: #0000ff;\" href=\"http:\/\/sites.usp.br\/ebt\/forp-expediente-encicl-bras-teleodontol\/parecerista-relator-consultor-avaliador\/\">Parecerista<\/a>: <\/span>1\/4\/2011 &#8211; <span style=\"text-decoration: underline;\">Reformulado<\/span>: 2\/4\/2011 &#8211; <span style=\"text-decoration: underline;\">Publicado<\/span>: 2\/4\/2011 &#8211; Enciclop\u00e9dia Brasileira de Teleodontologia<\/strong><br \/>\n<\/span><\/p>\n<\/div>\n<\/div>\n<hr \/>\n<\/div>\n<p>&nbsp;<\/p>\n","protected":false},"excerpt":{"rendered":"<p>ENCICLOP\u00c9DIA BRASILEIRA DE TELEODONTOLOGIA ISSN 2448-1181 \/ SIBi \/ Expediente \/ Fasc\u00edculos (A-Z) Polo de [&hellip;]<\/p>\n","protected":false},"author":58,"featured_media":0,"parent":11645,"menu_order":0,"comment_status":"closed","ping_status":"closed","template":"","meta":{"footnotes":"","_links_to":"","_links_to_target":""},"class_list":["post-12262","page","type-page","status-publish","hentry"],"_links":{"self":[{"href":"https:\/\/sites.usp.br\/podae\/index.php?rest_route=\/wp\/v2\/pages\/12262","targetHints":{"allow":["GET"]}}],"collection":[{"href":"https:\/\/sites.usp.br\/podae\/index.php?rest_route=\/wp\/v2\/pages"}],"about":[{"href":"https:\/\/sites.usp.br\/podae\/index.php?rest_route=\/wp\/v2\/types\/page"}],"author":[{"embeddable":true,"href":"https:\/\/sites.usp.br\/podae\/index.php?rest_route=\/wp\/v2\/users\/58"}],"replies":[{"embeddable":true,"href":"https:\/\/sites.usp.br\/podae\/index.php?rest_route=%2Fwp%2Fv2%2Fcomments&post=12262"}],"version-history":[{"count":5,"href":"https:\/\/sites.usp.br\/podae\/index.php?rest_route=\/wp\/v2\/pages\/12262\/revisions"}],"predecessor-version":[{"id":13013,"href":"https:\/\/sites.usp.br\/podae\/index.php?rest_route=\/wp\/v2\/pages\/12262\/revisions\/13013"}],"up":[{"embeddable":true,"href":"https:\/\/sites.usp.br\/podae\/index.php?rest_route=\/wp\/v2\/pages\/11645"}],"wp:attachment":[{"href":"https:\/\/sites.usp.br\/podae\/index.php?rest_route=%2Fwp%2Fv2%2Fmedia&parent=12262"}],"curies":[{"name":"wp","href":"https:\/\/api.w.org\/{rel}","templated":true}]}}