{"id":12799,"date":"2020-04-08T16:58:04","date_gmt":"2020-04-08T19:58:04","guid":{"rendered":"http:\/\/sites.usp.br\/podae\/?page_id=12799"},"modified":"2020-04-22T16:05:21","modified_gmt":"2020-04-22T19:05:21","slug":"02-laciro-e-laabio-pratica-educativa-apresentacao-sbpqo-2005","status":"publish","type":"page","link":"https:\/\/sites.usp.br\/podae\/?page_id=12799","title":{"rendered":"004 LACIRO e LaAbio (Pr\u00e1tica Educativa): Apresenta\u00e7\u00e3o SBPqO  2010"},"content":{"rendered":"<p style=\"text-align: center;\"><span style=\"color: #800080;\"><strong><span style=\"font-size: 16px;\"><span style=\"font-family: Arial;\">ENCICLOP\u00c9DIA BRASILEIRA DE TELEODONTOLOGIA<br \/>\n<\/span><\/span><\/strong><\/span><strong><span style=\"font-size: 12px;\"><span style=\"font-family: Arial;\">ISSN <span style=\"color: #0000ff;\"><a style=\"color: #0000ff;\" href=\"https:\/\/portal.issn.org\/resource\/ISSN\/2448-1181#\">2448-1181<\/a><\/span><\/span><\/span><\/strong><strong><span style=\"font-size: 12px;\"><span style=\"font-family: Arial;\"> \/ <span style=\"color: #0000ff;\"><a style=\"color: #0000ff;\" href=\"https:\/\/sites.usp.br\/podae\/wp-content\/uploads\/sites\/36\/2019\/06\/Encicl.-Bras.Teleodontol.jpg\">SIBi<\/a><\/span> \/ <a href=\"https:\/\/sites.usp.br\/podae\/?page_id=3320\"><span style=\"color: #0000ff;\">Expediente<\/span><\/a> \/ Fasc\u00edculos <\/span><\/span><\/strong><span style=\"font-size: 12px;\"><span style=\"font-family: Arial;\">(<\/span><\/span><strong><span style=\"font-size: 12px;\"><span style=\"font-family: Arial;\"><span style=\"color: #0000ff;\"><a style=\"color: #0000ff;\" href=\"https:\/\/sites.usp.br\/podae\/?page_id=120\">A-Z<\/a><\/span><\/span><\/span><\/strong><span style=\"font-size: 12px;\"><span style=\"font-family: Arial;\">)<\/span><\/span><strong><span style=\"font-size: 12px;\"><span style=\"font-family: Arial;\"><br \/>\n<\/span><\/span><\/strong><strong><span style=\"font-size: 12px;\"><span style=\"font-family: Arial;\"> Polo de Odontologia Digital Aplicado \u00e0 Educa\u00e7\u00e3o <\/span><\/span><\/strong><span style=\"font-size: 12px;\"><span style=\"font-family: Arial;\">(<\/span><\/span><strong><span style=\"font-size: 12px;\"><span style=\"font-family: Arial;\"><a href=\"https:\/\/sites.usp.br\/podae\/?page_id=89\"><span style=\"color: #0000ff;\">PODAE<\/span><\/a><\/span><\/span><\/strong><span style=\"font-size: 12px;\"><span style=\"font-family: Arial;\"><span style=\"color: #0000ff;\">)<\/span><\/span><\/span><strong><span style=\"font-size: 12px;\"><span style=\"font-family: Arial;\"><span style=\"color: #0000ff;\">: <\/span><a href=\"https:\/\/www.forp.usp.br\/\"><span style=\"color: #0000ff;\">FORP<\/span><\/a> \/ <span style=\"color: #0000ff;\"><a style=\"color: #0000ff;\" href=\"https:\/\/www5.usp.br\/\">USP<\/a><\/span><\/span><\/span><\/strong> <strong><span style=\"font-size: 12px;\"><span style=\"font-family: Arial;\"><br \/>\n<\/span><\/span><\/strong> <a href=\"https:\/\/sites.usp.br\/podae\/?page_id=11992\"><strong><span style=\"font-size: 14px;\"><span style=\"font-family: Arial;\"><span style=\"color: #0000ff;\"><em><span style=\"color: #000000;\"><span style=\"text-decoration: underline; color: #0000ff;\">5\u00aa Atividad<\/span><\/span><\/em><\/span><\/span><\/span><\/strong><strong><span style=\"font-size: 14px;\"><span style=\"font-family: Arial;\"><span style=\"color: #0000ff;\"><em><span style=\"color: #000000;\"><span style=\"text-decoration: underline; color: #0000ff;\">e Educativa Online<\/span> <\/span><\/em><\/span><\/span><\/span><\/strong><\/a><strong><span style=\"font-size: 12px;\"><span style=\"font-family: Arial;\"><br \/>\n<\/span><\/span><\/strong><span style=\"color: #000000;\"><strong><span style=\"font-size: 10px;\"><span style=\"color: #ff0000; font-size: 14px;\">\u2666<\/span> <\/span><\/strong><\/span><span style=\"color: #000000;\"><strong><span style=\"font-size: 10px;\"><span style=\"text-decoration: underline;\">SUM\u00c1RIOS<\/span><\/span><\/strong><\/span><strong><span style=\"font-size: 12px;\"><span style=\"font-family: Arial;\">: <\/span><\/span><\/strong><span style=\"color: #000000;\"><strong><span style=\"font-size: 10px;\"><a href=\"https:\/\/sites.usp.br\/podae\/?page_id=3354\"><span style=\"color: #0000ff;\"><span style=\"color: #0000ff;\">Fasc\u00edculo L<\/span><\/span><\/a> e <a href=\"https:\/\/sites.usp.br\/podae\/?page_id=11643\"><span style=\"color: #0000ff;\">Suplemento Anua<\/span>l<\/a> <\/span><\/strong><strong><span style=\"font-size: 10px;\"><strong><br \/>\n<\/strong><\/span><\/strong><\/span><\/p>\n<hr style=\"width: 321px;\" \/>\n<address><span style=\"color: #ff0000;\"><span style=\"font-size: 10px;\"><strong><span style=\"color: #0000ff;\"><em><span style=\"color: #000000; font-size: 14px;\">Fe<\/span><\/em><\/span><\/strong><\/span><\/span><span style=\"color: #ff0000;\"><span style=\"font-size: 10px;\"><strong><span style=\"color: #0000ff;\"><em><span style=\"color: #000000; font-size: 14px;\">rnanda de Carvalho Panzeri Pires-de-Souza &#8211; <\/span><\/em><\/span><\/strong><\/span><\/span><span style=\"color: #ff0000;\"><strong><span style=\"font-size: 10px;\"><span style=\"color: #0000ff;\"><a style=\"color: #0000ff;\" href=\"http:\/\/buscatextual.cnpq.br\/buscatextual\/email.do?metodo=apresentar&amp;seqIdPessoa=409649&amp;nomeDestinatario=Fernanda_de_Carvalho_Panzeri_Pires-de-Souza\"> Email<\/a> &#8211;<\/span><\/span><\/strong><\/span> <span style=\"color: #ff0000;\"><strong><span style=\"font-size: 10px;\"><span style=\"color: #0000ff;\"><a style=\"color: #0000ff;\" href=\"http:\/\/lattes.cnpq.br\/5000638498655119\"><span style=\"color: #0000ff;\">Curr\u00edculo Latt<\/span>es<\/a><\/span><\/span><\/strong><\/span><span style=\"color: #ff0000;\"><strong><span style=\"font-size: 10px;\"><span style=\"color: #0000ff;\"> &#8211; <a href=\"http:\/\/sites.usp.br\/ebt\/forp-expediente-encicl-bras-teleodontol\/parecerista-relator-consultor-avaliador\/fernanda-de-carvalho-panzeri-pires-de-souza\/\"><span style=\"color: #0000ff;\">Informa\u00e7\u00f5es Adicio<\/span>nais<\/a><br \/>\n<\/span><\/span><\/strong><\/span><\/address>\n<address><span style=\"color: #ff0000;\"><span style=\"font-size: 10px;\"><strong><span style=\"color: #0000ff;\"><em><span style=\"color: #000000; font-size: 14px;\">L<\/span><\/em><\/span><\/strong><\/span><\/span><span style=\"color: #ff0000;\"><span style=\"font-size: 10px;\"><strong><span style=\"color: #0000ff;\"><em><span style=\"color: #000000; font-size: 14px;\">uiz Carlos Pardini &#8211;<\/span><\/em> <\/span><\/strong><\/span><\/span><span style=\"font-size: 10px;\"><strong><span style=\"color: #0000ff;\"><span style=\"color: #ff0000;\"><span style=\"color: #000000;\"><span style=\"color: #0000ff;\"><a style=\"color: #0000ff;\" href=\"https:\/\/uspdigital.usp.br\/telefonia\/telFormularioEmail.jsp?codigoPessoaUsuario=0&amp;codigoPessoa=75623&amp;nomePessoa=Luiz Carlos Pardini&amp;print=s\">E-mail<\/a><\/span> <em><span style=\"color: #000000; font-size: 14px;\">&#8211;<\/span><\/em> <a style=\"color: #0000ff;\" href=\"http:\/\/buscatextual.cnpq.br\/buscatextual\/visualizacv.do?metodo=apresentar&amp;id=K4796807T1\">Curr\u00edculo Lattes<\/a> &#8211; <a style=\"color: #0000ff;\" href=\"https:\/\/sites.usp.br\/podae\/?page_id=4562\">Informa\u00e7\u00f5es adicionais<\/a> <\/span><\/span><\/span><\/strong><\/span><span style=\"color: #ff0000;\"><strong><span style=\"font-size: 10px;\"><span style=\"color: #0000ff;\"><br \/>\n<\/span><\/span><\/strong><\/span><\/address>\n<address>\n<address style=\"text-align: right;\">\n<hr style=\"width: 321px;\" \/>\n<\/address>\n<\/address>\n<hr \/>\n<address style=\"text-align: right;\"><strong><span style=\"font-size: 12px;\"><span style=\"font-size: 10px;\">p\u00e1gina 3<\/span><br \/>\n<\/span><\/strong><\/address>\n<hr \/>\n<p style=\"text-align: justify;\"><span style=\"color: #000000; font-family: Arial;\"><span style=\"font-size: 12px; line-height: 18px;\"><strong>PIRES-DE-SOUZA, F.C.P., PARDINI, L.C. LACIRO e LaAbio (Pr\u00e1tica Educativa): Apresenta\u00e7\u00e3o SBPqO &#8211; 2014<\/strong><strong>. Encicl. Bras.Teleodontol., Volume 1 (<span style=\"color: #0000ff;\">Fasc\u00edculo L<\/span>): p\u00e1gina 3, abril, 2015. Suplemento. ISSN 2448-1181<\/strong>.<\/span><\/span><\/p>\n<hr \/>\n<p style=\"text-align: justify;\"><span style=\"font-family: Arial;\"><strong>Laborat\u00f3rio de An\u00e1lise e Controle da Imagem Radiogr\u00e1fica Odontol\u00f3gica <\/strong>(Site: <span style=\"color: #0000ff;\"><strong><a style=\"color: #0000ff;\" href=\"https:\/\/sites.usp.br\/laciro\/\">LACIRO<\/a><\/strong><\/span> &#8211; CNPq Diret\u00f3rio de Grupo: <strong><span style=\"color: #0000ff;\"><a style=\"color: #0000ff;\" href=\"http:\/\/dgp.cnpq.br\/dgp\/espelhogrupo\/7860212987967525\">LACIRO<\/a><\/span><\/strong> \/ 1994) e <strong>Laborat\u00f3rio de An\u00e1lise de Biomateriai<\/strong>s (Site: <a href=\"https:\/\/sites.usp.br\/laabio\"><strong>LaABio<\/strong><\/a> &#8211; CNPq Diret\u00f3rio de Grupo: <span style=\"color: #0000ff;\"><a style=\"color: #0000ff;\" href=\"http:\/\/dgp.cnpq.br\/dgp\/espelhogrupo\/379651\"><strong>LaABio<\/strong><\/a><\/span> \/ 2005) estimulam as a\u00e7\u00f5es educativas na \u00c1rea da Sa\u00fade (<strong><span style=\"color: #0000ff;\"><a style=\"color: #0000ff;\" href=\"https:\/\/www.forp.usp.br\/\">FORP<\/a><\/span> \/ <span style=\"color: #0000ff;\"><a style=\"color: #0000ff;\" href=\"https:\/\/www5.usp.br\/\">USP<\/a><\/span><\/strong>) com interven\u00e7\u00f5es que ampliam os conhecimentos t\u00e9cnicos e cient\u00edficos com pesquisas (Laboratorial e\/ou Cl\u00ednicas).<\/span><\/p>\n<p style=\"text-align: justify;\"><span style=\"font-family: Arial;\">No ano de 2011, o<span style=\"color: #0000ff;\"> <strong><a style=\"color: #0000ff;\" href=\"https:\/\/sites.usp.br\/laciro\/\">LACIRO<\/a><\/strong><\/span> e <span style=\"color: #0000ff;\"><a style=\"color: #0000ff;\" href=\"http:\/\/dgp.cnpq.br\/dgp\/espelhogrupo\/379651\"><strong>LaABio<\/strong><\/a><\/span>, mediante a Equipe de Docentes e Alunos, apresentaram no <\/span><span style=\"font-family: Arial;\">Evento Cient\u00edfico (Nacional e Internacional), promovido pela <\/span><span style=\"font-family: Arial;\"><strong>Sociedade Brasileira de Pesquisa Odontol\u00f3gica <\/strong>(<a href=\"https:\/\/www.sbpqo.org.br\/\"><span style=\"color: #0000ff;\"><strong>SBPqO<\/strong><\/span><\/a> &#8211; <\/span><span style=\"font-family: Arial;\">28\u00aa Reuni\u00e3o Anual <\/span><span style=\"font-family: Arial;\">&#8211; 2011) <\/span><span style=\"font-family: Arial;\"> pesquisas interdisciplinares. <\/span><\/p>\n<p style=\"text-align: justify;\"><span style=\"font-family: Arial;\"><strong>Abordagem Articular <\/strong>aliada a<strong> Pr\u00e1tica Docente<\/strong> (<strong>\u00c1rea da Sa\u00fade<\/strong>) ampliao e<strong> Compartilha A\u00e7\u00f5es com<\/strong> ampla Articula\u00e7\u00e3o Educacional entre Institui\u00e7\u00e3o, Docente e Discente.<strong> O<\/strong><\/span><span style=\"font-family: Arial;\"> Educando (Aluno \/ Aprendiz) constantemente est\u00e1 imerso na &#8220;Educa\u00e7\u00e3o Banc\u00e1ria&#8221; (<\/span><span style=\"font-family: Arial;\"><strong>ROZENDO <\/strong>et al <span style=\"color: #0000ff;\"><a style=\"color: #0000ff;\" href=\"http:\/\/www.scielo.br\/scielo.php?script=sci_arttext&amp;pid=S0104-11691999000200003&amp;lng=pt&amp;nrm=iso\"><strong>1999<\/strong><\/a><\/span>) <\/span><span style=\"font-family: Arial;\">sem a efetiva atua\u00e7\u00e3o na <strong>Educa\u00e7\u00e3o Participativa <\/strong>e a <\/span><span style=\"font-family: Arial;\"><strong>Gest\u00e3o Educadora<\/strong> que estimula a\u00e7\u00e3o educacional (<strong>Ambiente Colaborativo de Aprendizagem<\/strong>) no Ensino Superior no da <strong>Sociedade Brasileira de Pesquisa Odontol\u00f3gica<\/strong> () com a publica\u00e7\u00e3o nos Anais Cient\u00edficos (<strong><span style=\"color: #0000ff;\"><a style=\"color: #0000ff;\" href=\"https:\/\/www.sbpqo.org.br\/resumos\/index.asp\">RESUMOS<\/a><\/span><\/strong>): <\/span><\/p>\n<ul>\n<li><strong style=\"color: #0000ff; font-size: 12px;\"><strong style=\"color: #0000ff; font-size: 12px;\"><span style=\"color: #000000;\">Sousa, Ana Beatriz Silva ; GARCIA, Lucas da Fonseca Roberti ; PARDINI, Luiz Carlos ; PIRES-DE-SOUZA, Fernanda de Carvalho Panzeri . influ\u00eancia do tratamento de superf\u00edcie e do material intermedi\u00e1rio na estabilidade de cor de comp\u00f3sito reparado. <strong>Braz Oral Res., 25 (Suppl. 1):<\/strong> 137, 2011. [ : <span style=\"color: #0000ff;\"><a style=\"color: #0000ff;\" href=\"https:\/\/www.sbpqo.org.br\/resumos\/SBPqOAnais31Reuniao.pdf#page=152\">LINK<\/a><\/span>]<\/span><\/strong><\/strong><strong style=\"color: #0000ff; font-size: 12px;\"><strong style=\"color: #0000ff; font-size: 12px;\"><span style=\"color: #000000;\">.<\/span><\/strong><\/strong><\/li>\n<\/ul>\n<p>&nbsp;<\/p>\n<p style=\"text-align: justify;\"><span style=\"font-family: Arial;\">Neste s\u00e9culo XXI, <strong>Abordagem Articular <\/strong>deve, constantemente, &#8220;(re)avaliar&#8221; as novas e atualizadas <strong>Pr\u00e1tica Docente<\/strong>, principalmente, na \u00c1rea da Sa\u00fade e &#8220;<strong>Compartilhando A\u00e7\u00f5es&#8221;<\/strong> com a <strong>Comunidade Educaciona<\/strong>l para o <strong>Di\u00e1logo Pedag\u00f3gico<\/strong><\/span><span style=\"font-family: Arial; line-height: 1.5;\">.<br \/>\n<\/span><\/p>\n<hr \/>\n<div align=\"justify\">\n<div align=\"justify\">\n<div align=\"justify\">\n<div align=\"justify\"><span style=\"font-size: 12px;\"><em><strong><span style=\"text-decoration: underline;\">REFER\u00caNCIAS<\/span><\/strong><\/em><\/span><\/div>\n<div style=\"font-size: 12px;\" align=\"justify\">\n<div align=\"justify\"><span style=\"font-size: 12px;\">1. CAMPOS, A.A., PIRES-DE-SOUZA, F.C.P., GUGELMIN, M.C.M.S., OLIVEIRA, L.M., PARDINI, L.C., CASAGRANDE, L.D.R. Curr\u00edculos de graduaci\u00f3n en Odontolog\u00eda: generalistas versus especialistas. Revista Fola Oral, Argentina, 4(13): 170-173, 1998.<br \/>\n<\/span><\/div>\n<div align=\"justify\">2. GABRIELLI, A.C.R., CASEMIRO, L., DIAS, S.C., PIRES-DE-SOUZA, F.C.P., PANZERI, H. An\u00e1lise de \u00f3xido superficial em revestimento fosfatado e em revestimento de silicato de zirc\u00f4nia e s\u00edlica coloidal. RPG. Revista de P\u00f3s-Gradua\u00e7\u00e3o (USP), S\u00e3o Paulo, 6(4): 1999.<\/div>\n<div align=\"justify\">3. PIRES-DE-SOUZA, F.C.P., G; PANZERI, H., ZANIQUELLI, O., GODOY FILHO, J. Efeitos da diminui\u00e7\u00e3o da Part\u00edcula e da adi\u00e7\u00e3o de Alumina ou de Zirconita a um Revestimento a base de quartzo aglutinado pelo Silicato de Etila. RPG. Revista de P\u00f3s-Gradua\u00e7\u00e3o (USP), S\u00e3o Paulo, 2(.3):, 168-174, 1995.<\/div>\n<div align=\"justify\">4 PANZERI, H., BOCALINI, M., PIRES-DE-SOUZA, F.C.P., MORAES, J. T., GODOI FILHO, J., VIEIRA, M.A. Emprego de uma Lama Refrat\u00e1ria para a Obten\u00e7\u00e3o do Refrat\u00e1rio no Processo de Fundi\u00e7\u00e3o Odontol\u00f3gica. Revista de Odontologia da Universidade de S\u00e3o Paulo, S\u00e3o Paulo, 12(3): 271-279, 1998.<\/div>\n<div align=\"justify\"><span style=\"font-size: 12px;\">5. ROZENDO, C.A., CASAGRANDE, L.D.R., SCHNEIDER, J.F., PARDINI, L.C. Uma an\u00e1lise das pr\u00e1ticas docentes de professores universit\u00e1rios da \u00e1rea de sa\u00fade. Rev. latino-am.enfermagem, Ribeir\u00e3o Preto, 7( 2): 15-23, abril 1999. [<strong><span style=\"color: #0000ff;\"><a style=\"color: #0000ff;\" href=\"http:\/\/www.scielo.br\/scielo.php?script=sci_arttext&amp;pid=S0104-11691999000200003&amp;lng=pt&amp;nrm=iso\"><span style=\"color: #0000ff;\">LINK<\/span><\/a><\/span><\/strong>]<\/span><\/div>\n<\/div>\n<\/div>\n<\/div>\n<\/div>\n<div style=\"text-align: justify;\" align=\"justify\">\n<div style=\"text-align: center;\" align=\"justify\">\n<address style=\"text-align: right;\">\n<hr \/>\n<hr \/>\n<\/address>\n<\/div>\n<\/div>\n<div style=\"text-align: left;\" align=\"center\">\n<div style=\"text-align: left;\" align=\"center\">\n<div style=\"text-align: center;\" align=\"center\">\n<div align=\"justify\">\n<p><span style=\"font-size: 10px;\"><strong>Universidade de S\u00e3o Paulo <\/strong>(<strong><span style=\"color: #0000ff;\"><a style=\"color: #0000ff;\" href=\"http:\/\/www5.usp.br\/\">USP<\/a><\/span> \/ <\/strong><\/span><span style=\"font-size: 10px;\"><strong><span style=\"color: #0000ff;\"><a style=\"color: #0000ff;\" href=\"http:\/\/www.forp.usp.br\/\">FORP<\/a><\/span><\/strong><\/span><span style=\"font-size: 10px;\"> )<strong>. <\/strong><\/span><span style=\"font-size: 10px;\"><strong>Laborat\u00f3rio de An\u00e1lise da Imagem Radiogr\u00e1fica Odontol\u00f3gica (<a href=\"https:\/\/sites.usp.br\/laciro\/\"><span style=\"color: #0000ff;\">LACIR<\/span>O<\/a>) e Laborat\u00f3rio de An\u00e1lise de Biomateriais (<span style=\"color: #0000ff;\"><a style=\"color: #0000ff;\" href=\"https:\/\/sites.usp.br\/laabio\/\">LaAbio<\/a><\/span>)<\/strong><\/span><\/p>\n<hr \/>\n<p><span style=\"font-size: 10px;\"><strong><span style=\"text-decoration: underline;\">Recebido<\/span>: 2\/1\/2011 &#8211; <span style=\"color: #0000ff;\"><a style=\"color: #0000ff;\" href=\"http:\/\/sites.usp.br\/ebt\/forp-expediente-encicl-bras-teleodontol\/parecerista-relator-consultor-avaliador\/\">Parecerista<\/a>: <\/span>2\/1\/2015 &#8211; <span style=\"text-decoration: underline;\">Reformulado<\/span>: 3\/1\/2015- <span style=\"text-decoration: underline;\">Publicado<\/span>: 4\/1\/2015 &#8211; Enciclop\u00e9dia Brasileira de Teleodontologia<\/strong><br \/>\n<\/span><\/p>\n<\/div>\n<\/div>\n<hr \/>\n<\/div>\n<p>&nbsp;<\/p>\n<\/div>\n","protected":false},"excerpt":{"rendered":"<p>ENCICLOP\u00c9DIA BRASILEIRA DE TELEODONTOLOGIA ISSN 2448-1181 \/ SIBi \/ Expediente \/ Fasc\u00edculos (A-Z) Polo de [&hellip;]<\/p>\n","protected":false},"author":58,"featured_media":0,"parent":11992,"menu_order":0,"comment_status":"closed","ping_status":"closed","template":"","meta":{"footnotes":"","_links_to":"","_links_to_target":""},"class_list":["post-12799","page","type-page","status-publish","hentry"],"_links":{"self":[{"href":"https:\/\/sites.usp.br\/podae\/index.php?rest_route=\/wp\/v2\/pages\/12799","targetHints":{"allow":["GET"]}}],"collection":[{"href":"https:\/\/sites.usp.br\/podae\/index.php?rest_route=\/wp\/v2\/pages"}],"about":[{"href":"https:\/\/sites.usp.br\/podae\/index.php?rest_route=\/wp\/v2\/types\/page"}],"author":[{"embeddable":true,"href":"https:\/\/sites.usp.br\/podae\/index.php?rest_route=\/wp\/v2\/users\/58"}],"replies":[{"embeddable":true,"href":"https:\/\/sites.usp.br\/podae\/index.php?rest_route=%2Fwp%2Fv2%2Fcomments&post=12799"}],"version-history":[{"count":4,"href":"https:\/\/sites.usp.br\/podae\/index.php?rest_route=\/wp\/v2\/pages\/12799\/revisions"}],"predecessor-version":[{"id":13014,"href":"https:\/\/sites.usp.br\/podae\/index.php?rest_route=\/wp\/v2\/pages\/12799\/revisions\/13014"}],"up":[{"embeddable":true,"href":"https:\/\/sites.usp.br\/podae\/index.php?rest_route=\/wp\/v2\/pages\/11992"}],"wp:attachment":[{"href":"https:\/\/sites.usp.br\/podae\/index.php?rest_route=%2Fwp%2Fv2%2Fmedia&parent=12799"}],"curies":[{"name":"wp","href":"https:\/\/api.w.org\/{rel}","templated":true}]}}