{"id":12872,"date":"2020-04-13T12:41:23","date_gmt":"2020-04-13T15:41:23","guid":{"rendered":"http:\/\/sites.usp.br\/podae\/?page_id=12872"},"modified":"2020-04-13T15:43:49","modified_gmt":"2020-04-13T18:43:49","slug":"5-2","status":"publish","type":"page","link":"https:\/\/sites.usp.br\/podae\/?page_id=12872","title":{"rendered":"002 LACIRO e LaAbio (2004 \u2013 2008): Ensino Baseado em Projeto"},"content":{"rendered":"<p style=\"text-align: center;\"><span style=\"color: #800080;\"><strong><span style=\"font-size: 16px;\"><span style=\"font-family: Arial;\">ENCICLOP\u00c9DIA BRASILEIRA DE TELEODONTOLOGIA<br \/>\n<\/span><\/span><\/strong><\/span><strong><span style=\"font-size: 12px;\"><span style=\"font-family: Arial;\">ISSN <span style=\"color: #0000ff;\"><a style=\"color: #0000ff;\" href=\"https:\/\/portal.issn.org\/resource\/ISSN\/2448-1181#\">2448-1181<\/a><\/span><\/span><\/span><\/strong><strong><span style=\"font-size: 12px;\"><span style=\"font-family: Arial;\"> \/ <span style=\"color: #0000ff;\"><a style=\"color: #0000ff;\" href=\"https:\/\/sites.usp.br\/podae\/wp-content\/uploads\/sites\/36\/2019\/06\/Encicl.-Bras.Teleodontol.jpg\">SIBi<\/a><\/span> \/ <a href=\"https:\/\/sites.usp.br\/podae\/?page_id=3320\"><span style=\"color: #0000ff;\">Expediente<\/span><\/a> \/ Fasc\u00edculos <\/span><\/span><\/strong><span style=\"font-size: 12px;\"><span style=\"font-family: Arial;\">(<\/span><\/span><strong><span style=\"font-size: 12px;\"><span style=\"font-family: Arial;\"><span style=\"color: #0000ff;\"><a style=\"color: #0000ff;\" href=\"https:\/\/sites.usp.br\/podae\/?page_id=120\">A-Z<\/a><\/span><\/span><\/span><\/strong><span style=\"font-size: 12px;\"><span style=\"font-family: Arial;\">)<\/span><\/span><strong><span style=\"font-size: 12px;\"><span style=\"font-family: Arial;\"><br \/>\n<\/span><\/span><\/strong><strong><span style=\"font-size: 12px;\"><span style=\"font-family: Arial;\"> Polo de Odontologia Digital Aplicado \u00e0 Educa\u00e7\u00e3o <\/span><\/span><\/strong><span style=\"font-size: 12px;\"><span style=\"font-family: Arial;\">(<\/span><\/span><strong><span style=\"font-size: 12px;\"><span style=\"font-family: Arial;\"><a href=\"https:\/\/sites.usp.br\/podae\/?page_id=89\"><span style=\"color: #0000ff;\">PODAE<\/span><\/a><\/span><\/span><\/strong><span style=\"font-size: 12px;\"><span style=\"font-family: Arial;\"><span style=\"color: #0000ff;\">)<\/span><\/span><\/span><strong><span style=\"font-size: 12px;\"><span style=\"font-family: Arial;\"><span style=\"color: #0000ff;\">: <\/span><a href=\"https:\/\/www.forp.usp.br\/\"><span style=\"color: #0000ff;\">FORP<\/span><\/a> \/ <span style=\"color: #0000ff;\"><a style=\"color: #0000ff;\" href=\"https:\/\/www5.usp.br\/\">USP<\/a><\/span><\/span><\/span><\/strong> <strong><span style=\"font-size: 12px;\"><span style=\"font-family: Arial;\"><br \/>\n<\/span><\/span><\/strong> <a href=\"https:\/\/sites.usp.br\/podae\/?page_id=11992\"><strong><span style=\"font-size: 14px;\"><span style=\"font-family: Arial;\"><span style=\"color: #0000ff;\"><em><span style=\"color: #000000;\"><span style=\"text-decoration: underline; color: #0000ff;\">5\u00aa Atividad<\/span><\/span><\/em><\/span><\/span><\/span><\/strong><strong><span style=\"font-size: 14px;\"><span style=\"font-family: Arial;\"><span style=\"color: #0000ff;\"><em><span style=\"color: #000000;\"><span style=\"text-decoration: underline; color: #0000ff;\">e Educativa Online<\/span> <\/span><\/em><\/span><\/span><\/span><\/strong><\/a><strong><span style=\"font-size: 12px;\"><span style=\"font-family: Arial;\"><br \/>\n<\/span><\/span><\/strong><span style=\"color: #000000;\"><strong><span style=\"font-size: 10px;\"><span style=\"color: #ff0000; font-size: 14px;\">\u2666<\/span> <\/span><\/strong><\/span><span style=\"color: #000000;\"><strong><span style=\"font-size: 10px;\"><span style=\"text-decoration: underline;\">SUM\u00c1RIOS<\/span><\/span><\/strong><\/span><strong><span style=\"font-size: 12px;\"><span style=\"font-family: Arial;\">: <\/span><\/span><\/strong><span style=\"color: #000000;\"><strong><span style=\"font-size: 10px;\"><a href=\"https:\/\/sites.usp.br\/podae\/?page_id=3354\"><span style=\"color: #0000ff;\"><span style=\"color: #0000ff;\">Fasc\u00edculo L<\/span><\/span><\/a> e <a href=\"https:\/\/sites.usp.br\/podae\/?page_id=11643\"><span style=\"color: #0000ff;\">Suplemento Anua<\/span>l<\/a> <\/span><\/strong><strong><span style=\"font-size: 10px;\"><strong><br \/>\n<\/strong><\/span><\/strong><\/span><\/p>\n<hr style=\"width: 321px;\" \/>\n<address><span style=\"color: #ff0000;\"><span style=\"font-size: 10px;\"><strong><span style=\"color: #0000ff;\"><em><span style=\"color: #000000; font-size: 14px;\">Fe<\/span><\/em><\/span><\/strong><\/span><\/span><span style=\"color: #ff0000;\"><span style=\"font-size: 10px;\"><strong><span style=\"color: #0000ff;\"><em><span style=\"color: #000000; font-size: 14px;\">rnanda de Carvalho Panzeri Pires-de-Souza &#8211; <\/span><\/em><\/span><\/strong><\/span><\/span><span style=\"color: #ff0000;\"><strong><span style=\"font-size: 10px;\"><span style=\"color: #0000ff;\"><a style=\"color: #0000ff;\" href=\"http:\/\/buscatextual.cnpq.br\/buscatextual\/email.do?metodo=apresentar&amp;seqIdPessoa=409649&amp;nomeDestinatario=Fernanda_de_Carvalho_Panzeri_Pires-de-Souza\"> Email<\/a> &#8211;<\/span><\/span><\/strong><\/span> <span style=\"color: #ff0000;\"><strong><span style=\"font-size: 10px;\"><span style=\"color: #0000ff;\"><a style=\"color: #0000ff;\" href=\"http:\/\/lattes.cnpq.br\/5000638498655119\"><span style=\"color: #0000ff;\">Curr\u00edculo Latt<\/span>es<\/a><\/span><\/span><\/strong><\/span><span style=\"color: #ff0000;\"><strong><span style=\"font-size: 10px;\"><span style=\"color: #0000ff;\"> &#8211; <a href=\"http:\/\/sites.usp.br\/ebt\/forp-expediente-encicl-bras-teleodontol\/parecerista-relator-consultor-avaliador\/fernanda-de-carvalho-panzeri-pires-de-souza\/\"><span style=\"color: #0000ff;\">Informa\u00e7\u00f5es Adicio<\/span>nais<\/a><br \/>\n<\/span><\/span><\/strong><\/span><\/address>\n<address><span style=\"color: #ff0000;\"><span style=\"font-size: 10px;\"><strong><span style=\"color: #0000ff;\"><em><span style=\"color: #000000; font-size: 14px;\">L<\/span><\/em><\/span><\/strong><\/span><\/span><span style=\"color: #ff0000;\"><span style=\"font-size: 10px;\"><strong><span style=\"color: #0000ff;\"><em><span style=\"color: #000000; font-size: 14px;\">uiz Carlos Pardini &#8211;<\/span><\/em> <\/span><\/strong><\/span><\/span><span style=\"font-size: 10px;\"><strong><span style=\"color: #0000ff;\"><span style=\"color: #ff0000;\"><span style=\"color: #000000;\"><span style=\"color: #0000ff;\"><a style=\"color: #0000ff;\" href=\"https:\/\/uspdigital.usp.br\/telefonia\/telFormularioEmail.jsp?codigoPessoaUsuario=0&amp;codigoPessoa=75623&amp;nomePessoa=Luiz Carlos Pardini&amp;print=s\">E-mail<\/a><\/span> <em><span style=\"color: #000000; font-size: 14px;\">&#8211;<\/span><\/em> <a style=\"color: #0000ff;\" href=\"http:\/\/buscatextual.cnpq.br\/buscatextual\/visualizacv.do?metodo=apresentar&amp;id=K4796807T1\">Curr\u00edculo Lattes<\/a> &#8211; <a style=\"color: #0000ff;\" href=\"https:\/\/sites.usp.br\/podae\/?page_id=4562\">Informa\u00e7\u00f5es adicionais<\/a> <\/span><\/span><\/span><\/strong><\/span><span style=\"color: #ff0000;\"><strong><span style=\"font-size: 10px;\"><span style=\"color: #0000ff;\"><br \/>\n<\/span><\/span><\/strong><\/span><\/address>\n<address>\n<address style=\"text-align: right;\">\n<hr style=\"width: 321px;\" \/>\n<\/address>\n<\/address>\n<hr \/>\n<address style=\"text-align: right;\"><strong><span style=\"font-size: 12px;\"><span style=\"font-size: 10px;\">p\u00e1gina 3<\/span><br \/>\n<\/span><\/strong><\/address>\n<hr \/>\n<p style=\"text-align: justify;\"><span style=\"color: #000000; font-family: Arial;\"><span style=\"font-size: 12px; line-height: 18px;\"><strong>PIRES-DE-SOUZA, F.C.P., PARDINI, L.C. LACIRO e LaAbio (2004 \u2013 2008): Ensino Baseado em Projeto <\/strong><strong>. Encicl. Bras.Teleodontol., Volume 1 (<span style=\"color: #0000ff;\">Fasc\u00edculo L<\/span>): p\u00e1gina 3, abril, 2015. Suplemento. ISSN 2448-1181<\/strong>.<\/span><\/span><\/p>\n<hr \/>\n<p style=\"text-align: justify;\"><span style=\"font-family: Arial;\"><strong>Laborat\u00f3rio de An\u00e1lise e Controle da Imagem Radiogr\u00e1fica Odontol\u00f3gica <\/strong>(Site: <span style=\"color: #0000ff;\"><strong><a style=\"color: #0000ff;\" href=\"https:\/\/sites.usp.br\/laciro\/\">LACIRO<\/a><\/strong><\/span>) <\/span><span style=\"font-family: Arial;\">e <strong>Laborat\u00f3rio de An\u00e1lise de Biomateriai<\/strong>s (Site: <span style=\"color: #0000ff;\"><a style=\"color: #0000ff;\" href=\"https:\/\/sites.usp.br\/laabio\">LaABio<\/a><\/span>)\u00a0 A miss\u00e3o destes laborat\u00f3rios \u00e9 estimulares as a\u00e7\u00f5es educativas na \u00c1rea da Sa\u00fade (FORP \/ USP) com interven\u00e7\u00f5es que ampliam os conhecimentos t\u00e9cnicos e cient\u00edficos (Ensino Baseado em Pesquisas<strong> &#8211; EBP<\/strong>) na \u00c1rea da Sa\u00fade (<strong><span style=\"color: #0000ff;\"><a style=\"color: #0000ff;\" href=\"https:\/\/www.forp.usp.br\/\">FORP<\/a><\/span> \/<span style=\"color: #0000ff;\"><a style=\"color: #0000ff;\" href=\"https:\/\/www5.usp.br\/\"> USP<\/a><\/span><\/strong>).<\/span><\/p>\n<p style=\"text-align: justify;\"><span style=\"font-family: Arial;\">No per\u00edodo de 2004 a 2008\u00a0 o <strong>LACIRO<\/strong> e o <strong>LaAbio<\/strong>, mediante a Equipe de Docentes e Alunos<\/span><span style=\"font-family: Arial;\"> promoveram\u00a0 a Educa\u00e7\u00e3o Superior: Ensino Baseado em Pesquisa (<strong>EBP<\/strong>) estimularam as atividades laboratoriais [1,2,3,4,5]: <\/span><\/p>\n<ul>\n<li><strong style=\"color: #0000ff; font-size: 12px;\"><strong style=\"color: #0000ff; font-size: 12px;\"><span style=\"color: #000000;\"> 2004 &#8211; 2005 Avalia\u00e7\u00e3o de radiopacidade e microdureza de materiais resinosos envelhecidos artificialmente.<\/span><\/strong><\/strong>\n<ul>\n<li><strong style=\"color: #0000ff; font-size: 12px;\"><strong style=\"color: #0000ff; font-size: 12px;\"><span style=\"color: #000000;\">Coordenadora:\u00a0 Fernanda de Carvalho Panzeri Pires-de-Souza.<br \/>\n<\/span><\/strong><\/strong><\/li>\n<li><strong style=\"color: #0000ff; font-size: 12px;\"><strong style=\"color: #0000ff; font-size: 12px;\"><span style=\"color: #000000;\">Integrantes:Luiz Carlos Pardini\u00a0 e\u00a0 Diogo Rodrigues Cruvinel<br \/>\n<\/span><\/strong><\/strong><\/li>\n<\/ul>\n<\/li>\n<li><strong style=\"color: #0000ff; font-size: 12px;\"><strong style=\"color: #0000ff; font-size: 12px;\"><span style=\"color: #000000;\">2005 &#8211; 2007: Estudo comparativo da radiopacidade de materiais forradores.<\/span><\/strong><\/strong>\n<ul>\n<li><strong style=\"color: #0000ff; font-size: 12px;\"><strong style=\"color: #0000ff; font-size: 12px;\"><span style=\"color: #000000;\">\u00a0Coordenadora:\u00a0 Fernanda de Carvalho Panzeri Pires-de-Souza<\/span><\/strong><\/strong><\/li>\n<li><strong style=\"color: #0000ff; font-size: 12px;\"><strong style=\"color: #0000ff; font-size: 12px;\"><span style=\"color: #000000;\"> Integrantes: Luiz Carlos Pardini &#8211; Hisham Mohamad Hamida<br \/>\n<\/span><\/strong><\/strong><\/li>\n<\/ul>\n<\/li>\n<li><strong style=\"color: #0000ff; font-size: 12px;\"><strong style=\"color: #0000ff; font-size: 12px;\"><span style=\"color: #000000;\">2006 &#8211; 2008: Avalia\u00e7\u00e3o da adapta\u00e7\u00e3o de n\u00facleo met\u00e1lico fundido em fun\u00e7\u00e3o da t\u00e9cnica de moldagem: <\/span><\/strong><\/strong>\n<ul>\n<li><strong style=\"color: #0000ff; font-size: 12px;\"><strong style=\"color: #0000ff; font-size: 12px;\"><span style=\"color: #000000;\">Coordenadora: Fernanda de Carvalho Panzeri Pires-de-Souza.<\/span><\/strong><\/strong><\/li>\n<li><strong style=\"color: #0000ff; font-size: 12px;\"><strong style=\"color: #0000ff; font-size: 12px;\"><span style=\"color: #000000;\">Integrantes: Luiz Carlos Pardini e S\u00f4nia Maria Lemos Brancato Camarinha<\/span><\/strong><\/strong><\/li>\n<\/ul>\n<\/li>\n<\/ul>\n<p>&nbsp;<\/p>\n<p style=\"text-align: justify;\"><span style=\"font-family: Arial;\">Neste s\u00e9culo XXI, <strong>Abordagem Articular <\/strong>deve, constantemente, &#8220;(re)avaliar&#8221; as novas e atualizadas <strong>Pr\u00e1tica Docente<\/strong>, principalmente, na \u00c1rea da Sa\u00fade e &#8220;<strong>Compartilhando A\u00e7\u00f5es&#8221;<\/strong> com a <strong>Comunidade Educaciona<\/strong>l para o <strong>Di\u00e1logo Pedag\u00f3gico<\/strong><\/span><span style=\"font-family: Arial; line-height: 1.5;\">.<br \/>\n<\/span><\/p>\n<hr \/>\n<div align=\"justify\">\n<div align=\"justify\">\n<div align=\"justify\">\n<div align=\"justify\"><span style=\"font-size: 12px;\"><em><strong><span style=\"text-decoration: underline;\">REFER\u00caNCIAS<\/span><\/strong><\/em><\/span><\/div>\n<div style=\"font-size: 12px;\" align=\"justify\">\n<div align=\"justify\"><span style=\"font-size: 12px;\">1. CAMARINHA, S.M.L.B.; PIRES-DE-SOUZA, F.C.P.; PARDINI, L.C.; GARCIA, L.F.R.; OLIVEIRA,C.B.; CAMARINHA, J.C.Q.. N\u00facleo met\u00e1lico fundido &#8211; uma nova alternativa para moldagem de conduto radicular. Rev APCD (Regional SBCampo), 65:1-4, 2009.<br \/>\n<\/span><\/div>\n<div align=\"justify\">2.CAMARINHA, S.M.L.B.; PARDINI, L.C.; GARCIA, L.F.R.; CONSANI, S.; PPIRES-DE-SOUZA, F.C.P.. Cast metal core adaptation using two impression materials and intracanal techniques. Brazilian Journal of Oral Sciences (Impresso), 8:128-131, 2009.<\/div>\n<div align=\"justify\">3. CRUVINEL, D.R.; GARCIA, L.F.R.; CASEMIRO, L.A.; PARDINI, L.C.; PIRES-DE-SOUZA, F. C.P.. Evaluation of radiopacity and microhardness of composites submitted to artificial aging. Materials Research, 10:325-329, 2007.<\/div>\n<div align=\"justify\">4. PIRES-DE-SOUZA F.C.P.; PARDINI, L.C.; CRUVINEL, D.R.; HAMIDA, H.M.; GARCIA, L.F.R.. In vitro comparison of the radiopacity of cavity lining materials with human dental structures. Journal of Conservative Dentistry, 13:65, 2010.<\/div>\n<div align=\"justify\">5. PIRES-DE-SOUZA, F.C.P.; PARDINI, L.C.; CRUVINEL, D.R.; HAMIDA, H.M.; GARCIA, L. F.R. . In vitro comparison of the radiopacity of cavity lining materials with human dental structures. Journal of Conservative Dentistry, 13:65, 2010.<\/div>\n<\/div>\n<\/div>\n<\/div>\n<\/div>\n<div style=\"text-align: justify;\" align=\"justify\">\n<div style=\"text-align: center;\" align=\"justify\">\n<address style=\"text-align: right;\">\n<hr \/>\n<hr \/>\n<\/address>\n<\/div>\n<\/div>\n<div style=\"text-align: left;\" align=\"center\">\n<div style=\"text-align: left;\" align=\"center\">\n<div style=\"text-align: center;\" align=\"center\">\n<div align=\"justify\">\n<p><span style=\"font-size: 10px;\"><strong>Universidade de S\u00e3o Paulo <\/strong>(<strong><span style=\"color: #0000ff;\"><a style=\"color: #0000ff;\" href=\"http:\/\/www5.usp.br\/\">USP<\/a><\/span> \/ <\/strong><\/span><span style=\"font-size: 10px;\"><strong><span style=\"color: #0000ff;\"><a style=\"color: #0000ff;\" href=\"http:\/\/www.forp.usp.br\/\">FORP<\/a><\/span><\/strong><\/span><span style=\"font-size: 10px;\"> )<strong>. <\/strong><\/span><span style=\"font-size: 10px;\"><strong>Laborat\u00f3rio de An\u00e1lise da Imagem Radiogr\u00e1fica Odontol\u00f3gica (<a href=\"https:\/\/sites.usp.br\/laciro\/\"><span style=\"color: #0000ff;\">LACIR<\/span>O<\/a>) e Laborat\u00f3rio de An\u00e1lise de Biomateriais (<span style=\"color: #0000ff;\"><a style=\"color: #0000ff;\" href=\"https:\/\/sites.usp.br\/laabio\/\">LaAbio<\/a><\/span>)<\/strong><\/span><\/p>\n<hr \/>\n<p><span style=\"font-size: 10px;\"><strong><span style=\"text-decoration: underline;\">Recebido<\/span>: 2\/1\/2011 &#8211; <span style=\"color: #0000ff;\"><a style=\"color: #0000ff;\" href=\"http:\/\/sites.usp.br\/ebt\/forp-expediente-encicl-bras-teleodontol\/parecerista-relator-consultor-avaliador\/\">Parecerista<\/a>: <\/span>2\/1\/2015 &#8211; <span style=\"text-decoration: underline;\">Reformulado<\/span>: 3\/1\/2015- <span style=\"text-decoration: underline;\">Publicado<\/span>: 4\/1\/2015 &#8211; Enciclop\u00e9dia Brasileira de Teleodontologia<\/strong><br \/>\n<\/span><\/p>\n<\/div>\n<\/div>\n<hr \/>\n<\/div>\n<p>&nbsp;<\/p>\n<\/div>\n","protected":false},"excerpt":{"rendered":"<p>ENCICLOP\u00c9DIA BRASILEIRA DE TELEODONTOLOGIA ISSN 2448-1181 \/ SIBi \/ Expediente \/ Fasc\u00edculos (A-Z) Polo de [&hellip;]<\/p>\n","protected":false},"author":58,"featured_media":0,"parent":11992,"menu_order":0,"comment_status":"closed","ping_status":"closed","template":"","meta":{"footnotes":"","_links_to":"","_links_to_target":""},"class_list":["post-12872","page","type-page","status-publish","hentry"],"_links":{"self":[{"href":"https:\/\/sites.usp.br\/podae\/index.php?rest_route=\/wp\/v2\/pages\/12872","targetHints":{"allow":["GET"]}}],"collection":[{"href":"https:\/\/sites.usp.br\/podae\/index.php?rest_route=\/wp\/v2\/pages"}],"about":[{"href":"https:\/\/sites.usp.br\/podae\/index.php?rest_route=\/wp\/v2\/types\/page"}],"author":[{"embeddable":true,"href":"https:\/\/sites.usp.br\/podae\/index.php?rest_route=\/wp\/v2\/users\/58"}],"replies":[{"embeddable":true,"href":"https:\/\/sites.usp.br\/podae\/index.php?rest_route=%2Fwp%2Fv2%2Fcomments&post=12872"}],"version-history":[{"count":5,"href":"https:\/\/sites.usp.br\/podae\/index.php?rest_route=\/wp\/v2\/pages\/12872\/revisions"}],"predecessor-version":[{"id":12907,"href":"https:\/\/sites.usp.br\/podae\/index.php?rest_route=\/wp\/v2\/pages\/12872\/revisions\/12907"}],"up":[{"embeddable":true,"href":"https:\/\/sites.usp.br\/podae\/index.php?rest_route=\/wp\/v2\/pages\/11992"}],"wp:attachment":[{"href":"https:\/\/sites.usp.br\/podae\/index.php?rest_route=%2Fwp%2Fv2%2Fmedia&parent=12872"}],"curies":[{"name":"wp","href":"https:\/\/api.w.org\/{rel}","templated":true}]}}