{"id":12949,"date":"2020-04-15T12:01:33","date_gmt":"2020-04-15T15:01:33","guid":{"rendered":"http:\/\/sites.usp.br\/podae\/?page_id=12949"},"modified":"2020-04-15T12:04:51","modified_gmt":"2020-04-15T15:04:51","slug":"laciro-cd-rom","status":"publish","type":"page","link":"https:\/\/sites.usp.br\/podae\/?page_id=12949","title":{"rendered":"01 LACIRO (Multimidia): Site Institucional &#8211; Ensino e Aprendizado Interativo"},"content":{"rendered":"<p style=\"text-align: center;\"><span style=\"color: #800080;\"><strong><span style=\"font-size: 16px;\"><span style=\"font-family: Arial;\">ENCICLOP\u00c9DIA BRASILEIRA DE TELEODONTOLOGIA<br \/>\n<\/span><\/span><\/strong><\/span><strong><span style=\"font-size: 12px;\"><span style=\"font-family: Arial;\">ISSN <span style=\"color: #0000ff;\"><a style=\"color: #0000ff;\" href=\"https:\/\/portal.issn.org\/resource\/ISSN\/2448-1181#\">2448-1181<\/a><\/span><\/span><\/span><\/strong><strong><span style=\"font-size: 12px;\"><span style=\"font-family: Arial;\"> \/ <span style=\"color: #0000ff;\"><a style=\"color: #0000ff;\" href=\"https:\/\/sites.usp.br\/podae\/wp-content\/uploads\/sites\/36\/2019\/06\/Encicl.-Bras.Teleodontol.jpg\">SIBi<\/a><\/span> \/ <a href=\"https:\/\/sites.usp.br\/podae\/?page_id=3320\"><span style=\"color: #0000ff;\">Expediente<\/span><\/a> \/ Fasc\u00edculos <\/span><\/span><\/strong><span style=\"font-size: 12px;\"><span style=\"font-family: Arial;\">(<\/span><\/span><strong><span style=\"font-size: 12px;\"><span style=\"font-family: Arial;\"><span style=\"color: #0000ff;\"><a style=\"color: #0000ff;\" href=\"https:\/\/sites.usp.br\/podae\/?page_id=120\">A-Z<\/a><\/span><\/span><\/span><\/strong><span style=\"font-size: 12px;\"><span style=\"font-family: Arial;\">)<\/span><\/span><strong><span style=\"font-size: 12px;\"><span style=\"font-family: Arial;\"><br \/>\n<\/span><\/span><\/strong><strong><span style=\"font-size: 12px;\"><span style=\"font-family: Arial;\"> Polo de Odontologia Digital Aplicado \u00e0 Educa\u00e7\u00e3o <\/span><\/span><\/strong><span style=\"font-size: 12px;\"><span style=\"font-family: Arial;\">(<\/span><\/span><strong><span style=\"font-size: 12px;\"><span style=\"font-family: Arial;\"><a href=\"https:\/\/sites.usp.br\/podae\/?page_id=89\"><span style=\"color: #0000ff;\">PODAE<\/span><\/a><\/span><\/span><\/strong><span style=\"font-size: 12px;\"><span style=\"font-family: Arial;\"><span style=\"color: #0000ff;\">)<\/span><\/span><\/span><strong><span style=\"font-size: 12px;\"><span style=\"font-family: Arial;\"><span style=\"color: #0000ff;\">: <\/span><a href=\"https:\/\/www.forp.usp.br\/\"><span style=\"color: #0000ff;\">FORP<\/span><\/a> \/ <span style=\"color: #0000ff;\"><a style=\"color: #0000ff;\" href=\"https:\/\/www5.usp.br\/\">USP<\/a><\/span><\/span><\/span><\/strong> <strong><span style=\"font-size: 12px;\"><span style=\"font-family: Arial;\"><br \/>\n<\/span><\/span><\/strong><a href=\"https:\/\/sites.usp.br\/podae\/?page_id=12078\"><strong><span style=\"font-size: 14px;\"><span style=\"font-family: Arial;\"><span style=\"color: #0000ff;\"><em><span style=\"color: #000000;\"><span style=\"text-decoration: underline; color: #0000ff;\">10\u00aa Atividad<\/span><\/span><\/em><\/span><\/span><\/span><\/strong><strong><span style=\"font-size: 14px;\"><span style=\"font-family: Arial;\"><span style=\"color: #0000ff;\"><em><span style=\"color: #000000;\"><span style=\"text-decoration: underline; color: #0000ff;\">e Educativa Online<\/span> <\/span><\/em><\/span><\/span><\/span><\/strong><\/a><strong><span style=\"font-size: 12px;\"><span style=\"font-family: Arial;\"><br \/>\n<\/span><\/span><\/strong><span style=\"color: #000000;\"><strong><span style=\"font-size: 10px;\"><span style=\"color: #ff0000; font-size: 14px;\">\u2666<\/span> <\/span><\/strong><\/span><span style=\"color: #000000;\"><strong><span style=\"font-size: 10px;\"><span style=\"text-decoration: underline;\">SUM\u00c1RIOS<\/span><\/span><\/strong><\/span><strong><span style=\"font-size: 12px;\"><span style=\"font-family: Arial;\">: <\/span><\/span><\/strong><span style=\"color: #000000;\"><strong><span style=\"font-size: 10px;\"><span style=\"color: #0000ff;\"><a style=\"color: #0000ff;\" href=\"https:\/\/sites.usp.br\/podae\/?page_id=3354\"><span style=\"color: #0000ff;\">Fasc\u00edculo L<\/span><\/a><\/span> e <a href=\"https:\/\/sites.usp.br\/podae\/?page_id=11643\"><span style=\"color: #0000ff;\">Suplemento Anua<\/span>l<\/a> <\/span><\/strong><strong><span style=\"font-size: 10px;\"><strong><br \/>\n<\/strong><\/span><\/strong><\/span><\/p>\n<hr style=\"width: 321px;\" \/>\n<address>\n<address><span style=\"color: #ff0000;\"><span style=\"font-size: 10px;\"><strong><span style=\"color: #0000ff;\"><em><span style=\"color: #000000; font-size: 14px;\"><span style=\"color: #ff0000; font-size: 14px;\">\u2666<\/span> L<\/span><\/em><\/span><\/strong><\/span><\/span><span style=\"color: #ff0000;\"><span style=\"color: #ff0000;\"><span style=\"font-size: 10px;\"><strong><span style=\"color: #0000ff;\"><em><span style=\"color: #ff0000;\"><em><strong><span style=\"color: #000000; font-size: 14px;\">uiz Carlos Pardini &#8211;<\/span><\/strong><\/em><\/span><\/em> <\/span><\/strong><\/span><\/span><\/span><span style=\"font-size: 10px;\"><strong><span style=\"color: #0000ff;\"><span style=\"color: #ff0000;\"><strong><span style=\"font-size: 10px;\"><span style=\"color: #000000;\"><a style=\"color: #0000ff;\" href=\"https:\/\/uspdigital.usp.br\/telefonia\/telFormularioEmail.jsp?codigoPessoaUsuario=0&amp;codigoPessoa=75623&amp;nomePessoa=Luiz Carlos Pardini&amp;print=s\">E-mailUSP<\/a> <span style=\"color: #ff0000;\"><span style=\"color: #ff0000;\"><span style=\"font-size: 10px;\"><strong><span style=\"color: #0000ff;\"><em><span style=\"color: #ff0000;\"><em><strong><span style=\"color: #000000; font-size: 14px;\">&#8211;<\/span><\/strong><\/em><\/span><\/em> <\/span><\/strong><\/span><\/span><\/span><span style=\"color: #0000ff;\"> <a style=\"color: #0000ff;\" href=\"http:\/\/buscatextual.cnpq.br\/buscatextual\/visualizacv.do?metodo=apresentar&amp;id=K4796807T1\">Curr\u00edculo Lattes<\/a> &#8211; I<a style=\"color: #0000ff;\" href=\"https:\/\/sites.usp.br\/podae\/?page_id=4562\">nforma\u00e7\u00f5es Adicionais <\/a><\/span><\/span> <\/span><\/strong><\/span><\/span><\/strong><\/span><\/address>\n<\/address>\n<hr style=\"width: 321px;\" \/>\n<hr \/>\n<address style=\"text-align: right;\"><strong><span style=\"font-size: 12px;\"><span style=\"font-size: 10px;\">p\u00e1gina 5<\/span><br \/>\n<\/span><\/strong><\/address>\n<hr \/>\n<p style=\"text-align: justify;\"><span style=\"color: #000000; font-family: Arial;\"><span style=\"font-size: 12px; line-height: 18px;\"><strong>PARDINI, L.C. LACIRO (Multimidia): Site Institucional &#8211; Ensino e Aprendizado Interativo<\/strong><strong>. Encicl. Bras.Teleodontol., Volume 1 (<span style=\"color: #0000ff;\">Fasc\u00edculo L<\/span>): p\u00e1gina 5, abril, 2011. Suplemento. ISSN 2448-1181<\/strong>.<\/span><\/span><\/p>\n<hr \/>\n<p style=\"text-align: justify;\"><span style=\"font-family: Arial;\"><strong>Laborat\u00f3rio de An\u00e1lise da Imagem Radiogr\u00e1fica Odontol\u00f3gica <\/strong>(Site: <\/span><span style=\"color: #0000ff;\"><strong style=\"font-family: Arial;\"><a style=\"color: #0000ff;\" href=\"https:\/\/sites.usp.br\/laciro\/\">LACIRO<\/a><\/strong><\/span><span style=\"font-family: Arial;\"> &#8211; <\/span><strong style=\"font-family: Arial;\">Diret\u00f3rio de Grupo<\/strong>: <span style=\"font-family: Arial;\"><a href=\"http:\/\/dgp.cnpq.br\/dgp\/espelhogrupo\/7860212987967525\"><strong style=\"font-family: Arial;\"><span style=\"color: #0000ff;\">LACIRO<\/span><\/strong><\/a><\/span><span style=\"font-family: Arial;\">) estabeleceu suas atividades em 1994 (<\/span><strong style=\"font-family: Arial;\">Faculdade de Odontologia de Ribeir\u00e3o Preto<\/strong><strong><span style=\"font-family: Arial;\"> &#8211; <\/span><\/strong><span style=\"color: #0000ff;\"><strong style=\"font-family: Arial;\">FORP<\/strong><span style=\"color: #000000;\">) <\/span><\/span><span style=\"font-family: Arial;\">em conformidade com as propostas educacionais da <\/span><strong style=\"font-family: Arial;\">Universidade de S\u00e3o Paulo <\/strong><span style=\"font-family: Arial;\">&#8211; <\/span><span style=\"color: #0000ff;\"><strong style=\"font-family: Arial;\">USP<\/strong><\/span><span style=\"font-family: Arial;\">). A a\u00e7\u00e3o pedag\u00f3gica assertiva era contribui com <strong>Extens\u00e3o Universit\u00e1ria, <\/strong>na participa\u00e7\u00e3o em atividades relacionadas com foco em <\/span><span style=\"font-family: Arial;\"> Peri\u00f3dico (<strong>Revista Cient\u00edfica<\/strong>) na condi\u00e7\u00e3o de&#8221;<\/span><span style=\"font-family: Arial;\"><strong>Membro do Conselho Editorial<\/strong>&#8221; exercendo a <strong>Pr\u00e1tica Educativa <\/strong>(<span style=\"color: #0000ff;\"><a style=\"color: #0000ff;\" href=\"http:\/\/dgp.cnpq.br\/dgp\/espelhogrupo\/7860212987967525#linhaPesquisa\"><strong>Linha de Pesquisa<\/strong><\/a><\/span>).<br \/>\n<\/span><\/p>\n<p style=\"text-align: justify;\"><span style=\"font-family: Arial;\"><strong>Pr\u00e1tica Docente<\/strong> (<strong>\u00c1rea da Sa\u00fade<\/strong>) tem como miss\u00e3o ampliar as a\u00e7\u00f5es educacionais compartilhando os <strong>Processos Pedag\u00f3gicas <\/strong>(Ensino e Aprendizagem) nas intera\u00e7\u00f5es entre Docente e Discente, paralelamente, com apoio da <strong>Proposta Pol\u00edtico Pedag\u00f3gica<\/strong> (<\/span><span style=\"font-family: Arial;\">Minist\u00e9rio da Educa\u00e7\u00e3o &#8211; <\/span><strong style=\"font-family: Arial;\"><span style=\"color: #0000ff;\"><a style=\"color: #0000ff;\" href=\"http:\/\/portal.mec.gov.br\/sesu-secretaria-de-educacao-superior\/apresentacao\">MEC<\/a><\/span><\/strong><span style=\"font-family: Arial;\">),<\/span><span style=\"font-family: Arial;\"> Institui\u00e7\u00e3o \/ Curso) como foco na participa\u00e7\u00e3o efetiva do Educando na \u00e1rea da sa\u00fade.<\/span><\/p>\n<p style=\"text-align: justify;\"><strong style=\"font-family: Arial;\">ROZENDO <\/strong><span style=\"font-family: Arial;\">et al (<span style=\"color: #0000ff;\"><a style=\"color: #0000ff;\" href=\"http:\/\/www.scielo.br\/scielo.php?script=sci_arttext&amp;pid=S0104-11691999000200003&amp;lng=pt&amp;nrm=iso\"><strong>1999<\/strong><\/a><\/span><\/span><span style=\"font-family: Arial;\">) constataram a pr\u00e1tica de &#8220;Educa\u00e7\u00e3o Banc\u00e1ria&#8221;, segundo a denomina\u00e7\u00e3o de Paulo Freire, caracterizada por \u00eanfase na transmiss\u00e3o de informa\u00e7\u00f5es, cargas hor\u00e1rias muito grandes, pouca integra\u00e7\u00e3o das disciplinas e aulas expositivas e atua\u00e7\u00e3o pedag\u00f3gica.<\/span><\/p>\n<hr \/>\n<div align=\"justify\">\n<div align=\"justify\">\n<div align=\"justify\">\n<div align=\"justify\"><span style=\"font-size: 12px;\"><em><strong><span style=\"text-decoration: underline;\">REFER\u00caNCIAS<\/span><\/strong><\/em><\/span><\/div>\n<div style=\"font-size: 12px;\" align=\"justify\">\n<div align=\"justify\"><span style=\"font-size: 12px;\">1. CAMPOS, A.A., PIRES-DE-SOUZA, F.C.P., GUGELMIN, M.C.M.S., OLIVEIRA, L.M., PARDINI, L.C., CASAGRANDE, L.D.R. Curr\u00edculos de graduaci\u00f3n en Odontolog\u00eda: generalistas versus especialistas. Revista Fola Oral, Argentina, 4(13): 170-173, 1998.<br \/>\n<\/span><\/div>\n<div align=\"justify\"><span style=\"font-size: 12px;\">2. ROZENDO, C.A., CASAGRANDE, L.D.R., SCHNEIDER, J.F., PARDINI, L.C. Uma an\u00e1lise das pr\u00e1ticas docentes de professores universit\u00e1rios da \u00e1rea de sa\u00fade. Rev. latino-am.enfermagem, Ribeir\u00e3o Preto, 7( 2): 15-23, abril 1999. [<strong><span style=\"color: #0000ff;\"><a style=\"color: #0000ff;\" href=\"http:\/\/www.scielo.br\/scielo.php?script=sci_arttext&amp;pid=S0104-11691999000200003&amp;lng=pt&amp;nrm=iso\"><span style=\"color: #0000ff;\">LINK<\/span><\/a><\/span><\/strong>]<\/span><\/div>\n<\/div>\n<\/div>\n<\/div>\n<\/div>\n<div style=\"text-align: justify;\" align=\"justify\">\n<div style=\"text-align: center;\" align=\"justify\">\n<address style=\"text-align: right;\">\n<hr \/>\n<hr \/>\n<\/address>\n<\/div>\n<\/div>\n<div style=\"text-align: left;\" align=\"center\">\n<div style=\"text-align: center;\" align=\"center\">\n<div align=\"justify\">\n<p><span style=\"font-size: 10px;\"><strong><span style=\"text-decoration: underline;\">Recebido<\/span>: 2\/1\/2020 &#8211; <span style=\"color: #0000ff;\"><a style=\"color: #0000ff;\" href=\"http:\/\/sites.usp.br\/ebt\/forp-expediente-encicl-bras-teleodontol\/parecerista-relator-consultor-avaliador\/\">Parecerista<\/a>: <\/span>2\/1\/2020 &#8211; <span style=\"text-decoration: underline;\">Reformulado<\/span>: 3\/1\/2020 &#8211; <span style=\"text-decoration: underline;\">Publicado<\/span>: 4\/1\/2020 &#8211; Enciclop\u00e9dia Brasileira de Teleodontologia <\/strong><br \/>\n<\/span><\/p>\n<\/div>\n<\/div>\n<hr \/>\n<\/div>\n<p>&nbsp;<\/p>\n","protected":false},"excerpt":{"rendered":"<p>ENCICLOP\u00c9DIA BRASILEIRA DE TELEODONTOLOGIA ISSN 2448-1181 \/ SIBi \/ Expediente \/ Fasc\u00edculos (A-Z) Polo de [&hellip;]<\/p>\n","protected":false},"author":58,"featured_media":0,"parent":12078,"menu_order":0,"comment_status":"closed","ping_status":"closed","template":"","meta":{"footnotes":"","_links_to":"","_links_to_target":""},"class_list":["post-12949","page","type-page","status-publish","hentry"],"_links":{"self":[{"href":"https:\/\/sites.usp.br\/podae\/index.php?rest_route=\/wp\/v2\/pages\/12949","targetHints":{"allow":["GET"]}}],"collection":[{"href":"https:\/\/sites.usp.br\/podae\/index.php?rest_route=\/wp\/v2\/pages"}],"about":[{"href":"https:\/\/sites.usp.br\/podae\/index.php?rest_route=\/wp\/v2\/types\/page"}],"author":[{"embeddable":true,"href":"https:\/\/sites.usp.br\/podae\/index.php?rest_route=\/wp\/v2\/users\/58"}],"replies":[{"embeddable":true,"href":"https:\/\/sites.usp.br\/podae\/index.php?rest_route=%2Fwp%2Fv2%2Fcomments&post=12949"}],"version-history":[{"count":4,"href":"https:\/\/sites.usp.br\/podae\/index.php?rest_route=\/wp\/v2\/pages\/12949\/revisions"}],"predecessor-version":[{"id":12953,"href":"https:\/\/sites.usp.br\/podae\/index.php?rest_route=\/wp\/v2\/pages\/12949\/revisions\/12953"}],"up":[{"embeddable":true,"href":"https:\/\/sites.usp.br\/podae\/index.php?rest_route=\/wp\/v2\/pages\/12078"}],"wp:attachment":[{"href":"https:\/\/sites.usp.br\/podae\/index.php?rest_route=%2Fwp%2Fv2%2Fmedia&parent=12949"}],"curies":[{"name":"wp","href":"https:\/\/api.w.org\/{rel}","templated":true}]}}