{"id":12987,"date":"2020-04-16T17:23:09","date_gmt":"2020-04-16T20:23:09","guid":{"rendered":"http:\/\/sites.usp.br\/podae\/?page_id=12987"},"modified":"2020-04-16T17:38:18","modified_gmt":"2020-04-16T20:38:18","slug":"02-laciro-relator-avaliacao-de-curso-em-odontologia-comissao-de-especialista","status":"publish","type":"page","link":"https:\/\/sites.usp.br\/podae\/?page_id=12987","title":{"rendered":"02 LACIRO: (Relator): Avalia\u00e7\u00e3o de Curso (Odontologia) &#8211; Comiss\u00e3o de Especialista"},"content":{"rendered":"<p style=\"text-align: center;\"><span style=\"color: #800080;\"><strong><span style=\"font-size: 16px;\"><span style=\"font-family: Arial;\">ENCICLOP\u00c9DIA BRASILEIRA DE TELEODONTOLOGIA<br \/>\n<\/span><\/span><\/strong><\/span><strong><span style=\"font-size: 12px;\"><span style=\"font-family: Arial;\">ISSN <span style=\"color: #0000ff;\"><a style=\"color: #0000ff;\" href=\"https:\/\/portal.issn.org\/resource\/ISSN\/2448-1181#\">2448-1181<\/a><\/span><\/span><\/span><\/strong><strong><span style=\"font-size: 12px;\"><span style=\"font-family: Arial;\"> \/ <span style=\"color: #0000ff;\"><a style=\"color: #0000ff;\" href=\"https:\/\/sites.usp.br\/podae\/wp-content\/uploads\/sites\/36\/2019\/06\/Encicl.-Bras.Teleodontol.jpg\">SIBi<\/a><\/span> \/ <a href=\"https:\/\/sites.usp.br\/podae\/?page_id=3320\"><span style=\"color: #0000ff;\">Expediente<\/span><\/a> \/ Fasc\u00edculos <\/span><\/span><\/strong><span style=\"font-size: 12px;\"><span style=\"font-family: Arial;\">(<\/span><\/span><span style=\"color: #0000ff;\"><strong><span style=\"font-size: 12px;\"><span style=\"font-family: Arial;\"><a style=\"color: #0000ff;\" href=\"https:\/\/sites.usp.br\/podae\/?page_id=120\">A-Z<\/a><\/span><\/span><\/strong><\/span><span style=\"font-size: 12px;\"><span style=\"font-family: Arial;\">)<\/span><\/span><strong><span style=\"font-size: 12px;\"><span style=\"font-family: Arial;\"><br \/>\n<\/span><\/span><\/strong><strong><span style=\"font-size: 12px;\"><span style=\"font-family: Arial;\"> Polo de Odontologia Digital Aplicado \u00e0 Educa\u00e7\u00e3o <\/span><\/span><\/strong><span style=\"font-size: 12px;\"><span style=\"font-family: Arial;\">(<\/span><\/span><strong><span style=\"font-size: 12px;\"><span style=\"font-family: Arial;\"><a href=\"https:\/\/sites.usp.br\/podae\/?page_id=89\"><span style=\"color: #0000ff;\">PODAE<\/span><\/a><\/span><\/span><\/strong><span style=\"font-size: 12px;\"><span style=\"font-family: Arial;\"><span style=\"color: #0000ff;\">)<\/span><\/span><\/span><strong><span style=\"font-size: 12px;\"><span style=\"font-family: Arial;\"><span style=\"color: #0000ff;\">: <\/span><a href=\"https:\/\/www.forp.usp.br\/\"><span style=\"color: #0000ff;\">FORP<\/span><\/a> \/ <span style=\"color: #0000ff;\"><a style=\"color: #0000ff;\" href=\"https:\/\/www5.usp.br\/\">USP<\/a><\/span><\/span><\/span><\/strong> <strong><span style=\"font-size: 12px;\"><span style=\"font-family: Arial;\"><br \/>\n<\/span><\/span><\/strong> <strong><span style=\"font-size: 14px;\"><span style=\"font-family: Arial;\"><span style=\"color: #0000ff;\"><em><span style=\"color: #000000;\"><span style=\"text-decoration: underline; color: #0000ff;\">8<\/span><\/span><\/em><\/span><\/span><\/span><\/strong><strong><span style=\"font-size: 14px;\"><span style=\"font-family: Arial;\"><span style=\"color: #0000ff;\"><em><span style=\"color: #000000;\"><span style=\"text-decoration: underline; color: #0000ff;\">\u00aa Pr\u00e1tica Educativa <\/span><\/span><\/em><\/span><\/span><\/span><\/strong><strong><span style=\"font-size: 14px;\"><span style=\"font-family: Arial;\"><span style=\"color: #0000ff;\"><em><span style=\"color: #000000;\"><span style=\"text-decoration: underline; color: #0000ff;\">Online<\/span><\/span><\/em><\/span><\/span><\/span><\/strong><strong><span style=\"font-size: 12px;\"><span style=\"font-family: Arial;\"><br \/>\n<\/span><\/span><\/strong><span style=\"color: #000000;\"><strong><span style=\"font-size: 10px;\"><span style=\"color: #ff0000; font-size: 14px;\">\u2666<\/span> <\/span><\/strong><\/span><span style=\"color: #000000;\"><strong><span style=\"font-size: 10px;\"><span style=\"text-decoration: underline;\">SUM\u00c1RIOS<\/span><\/span><\/strong><\/span><strong><span style=\"font-size: 12px;\"><span style=\"font-family: Arial;\">: <\/span><\/span><\/strong><span style=\"color: #000000;\"><strong><span style=\"font-size: 10px;\"><span style=\"color: #0000ff;\"><a style=\"color: #0000ff;\" href=\"https:\/\/sites.usp.br\/podae\/?page_id=3354\"><span style=\"color: #0000ff;\">Fasc\u00edculo L<\/span><\/a><\/span> e <a href=\"https:\/\/sites.usp.br\/podae\/?page_id=11643\"><span style=\"color: #0000ff;\">Suplemento Anua<\/span>l <\/a><\/span><\/strong><\/span><\/p>\n<address style=\"text-align: right;\">\n<hr style=\"width: 321px;\" \/>\n<\/address>\n<address><span style=\"color: #ff0000;\"><span style=\"font-size: 10px;\"><strong><span style=\"color: #0000ff;\"><em><span style=\"color: #000000; font-size: 14px;\">L<\/span><\/em><\/span><\/strong><\/span><\/span><span style=\"color: #ff0000;\"><span style=\"font-size: 10px;\"><strong><span style=\"color: #0000ff;\"><em><span style=\"color: #000000; font-size: 14px;\">uiz Carlos Pardini &#8211;<\/span><\/em> <\/span><\/strong><\/span><\/span><span style=\"font-size: 10px;\"><strong><span style=\"color: #0000ff;\"><span style=\"color: #ff0000;\"><span style=\"color: #000000;\"><a style=\"color: #0000ff;\" href=\"https:\/\/uspdigital.usp.br\/telefonia\/telFormularioEmail.jsp?codigoPessoaUsuario=0&amp;codigoPessoa=75623&amp;nomePessoa=Luiz Carlos Pardini&amp;print=s\">E-mail<\/a> <em><span style=\"color: #000000; font-size: 14px;\">&#8211;<\/span><\/em> <a style=\"color: #0000ff;\" href=\"http:\/\/buscatextual.cnpq.br\/buscatextual\/visualizacv.do?metodo=apresentar&amp;id=K4796807T1\">Curr\u00edculo Lattes<\/a> &#8211; <a style=\"color: #0000ff;\" href=\"https:\/\/sites.usp.br\/podae\/?page_id=4562\">Informa\u00e7\u00f5es adicionais<\/a><\/span><\/span><\/span><\/strong><\/span><\/address>\n<address>\n<address style=\"text-align: right;\">\n<hr style=\"width: 321px;\" \/>\n<\/address>\n<\/address>\n<hr \/>\n<address style=\"text-align: right;\"><strong><span style=\"font-size: 12px;\"><span style=\"font-size: 10px;\">p\u00e1gina 2<\/span><br \/>\n<\/span><\/strong><\/address>\n<hr \/>\n<p style=\"text-align: justify;\"><span style=\"color: #000000; font-family: Arial;\"><span style=\"font-size: 12px; line-height: 18px;\"><strong>PARDINI, L.C. LACIRO: (Relator): Avalia\u00e7\u00e3o de Curso (Odontologia) &#8211; Comiss\u00e3o de Especialista<\/strong><strong>. Encicl. Bras.Teleodontol., Volume 2 (Serie L): p\u00e1gina 4, abril, 2018. Suplemento. ISSN 2448-1181.<\/strong><\/span><\/span><\/p>\n<hr \/>\n<p style=\"text-align: justify;\"><span style=\"font-family: Arial;\"><strong>Laborat\u00f3rio de An\u00e1lise e Controle da Imagem Radiogr\u00e1fica Odontol\u00f3gica <\/strong>(<strong><span style=\"color: #0000ff;\"><a style=\"color: #0000ff;\" href=\"https:\/\/sites.usp.br\/laciro\/\">LACIRO<\/a><\/span> \/ <span style=\"color: #0000ff;\"><a style=\"color: #0000ff;\" href=\"https:\/\/www.forp.usp.br\/\">FORP<\/a><\/span> \/ <span style=\"color: #0000ff;\"><a style=\"color: #0000ff;\" href=\"https:\/\/www5.usp.br\/\">USP<\/a><\/span><\/strong>) sob a supervis\u00e3o e orienta\u00e7\u00e3o do docente <strong>LUIZ CARLOS PARDINI<\/strong> desde a sua cria\u00e7\u00e3o tem contribu\u00eddo com as atividades relacionadas a Educa\u00e7\u00e3o Superior auxiliando as \u00e1reas de fomentos com analise e pareceres em Projetos de Pesquisa com destaque para:<\/span><strong><span style=\"font-size: 14px; color: #000000;\"><br \/>\n<\/span><\/strong><\/p>\n<ul>\n<li><strong style=\"color: #0000ff; font-size: 12px;\"><span style=\"color: #0000ff;\"><span style=\"color: #000000;\">Minist\u00e9rio da Educa\u00e7\u00e3o (<span style=\"color: #0000ff;\"><a style=\"color: #0000ff;\" href=\"http:\/\/emec.mec.gov.br\/\">E-mec<\/a><\/span>): <a href=\"http:\/\/Chttp:\/\/emec.mec.gov.br\/modulos\/visao_comum\/php\/login\/comum_login.php?691ba69561e311dd66adaae89947c631=YWJhX2F2YWxpYWRvcgoordena\u00e7\u00e3o de\">Relator T\u00e9cnico<\/a><\/span><\/span><\/strong><\/li>\n<li><strong style=\"color: #0000ff; font-size: 12px;\"><span style=\"color: #0000ff;\"><span style=\"color: #000000;\">Conselho Estadual de Educa\u00e7\u00e3o do Estado de S\u00e3o Paulo: (<span style=\"color: #0000ff;\"><a style=\"color: #0000ff;\" href=\"http:\/\/www.ceesp.sp.gov.br\/\">C<\/a>EE<\/span> &#8211; Link)<br \/>\n<\/span><\/span><\/strong><\/li>\n<li><\/li>\n<\/ul>\n<p style=\"text-align: justify;\"><span style=\"font-family: Arial;\">Neste s\u00e9culo XXI o Educando (Aluno \/ Aprendiz) constantemente est\u00e1 imerso na &#8220;Educa\u00e7\u00e3o Banc\u00e1ria&#8221; sem a efetiva atua\u00e7\u00e3o na <strong>Educa\u00e7\u00e3o Participativa <\/strong>e a <\/span><span style=\"font-family: Arial;\"><strong>Gest\u00e3o Educadora<\/strong> que estimula a\u00e7\u00e3o educacional (<strong>Ambiente Colaborativo de Aprendizagem<\/strong>) no Ensino Superior.<\/span><\/p>\n<p style=\"text-align: justify;\"><span style=\"font-family: Arial;\"><strong>Curr\u00edculo<\/strong> e <strong>Did\u00e1tica<\/strong> s\u00e3o partes de a\u00e7\u00e3o cont\u00ednua explicitada na Matriz Curricular como no &#8220;<strong>Curr\u00edculo Oculto<\/strong>&#8221; (Procedimento do Professor: Comportamento Profissional &#8211; Docente Participativo &#8211; Referencial Educacional). <\/span><\/p>\n<p style=\"text-align: justify;\"><span style=\"font-family: Arial;\"><strong>Abordagem Articular<\/strong> \u00e9 fundamental para a atua\u00e7\u00e3o da Doc\u00eancia (Participa\u00e7\u00e3o Compartilhada &#8211; Educador \/ Educando) evitando a centralizar as a\u00e7\u00f5es pedag\u00f3gicas no Professor (Docente) com \u00eanfase no &#8220;Mon\u00f3logo&#8221; ( Professor &#8211; Centro e Fulcro): &#8220;Senhor da Verdade&#8221;. No Curso de P\u00f3s-Gradua\u00e7\u00e3o (Programa de P\u00f3s-Gradua\u00e7\u00e3o) \u00e9 relevante na Matriz Curricular (Curr\u00edculo) a intera\u00e7\u00e3o com &#8220;Did\u00e1tica&#8221;, ampliando os conhecimentos no Ensino e Aprendizado do aluno (futuro profissional da educa\u00e7\u00e3o em Odontologia). <\/span><\/p>\n<p style=\"text-align: justify;\"><span style=\"font-family: Arial;\"><strong>Abordagem Articular<\/strong>: A<strong> Doc\u00eancia <\/strong>e o<strong> Mon\u00f3logo <\/strong>(<strong>Curr\u00edculo e Did\u00e1tica<\/strong>) \u00e9 fundamental na Arte de<strong> Educar<\/strong> \u00e9 foco em a\u00e7\u00f5es (formativa e assertiva), d<\/span><span style=\"font-family: Arial;\">esperta e auxilia o Ensino Superior com avalia\u00e7\u00f5es peri\u00f3dicas<\/span><span style=\"font-family: Arial; line-height: 1.5;\">.<br \/>\n<\/span><\/p>\n<hr \/>\n<div align=\"justify\">\n<div align=\"justify\">\n<div align=\"justify\">\n<div align=\"justify\"><span style=\"font-size: 12px;\"><em><strong><span style=\"text-decoration: underline;\">REFER\u00caNCIAS<\/span><\/strong><\/em><\/span><\/div>\n<div style=\"font-size: 12px;\" align=\"justify\">\n<div align=\"justify\"><span style=\"font-size: 12px;\">1.<\/span><span style=\"font-size: 12px;\"> CAMPOS, A. A.; PANZERI, F. ; SOUZA, E. A.; GUGELMIN, M.C.M.; OLIVEIRA, L.M.; PARDINI, L.C; CASAGRANDE, L.D.R. Curr\u00edculos de graduaci\u00f3n em Odontologia: generalistas versus especialistas. Revista Fola Oral, 4(13), 1998. [Impresso]<\/span><\/div>\n<div align=\"justify\">2. FREIRE, P. Carta de Paulo Freire aos professores. Estud. av., S\u00e3o Paulo , 15(42): 259-268, Aug. 2001 [<strong><span style=\"color: #0000ff;\"><a style=\"color: #0000ff;\" href=\"http:\/\/www.scielo.br\/pdf\/ea\/v15n42\/v15n42a13.pdf\">PDF<\/a><\/span><\/strong>]<\/div>\n<div align=\"justify\"><span style=\"font-size: 12px;\"><span style=\"font-size: 12px;\">3.<\/span><\/span> ROZENDO, C.A.; CASAGRANDE, L.D.R.; PARDINI, L.C.; SCHNEIDER, J.F. Descripci\u00f3n de algunas pr\u00e1cticas docentes de profesores universitarios del \u00e1rea de salud. In: Pedagogia 97 &#8211; Encuentro por la unidad de los educadores latinoamericanos, 1997, La Habana, Cuba. Resumenes, p. 207, 1997. [Impresso].<\/div>\n<div align=\"justify\"><span style=\"font-size: 12px;\">4. ROZENDO, C.A.; CASAGRANDE, L.D.R.; SCHNEIDER, J.F.; PARDINI, L.C. Uma an\u00e1lise das pr\u00e1ticas docentes de professores universit\u00e1rios da \u00e1rea de sa\u00fade. Rev. latino-am.enfermagem, Ribeir\u00e3o Preto, 7( 2): 15-23, abril 1999. [<strong><span style=\"color: #0000ff;\"><a style=\"color: #0000ff;\" href=\"http:\/\/www.scielo.br\/scielo.php?script=sci_arttext&amp;pid=S0104-11691999000200003&amp;lng=pt&amp;nrm=iso\"><span style=\"color: #0000ff;\">LINK<\/span><\/a><\/span><\/strong>].<\/span><\/div>\n<\/div>\n<\/div>\n<\/div>\n<\/div>\n<div style=\"text-align: justify;\" align=\"justify\">\n<div style=\"text-align: center;\" align=\"justify\">\n<address style=\"text-align: right;\">\n<hr \/>\n<hr \/>\n<\/address>\n<\/div>\n<\/div>\n<div style=\"text-align: left;\" align=\"center\">\n<div style=\"text-align: center;\" align=\"center\">\n<div align=\"justify\">\n<p><span style=\"font-size: 10px;\"><strong><span style=\"color: #0000ff;\"><span style=\"font-size: 10px;\"><span style=\"color: #000000;\">Universidade de S\u00e3o Paulo <\/span><\/span><\/span><\/strong><span style=\"color: #0000ff;\"><span style=\"font-size: 10px;\"><span style=\"color: #000000;\">(<\/span><\/span><\/span><strong><span style=\"color: #0000ff;\"><span style=\"font-size: 10px;\"><a style=\"color: #0000ff;\" href=\"http:\/\/www5.usp.br\/\">USP<\/a> \/ <a style=\"color: #0000ff;\" href=\"https:\/\/uspdigital.usp.br\/wsusuario\/\">SistemasUSP<\/a><\/span><\/span><\/strong><span style=\"color: #0000ff;\"><span style=\"font-size: 10px;\"><span style=\"color: #000000;\">)<\/span><\/span><\/span><strong><span style=\"color: #0000ff;\"><span style=\"font-size: 10px;\"><span style=\"color: #000000;\">, Faculdade de Odontologia de Ribeir\u00e3o <\/span><\/span><\/span><\/strong><span style=\"color: #0000ff;\"><span style=\"font-size: 10px;\"><span style=\"color: #000000;\">(<\/span><\/span><\/span><strong><span style=\"color: #0000ff;\"><span style=\"font-size: 10px;\"><a style=\"color: #0000ff;\" href=\"http:\/\/www.forp.usp.br\/\">FORP<\/a><\/span><\/span><\/strong><span style=\"color: #0000ff;\"><span style=\"font-size: 10px;\">)<\/span><\/span><strong><span style=\"color: #000000;\"><span style=\"font-size: 10px;\">. <\/span><\/span><span style=\"font-size: 10px;\"><strong><span style=\"color: #0000ff;\"><span style=\"color: #000000;\">Laborat\u00f3rio de An\u00e1lise Controle da Imagem Odontol\u00f3gica <\/span><\/span><\/strong><\/span><\/strong><span style=\"font-size: 10px;\"><span style=\"color: #0000ff;\"><span style=\"color: #000000;\">(<\/span><\/span><\/span><strong><span style=\"font-size: 10px;\"><strong><span style=\"color: #0000ff;\"><span style=\"color: #000000;\">Site:<\/span> <a style=\"color: #0000ff;\" href=\"https:\/\/sites.usp.br\/laciro\/\">LACIRO<\/a> <span style=\"color: #000000;\">\/<\/span> <span style=\"color: #000000;\">Diret\u00f3rio de Grupo:<\/span><\/span><a href=\"http:\/\/dgp.cnpq.br\/dgp\/espelhogrupo\/7860212987967525\"><span style=\"color: #0000ff;\"> LACIRO<\/span><\/a><\/strong><\/span><\/strong><span style=\"font-size: 10px;\">) <\/span><strong><em>Respons\u00e1vel: Luiz Carlos Pardini. <\/em><\/strong><\/span><span style=\"font-size: 10px;\"><span style=\"font-size: 10px;\"><strong><br \/>\n<\/strong><\/span><\/span><\/p>\n<hr \/>\n<p style=\"text-align: justify;\"><span style=\"font-size: 10px;\"><strong><span style=\"text-decoration: underline;\">Recebido<\/span>: 1\/3\/2018 &#8211; <span style=\"color: #0000ff;\"><a style=\"color: #0000ff;\" href=\"http:\/\/sites.usp.br\/ebt\/forp-expediente-encicl-bras-teleodontol\/parecerista-relator-consultor-avaliador\/\">Parecerista<\/a>: <\/span>1\/4\/2018 &#8211; <span style=\"text-decoration: underline;\">Reformulado<\/span>: 2\/4\/2018 &#8211; <span style=\"text-decoration: underline;\">Publicado<\/span>: 2\/4\/2018 &#8211; Enciclop\u00e9dia Brasileira de Teleodontologia<\/strong><br \/>\n<\/span><\/p>\n<\/div>\n<\/div>\n<hr \/>\n<\/div>\n<p>&nbsp;<\/p>\n","protected":false},"excerpt":{"rendered":"<p>ENCICLOP\u00c9DIA BRASILEIRA DE TELEODONTOLOGIA ISSN 2448-1181 \/ SIBi \/ Expediente \/ Fasc\u00edculos (A-Z) Polo de [&hellip;]<\/p>\n","protected":false},"author":58,"featured_media":0,"parent":12076,"menu_order":0,"comment_status":"closed","ping_status":"closed","template":"","meta":{"footnotes":"","_links_to":"","_links_to_target":""},"class_list":["post-12987","page","type-page","status-publish","hentry"],"_links":{"self":[{"href":"https:\/\/sites.usp.br\/podae\/index.php?rest_route=\/wp\/v2\/pages\/12987","targetHints":{"allow":["GET"]}}],"collection":[{"href":"https:\/\/sites.usp.br\/podae\/index.php?rest_route=\/wp\/v2\/pages"}],"about":[{"href":"https:\/\/sites.usp.br\/podae\/index.php?rest_route=\/wp\/v2\/types\/page"}],"author":[{"embeddable":true,"href":"https:\/\/sites.usp.br\/podae\/index.php?rest_route=\/wp\/v2\/users\/58"}],"replies":[{"embeddable":true,"href":"https:\/\/sites.usp.br\/podae\/index.php?rest_route=%2Fwp%2Fv2%2Fcomments&post=12987"}],"version-history":[{"count":4,"href":"https:\/\/sites.usp.br\/podae\/index.php?rest_route=\/wp\/v2\/pages\/12987\/revisions"}],"predecessor-version":[{"id":12994,"href":"https:\/\/sites.usp.br\/podae\/index.php?rest_route=\/wp\/v2\/pages\/12987\/revisions\/12994"}],"up":[{"embeddable":true,"href":"https:\/\/sites.usp.br\/podae\/index.php?rest_route=\/wp\/v2\/pages\/12076"}],"wp:attachment":[{"href":"https:\/\/sites.usp.br\/podae\/index.php?rest_route=%2Fwp%2Fv2%2Fmedia&parent=12987"}],"curies":[{"name":"wp","href":"https:\/\/api.w.org\/{rel}","templated":true}]}}