{"id":13301,"date":"2013-01-01T00:01:11","date_gmt":"2013-01-01T02:01:11","guid":{"rendered":"http:\/\/sites.usp.br\/podae\/?page_id=13301"},"modified":"2020-04-30T08:37:41","modified_gmt":"2020-04-30T11:37:41","slug":"01-abordagem-compartilhada-a-interatividade-nas-praticas-docentes","status":"publish","type":"page","link":"https:\/\/sites.usp.br\/podae\/?page_id=13301","title":{"rendered":"01 Abordagem Compartilhada: A Interatividade nas Pr\u00e1ticas Docentes"},"content":{"rendered":"<p style=\"text-align: center;\"><span style=\"color: #800080;\"><strong><span style=\"font-size: 16px;\"><span style=\"font-family: Arial;\">ENCICLOP\u00c9DIA BRASILEIRA DE TELEODONTOLOGIA<br \/>\n<\/span><\/span><\/strong><\/span><strong><span style=\"font-size: 12px;\"><span style=\"font-family: Arial;\">ISSN <span style=\"color: #0000ff;\"><a style=\"color: #0000ff;\" href=\"https:\/\/portal.issn.org\/resource\/ISSN\/2448-1181#\">2448-1181<\/a><\/span><\/span><\/span><\/strong><strong><span style=\"font-size: 12px;\"><span style=\"font-family: Arial;\"> \/ <span style=\"color: #0000ff;\"><a style=\"color: #0000ff;\" href=\"https:\/\/sites.usp.br\/podae\/wp-content\/uploads\/sites\/36\/2019\/06\/Encicl.-Bras.Teleodontol.jpg\">SIBi<\/a><\/span> \/ <a href=\"https:\/\/sites.usp.br\/podae\/?page_id=3320\"><span style=\"color: #0000ff;\">Expediente<\/span><\/a> \/ Fasc\u00edculos <\/span><\/span><\/strong><span style=\"font-size: 12px;\"><span style=\"font-family: Arial;\">(<\/span><\/span><span style=\"color: #0000ff;\"><strong><span style=\"font-size: 12px;\"><span style=\"font-family: Arial;\"><a style=\"color: #0000ff;\" href=\"https:\/\/sites.usp.br\/podae\/?page_id=120\">A-Z<\/a><\/span><\/span><\/strong><\/span><span style=\"font-size: 12px;\"><span style=\"font-family: Arial;\">)<\/span><\/span><strong><span style=\"font-size: 12px;\"><span style=\"font-family: Arial;\"><br \/>\n<\/span><\/span><\/strong><strong><span style=\"font-size: 12px;\"><span style=\"font-family: Arial;\"> Polo de Odontologia Digital Aplicado \u00e0 Educa\u00e7\u00e3o <\/span><\/span><\/strong><span style=\"font-size: 12px;\"><span style=\"font-family: Arial;\">(<\/span><\/span><a href=\"https:\/\/sites.usp.br\/podae\/\"><strong><span style=\"font-size: 12px;\"><span style=\"font-family: Arial;\"><span style=\"color: #0000ff;\">PODAE<\/span><\/span><\/span><\/strong><\/a><span style=\"font-size: 12px;\"><span style=\"font-family: Arial;\"><span style=\"color: #0000ff;\">)<\/span><\/span><\/span><strong><span style=\"font-size: 12px;\"><span style=\"font-family: Arial;\"><span style=\"color: #0000ff;\">: <\/span><a href=\"https:\/\/www.forp.usp.br\/\"><span style=\"color: #0000ff;\">FORP<\/span><\/a> \/ <a href=\"https:\/\/www5.usp.br\/\"><span style=\"color: #0000ff;\">USP<\/span><\/a><\/span><\/span><\/strong> <strong><span style=\"font-size: 12px;\"><span style=\"font-family: Arial;\"><br \/>\n<\/span><\/span><\/strong>\u00a0<span style=\"color: #000000;\"><strong><span style=\"font-size: 10px;\"><span style=\"color: #ff0000; font-size: 14px;\">\u2666<\/span> <\/span><\/strong><\/span><span style=\"color: #000000;\"><strong><span style=\"font-size: 10px;\"><span style=\"text-decoration: underline;\">SUM\u00c1RIOS<\/span><\/span><\/strong><\/span><strong><span style=\"font-size: 12px;\"><span style=\"font-family: Arial;\">: <\/span><\/span><\/strong><span style=\"color: #000000;\"><strong><span style=\"font-size: 10px;\"><a href=\"https:\/\/sites.usp.br\/podae\/?page_id=3288\"><span style=\"color: #0000ff;\"><span style=\"color: #0000ff;\">Fasc\u00edculo A<\/span><\/span><\/a> e <a href=\"https:\/\/sites.usp.br\/podae\/?page_id=3387\"><span style=\"color: #0000ff;\">Suplemento Anua<\/span>l<\/a> <\/span><\/strong><\/span><\/p>\n<address style=\"text-align: right;\">\n<hr style=\"width: 321px;\" \/>\n<\/address>\n<p><em><em><em><span style=\"color: #ff0000; font-size: 14px;\"><strong>\u25ca <\/strong><\/span><\/em><\/em><\/em><span style=\"color: #ff0000;\"><span style=\"font-size: 10px;\"><strong><span style=\"color: #0000ff;\"><em><span style=\"color: #000000; font-size: 14px;\">L<\/span><\/em><\/span><\/strong><\/span><\/span><span style=\"color: #ff0000;\"><span style=\"font-size: 10px;\"><strong><span style=\"color: #0000ff;\"><em><span style=\"color: #000000; font-size: 14px;\">uiz Carlos Pardini &#8211;<\/span><\/em> <\/span><\/strong><\/span><\/span><span style=\"font-size: 10px;\"><strong><span style=\"color: #0000ff;\"><span style=\"color: #ff0000;\"><span style=\"color: #000000;\"><a style=\"color: #0000ff;\" href=\"https:\/\/uspdigital.usp.br\/telefonia\/telFormularioEmail.jsp?codigoPessoaUsuario=0&amp;codigoPessoa=75623&amp;nomePessoa=Luiz Carlos Pardini&amp;print=s\">E-mail<\/a> <em><span style=\"color: #000000; font-size: 14px;\">&#8211;<\/span><\/em> <a style=\"color: #0000ff;\" href=\"http:\/\/buscatextual.cnpq.br\/buscatextual\/visualizacv.do?metodo=apresentar&amp;id=K4796807T1\">Curr\u00edculo Lattes<\/a> &#8211; <span style=\"color: #0000ff;\"><a style=\"color: #0000ff;\" href=\"https:\/\/sites.usp.br\/podae\/?page_id=4562\">Informa\u00e7\u00f5es adicionais<\/a><\/span><\/span><\/span><\/span><\/strong><\/span><\/p>\n<address>\n<address style=\"text-align: right;\">\n<hr style=\"width: 321px;\" \/>\n<\/address>\n<\/address>\n<hr \/>\n<address style=\"text-align: right;\"><strong><span style=\"font-size: 12px;\"><span style=\"font-size: 10px;\">p\u00e1gina 1<\/span><br \/>\n<\/span><\/strong><\/address>\n<hr \/>\n<p style=\"text-align: justify;\"><span style=\"color: #000000; font-family: Arial;\"><span style=\"font-size: 12px; line-height: 18px;\"><strong>PARDINI, L.C. <\/strong><strong>Abordagem Compartilhada: A Interatividade nas Pr\u00e1ticas Docentes. Encicl. Bras.Teleodontol., Volume 1 (S\u00e9rie A): p\u00e1gina 1, janeiro, 2013. ISSN 2448-1181<\/strong>.<\/span><\/span><\/p>\n<hr \/>\n<p style=\"text-align: justify;\"><span style=\"font-family: Arial;\"><strong>Abordagem Compartilhada<\/strong> esta associada com a Interatividade nas Pr\u00e1ticas Docentes nos Cursos de<strong> Gradua\u00e7\u00e3o e Programa de P\u00f3s-Gradua\u00e7\u00e3o<\/strong>) com ampla a\u00e7\u00f5es entre Institui\u00e7\u00e3o, Educadores e Educando com ampla perspectiva na <strong>Proposta Pol\u00edtico Pedag\u00f3gica <\/strong>(<strong>PPP<\/strong>). <\/span><\/p>\n<p style=\"text-align: justify;\"><span style=\"font-family: Arial;\">Neste S\u00e9culo XXI a <\/span><span style=\"font-family: Arial; color: #0000ff;\"><a style=\"color: #0000ff;\" href=\"https:\/\/sites.usp.br\/podae\/?page_id=3387\"><strong>Atividade Educativa Online<\/strong><\/a><\/span><span style=\"font-family: Arial;\"> com a\u00e7\u00f5es pedag\u00f3gicas em <\/span><span style=\"font-family: Arial;\">Ensino Superior \u00e9 foco predominante e s\u00e3o <\/span><span style=\"font-family: Arial;\"> partes de a\u00e7\u00e3o cont\u00ednua explicitada em Matriz Curricular [1,2,3,4,5]. <\/span><\/p>\n<p style=\"text-align: justify;\"><span style=\"font-family: Arial;\"><strong>Abordagem Articular<\/strong>: Mon\u00f3logo. Docente centro das aten\u00e7\u00f5es &#8220;Senhor Pleno do Saber&#8221;. A &#8220;Saliva\u00e7\u00e3o&#8221; (Mon\u00f3logo &#8211; somente o Professor Atua &#8211; Professor Falante) \u00e9 o instrumento pedag\u00f3gico:. &#8220;Eu sei. Eu apresento a mat\u00e9ria (Tema da Aula): Mastigado e Digerido. <strong>Arte de Educar<\/strong> reflete atitude, habilidade, conduta, procedimento (&#8220;<em>maneira de ser<\/em>&#8220;) do Educador fato amplamente consolidado por <strong>Paulo Freire<\/strong> (<strong><span style=\"color: #0000ff;\"><a style=\"color: #0000ff;\" href=\"http:\/\/www.paulofreire.org.br\/contato\/\">Centro Paulo Freire<\/a><\/span><\/strong> ) com destaque para &#8220;<a href=\"http:\/\/www.scielo.br\/pdf\/ea\/v15n42\/v15n42a13.pdf\"><span style=\"color: #0000ff;\"><strong>Carta de Paulo Freire aos professore<\/strong>s<\/span>&#8220;<\/a> [<a href=\"https:\/\/www.scimagojr.com\/journalrank.php\">4<\/a>]<br \/>\n<\/span><\/p>\n<p style=\"text-align: justify;\"><span style=\"font-family: Arial;\"><strong>Abordagem Articular<\/strong> \u00e9 fundamental para a atua\u00e7\u00e3o da Doc\u00eancia (Participa\u00e7\u00e3o Compartilhada &#8211; Educador \/ Educando) evitando a centralizar as a\u00e7\u00f5es pedag\u00f3gicas no Professor (Docente) com \u00eanfase no &#8220;Mon\u00f3logo&#8221; ( Professor &#8211; Centro e Fulcro): &#8220;Senhor da Verdade&#8221;. No Curso de P\u00f3s-Gradua\u00e7\u00e3o (Programa de P\u00f3s-Gradua\u00e7\u00e3o) \u00e9 relevante na Matriz Curricular (Curr\u00edculo) a intera\u00e7\u00e3o com &#8220;Did\u00e1tica&#8221;, ampliando os conhecimentos no Ensino e Aprendizado do aluno (futuro profissional da educa\u00e7\u00e3o em Odontologia). <\/span><\/p>\n<p style=\"text-align: justify;\"><span style=\"font-family: Arial;\"><strong>Abordagem Articular<\/strong>: A<strong> Doc\u00eancia <\/strong>e o<strong> Mon\u00f3logo <\/strong>(<strong>Curr\u00edculo e Did\u00e1tica<\/strong>) \u00e9 fundamental na Arte de<strong> Educar<\/strong> \u00e9 foco em a\u00e7\u00f5es (formativa e assertiva), d<\/span><span style=\"font-family: Arial;\">esperta e auxilia o Ensino Superior com avalia\u00e7\u00f5es peri\u00f3dicas<\/span><span style=\"font-family: Arial; line-height: 1.5;\">.<br \/>\n<\/span><\/p>\n<hr \/>\n<div align=\"justify\">\n<div align=\"justify\">\n<div align=\"justify\">\n<div align=\"justify\"><span style=\"font-size: 12px;\"><em><strong><span style=\"text-decoration: underline;\">REFER\u00caNCIAS<\/span><\/strong><\/em><\/span><\/div>\n<div style=\"font-size: 12px;\" align=\"justify\">\n<div align=\"justify\"><span style=\"font-size: 12px;\">1.<\/span><span style=\"font-size: 12px;\"> BRASIL &#8211; Diretrizes e Bases da Educa\u00e7\u00e3o Nacional, 1996. [<span style=\"color: #0000ff;\"><strong><a style=\"color: #0000ff;\" href=\"http:\/\/sites.usp.br\/ebt\/wp-content\/uploads\/sites\/44\/2014\/11\/Lei_9.394.pdf\">Lei 9.394<\/a><\/strong><\/span>]<\/span><\/div>\n<div align=\"justify\">2. BRASIL &#8211; Regula o Exerc\u00edcio da Odontologia. Lei n\u00ba 5.081 de 24\/08\/1966. D.O., Se\u00e7\u00e3o I. Parte I, 26\/08\/1966. [<strong><span style=\"color: #0000ff;\"><a style=\"color: #0000ff;\" href=\"http:\/\/www.planalto.gov.br\/ccivil_03\/leis\/L5081.htm\">Lei n\u00ba 5.081<\/a><\/span><\/strong>]<\/div>\n<div align=\"justify\"><span style=\"font-size: 12px;\">3. BRASIL &#8211; Diretrizes Curriculares Nacionais do Curso de Gradua\u00e7\u00e3o em Odontologia, 2002. [<span style=\"color: #0000ff;\"><strong><a style=\"color: #0000ff;\" href=\"http:\/\/sites.usp.br\/ebt\/wp-content\/uploads\/sites\/44\/2014\/11\/Resolu\u00e7\u00e3o-19-02-2002.pdf\">Resolu\u00e7\u00e3o CNE\/CES 3<\/a><\/strong><\/span>].<\/span><\/div>\n<div align=\"justify\"><span style=\"font-size: 12px;\">4. FREIRE, PAULO. Carta de Paulo Freire aos professores. Estud. av., S\u00e3o Paulo , 15(42): 259-268, Aug. 2001 [<strong><span style=\"color: #0000ff;\"><a style=\"color: #0000ff;\" href=\"http:\/\/www.scielo.br\/pdf\/ea\/v15n42\/v15n42a13.pdf\">PDF<\/a><\/span><\/strong>]<br \/>\n<\/span><\/div>\n<div align=\"justify\"><span style=\"font-size: 12px;\">5. ROZENDO, C.A.; CASAGRANDE, L.D.R.; SCHNEIDER, J.F.; PARDINI, L.C. Uma an\u00e1lise das pr\u00e1ticas docentes de professores universit\u00e1rios da \u00e1rea de sa\u00fade. Rev. latino-am.enfermagem, Ribeir\u00e3o Preto, 7( 2): 15-23, abril 1999. [<strong><span style=\"color: #0000ff;\"><a style=\"color: #0000ff;\" href=\"http:\/\/www.scielo.br\/scielo.php?script=sci_arttext&amp;pid=S0104-11691999000200003&amp;lng=pt&amp;nrm=iso\"><span style=\"color: #0000ff;\">LINK<\/span><\/a><\/span><\/strong>]<\/span><\/div>\n<\/div>\n<\/div>\n<\/div>\n<\/div>\n<div style=\"text-align: justify;\" align=\"justify\">\n<div style=\"text-align: center;\" align=\"justify\">\n<address style=\"text-align: right;\">\n<hr \/>\n<hr \/>\n<\/address>\n<\/div>\n<\/div>\n<div style=\"text-align: left;\" align=\"center\">\n<div style=\"text-align: center;\" align=\"center\">\n<div align=\"justify\">\n<p><span style=\"font-size: 10px;\"><strong><span style=\"color: #ff0000; font-size: 10px;\"><span style=\"color: #ff0000; font-size: 14px;\">\u25ca<\/span><\/span> <span style=\"font-size: 10px;\"><strong>Universidade de S\u00e3o Paulo (<span style=\"color: #0000ff;\"><a style=\"color: #0000ff;\" href=\"http:\/\/www5.usp.br\/\">USP<\/a><\/span> \/ <span style=\"color: #0000ff;\"><a style=\"color: #0000ff;\" href=\"https:\/\/uspdigital.usp.br\/wsusuario\/\">SistemasUSP<\/a><\/span>), Faculdade de Odontologia de Ribeir\u00e3o (<span style=\"color: #0000ff;\"><a style=\"color: #0000ff;\" href=\"http:\/\/www.forp.usp.br\/\">FORP<\/a><\/span> \/ <span style=\"color: #0000ff;\"><a style=\"color: #0000ff;\" href=\"http:\/\/www.prpg.usp.br\/index.php\/pt-br\/faca-pos-na-usp\/ache-um-programa?art_title=&amp;unidades%5B%5D=Faculdade+de+Odontologia+de+Ribeir%C3%A3o+Preto&amp;area_pos_graduacao%5B%5D=Ci%C3%AAncias+Biol%C3%B3gicas+e+da+Sa%C3%BAde&amp;art_language=pt-BR&amp;boxchecked=0&amp;search=programas_de_ps_graduaco&amp;task=search\">PgPG<\/a><\/span>) \/ <\/strong><\/span>Disciplinas: <em>Metodologia do Ensino Superior<\/em> (1995-2000). <em>Did\u00e1tica para o Ensino Superior<\/em> (1996-2000)<\/strong><\/span><span style=\"font-size: 10px;\"><span style=\"font-size: 10px;\"><strong>. <em>Metodologias e Din\u00e2mica no Ensino da Odontolog<\/em>ia (1995-2000). Respons\u00e1veis: Profs. Drs. Lisete Diniz Ribas Casagrande e Luiz Carlos Pardini. Programa de Aperfei\u00e7oamento de Ensino (<a href=\"http:\/\/www.prpg.usp.br\/index.php\/pt-br\/pae\/o-que-pae\"><span style=\"color: #0000ff;\">PAE<\/span><\/a>): <em>Metodologias e Din\u00e2mica no Ensino da Odontologia <\/em>(Respons\u00e1vel: Luiz Carlos Pardini 05\/05\/2000 at\u00e9 presente data<\/strong>)<strong><br \/>\n<\/strong><\/span><\/span><\/p>\n<hr \/>\n<p><span style=\"font-size: 10px;\"><strong><span style=\"text-decoration: underline;\">Recebido<\/span> 11\/1\/2013 &#8211; <span style=\"color: #0000ff;\"><a href=\"https:\/\/sites.usp.br\/podae\/?page_id=3336\"><span style=\"color: #0000ff;\">Pareceris<\/span>ta<\/a> <\/span>1\/2\/2013 &#8211; <span style=\"text-decoration: underline;\">Publicado<\/span> 1\/2\/2013 &#8211; Enciclop\u00e9dia Brasileira de Teleodontologia &#8211; <\/strong><\/span><strong style=\"font-size: 10px; text-align: center;\">ISSN <span style=\"color: #0000ff;\"><a style=\"color: #0000ff;\" href=\"https:\/\/portal.issn.org\/resource\/ISSN\/2448-1181#\">2448-1181 <\/a><\/span><\/strong><\/p>\n<\/div>\n<\/div>\n<\/div>\n<hr \/>\n<p>&nbsp;<\/p>\n","protected":false},"excerpt":{"rendered":"<p>ENCICLOP\u00c9DIA BRASILEIRA DE TELEODONTOLOGIA ISSN 2448-1181 \/ SIBi \/ Expediente \/ Fasc\u00edculos (A-Z) Polo de [&hellip;]<\/p>\n","protected":false},"author":58,"featured_media":0,"parent":3441,"menu_order":0,"comment_status":"closed","ping_status":"closed","template":"","meta":{"footnotes":"","_links_to":"","_links_to_target":""},"class_list":["post-13301","page","type-page","status-publish","hentry"],"_links":{"self":[{"href":"https:\/\/sites.usp.br\/podae\/index.php?rest_route=\/wp\/v2\/pages\/13301","targetHints":{"allow":["GET"]}}],"collection":[{"href":"https:\/\/sites.usp.br\/podae\/index.php?rest_route=\/wp\/v2\/pages"}],"about":[{"href":"https:\/\/sites.usp.br\/podae\/index.php?rest_route=\/wp\/v2\/types\/page"}],"author":[{"embeddable":true,"href":"https:\/\/sites.usp.br\/podae\/index.php?rest_route=\/wp\/v2\/users\/58"}],"replies":[{"embeddable":true,"href":"https:\/\/sites.usp.br\/podae\/index.php?rest_route=%2Fwp%2Fv2%2Fcomments&post=13301"}],"version-history":[{"count":4,"href":"https:\/\/sites.usp.br\/podae\/index.php?rest_route=\/wp\/v2\/pages\/13301\/revisions"}],"predecessor-version":[{"id":13343,"href":"https:\/\/sites.usp.br\/podae\/index.php?rest_route=\/wp\/v2\/pages\/13301\/revisions\/13343"}],"up":[{"embeddable":true,"href":"https:\/\/sites.usp.br\/podae\/index.php?rest_route=\/wp\/v2\/pages\/3441"}],"wp:attachment":[{"href":"https:\/\/sites.usp.br\/podae\/index.php?rest_route=%2Fwp%2Fv2%2Fmedia&parent=13301"}],"curies":[{"name":"wp","href":"https:\/\/api.w.org\/{rel}","templated":true}]}}