{"id":13404,"date":"2020-04-30T15:35:39","date_gmt":"2020-04-30T18:35:39","guid":{"rendered":"http:\/\/sites.usp.br\/podae\/?page_id=13404"},"modified":"2020-04-30T15:35:39","modified_gmt":"2020-04-30T18:35:39","slug":"abordagem-profissional-imagenologia-odontologica-radiologia-manequim-odontologico-patente","status":"publish","type":"page","link":"https:\/\/sites.usp.br\/podae\/?page_id=13404","title":{"rendered":"Abordagem Profissional (Imagenologia Odontol\u00f3gica \/ Radiologia): Manequim Odontol\u00f3gico (Patente)"},"content":{"rendered":"<address>\n<address><span style=\"color: #ff0000\"><span style=\"font-size: 10px\"><strong><span style=\"color: #0000ff\"><em><span style=\"color: #000000;font-size: 14px\"><span style=\"color: #ff0000;font-size: 10px\"><span style=\"color: #ff0000;font-size: 14px\">\u25ca<\/span><\/span> L<\/span><\/em><\/span><\/strong><\/span><\/span><span style=\"color: #ff0000\"><span style=\"color: #ff0000\"><span style=\"font-size: 10px\"><strong><span style=\"color: #0000ff\"><em><span style=\"color: #ff0000\"><em><strong><span style=\"color: #000000;font-size: 14px\">uiz Carlos Pardini &#8211;<\/span><\/strong><\/em><\/span><\/em><span style=\"color: #ff0000\"><strong><span style=\"font-size: 10px\"><span style=\"color: #0000ff\"><span style=\"color: #0000ff\"> <span style=\"color: #000000\">{<\/span><\/span><\/span><\/span><\/strong><\/span><\/span><\/strong><\/span><\/span><\/span><span style=\"font-size: 10px\"><strong><span style=\"color: #0000ff\"><span style=\"color: #ff0000\"><strong><span style=\"font-size: 10px\"><span style=\"color: #000000\"><a style=\"color: #0000ff\" href=\"https:\/\/uspdigital.usp.br\/telefonia\/telFormularioEmail.jsp?codigoPessoaUsuario=0&amp;codigoPessoa=75623&amp;nomePessoa=Luiz Carlos Pardini&amp;print=s\">E-mailUSP<\/a>] <span style=\"color: #ff0000\"><span style=\"color: #ff0000\"><span style=\"font-size: 10px\"><strong><span style=\"color: #0000ff\"><em><span style=\"color: #ff0000\"><em><strong><span style=\"color: #000000;font-size: 14px\">&#8211;<\/span><\/strong><\/em><\/span><\/em> <\/span><\/strong><\/span><\/span><\/span><span style=\"color: #0000ff\"> <a style=\"color: #0000ff\" href=\"http:\/\/buscatextual.cnpq.br\/buscatextual\/visualizacv.do?metodo=apresentar&amp;id=K4796807T1\">Curr\u00edculo Lattes<\/a> <\/span><\/span> <\/span><\/strong><\/span><\/span><\/strong><\/span><\/address>\n<\/address>\n<hr \/>\n<hr \/>\n<address style=\"text-align: right\"><strong><span style=\"font-size: 10px\">p\u00e1gina 1<\/span><\/strong><\/address>\n<hr \/>\n<p style=\"text-align: justify\"><span style=\"font-size: 10px\"><span style=\"color: #ff0000;font-size: 10px\"><span style=\"color: #ff0000;font-size: 14px\">\u25ca<\/span><\/span> <strong>PARDINI, L.C. Abordagem Profissional \u00a0(Imagenologia Odontol\u00f3gica \/ Radiologia): Manequim Odontol\u00f3gico (Patente). Encicl. Bras. Teleodontol., Volume 8 (S\u00e9rie A): p\u00e1gina 1, julho, <\/strong><\/span><strong><span style=\"font-size: 10px\"> 2018. ISSN 2448-1181<\/span><\/strong><\/p>\n<hr \/>\n<p style=\"text-align: justify\"><span style=\"font-family: Arial\"><strong>Abordagem Profissional<\/strong> (Radiologia Odontol\u00f3gica \/ Imagenologia) visando o atendimento \u00e0 Comunidade deve estar associado com a\u00e7\u00f5es educacionais laboratoriais objetivando o Ensino e o Aprendizado nas atividades cl\u00ednica<\/span><span style=\"font-family: Arial\">\u00a0 com os avan\u00e7os t\u00e9cnicos: Aparelho de Raios X (Convencional e digital) e os Processamento Radiogr\u00e1fico (C\u00e2mara Escura: Port\u00e1til ou Sala Escura \/ Labirinto) em fun\u00e7\u00e3o de custo e benef\u00edcio tem sido o dilema do Cirurgi\u00e3o-Dentista.com\u00a0Filme Radiogr\u00e1fico Duplo que contribui para a Documenta\u00e7\u00e3o Legal do Cirurgi\u00e3o-Dentista [1].<\/span><\/p>\n<p style=\"text-align: justify\"><span style=\"font-family: Arial\">Em atividade laboratorial do\u00a0 aluno co Curso de Gradua\u00e7\u00e3o (\u00c1rea da Sa\u00fade &#8211; Odontologia) pode ser orientado com atividades pr\u00e1ticas realizando as\u00a0 T\u00e9cnicas Radiogr\u00e1ficas Periapicais em &#8220;<\/span><span style=\"font-family: Arial\"><em><strong>MANEQUIM ODONTOL\u00d3GICO ESPEC\u00cdFICO PARA AS T\u00c9CNICAS RADIOGR\u00c1FICAS<\/strong><\/em>&#8221; (Idealizado pelo Prof. Dr. <strong>Luiz Carlos Pardini<\/strong> &#8211; <strong>PI 9003176-8<\/strong> &#8211;\u00a004\/07\/1990 &#8211; <a href=\"http:\/\/usp.technologypublisher.com\/files\/sites\/pedidos_de_protecao_09_2016.pdf\"><span style=\"color: #0000ff\"><strong>Patente<\/strong><\/span><\/a> ( Veja Lista &#8211; Patente de N\u00famero 61 da USP) <\/span><\/p>\n<p style=\"text-align: justify\"><span style=\"font-family: Arial\">Os Pesquisadores recebem orienta\u00e7\u00f5es, na Universidade de S\u00e3o Paulo (<strong><span style=\"color: #0000ff\"><a style=\"color: #0000ff\" href=\"http:\/\/www5.usp.br\/\">USP<\/a><\/span><\/strong>), da Ag\u00eancia USP de Inova\u00e7\u00e3o (<strong><span style=\"color: #0000ff\"><a style=\"color: #0000ff\" href=\"http:\/\/inovacao.usp.br\/\">AUSPIN<\/a><\/span><\/strong>).<\/span><\/p>\n<p style=\"text-align: justify\"><span style=\"font-family: Arial\">Neste s\u00e9culo XXI de inova\u00e7\u00f5es tecnol\u00f3gicas utiliza-se dos conhecimentos t\u00e9cnicos e cient\u00edficos atualizados em , o Prontu\u00e1rio de Sa\u00fade constitui mecanismo pedag\u00f3gico no atendimento de A Radiologia Odontologia (Imagenologia Odontol\u00f3gica).<\/span><\/p>\n<hr \/>\n<p style=\"text-align: justify\"><strong><span style=\"font-size: 10px\"> REFER\u00caNCIAS<br \/>\n<\/span><\/strong><\/p>\n<div style=\"font-size: 10px\" align=\"justify\">\n<div align=\"justify\"><span style=\"font-size: 10px\">1. WATANABE, P. C. A. ; CAMARGO A.J ; PARDINI, L. C. Radiographic Density and Contrast of Images of Individual Films from Double Film Packets. Cosmetology &amp; Oro Facial Surgery, 2 1-5, 2016. [<a href=\"https:\/\/www.researchgate.net\/profile\/Plauto_Watanabe\/publication\/309195652_Radiographic_Density_and_Contrast_of_Images_of_Individual_Films_from_Double_Film_Packets\/links\/5804b86f08ae56ba92cbdb83\/Radiographic-Density-and-Contrast-of-Images-of-Individual-Films-from-Double-Film-Packets.pdf\"><span style=\"color: #0000ff\"><strong>LINK<\/strong><\/span><\/a>]<\/span><span style=\"font-size: 10px\">. <\/span><\/div>\n<div style=\"text-align: center\" align=\"justify\">\n<address style=\"text-align: right\">\n<hr \/>\n<hr \/>\n<\/address>\n<\/div>\n<\/div>\n<div style=\"text-align: left\" align=\"center\">\n<div style=\"text-align: center\" align=\"center\">\n<div align=\"justify\">\n<p><span style=\"font-size: 10px\"><strong><span style=\"color: #ff0000\"><span style=\"color: #ff0000;font-size: 10px\"><span style=\"color: #ff0000;font-size: 14px\">\u25ca<\/span><\/span><\/span><\/strong><\/span> <span style=\"font-size: 10px\"><strong><span style=\"color: #0000ff\"><span style=\"color: #000000\"><span style=\"text-decoration: underline\">PROFESSOR S\u00caNIOR<\/span> &#8211; USP (<\/span><a style=\"color: #0000ff\" href=\"http:\/\/www.leginf.usp.br\/?resolucao=resolucao-no-6073-de-1o-de-marco-de-2012\">Resolu\u00e7\u00e3o N\u00ba 6073, 01\/03\/2012<\/a><\/span><\/strong><\/span><span style=\"font-size: 10px\"><strong>) &#8211; Faculdade de Odontologia de Ribeir\u00e3o (<\/strong><\/span><span style=\"font-size: 10px\"><strong><span style=\"color: #0000ff\"><a style=\"color: #0000ff\" href=\"http:\/\/www.forp.usp.br\/\">FORP<\/a><\/span><\/strong><\/span><span style=\"font-size: 10px\"><strong>) \/ Processo 2017.1.345.58.8 \/ Termo de Autoriza\u00e7\u00e3o (Dirigente: Profa. Dra.L\u00e9a Assed Bezerra da Silva &#8211; 29\/05\/2017)<\/strong><\/span><\/p>\n<hr \/>\n<p><span style=\"font-size: 10px\"><strong><span style=\"text-decoration: underline\">Recebido<\/span> \/ <span style=\"text-decoration: underline\">Publicado<\/span>: 1\/7\/2017 &#8211; Enciclop\u00e9dia Brasileira de Teleodontologia &#8211; ISSN 2448-1181<\/strong><br \/>\n<\/span><\/p>\n<\/div>\n<\/div>\n<hr \/>\n<\/div>\n","protected":false},"excerpt":{"rendered":"<p>\u25ca Luiz Carlos Pardini &#8211; {E-mailUSP] &#8211; Curr\u00edculo Lattes p\u00e1gina 1 \u25ca PARDINI, L.C. Abordagem [&hellip;]<\/p>\n","protected":false},"author":58,"featured_media":0,"parent":3452,"menu_order":0,"comment_status":"closed","ping_status":"closed","template":"","meta":{"footnotes":"","_links_to":"","_links_to_target":""},"class_list":["post-13404","page","type-page","status-publish","hentry"],"_links":{"self":[{"href":"https:\/\/sites.usp.br\/podae\/index.php?rest_route=\/wp\/v2\/pages\/13404","targetHints":{"allow":["GET"]}}],"collection":[{"href":"https:\/\/sites.usp.br\/podae\/index.php?rest_route=\/wp\/v2\/pages"}],"about":[{"href":"https:\/\/sites.usp.br\/podae\/index.php?rest_route=\/wp\/v2\/types\/page"}],"author":[{"embeddable":true,"href":"https:\/\/sites.usp.br\/podae\/index.php?rest_route=\/wp\/v2\/users\/58"}],"replies":[{"embeddable":true,"href":"https:\/\/sites.usp.br\/podae\/index.php?rest_route=%2Fwp%2Fv2%2Fcomments&post=13404"}],"version-history":[{"count":1,"href":"https:\/\/sites.usp.br\/podae\/index.php?rest_route=\/wp\/v2\/pages\/13404\/revisions"}],"predecessor-version":[{"id":13405,"href":"https:\/\/sites.usp.br\/podae\/index.php?rest_route=\/wp\/v2\/pages\/13404\/revisions\/13405"}],"up":[{"embeddable":true,"href":"https:\/\/sites.usp.br\/podae\/index.php?rest_route=\/wp\/v2\/pages\/3452"}],"wp:attachment":[{"href":"https:\/\/sites.usp.br\/podae\/index.php?rest_route=%2Fwp%2Fv2%2Fmedia&parent=13404"}],"curies":[{"name":"wp","href":"https:\/\/api.w.org\/{rel}","templated":true}]}}