{"id":13410,"date":"2020-04-30T15:37:19","date_gmt":"2020-04-30T18:37:19","guid":{"rendered":"http:\/\/sites.usp.br\/podae\/?page_id=13410"},"modified":"2020-04-30T15:38:50","modified_gmt":"2020-04-30T18:38:50","slug":"abordagem-profissional-endodontia-construcao-de-nucleo-metalico","status":"publish","type":"page","link":"https:\/\/sites.usp.br\/podae\/?page_id=13410","title":{"rendered":"Abordagem Profissional (Endodontia): Constru\u00e7\u00e3o de N\u00facleo Met\u00e1lico"},"content":{"rendered":"","protected":false},"excerpt":{"rendered":"","protected":false},"author":58,"featured_media":0,"parent":3452,"menu_order":0,"comment_status":"closed","ping_status":"closed","template":"","meta":{"footnotes":"","_links_to":"","_links_to_target":""},"class_list":["post-13410","page","type-page","status-publish","hentry"],"_links":{"self":[{"href":"https:\/\/sites.usp.br\/podae\/index.php?rest_route=\/wp\/v2\/pages\/13410","targetHints":{"allow":["GET"]}}],"collection":[{"href":"https:\/\/sites.usp.br\/podae\/index.php?rest_route=\/wp\/v2\/pages"}],"about":[{"href":"https:\/\/sites.usp.br\/podae\/index.php?rest_route=\/wp\/v2\/types\/page"}],"author":[{"embeddable":true,"href":"https:\/\/sites.usp.br\/podae\/index.php?rest_route=\/wp\/v2\/users\/58"}],"replies":[{"embeddable":true,"href":"https:\/\/sites.usp.br\/podae\/index.php?rest_route=%2Fwp%2Fv2%2Fcomments&post=13410"}],"version-history":[{"count":1,"href":"https:\/\/sites.usp.br\/podae\/index.php?rest_route=\/wp\/v2\/pages\/13410\/revisions"}],"predecessor-version":[{"id":13411,"href":"https:\/\/sites.usp.br\/podae\/index.php?rest_route=\/wp\/v2\/pages\/13410\/revisions\/13411"}],"up":[{"embeddable":true,"href":"https:\/\/sites.usp.br\/podae\/index.php?rest_route=\/wp\/v2\/pages\/3452"}],"wp:attachment":[{"href":"https:\/\/sites.usp.br\/podae\/index.php?rest_route=%2Fwp%2Fv2%2Fmedia&parent=13410"}],"curies":[{"name":"wp","href":"https:\/\/api.w.org\/{rel}","templated":true}]}}