{"id":13503,"date":"2020-04-30T17:06:18","date_gmt":"2020-04-30T20:06:18","guid":{"rendered":"http:\/\/sites.usp.br\/podae\/?page_id=13503"},"modified":"2020-04-30T17:06:18","modified_gmt":"2020-04-30T20:06:18","slug":"02-abordagem-dinamica-atividade-profissional-saude-bucal-cirurgiao-dentista","status":"publish","type":"page","link":"https:\/\/sites.usp.br\/podae\/?page_id=13503","title":{"rendered":"02 Abordagem Din\u00e2mica: Atividade Profissional (Sa\u00fade Bucal): Cirurgi\u00e3o-Dentista"},"content":{"rendered":"<address><span style=\"color: #ff0000; font-size: 14px;\">\u2666 <\/span><em><span style=\"color: #ff0000;\"><em><strong><span style=\"color: #000000; font-size: 14px;\">Amadeu Rodrigues da Silva J\u00fanior &#8211;\u00a0<\/span><\/strong><\/em><\/span><\/em><span style=\"color: #ff0000;\"><strong><span style=\"font-size: 10px;\"><span style=\"color: #0000ff;\"><span style=\"color: #0000ff;\"> <a style=\"color: #0000ff;\" href=\"https:\/\/uspdigital.usp.br\/telefonia\/telFormularioEmail.jsp?codigoPessoaUsuario=0&amp;codigoPessoa=78306&amp;nomePessoa=Amadeu Rodrigues da Silva Junior&amp;print=s\">E-mail(<em>USP<\/em>)<\/a>\u00a0\u00a0<\/span><\/span><span style=\"color: #0000ff;\"><span style=\"color: #0000ff;\"><em><span style=\"color: #000000; font-size: 14px;\">&#8211;<\/span><\/em> <\/span><\/span><span style=\"color: #0000ff;\"><a href=\"http:\/\/lattes.cnpq.br\/4941647300671224\"><span style=\"color: #0000ff;\">Curr\u00edculo Lattes<\/span><\/a><\/span><span style=\"color: #0000ff;\"><span style=\"color: #0000ff;\"> <em><span style=\"color: #ff0000;\"><em><strong><span style=\"color: #000000; font-size: 14px;\">&#8211;<\/span><\/strong><\/em><\/span><\/em> <\/span><\/span><a href=\"http:\/\/buscatextual.cnpq.br\/buscatextual\/graficos.do?metodo=apresentar&amp;codRHCript=K4460384H8&amp;nome=Amadeu%20Rodrigues%20da%20Silva%20Junior\"><span style=\"color: #0000ff;\"><span style=\"color: #0000ff;\">Ind<\/span><span style=\"color: #0000ff;\">icador<\/span><span style=\"text-decoration: underline; color: #0000ff;\"> de Produ\u00e7\u00e3o<\/span><\/span><\/a><span style=\"color: #0000ff;\"><span style=\"color: #0000ff;\">\u00a0<\/span><\/span><\/span><span style=\"font-size: 10px;\"><span style=\"color: #0000ff;\"><span style=\"color: #0000ff;\"><em><span style=\"color: #000000; font-size: 14px;\">&#8211;<\/span><\/em> <\/span><\/span><\/span><\/strong><\/span><span style=\"color: #ff0000;\"><span style=\"font-size: 10px;\"><span style=\"color: #0000ff;\"><strong><a href=\"https:\/\/www.worldcat.org\/search?q=Amadeu+Rodrigues+da+Silva+Junior&amp;qt=results_page\"><span style=\"color: #0000ff;\">WorldCat<\/span><\/a><\/strong><\/span><span style=\"color: #0000ff;\"><span style=\"color: #0000ff;\">\u00a0<\/span><\/span><\/span><\/span><span style=\"color: #ff0000;\"><span style=\"font-size: 10px;\"><strong><span style=\"color: #0000ff;\"><span style=\"color: #000000;\"> <em><span style=\"color: #ff0000;\"><em><strong><span style=\"color: #000000; font-size: 14px;\">&#8211;<\/span><\/strong><\/em><\/span><\/em> <\/span><\/span><\/strong><\/span><\/span><span style=\"color: #ff0000;\"><span style=\"color: #ff0000;\"><span style=\"font-size: 10px;\"><strong><span style=\"color: #0000ff;\"><span style=\"color: #ff0000;\"><strong><span style=\"font-size: 10px;\"><span style=\"color: #0000ff;\"><span style=\"color: #0000ff;\"><a style=\"color: #0000ff;\" href=\"http:\/\/dedalus.usp.br\/F\/9ANJ5E1LYS89L6BR999TFBEHS8RE3HY1ARYSFJST7VUPJYRNRJ-58179?func=find-b&amp;request=Amadeu+Rodrigues+da+Silva+J%C3%BAnior+&amp;find_code=WRD&amp;local_base=USP01&amp;x=0&amp;y=0&amp;filter_code_1=WLN&amp;filter_request_1=&amp;filter_code_2=WYR&amp;filter_request_2=&amp;filter_code_3=WYR&amp;filter_request_3=&amp;filter_code_4=WMA&amp;filter_request_4=&amp;filter_code_5=WBA&amp;filter_request_5=\">Dedalus (USP)<\/a> <em><span style=\"color: #ff0000;\"><em><strong><span style=\"color: #000000; font-size: 14px;\">&#8211;<\/span><\/strong><\/em><\/span><\/em><\/span><\/span><\/span><\/strong><\/span> <span style=\"color: #ff0000;\"><span style=\"font-size: 10px;\"><strong><span style=\"color: #0000ff;\"><span style=\"color: #000000;\"><span style=\"color: #0000ff;\"><a href=\"https:\/\/scholar.google.com\/scholar?hl=en&amp;as_sdt=0,5&amp;q=%22Amadeu+Rodrigues+da+Silva+Junior%22\"><span style=\"color: #0000ff; font-size: 10px;\">Google Scholar<\/span><\/a><\/span>\u00a0 <em><span style=\"color: #000000; font-size: 14px;\">&#8211;<\/span><\/em><\/span><\/span><\/strong><\/span><\/span><\/span><\/strong><\/span><\/span><\/span><\/address>\n<hr \/>\n<hr \/>\n<address style=\"text-align: right;\"><strong><span style=\"font-size: 10px;\">p\u00e1gina 1<\/span><\/strong><\/address>\n<hr \/>\n<p style=\"text-align: justify;\"><span style=\"font-size: 10px;\">SILVA JR, A.R. Abordagem Din\u00e2mica: Atividade Profissional (Sa\u00fade Bucal): Cirurgi\u00e3o-Dentista. Encicl. Bras. Teleodontol., Volume 4 (S\u00e9rie A): p\u00e1gina 1, fevereiro, 2014. ISNN 2448-1181\u00a0<strong><br \/>\n<\/strong><\/span><\/p>\n<hr \/>\n<p style=\"text-align: justify;\"><span style=\"font-family: Arial;\">Exerc\u00edcio da<strong> Odontologia <\/strong>(<strong>Cirurgi\u00e3o-Dentista<\/strong>), no Brasil, \u00e9 regido pelo disposto da Lei (<\/span><span style=\"font-family: Arial;\"><span style=\"text-decoration: underline;\"><span style=\"color: #0000ff; text-decoration: underline;\"><strong><a style=\"color: #0000ff; text-decoration: underline;\" href=\"https:\/\/www.planalto.gov.br\/ccivil_03\/leis\/l5081.htm\">Lei n\u00ba 5.081<\/a><\/strong><\/span><\/span> de 1966<\/span><span style=\"font-family: Arial;\">) em todo territ\u00f3rio nacional. \u00c9 permitido ao cirurgi\u00e3o-dentista habilitado (escola ou faculdade oficial ou reconhecida) ap\u00f3s o registro do diploma na Diretoria do Ensino Superior, no Servi\u00e7o Nacional de Fiscaliza\u00e7\u00e3o da Odontologia, na reparti\u00e7\u00e3o sanit\u00e1ria estadual competente e inscri\u00e7\u00e3o no <strong>Conselho Regional de Odontologia<\/strong> sob cuja jurisdi\u00e7\u00e3o se achar o local de sua atividade. Condutas e procedimentos s\u00e3o\u00a0<\/span><span style=\"font-family: Arial;\">orientadas pelo <strong>Minist\u00e9rio da Educa\u00e7\u00e3o<\/strong>\u00a0(<\/span><span style=\"color: #0000ff;\"><strong style=\"font-family: Arial;\"><a style=\"color: #0000ff;\" href=\"http:\/\/portal.mec.gov.br\/\">MEC<\/a><\/strong><\/span><span style=\"font-family: Arial;\">) e\u00a0<\/span><span style=\"font-family: Arial;\"><strong>Conselho Federal de Odontologia<\/strong>\u00a0(<span style=\"color: #0000ff;\"><strong><a href=\"http:\/\/cfo.org.br\/\"><span style=\"color: #0000ff;\">CFO<\/span><\/a><\/strong><\/span>).\u00a0Atividade profissional foi ampliada com\u00a0o \u201cArt. 6\u00ba: <em>Compete ao cirurgi\u00e3o-dentista: III &#8230; justifica\u00e7\u00e3o de faltas ao emprego<\/em>.\u201d\u00a0 (<strong>BRASIL,\u00a0 1966 &#8211; <\/strong><span style=\"color: #0000ff;\"><strong><a style=\"color: #0000ff;\" href=\"http:\/\/www.planalto.gov.br\/ccivil_03\/leis\/1970-1979\/L6215.htm\">Lei n\u00ba 6.215<\/a><\/strong><\/span>). <\/span><\/p>\n<p style=\"text-align: justify;\"><span style=\"font-family: Arial;\"><strong>Abordagem Educacional<\/strong> (Curso de <\/span><span style=\"font-family: Arial;\">Odontologia) contribui para forma\u00e7\u00e3o acad\u00eamica (<strong>Projeto Pol\u00edtico Pedag\u00f3gico<\/strong>)<strong>\u00a0<\/strong>do Educando [<strong><span style=\"color: #0000ff;\"><a style=\"color: #0000ff;\" href=\"http:\/\/www.planalto.gov.br\/ccivil_03\/leis\/L9394.htm\">1<\/a><\/span><\/strong>, <strong><span style=\"color: #0000ff;\"><a style=\"color: #0000ff;\" href=\"http:\/\/www.planalto.gov.br\/ccivil_03\/leis\/L5081.htm\">2<\/a><\/span><\/strong>].\u00a0<\/span><span style=\"font-family: Arial;\"><strong>Abordagem Educacional<\/strong> do <strong>Educando<\/strong> (futuro profissional) com conhecimentos atualizados [<strong><span style=\"color: #0000ff;\"><a style=\"color: #0000ff;\" href=\"http:\/\/portal.mec.gov.br\/cne\/arquivos\/pdf\/CES032002.pdf\">3<\/a><\/span><\/strong>, <strong><span style=\"color: #0000ff;\"><a style=\"color: #0000ff;\" href=\"http:\/\/www.who.int\/classifications\/icd\/ICD10Volume2_en_2010.pdf\">4<\/a><\/span><\/strong>] e inovadores (<span style=\"text-decoration: underline;\"><strong><span style=\"color: #0000ff;\"><a style=\"color: #0000ff; text-decoration: underline;\" href=\"http:\/\/sites.usp.br\/ebt\/forp-m-p\/p\/2011-2\/\">PODAE<\/a><\/span><\/strong><\/span>) nos processos educacionais estimulando: habilidade,\u00a0compet\u00eancia, atitude comportamental e \u00e9tica.\u00a0<\/span><span style=\"font-family: Arial;\"><strong>Abordagem Educacional <\/strong>(<\/span><span style=\"font-family: Arial;\"><strong>Odontologia<\/strong>) contempla e estabelece as a\u00e7\u00f5es educad<\/span><span style=\"font-family: Arial;\"><span style=\"color: #0000ff;\"><span style=\"color: #000000;\">oras (<strong>Sistema Nacional de Avalia\u00e7\u00e3o da Educa\u00e7\u00e3o Superior &#8211;\u00a0<\/strong><span style=\"text-decoration: underline;\"><span style=\"color: #0000ff; text-decoration: underline;\"><strong style=\"color: #0000ff; text-decoration: underline;\"><a style=\"color: #0000ff; text-decoration: underline;\" href=\"http:\/\/portal.inep.gov.br\/superior-sinaes\">SINAES<\/a><\/strong><\/span><\/span>\u00a0&#8211; <strong>BRASIL<\/strong>, <span style=\"color: #0000ff;\"><strong><a style=\"color: #0000ff;\" href=\"http:\/\/www.planalto.gov.br\/ccivil_03\/_ato2004-2006\/2004\/lei\/l10.861.htm\">LEI\u00a0 <span style=\"text-decoration: underline;\">n\u00ba <\/span>10.861, 2004<\/a><\/strong><\/span>) <\/span><\/span><\/span><span style=\"font-family: Arial;\"><span style=\"color: #0000ff;\"><span style=\"color: #000000;\">avaliando <strong>Institui\u00e7\u00e3o Superior <\/strong>(<strong>IS<\/strong>),\u00a0Cursos e\u00a0<strong>Eixos Educacionais<\/strong> (E<\/span><\/span><\/span><span style=\"font-family: Arial;\"><span style=\"color: #0000ff;\"><span style=\"color: #000000;\">nsino, Pesquisa, Extens\u00e3o, Responsabilidade Social, Desempenho do Aluno, Gest\u00e3o da Institui\u00e7\u00e3o e Corpo Docente).\u00a0<\/span><\/span><\/span><span style=\"font-family: Arial;\"><span style=\"color: #0000ff;\"><span style=\"color: #000000;\"><strong>Exame Nacional de Desempenho de Estudantes<\/strong> (<span style=\"color: #0000ff;\"><a style=\"color: #0000ff;\" href=\"http:\/\/portal.inep.gov.br\/web\/guest\/enade\"><strong>ENADE<\/strong><\/a><\/span>\u00a0&#8211;\u00a0<strong>BRASIL<\/strong>, Portaria Normativa n\u00ba40 12\/12\/2007, Art. 33-D), at\u00e9 a presente data, avalia\u00a0desempenho (c<\/span><\/span><\/span><span style=\"font-family: Arial;\"><span style=\"color: #0000ff;\"><span style=\"color: #000000;\">onte\u00fado program\u00e1tico previsto na Diretriz Curricular, do respectivo Curso de Gradua\u00e7\u00e3o (<strong>Odontologia<\/strong>),\u00a0as habilidades e compet\u00eancias na forma\u00e7\u00e3o e<\/span><\/span><\/span><span style=\"font-family: Arial;\"><span style=\"color: #0000ff;\"><span style=\"color: #000000;\">studantil (Forma\u00e7\u00e3o Profissional &#8211; Cirurgi\u00e3o-Dentista). Utiliza-se \u00a0as informa\u00e7\u00f5es coletas (\u00d3rg\u00e3os Governamentais), e prop\u00f5e pol\u00edtica p\u00fablica quanto \u00e0 <strong>Realidade Educacional<\/strong> (Institui\u00e7\u00e3o Superior e Cursos\u00a0&#8211; &#8220;<strong><span style=\"color: #0000ff;\"><a href=\"http:\/\/portal.inep.gov.br\/web\/guest\/superior-condicoesdeensino\"><span style=\"color: #0000ff;\">Avalia\u00e7\u00e3o do Curso<\/span><\/a><\/span><\/strong>&#8221;\u00a0&#8211;\u00a0<\/span><\/span><\/span><span style=\"font-family: Arial;\"><strong>BRASIL<\/strong>, 1996, 2002).\u00a0O Educando deve atuar em <strong><span style=\"color: #0000ff;\"><a href=\"https:\/\/uspdigital.usp.br\/tycho\/gruposPesquisaListarAreasConhecimento?areaConhecimento=40200000&amp;nomeArea=Odontologia\"><span style=\"color: #0000ff;\">Grupos de Pesquisa\/USP<\/span><\/a><\/span><\/strong> (<strong><a href=\"http:\/\/cnpq.br\/\">CNpQ<\/a><\/strong>) e Centros de Pesquisas (<strong><span style=\"color: #0000ff;\"><a style=\"color: #0000ff;\" href=\"http:\/\/sites.usp.br\/laciro\/\">LACIRO<\/a><\/span><\/strong>) <\/span><span style=\"font-family: Arial;\">como fator desencadeante <\/span><span style=\"font-family: Arial;\">com orienta\u00e7\u00f5es dos conhecimentos estabelecidas pela <strong>Organiza\u00e7\u00e3o Mundial de Sa\u00fade<\/strong> (<strong><span style=\"color: #0000ff;\"><a href=\"http:\/\/www.who.int\/classifications\/icd\/en\/\"><span style=\"color: #0000ff;\">OMS<\/span><\/a><\/span><\/strong>) com base <strong><span style=\"color: #0000ff;\"><a href=\"http:\/\/sites.usp.br\/ebt\/wp-content\/uploads\/sites\/44\/2014\/11\/ICD10-2010.pdf\"><span style=\"color: #0000ff;\">CID-10<\/span><\/a><\/span><\/strong>.\u00a0<\/span><span style=\"font-family: Arial;\">Para fortalecer\u00a0as a\u00e7\u00f5es educacionais\u00a0(Ensino e o Aprendizado). O <strong>Educador<\/strong> deve estar ciente de conduzir com sensibilidade evidenciado pela &#8220;<span style=\"color: #0000ff;\"><strong><a style=\"color: #0000ff;\" href=\"http:\/\/sites.usp.br\/ebt\/forp-a-d\/a\/2011-teleodontologia-abordagem-educacional\/01-abordagem-educacional-arte-de-educar-1o-momento-ensinar-aprendizagem-significativa\/\">Arte de Ensinar<\/a><\/strong><\/span>&#8220;, para a melhoria da qualidade da <strong>Sa\u00fade Bucal<\/strong>.\u00a0O Cirurgi\u00e3o &#8211; Dentista<\/span><span style=\"font-family: Arial;\"> p<\/span><span style=\"font-family: Arial;\">ara complementar a sua forma\u00e7\u00e3o deve\u00a0participar de Programa de P\u00f3s-Gradua\u00e7\u00e3o, que auxilie a desenvolver os conhecimentos (<strong>Gest\u00e3o Educacional<\/strong>).<\/span><\/p>\n<hr \/>\n<p style=\"text-align: justify;\"><strong><span style=\"font-size: 10px;\">REFER\u00caNCIAS<\/span><\/strong><\/p>\n<div style=\"text-align: justify;\" align=\"justify\">\n<div align=\"justify\"><span style=\"font-size: 10px;\">1.\u00a0 BRASIL. Diretrizes e Bases da Educa\u00e7\u00e3o Nacional. Lei n\u00ba 9394 de 20\/12\/1996. Di\u00e1rio Oficial da Uni\u00e3o, Se\u00e7\u00e3o 1, de 23 de dezembro de 1996, p. 27833 [<span style=\"color: #0000ff;\"><strong><a style=\"color: #0000ff;\" href=\"http:\/\/www.planalto.gov.br\/ccivil_03\/leis\/L9394.htm\">Lei\u00a0 9.394<\/a><\/strong><\/span>].<\/span><\/div>\n<div align=\"justify\"><span style=\"font-size: 10px;\">2. BRASIL. Regula o Exerc\u00edcio da Odontologia. Lei n\u00ba 5.081 de 24\/08\/1966. Di\u00e1rio Oficial, Se\u00e7\u00e3o I. Parte I de 26 de agosto de 1966. [<strong><span style=\"color: #0000ff;\"><a style=\"color: #0000ff;\" href=\"http:\/\/www.planalto.gov.br\/ccivil_03\/leis\/L5081.htm\">Lei n\u00ba 5.081<\/a><\/span><\/strong>]<br \/>\n<\/span><\/div>\n<div align=\"justify\"><span style=\"font-size: 10px;\">3. BRASIL. Diretrizes Curriculares Nacionais do Curso de Gradua\u00e7\u00e3o em Odontologia, 2002. [<span style=\"color: #0000ff;\"><strong><a href=\"http:\/\/portal.mec.gov.br\/cne\/arquivos\/pdf\/CES032002.pdf\"><span style=\"color: #0000ff;\">Resolu\u00e7\u00e3o CNE\/CES 3<\/span><\/a><\/strong><\/span>].<\/span><\/div>\n<div align=\"justify\"><span style=\"font-size: 10px;\">4. World Health Organization: International Statistical Classification of Diseases and Related Health Problems, Tenth Revision Instruction Manual. Geneva, World Health Organization, 2004. [<span style=\"color: #0000ff;\"><strong><a href=\"http:\/\/www.who.int\/classifications\/icd\/ICD10Volume2_en_2010.pdf\"><span style=\"color: #0000ff;\">ICD<\/span><\/a><\/strong><\/span>] <\/span><\/div>\n<div align=\"justify\"><span style=\"font-size: 10px;\">4. World Health Organization. [<span style=\"color: #0000ff;\"><strong><a href=\"http:\/\/www.who.int\/en\/\"><span style=\"color: #0000ff;\">WHO<\/span><\/a><\/strong><\/span>]<br \/>\n<\/span><\/div>\n<div style=\"text-align: center;\" align=\"justify\">\n<address style=\"text-align: right;\">\n<hr \/>\n<hr \/>\n<\/address>\n<\/div>\n<\/div>\n<div style=\"text-align: left;\" align=\"center\">\n<div style=\"text-align: center;\" align=\"center\">\n<div align=\"justify\"><span style=\"font-size: 10px;\"><strong><span style=\"color: #ff0000;\">\u00a0<\/span>Publicado: 01\/02\/2014 &#8211; Enciclop\u00e9dia Brasileira de Teleodontologia &#8211; ISNN 2448-1181\u00a0<\/strong><\/span><\/div>\n<\/div>\n<hr \/>\n<\/div>\n","protected":false},"excerpt":{"rendered":"<p>\u2666 Amadeu Rodrigues da Silva J\u00fanior &#8211;\u00a0 E-mail(USP)\u00a0\u00a0&#8211; Curr\u00edculo Lattes &#8211; Indicador de Produ\u00e7\u00e3o\u00a0&#8211; WorldCat\u00a0 [&hellip;]<\/p>\n","protected":false},"author":58,"featured_media":0,"parent":3444,"menu_order":0,"comment_status":"closed","ping_status":"closed","template":"","meta":{"footnotes":"","_links_to":"","_links_to_target":""},"class_list":["post-13503","page","type-page","status-publish","hentry"],"_links":{"self":[{"href":"https:\/\/sites.usp.br\/podae\/index.php?rest_route=\/wp\/v2\/pages\/13503","targetHints":{"allow":["GET"]}}],"collection":[{"href":"https:\/\/sites.usp.br\/podae\/index.php?rest_route=\/wp\/v2\/pages"}],"about":[{"href":"https:\/\/sites.usp.br\/podae\/index.php?rest_route=\/wp\/v2\/types\/page"}],"author":[{"embeddable":true,"href":"https:\/\/sites.usp.br\/podae\/index.php?rest_route=\/wp\/v2\/users\/58"}],"replies":[{"embeddable":true,"href":"https:\/\/sites.usp.br\/podae\/index.php?rest_route=%2Fwp%2Fv2%2Fcomments&post=13503"}],"version-history":[{"count":1,"href":"https:\/\/sites.usp.br\/podae\/index.php?rest_route=\/wp\/v2\/pages\/13503\/revisions"}],"predecessor-version":[{"id":13504,"href":"https:\/\/sites.usp.br\/podae\/index.php?rest_route=\/wp\/v2\/pages\/13503\/revisions\/13504"}],"up":[{"embeddable":true,"href":"https:\/\/sites.usp.br\/podae\/index.php?rest_route=\/wp\/v2\/pages\/3444"}],"wp:attachment":[{"href":"https:\/\/sites.usp.br\/podae\/index.php?rest_route=%2Fwp%2Fv2%2Fmedia&parent=13503"}],"curies":[{"name":"wp","href":"https:\/\/api.w.org\/{rel}","templated":true}]}}