{"id":13698,"date":"2020-05-05T21:13:46","date_gmt":"2020-05-06T00:13:46","guid":{"rendered":"http:\/\/sites.usp.br\/podae\/?page_id=13698"},"modified":"2020-05-11T08:41:18","modified_gmt":"2020-05-11T11:41:18","slug":"13698-2","status":"publish","type":"page","link":"https:\/\/sites.usp.br\/podae\/?page_id=13698","title":{"rendered":"01 Editorial. 5\u00ba Boletim Educacional Online. Como Participar?"},"content":{"rendered":"<div style=\"text-align: left;\" align=\"center\">\n<div style=\"text-align: left;\" align=\"center\">\n<p style=\"text-align: center;\"><span style=\"color: #800080;\"><strong><span style=\"font-size: 16px;\"><span style=\"font-family: Arial;\">ENCICLOP\u00c9DIA BRASILEIRA DE TELEODONTOLOGIA<br \/>\n<\/span><\/span><\/strong><\/span><strong><span style=\"font-size: 12px;\"><span style=\"font-family: Arial;\">ISSN <span style=\"color: #0000ff;\"><a style=\"color: #0000ff;\" href=\"https:\/\/portal.issn.org\/resource\/ISSN\/2448-1181#\">2448-1181<\/a><\/span><\/span><\/span><\/strong><strong><span style=\"font-size: 12px;\"><span style=\"font-family: Arial;\"> \/ <span style=\"color: #0000ff;\"><a style=\"color: #0000ff;\" href=\"https:\/\/sites.usp.br\/podae\/wp-content\/uploads\/sites\/36\/2019\/06\/Encicl.-Bras.Teleodontol.jpg\">SIBi<\/a><\/span> \/ <a href=\"https:\/\/sites.usp.br\/podae\/?page_id=3320\"><span style=\"color: #0000ff;\">Expediente<\/span><\/a> \/ Fasc\u00edculos <\/span><\/span><\/strong><span style=\"font-size: 12px;\"><span style=\"font-family: Arial;\">(<\/span><\/span><strong><span style=\"font-size: 12px;\"><span style=\"font-family: Arial;\"><span style=\"color: #0000ff;\"><a style=\"color: #0000ff;\" href=\"https:\/\/sites.usp.br\/podae\/?page_id=120\">A-Z<\/a><\/span><\/span><\/span><\/strong><span style=\"font-size: 12px;\"><span style=\"font-family: Arial;\">)<\/span><\/span><strong><span style=\"font-size: 12px;\"><span style=\"font-family: Arial;\"><br \/>\n<\/span><\/span><\/strong><strong><span style=\"font-size: 12px;\"><span style=\"font-family: Arial;\"> Polo de Odontologia Digital Aplicado \u00e0 Educa\u00e7\u00e3o <\/span><\/span><\/strong><span style=\"font-size: 12px;\"><span style=\"font-family: Arial;\">(<\/span><\/span><strong><span style=\"font-size: 12px;\"><span style=\"font-family: Arial;\"><a href=\"https:\/\/sites.usp.br\/podae\/?page_id=89\"><span style=\"color: #0000ff;\">PODAE<\/span><\/a><\/span><\/span><\/strong><span style=\"font-size: 12px;\"><span style=\"font-family: Arial;\"><span style=\"color: #0000ff;\">)<\/span><\/span><\/span><strong><span style=\"font-size: 12px;\"><span style=\"font-family: Arial;\"><span style=\"color: #0000ff;\">: <\/span><a href=\"https:\/\/www.forp.usp.br\/\"><span style=\"color: #0000ff;\">FORP<\/span><\/a> \/ <span style=\"color: #0000ff;\"><a style=\"color: #0000ff;\" href=\"https:\/\/www5.usp.br\/\">USP<\/a><\/span><\/span><\/span><\/strong> <strong><span style=\"font-size: 12px;\"><span style=\"font-family: Arial;\"><br \/>\n<\/span><\/span><\/strong><a href=\"https:\/\/sites.usp.br\/podae\/?page_id=10311\"><strong><span style=\"font-size: 14px;\"><span style=\"font-family: Arial;\"><span style=\"color: #0000ff;\"><em><span style=\"color: #000000;\"><span style=\"text-decoration: underline; color: #0000ff;\">5\u00ba Boletim Educacional Online<\/span><\/span><\/em><\/span><\/span><\/span><\/strong><\/a><strong><span style=\"font-size: 12px;\"><span style=\"font-family: Arial;\"><br \/>\n<\/span><\/span><\/strong><span style=\"color: #000000;\"><strong><span style=\"font-size: 10px;\"><span style=\"color: #ff0000; font-size: 14px;\">\u2666<\/span> <\/span><\/strong><\/span><span style=\"color: #000000;\"><strong><span style=\"font-size: 10px;\"><span style=\"text-decoration: underline;\">SUM\u00c1RIOS<\/span><\/span><\/strong><\/span><strong><span style=\"font-size: 12px;\"><span style=\"font-family: Arial;\">: <\/span><\/span><\/strong><span style=\"color: #000000;\"><strong><span style=\"font-size: 10px;\"><a href=\"https:\/\/sites.usp.br\/podae\/?page_id=3290\"><span style=\"color: #0000ff;\"><span style=\"color: #0000ff;\">Fasc\u00edculo B<\/span><\/span><\/a> e <a href=\"https:\/\/sites.usp.br\/podae\/?page_id=4008\"><span style=\"color: #0000ff;\">Suplemento Anual <\/span><\/a><\/span><\/strong><\/span><\/p>\n<hr style=\"width: 321px;\" \/>\n<hr style=\"width: 321px;\" \/>\n<\/div>\n<hr \/>\n<address style=\"text-align: right;\"><strong><span style=\"font-size: 12px;\"><span style=\"font-family: Arial;\"><span style=\"color: #0000ff;\"><span style=\"color: #000000;\">p\u00e1gina 1<\/span><\/span><\/span><\/span><\/strong><\/address>\n<hr \/>\n<p style=\"text-align: justify;\"><span style=\"font-family: Arial;\"><strong>5\u00ba Boletim Educacional Online <\/strong>est\u00e1 sob supervis\u00e3o da <strong>Equipe <\/strong>(<strong><a href=\"https:\/\/sites.usp.br\/podae\/?page_id=3320\"><span style=\"color: #0000ff;\">Expedient<\/span>e<\/a><\/strong>) e <\/span><strong style=\"font-family: Arial;\">Corpo Editorial<\/strong> <span style=\"font-family: Arial;\">do <strong>Polo de Odontologia Digital Aplicado \u00e0 Educa\u00e7\u00e3o <\/strong>(<strong><span style=\"color: #0000ff;\"><a style=\"color: #0000ff;\" href=\"https:\/\/sites.usp.br\/podae\/\">PODA<\/a><\/span>E<\/strong>) associados <\/span><span style=\"font-family: Arial;\">com <\/span><span style=\"font-family: Arial;\"><strong>A\u00e7\u00f5es Educadoras <\/strong>das <strong>Multiplataformas Digitais: <\/strong><strong>Enciclop\u00e9dia Brasileira de Teleodontologia<\/strong> (<a href=\"https:\/\/portal.issn.org\/resource\/ISSN\/2448-1181#\"><strong><span style=\"color: #0000ff;\">ISSN PORTAL<\/span><\/strong><\/a>: <strong>2448-1181<\/strong> \u2013 <em><strong>Encicl. Bras. Teleodontol.<\/strong><\/em> \/ <span style=\"color: #0000ff;\"><a style=\"color: #0000ff;\" href=\"https:\/\/sites.usp.br\/podae\/wp-content\/uploads\/sites\/36\/2019\/06\/Encicl.-Bras.Teleodontol.jpg\"><strong>SIB<\/strong>I<\/a><\/span>) e da <strong>Revista Brasileira de Teleodontologia<\/strong> (<a href=\"https:\/\/portal.issn.org\/resource\/ISSN\/1809-0745#\"><span style=\"color: #0000ff;\"><strong>ISSN PORTA<\/strong>L<\/span><\/a>: <strong>1809-0745<\/strong> \u2013 <em><strong>Rev. Bras. Teleodontol<\/strong><\/em>. <strong><span style=\"color: #0000ff;\">\/ <a style=\"color: #0000ff;\" href=\"https:\/\/www.latindex.org\/latindex\/ficha?folio=15258\">LATINDEX<\/a><\/span><\/strong>). <\/span><span style=\"font-family: Arial;\">Estas parcerias contribuem com as <strong>Estrat\u00e9gicas Midi\u00e1ticas<\/strong> (<strong>Inova\u00e7\u00f5es Tecnol\u00f3gicas<\/strong> &#8211; IT) com o <strong>Foco Educacional<\/strong>:<strong> Miss\u00e3o<\/strong>, <strong>Vis\u00e3<\/strong>o e <strong>Valores.<\/strong><\/span><\/p>\n<p style=\"text-align: justify;\"><span style=\"font-family: Arial;\"><strong>Miss\u00e3o:<\/strong> Contribuir na <strong>Forma\u00e7\u00e3o Acad\u00eamica<\/strong> e<strong> Profissional<\/strong> (\u00c1rea da Sa\u00fade: <strong>Odontologia<\/strong>) estimulando a <strong>Inclus\u00e3o Digital<\/strong> e a <strong>Discuss\u00e3o Participativa<\/strong> (<strong>Di\u00e1logo Interativo<\/strong>) estimulando o &#8220;Saber&#8221;<strong>.<\/strong><br \/>\n<\/span><\/p>\n<p style=\"text-align: justify;\"><span style=\"font-family: Arial;\"><strong>Vis\u00e3o<\/strong><strong>:<\/strong> Ampliar os conhecimentos cient\u00edficos (<strong>Educa\u00e7\u00e3o Baseado em Evid\u00eancias<\/strong> &#8211; <strong>EBE<\/strong>). Gerar e Motivar as continuas a\u00e7\u00f5es pedag\u00f3gicas (&#8220;buscar&#8217; e &#8220;procurar&#8221;) com atualiza\u00e7\u00f5es disponibilizadas (Livre Acesso) nos <strong>Multimeios Digitais<\/strong> (<strong>Tecnologia da Informa\u00e7\u00e3o<\/strong> &#8211; TI) na <strong>World Wide Web<\/strong> (WWW): <strong>Rede Mundial de Computador<\/strong> (&#8220;Internet&#8221;).<br \/>\n<\/span><\/p>\n<p style=\"text-align: justify;\"><span style=\"font-family: Arial;\"><strong>Valores<\/strong>: <\/span><span style=\"font-family: Arial;\">Gerar e despertar as <strong>A\u00e7\u00f5es \u00c9ticas <\/strong><\/span><span style=\"font-family: Arial;\"> com as informa\u00e7\u00f5es (t\u00e9cnicas e\/ou cient\u00edficas) enviadas por Educadores, Educando e Pesquisadores.<\/span><\/p>\n<p style=\"text-align: justify;\"><span style=\"font-family: Arial;\"><strong> Formata\u00e7\u00e3o: <\/strong>&#8220;<strong>Hipertexto<\/strong>&#8221; (<\/span><span style=\"font-family: Arial;\"><strong>Titulo,<\/strong> <strong>Conte\u00fado e Refer\u00eancias<\/strong>) relacionados ao &#8220;<strong><span style=\"font-size: 14px;\"><span style=\"font-size: 15px;\"><em><span style=\"color: #000000;\"><span style=\"text-decoration: underline;\">Tema do Evento<\/span><\/span><\/em><\/span><\/span><\/strong>&#8220;. S\u00e3o disponibilizados (<em>publicados periodicamente<\/em>), em meses espec\u00edficos objetivando o amplo Debate Cient\u00edfico e a Intersec\u00e7\u00e3o Educacional: <strong>\u00c1rea da Sa\u00fade<\/strong> (\u00c1reas Correlatas: <em>Humanas<\/em> e<em> Exatas<\/em>). <\/span><span style=\"font-family: Arial;\"><strong>Formata\u00e7\u00e3o <\/strong>compat\u00edvel com os crit\u00e9rios da <strong>Proposta Pedag\u00f3gica Educacional<\/strong> (&#8220;<a href=\"https:\/\/sites.usp.br\/podae\/?page_id=3395\"><strong><span style=\"color: #0000ff;\">Normas de Publica\u00e7\u00e3o<\/span><\/strong><\/a>&#8220;). O Autor Respons\u00e1vel dever\u00e1 enviar: <strong><em>arquivo.doc<\/em><\/strong> (<strong>Editor Chefe<\/strong>): <a href=\"https:\/\/sites.usp.br\/podae\/?page_id=3323\"><em><strong><span style=\"color: #0000ff;\">E-Mail<\/span><\/strong><\/em><\/a> <\/span><\/p>\n<p style=\"text-align: justify;\"><span style=\"font-family: Arial;\"><strong>Procedimentos: <\/strong>Avalia\u00e7\u00f5es Volunt\u00e1rias dos <a href=\"https:\/\/sites.usp.br\/podae\/?page_id=3336\"><strong><span style=\"color: #0000ff;\">Pareceristas<\/span><\/strong><\/a>. Analisar\u00e3o o &#8220;<strong>Texto Online<\/strong>&#8220;: 1) Aprova\u00e7\u00e3o, 2) Reprova\u00e7\u00e3o, 3) Reformula\u00e7\u00e3o (Reenviar em 7 dias). <\/span><span style=\"font-family: Arial;\"><strong><span style=\"color: #000000;\">Publica\u00e7\u00e3o Online<\/span>: Anual<\/strong> (<strong><span style=\"color: #0000ff;\"><a style=\"color: #0000ff;\" href=\"https:\/\/sites.usp.br\/podae\/?page_id=120\">Fasciculos<\/a><\/span><\/strong>) e\/ou <strong><span style=\"color: #0000ff;\"><a style=\"color: #0000ff;\" href=\"https:\/\/sites.usp.br\/podae\/?page_id=10595\"><em>Suplemento<\/em><\/a><\/span><\/strong>) e na <em>Ordem de Recebimento<\/em> e devida aceita\u00e7\u00e3o.\u00a0<\/span><\/p>\n<p style=\"text-align: center;\"><span style=\"font-family: Arial;\"><strong><span style=\"font-size: 14px;\"><span style=\"font-size: 15px;\"><em><span style=\"color: #000000;\"><span style=\"text-decoration: underline;\">Data Limite<\/span><\/span><\/em><\/span><\/span><\/strong>: <strong>2015<\/strong><\/span><\/p>\n<ul>\n<li style=\"text-align: justify;\"><span style=\"font-family: Arial;\">1\u00ba Semestre (at\u00e9 30 Janeiro)<\/span><\/li>\n<li style=\"text-align: justify;\"><span style=\"font-family: Arial;\">2\u00ba Semestre (at\u00e9 31 de Junho)<br \/>\n<\/span><\/li>\n<\/ul>\n<p>&nbsp;<\/p>\n<p style=\"text-align: justify;\"><span style=\"font-family: Arial;\">Neste s\u00e9culo XXI a modernidade tecnol\u00f3gica \u00e9 uma das <strong>Ferramentas Midi\u00e1ticas <\/strong>conduzindo para os conhecimentos digitais ampliando as <strong>Atua\u00e7\u00f5es Educacionai<\/strong>s e <strong>Orienta\u00e7\u00f5es Profissionais<\/strong> estimulando as <strong>A\u00e7\u00f5es Participativas<\/strong>.<\/span><\/p>\n<p style=\"text-align: right;\"><span style=\"font-family: Arial;\"><strong>Equipe Editorial<\/strong><\/span><\/p>\n<hr \/>\n<div align=\"justify\"><span style=\"font-size: 10px;\"><strong><span style=\"text-decoration: underline;\">Recebido<\/span><\/strong> (1\u00aa Reuni\u00e3o da Equipe Online): 5\/12\/2014 &#8211; <strong><span style=\"text-decoration: underline;\">Publicado<\/span><\/strong> 1\/1\/2015 <\/span><\/div>\n<div style=\"text-align: center;\" align=\"justify\">\n<hr \/>\n<hr \/>\n<p><strong><span style=\"font-size: 12px;\"><span style=\"font-family: Arial;\"><span style=\"font-size: 10px;\"><strong>Encicl. Bras. Teledontol<\/strong>. <strong>ISSN 2448-1181 <\/strong><\/span><\/span><\/span><\/strong><\/p>\n<\/div>\n<div style=\"text-align: left;\" align=\"center\">\n<hr \/>\n<\/div>\n<\/div>\n","protected":false},"excerpt":{"rendered":"<p>ENCICLOP\u00c9DIA BRASILEIRA DE TELEODONTOLOGIA ISSN 2448-1181 \/ SIBi \/ Expediente \/ Fasc\u00edculos (A-Z) Polo de [&hellip;]<\/p>\n","protected":false},"author":58,"featured_media":0,"parent":10311,"menu_order":0,"comment_status":"closed","ping_status":"closed","template":"","meta":{"footnotes":"","_links_to":"","_links_to_target":""},"class_list":["post-13698","page","type-page","status-publish","hentry"],"_links":{"self":[{"href":"https:\/\/sites.usp.br\/podae\/index.php?rest_route=\/wp\/v2\/pages\/13698","targetHints":{"allow":["GET"]}}],"collection":[{"href":"https:\/\/sites.usp.br\/podae\/index.php?rest_route=\/wp\/v2\/pages"}],"about":[{"href":"https:\/\/sites.usp.br\/podae\/index.php?rest_route=\/wp\/v2\/types\/page"}],"author":[{"embeddable":true,"href":"https:\/\/sites.usp.br\/podae\/index.php?rest_route=\/wp\/v2\/users\/58"}],"replies":[{"embeddable":true,"href":"https:\/\/sites.usp.br\/podae\/index.php?rest_route=%2Fwp%2Fv2%2Fcomments&post=13698"}],"version-history":[{"count":4,"href":"https:\/\/sites.usp.br\/podae\/index.php?rest_route=\/wp\/v2\/pages\/13698\/revisions"}],"predecessor-version":[{"id":13716,"href":"https:\/\/sites.usp.br\/podae\/index.php?rest_route=\/wp\/v2\/pages\/13698\/revisions\/13716"}],"up":[{"embeddable":true,"href":"https:\/\/sites.usp.br\/podae\/index.php?rest_route=\/wp\/v2\/pages\/10311"}],"wp:attachment":[{"href":"https:\/\/sites.usp.br\/podae\/index.php?rest_route=%2Fwp%2Fv2%2Fmedia&parent=13698"}],"curies":[{"name":"wp","href":"https:\/\/api.w.org\/{rel}","templated":true}]}}