{"id":1388,"date":"2014-08-18T16:05:47","date_gmt":"2014-08-18T19:05:47","guid":{"rendered":"http:\/\/sites.usp.br\/podae\/?page_id=1388"},"modified":"2014-08-18T16:23:48","modified_gmt":"2014-08-18T19:23:48","slug":"morfologia-fisiologia-e-patologia-basicarotese","status":"publish","type":"page","link":"https:\/\/sites.usp.br\/podae\/?page_id=1388","title":{"rendered":"Morfologia, Fisiologia e Patologia B\u00e1sica"},"content":{"rendered":"<p>&nbsp;<\/p>\n<table width=\"100%\" border=\"0\" cellspacing=\"0\" cellpadding=\"0\">\n<tbody>\n<tr>\n<td><\/td>\n<td align=\"center\" width=\"5%\"><\/td>\n<\/tr>\n<tr>\n<td><a href=\"http:\/\/podae.forp.usp.br\/index.php?option=com_content&amp;task=view&amp;id=426&amp;Itemid=18\">* Tecido Conjuntivo <\/a><\/td>\n<td align=\"center\"><\/td>\n<\/tr>\n<tr>\n<td><a href=\"http:\/\/podae.forp.usp.br\/index.php?option=com_content&amp;task=view&amp;id=425&amp;Itemid=18\">* Tecido Epitelial Glandular <\/a><\/td>\n<td align=\"center\"><\/td>\n<\/tr>\n<tr>\n<td><a href=\"http:\/\/podae.forp.usp.br\/index.php?option=com_content&amp;task=view&amp;id=290&amp;Itemid=18\">* Pr\u00e1tica: G\u00f4nadas <\/a><\/td>\n<td align=\"center\"><\/td>\n<\/tr>\n<tr>\n<td><a href=\"http:\/\/podae.forp.usp.br\/index.php?option=com_content&amp;task=view&amp;id=285&amp;Itemid=18\">* Histologia da ATM <\/a><\/td>\n<td align=\"center\"><\/td>\n<\/tr>\n<tr>\n<td><a href=\"http:\/\/podae.forp.usp.br\/index.php?option=com_content&amp;task=view&amp;id=274&amp;Itemid=18\">* Odontog\u00eanese <\/a><\/td>\n<td align=\"center\"><\/td>\n<\/tr>\n<tr>\n<td><a href=\"http:\/\/podae.forp.usp.br\/index.php?option=com_content&amp;task=view&amp;id=225&amp;Itemid=18\">* Gl\u00e2ndulas Salivares <\/a><\/td>\n<td align=\"center\"><\/td>\n<\/tr>\n<tr>\n<td><a href=\"http:\/\/podae.forp.usp.br\/index.php?option=com_content&amp;task=view&amp;id=206&amp;Itemid=18\">* Amelog\u00eanese e Esmalte Dent\u00e1rio <\/a><\/td>\n<td align=\"center\"><\/td>\n<\/tr>\n<tr>\n<td><a href=\"http:\/\/podae.forp.usp.br\/index.php?option=com_content&amp;task=view&amp;id=199&amp;Itemid=18\">* Prote\u00ednas e Proteases <\/a><\/td>\n<td align=\"center\"><\/td>\n<\/tr>\n<tr>\n<td><a href=\"http:\/\/podae.forp.usp.br\/index.php?option=com_content&amp;task=view&amp;id=151&amp;Itemid=18\">* Bioinform\u00e1tica <\/a><\/td>\n<td align=\"center\"><\/td>\n<\/tr>\n<tr>\n<td><a href=\"http:\/\/podae.forp.usp.br\/index.php?option=com_content&amp;task=view&amp;id=140&amp;Itemid=18\">* Clonagem e Produ\u00e7\u00e3o de Prote\u00ednas Recombinantes <\/a><\/td>\n<td align=\"center\"><\/td>\n<\/tr>\n<tr>\n<td><a href=\"http:\/\/podae.forp.usp.br\/index.php?option=com_content&amp;task=view&amp;id=135&amp;Itemid=18\">* Uso do Sistema SDS-PAGE para separa\u00e7\u00e3o de prote\u00ednas por eletroforese <\/a><\/td>\n<\/tr>\n<\/tbody>\n<\/table>\n","protected":false},"excerpt":{"rendered":"<p>&nbsp; * Tecido Conjuntivo * Tecido Epitelial Glandular * Pr\u00e1tica: G\u00f4nadas * Histologia da ATM [&hellip;]<\/p>\n","protected":false},"author":58,"featured_media":0,"parent":290,"menu_order":0,"comment_status":"closed","ping_status":"closed","template":"","meta":{"footnotes":"","_links_to":"","_links_to_target":""},"class_list":["post-1388","page","type-page","status-publish","hentry"],"_links":{"self":[{"href":"https:\/\/sites.usp.br\/podae\/index.php?rest_route=\/wp\/v2\/pages\/1388","targetHints":{"allow":["GET"]}}],"collection":[{"href":"https:\/\/sites.usp.br\/podae\/index.php?rest_route=\/wp\/v2\/pages"}],"about":[{"href":"https:\/\/sites.usp.br\/podae\/index.php?rest_route=\/wp\/v2\/types\/page"}],"author":[{"embeddable":true,"href":"https:\/\/sites.usp.br\/podae\/index.php?rest_route=\/wp\/v2\/users\/58"}],"replies":[{"embeddable":true,"href":"https:\/\/sites.usp.br\/podae\/index.php?rest_route=%2Fwp%2Fv2%2Fcomments&post=1388"}],"version-history":[{"count":4,"href":"https:\/\/sites.usp.br\/podae\/index.php?rest_route=\/wp\/v2\/pages\/1388\/revisions"}],"predecessor-version":[{"id":1404,"href":"https:\/\/sites.usp.br\/podae\/index.php?rest_route=\/wp\/v2\/pages\/1388\/revisions\/1404"}],"up":[{"embeddable":true,"href":"https:\/\/sites.usp.br\/podae\/index.php?rest_route=\/wp\/v2\/pages\/290"}],"wp:attachment":[{"href":"https:\/\/sites.usp.br\/podae\/index.php?rest_route=%2Fwp%2Fv2%2Fmedia&parent=1388"}],"curies":[{"name":"wp","href":"https:\/\/api.w.org\/{rel}","templated":true}]}}