{"id":1390,"date":"2014-08-18T16:06:04","date_gmt":"2014-08-18T19:06:04","guid":{"rendered":"http:\/\/sites.usp.br\/podae\/?page_id=1390"},"modified":"2014-08-18T16:09:46","modified_gmt":"2014-08-18T19:09:46","slug":"odontologia-restauradora","status":"publish","type":"page","link":"https:\/\/sites.usp.br\/podae\/?page_id=1390","title":{"rendered":"Odontologia Restauradora"},"content":{"rendered":"<p>&nbsp;<\/p>\n<p>&nbsp;<\/p>\n<table width=\"100%\" border=\"0\" cellspacing=\"0\" cellpadding=\"0\">\n<tbody>\n<tr>\n<td>T\u00edtulo<\/td>\n<td align=\"center\" width=\"5%\"><\/td>\n<\/tr>\n<tr>\n<td><a href=\"http:\/\/podae.forp.usp.br\/index.php?option=com_content&amp;task=view&amp;id=271&amp;Itemid=18\">* T\u00e9cnica de clareamento dental <\/a><\/td>\n<td align=\"center\"><\/td>\n<\/tr>\n<tr>\n<td><a href=\"http:\/\/podae.forp.usp.br\/index.php?option=com_content&amp;task=view&amp;id=19&amp;Itemid=18\">* Dent\u00edstica: Trans-canino-lateral <\/a><\/td>\n<td align=\"center\"><\/td>\n<\/tr>\n<tr>\n<td><a href=\"http:\/\/podae.forp.usp.br\/index.php?option=com_content&amp;task=view&amp;id=18&amp;Itemid=18\">* Dent\u00edstica: Reanatomiza\u00e7\u00e3o <\/a><\/td>\n<td align=\"center\"><\/td>\n<\/tr>\n<tr>\n<td><a href=\"http:\/\/podae.forp.usp.br\/index.php?option=com_content&amp;task=view&amp;id=17&amp;Itemid=18\">* Universal Post Remover <\/a><\/td>\n<td align=\"center\"><\/td>\n<\/tr>\n<tr>\n<td><a href=\"http:\/\/podae.forp.usp.br\/index.php?option=com_content&amp;task=view&amp;id=16&amp;Itemid=18\">* FreeTip Preparation <\/a><\/td>\n<td align=\"center\"><\/td>\n<\/tr>\n<tr>\n<td><a href=\"http:\/\/podae.forp.usp.br\/index.php?option=com_content&amp;task=view&amp;id=15&amp;Itemid=18\">* Articulador JP 30 <\/a><\/td>\n<td align=\"center\"><\/td>\n<\/tr>\n<\/tbody>\n<\/table>\n","protected":false},"excerpt":{"rendered":"<p>&nbsp; &nbsp; T\u00edtulo * T\u00e9cnica de clareamento dental * Dent\u00edstica: Trans-canino-lateral * Dent\u00edstica: Reanatomiza\u00e7\u00e3o * [&hellip;]<\/p>\n","protected":false},"author":58,"featured_media":0,"parent":290,"menu_order":0,"comment_status":"closed","ping_status":"closed","template":"","meta":{"footnotes":"","_links_to":"","_links_to_target":""},"class_list":["post-1390","page","type-page","status-publish","hentry"],"_links":{"self":[{"href":"https:\/\/sites.usp.br\/podae\/index.php?rest_route=\/wp\/v2\/pages\/1390","targetHints":{"allow":["GET"]}}],"collection":[{"href":"https:\/\/sites.usp.br\/podae\/index.php?rest_route=\/wp\/v2\/pages"}],"about":[{"href":"https:\/\/sites.usp.br\/podae\/index.php?rest_route=\/wp\/v2\/types\/page"}],"author":[{"embeddable":true,"href":"https:\/\/sites.usp.br\/podae\/index.php?rest_route=\/wp\/v2\/users\/58"}],"replies":[{"embeddable":true,"href":"https:\/\/sites.usp.br\/podae\/index.php?rest_route=%2Fwp%2Fv2%2Fcomments&post=1390"}],"version-history":[{"count":2,"href":"https:\/\/sites.usp.br\/podae\/index.php?rest_route=\/wp\/v2\/pages\/1390\/revisions"}],"predecessor-version":[{"id":1394,"href":"https:\/\/sites.usp.br\/podae\/index.php?rest_route=\/wp\/v2\/pages\/1390\/revisions\/1394"}],"up":[{"embeddable":true,"href":"https:\/\/sites.usp.br\/podae\/index.php?rest_route=\/wp\/v2\/pages\/290"}],"wp:attachment":[{"href":"https:\/\/sites.usp.br\/podae\/index.php?rest_route=%2Fwp%2Fv2%2Fmedia&parent=1390"}],"curies":[{"name":"wp","href":"https:\/\/api.w.org\/{rel}","templated":true}]}}