{"id":14397,"date":"2020-05-26T11:02:36","date_gmt":"2020-05-26T14:02:36","guid":{"rendered":"http:\/\/sites.usp.br\/podae\/?page_id=14397"},"modified":"2020-05-26T11:10:28","modified_gmt":"2020-05-26T14:10:28","slug":"diagnostico-ortopantomografia-digital-contribuicao-ao-ensino-e-aprendizado","status":"publish","type":"page","link":"https:\/\/sites.usp.br\/podae\/?page_id=14397","title":{"rendered":"Diagn\u00f3stico: Ortopantomografia Digital &#8211; Contribui\u00e7\u00e3o ao Ensino e Aprendizado"},"content":{"rendered":"<address>\n<address style=\"text-align: justify;\"><span style=\"color: #ff0000;\"><span style=\"color: #ff0000;\"><span style=\"font-size: 10px;\"><strong><span style=\"color: #0000ff;\"><span style=\"color: #ff0000;\"><strong><span style=\"font-size: 10px;\"><span style=\"color: #0000ff;\"><span style=\"color: #000000; font-size: 14px;\"><em>Gunther Ricardo Bertolini &#8211; <span style=\"font-size: 9px;\"><a href=\"http:\/\/buscatextual.cnpq.br\/buscatextual\/email.do?metodo=apresentar&amp;seqIdPessoa=150644991&amp;nomeDestinatario=Gunther_Ricardo_Bertolini\"><span style=\"color: #0000ff;\">E-mail<\/span> <\/a> &#8211; <\/span><\/em><\/span><\/span><\/span><\/strong><\/span><\/span><\/strong><\/span><\/span><\/span><span style=\"font-size: 10px;\"><a href=\"http:\/\/lattes.cnpq.br\/3201739957965138\"><span style=\"color: #ff0000;\"><span style=\"color: #ff0000;\"><strong><span style=\"color: #0000ff;\"><span style=\"color: #ff0000;\"><strong><span style=\"color: #0000ff;\"><span style=\"color: #000000;\"><em><span style=\"color: #0000ff;\">Curr\u00edculo Latt<\/span><span style=\"color: #0000ff;\">e<\/span>s<\/em><\/span><\/span><\/strong><\/span><\/span><\/strong><\/span><\/span><\/a><\/span><span style=\"color: #ff0000;\"><span style=\"color: #ff0000;\"><span style=\"font-size: 10px;\"><strong><span style=\"color: #0000ff;\"><span style=\"color: #ff0000;\"><strong><span style=\"font-size: 10px;\"><span style=\"color: #0000ff;\"><br \/>\n<\/span><\/span><\/strong><\/span><\/span><\/strong><\/span><\/span><\/span><\/address>\n<address style=\"text-align: justify;\"><span style=\"color: #ff0000;\"><span style=\"color: #ff0000;\"><span style=\"font-size: 10px;\"><strong><span style=\"color: #0000ff;\"><span style=\"color: #ff0000;\"><strong><span style=\"font-size: 10px;\"><span style=\"color: #0000ff;\"><em><span style=\"color: #000000; font-size: 14px;\">Luiz Carlos Pardini <\/span><\/em><span style=\"color: #000000; font-size: 14px;\"><em><span style=\"font-size: 9px;\"><span style=\"color: #0000ff;\"><a style=\"color: #0000ff;\" href=\"http:\/\/buscatextual.cnpq.br\/buscatextual\/email.do?metodo=apresentar&amp;seqIdPessoa=396158&amp;nomeDestinatario=Luiz_Carlos_Pardini\">E<span style=\"color: #0000ff;\">-mail<\/span><\/a> &#8211;<\/span> <a style=\"color: #0000ff;\" href=\"http:\/\/lattes.cnpq.br\/5853462846099775\">Curr\u00edculo Lattes<\/a> &#8211; <span style=\"color: #0000ff;\"><a style=\"color: #0000ff;\" href=\"http:\/\/sites.usp.br\/ebt\/forp-expediente-encicl-bras-teleodontol\/parecerista-relator-consultor-avaliador\/luiz-carlos-pardini\/\">Informa\u00e7\u00f5es Adicionais<\/a><\/span><\/span><span style=\"color: #0000ff;\"><br \/>\n<\/span><\/em><\/span><\/span><\/span><\/strong><\/span><\/span><\/strong><\/span><\/span><\/span><\/address>\n<\/address>\n<address>\n<address style=\"text-align: right;\">\n<hr style=\"width: 321px;\" \/>\n<\/address>\n<\/address>\n<hr \/>\n<address style=\"text-align: right;\"><strong><span style=\"font-size: 12px;\"><span style=\"font-size: 10px;\">p\u00e1gina 1<\/span><br \/>\n<\/span><\/strong><\/address>\n<hr \/>\n<p><span style=\"color: #ff0000; font-size: 16px;\"><span style=\"color: #ff0000; font-size: 16px;\">\u2666 <\/span><\/span><span style=\"color: #000000; font-family: Arial;\"><span style=\"font-size: 12px; line-height: 18px;\">BERTOLINI, G.. PARDINI, L.C. Diagn\u00f3stico Odontol\u00f3gico: A\u00e7\u00f5es Compartilhadas (Radiologia e Pr\u00f3tese). Encicl. Bras.Teleodontol., Volume 8 (<span style=\"color: #0000ff;\"><span style=\"color: #000000;\">S\u00e9rie<\/span>\u00a0<\/span><span style=\"color: #0000ff;\">D<\/span>): p\u00e1gina 1, setembro, 2018. Suplemento. ISSN 2448-1181 <\/span><\/span><\/p>\n<hr \/>\n<p style=\"text-align: justify;\"><span style=\"font-family: Arial;\"> Exame Radiogr\u00e1fico contribui para a elabora\u00e7\u00e3o do Diagn\u00f3stico, Planejamento, Progn\u00f3stico e Tratamento da Disfun\u00e7\u00f5es Temporomandibular (ATM).<br \/>\n<\/span><\/p>\n<div align=\"justify\">\n<p><span style=\"font-family: Arial;\">A Ortopantomografia (Radiografia panor\u00e2mica) fornece imagem do Complexo Dento-Maxilo-Faciai auxiliando o Cirurgi\u00e3o -Dentista [1,2,3,4].<br \/>\n<\/span><\/p>\n<\/div>\n<hr \/>\n<div style=\"font-size: 12px;\" align=\"justify\">\n<div align=\"justify\">\n<div align=\"justify\">\n<table class=\"mceVisualAid\" style=\"height: 369px;\" border=\"0\" width=\"665\">\n<tbody>\n<tr>\n<td class=\"http:\/\/sites.usp.br\/ebt\/wp-content\/uploads\/sites\/44\/2018\/05\/Teste1e.jpg\"><a href=\"http:\/\/sites.usp.br\/ebt\/wp-content\/uploads\/sites\/44\/2019\/01\/IMG_8754.jpg\"><img loading=\"lazy\" decoding=\"async\" class=\"alignnone wp-image-34769\" src=\"http:\/\/sites.usp.br\/ebt\/wp-content\/uploads\/sites\/44\/2019\/01\/IMG_8754.jpg\" alt=\"\" width=\"256\" height=\"384\" data-id=\"34769\" \/><\/a><\/p>\n<p><span style=\"color: #ff0000;\"><span style=\"font-size: 10px;\"><strong><span style=\"color: #0000ff;\"><span style=\"color: #000000; font-size: 14px;\"><em><span style=\"font-size: 9px;\">Fig.1 &#8211; Aparelho Digital (Panor\u00e2mica)<\/span><\/em><\/span><\/span><\/strong><\/span><\/span><\/td>\n<td class=\"mceVisualAid\">\n<div align=\"justify\"><a style=\"font-family: inherit; font-size: inherit;\" href=\"http:\/\/sites.usp.br\/ebt\/wp-content\/uploads\/sites\/44\/2019\/01\/IMG_8762.jpg\"><img loading=\"lazy\" decoding=\"async\" class=\"alignnone wp-image-34770\" src=\"http:\/\/sites.usp.br\/ebt\/wp-content\/uploads\/sites\/44\/2019\/01\/IMG_8762.jpg\" alt=\"\" width=\"374\" height=\"249\" data-id=\"34770\" \/><\/a><\/div>\n<div align=\"justify\"><span style=\"color: #ff0000;\"><span style=\"font-size: 10px;\"><strong><span style=\"color: #0000ff;\"><span style=\"color: #000000; font-size: 14px;\"><em><span style=\"font-size: 9px;\">Fig.2 &#8211; Aparelho Digital (Panor\u00e2mica): Interpreta\u00e7\u00e3o)<\/span><\/em><\/span><\/span><\/strong><\/span><\/span><\/div>\n<\/td>\n<\/tr>\n<\/tbody>\n<\/table>\n<\/div>\n<\/div>\n<hr \/>\n<\/div>\n<p><span style=\"font-family: Arial;\">A Radiografia sinaliza para as avalia\u00e7\u00f5es das Estruturas \u00d3sseas (Fig. 1) e com detalhes da ATM (Articula\u00e7\u00e3o Temporomandibular (Fig. 2).<\/span><\/p>\n<div style=\"font-size: 12px;\" align=\"justify\">\n<hr \/>\n<div align=\"justify\"><span style=\"font-size: 12px;\"><em><strong><span style=\"text-decoration: underline;\">REFER\u00caNCIAS<\/span><\/strong><\/em><\/span><\/div>\n<div style=\"font-size: 12px;\" align=\"justify\">\n<div align=\"justify\">1. PERUCHI, C.M.S.; SILVA, E.B.; PARDINI, L. C.; BORSATTO, M.C.; ARA\u00daJO, L.A.P. An\u00e1lise radiogr\u00e1fica da incid\u00eancia de fragmentos radiculares de dentes dec\u00edduos retidos em pacientes jovens: etiologia e conduta. Revista de Odontologia do Brasil Central, 9(28): 51-54, 2000. [<span style=\"color: #0000ff;\"><a style=\"color: #0000ff;\" href=\"http:\/\/www.robrac.org.br\/seer\/index.php\/ROBRAC\/article\/viewFile\/238\/209\"><strong>LIN<\/strong>K<\/a><\/span>].<\/div>\n<div align=\"justify\">2. FUJIWARA, C.A; MAGRO FILHO, O.; OLIVEIRA, N.T.C.; QUEIROZ,T.P.;ABLA, M.S.; PARDINI, L. C. Assessment of the interface between implant and abutments of five systems by scanning electronic microscopy. Journal of Osseointegration, 2(1):60-66,2009. [<strong><span style=\"color: #0000ff;\"><a style=\"color: #0000ff;\" href=\"http:\/\/www.journalofosseointegration.eu\/index.php\/jo\/article\/view\/80\/76\">LINK<\/a><\/span><\/strong>]<\/div>\n<div align=\"justify\">3. SOUZA, A.E.; PARDINI, L.C.; CICCONE, J.C.; WATANABE, P.C.A. Contribui\u00e7\u00e3o da radiografia panor\u00e2mica na detec\u00e7\u00e3o de ateromas em art\u00e9ria car\u00f3tida. RGO. Revista Ga\u00facha de Odontologia, 52 (2), 83-85, 2004 [<span style=\"color: #0000ff;\"><strong><a style=\"color: #0000ff;\" href=\"http:\/\/www.revistargo.com.br\/viewarticle.php?id=315&amp;layout=abstract\">LINK<\/a><\/strong><\/span>].<\/div>\n<div align=\"justify\">4. WATANABE, P.C A.; CAMARGO A.J; PARDINI, L. C. Radiographic Density and Contrast of Images of Individual Films from Double Film Packets. Cosmetology &amp; Oro Facial Surgery, 2(3): 1-5, 2016. [<strong><span style=\"color: #0000ff;\"><a style=\"color: #0000ff;\" href=\"https:\/\/www.omicsonline.org\/open-access\/radiographic-density-and-contrast-of-images-of-individual-films-from-doublefilm-packets-.php?aid=80284\">LINK<\/a><\/span><\/strong>].<\/div>\n<div align=\"justify\">5. WATANABE, P.C; PARDINI, L.C. Radiologia B\u00e1sica (Odontologia), Vinte Anos de Experi\u00eancia no Ensino Baseado em Problemas Modificado (EPBM). Rev. Grad. USP, 2(3): 63-74, 2017. [<span style=\"color: #0000ff;\"><strong><a style=\"color: #0000ff;\" href=\"http:\/\/gradmais.usp.br\/wp-content\/uploads\/2017\/12\/Gradmais5_A07_Plauto.pdf\">LINK<\/a><\/strong><\/span>].<\/div>\n<\/div>\n<div align=\"justify\">\n<div align=\"justify\">\n<div style=\"text-align: center;\" align=\"justify\">\n<address style=\"text-align: right;\">\n<hr \/>\n<hr \/>\n<\/address>\n<\/div>\n<\/div>\n<div style=\"text-align: left;\" align=\"center\">\n<div style=\"text-align: center;\" align=\"center\">\n<div align=\"justify\">\n<p><span style=\"font-size: 10px;\"><strong><span style=\"text-decoration: underline;\">Recebido<\/span> 3\/5\/2011 &#8211; <span style=\"color: #0000ff;\"><a style=\"color: #0000ff;\" href=\"http:\/\/sites.usp.br\/ebt\/forp-expediente-encicl-bras-teleodontol\/parecerista-relator-consultor-avaliador\/\">Parecerista<\/a> <\/span>4\/5\/2011 &#8211; Reformulado 4\/5\/2011 &#8211; <span style=\"text-decoration: underline;\">Publicado<\/span> 5\/5\/2011 &#8211; Enciclop\u00e9dia Brasileira de Teleodontologia<\/strong><br \/>\n<\/span><\/p>\n<\/div>\n<\/div>\n<hr \/>\n<\/div>\n<address style=\"text-align: right;\">\u00a0<\/address>\n<\/div>\n<\/div>\n","protected":false},"excerpt":{"rendered":"<p>Gunther Ricardo Bertolini &#8211; E-mail &#8211; Curr\u00edculo Lattes Luiz Carlos Pardini E-mail &#8211; Curr\u00edculo Lattes [&hellip;]<\/p>\n","protected":false},"author":58,"featured_media":0,"parent":3480,"menu_order":0,"comment_status":"closed","ping_status":"closed","template":"","meta":{"footnotes":"","_links_to":"","_links_to_target":""},"class_list":["post-14397","page","type-page","status-publish","hentry"],"_links":{"self":[{"href":"https:\/\/sites.usp.br\/podae\/index.php?rest_route=\/wp\/v2\/pages\/14397","targetHints":{"allow":["GET"]}}],"collection":[{"href":"https:\/\/sites.usp.br\/podae\/index.php?rest_route=\/wp\/v2\/pages"}],"about":[{"href":"https:\/\/sites.usp.br\/podae\/index.php?rest_route=\/wp\/v2\/types\/page"}],"author":[{"embeddable":true,"href":"https:\/\/sites.usp.br\/podae\/index.php?rest_route=\/wp\/v2\/users\/58"}],"replies":[{"embeddable":true,"href":"https:\/\/sites.usp.br\/podae\/index.php?rest_route=%2Fwp%2Fv2%2Fcomments&post=14397"}],"version-history":[{"count":4,"href":"https:\/\/sites.usp.br\/podae\/index.php?rest_route=\/wp\/v2\/pages\/14397\/revisions"}],"predecessor-version":[{"id":14407,"href":"https:\/\/sites.usp.br\/podae\/index.php?rest_route=\/wp\/v2\/pages\/14397\/revisions\/14407"}],"up":[{"embeddable":true,"href":"https:\/\/sites.usp.br\/podae\/index.php?rest_route=\/wp\/v2\/pages\/3480"}],"wp:attachment":[{"href":"https:\/\/sites.usp.br\/podae\/index.php?rest_route=%2Fwp%2Fv2%2Fmedia&parent=14397"}],"curies":[{"name":"wp","href":"https:\/\/api.w.org\/{rel}","templated":true}]}}