{"id":14526,"date":"2020-06-02T15:14:59","date_gmt":"2020-06-02T18:14:59","guid":{"rendered":"http:\/\/sites.usp.br\/podae\/?page_id=14526"},"modified":"2020-06-02T15:16:33","modified_gmt":"2020-06-02T18:16:33","slug":"04-formacao-academica-pae-usp-1a-etapa-preparacao-pedagogica-disciplina-edit","status":"publish","type":"page","link":"https:\/\/sites.usp.br\/podae\/?page_id=14526","title":{"rendered":"04 Forma\u00e7\u00e3o Acad\u00eamica (PAE\/USP): 1a Etapa \u2013 Prepara\u00e7\u00e3o Pedag\u00f3gica (Disciplina) [edit]"},"content":{"rendered":"<p style=\"text-align: center;\"><strong><span style=\"font-size: 14px;\"><span style=\"font-family: Arial;\"><span style=\"color: #0000ff;\"><span style=\"color: #000000;\"><span style=\"font-size: 16px;\">Enciclop\u00e9dia Brasileira de Teleodontologia<\/span><br \/>\nPublica\u00e7\u00e3o Anual (<span style=\"font-size: 15px;\"><em><span style=\"text-decoration: underline;\">Suplemento<\/span><\/em><\/span>: <a style=\"color: #0000ff;\" href=\"http:\/\/sites.usp.br\/ebt\/forp-e-h-encl-bras-teleodontol\/f-revista-brasileira-de-teleodontologia_issn-2448-1181\/forum-pedagogico-online-programa-de-aperfeicoamento-do-ensino-pae\/\">Sum\u00e1rio<\/a>): Abril 2011 \/ <a style=\"color: #0000ff;\" href=\"http:\/\/sites.usp.br\/ebt\/forp-e-h-encl-bras-teleodontol\/f-revista-brasileira-de-teleodontologia\/\">S\u00e9rie F<\/a> &#8211; <a style=\"color: #0000ff;\" href=\"http:\/\/sites.usp.br\/ebt\/forp-e-h-encl-bras-teleodontol\/f-revista-brasileira-de-teleodontologia_issn-2448-1181\/forum-pedagogico-online-programa-de-aperfeicoamento-do-ensino-pae\/forum-pedagogico-online-pae-caracteristicas-educacionais-formacao-academica\/\">1\u00aa F\u00f3rum Pedag\u00f3gico Online<\/a><br \/>\nPrograma de Aperfei\u00e7oamento de Ensino (<a style=\"color: #0000ff;\" href=\"http:\/\/www.prpg.usp.br\/attachments\/article\/631\/Diretrizes_PAE.pdf\">USP<\/a>)(<a style=\"color: #0000ff;\" href=\"http:\/\/www.forp.usp.br\/\">FORP<\/a>)<br \/>\n<span style=\"font-size: 15px;\"><em><span style=\"text-decoration: underline;\">Tema<\/span><\/em><\/span>: Caracter\u00edsticas Educacionais (Forma\u00e7\u00e3o Acad\u00eamica)<br \/>\n<strong style=\"text-align: center;\">Eixo Educacional: Ensino e Aprendizado<\/strong> <\/span><\/span><\/span><\/span><\/strong><\/p>\n<address style=\"text-align: right;\">\n<hr style=\"width: 321px;\" \/>\n<\/address>\n<p><strong><span style=\"font-size: 10px;\"> <span style=\"color: #ff0000;\"><span style=\"color: #ff0000; font-size: 10px;\"><span style=\"color: #ff0000; font-size: 14px;\">\u25ca<\/span><\/span> <\/span> <\/span><span style=\"color: #ff0000;\"><span style=\"color: #ff0000;\"><span style=\"font-size: 10px;\"><strong><span style=\"color: #0000ff;\"><em><span style=\"color: #ff0000;\"><em><strong><span style=\"color: #000000; font-size: 14px;\">Luiz Carlos Pardini &#8211;<\/span><\/strong><\/em><\/span><\/em><span style=\"color: #ff0000;\"><strong><span style=\"font-size: 10px;\"><span style=\"color: #0000ff;\"><span style=\"color: #0000ff;\"><span style=\"color: #000000;\">[<\/span><\/span><\/span><\/span><\/strong><\/span><\/span><\/strong><\/span><\/span><\/span><span style=\"font-size: 10px;\"><strong><span style=\"color: #0000ff;\"><span style=\"color: #ff0000;\"><strong><span style=\"font-size: 10px;\"><span style=\"color: #000000;\"><span style=\"color: #0000ff;\"><a style=\"color: #0000ff;\" href=\"http:\/\/buscatextual.cnpq.br\/buscatextual\/email.do?metodo=apresentar&amp;seqIdPessoa=396158&amp;nomeDestinatario=Luiz_Carlos_Pardini\">E-mailCNpQ<\/a><\/span>]<span style=\"color: #ff0000;\"><span style=\"color: #ff0000;\"><span style=\"font-size: 10px;\"><strong><span style=\"color: #0000ff;\"><em><span style=\"color: #ff0000;\"><em><strong><span style=\"color: #000000; font-size: 14px;\"> &#8211;<\/span><\/strong><\/em><\/span><\/em> <\/span><\/strong><\/span><\/span><\/span> <\/span><span style=\"color: #0000ff;\"><a href=\"http:\/\/buscatextual.cnpq.br\/buscatextual\/visualizacv.do?metodo=apresentar&amp;id=K4796807T1\"><span style=\"color: #0000ff;\">Curr\u00edculo Lattes<\/span><\/a><\/span><span style=\"color: #000000;\"> &#8211; <span style=\"color: #0000ff;\"><a style=\"color: #0000ff;\" href=\"http:\/\/sites.usp.br\/ebt\/forp-expediente-encicl-bras-teleodontol\/parecerista-relator-consultor-avaliador\/luiz-carlos-pardini\/\">Informa\u00e7\u00f5es Adicionais<\/a><\/span><br \/>\n<\/span><\/span><\/strong><\/span><\/span><\/strong><\/span><\/strong><\/p>\n<hr \/>\n<hr \/>\n<address style=\"text-align: right;\"><strong><span style=\"font-size: 10px;\"> p\u00e1gina 2 <\/span><\/strong><\/address>\n<hr \/>\n<p style=\"text-align: justify;\"><span style=\"font-size: 10px;\">PARDINI, L.C. FORP \/ PAE: Aprimorar a Forma\u00e7\u00e3o (Eixo Educacional &#8211; Ensino e Aprendizado). Encicl. Bras. Teleodontol., Volume 1 (<strong><span style=\"color: #0000ff;\"><a style=\"color: #0000ff;\" href=\"http:\/\/sites.usp.br\/ebt\/forp-e-h-encl-bras-teleodontol\/f-revista-brasileira-de-teleodontologia\/\">S\u00e9rie F<\/a><\/span><\/strong>): p\u00e1gina 2, fevereiro, <\/span><span style=\"font-size: 10px;\"> 2011. Suplemento. ISSN 2448-1181<br \/>\n<\/span><\/p>\n<hr \/>\n<p style=\"text-align: justify;\"><span style=\"font-family: Arial;\"><strong>Na Universidade de S\u00e3oPaulo A Programa de Aperfei\u00e7oamento de Ensino<\/strong> (<span style=\"color: #0000ff;\"><strong><a style=\"color: #0000ff;\" href=\"http:\/\/www.prpg.usp.br\/index.php\/pt-br\/pae\/o-que-pae\">PAE<\/a><\/strong><\/span>) \u00e9 regulamentado pela Portaria GR 3588, de 10 de maio de 2005. <\/span><\/p>\n<p style=\"text-align: justify;\"><span style=\"font-family: Arial;\"><strong>Programa de Aperfei\u00e7oamento de Ensino<\/strong> (<strong><span style=\"color: #0000ff;\"><a style=\"color: #0000ff;\" href=\"http:\/\/www5.usp.br\/\">USP<\/a><\/span><\/strong> \/ <span style=\"color: #0000ff;\"><strong><a style=\"color: #0000ff;\" href=\"http:\/\/www.prpg.usp.br\/index.php\/pt-br\/pae\/o-que-pae\">PAE<\/a><\/strong><\/span> \/ (<strong><span style=\"color: #0000ff;\"><a style=\"color: #0000ff;\" href=\"http:\/\/www.prpg.usp.br\/index.php\/pt-br\/pae\/etapa-de-preparacao-pedagogica\/relacao-das-disciplinas-pae\">Rela\u00e7\u00e3o das Disciplinas<\/a><\/span><\/strong>), nos Programas de P\u00f3s- Gradua\u00e7\u00e3o oferecem Disciplinas tem como principal objetivo \u00e9 aperfei\u00e7oar a forma\u00e7\u00e3o do Educando (P\u00f3s-Graduando) para atividades acad\u00eamicas (Ensino e Aprendizado).<\/span><\/p>\n<p style=\"text-align: center;\"><span style=\"font-family: Arial;\"><strong><span style=\"font-size: 14px;\"><span style=\"font-size: 15px;\"><span style=\"color: #000000;\"><span style=\"text-decoration: underline;\">1\u00aa. Etapa<\/span><\/span><\/span>:<\/span> Prepara\u00e7\u00e3o Pedag\u00f3gica &#8211; <em>Disciplina<\/em><br \/>\n<\/strong><\/span><\/p>\n<p style=\"text-align: justify;\"><span style=\"font-family: Arial;\">A Etapa de Prepara\u00e7\u00e3o Pedag\u00f3gica assume diferentes caracter\u00edsticas de acordo com a forma como a Unidade de Ensino a estrutura, podendo ser encontrada em tr\u00eas modalidades:<br \/>\n<\/span><\/p>\n<ul>\n<li><span style=\"font-family: Arial;\"><em>Uma disciplina de P\u00f3s-Gradua\u00e7\u00e3o oferecendo cr\u00e9ditos, cujo conte\u00fado estar\u00e1 voltado para as quest\u00f5es da Universidade e do Ensino <\/em>Superior: <\/span><\/li>\n<\/ul>\n<p><span style=\"font-family: Arial;\"><strong>Programa de Aperfei\u00e7oamento de Ensino<\/strong> (<span style=\"color: #0000ff;\"><strong><a style=\"color: #0000ff;\" href=\"http:\/\/www.prpg.usp.br\/index.php\/pt-br\/pae\/o-que-pae\">PAE<\/a><\/strong> <\/span>\/ <strong><a href=\"https:\/\/uspdigital.usp.br\/jupiterweb\/listarGradeCurricular?codcg=58&amp;codcur=58012&amp;codhab=0&amp;tipo=N\"><span style=\"color: #0000ff;\">FORP<\/span><\/a> <\/strong>) \u00e9 realizado as atividades acad\u00eamicas com a <em><strong>Prepara\u00e7\u00e3o Pedag\u00f3gica<\/strong><\/em> oferecendo as Disciplinas: <\/span><\/p>\n<p style=\"text-align: center;\"><span style=\"font-family: Arial;\">8035743 &#8211; <strong>Metodologias e Din\u00e2mica do Ensino em Odontologia<\/strong><br \/>\n8035745 &#8211; <strong>Did\u00e1tica para o Curso de Odontologia<\/strong><br \/>\n<\/span><\/p>\n<p style=\"font-family: Arial;\"><span style=\"font-family: Arial;\">Neste s\u00e9culo XXI os processos comportamentais do Educando (&#8221; P\u00f3s-Gradua\u00e7\u00e3o&#8221;<\/span><span style=\"font-family: Arial;\">) devem estimular as a\u00e7\u00f5es compartilhadas com as ferramentas virtuais facilitadoras (<span style=\"color: #0000ff;\"><strong><a style=\"color: #0000ff;\" href=\"\/\/sites.usp.br\/podae\/\">PODAE<\/a><\/strong><\/span> &#8211; <strong><span style=\"color: #0000ff;\"><a style=\"color: #0000ff;\" href=\"\/\/sites.usp.br\/LACIRO\/\">Laciro<\/a><\/span><\/strong>). <\/span><span style=\"font-family: Arial;\">Cumpre salientar que <strong> Faculdade de Odontologia da Ribeir\u00e3o Preto <\/strong>(<strong><a href=\"https:\/\/uspdigital.usp.br\/jupiterweb\/listarGradeCurricular?codcg=58&amp;codcur=58012&amp;codhab=0&amp;tipo=N\"><span style=\"color: #0000ff;\">FORP<\/span><\/a> &#8211; <\/strong> <strong><span style=\"color: #0000ff;\"><a style=\"color: #0000ff;\" href=\"http:\/\/www5.usp.br\/\">USP<\/a><\/span><\/strong> ) oferece disciplinas para os P\u00f3s-Graduandos <strong>Programa de Aperfei\u00e7oamento de Ensino (<span style=\"color: #0000ff;\"><a style=\"color: #0000ff;\" href=\"http:\/\/www.prpg.usp.br\/index.php\/pt-br\/pae\/o-que-pae\">PAE<\/a><\/span>) <\/strong><\/span><\/p>\n<hr \/>\n<p><span style=\"text-decoration: underline;\"><span style=\"font-size: 11px;\"><em><strong>REFER\u00caNCIAS<\/strong><\/em><\/span><\/span><\/p>\n<div>\n<div style=\"font-size: 12px;\" align=\"justify\">\n<div align=\"justify\">1. CAMPOS, A.A.; PIRES-DE-SOUZA, F.C.P.; GUGELMIN, M.C.M.S.; OLIVEIRA, L.M.; PARDINI, L.C.; CASAGRANDE, L.D.R. Curr\u00edculos de graduaci\u00f3n en Odontolog\u00eda: generalistas versus especialistas. Revista Fola Oral, Argentina, 4(13): 170-173, 1998. [Impresso]<br \/>\n2. PIRES-DE-SOUZA, F.C.P; PARDINI, L.C.; PANZERI, H.; TIRAPELLI, C. Cirurgi\u00e3o-dentista e o c\u00f3digo da defesa do consumidor: uma realidade? Revista ABO Nacional, S\u00e3o Paulo, 12(6):337-341, 2005. [Impresso].<\/div>\n<div align=\"justify\">3. ROZENDO, C.A.; CASAGRANDE, L.D.R. ; PARDINI, L.C. ; SCHNEIDER, J.F. Descripci\u00f3n de algunas pr\u00e1cticas docentes de profesores universitarios del \u00e1rea de salud. In: Pedagogia 97 \u2013 Encuentro por la unidad de los educadores latinoamericanos, 1997, La Habana, Cuba. Resumenes, p. 207, 1997. [Impresso]<br \/>\n4. ROZENDO, C.A.; CASAGRANDE, L.D.R.; SCHNEIDER, J.F.; PARDINI, L.C. Uma an\u00e1lise das pr\u00e1ticas docentes de professores universit\u00e1rios da \u00e1rea de sa\u00fade. Rev. latino-am.enfermagem, Ribeir\u00e3o Preto, 7( 2): 15-23, abril 1999. [<strong><span style=\"color: #0000ff;\"><a style=\"color: #0000ff;\" href=\"http:\/\/www.scielo.br\/scielo.php?script=sci_arttext&amp;pid=S0104-11691999000200003&amp;lng=pt&amp;nrm=iso\">LINK<\/a><\/span><\/strong>]<\/div>\n<\/div>\n<\/div>\n<div align=\"justify\">\n<div align=\"justify\">\n<div style=\"text-align: center;\" align=\"justify\">\n<address style=\"text-align: right;\">\n<hr \/>\n<hr \/>\n<\/address>\n<\/div>\n<\/div>\n<div style=\"text-align: left;\" align=\"center\">\n<div style=\"text-align: center;\" align=\"center\">\n<div align=\"justify\">\n<p><span style=\"font-size: 13px;\"><strong><span style=\"color: #ff0000;\"><span style=\"color: #ff0000; font-size: 10px;\"><span style=\"color: #ff0000; font-size: 13px;\">\u25ca<\/span><\/span> <\/span><\/strong><\/span><span style=\"font-size: 10px;\"><strong>Universidade de S\u00e3o Paulo (<span style=\"color: #0000ff;\"><a style=\"color: #0000ff;\" href=\"http:\/\/www5.usp.br\/\">USP<\/a><\/span> \/ <span style=\"color: #0000ff;\"><a style=\"color: #0000ff;\" href=\"https:\/\/uspdigital.usp.br\/wsusuario\/\">SistemasUSP<\/a><\/span>), Faculdade de Odontologia de Ribeir\u00e3o (<\/strong><\/span><span style=\"font-size: 10px;\"><strong><span style=\"color: #0000ff;\"><a style=\"color: #0000ff;\" href=\"http:\/\/www.forp.usp.br\/\">FORP<\/a><\/span><\/strong><\/span><span style=\"font-size: 10px;\"><strong> \/ <span style=\"color: #0000ff;\"><a style=\"color: #0000ff;\" href=\"http:\/\/www.prpg.usp.br\/index.php\/pt-br\/faca-pos-na-usp\/ache-um-programa?art_title=&amp;unidades%5B%5D=Faculdade+de+Odontologia+de+Ribeir%C3%A3o+Preto&amp;area_pos_graduacao%5B%5D=Ci%C3%AAncias+Biol%C3%B3gicas+e+da+Sa%C3%BAde&amp;art_language=pt-BR&amp;boxchecked=0&amp;search=programas_de_ps_graduaco&amp;task=search\">PgPG<\/a><\/span>: <span style=\"color: #0000ff;\"><a style=\"color: #0000ff;\" href=\"http:\/\/143.107.206.201\/pradua-mainmenu-61\/13-cursos-oferecidos\/246-programa-de-pradua-em-odontopediatria.html\">58135<\/a><\/span>): Disciplina: <span style=\"text-decoration: underline;\"><em>8035743<\/em><\/span> (<span style=\"color: #0000ff;\"><a style=\"color: #0000ff;\" href=\"https:\/\/uspdigital.usp.br\/janus\/componente\/catalogoDisciplinasInicial.jsf?action=3&amp;sgldis=8035743\">Conte\u00fado Program\u00e1tico<\/a><\/span>): <em>Metodologias e Din\u00e2mica no Ensino da Odontologia<\/em> (05\/05\/2000 at\u00e9 presente data): <\/strong><\/span><span style=\"font-size: 10px;\"><strong>F\u00f3rum de Discuss\u00e3o (Sala de Aula). Respons\u00e1vel<\/strong><\/span><span style=\"font-size: 10px;\"><span style=\"font-size: 10px;\"><strong>: Prof. Dr. Luiz Carlos Prof. Dr. Luiz Carlos Pardini.<\/strong><\/span><\/span><\/p>\n<hr \/>\n<p><span style=\"font-size: 10px;\"><strong><span style=\"text-decoration: underline;\">Recebido<\/span> 9\/03\/2011 &#8211; <span style=\"color: #0000ff;\"><a style=\"color: #0000ff;\" href=\"http:\/\/sites.usp.br\/ebt\/forp-expediente-encicl-bras-teleodontol\/parecerista-relator-consultor-avaliador\/\">Parecerista<\/a> <\/span>15\/03\/2011 &#8211; Reformulado 23\/03\/2011 &#8211; <span style=\"text-decoration: underline;\">Publicado<\/span> 02\/04\/2011 &#8211; Enciclop\u00e9dia Brasileira de Teleodontologia<\/strong><br \/>\n<\/span><\/p>\n<\/div>\n<\/div>\n<hr \/>\n<\/div>\n<address style=\"text-align: right;\">\u00a0<\/address>\n<\/div>\n","protected":false},"excerpt":{"rendered":"<p>Enciclop\u00e9dia Brasileira de Teleodontologia Publica\u00e7\u00e3o Anual (Suplemento: Sum\u00e1rio): Abril 2011 \/ S\u00e9rie F &#8211; 1\u00aa [&hellip;]<\/p>\n","protected":false},"author":58,"featured_media":0,"parent":3645,"menu_order":0,"comment_status":"closed","ping_status":"closed","template":"","meta":{"footnotes":"","_links_to":"","_links_to_target":""},"class_list":["post-14526","page","type-page","status-publish","hentry"],"_links":{"self":[{"href":"https:\/\/sites.usp.br\/podae\/index.php?rest_route=\/wp\/v2\/pages\/14526","targetHints":{"allow":["GET"]}}],"collection":[{"href":"https:\/\/sites.usp.br\/podae\/index.php?rest_route=\/wp\/v2\/pages"}],"about":[{"href":"https:\/\/sites.usp.br\/podae\/index.php?rest_route=\/wp\/v2\/types\/page"}],"author":[{"embeddable":true,"href":"https:\/\/sites.usp.br\/podae\/index.php?rest_route=\/wp\/v2\/users\/58"}],"replies":[{"embeddable":true,"href":"https:\/\/sites.usp.br\/podae\/index.php?rest_route=%2Fwp%2Fv2%2Fcomments&post=14526"}],"version-history":[{"count":2,"href":"https:\/\/sites.usp.br\/podae\/index.php?rest_route=\/wp\/v2\/pages\/14526\/revisions"}],"predecessor-version":[{"id":14528,"href":"https:\/\/sites.usp.br\/podae\/index.php?rest_route=\/wp\/v2\/pages\/14526\/revisions\/14528"}],"up":[{"embeddable":true,"href":"https:\/\/sites.usp.br\/podae\/index.php?rest_route=\/wp\/v2\/pages\/3645"}],"wp:attachment":[{"href":"https:\/\/sites.usp.br\/podae\/index.php?rest_route=%2Fwp%2Fv2%2Fmedia&parent=14526"}],"curies":[{"name":"wp","href":"https:\/\/api.w.org\/{rel}","templated":true}]}}