{"id":14546,"date":"2020-06-02T15:45:08","date_gmt":"2020-06-02T18:45:08","guid":{"rendered":"http:\/\/sites.usp.br\/podae\/?page_id=14546"},"modified":"2020-06-02T15:45:08","modified_gmt":"2020-06-02T18:45:08","slug":"11-forp-pae-producoes-intelectuais-e-cientificas-divulgar-e-preciso-e-necessario","status":"publish","type":"page","link":"https:\/\/sites.usp.br\/podae\/?page_id=14546","title":{"rendered":"11 FORP\/PAE: Produ\u00e7\u00f5es Intelectuais e Cient\u00edficas \u2013 Divulgar: \u00c9 Preciso? \u00c9 Necess\u00e1rio?"},"content":{"rendered":"<p style=\"text-align: center\"><strong><span style=\"font-size: 16px\"><span style=\"font-family: Arial\">Enciclop\u00e9dia Brasileira de Teleodontologia<\/span><\/span><\/strong><br \/>\n<strong><span style=\"font-size: 14px\"><span style=\"font-family: Arial\">Programa de Aperfei\u00e7oamento de Ensino <\/span><\/span><\/strong><span style=\"font-size: 14px\"><span style=\"font-family: Arial\">(<\/span><\/span><strong><span style=\"font-size: 14px\"><span style=\"font-family: Arial\"><em>Ensino Superior \/ <\/em><span style=\"color: #0000ff\"><a style=\"color: #0000ff\" href=\"http:\/\/www.prpg.usp.br\/attachments\/article\/631\/Diretrizes_PAE.pdf\">USP<\/a><\/span> \/ <a href=\"https:\/\/www.forp.usp.br\/?page_id=71\"><span style=\"color: #0000ff\">FORP<\/span><\/a><\/span><\/span><\/strong><span style=\"font-size: 14px\"><span style=\"font-family: Arial\"><a href=\"http:\/\/sites.usp.br\/ebt\/forp-e-h-encl-bras-teleodontol\/f-revista-brasileira-de-teleodontologia_issn-2448-1181\/forum-pedagogico-online-programa-de-aperfeicoamento-do-ensino-pae\/forum-pedagogico-online-pae-metodologias-e-dinamica-no-ensino-da-odontologia\/\">)<\/a><\/span><\/span><br \/>\n<strong><span style=\"font-size: 14px\"><span style=\"font-family: Arial\"><span style=\"color: #0000ff\"><span style=\"color: #000000\">Publica\u00e7\u00e3o Anual<\/span> <\/span><\/span><\/span><\/strong><span style=\"font-size: 14px\"><span style=\"font-family: Arial\"><span style=\"color: #0000ff\">(<\/span><\/span><\/span><strong><span style=\"font-size: 14px\"><span style=\"font-family: Arial\"><span style=\"color: #0000ff\"><span style=\"font-size: 15px\"><em><span style=\"color: #000000\"><span style=\"text-decoration: underline\">Suplemento<\/span><\/span><\/em><\/span>: <a style=\"color: #0000ff\" href=\"http:\/\/sites.usp.br\/ebt\/forp-e-h-encl-bras-teleodontol\/f-revista-brasileira-de-teleodontologia_issn-2448-1181\/forum-pedagogico-online-programa-de-aperfeicoamento-do-ensino-pae\/\">Sum\u00e1rio<\/a><\/span><\/span><\/span><\/strong><span style=\"font-size: 14px\"><span style=\"font-family: Arial\"><span style=\"color: #0000ff\"><span style=\"color: #000000\">): <strong>Abril 2011<\/strong><\/span><\/span><\/span><\/span><strong><span style=\"font-size: 14px\"><span style=\"font-family: Arial\"><span style=\"color: #0000ff\"> <span style=\"color: #000000\">\/<\/span> <a style=\"color: #0000ff\" href=\"http:\/\/sites.usp.br\/ebt\/forp-e-h-encl-bras-teleodontol\/f-revista-brasileira-de-teleodontologia\/\">S\u00e9rie F<\/a> &#8211; <a style=\"color: #0000ff\" href=\"http:\/\/sites.usp.br\/ebt\/forp-e-h-encl-bras-teleodontol\/f-revista-brasileira-de-teleodontologia_issn-2448-1181\/forum-pedagogico-online-programa-de-aperfeicoamento-do-ensino-pae\/forum-pedagogico-online-pae-caracteristicas-educacionais-formacao-academica\/\">1\u00aa F\u00f3rum Pedag\u00f3gico Online<\/a><\/span><\/span><\/span><\/strong><br \/>\n<strong><span style=\"font-size: 14px\"><span style=\"font-family: Arial\"><span style=\"font-size: 15px\"><em><span style=\"color: #000000\"><span style=\"text-decoration: underline\">Tema<\/span><\/span><\/em><\/span>: An\u00e1lise Cr\u00edtica e Reflexiva <\/span><\/span><\/strong><span style=\"font-size: 14px\"><span style=\"font-family: Arial\">(<\/span><\/span><strong><span style=\"font-size: 14px\"><span style=\"font-family: Arial\">Forma\u00e7\u00e3o Acad\u00eamica<\/span><\/span><\/strong><span style=\"font-size: 14px\"><span style=\"font-family: Arial\">)<\/span><\/span><strong><span style=\"font-size: 14px\"><span style=\"font-family: Arial\"><br \/>\nEixo Educacional: Educador \/ Educando<\/span><\/span><\/strong><\/p>\n<address style=\"text-align: right\">\n<hr style=\"width: 321px\" \/>\n<\/address>\n<p><strong><span style=\"font-size: 10px\"> <span style=\"color: #ff0000\"><span style=\"color: #ff0000;font-size: 10px\"><span style=\"color: #ff0000;font-size: 14px\">\u25ca<\/span><\/span> <\/span> <\/span><span style=\"color: #ff0000\"><span style=\"color: #ff0000\"><span style=\"font-size: 10px\"><strong><span style=\"color: #0000ff\"><em><span style=\"color: #ff0000\"><em><strong><span style=\"color: #000000;font-size: 14px\">Luiz Carlos Pardini &#8211;<\/span><\/strong><\/em><\/span><\/em><span style=\"color: #ff0000\"><strong><span style=\"font-size: 10px\"><span style=\"color: #0000ff\"><span style=\"color: #0000ff\"><span style=\"color: #000000\">[<\/span><\/span><\/span><\/span><\/strong><\/span><\/span><\/strong><\/span><\/span><\/span><span style=\"font-size: 10px\"><strong><span style=\"color: #0000ff\"><span style=\"color: #ff0000\"><strong><span style=\"font-size: 10px\"><span style=\"color: #000000\"><span style=\"color: #0000ff\"><a style=\"color: #0000ff\" href=\"http:\/\/buscatextual.cnpq.br\/buscatextual\/email.do?metodo=apresentar&amp;seqIdPessoa=396158&amp;nomeDestinatario=Luiz_Carlos_Pardini\">E-mailCNpQ<\/a><\/span>]<span style=\"color: #ff0000\"><span style=\"color: #ff0000\"><span style=\"font-size: 10px\"><strong><span style=\"color: #0000ff\"><em><span style=\"color: #ff0000\"><em><strong><span style=\"color: #000000;font-size: 14px\"> &#8211;<\/span><\/strong><\/em><\/span><\/em> <\/span><\/strong><\/span><\/span><\/span> <\/span><span style=\"color: #0000ff\"><a href=\"http:\/\/buscatextual.cnpq.br\/buscatextual\/visualizacv.do?metodo=apresentar&amp;id=K4796807T1\"><span style=\"color: #0000ff\">Curr\u00edculo Lattes<\/span><\/a><\/span><span style=\"color: #000000\"> &#8211; <span style=\"color: #0000ff\"><a style=\"color: #0000ff\" href=\"http:\/\/sites.usp.br\/ebt\/forp-expediente-encicl-bras-teleodontol\/parecerista-relator-consultor-avaliador\/luiz-carlos-pardini\/\">Informa\u00e7\u00f5es Adicionais<\/a><\/span><br \/>\n<\/span><\/span><\/strong><\/span><\/span><\/strong><\/span><\/strong><\/p>\n<hr \/>\n<hr \/>\n<address style=\"text-align: right\"><strong><span style=\"font-size: 10px\"> p\u00e1gina 2 <\/span><\/strong><\/address>\n<hr \/>\n<p style=\"text-align: justify\"><span style=\"font-size: 10px\">PARDINI, L.C. FORP\/PAE: Produ\u00e7\u00f5es Intelectuais e Cient\u00edficas &#8211; Divulgar: \u00c9 Preciso? \u00c9 Necess\u00e1rio? Encicl. Bras. Teleodontol., Volume 1 (<strong><span style=\"color: #0000ff\"><a style=\"color: #0000ff\" href=\"http:\/\/sites.usp.br\/ebt\/forp-e-h-encl-bras-teleodontol\/f-revista-brasileira-de-teleodontologia\/\">S\u00e9rie F<\/a><\/span><\/strong>): p\u00e1gina 2, Abril, <\/span><span style=\"font-size: 10px\"> 2011. Suplemento. ISSN 2448-1181<br \/>\n<\/span><\/p>\n<hr \/>\n<p style=\"text-align: justify\"><span style=\"font-family: Arial\"><strong>Universidade de S\u00e3o Paulo <\/strong>(<strong><span style=\"color: #0000ff\"><a style=\"color: #0000ff\" href=\"http:\/\/www5.usp.br\/\">USP<\/a><\/span><\/strong>) estimula e fomenta a &#8220;Divulga\u00e7\u00e3o Cient\u00edfica&#8221; dos Educadores (Docentes) e Educando (Alunos: Gradua\u00e7\u00e3o e P\u00f3s-gradua\u00e7\u00e3o)<\/span><\/p>\n<p style=\"text-align: justify\"><span style=\"font-family: Arial\">.<strong>Produ\u00e7\u00f5es Intelectuais e Cient\u00edficas<\/strong> contribui para a divulga\u00e7\u00e3o com a miss\u00e3o de atualiza\u00e7\u00f5es (t\u00e9cnicas e cient\u00edficas), mas surge uma pergunta: <\/span><span style=\"font-family: Arial\">Divulgar: \u00c9 Preciso? \u00c9 Necess\u00e1rio? <\/span><\/p>\n<p style=\"text-align: justify\"><span style=\"font-family: Arial\"><strong>Divulgar<\/strong> \u00e9 apresentar os conhecimentos parar a &#8220;<strong>Comunidade Cient\u00edfica<\/strong> &#8221; em meios de comunica\u00e7\u00e3o (Impressos e\/ou Digitais).<\/span><\/p>\n<p style=\"text-align: justify\"><span style=\"font-family: Arial\"> Neste s\u00e9culo XXI a<strong> Arte de Educar<\/strong> \u00e9 cont\u00ednua na <strong>Inclus\u00e3o Educacional<\/strong>: <strong>Ensinar <\/strong><\/span><span style=\"font-family: Arial\">(1\u00ba. Momento)<\/span><span style=\"font-family: Arial\">. <strong>Arte de Educar<\/strong> reflete atitude, habilidade, conduta, procedimento (&#8220;<em>maneira de ser<\/em>&#8220;) do Educador fato amplamente consolidado por Paulo Freire [1,2,3,4,]. <\/span><span style=\"font-family: Arial\">No Programa de P\u00f3s-Gradua\u00e7\u00e3o da <strong>Faculdade de Odontologia de Ribeir\u00e3o Preto<\/strong> (<span style=\"color: #0000ff\"><a style=\"color: #0000ff\" href=\"https:\/\/uspdigital.usp.br\/jupiterweb\/listarGradeCurricular?codcg=58&amp;codcur=58012&amp;codhab=0&amp;tipo=N\"><strong>FORP<\/strong><\/a><\/span>) da <\/span><span style=\"font-family: Arial\"> <strong>Universidade de S\u00e3o Paulo<\/strong> (<strong><span style=\"color: #0000ff\"><a style=\"color: #0000ff\" href=\"http:\/\/www5.usp.br\/\">USP<\/a><\/span><\/strong>) mediante a\u00e7\u00f5es da <strong>Pr\u00f3-reitoria de P\u00f3s-Gradua\u00e7\u00e3o<\/strong> (<strong><span style=\"color: #0000ff\"><a style=\"color: #0000ff\" href=\"http:\/\/www.prpg.usp.br\/index.php\/pt-br\/\">Pr-PG<\/a><\/span><\/strong>) institui o <strong>Programa de Aperfei\u00e7oamento de Ensino<\/strong> (<span style=\"color: #0000ff\"><strong><a style=\"color: #0000ff\" href=\"http:\/\/www.prpg.usp.br\/index.php\/pt-br\/pae\/o-que-pae\">PAE<\/a><\/strong><\/span>) com o objetivo de aprimorar a forma\u00e7\u00e3o do P\u00f3s-graduando com A\u00e7\u00f5es Construtivas: Prepara\u00e7\u00e3o Pedag\u00f3gica e Est\u00e1gio Supervisionado em Doc\u00eancia, om apoio da Disciplina:<\/span><\/p>\n<p style=\"text-align: justify\"><span style=\"font-family: Arial\"><strong>Gest\u00e3o Educadora<\/strong> efetiva estimula a\u00e7\u00e3o educacional (<strong>Ambiente Colaborativo de Aprendizagem) <\/strong>no Ensino Superior com a\u00e7\u00f5es no di\u00e1logo virtual como se fosse um &#8220;cronista&#8221; , e o educando apenas passivamente observa e escuta mas n\u00e3o ouve (n\u00e3o digere) . <\/span><\/p>\n<p style=\"text-align: justify\"><span style=\"font-family: Arial\"><strong>Arte de Educar <\/strong>(<strong>Atividade de Primeiro Encontro<\/strong>) incentiva (<strong>Aprendizagem Significativa<\/strong>) e conduz o <strong>Modelo de Gest\u00e3o <\/strong>em<strong> Educa\u00e7\u00e3o <\/strong>(<strong>Odontologia)<\/strong>, obedecendo as orienta\u00e7\u00f5es do<strong> Conselho Federal de Odontologia<\/strong> &#8211; <strong><span style=\"color: #0000ff\"><a href=\"http:\/\/cfo.org.br\/\"><span style=\"color: #0000ff\">CFO<\/span><\/a><\/span><\/strong>). <strong>Educar <\/strong>(<strong>Qualidade do Ensino<\/strong>) promove as descobertas educacionais (cognitivo, psicomotor, \u00e9tico e reflex\u00e3o cr\u00edtica) e incentiva a colabora\u00e7\u00e3o (<strong>Educa\u00e7\u00e3o Participativa<\/strong>). M<\/span><span style=\"font-family: Arial\">otivar, facilitar e despertar conduzem para <strong>Educa\u00e7\u00e3o Transformadora<\/strong>, transcendendo a Literatura Educacional das &#8220;Classifica\u00e7\u00f5es das Doen\u00e7as&#8221; [<strong><span style=\"color: #0000ff\"><a style=\"color: #0000ff\" href=\"\/\/sites.usp.br\/ebt\/wp-content\/uploads\/sites\/44\/2014\/11\/ICD10-2010.pdf\">3<\/a>] <\/span><\/strong><span style=\"color: #0000ff\"><span style=\"color: #000000\">e as orienta\u00e7\u00f5es das condutas e procedimentos em Odontologia [<\/span><\/span><strong><span style=\"color: #0000ff\"><a style=\"color: #0000ff\" href=\"http:\/\/www.who.int\/en\/\">4<\/a><\/span><\/strong>]. <\/span><\/p>\n<p style=\"text-align: justify\"><span style=\"font-family: Arial\"><strong>Arte de Educar<\/strong> est\u00e1 intimamente associada a <\/span><strong style=\"font-family: Arial\">Gest\u00e3o em Estrat\u00e9gia Educacional<\/strong><span style=\"font-family: Arial\">, inicia-se muito antes das contextualiza\u00e7\u00e3o e <\/span><span style=\"font-family: Arial\">implanta\u00e7\u00e3o do <strong>Projeto Pol\u00edtico Pedag\u00f3gico <\/strong>(<strong>PPP<\/strong>). Em Odontologia a &#8220;<strong>Arte de Educar<\/strong>&#8221; \u00e9 o motor propulsor: &#8220;<em>Saber de Qualidade<\/em>&#8221; (<strong>BRASIL<\/strong>, <span style=\"text-decoration: underline\"><span style=\"color: #0000ff\"><strong><a style=\"color: #0000ff;text-decoration: underline\" href=\"http:\/\/emec.mec.gov.br\/emec\/consulta-cadastro\/detalhamento\/d96957f455f6405d14c6542552b0f6eb\/NTU=\">Site do MEC<\/a><\/strong><\/span><\/span>). <strong>Arte de Educar<\/strong> \u00e9 foco em a\u00e7\u00f5es (formativa e assertiva), d<\/span><span style=\"font-family: Arial\">esperta e auxilia o Ensino Superior com avalia\u00e7\u00f5es peri\u00f3dicas (<span style=\"color: #0000ff\"><strong><a style=\"color: #0000ff\" href=\"http:\/\/emec.mec.gov.br\/modulos\/visao_comum\/php\/login\/comum_login.php?691ba69561e311dd66adaae89947c631=YWJhX2F2YWxpYWRvcg==\">emec-Avaliador<\/a><\/strong><\/span>) associados aos processos comportamentais do Educando (&#8220;<em>desejo e vontade de aprender<\/em>&#8220;<\/span><span style=\"font-family: Arial\">) com apoio das ferramentas virtuais facilitadoras (<strong><span style=\"color: #0000ff\"><a style=\"color: #0000ff\" href=\"http:\/\/www5.usp.br\/\">USP<\/a><\/span><\/strong> &#8211; <a href=\"https:\/\/uspdigital.usp.br\/jupiterweb\/listarGradeCurricular?codcg=58&amp;codcur=58012&amp;codhab=0&amp;tipo=N\"><strong><span style=\"color: #0000ff\">FORP<\/span><\/strong><\/a> &#8211; <span style=\"color: #0000ff\"><strong><a style=\"color: #0000ff\" href=\"\/\/sites.usp.br\/podae\/\">PODAE<\/a><\/strong><\/span> &#8211; <strong><span style=\"color: #0000ff\"><a style=\"color: #0000ff\" href=\"\/\/sites.usp.br\/LACIRO\/\">Laciro<\/a><\/span><\/strong>), Diretrizes Educacionais (<strong>BRASIL<\/strong>, 1996, 2002) estabelecidas pelo <strong>Minist\u00e9rio da Educa\u00e7\u00e3o<\/strong> (<span style=\"color: #0000ff\"><strong><a style=\"color: #0000ff\" href=\"http:\/\/portal.mec.gov.br\/\">MEC<\/a><\/strong><\/span>) e <strong>Sistema Nacional de Avalia\u00e7\u00e3o da Educa\u00e7\u00e3o Superior<\/strong> (<span style=\"color: #0000ff\"><strong><a href=\"\/\/sites.usp.br\/ebt\/wp-content\/uploads\/sites\/44\/2014\/11\/Lei_10861_2004_SINAES.pdf\"><span style=\"color: #0000ff\">SINAES<\/span><\/a><\/strong><\/span>, <\/span><span style=\"font-family: Arial;line-height: 1.5\">2004) atuando na globaliza\u00e7\u00e3o e divulga\u00e7\u00e3o da ci\u00eancia (<a href=\"https:\/\/www.researchgate.net\/institution\/University_of_Sao_Paulo\">&#8220;<em><strong><span style=\"color: #0000ff\">USP &#8211; &#8220;Top Institutions<\/span><\/strong><\/em>&#8220;<\/a>).<br \/>\n<\/span><\/p>\n<hr \/>\n<p><span style=\"text-decoration: underline\"><span style=\"font-size: 11px\"><em><strong>REFER\u00caNCIAS<\/strong><\/em><\/span><\/span><\/p>\n<div>\n<div style=\"font-size: 12px\" align=\"justify\">\n<div align=\"justify\">1. CAMPOS, A.A.; PIRES-DE-SOUZA, F.C.P.; GUGELMIN, M.C.M.S.; OLIVEIRA, L.M.; PARDINI, L.C.; CASAGRANDE, L.D.R. Curr\u00edculos de graduaci\u00f3n en Odontolog\u00eda: generalistas versus especialistas. Revista Fola Oral, Argentina, 4(13): 170-173, 1998. [Impresso]<br \/>\n2. PIRES-DE-SOUZA, F.C.P; PARDINI, L.C.; PANZERI, H.; TIRAPELLI, C. Cirurgi\u00e3o-dentista e o c\u00f3digo da defesa do consumidor: uma realidade? Revista ABO Nacional, S\u00e3o Paulo, 12(6):337-341, 2005. [Impresso].<\/div>\n<div align=\"justify\">3. ROZENDO, C.A.; CASAGRANDE, L.D.R. ; PARDINI, L.C. ; SCHNEIDER, J.F. Descripci\u00f3n de algunas pr\u00e1cticas docentes de profesores universitarios del \u00e1rea de salud. In: Pedagogia 97 \u2013 Encuentro por la unidad de los educadores latinoamericanos, 1997, La Habana, Cuba. Resumenes, p. 207, 1997. [Impresso]<br \/>\n4. ROZENDO, C.A.; CASAGRANDE, L.D.R.; SCHNEIDER, J.F.; PARDINI, L.C. Uma an\u00e1lise das pr\u00e1ticas docentes de professores universit\u00e1rios da \u00e1rea de sa\u00fade. Rev. latino-am.enfermagem, Ribeir\u00e3o Preto, 7( 2): 15-23, abril 1999. [<strong><span style=\"color: #0000ff\"><a style=\"color: #0000ff\" href=\"http:\/\/www.scielo.br\/scielo.php?script=sci_arttext&amp;pid=S0104-11691999000200003&amp;lng=pt&amp;nrm=iso\">LINK<\/a><\/span><\/strong>]<\/div>\n<\/div>\n<\/div>\n<div align=\"justify\">\n<div align=\"justify\">\n<div style=\"text-align: center\" align=\"justify\">\n<address style=\"text-align: right\">\n<hr \/>\n<hr \/>\n<\/address>\n<\/div>\n<\/div>\n<div style=\"text-align: left\" align=\"center\">\n<div style=\"text-align: center\" align=\"center\">\n<div align=\"justify\">\n<p><span style=\"font-size: 13px\"><strong><span style=\"color: #ff0000\"><span style=\"color: #ff0000;font-size: 10px\"><span style=\"color: #ff0000;font-size: 13px\">\u25ca<\/span><\/span> <\/span><\/strong><\/span><span style=\"font-size: 10px\"><strong>Universidade de S\u00e3o Paulo (<span style=\"color: #0000ff\"><a style=\"color: #0000ff\" href=\"http:\/\/www5.usp.br\/\">USP<\/a><\/span> \/ <span style=\"color: #0000ff\"><a style=\"color: #0000ff\" href=\"https:\/\/uspdigital.usp.br\/wsusuario\/\">SistemasUSP<\/a><\/span>), Faculdade de Odontologia de Ribeir\u00e3o (<\/strong><\/span><span style=\"font-size: 10px\"><strong><span style=\"color: #0000ff\"><a style=\"color: #0000ff\" href=\"http:\/\/www.forp.usp.br\/\">FORP<\/a><\/span><\/strong><\/span><span style=\"font-size: 10px\"><strong> \/ <span style=\"color: #0000ff\"><a style=\"color: #0000ff\" href=\"http:\/\/www.prpg.usp.br\/index.php\/pt-br\/faca-pos-na-usp\/ache-um-programa?art_title=&amp;unidades%5B%5D=Faculdade+de+Odontologia+de+Ribeir%C3%A3o+Preto&amp;area_pos_graduacao%5B%5D=Ci%C3%AAncias+Biol%C3%B3gicas+e+da+Sa%C3%BAde&amp;art_language=pt-BR&amp;boxchecked=0&amp;search=programas_de_ps_graduaco&amp;task=search\">PgPG<\/a><\/span>: <span style=\"color: #0000ff\"><a style=\"color: #0000ff\" href=\"http:\/\/143.107.206.201\/pradua-mainmenu-61\/13-cursos-oferecidos\/246-programa-de-pradua-em-odontopediatria.html\">58135<\/a><\/span>): Disciplina: <span style=\"text-decoration: underline\"><em>8035743<\/em><\/span> (<span style=\"color: #0000ff\"><a style=\"color: #0000ff\" href=\"https:\/\/uspdigital.usp.br\/janus\/componente\/catalogoDisciplinasInicial.jsf?action=3&amp;sgldis=8035743\">Conte\u00fado Program\u00e1tico<\/a><\/span>): <em>Metodologias e Din\u00e2mica no Ensino da Odontologia<\/em> (05\/05\/2000 at\u00e9 presente data): <\/strong><\/span><span style=\"font-size: 10px\"><strong>F\u00f3rum de Discuss\u00e3o (Sala de Aula). Respons\u00e1vel<\/strong><\/span><span style=\"font-size: 10px\"><strong>: Prof. Dr. Luiz Carlos Prof. Dr. Luiz Carlos Pardini.<\/strong><\/span><\/p>\n<hr \/>\n<p><span style=\"font-size: 10px\"><strong><span style=\"text-decoration: underline\">Recebido<\/span>: 3\/4\/2011 &#8211; <span style=\"color: #0000ff\"><a style=\"color: #0000ff\" href=\"http:\/\/sites.usp.br\/ebt\/forp-expediente-encicl-bras-teleodontol\/parecerista-relator-consultor-avaliador\/\">Parecerista<\/a>: <\/span>7\/4\/2011 &#8211; <span style=\"text-decoration: underline\">Reformulado<\/span>: 9\/4\/2011 &#8211; <span style=\"text-decoration: underline\">Publicado<\/span>: 10\/4\/2011 &#8211; Enciclop\u00e9dia Brasileira de Teleodontologia<\/strong><br \/>\n<\/span><\/p>\n<\/div>\n<\/div>\n<hr \/>\n<\/div>\n<hr \/>\n<address style=\"text-align: right\"> <\/address>\n<\/div>\n<p>&nbsp;<\/p>\n","protected":false},"excerpt":{"rendered":"<p>Enciclop\u00e9dia Brasileira de Teleodontologia Programa de Aperfei\u00e7oamento de Ensino (Ensino Superior \/ USP \/ FORP) [&hellip;]<\/p>\n","protected":false},"author":58,"featured_media":0,"parent":3645,"menu_order":0,"comment_status":"closed","ping_status":"closed","template":"","meta":{"footnotes":"","_links_to":"","_links_to_target":""},"class_list":["post-14546","page","type-page","status-publish","hentry"],"_links":{"self":[{"href":"https:\/\/sites.usp.br\/podae\/index.php?rest_route=\/wp\/v2\/pages\/14546","targetHints":{"allow":["GET"]}}],"collection":[{"href":"https:\/\/sites.usp.br\/podae\/index.php?rest_route=\/wp\/v2\/pages"}],"about":[{"href":"https:\/\/sites.usp.br\/podae\/index.php?rest_route=\/wp\/v2\/types\/page"}],"author":[{"embeddable":true,"href":"https:\/\/sites.usp.br\/podae\/index.php?rest_route=\/wp\/v2\/users\/58"}],"replies":[{"embeddable":true,"href":"https:\/\/sites.usp.br\/podae\/index.php?rest_route=%2Fwp%2Fv2%2Fcomments&post=14546"}],"version-history":[{"count":1,"href":"https:\/\/sites.usp.br\/podae\/index.php?rest_route=\/wp\/v2\/pages\/14546\/revisions"}],"predecessor-version":[{"id":14547,"href":"https:\/\/sites.usp.br\/podae\/index.php?rest_route=\/wp\/v2\/pages\/14546\/revisions\/14547"}],"up":[{"embeddable":true,"href":"https:\/\/sites.usp.br\/podae\/index.php?rest_route=\/wp\/v2\/pages\/3645"}],"wp:attachment":[{"href":"https:\/\/sites.usp.br\/podae\/index.php?rest_route=%2Fwp%2Fv2%2Fmedia&parent=14546"}],"curies":[{"name":"wp","href":"https:\/\/api.w.org\/{rel}","templated":true}]}}