{"id":14566,"date":"2020-06-02T17:18:28","date_gmt":"2020-06-02T20:18:28","guid":{"rendered":"http:\/\/sites.usp.br\/podae\/?page_id=14566"},"modified":"2020-06-02T17:19:05","modified_gmt":"2020-06-02T20:19:05","slug":"forp-pae-disciplina-metodologias-e-dinamica-no-ensino-da-odontologia-modalidades-de-tecnicas-de-ensino","status":"publish","type":"page","link":"https:\/\/sites.usp.br\/podae\/?page_id=14566","title":{"rendered":"FORP\/PAE (Disciplina): Metodologias e Din\u00e2mica no Ensino da Odontologia \u2013 Modalidades de T\u00e9cnicas de Ensino"},"content":{"rendered":"<address>\n<address>\n<p style=\"text-align: center\"><strong><span style=\"font-size: 16px\"><span style=\"font-family: Arial\">Enciclop\u00e9dia Brasileira de Teleodontologia<\/span><\/span><\/strong><br \/>\n<strong><span style=\"font-size: 14px\"><span style=\"font-family: Arial\">Programa de Aperfei\u00e7oamento de Ensino (<span style=\"color: #0000ff\"><a style=\"color: #0000ff\" href=\"http:\/\/www.forp.usp.br\/\">FORP<\/a><\/span>)<\/span><\/span><\/strong><br \/>\n<strong><span style=\"font-size: 14px\"><span style=\"font-family: Arial\"><span style=\"color: #0000ff\"><span style=\"color: #000000\">Publica\u00e7\u00e3o  Anual<\/span> (<span style=\"font-size: 15px\"><em><span style=\"color: #000000\"><span style=\"text-decoration: underline\">Suplemento<\/span><\/span><\/em><\/span>: <a style=\"color: #0000ff\" href=\"http:\/\/sites.usp.br\/ebt\/forp-e-h-encl-bras-teleodontol\/f-revista-brasileira-de-teleodontologia_issn-2448-1181\/forum-pedagogico-online-programa-de-aperfeicoamento-do-ensino-pae\/\">Sum\u00e1rio<\/a><span style=\"color: #000000\">): Abril 2011<\/span> <span style=\"color: #000000\">\/<\/span> <a style=\"color: #0000ff\" href=\"http:\/\/sites.usp.br\/ebt\/forp-e-h-encl-bras-teleodontol\/f-revista-brasileira-de-teleodontologia\/\">S\u00e9rie F<\/a> &#8211; <a style=\"color: #0000ff\" href=\"http:\/\/sites.usp.br\/ebt\/forp-e-h-encl-bras-teleodontol\/f-revista-brasileira-de-teleodontologia_issn-2448-1181\/forum-pedagogico-online-programa-de-aperfeicoamento-do-ensino-pae\/1o-forum-pedagogico-online-caracteristicas-educacionais\/\">1\u00aa F\u00f3rum Pedag\u00f3gico Online<\/a><\/span><\/span><\/span><\/strong><br \/>\n<strong style=\"text-align: center\"><span style=\"font-size: 14px\"><span style=\"font-family: Arial\"><strong><span style=\"font-size: 15px\"><em><span style=\"color: #000000\"><span style=\"text-decoration: underline\">Tema<\/span><\/span><\/em><\/span>:  <\/strong><\/span><\/span><\/strong><strong><span style=\"font-size: 14px\"><span style=\"font-family: Arial\"><span style=\"color: #0000ff\"><span style=\"color: #000000\">Caracter\u00edsticas  Educacionais (Forma\u00e7\u00e3o Acad\u00eamica)<\/span><\/span><\/span><\/span><\/strong><strong style=\"text-align: center\"><span style=\"font-size: 14px\"><span style=\"font-family: Arial\"><strong><br \/>\n<\/strong><\/span><\/span><\/strong><strong><span style=\"font-size: 14px\"><span style=\"font-family: Arial\"><span style=\"color: #0000ff\"><span style=\"color: #000000\">Eixo Educacional (Ensino e Aprendizado) <\/span><\/span><\/span><\/span><\/strong><strong style=\"text-align: center\"><span style=\"font-size: 14px\"><span style=\"font-family: Arial\"><br \/>\n<\/span><\/span><\/strong><\/p>\n<address style=\"text-align: right\">\n<hr style=\"width: 321px\" \/>\n<\/address>\n<address style=\"text-align: right\"> <\/address>\n<p style=\"text-align: justify\"><em><span style=\"color: #ff0000;font-size: 14px\">\u2666 <\/span><\/em><span style=\"color: #ff0000\"><span style=\"font-size: 10px\"><strong><span style=\"color: #0000ff\"><em><span style=\"color: #000000;font-size: 14px\">L<\/span><\/em><\/span><\/strong><\/span><\/span><span style=\"color: #ff0000\"><span style=\"color: #ff0000\"><span style=\"font-size: 10px\"><strong><span style=\"color: #0000ff\"><em><span style=\"color: #ff0000\"><em><strong><span style=\"color: #000000;font-size: 14px\">uiz Carlos Pardini &#8211;<\/span><\/strong><\/em><\/span><\/em><span style=\"color: #ff0000\"><strong><span style=\"font-size: 10px\"><span style=\"color: #0000ff\"><span style=\"color: #0000ff\"> <span style=\"color: #000000\">{<\/span><\/span><\/span><\/span><\/strong><\/span><\/span><\/strong><\/span><\/span><\/span><span style=\"font-size: 10px\"><strong><span style=\"color: #0000ff\"><span style=\"color: #ff0000\"><strong><span style=\"font-size: 10px\"><span style=\"color: #000000\"><a style=\"color: #0000ff\" href=\"https:\/\/uspdigital.usp.br\/telefonia\/telFormularioEmail.jsp?codigoPessoaUsuario=0&amp;codigoPessoa=75623&amp;nomePessoa=Luiz Carlos Pardini&amp;print=s\">E-mailUSP<\/a>] <span style=\"color: #ff0000\"><span style=\"color: #ff0000\"><span style=\"font-size: 10px\"><strong><span style=\"color: #0000ff\"><em><span style=\"color: #ff0000\"><em><strong><span style=\"color: #000000;font-size: 14px\">&#8211;<\/span><\/strong><\/em><\/span><\/em> <\/span><\/strong><\/span><\/span><\/span><span style=\"color: #0000ff\"> <a style=\"color: #0000ff\" href=\"http:\/\/buscatextual.cnpq.br\/buscatextual\/visualizacv.do?metodo=apresentar&amp;id=K4796807T1\">Curr\u00edculo Lattes<\/a>  &#8211; <a style=\"color: #0000ff\" href=\"\/\/sites.usp.br\/ebt\/forp-expediente-encicl-bras-teleodontol\/parecerista-relator-consultor\/luiz-carlos-pardini\/\">Informa\u00e7\u00f5es Adicionais<\/a><\/span><\/span><\/span><\/strong><\/span><\/span><\/strong><\/span><\/p>\n<\/address>\n<\/address>\n<hr \/>\n<hr \/>\n<address style=\"text-align: right\"><strong><span style=\"font-size: 10px\">p\u00e1gina 1<\/span><\/strong><\/address>\n<hr \/>\n<p style=\"text-align: justify\"><span style=\"font-size: 10px\"><span style=\"color: #ff0000;font-size: 10px\"><span style=\"color: #ff0000;font-size: 14px\">\u25ca<\/span><\/span> <strong>PARDINI, L.C.  PAE (Disciplina): Metodologias e Din\u00e2mica no Ensino da Odontologia \u2013 Modalidades de T\u00e9cnicas  de Ensino. Encicl. Bras. Teleodontol., Volume 1 (S\u00e9rie A): p\u00e1gina 1, janeiro, <\/strong><\/span><strong><span style=\"font-size: 10px\"> 2011. ISSN 2448-1181<\/span><\/strong><\/p>\n<hr \/>\n<p style=\"text-align: justify\"><span style=\"font-family: Arial\"><strong>PAE <\/strong>(<strong>Disciplina<\/strong>) <strong>: Metodologias e Din\u00e2mica no Ensino da Odontologia \u2013 Modalidades de T\u00e9cnicas  de Ensino   <\/strong>e a<strong> Abordagem Articular e<\/strong>st\u00e1 associada com a <\/span><span style=\"font-family: Arial\"> com aux\u00edlio das ferramentas educacionais inovadoras (<\/span><span style=\"font-family: Arial\"><strong>Multimeios Educativos Interativos Virtuais<\/strong> &#8211; <strong>MEVI<\/strong>) <\/span><span style=\"font-family: Arial\">consolida o <strong>Projeto Pol\u00edtico Pedag\u00f3gico:<\/strong><\/span><\/p>\n<ul>\n<li><span style=\"font-family: Arial\"> Ensino a Dist\u00e2ncia (<strong>EaD<\/strong>), <\/span><span style=\"font-family: Arial\">Ensino Presencial (<strong>EP<\/strong>), Ensino H\u00edbrido  \/ Ensino Semipresencial (<strong>ESp<\/strong>),<\/span><\/li>\n<li><span style=\"font-family: Arial\"> Estudo de Casos (Segunda Opini\u00e3o &#8211; F\u00f3rum de Discuss\u00e3o &#8211; Discuss\u00e3o de Casos), Portif\u00f3lio<br \/>\n<\/span><\/li>\n<li><span style=\"font-family: Arial\">M\u00eddias Digitais: CD-ROM, V\u00eddeo, Hipertexto, Bog, Hipertexto,. <\/span><\/li>\n<li><span style=\"font-family: Arial\">Semin\u00e1rio, <\/span><span style=\"font-family: Arial\">Simp\u00f3sio, <\/span><span style=\"font-family: Arial\">Palestra, <\/span><span style=\"font-family: Arial\">Debate.<br \/>\n<\/span><\/li>\n<li><span style=\"font-family: Arial\">Teleconfer\u00eancia, Teleassist\u00eancia, Telessa\u00fade, Telediagn\u00f3stico (Telerradiologia), Teleconsulta, Tele-educa\u00e7\u00e3o (Teleduca\u00e7\u00e3o), <\/span><\/li>\n<li><span style=\"font-family: Arial\"> Portf\u00f3lio  Online (Caso Cl\u00ednico)<br \/>\n<\/span><\/li>\n<li><span style=\"font-family: Arial\">Curso de P\u00f3s-Gradua\u00e7\u00e3o (Especializa\u00e7\u00e3o \/ Lato Sensu; Stricto Sensu), <\/span><\/li>\n<li><span style=\"font-family: Arial\">Atualiza\u00e7\u00e3o, Aprimoramento<\/span><\/li>\n<li><span style=\"font-family: Arial\">Jogos Educativos<\/span><\/li>\n<\/ul>\n<p style=\"text-align: justify\">\n<p style=\"text-align: justify\"><span style=\"font-family: Arial\">este s\u00e9culo XXI \u00e9 fundamental a necessidade da constante atualiza\u00e7\u00e3o profissional. <span style=\"color: #0000ff\"><span style=\"color: #000000\">em Odontologia<\/span><\/span>. <\/span><span style=\"font-family: Arial\">Cumpre enfatizar que o <strong>Coaching Educacional<\/strong> em Odontologia orienta a Doc\u00eancia co foco no Educador, e Educando estimulando o Ensino e o Aprendizagem com a correta Motiva\u00e7\u00e3o.<\/span><\/p>\n<hr \/>\n<p style=\"text-align: justify\"><strong><span style=\"font-size: 10px\"> REFER\u00caNCIAS<br \/>\n<\/span><\/strong><\/p>\n<div style=\"text-align: justify\" align=\"justify\">\n<div align=\"justify\"><span style=\"font-size: 10px\">1. FREIRE, P. Conscientiza\u00e7\u00e3o. S\u00e3o Paulo: Cortez &amp; Moraes, 1979.[<span style=\"color: #0000ff\"><strong><a style=\"color: #0000ff\" href=\"http:\/\/www.paulofreire.ufpb.br\/paulofreire\/Controle?tipo=Livrox&amp;op=listar&amp;id=0&amp;obra_critica=C\">LINK<\/a><\/strong><\/span>]<br \/>\n<\/span><\/div>\n<div align=\"justify\"><span style=\"font-size: 10px\">2. FREIRE, P. A import\u00e2ncia do ato de ler. 23\u00aa ed., S\u00e3o Paulo: Autores Associados: Cortez, 1989. [<span style=\"color: #0000ff\"><strong><a style=\"color: #0000ff\" href=\"http:\/\/www.paulofreire.ufpb.br\/paulofreire\/Controle?tipo=Livrox&amp;op=listar&amp;id=0&amp;obra_critica=C\">LINK<\/a><\/strong><\/span>] <\/span><\/div>\n<div align=\"justify\"><span style=\"font-size: 10px\">3. GADOTTI, M.; FREIRE, P.; GUIMAR\u00c3ES , S. Pedagogia: di\u00e1logo e conflito, 6\u00aa. ed.,S\u00e3o Paulo: Cortez, 1995.  <\/span><span style=\"font-size: 10px\"><a href=\"http:\/\/www.paulofreire.ufpb.br\/paulofreire\/Controle?tipo=Livrox&amp;op=listar&amp;id=0&amp;obra_critica=C\">[<span style=\"color: #0000ff\"><strong>LINK<\/strong><\/span><\/a>]<\/span><\/div>\n<div align=\"justify\"><span style=\"font-size: 10px\">4. FREIRE, P. Pol\u00edtica e educa\u00e7\u00e3o, 5. ed, S\u00e3o Paulo: Cortez, 2001. [<span style=\"color: #0000ff\"><strong><a style=\"color: #0000ff\" href=\"http:\/\/www.paulofreire.ufpb.br\/paulofreire\/Controle?tipo=Livrox&amp;op=listar&amp;id=0&amp;obra_critica=C\">LINK<\/a><\/strong><\/span>]<br \/>\n<\/span><\/div>\n<div style=\"text-align: center\" align=\"justify\">\n<address style=\"text-align: right\">\n<hr \/>\n<hr \/>\n<\/address>\n<\/div>\n<\/div>\n<div style=\"text-align: left\" align=\"center\">\n<div style=\"text-align: center\" align=\"center\">\n<div align=\"justify\">\n<p><span style=\"font-size: 10px\"><strong><span style=\"color: #ff0000\"><span style=\"color: #ff0000;font-size: 10px\"><span style=\"color: #ff0000;font-size: 14px\">\u25ca<\/span><\/span> <\/span>Universidade de S\u00e3o Paulo (<\/strong><\/span><span style=\"font-size: 10px\"><strong><span style=\"color: #0000ff\"><a style=\"color: #0000ff\" href=\"http:\/\/www5.usp.br\/\">USP<\/a><\/span><\/strong><\/span><span style=\"font-size: 10px\"><strong>), Pr\u00f3-Reitoria de P\u00f3s-Gradua\u00e7\u00e3o (<span style=\"color: #0000ff\"><a style=\"color: #0000ff\" href=\"http:\/\/www.prpg.usp.br\/index.php\/pt-br\/\">PrGra<\/a><\/span>), Sistemas de Apoio \u00e0 P\u00f3s-Gradua\u00e7\u00e3o (<span style=\"color: #0000ff\"><a style=\"color: #0000ff\" href=\"https:\/\/uspdigital.usp.br\/janus\/comum\/entrada.jsf#\">Janus<\/a><\/span>). Faculdade de Odontologia de Ribeir\u00e3o (<\/strong><\/span><span style=\"font-size: 10px\"><strong><span style=\"color: #0000ff\"><a style=\"color: #0000ff\" href=\"http:\/\/www.forp.usp.br\/\">FORP<\/a><\/span><\/strong><\/span><span style=\"font-size: 10px\"><strong>) &#8211; Programa de P\u00f3s-Gradua\u00e7\u00e3o (<\/strong><span style=\"color: #0000ff\"><a style=\"color: #0000ff\" href=\"http:\/\/www.prpg.usp.br\/index.php\/pt-br\/faca-pos-na-usp\/ache-um-programa?art_title=&amp;unidades%5B%5D=Faculdade+de+Odontologia+de+Ribeir%C3%A3o+Preto&amp;area_pos_graduacao%5B%5D=Ci%C3%AAncias+Biol%C3%B3gicas+e+da+Sa%C3%BAde&amp;art_language=pt-BR&amp;boxchecked=0&amp;search=programas_de_ps_graduaco&amp;task=search\">PgPG<\/a><\/span><strong>). Disciplina: \u00c1rea de Concentra\u00e7\u00e3o (<span style=\"color: #0000ff\"><a style=\"color: #0000ff\" href=\"http:\/\/143.107.206.201\/pradua-mainmenu-61\/13-cursos-oferecidos\/246-programa-de-pradua-em-odontopediatria.html\">58135<\/a><\/span>) ~ <span style=\"text-decoration: underline\"><em>C\u00f3digo 8035743<\/em><\/span> (<span style=\"color: #0000ff\"><a style=\"color: #0000ff\" href=\"https:\/\/uspdigital.usp.br\/janus\/componente\/catalogoDisciplinasInicial.jsf?action=3&amp;sgldis=8035743\">Conte\u00fado Program\u00e1tico<\/a><\/span>): Disciplina: <em>Metodologias e Din\u00e2mica no Ensino da Odontologia<\/em> (05\/05\/2000 at\u00e9 presente data): <\/strong><\/span><span style=\"font-size: 10px\"><strong>F\u00f3rum de Discuss\u00e3o (Sala de Aula). Respons\u00e1vel<\/strong><\/span><span style=\"font-size: 10px\"><span style=\"font-size: 10px\"><strong>: Prof. Dr. Luiz Carlos Pardini.<\/strong><\/span><\/span><\/p>\n<hr \/>\n<p><span style=\"font-size: 10px\"><strong><span style=\"text-decoration: underline\">Recebido<\/span>:  9\/12\/2010 &#8211; <span style=\"text-decoration: underline\">Reformulado<\/span>: 15\/12\/2010 &#8211; <span style=\"text-decoration: underline\">Publicado<\/span>:  3\/01\/2011 &#8211; Enciclop\u00e9dia Brasileira de Teleodontologia &#8211; ISSN 2448-1181<\/strong><br \/>\n<\/span><\/p>\n<\/div>\n<\/div>\n<hr \/>\n<\/div>\n","protected":false},"excerpt":{"rendered":"<p>Enciclop\u00e9dia Brasileira de Teleodontologia Programa de Aperfei\u00e7oamento de Ensino (FORP) Publica\u00e7\u00e3o Anual (Suplemento: Sum\u00e1rio): Abril [&hellip;]<\/p>\n","protected":false},"author":58,"featured_media":0,"parent":3954,"menu_order":0,"comment_status":"closed","ping_status":"closed","template":"","meta":{"footnotes":"","_links_to":"","_links_to_target":""},"class_list":["post-14566","page","type-page","status-publish","hentry"],"_links":{"self":[{"href":"https:\/\/sites.usp.br\/podae\/index.php?rest_route=\/wp\/v2\/pages\/14566","targetHints":{"allow":["GET"]}}],"collection":[{"href":"https:\/\/sites.usp.br\/podae\/index.php?rest_route=\/wp\/v2\/pages"}],"about":[{"href":"https:\/\/sites.usp.br\/podae\/index.php?rest_route=\/wp\/v2\/types\/page"}],"author":[{"embeddable":true,"href":"https:\/\/sites.usp.br\/podae\/index.php?rest_route=\/wp\/v2\/users\/58"}],"replies":[{"embeddable":true,"href":"https:\/\/sites.usp.br\/podae\/index.php?rest_route=%2Fwp%2Fv2%2Fcomments&post=14566"}],"version-history":[{"count":1,"href":"https:\/\/sites.usp.br\/podae\/index.php?rest_route=\/wp\/v2\/pages\/14566\/revisions"}],"predecessor-version":[{"id":14567,"href":"https:\/\/sites.usp.br\/podae\/index.php?rest_route=\/wp\/v2\/pages\/14566\/revisions\/14567"}],"up":[{"embeddable":true,"href":"https:\/\/sites.usp.br\/podae\/index.php?rest_route=\/wp\/v2\/pages\/3954"}],"wp:attachment":[{"href":"https:\/\/sites.usp.br\/podae\/index.php?rest_route=%2Fwp%2Fv2%2Fmedia&parent=14566"}],"curies":[{"name":"wp","href":"https:\/\/api.w.org\/{rel}","templated":true}]}}