{"id":14570,"date":"2020-06-02T17:21:32","date_gmt":"2020-06-02T20:21:32","guid":{"rendered":"http:\/\/sites.usp.br\/podae\/?page_id=14570"},"modified":"2020-06-02T17:22:11","modified_gmt":"2020-06-02T20:22:11","slug":"forp-pae-metodologias-e-dinamica-no-ensino-da-odontologia-historico-educacional","status":"publish","type":"page","link":"https:\/\/sites.usp.br\/podae\/?page_id=14570","title":{"rendered":"FORP\/PAE: Metodologias e Din\u00e2mica no Ensino da Odontologia \u2013 Hist\u00f3rico Educacional"},"content":{"rendered":"<address><em><span style=\"color: #ff0000;font-size: 14px\"><em>\u2666 <\/em><\/span><\/em><span style=\"color: #ff0000\"><span style=\"color: #ff0000\"><span style=\"font-size: 10px\"><strong><span style=\"color: #0000ff\"><em><span style=\"color: #ff0000\"><em><strong><span style=\"color: #000000;font-size: 14px\">Luiz Carlos Pardini &#8211;<\/span><\/strong><\/em><\/span><\/em><span style=\"color: #ff0000\"><strong><span style=\"font-size: 10px\"><span style=\"color: #0000ff\"><span style=\"color: #0000ff\"><span style=\"color: #000000\">[<\/span><\/span><\/span><\/span><\/strong><\/span><\/span><\/strong><\/span><\/span><\/span><span style=\"font-size: 10px\"><strong><span style=\"color: #0000ff\"><span style=\"color: #ff0000\"><strong><span style=\"font-size: 10px\"><span style=\"color: #000000\"><span style=\"color: #0000ff\"><a style=\"color: #0000ff\" href=\"http:\/\/buscatextual.cnpq.br\/buscatextual\/email.do?metodo=apresentar&amp;seqIdPessoa=396158&amp;nomeDestinatario=Luiz_Carlos_Pardini\">E-mailCNpQ<\/a><\/span>]<span style=\"color: #ff0000\"><span style=\"color: #ff0000\"><span style=\"font-size: 10px\"><strong><span style=\"color: #0000ff\"><em><span style=\"color: #ff0000\"><em><strong><span style=\"color: #000000;font-size: 14px\"> &#8211;<\/span><\/strong><\/em><\/span><\/em> <\/span><\/strong><\/span><\/span><\/span> <\/span><span style=\"color: #0000ff\"><a href=\"http:\/\/buscatextual.cnpq.br\/buscatextual\/visualizacv.do?metodo=apresentar&amp;id=K4796807T1\"><span style=\"color: #0000ff\">Curr\u00edculo Lattes<\/span><\/a><\/span><span style=\"color: #000000\"> &#8211; <span style=\"color: #0000ff\"><a style=\"color: #0000ff\" href=\"http:\/\/sites.usp.br\/ebt\/forp-expediente-encicl-bras-teleodontol\/parecerista-relator-consultor-avaliador\/luiz-carlos-pardini\/\">Informa\u00e7\u00f5es Adicioanais<\/a><\/span><br \/>\n<\/span><\/span><\/strong><\/span><\/span><\/strong><\/span><\/address>\n<hr \/>\n<hr \/>\n<address style=\"text-align: right\"><strong><span style=\"font-size: 10px\"><span style=\"color: #ff0000\"><span style=\"color: #0000ff\"><em><span style=\"color: #000000;font-size: 14px\"><span style=\"color: #0000ff\"><a style=\"color: #0000ff\" href=\"http:\/\/sites.usp.br\/ebt\/forp-e-h-encl-bras-teleodontol\/f-revista-brasileira-de-teleodontologia\/orum-pedagogico-online-programa-de-aperfeicoamento-do-ensino-pae\/\">1\u00ba F\u00f3rum Pedag\u00f3gico Online<\/a><\/span> (Janeiro\/ Fevereiro 2011) &#8211; Abordagem Articular (Educadr: Docente) <\/span><\/em><\/span><\/span>\/ p\u00e1gina 2 <\/span><\/strong><\/address>\n<hr \/>\n<p style=\"text-align: justify\"><span style=\"font-size: 10px\">PARDINI, L.C. FORP\/PAE (Disciplina): Metodologias e Din\u00e2mica no Ensino da Odontologia &#8211; Hist\u00f3rico Educacional. Encicl. Bras. Teleodontol., Volume 1 (S\u00e9rie F): p\u00e1gina 2, fevereiro, <\/span><span style=\"font-size: 10px\"> 2011, ISSN 2448-1181<\/span><\/p>\n<hr \/>\n<p style=\"text-align: justify\"><span style=\"font-family: Arial\"><strong>Metodologias e Din\u00e2mica no Ensino da Odontologia <\/strong>apresenta<strong> Hist\u00f3rico Educacional <\/strong>sendo a cria\u00e7\u00e3o e implanta\u00e7\u00e3o em 2000, no Programa de P\u00f3s-Gradua\u00e7\u00e3o, da F<strong>aculdade de Odontologia de Ribeir\u00e3o Pret<\/strong>o <span style=\"color: #0000ff\"><strong>(<a href=\"https:\/\/www.forp.usp.br\/\"><span style=\"color: #0000ff\">FORP<\/span><\/a> \/ <\/strong><a style=\"color: #0000ff\" href=\"https:\/\/uspdigital.usp.br\/jupiterweb\/listarGradeCurricular?codcg=58&amp;codcur=58012&amp;codhab=0&amp;tipo=N\"><strong><span style=\"color: #0000ff\">Matriz Curricular<\/span><\/strong><\/a><\/span>) , da <strong>Universidade de S\u00e3o Paulo (<span style=\"color: #0000ff\"><a style=\"color: #0000ff\" href=\"http:\/\/www5.usp.br\/\">USP<\/a>)<\/span><\/strong>, e em 2005 incorporada no <\/span><span style=\"font-family: Arial\"><strong>Programa de Aperfei\u00e7oamento de Ensino<\/strong> (<span style=\"color: #0000ff\"><strong><a style=\"color: #0000ff\" href=\"http:\/\/www.prpg.usp.br\/index.php\/pt-br\/pae\/o-que-pae\">PAE<\/a><\/strong><\/span>), da <strong>Universidade de S\u00e3o Paulo<\/strong> (<\/span><span style=\"color: #0000ff\"><strong><span style=\"font-family: Arial\"><a style=\"color: #0000ff\" href=\"https:\/\/edisciplinas.usp.br\/pluginfile.php\/3128049\/mod_resource\/content\/1\/PORTARIA%20GR%20N%C2%BA%203588.pdf\">Portaria GR 3588<\/a><\/span><\/strong><\/span><span style=\"font-family: Arial\">) objetiva aprimorar a forma\u00e7\u00e3o do P\u00f3s-graduando <\/span><span style=\"font-family: Arial\">(Mestrado e Doutorado) com apoio da <\/span><span style=\"font-family: Arial\"><strong>Pr\u00f3-reitoria de P\u00f3s-Gradua\u00e7\u00e3o<\/strong> (<strong><span style=\"color: #0000ff\"><a style=\"color: #0000ff\" href=\"http:\/\/www.prpg.usp.br\/index.php\/pt-br\/\">Pr-PG<\/a><\/span><\/strong>)<\/span><span style=\"font-family: Arial\"> com ferramentas pedag\u00f3gicas para atuar em atividade did\u00e1tica, no Curso de Gradua\u00e7\u00e3o. <\/span><span style=\"font-family: Arial\"><br \/>\n<\/span><\/p>\n<p style=\"text-align: justify\"><span style=\"font-family: Arial\"><strong>Programa de Aperfei\u00e7oamento de Ensino<\/strong> (<span style=\"color: #0000ff\"><strong><a style=\"color: #0000ff\" href=\"http:\/\/www.prpg.usp.br\/index.php\/pt-br\/pae\/o-que-pae\">PAE<\/a><\/strong><\/span>) tem como principal objetivo \u00e9 aperfei\u00e7oar a forma\u00e7\u00e3o do Educando (P\u00f3s-Graduando) para atividade acad\u00eamicas (Ensino e Aprendizado).<\/span><\/p>\n<p style=\"font-family: Arial\"><span style=\"font-family: Arial\">Na <strong>Faculdade de Odontologia de Ribeir\u00e3o<\/strong> <strong>Preto<\/strong> (<\/span><span style=\"font-family: Arial\"><span style=\"color: #0000ff\"><a style=\"color: #0000ff\" href=\"https:\/\/uspdigital.usp.br\/jupiterweb\/listarGradeCurricular?codcg=58&amp;codcur=58012&amp;codhab=0&amp;tipo=N\"><strong>FORP<\/strong><\/a><\/span>)<\/span><span style=\"font-family: Arial\"> a <strong>Disciplina Disciplina: Metodologias e Din\u00e2mica no Ensino da Odontologia<\/strong> est\u00e1 contida no <strong>Programa de Aperfei\u00e7oamento de Ensino<\/strong> (<span style=\"color: #0000ff\"><strong><a style=\"color: #0000ff\" href=\"http:\/\/www.prpg.usp.br\/index.php\/pt-br\/pae\/o-que-pae\">PAE<\/a><\/strong><\/span> \/  <strong><span style=\"color: #0000ff\"><a style=\"color: #0000ff\" href=\"http:\/\/www.prpg.usp.br\/index.php\/pt-br\/\">Pr-PG<\/a><\/span><\/strong>  \/ \/ <strong><span style=\"color: #0000ff\"><a style=\"color: #0000ff\" href=\"http:\/\/www5.usp.br\/\">USP<\/a><\/span><\/strong>) com o Proposta Educacional com os conte\u00fado sinalizadores: <\/span>Comunica\u00e7\u00e3o, Emissor (Professor); Receptor (Aluno), Metodologia e T\u00e9cnicas de Ensino em Odontologia (Metodologias: Tradicional e Contempor\u00e2nea), Foco Educacional (Aula Expositiva e Expostiva Dialogada), Estrutura\u00e7\u00e3o de Disciplina, Material Pedag\u00f3gico, Avalia\u00e7\u00f5es: Apresenta\u00e7\u00e3o (Docente)e dos Alunos (P\u00f3s-Gradua\u00e7\u00e3o &#8220;feedback&#8221; ).<\/p>\n<p style=\"font-family: Arial\"><span style=\"font-family: Arial\">Neste s\u00e9culo XXI os processos comportamentais do Educando (&#8221; P\u00f3s-Gradua\u00e7\u00e3o&#8221;<\/span><span style=\"font-family: Arial\">) devem estimular as a\u00e7\u00f5es compartilhadas com as ferramentas virtuais facilitadoras (<strong><span style=\"color: #0000ff\"><a style=\"color: #0000ff\" href=\"http:\/\/www5.usp.br\/\">USP<\/a><\/span><\/strong> &#8211; <span style=\"color: #0000ff\"><strong><a style=\"color: #0000ff\" href=\"\/\/sites.usp.br\/podae\/\">PODAE<\/a><\/strong><\/span> &#8211; <strong><span style=\"color: #0000ff\"><a style=\"color: #0000ff\" href=\"\/\/sites.usp.br\/LACIRO\/\">Laciro<\/a><\/span><\/strong>).<\/span><\/p>\n<hr \/>\n<p style=\"text-align: justify\"><strong><span style=\"font-size: 10px\">REFER\u00caNCIAS<\/span><\/strong><\/p>\n<div style=\"text-align: justify\" align=\"justify\">\n<div align=\"justify\"><span style=\"font-size: 10px\">1. <strong>CASAGRANDE, L.D.R; PARDINI, L.C. Abordagem Articular: Doc\u00eancia e o Mon\u00f3logo (Curr\u00edculo e Did\u00e1tica). Encicl. Bras. Teleodontol., Volume 1 (S\u00e9rie A): p\u00e1gina 2, janeiro, <\/strong><strong> 2011. [<span style=\"color: #0000ff\"><a style=\"color: #0000ff\" href=\"http:\/\/sites.usp.br\/ebt\/forp-a-d-encl-bras-teleodontol\/a\/atividade-online-arauto-e-atributo-educacional\/atividade-online-abordagem-articular-docente-e-a-dialogica-educacional\/editorial-abordagem-articular-docente-e-a-dialogica-romper-barreiras-educacionais\/\">LINK<\/a><\/span>]<\/strong><\/span><\/div>\n<div align=\"justify\"><span style=\"font-size: 10px\">2. <strong>ROZENDO, C.A.; CASAGRANDE, L.D.R.; SCHNEIDER, J.F.; PARDINI, L.C. Uma an\u00e1lise das pr\u00e1ticas docentes de professores universit\u00e1rios da \u00e1rea de sa\u00fade. Rev. latino-am.enfermagem, Ribeir\u00e3o Preto, 7( 2): 15-23, abril 1999.<\/strong> [<span style=\"color: #0000ff\"><strong><a style=\"color: #0000ff\" href=\"http:\/\/www.scielo.br\/scielo.php?script=sci_arttext&amp;pid=S0104-11691999000200003&amp;lng=pt&amp;nrm=iso\">LINK<\/a><\/strong><\/span>].<\/span><\/div>\n<div align=\"justify\"><span style=\"font-size: 10px\">3. <strong>PARDINI, L.C . Manual da Disciplina do Programa de P\u00f3s-Gradua\u00e7\u00e3o (FORP), 2001<\/strong>. [<a href=\"https:\/\/uspdigital.usp.br\/janus\/componente\/catalogoDisciplinasInicial.jsf?action=3&amp;sgldis=8035743\"><span style=\"color: #0000ff\"><strong>LINK<\/strong><\/span><\/a>]<br \/>\n<\/span><\/div>\n<div style=\"text-align: center\" align=\"justify\">\n<address style=\"text-align: right\">\n<hr \/>\n<hr \/>\n<\/address>\n<\/div>\n<\/div>\n<div style=\"text-align: left\" align=\"center\">\n<div style=\"text-align: center\" align=\"center\">\n<div align=\"justify\">\n<p><span style=\"font-size: 10px\"><strong><span style=\"color: #ff0000\"><span style=\"color: #ff0000;font-size: 10px\"><span style=\"color: #ff0000;font-size: 14px\">\u25ca<\/span><\/span> <\/span>Universidade de S\u00e3o Paulo (<\/strong><\/span><span style=\"font-size: 10px\"><strong><span style=\"color: #0000ff\"><a style=\"color: #0000ff\" href=\"http:\/\/www5.usp.br\/\">USP<\/a><\/span><\/strong><\/span><span style=\"font-size: 10px\"><strong>), Pr\u00f3-Reitoria de P\u00f3s-Gradua\u00e7\u00e3o (<span style=\"color: #0000ff\"><a style=\"color: #0000ff\" href=\"http:\/\/www.prpg.usp.br\/index.php\/pt-br\/\">PrGra<\/a><\/span>), Sistemas de Apoio \u00e0 P\u00f3s-Gradua\u00e7\u00e3o (<span style=\"color: #0000ff\"><a style=\"color: #0000ff\" href=\"https:\/\/uspdigital.usp.br\/janus\/comum\/entrada.jsf#\">Janus<\/a><\/span>). Faculdade de Odontologia de Ribeir\u00e3o (<\/strong><\/span><span style=\"font-size: 10px\"><strong><span style=\"color: #0000ff\"><a style=\"color: #0000ff\" href=\"http:\/\/www.forp.usp.br\/\">FORP<\/a><\/span><\/strong><\/span><span style=\"font-size: 10px\"><strong>) &#8211; Programas de P\u00f3s-Gradua\u00e7\u00e3o (<span style=\"color: #0000ff\"><a style=\"color: #0000ff\" href=\"http:\/\/www.prpg.usp.br\/index.php\/pt-br\/faca-pos-na-usp\/ache-um-programa?art_title=&amp;unidades%5B%5D=Faculdade+de+Odontologia+de+Ribeir%C3%A3o+Preto&amp;area_pos_graduacao%5B%5D=Ci%C3%AAncias+Biol%C3%B3gicas+e+da+Sa%C3%BAde&amp;art_language=pt-BR&amp;boxchecked=0&amp;search=programas_de_ps_graduaco&amp;task=search\">PgPG<\/a><\/span>): Programa de Odontopediatria (<span style=\"color: #0000ff\"><a style=\"color: #0000ff\" href=\"http:\/\/www.prpg.usp.br\/index.php\/pt-br\/faca-pos-na-usp\/programas-de-pos-graduacao\/104-odontopediatria\">Pg:Odontopediatria<\/a><\/span>) \/ \u00c1rea de Concentra\u00e7\u00e3o (<span style=\"color: #0000ff\"><a style=\"color: #0000ff\" href=\"http:\/\/143.107.206.201\/pradua-mainmenu-61\/13-cursos-oferecidos\/246-programa-de-pradua-em-odontopediatria.html\">58135<\/a><\/span>) ~ <span style=\"text-decoration: underline\"><em>C\u00f3digo 8035743<\/em><\/span> (<span style=\"color: #0000ff\"><a style=\"color: #0000ff\" href=\"https:\/\/uspdigital.usp.br\/janus\/componente\/catalogoDisciplinasInicial.jsf?action=3&amp;sgldis=8035743\">Conte\u00fado Program\u00e1tico<\/a><\/span>): Disciplina: <em>Metodologias e Din\u00e2mica no Ensino da Odontologia<\/em> (05\/05\/2000 at\u00e9 presente data): <\/strong><\/span><span style=\"font-size: 10px\"><strong>F\u00f3rum de Discuss\u00e3o (Sala de Aula). Respons\u00e1vel<\/strong><\/span><span style=\"font-size: 10px\"><span style=\"font-size: 10px\"><strong>: Prof. Dr. Luiz Carlos Pardini.<\/strong><\/span><\/span><\/p>\n<hr \/>\n<p><span style=\"font-size: 10px\"><strong><span style=\"text-decoration: underline\">Recebido<\/span>: 15\/01\/2011 &#8211; <span style=\"text-decoration: underline\">Publicado<\/span>: 01\/02\/2011 &#8211; Enciclop\u00e9dia Brasileira de Teleodontologia &#8211; ISSN 2448-1181<\/strong><br \/>\n<\/span><\/p>\n<\/div>\n<\/div>\n<hr \/>\n<\/div>\n<p>&nbsp;<\/p>\n","protected":false},"excerpt":{"rendered":"<p>\u2666 Luiz Carlos Pardini &#8211;[E-mailCNpQ] &#8211; Curr\u00edculo Lattes &#8211; Informa\u00e7\u00f5es Adicioanais 1\u00ba F\u00f3rum Pedag\u00f3gico Online [&hellip;]<\/p>\n","protected":false},"author":58,"featured_media":0,"parent":3954,"menu_order":0,"comment_status":"closed","ping_status":"closed","template":"","meta":{"footnotes":"","_links_to":"","_links_to_target":""},"class_list":["post-14570","page","type-page","status-publish","hentry"],"_links":{"self":[{"href":"https:\/\/sites.usp.br\/podae\/index.php?rest_route=\/wp\/v2\/pages\/14570","targetHints":{"allow":["GET"]}}],"collection":[{"href":"https:\/\/sites.usp.br\/podae\/index.php?rest_route=\/wp\/v2\/pages"}],"about":[{"href":"https:\/\/sites.usp.br\/podae\/index.php?rest_route=\/wp\/v2\/types\/page"}],"author":[{"embeddable":true,"href":"https:\/\/sites.usp.br\/podae\/index.php?rest_route=\/wp\/v2\/users\/58"}],"replies":[{"embeddable":true,"href":"https:\/\/sites.usp.br\/podae\/index.php?rest_route=%2Fwp%2Fv2%2Fcomments&post=14570"}],"version-history":[{"count":2,"href":"https:\/\/sites.usp.br\/podae\/index.php?rest_route=\/wp\/v2\/pages\/14570\/revisions"}],"predecessor-version":[{"id":14572,"href":"https:\/\/sites.usp.br\/podae\/index.php?rest_route=\/wp\/v2\/pages\/14570\/revisions\/14572"}],"up":[{"embeddable":true,"href":"https:\/\/sites.usp.br\/podae\/index.php?rest_route=\/wp\/v2\/pages\/3954"}],"wp:attachment":[{"href":"https:\/\/sites.usp.br\/podae\/index.php?rest_route=%2Fwp%2Fv2%2Fmedia&parent=14570"}],"curies":[{"name":"wp","href":"https:\/\/api.w.org\/{rel}","templated":true}]}}