{"id":14633,"date":"2020-06-02T18:52:37","date_gmt":"2020-06-02T21:52:37","guid":{"rendered":"http:\/\/sites.usp.br\/podae\/?page_id=14633"},"modified":"2020-06-02T18:54:32","modified_gmt":"2020-06-02T21:54:32","slug":"forp-usp-programas-de-pos-graduacao-disciplinas-acao-formativa","status":"publish","type":"page","link":"https:\/\/sites.usp.br\/podae\/?page_id=14633","title":{"rendered":"FORP \/ USP: Programas de P\u00f3s-Gradua\u00e7\u00e3o (Disciplinas) \u2013 A\u00e7\u00e3o Formativa"},"content":{"rendered":"<address><em><span style=\"color: #ff0000; font-size: 14px;\"><em>\u2666 <\/em><\/span><\/em><span style=\"color: #ff0000;\"><span style=\"color: #ff0000;\"><span style=\"font-size: 10px;\"><strong><span style=\"color: #0000ff;\"><em><span style=\"color: #ff0000;\"><em><strong><span style=\"color: #000000; font-size: 14px;\">Luiz Carlos Pardini &#8211;<\/span><\/strong><\/em><\/span><\/em><span style=\"color: #ff0000;\"><strong><span style=\"font-size: 10px;\"><span style=\"color: #0000ff;\"><span style=\"color: #0000ff;\"> <span style=\"color: #000000;\">{<\/span><\/span><\/span><\/span><\/strong><\/span><\/span><\/strong><\/span><\/span><\/span><span style=\"font-size: 10px;\"><strong><span style=\"color: #0000ff;\"><span style=\"color: #ff0000;\"><strong><span style=\"font-size: 10px;\"><span style=\"color: #000000;\"><a style=\"color: #0000ff;\" href=\"https:\/\/uspdigital.usp.br\/telefonia\/telFormularioEmail.jsp?codigoPessoaUsuario=0&amp;codigoPessoa=75623&amp;nomePessoa=Luiz Carlos Pardini&amp;print=s\">E-mailUSP<\/a>] <span style=\"color: #ff0000;\"><span style=\"color: #ff0000;\"><span style=\"font-size: 10px;\"><strong><span style=\"color: #0000ff;\"><em><span style=\"color: #ff0000;\"><em><strong><span style=\"color: #000000; font-size: 14px;\">&#8211;<\/span><\/strong><\/em><\/span><\/em> <\/span><\/strong><\/span><\/span><\/span> <\/span><span style=\"color: #0000ff;\"><a href=\"http:\/\/buscatextual.cnpq.br\/buscatextual\/visualizacv.do?metodo=apresentar&amp;id=K4796807T1\"><span style=\"color: #0000ff;\">Curr\u00edculo Lattes<\/span><\/a><\/span> <\/span><\/strong><\/span><\/span><\/strong><\/span><\/address>\n<hr \/>\n<hr \/>\n<address style=\"text-align: right;\"><strong><span style=\"font-size: 10px;\">p\u00e1gina 1 <\/span><\/strong><\/address>\n<hr \/>\n<p style=\"text-align: justify;\"><span style=\"font-size: 10px;\">PARDINI, L.C. FORP: Programas de P\u00f3s-Gradua\u00e7\u00e3o (Disciplinas) \u2013 A\u00e7\u00e3o Formativa. Encicl. Bras. Teleodontol., Volume 1 (S\u00e9rie F): p\u00e1gina 1, janeiro, <\/span><span style=\"font-size: 10px;\"> 2011,<\/span> <span style=\"color: #000000;\"><span style=\"font-size: 10px;\"><strong>ISSN 2448-1181<\/strong><\/span> <\/span><\/p>\n<hr \/>\n<p style=\"text-align: justify;\"><span style=\"font-family: Arial;\"><strong>Programa de P\u00f3s-Gradua\u00e7\u00e3o<\/strong> da <strong>Faculdade de Odontologia de Ribeir\u00e3o Preto<\/strong> (<strong><span style=\"color: #0000ff;\"><a style=\"color: #0000ff;\" href=\"http:\/\/www.forp.usp.br\/\">FORP<\/a><\/span> \/<span style=\"color: #0000ff;\"> <a style=\"color: #0000ff;\" href=\"http:\/\/www5.usp.br\/\">USP<\/a><\/span><\/strong>) contempla as suas respectivas \u00e1reas de atua\u00e7\u00e3o explicitadas:<\/span><\/p>\n<ul>\n<li style=\"text-align: justify;\"><span style=\"font-family: Arial;\">Sites: <span style=\"color: #0000ff;\"><strong><a style=\"color: #0000ff;\" href=\"http:\/\/www.prpg.usp.br\/index.php\/pt-br\/faca-pos-na-usp\/programas-de-pos-graduacao\/95-biologia-oral\">Biologia Oral<\/a><\/strong>, <\/span><\/span><span style=\"font-family: Arial;\"><span style=\"color: #0000ff;\"><strong><a style=\"color: #0000ff;\" href=\"http:\/\/www.prpg.usp.br\/index.php\/pt-br\/faca-pos-na-usp\/programas-de-pos-graduacao\/76-odontologia-periodontia\"><span style=\"color: #0000ff;\">Odontologia &#8211; Periodontia<\/span><\/a><\/strong><\/span><\/span><span style=\"font-family: Arial;\">, <\/span><span style=\"font-family: Arial; color: #0000ff;\"><strong><a href=\"https:\/\/uspdigital.usp.br\/janus\/DisLista?codare=58133&amp;codcpg=58&amp;origem=C\">Odontologia Restauradora<\/a><\/strong><\/span><span style=\"font-family: Arial;\">, <\/span><a href=\"https:\/\/uspdigital.usp.br\/janus\/DisLista?codare=58135&amp;codcpg=58&amp;origem=C\"><span style=\"font-family: Arial;\"><span style=\"color: #0000ff;\"><strong>Odontopediatria<\/strong><\/span>, <\/span><\/a> <span style=\"color: #0000ff;\"><a style=\"color: #0000ff;\" href=\"http:\/\/www.teses.usp.br\/index.php?option=com_jumi&amp;fileid=9&amp;Itemid=159&amp;lang=pt-br&amp;id=58132&amp;prog=58005&amp;exp=0\"><span style=\"font-family: Arial;\"><strong>Periodontia<\/strong><\/span><\/a><\/span><span style=\"font-family: Arial;\"> e <\/span><span style=\"font-family: Arial;\"><span style=\"color: #0000ff;\"><a href=\"http:\/\/www.prpg.usp.br\/index.php\/pt-br\/faca-pos-na-usp\/programas-de-pos-graduacao\/193-odontologia-reabilitacao-oral\"><span style=\"color: #0000ff;\"><strong>Reabilita\u00e7\u00e3o Ora<\/strong><strong>l.<\/strong><\/span><\/a><br \/>\n<\/span><\/span><\/li>\n<li style=\"text-align: justify;\"><span style=\"font-family: Arial;\">Cat\u00e1logos (<strong><span style=\"color: #0000ff;\"><a href=\"https:\/\/uspdigital.usp.br\/janus\/publico\/lista\/catalogo\/58\">Lista<\/a><\/span><\/strong>) das Disciplinas oferecidas: <span style=\"color: #0000ff;\"><strong><a style=\"color: #0000ff;\" href=\"http:\/\/www.prpg.usp.br\/index.php\/pt-br\/faca-pos-na-usp\/programas-de-pos-graduacao\/95-biologia-oral\">Biologia Oral<\/a><\/strong>, <\/span><\/span><span style=\"font-family: Arial;\"><span style=\"color: #0000ff;\"><strong><a style=\"color: #0000ff;\" href=\"http:\/\/www.prpg.usp.br\/index.php\/pt-br\/faca-pos-na-usp\/programas-de-pos-graduacao\/76-odontologia-periodontia\"><span style=\"color: #0000ff;\">Odontologia &#8211; Periodontia<\/span><\/a><\/strong><\/span><\/span><span style=\"font-family: Arial;\">, <\/span><span style=\"font-family: Arial; color: #0000ff;\"><strong><a style=\"color: #0000ff;\" href=\"http:\/\/www.prpg.usp.br\/index.php\/pt-br\/faca-pos-na-usp\/programas-de-pos-graduacao\/73-odontologia-restauradora\">Odontologia Restauradora<\/a><\/strong><\/span><span style=\"font-family: Arial;\">, <\/span><span style=\"font-family: Arial;\"><a href=\"https:\/\/uspdigital.usp.br\/janus\/publico\/lista\/turma\/58\/58135\"><span style=\"color: #0000ff;\"><strong>Odontopediatria<\/strong><\/span><\/a>, <\/span> <span style=\"color: #0000ff;\"><a style=\"color: #0000ff;\" href=\"http:\/\/www.teses.usp.br\/index.php?option=com_jumi&amp;fileid=9&amp;Itemid=159&amp;lang=pt-br&amp;id=58132&amp;prog=58005&amp;exp=0\"><span style=\"font-family: Arial;\"><strong>Periodontia<\/strong><\/span><\/a><\/span><span style=\"font-family: Arial;\"> e <\/span><a href=\"https:\/\/uspdigital.usp.br\/janus\/DisLista?codare=58131&amp;codcpg=58&amp;origem=C\"><span style=\"font-family: Arial;\"><span style=\"color: #0000ff;\"><span style=\"color: #0000ff;\"><strong>Reabilita\u00e7\u00e3o Ora<\/strong><strong>l.<\/strong><\/span><\/span><\/span><\/a><\/li>\n<li style=\"text-align: justify;\"><\/li>\n<\/ul>\n<p style=\"text-align: justify;\"><span style=\"font-family: Arial;\">Programa de P\u00f3s-Gradua\u00e7\u00e3o, da F<strong>aculdade de Odontologia de Ribeir\u00e3o Preto<\/strong> (<strong><span style=\"color: #0000ff;\"><a style=\"color: #0000ff;\" href=\"http:\/\/www.forp.usp.br\/\">FORP<\/a><\/span><\/strong> \/ <\/span><span style=\"font-family: Arial; color: #0000ff;\"><strong><a style=\"color: #0000ff;\" href=\"http:\/\/www5.usp.br\/\">USP<\/a><\/strong><\/span><span style=\"font-family: Arial;\">) visa empenhar-se para ampliar os conhecimentos t\u00e9cnicos e cient\u00edficos com \u00eanfase na forma\u00e7\u00e3o do profissional na \u00e1rea da Sa\u00fade Bucal (Cirurgi\u00e3o-entista) com embasamento em Disciplina formtaiva (<em><strong>Metodologia Metodologias e Din\u00e2mica do Ensino em Odontologia<\/strong><\/em>  &#8211; Disciplina: <strong><span style=\"color: #0000ff;\"><a style=\"color: #0000ff;\" href=\"https:\/\/uspdigital.usp.br\/janus\/Disciplina?sgldis=8035743\">8035743<\/a><\/span><\/strong>)<br \/>\n<\/span><\/p>\n<p style=\"text-align: justify;\"><span style=\"font-family: Arial;\"><strong>Abordagem Articular <\/strong>em Educa\u00e7\u00e3o deve estabelecer as conex\u00f5es naturais e m\u00ednimas existentes entre dois ou mais seguimentos educacionais (ensino e aprendizado) objetivando a diminuir ou minimizar a &#8220;dicotomia&#8221; dos conte\u00fados program\u00e1tico promovendo e estimulando a ampla participa\u00e7\u00e3o do educando [1,2,3,4].<\/span><\/p>\n<p style=\"text-align: justify;\"><span style=\"font-family: Arial;\"><strong>A\u00e7\u00e3o <\/strong>e<strong> Interatividade <\/strong>em <\/span><span style=\"font-family: Arial;\"><strong>Educa\u00e7\u00e3o Superior <\/strong>(<strong>Odontologia<\/strong>) deve estimular <\/span><span style=\"font-family: Arial;\">e despertar para <strong>Educa\u00e7\u00e3o Transformadora<\/strong>, transcendendo a Literatura Educacional das &#8220;Classifica\u00e7\u00f5es das Doen\u00e7as&#8221; [<strong><span style=\"color: #0000ff;\"><a style=\"color: #0000ff;\" href=\"\/\/sites.usp.br\/ebt\/wp-content\/uploads\/sites\/44\/2014\/11\/ICD10-2010.pdf\">3<\/a><\/span><\/strong><span style=\"color: #0000ff;\"><span style=\"color: #000000;\">] e as orienta\u00e7\u00f5es das condutas e dos procedimentos (Diagn\u00f3stico, Planejamento, Progn\u00f3stico, Tratamento e Controle da Doen\u00e7a), mas estimular o desenvolvimento <\/span><\/span><\/span><span style=\"font-family: Arial;\">das ferramentas virtuais facilitadoras promovendo e<\/span><span style=\"font-family: Arial;\"> auxiliando os processos comportamentais do Educando (futuro profissional da \u00e1rea da sa\u00fade: Cirurgi\u00e3o-Dentista).<\/span><\/p>\n<p style=\"text-align: justify;\"><span style=\"font-family: Arial;\"> <strong>Abordagem Articular <\/strong>pode ser orientada por <strong>A\u00e7\u00e3o Educacional com apoio d<\/strong>e<strong> Interatividade<\/strong>) com apoio de &#8220;Coaching Educacional&#8221; com profunda experi\u00eancia em Educa\u00e7\u00e3o Superior (Odontologia<\/span><span style=\"font-family: Arial;\"> &#8211; <span style=\"color: #0000ff;\"><strong><a style=\"color: #0000ff;\" href=\"\/\/sites.usp.br\/podae\/\">PODAE<\/a><\/strong><\/span> &#8211; <span style=\"color: #0000ff;\"><strong><a style=\"color: #0000ff;\" href=\"\/\/sites.usp.br\/LACIRO\/\">Laciro<\/a><\/strong><\/span>)<\/span><span style=\"font-family: Arial;\">.<\/span><span style=\"font-family: Arial; line-height: 1.5;\"><br \/>\n<\/span><\/p>\n<hr \/>\n<p style=\"text-align: justify;\"><strong><span style=\"font-size: 10px;\">casa REFER\u00caNCIAS<br \/>\n<\/span><\/strong><\/p>\n<div style=\"text-align: justify;\" align=\"justify\">\n<div align=\"justify\"><span style=\"font-size: 10px;\">1. Freire, P. Conscientiza\u00e7\u00e3o. S\u00e3o Paulo: Cortez &amp; Moraes, 1979.[<span style=\"color: #0000ff;\"><strong><a style=\"color: #0000ff;\" href=\"http:\/\/www.paulofreire.ufpb.br\/paulofreire\/Controle?tipo=Livrox&amp;op=listar&amp;id=0&amp;obra_critica=C\">LINK<\/a><\/strong><\/span>]<br \/>\n<\/span><\/div>\n<div align=\"justify\"><span style=\"font-size: 10px;\">2. Freire, P. A import\u00e2ncia do ato de ler. 23\u00aa ed., S\u00e3o Paulo: Autores Associados: Cortez, 1989 [<span style=\"color: #0000ff;\"><strong><a style=\"color: #0000ff;\" href=\"http:\/\/www.paulofreire.ufpb.br\/paulofreire\/Controle?tipo=Livrox&amp;op=listar&amp;id=0&amp;obra_critica=C\">LINK<\/a><\/strong><\/span>] <\/span><\/div>\n<div align=\"justify\"><span style=\"font-size: 10px;\">3. Gadotti M., Freire, P. Guimar\u00e3es, S. Pedagogia: di\u00e1logo e conflito, 4. ed.,S\u00e3o Paulo: Cortez, 1995 <\/span><span style=\"font-size: 10px;\"><a href=\"http:\/\/www.paulofreire.ufpb.br\/paulofreire\/Controle?tipo=Livrox&amp;op=listar&amp;id=0&amp;obra_critica=C\">[<span style=\"color: #0000ff;\"><strong>LINK<\/strong><\/span><\/a>]<\/span><\/div>\n<div align=\"justify\"><span style=\"font-size: 10px;\">4. Freire, P. Pol\u00edtica e educa\u00e7\u00e3o, 5. ed, S\u00e3o Paulo, Cortez, 2001. [<span style=\"color: #0000ff;\"><strong><a style=\"color: #0000ff;\" href=\"http:\/\/www.paulofreire.ufpb.br\/paulofreire\/Controle?tipo=Livrox&amp;op=listar&amp;id=0&amp;obra_critica=C\">LINK<\/a><\/strong><\/span>]<br \/>\n<\/span><\/div>\n<div style=\"text-align: center;\" align=\"justify\">\n<address style=\"text-align: right;\">\n<hr \/>\n<hr \/>\n<\/address>\n<\/div>\n<\/div>\n<div style=\"text-align: left;\" align=\"center\">\n<div style=\"text-align: center;\" align=\"center\">\n<div align=\"justify\"><span style=\"font-size: 10px;\"><strong><span style=\"text-decoration: underline;\">Recebido<\/span>:<\/strong> 13\/11\/2010 &#8211; <strong><span style=\"text-decoration: underline;\">Reformulado<\/span>:<\/strong> 15\/11\/2010 &#8211; <strong><span style=\"text-decoration: underline;\">Publicado<\/span>:<\/strong> 01\/01\/2011 &#8211; Enciclop\u00e9dia Brasileira de Teleodontologia &#8211; ISNN 2448-1181<br \/>\n<\/span><\/div>\n<\/div>\n<hr \/>\n<\/div>\n<hr \/>\n","protected":false},"excerpt":{"rendered":"<p>\u2666 Luiz Carlos Pardini &#8211; {E-mailUSP] &#8211; Curr\u00edculo Lattes p\u00e1gina 1 PARDINI, L.C. FORP: Programas [&hellip;]<\/p>\n","protected":false},"author":58,"featured_media":0,"parent":3610,"menu_order":0,"comment_status":"closed","ping_status":"closed","template":"","meta":{"footnotes":"","_links_to":"","_links_to_target":""},"class_list":["post-14633","page","type-page","status-publish","hentry"],"_links":{"self":[{"href":"https:\/\/sites.usp.br\/podae\/index.php?rest_route=\/wp\/v2\/pages\/14633","targetHints":{"allow":["GET"]}}],"collection":[{"href":"https:\/\/sites.usp.br\/podae\/index.php?rest_route=\/wp\/v2\/pages"}],"about":[{"href":"https:\/\/sites.usp.br\/podae\/index.php?rest_route=\/wp\/v2\/types\/page"}],"author":[{"embeddable":true,"href":"https:\/\/sites.usp.br\/podae\/index.php?rest_route=\/wp\/v2\/users\/58"}],"replies":[{"embeddable":true,"href":"https:\/\/sites.usp.br\/podae\/index.php?rest_route=%2Fwp%2Fv2%2Fcomments&post=14633"}],"version-history":[{"count":2,"href":"https:\/\/sites.usp.br\/podae\/index.php?rest_route=\/wp\/v2\/pages\/14633\/revisions"}],"predecessor-version":[{"id":14635,"href":"https:\/\/sites.usp.br\/podae\/index.php?rest_route=\/wp\/v2\/pages\/14633\/revisions\/14635"}],"up":[{"embeddable":true,"href":"https:\/\/sites.usp.br\/podae\/index.php?rest_route=\/wp\/v2\/pages\/3610"}],"wp:attachment":[{"href":"https:\/\/sites.usp.br\/podae\/index.php?rest_route=%2Fwp%2Fv2%2Fmedia&parent=14633"}],"curies":[{"name":"wp","href":"https:\/\/api.w.org\/{rel}","templated":true}]}}