{"id":14638,"date":"2020-06-02T18:57:14","date_gmt":"2020-06-02T21:57:14","guid":{"rendered":"http:\/\/sites.usp.br\/podae\/?page_id=14638"},"modified":"2020-06-07T18:21:25","modified_gmt":"2020-06-07T21:21:25","slug":"forp-usp-administracao-e-colegiado-acoes-participativas-e-construtivas","status":"publish","type":"page","link":"https:\/\/sites.usp.br\/podae\/?page_id=14638","title":{"rendered":"FORP \/ USP (Administra\u00e7\u00e3o e Colegiado): A\u00e7\u00f5es Participativas e Construtivas"},"content":{"rendered":"<address><span style=\"color: #ff0000;\"><strong><span style=\"font-size: 10px;\"><span style=\"color: #0000ff;\"><span style=\"color: #0000ff;\"><span style=\"color: #000000;\"><span style=\"color: #ff0000;\"><span style=\"color: #ff0000;\"><span style=\"font-size: 10px;\"><strong><span style=\"color: #0000ff;\"> <\/span><\/strong><\/span><\/span><\/span><\/span> <\/span><\/span><\/span><\/strong><\/span><em><span style=\"color: #ff0000; font-size: 14px;\"><em>\u2666  <\/em><\/span><\/em><span style=\"color: #ff0000;\"><span style=\"color: #ff0000;\"><span style=\"font-size: 10px;\"><strong><span style=\"color: #0000ff;\"><em><span style=\"color: #ff0000;\"><em><strong><span style=\"color: #000000; font-size: 14px;\">Luiz Carlos Pardini &#8211;<\/span><\/strong><\/em><\/span><\/em><span style=\"color: #ff0000;\"><strong><span style=\"font-size: 10px;\"><span style=\"color: #0000ff;\"><span style=\"color: #0000ff;\">  <a style=\"color: #0000ff;\" href=\"https:\/\/uspdigital.usp.br\/telefonia\/telFormularioEmail.jsp?codigoPessoaUsuario=0&amp;codigoPessoa=75623&amp;nomePessoa=Luiz Carlos Pardini&amp;print=s\">E-mail<\/a> &#8211; <a href=\"http:\/\/buscatextual.cnpq.br\/buscatextual\/visualizacv.do?metodo=apresentar&amp;id=K4796807T1\"><span style=\"color: #0000ff;\">Curr\u00edculo Latte<\/span>s<\/a> &#8211; <a href=\"http:\/\/sites.usp.br\/ebt\/forp-expediente-encicl-bras-teleodontol\/parecerista-relator-consultor-avaliador\/luiz-carlos-pardini\/\"><span style=\"color: #0000ff;\">Informa\u00e7\u00f5es Adicionais<\/span><\/a><\/span><\/span><\/span><\/strong><\/span><\/span><\/strong><\/span><\/span><\/span><em><br \/>\n<\/em><\/address>\n<hr \/>\n<hr \/>\n<address style=\"text-align: right;\"><strong><span style=\"font-size: 10px;\">p\u00e1gina 1<br \/>\n<\/span><\/strong><\/address>\n<hr \/>\n<p><span style=\"color: #ff0000; font-size: 16px;\">\u2666 <\/span><span style=\"color: #000000; font-family: Arial;\"><span style=\"font-size: 12px; line-height: 18px;\">PARDINI.L.C.  FORP \/ USP (Administra\u00e7\u00e3o e Colegiado): A\u00e7\u00f5es Participativas e Construtivas. Encicl. Bras.Teleodontol., Volume 1 (<strong><span style=\"color: #0000ff;\">S\u00e9rie F<\/span><\/strong>): p\u00e1gina 1, janeiro, 2011. ISSN 2448-1181<\/span><\/span><\/p>\n<hr \/>\n<p style=\"text-align: justify;\"><span style=\"font-family: Arial;\">Arte de Educar reflete atitude, habilidade, conduta, procedimento (&#8220;<em>maneira de ser<\/em>&#8220;) do Educador. Gest\u00e3o Educadora efetiva estimula a\u00e7\u00e3o educacional (Ambiente Colaborativo de Aprendizagem) no Ensino Superior (BRASIL, <a href=\"http:\/\/www.eproinfo.mec.gov.br\/help\/principal\/principal01.htm\">e-Proinfo<\/a>). <\/span><\/p>\n<p>A <span style=\"color: #0000ff;\"><strong><a style=\"color: #0000ff;\" href=\"http:\/\/www.forp.usp.br\/?page_id=87\">Diretoria<\/a><\/strong> <\/span>da Faculdade de Odontologia de Ribeir\u00e3o Preto (FORP),  da Universidade de S\u00e3o Paulo (USP)  est\u00e1 orientada com uma <span style=\"color: #0000ff;\"><strong><a style=\"color: #0000ff;\" href=\"https:\/\/uspdigital.usp.br\/telefonia\/unidadeTelefoneListar?codigoLocal=48&amp;siglaUnidade=FORP&amp;nomeUnidade=Faculdade%20de%20Odontologia%20de%20Ribeir%E3o%20Preto\" target=\"_blank\" rel=\"noopener noreferrer\">organiza\u00e7\u00e3o administrativa<\/a><\/strong><\/span> para apoio de suas atividades:<\/p>\n<div class=\"container\">\n<div id=\"main\" class=\"inner-border\">\n<article class=\"page\">\n<div id=\"page-entry\">\n<ul>\n<li><span style=\"color: #0000ff;\"><strong><a style=\"color: #0000ff;\" title=\"Assist\u00eancia T\u00e9cnica Acad\u00eamica\" href=\"http:\/\/www.forp.usp.br\/?page_id=92\">Assist\u00eancia T\u00e9cnica Acad\u00eamica<\/a><\/strong><\/span><\/li>\n<li><span style=\"color: #0000ff;\"><strong><a style=\"color: #0000ff;\" title=\"Assist\u00eancia T\u00e9cnica Administrativa\" href=\"http:\/\/www.forp.usp.br\/?page_id=97\">Assist\u00eancia T\u00e9cnica Administrativa<\/a><\/strong><\/span><\/li>\n<li><span style=\"color: #0000ff;\"><strong><a style=\"color: #0000ff;\" title=\"Assist\u00eancia T\u00e9cnica Financeira\" href=\"http:\/\/www.forp.usp.br\/?page_id=100\">Assist\u00eancia T\u00e9cnica Financeira<\/a><\/strong><\/span><br \/>\n<span style=\"color: #0000ff;\"> <strong> <a style=\"color: #0000ff;\" title=\"Assistente T\u00e9cnico de Dire\u00e7\u00e3o IV\" href=\"http:\/\/www.forp.usp.br\/?page_id=103\">Assistente T\u00e9cnico de Dire\u00e7\u00e3o<\/a><\/strong><\/span><\/li>\n<li><span style=\"color: #0000ff;\"><strong><a style=\"color: #0000ff;\" title=\"Se\u00e7\u00e3o de Apoio Acad\u00eamico\" href=\"http:\/\/www.forp.usp.br\/?page_id=106\">Se\u00e7\u00e3o de Apoio Acad\u00eamico<\/a><\/strong><\/span><\/li>\n<li><span style=\"color: #0000ff;\"><strong><a style=\"color: #0000ff;\" title=\"Se\u00e7\u00e3o de Apoio Institucional\" href=\"http:\/\/www.forp.usp.br\/?page_id=109\">Se\u00e7\u00e3o de Apoio Institucional<\/a><\/strong><\/span><\/li>\n<li><span style=\"color: #0000ff;\"><strong><a style=\"color: #0000ff;\" title=\"Se\u00e7\u00e3o de Atividades Administrativas\" href=\"http:\/\/www.forp.usp.br\/?page_id=111\">Se\u00e7\u00e3o de Atividades Administrativas<\/a> <\/strong><\/span><\/li>\n<li><span style=\"color: #0000ff;\"><strong><a style=\"color: #0000ff;\" title=\"Se\u00e7\u00e3o de Atividades Operacionais\" href=\"http:\/\/www.forp.usp.br\/?page_id=115\">Se\u00e7\u00e3o de Atividades Operacionais<\/a> <\/strong><\/span><\/li>\n<li><span style=\"color: #0000ff;\"><strong><a style=\"color: #0000ff;\" title=\"Se\u00e7\u00e3o de Biosseguran\u00e7a\" href=\"http:\/\/www.forp.usp.br\/?page_id=118\">Se\u00e7\u00e3o de Biosseguran\u00e7a<\/a> <\/strong><\/span><\/li>\n<li><span style=\"color: #0000ff;\"><strong><a style=\"color: #0000ff;\" title=\"Se\u00e7\u00e3o de Contabilidade\" href=\"http:\/\/www.forp.usp.br\/?page_id=121\">Se\u00e7\u00e3o de Contabilidade<\/a><\/strong><\/span><\/li>\n<li><span style=\"color: #0000ff;\"><strong><a style=\"color: #0000ff;\" title=\"Se\u00e7\u00e3o de Conv\u00eanios e Contratos\" href=\"http:\/\/www.forp.usp.br\/?page_id=124\">Se\u00e7\u00e3o de Conv\u00eanios e Contratos<\/a> <\/strong><\/span><\/li>\n<li><span style=\"color: #0000ff;\"><strong><a style=\"color: #0000ff;\" title=\"Se\u00e7\u00e3o de Expediente\" href=\"http:\/\/www.forp.usp.br\/?page_id=127\">Se\u00e7\u00e3o de Expediente<\/a> <\/strong><\/span><\/li>\n<li><span style=\"color: #0000ff;\"><strong><a style=\"color: #0000ff;\" title=\"Se\u00e7\u00e3o de Manuten\u00e7\u00e3o e Conserva\u00e7\u00e3o\" href=\"http:\/\/www.forp.usp.br\/?page_id=129\">Se\u00e7\u00e3o de Manuten\u00e7\u00e3o e Conserva\u00e7\u00e3o<\/a> <\/strong><\/span><\/li>\n<li><span style=\"color: #0000ff;\"><strong><a style=\"color: #0000ff;\" title=\"Se\u00e7\u00e3o de Material\" href=\"http:\/\/www.forp.usp.br\/?page_id=133\">Se\u00e7\u00e3o de Material<\/a> <\/strong><\/span><\/li>\n<li><span style=\"color: #0000ff;\"><strong><a style=\"color: #0000ff;\" title=\"Se\u00e7\u00e3o de Pessoal\" href=\"http:\/\/www.forp.usp.br\/?page_id=136\">Se\u00e7\u00e3o de Pessoal<\/a> <\/strong><\/span><\/li>\n<li><span style=\"color: #0000ff;\"><a style=\"color: #0000ff;\" title=\"Se\u00e7\u00e3o de Radiologia e Radioprote\u00e7\u00e3o\" href=\"http:\/\/www.forp.usp.br\/?page_id=139\"><strong>Se\u00e7\u00e3o de Radiologia e Radiopro<\/strong>te\u00e7\u00e3o<\/a><\/span><\/li>\n<li><span style=\"color: #0000ff;\"><strong><a style=\"color: #0000ff;\" title=\"Se\u00e7\u00e3o de Servi\u00e7os Gerais\" href=\"http:\/\/www.forp.usp.br\/?page_id=142\">Se\u00e7\u00e3o de Servi\u00e7os Gerais<\/a><\/strong><\/span><\/li>\n<li><span style=\"color: #0000ff;\"><strong><a style=\"color: #0000ff;\" title=\"Se\u00e7\u00e3o de Tesouraria\" href=\"http:\/\/www.forp.usp.br\/?page_id=147\">Se\u00e7\u00e3o de Tesouraria<\/a><\/strong><\/span><\/li>\n<li><span style=\"color: #0000ff;\"><strong><a style=\"color: #0000ff;\" title=\"Se\u00e7\u00e3o de Ve\u00edculos\" href=\"http:\/\/www.forp.usp.br\/?page_id=150\">Se\u00e7\u00e3o de Ve\u00edculos<\/a><\/strong><\/span><\/li>\n<li><span style=\"color: #0000ff;\"><strong><a style=\"color: #0000ff;\" title=\"Se\u00e7\u00e3o T\u00e9cnica de Inform\u00e1tica\" href=\"http:\/\/www.forp.usp.br\/?page_id=153\">Se\u00e7\u00e3o T\u00e9cnica de Inform\u00e1tica<\/a><\/strong><\/span><\/li>\n<li><span style=\"color: #0000ff;\"><strong><a style=\"color: #0000ff;\" title=\"Servi\u00e7o de Apoio \u00e0s Cl\u00ednicas\" href=\"http:\/\/www.forp.usp.br\/?page_id=162\">Servi\u00e7o de Apoio \u00e0s Cl\u00ednicas<\/a><\/strong><\/span><\/li>\n<li><span style=\"color: #0000ff;\"><strong><a style=\"color: #0000ff;\" title=\"Servi\u00e7o de Gradua\u00e7\u00e3o\" href=\"http:\/\/www.forp.usp.br\/?page_id=155\">Servi\u00e7o de Gradua\u00e7\u00e3o<\/a><\/strong><\/span><\/li>\n<li><span style=\"color: #0000ff;\"><strong><a style=\"color: #0000ff;\" title=\"Servi\u00e7o de P\u00f3s-Gradua\u00e7\u00e3o\" href=\"http:\/\/www.forp.usp.br\/?page_id=158\">Servi\u00e7o de P\u00f3s-Gradua\u00e7\u00e3o<\/a><\/strong><\/span><\/li>\n<li><span style=\"color: #0000ff;\"><strong><a style=\"color: #0000ff;\" title=\"Supervis\u00e3o do Biobanco de Dentes\" href=\"http:\/\/www.forp.usp.br\/?page_id=168\">Supervis\u00e3o de Banco de Dentes<\/a><\/strong><\/span><\/li>\n<li><span style=\"color: #0000ff;\"><strong><a style=\"color: #0000ff;\" title=\"Supervis\u00e3o de Cl\u00ednicas\" href=\"http:\/\/www.forp.usp.br\/?page_id=165\">Supervis\u00e3o de Cl\u00ednicas Odontol\u00f3gicas<\/a><\/strong><\/span><\/li>\n<\/ul>\n<p style=\"text-align: center;\"><strong>Colegiados<\/strong><\/p>\n<ul>\n<li><span style=\"color: #0000ff;\"><strong><a style=\"color: #0000ff;\" title=\"Supervis\u00e3o do Biobanco de Dentes\" href=\"http:\/\/www.forp.usp.br\/?page_id=175\">Congrega\u00e7\u00e3o<\/a><\/strong><\/span><\/li>\n<li><span style=\"color: #0000ff;\"><strong><a style=\"color: #0000ff;\" href=\"http:\/\/www.forp.usp.br\/?page_id=178\">Conselho T\u00e9cnico Administrativo<\/a> <a style=\"color: #0000ff;\" href=\"http:\/\/www.forp.usp.br\/?page_id=178\">(CTA)<\/a> <\/strong><\/span><\/li>\n<\/ul>\n<\/div>\n<\/article>\n<\/div>\n<\/div>\n<p style=\"text-align: justify;\"><span style=\"font-family: Arial;\">Arte de Educar (Atividade de Primeiro Encontro) incentiva (Aprendizagem Significativa) e conduz o Modelo de Gest\u00e3o em Educa\u00e7\u00e3o (Odontologia), obedecendo as orienta\u00e7\u00f5es do Conselho Federal de Odontologia &#8211; <a href=\"http:\/\/cfo.org.br\/\">CFO<\/a>). Educar (Qualidade do Ensino) promove as descobertas educacionais (cognitivo, psicomotor, \u00e9tico e reflex\u00e3o cr\u00edtica) e incentiva a colabora\u00e7\u00e3o (Educa\u00e7\u00e3o Participativa). Motivar, facilitar e despertar conduzem para Educa\u00e7\u00e3o Transformadora, transcendendo a Literatura Educacional das &#8220;Classifica\u00e7\u00f5es das Doen\u00e7as&#8221; [<a href=\"http:\/\/sites.usp.br\/ebt\/wp-content\/uploads\/sites\/44\/2014\/11\/ICD10-2010.pdf\">3<\/a>] e as orienta\u00e7\u00f5es das condutas e procedimentos em Odontologia [<a href=\"http:\/\/www.who.int\/en\/\">4<\/a>].<\/span><\/p>\n<hr \/>\n<div align=\"justify\">\n<div align=\"justify\">\n<div align=\"justify\"> <span style=\"font-size: 12px;\"><em><strong><span style=\"text-decoration: underline;\">REFER\u00caNCIAS<\/span><\/strong><\/em><\/span><\/div>\n<div style=\"font-size: 12px;\" align=\"justify\">\n<div align=\"justify\"><span style=\"font-size: 12px;\">1.<\/span><span style=\"font-size: 12px;\"> BRASIL &#8211; Diretrizes e Bases da Educa\u00e7\u00e3o Nacional, 1996. [<span style=\"color: #0000ff;\"><strong><a style=\"color: #0000ff;\" href=\"http:\/\/sites.usp.br\/ebt\/wp-content\/uploads\/sites\/44\/2014\/11\/Lei_9.394.pdf\">Lei 9.394<\/a><\/strong><\/span>]<\/span><\/div>\n<div align=\"justify\">2. BRASIL &#8211; Regula o Exerc\u00edcio da Odontologia. Lei n\u00ba 5.081 de 24\/08\/1966. Di\u00e1rio Oficial, Se\u00e7\u00e3o I. Parte I, 26\/08\/1966. [<strong><span style=\"color: #0000ff;\"><a style=\"color: #0000ff;\" href=\"http:\/\/www.planalto.gov.br\/ccivil_03\/leis\/L5081.htm\">Lei n\u00ba 5.081<\/a><\/span><\/strong>]<\/div>\n<div align=\"justify\"><span style=\"font-size: 12px;\">3. BRASIL &#8211; Diretrizes Curriculares Nacionais do Curso de Gradua\u00e7\u00e3o em Odontologia, 2002. [<span style=\"color: #0000ff;\"><strong><a style=\"color: #0000ff;\" href=\"http:\/\/sites.usp.br\/ebt\/wp-content\/uploads\/sites\/44\/2014\/11\/Resolu\u00e7\u00e3o-19-02-2002.pdf\">Resolu\u00e7\u00e3o CNE\/CES 3<\/a><\/strong><\/span>]<\/span><\/div>\n<div style=\"text-align: justify;\" align=\"justify\"><span style=\"font-size: 12px;\">4. <\/span><span style=\"font-size: 12px;\">World Health Organization: International Statistical Classification of Diseases and Related Health Problems, Tenth Revision Instruction Manual. Geneva, World Health Organization, 2004. [<span style=\"color: #0000ff;\"><strong><a style=\"color: #0000ff;\" href=\"http:\/\/sites.usp.br\/ebt\/wp-content\/uploads\/sites\/44\/2014\/11\/ICD10-2010.pdf\">ICD<\/a><\/strong><\/span>].<\/span><\/div>\n<\/div>\n<\/div>\n<\/div>\n<div style=\"text-align: justify;\" align=\"justify\">\n<div style=\"text-align: center;\" align=\"justify\">\n<address style=\"text-align: right;\">\n<hr \/>\n<hr \/>\n<\/address>\n<\/div>\n<\/div>\n","protected":false},"excerpt":{"rendered":"<p>\u2666 Luiz Carlos Pardini &#8211; E-mail &#8211; Curr\u00edculo Lattes &#8211; Informa\u00e7\u00f5es Adicionais p\u00e1gina 1 \u2666 [&hellip;]<\/p>\n","protected":false},"author":58,"featured_media":0,"parent":3610,"menu_order":0,"comment_status":"closed","ping_status":"closed","template":"","meta":{"footnotes":"","_links_to":"","_links_to_target":""},"class_list":["post-14638","page","type-page","status-publish","hentry"],"_links":{"self":[{"href":"https:\/\/sites.usp.br\/podae\/index.php?rest_route=\/wp\/v2\/pages\/14638","targetHints":{"allow":["GET"]}}],"collection":[{"href":"https:\/\/sites.usp.br\/podae\/index.php?rest_route=\/wp\/v2\/pages"}],"about":[{"href":"https:\/\/sites.usp.br\/podae\/index.php?rest_route=\/wp\/v2\/types\/page"}],"author":[{"embeddable":true,"href":"https:\/\/sites.usp.br\/podae\/index.php?rest_route=\/wp\/v2\/users\/58"}],"replies":[{"embeddable":true,"href":"https:\/\/sites.usp.br\/podae\/index.php?rest_route=%2Fwp%2Fv2%2Fcomments&post=14638"}],"version-history":[{"count":2,"href":"https:\/\/sites.usp.br\/podae\/index.php?rest_route=\/wp\/v2\/pages\/14638\/revisions"}],"predecessor-version":[{"id":14640,"href":"https:\/\/sites.usp.br\/podae\/index.php?rest_route=\/wp\/v2\/pages\/14638\/revisions\/14640"}],"up":[{"embeddable":true,"href":"https:\/\/sites.usp.br\/podae\/index.php?rest_route=\/wp\/v2\/pages\/3610"}],"wp:attachment":[{"href":"https:\/\/sites.usp.br\/podae\/index.php?rest_route=%2Fwp%2Fv2%2Fmedia&parent=14638"}],"curies":[{"name":"wp","href":"https:\/\/api.w.org\/{rel}","templated":true}]}}