{"id":14641,"date":"2020-06-02T18:59:45","date_gmt":"2020-06-02T21:59:45","guid":{"rendered":"http:\/\/sites.usp.br\/podae\/?page_id=14641"},"modified":"2020-06-07T18:32:05","modified_gmt":"2020-06-07T21:32:05","slug":"forp-usp-comissoes-acoes-colaborativas","status":"publish","type":"page","link":"https:\/\/sites.usp.br\/podae\/?page_id=14641","title":{"rendered":"FORP \/ USP (Comiss\u00f5es): A\u00e7\u00f5es Colaborativas"},"content":{"rendered":"<address><em><span style=\"color: #ff0000; font-size: 14px;\"><em>\u2666 <\/em><\/span><\/em><span style=\"color: #ff0000;\"><span style=\"color: #ff0000;\"><span style=\"font-size: 10px;\"><strong><span style=\"color: #0000ff;\"><em><span style=\"color: #ff0000;\"><em><strong><span style=\"color: #000000; font-size: 14px;\">Luiz Carlos Pardini &#8211;<\/span><\/strong><\/em><\/span><\/em><span style=\"color: #ff0000;\"><strong><span style=\"font-size: 10px;\"><span style=\"color: #0000ff;\"><span style=\"color: #0000ff;\"> <span style=\"color: #000000;\">{<\/span><\/span><\/span><\/span><\/strong><\/span><\/span><\/strong><\/span><\/span><\/span><span style=\"font-size: 10px;\"><strong><span style=\"color: #0000ff;\"><span style=\"color: #ff0000;\"><strong><span style=\"font-size: 10px;\"><span style=\"color: #000000;\"><a style=\"color: #0000ff;\" href=\"https:\/\/uspdigital.usp.br\/telefonia\/telFormularioEmail.jsp?codigoPessoaUsuario=0&amp;codigoPessoa=75623&amp;nomePessoa=Luiz Carlos Pardini&amp;print=s\">E-mailUSP<\/a>] <span style=\"color: #ff0000;\"><span style=\"color: #ff0000;\"><span style=\"font-size: 10px;\"><strong><span style=\"color: #0000ff;\"><em><span style=\"color: #ff0000;\"><em><strong><span style=\"color: #000000; font-size: 14px;\">&#8211;<\/span><\/strong><\/em><\/span><\/em> <\/span><\/strong><\/span><\/span><\/span> <\/span><span style=\"color: #0000ff;\"><a href=\"http:\/\/buscatextual.cnpq.br\/buscatextual\/visualizacv.do?metodo=apresentar&amp;id=K4796807T1\"><span style=\"color: #0000ff;\">Curr\u00edculo Lattes<\/span><\/a><\/span><span style=\"color: #000000;\"> <span style=\"color: #ff0000;\"><span style=\"color: #ff0000;\"><span style=\"font-size: 10px;\"><strong><span style=\"color: #0000ff;\"><em><span style=\"color: #ff0000;\"><em><strong><span style=\"color: #000000; font-size: 14px;\">&#8211;<\/span><\/strong><\/em><\/span><\/em> <\/span><\/strong><\/span><\/span><\/span> <\/span><span style=\"color: #0000ff;\"><a href=\"http:\/\/buscatextual.cnpq.br\/buscatextual\/graficos.do?metodo=apresentar&amp;chttp:\/\/buscatextual.cnpq.br\/buscatextual\/graficos.do?metodo=apresentar&amp;codRHCript=K4796807T1&amp;nome=Luiz%20Carlos%20Pardini\"><span style=\"color: #0000ff;\">Informa\u00e7\u00f5es adicionais<\/span><\/a><\/span><\/span><\/strong><\/span> <\/span><\/strong><\/span><\/address>\n<hr \/>\n<hr \/>\n<address style=\"text-align: right;\"><strong><span style=\"font-size: 10px;\">p\u00e1gina 1<br \/>\n<\/span><\/strong><\/address>\n<hr \/>\n<p style=\"text-align: justify;\"><span style=\"font-size: 10px;\">PARDINI, L.C. FORP \/ USP (Comiss\u00f5es): A\u00e7\u00f5es Colaborativas. Encicl. Bras. Teleodontol., Volume 1 (S\u00e9rie A): p\u00e1gina 2, janeiro, <\/span><span style=\"font-size: 10px;\"> 2011,<\/span> <span style=\"font-size: 10px;\"><strong><span style=\"color: #0000ff;\"><a style=\"color: #0000ff;\" href=\"http:\/\/portal.issn.org\/cgi-bin\/gw\/chameleon?sessionid=2016032820555001707&amp;skin=restricted&amp;lng=en&amp;inst=consortium&amp;host=localhost%2b5000%2bDEFAULT&amp;patronhost=localhost%205000%20DEFAULT&amp;searchid=1&amp;sourcescreen=INITREQ&amp;pos=1&amp;itempos=1&amp;rootsearch=SCAN&amp;function=INITREQ&amp;search=AUTHID&amp;authid=8973029&amp;authidu=43\">ISSN 2448-1181<\/a><\/span><\/strong><\/span><\/p>\n<hr \/>\n<p style=\"text-align: justify;\"><span style=\"font-family: Arial;\">Arte de Educar reflete atitude, habilidade, conduta, procedimento (&#8220;<em>maneira de ser<\/em>&#8220;) do Educador. Gest\u00e3o Educadora efetiva estimula a\u00e7\u00e3o educacional (Ambiente Colaborativo de Aprendizagem) no Ensino Superior (BRASIL, <span style=\"color: #0000ff;\"><strong><a style=\"color: #0000ff;\" href=\"http:\/\/www.eproinfo.mec.gov.br\/help\/principal\/principal01.htm\">e-Proinfo<\/a><\/strong><\/span>). <\/span><\/p>\n<p style=\"text-align: justify;\"><span style=\"font-family: Arial;\">A DiretorIa (FORP \/ USP) realiza as atividades com A colabora\u00e7\u00e3o da <strong><span style=\"color: #0000ff;\"><a style=\"color: #0000ff;\" href=\"http:\/\/www.forp.usp.br\/?page_id=56\">COMISS\u00d5ES<\/a><\/span><\/strong>:<\/span><\/p>\n<div class=\"container\">\n<div id=\"main\" class=\"inner-border\">\n<article class=\"page\">\n<div id=\"page-entry\">\n<ul>\n<li><span style=\"color: #0000ff;\"><strong><a style=\"color: #0000ff;\" title=\"Assist\u00eancia T\u00e9cnica Acad\u00eamica\" href=\"http:\/\/www.forp.usp.br\/?page_id=222\">Comiss\u00e3o Interna de Preven\u00e7\u00e3o de Acidentes<\/a><\/strong><\/span><\/li>\n<li><span style=\"color: #0000ff;\"><strong><a style=\"color: #0000ff;\" href=\"http:\/\/www.forp.usp.br\/?page_id=224\">Comiss\u00e3o de Cultura e Extens\u00e3o Universit\u00e1ria<\/a><\/strong><\/span><\/li>\n<li><span style=\"color: #0000ff;\"><strong><a style=\"color: #0000ff;\" href=\"http:\/\/www.forp.usp.br\/?page_id=232\">Comiss\u00e3o de \u00c9tica no Uso de Animais<\/a><\/strong><\/span><\/li>\n<li><span style=\"color: #0000ff;\"><strong><a style=\"color: #0000ff;\" href=\"http:\/\/www.forp.usp.br\/?page_id=235\">Comiss\u00e3o de Gradua\u00e7\u00e3o<\/a><\/strong><\/span><\/li>\n<li><span style=\"color: #0000ff;\"><strong><a style=\"color: #0000ff;\" href=\"http:\/\/www.forp.usp.br\/?page_id=263\">Comiss\u00e3o de Inform\u00e1tica<\/a><\/strong><\/span><\/li>\n<li><span style=\"color: #0000ff;\"><strong><a style=\"color: #0000ff;\" href=\"http:\/\/www.forp.usp.br\/?page_id=238\">Comiss\u00e3o de Pesquisa<\/a><\/strong><\/span><\/li>\n<li><span style=\"color: #0000ff;\"><strong><a style=\"color: #0000ff;\" href=\"http:\/\/www.forp.usp.br\/?page_id=241\">Comiss\u00e3o de P\u00f3s-Gradua\u00e7\u00e3o<\/a><\/strong><\/span><\/li>\n<li><span style=\"color: #0000ff;\"><strong><a style=\"color: #0000ff;\" href=\"http:\/\/www.forp.usp.br\/?page_id=245\">Comiss\u00e3o de Rela\u00e7\u00f5es Internacionais<\/a><\/strong><\/span><\/li>\n<li><span style=\"color: #0000ff;\"><strong><a style=\"color: #0000ff;\" href=\"http:\/\/www.forp.usp.br\/?page_id=254\">Comit\u00ea de \u00c9tica em Pesquisa<\/a><\/strong><\/span><\/li>\n<li><span style=\"color: #0000ff;\"><strong><a style=\"color: #0000ff;\" href=\"http:\/\/www.forp.usp.br\/?page_id=257\">Grupo de Treinamento dos Servidores n\u00e3o Docentes da FORP\/USP<\/a> (GRTS )<\/strong><\/span><\/li>\n<li><span style=\"color: #0000ff;\"><strong><a style=\"color: #0000ff;\" href=\"http:\/\/www.forp.usp.br\/?page_id=260\">USP Recicla \u2013 FORP<\/a><\/strong><\/span><\/li>\n<\/ul>\n<\/div>\n<\/article>\n<\/div>\n<\/div>\n<p style=\"text-align: justify;\"><span style=\"font-family: Arial;\">A Educa\u00e7\u00e3o Superior deve incentivar a ampla e continua participa\u00e7\u00e3o colaborativa conduzindo como <strong>Modelo de Gest\u00e3o Educacional <\/strong>e<strong> Gest\u00e3o Colaborativa<\/strong> em em Odontologia), obedecendo as orienta\u00e7\u00f5es do Conselho Federal de Odontologia &#8211; <strong><span style=\"color: #0000ff;\"><a style=\"color: #0000ff;\" href=\"http:\/\/cfo.org.br\/\">CFO<\/a><\/span><\/strong>). <\/span><\/p>\n<div class=\"container\"><\/div>\n<hr \/>\n<p style=\"text-align: justify;\"><strong><span style=\"font-size: 10px;\">casa REFER\u00caNCIAS<\/span><\/strong><\/p>\n<div style=\"text-align: justify;\" align=\"justify\">\n<div align=\"justify\"><span style=\"font-size: 10px;\">1. BRASIL &#8211; Diretrizes e Bases da Educa\u00e7\u00e3o Nacional, 1996. [<span style=\"color: #0000ff;\"><strong><a href=\"http:\/\/sites.usp.br\/ebt\/wp-content\/uploads\/sites\/44\/2014\/11\/Lei_9.394.pdf\"><span style=\"color: #0000ff;\">Lei 9.394<\/span><\/a><\/strong><\/span>]<\/span><\/div>\n<div align=\"justify\"><span style=\"font-size: 10px;\">2. BRASIL &#8211; Diretrizes Curriculares Nacionais do Curso de Gradua\u00e7\u00e3o em Odontologia, 2002. [<span style=\"color: #0000ff;\"><strong><a href=\"http:\/\/sites.usp.br\/ebt\/wp-content\/uploads\/sites\/44\/2014\/11\/Resolu\u00e7\u00e3o-19-02-2002.pdf\"><span style=\"color: #0000ff;\">Resolu\u00e7\u00e3o CNE\/CES 3<\/span><\/a><\/strong><\/span>]<\/span><\/div>\n<div align=\"justify\"><span style=\"font-size: 10px;\">3. World Health Organization: International Statistical Classification of Diseases and Related Health Problems, Tenth Revision Instruction Manual. Geneva, World Health Organization, 2004. [<span style=\"color: #0000ff;\"><strong><a href=\"http:\/\/sites.usp.br\/ebt\/wp-content\/uploads\/sites\/44\/2014\/11\/ICD10-2010.pdf\"><span style=\"color: #0000ff;\">ICD<\/span><\/a><\/strong><\/span>] <\/span><\/div>\n<div align=\"justify\"><span style=\"font-size: 10px;\">4. World Health Organization. [<span style=\"color: #0000ff;\"><strong><a href=\"http:\/\/www.who.int\/en\/\"><span style=\"color: #0000ff;\">WHO<\/span><\/a><\/strong><\/span>] casa<\/span><\/div>\n<div style=\"text-align: center;\" align=\"justify\">\n<address style=\"text-align: right;\">\n<hr \/>\n<hr \/>\n<\/address>\n<\/div>\n<\/div>\n","protected":false},"excerpt":{"rendered":"<p>\u2666 Luiz Carlos Pardini &#8211; {E-mailUSP] &#8211; Curr\u00edculo Lattes &#8211; Informa\u00e7\u00f5es adicionais p\u00e1gina 1 PARDINI, [&hellip;]<\/p>\n","protected":false},"author":58,"featured_media":0,"parent":3610,"menu_order":0,"comment_status":"closed","ping_status":"closed","template":"","meta":{"footnotes":"","_links_to":"","_links_to_target":""},"class_list":["post-14641","page","type-page","status-publish","hentry"],"_links":{"self":[{"href":"https:\/\/sites.usp.br\/podae\/index.php?rest_route=\/wp\/v2\/pages\/14641","targetHints":{"allow":["GET"]}}],"collection":[{"href":"https:\/\/sites.usp.br\/podae\/index.php?rest_route=\/wp\/v2\/pages"}],"about":[{"href":"https:\/\/sites.usp.br\/podae\/index.php?rest_route=\/wp\/v2\/types\/page"}],"author":[{"embeddable":true,"href":"https:\/\/sites.usp.br\/podae\/index.php?rest_route=\/wp\/v2\/users\/58"}],"replies":[{"embeddable":true,"href":"https:\/\/sites.usp.br\/podae\/index.php?rest_route=%2Fwp%2Fv2%2Fcomments&post=14641"}],"version-history":[{"count":2,"href":"https:\/\/sites.usp.br\/podae\/index.php?rest_route=\/wp\/v2\/pages\/14641\/revisions"}],"predecessor-version":[{"id":14664,"href":"https:\/\/sites.usp.br\/podae\/index.php?rest_route=\/wp\/v2\/pages\/14641\/revisions\/14664"}],"up":[{"embeddable":true,"href":"https:\/\/sites.usp.br\/podae\/index.php?rest_route=\/wp\/v2\/pages\/3610"}],"wp:attachment":[{"href":"https:\/\/sites.usp.br\/podae\/index.php?rest_route=%2Fwp%2Fv2%2Fmedia&parent=14641"}],"curies":[{"name":"wp","href":"https:\/\/api.w.org\/{rel}","templated":true}]}}