{"id":14643,"date":"2020-06-02T19:01:20","date_gmt":"2020-06-02T22:01:20","guid":{"rendered":"http:\/\/sites.usp.br\/podae\/?page_id=14643"},"modified":"2020-06-07T18:26:13","modified_gmt":"2020-06-07T21:26:13","slug":"forp-pesquisa-inovacao-tecnologica-patentes","status":"publish","type":"page","link":"https:\/\/sites.usp.br\/podae\/?page_id=14643","title":{"rendered":"FORP (Pesquisa): Inova\u00e7\u00e3o Tecnol\u00f3gica \u2013 Patentes"},"content":{"rendered":"<address><em><span style=\"color: #ff0000; font-size: 14px;\"><em>\u2666 <\/em><\/span><\/em><span style=\"color: #ff0000;\"><span style=\"color: #ff0000;\"><span style=\"font-size: 10px;\"><strong><span style=\"color: #0000ff;\"><em><span style=\"color: #ff0000;\"><em><strong><span style=\"color: #000000; font-size: 14px;\">Luiz Carlos Pardini <\/span><\/strong><\/em><\/span><\/em><span style=\"color: #ff0000;\"><strong><span style=\"font-size: 10px;\"><span style=\"color: #0000ff;\"><span style=\"color: #0000ff;\">&#8211; <\/span><\/span><\/span><\/strong><\/span><\/span><span style=\"color: #0000ff;\"><strong><span style=\"font-size: 10px;\"><strong><strong><a href=\"http:\/\/buscatextual.cnpq.br\/buscatextual\/email.do?metodo=apresentar&amp;seqIdPessoa=396158&amp;nomeDestinatario=Luiz_Carlos_Pardini\"><span style=\"color: #0000ff;\">E-mail<\/span><\/a> <\/strong><\/strong><\/span><\/strong><\/span><span style=\"color: #0000ff;\"><span style=\"color: #ff0000;\"><strong><span style=\"font-size: 10px;\"><span style=\"color: #0000ff;\"><span style=\"color: #0000ff;\"> &#8211; <\/span><\/span><span style=\"color: #0000ff;\"><a href=\"http:\/\/buscatextual.cnpq.br\/buscatextual\/visualizacv.do?metodo=apresentar&amp;id=K4796807T1\"><span style=\"color: #0000ff;\">Curr\u00edculo Lattes<\/span><\/a><\/span><span style=\"color: #0000ff;\"><span style=\"color: #0000ff;\"> &#8211;\u00a0\u00a0<\/span><\/span><\/span><\/strong><\/span><span style=\"color: #ff0000;\"><span style=\"font-size: 10px;\"><strong><span style=\"color: #0000ff;\"><span style=\"color: #000000;\"><br \/>\n<\/span><\/span><\/strong><\/span><\/span><\/span><\/strong><\/span><\/span><\/span><\/address>\n<hr \/>\n<hr \/>\n<address style=\"text-align: right;\"><strong><span style=\"font-size: 10px;\">p\u00e1gina 1<\/span><\/strong><\/address>\n<hr \/>\n<p style=\"text-align: justify;\"><span style=\"font-size: 10px;\">PARDINI, L.C. FORP: A Inova\u00e7\u00e3o Tecnol\u00f3gica &#8211; Patentes. Enciclop\u00e9dia Brasileira de Teleodontologia, Volume 1 (S\u00e9rie F): p\u00e1gina 1, agosto, 2011. [<strong><span style=\"color: #0000ff;\"><a href=\"http:\/\/sites.usp.br\/ebt\/wp-content\/uploads\/sites\/44\/2015\/06\/20011_A_1.jan_p1.pdf\"><span style=\"color: #0000ff;\">PDF<\/span><\/a><\/span><\/strong>] &#8211;<strong> ISSN<br \/>\n<\/strong><\/span><\/p>\n<hr \/>\n<p style=\"text-align: justify;\"><span style=\"font-family: Arial;\"><strong>Patentes <\/strong>(<span style=\"color: #0000ff;\"><strong><a href=\"http:\/\/sites.usp.br\/ebt\/wp-content\/uploads\/sites\/44\/2015\/06\/FORP-Patente.pdf\"><span style=\"color: #0000ff;\">Patentes-FORP<\/span><\/a><\/strong><\/span>) com destaque para o primeiro momento significativo: <strong>Ensinar<\/strong>. <strong>Arte de Educar<\/strong> reflete atitude, habilidade, conduta, procedimento da &#8220;<em>maneira de ser<\/em>&#8221; do Educador. A <strong>Gest\u00e3o Educadora<\/strong> efetiva estimula a <strong>Aprendizagem Significativa.<\/strong><br \/>\n<\/span><\/p>\n<p style=\"text-align: justify;\"><span style=\"font-family: Arial;\"><strong>A FORP <\/strong>(Equipe de Docentes) destaca-se em Inova\u00e7\u00e3o Tecnol\u00f3gica (Patentes) sinalizando para o Modelo de Gest\u00e3o em Educa\u00e7\u00e3o (Odontologia) associado \u00e0s Novas Tecnologia enfatizando o desempenho colaborativo (<strong>Educa\u00e7\u00e3o Participativa<\/strong>). <\/span><\/p>\n<p><span style=\"font-family: Arial;\"><strong>Arte de Educar<\/strong> est\u00e1 intimamente associada com <\/span><strong style=\"font-family: Arial;\">Gest\u00e3o Educacional<\/strong><span style=\"font-family: Arial;\">, inicia-se muito antes das contextualiza\u00e7\u00f5es e <\/span><span style=\"font-family: Arial;\"> implanta\u00e7\u00f5es do <strong>Projeto Pedag\u00f3gico (Projeto Pol\u00edtico Pedag\u00f3gico &#8211; PPP)<\/strong>. Em Odontologia a &#8220;<strong>Arte de Educar<\/strong>&#8221; \u00e9 o motor propulsor do conhecimento: &#8220;<em>Saber de Qualidade<\/em>&#8220;. <\/span><\/p>\n<p style=\"text-align: justify;\"><span style=\"font-family: Arial;\"><strong>Arte de Educar<\/strong> \u00e9 foco em a\u00e7\u00f5es (formativa e assertiva) d<\/span><span style=\"font-family: Arial;\">espertando e auxiliando a Educa\u00e7\u00e3o Superior (Sa\u00fade Bucal) associados aos processos comportamentais do Educando (&#8220;<em>desejo e vontade de aprender<\/em>&#8220;<\/span><span style=\"font-family: Arial;\">) com apoio das ferramentas virtuais facilitadoras (<strong>BRASIL<\/strong>, 1996, 2002) estabelecidas pelo Minist\u00e9rio da Educa\u00e7\u00e3o (<strong><span style=\"color: #0000ff;\"><a href=\"http:\/\/portal.mec.gov.br\/\"><span style=\"color: #0000ff;\">MEC<\/span><\/a><\/span><\/strong>) e o Sistema Nacional de Avalia\u00e7\u00e3o da Educa\u00e7\u00e3o Superior (<span style=\"color: #0000ff;\"><strong><a href=\"http:\/\/sites.usp.br\/ebt\/wp-content\/uploads\/sites\/44\/2014\/11\/Lei_10861_2004_SINAES.pdf\"><span style=\"color: #0000ff;\">SINAES<\/span><\/a><\/strong><\/span>, 2004).<\/span><\/p>\n<p style=\"text-align: justify;\"><span style=\"font-family: Arial;\"><strong>Arte de Educar<\/strong> \u00e9 compartilhar (<strong><span style=\"color: #0000ff;\"><a href=\"http:\/\/sites.usp.br\/podae\/podae\/equipe\/\"><span style=\"color: #0000ff;\">Equipe<\/span><\/a><\/span><\/strong> &#8211; <strong><span style=\"color: #0000ff;\"><a href=\"http:\/\/sites.usp.br\/podae\/\"><span style=\"color: #0000ff;\">PODAE<\/span><\/a><\/span><\/strong> &#8211; <strong><span style=\"color: #0000ff;\"><a href=\"http:\/\/sites.usp.br\/podae\/teleodontologia\/\"><span style=\"color: #0000ff;\">Teleodontologia<\/span><\/a><\/span><\/strong>) atuando e desenvolvendo a <strong>Gest\u00e3o Educacional <\/strong>(Laborat\u00f3rios, <strong><span style=\"color: #0000ff;\"><a href=\"https:\/\/uspdigital.usp.br\/tycho\/gruposPesquisaListarAreasConhecimento?areaConhecimento=40200000&amp;nomeArea=Odontologia\"><span style=\"color: #0000ff;\">Grupos de Pesquisa\/USP<\/span><\/a><\/span><\/strong> e Multicentros de Pesquisas) com participa\u00e7\u00f5es volunt\u00e1rias e efetivas (Docente, Discente e Funcion\u00e1rio) <\/span><span style=\"font-family: Arial;\">com a <strong><span style=\"color: #0000ff;\"><a href=\"http:\/\/www.inovacao.usp.br\/\"><span style=\"color: #0000ff;\">Ag\u00eancia de Informa\u00e7\u00e3o\/USP<\/span><\/a><\/span><\/strong><\/span><span style=\"font-family: Arial;\"> sendo fator desencadeante a divulga\u00e7\u00e3o em <strong>Sistemas Midi\u00e1ticos<\/strong> (&#8220;Livre Acesso&#8221;) como referencial te\u00f3rico das produ\u00e7\u00f5es cient\u00edficas (<strong><span style=\"color: #0000ff;\"><a href=\"https:\/\/uspdigital.usp.br\/tycho\/ProducaoAcademicaIntelectualUSP?codmnu=1110\"><span style=\"color: #0000ff;\">Unidades\/USP<\/span><\/a><\/span><\/strong> e <strong><span style=\"color: #0000ff;\"><a href=\"https:\/\/uspdigital.usp.br\/tycho\/ProducaoAcademicaIntelectualDepartamento?siglaUnidade=FORP&amp;anoInicio=2010&amp;anoTermino=2014\"><span style=\"color: #0000ff;\">Pesquisadores\/FORP<\/span><\/a><\/span><\/strong>) baseadas nas informa\u00e7\u00f5es dos <strong>Curr\u00edculos Lattes<\/strong> (<span style=\"color: #0000ff;\"><strong><a href=\"http:\/\/buscatextual.cnpq.br\/buscatextual\/busca.do?metodo=apresentar\"><span style=\"color: #0000ff;\">Buscar Curr\u00edculos<\/span><\/a><\/strong><\/span>) e consolidadas (<span style=\"color: #0000ff;\"><strong><a href=\"https:\/\/uspdigital.usp.br\/anuario\/AnuarioControle\"><span style=\"color: #0000ff;\">Anu\u00e1rio Estat\u00edstico\/USP<\/span><\/a><\/strong><\/span> e <\/span><span style=\"font-family: Arial;\"><strong><span style=\"color: #0000ff;\"><a href=\"http:\/\/www.teses.usp.br\/index.php?option=com_jumi&amp;fileid=30&amp;Itemid=162&amp;lang=pt-br&amp;id=58\"><span style=\"color: #0000ff;\">B<\/span><\/a><\/span><span style=\"color: #0000ff;\"><a href=\"http:\/\/www.teses.usp.br\/index.php?option=com_jumi&amp;fileid=30&amp;Itemid=162&amp;lang=pt-br&amp;id=58\"><span style=\"color: #0000ff;\">anco de Tese\/USP<\/span><\/a><\/span><\/strong><span style=\"color: #0000ff;\">). <\/span>At\u00e9 <\/span><span style=\"font-family: Arial;\">o presente momento, em Odontologia, orienta\u00e7\u00f5es e constru\u00e7\u00f5es dos conhecimentos s\u00e3o estabelecidas pela Organiza\u00e7\u00e3o Mundial de Sa\u00fade (<strong><span style=\"color: #0000ff;\"><a href=\"http:\/\/www.who.int\/classifications\/icd\/en\/\"><span style=\"color: #0000ff;\">OMS<\/span><\/a><\/span><\/strong>) com base <strong><span style=\"color: #0000ff;\"><a href=\"http:\/\/sites.usp.br\/ebt\/wp-content\/uploads\/sites\/44\/2014\/11\/ICD10-2010.pdf\"><span style=\"color: #0000ff;\">CID-10<\/span><\/a><\/span><\/strong>.<\/span><\/p>\n<p style=\"text-align: justify;\"><span style=\"font-family: Arial;\"><strong> Arte de Educar (PODAE) <\/strong>promove e estimular o processo educacional criando e implantando recursos pedag\u00f3gicos (t\u00e9cnico e cient\u00edfico) na produ\u00e7\u00e3o de multimeios <\/span><span style=\"font-family: Arial;\">educacionais <\/span><span style=\"font-family: Arial;\">(multiuso e multim\u00eddia) com <strong>Gest\u00e3o de Qualidade<\/strong> e \u00eanfase no &#8220;Acesso Livre&#8221;, estabelecendo <\/span><span style=\"font-family: Arial;\">as intera\u00e7\u00f5es visando incentivar as participa\u00e7\u00f5es nas atividades reflexivas na <strong>Inclus\u00e3o Digital: <\/strong><strong>Minist\u00e9rio da Ci\u00eancia e Tecnologia e Informa\u00e7\u00e3o<\/strong> (<strong><a href=\"http:\/\/www.mcti.gov.br\/\"><span style=\"color: #0000ff;\">MCT<\/span><span style=\"color: #0000ff;\">I<\/span><\/a>)<\/strong>, <\/span><span style=\"font-family: Arial;\"><strong>Instituto Brasileiro de Informa\u00e7\u00e3o em Ci\u00eancia e Tecnologia (<\/strong><span style=\"color: #0000ff;\"><strong><a href=\"http:\/\/www.ibict.br\/sobre-o-ibict\"><span style=\"color: #0000ff;\">IBICT<\/span><\/a><\/strong><\/span>) e <strong>Instituto<\/strong> <strong>Instituto Nacional de Tecnologia e Informa\u00e7\u00e3o <\/strong>(<strong><span style=\"color: #0000ff;\"><a href=\"http:\/\/www.iti.gov.br\/\"><span style=\"color: #0000ff;\">INTI<\/span><\/a><\/span>)<\/strong>.<\/span><\/p>\n<hr \/>\n<p style=\"text-align: justify;\"><strong><span style=\"font-size: 10px;\">REFER\u00caNCIAS<\/span><\/strong><\/p>\n<div style=\"text-align: justify;\" align=\"justify\">\n<div align=\"justify\"><span style=\"font-size: 10px;\">1. BRASIL &#8211; Diretrizes e Bases da Educa\u00e7\u00e3o Nacional, 1996. [<span style=\"color: #0000ff;\"><strong><a href=\"http:\/\/sites.usp.br\/ebt\/wp-content\/uploads\/sites\/44\/2014\/11\/Lei_9.394.pdf\"><span style=\"color: #0000ff;\">Lei_9.394<\/span><\/a><\/strong><\/span>]<\/span><\/div>\n<div align=\"justify\"><span style=\"font-size: 10px;\">2. BRASIL &#8211; Diretrizes Curriculares Nacionais do Curso de Gradua\u00e7\u00e3o em Odontologia, 2002. [<span style=\"color: #0000ff;\"><strong><a href=\"http:\/\/sites.usp.br\/ebt\/wp-content\/uploads\/sites\/44\/2014\/11\/Resolu\u00e7\u00e3o-19-02-2002.pdf\"><span style=\"color: #0000ff;\">Resolu\u00e7\u00e3o CNE\/CES 3<\/span><\/a><\/strong><\/span>]<\/span><\/div>\n<div align=\"justify\"><span style=\"font-size: 10px;\">3. World Health Organization: International Statistical Classification of Diseases and Related Health Problems, Tenth Revision Instruction Manual. Geneva, World Health Organization, 2004. [<span style=\"color: #0000ff;\"><strong><a href=\"http:\/\/sites.usp.br\/ebt\/wp-content\/uploads\/sites\/44\/2014\/11\/ICD10-2010.pdf\"><span style=\"color: #0000ff;\">ICD<\/span><\/a><\/strong><\/span>] <\/span><\/div>\n<div align=\"justify\"><span style=\"font-size: 10px;\">4. World Health Organization. [<span style=\"color: #0000ff;\"><strong><a href=\"http:\/\/www.who.int\/en\/\"><span style=\"color: #0000ff;\">WHO<\/span><\/a><\/strong><\/span>] <\/span><\/div>\n<div style=\"text-align: center;\" align=\"justify\">\n<address style=\"text-align: right;\">\n<hr \/>\n<hr \/>\n<\/address>\n<\/div>\n<\/div>\n","protected":false},"excerpt":{"rendered":"<p>\u2666 Luiz Carlos Pardini &#8211; E-mail &#8211; Curr\u00edculo Lattes &#8211;\u00a0\u00a0 p\u00e1gina 1 PARDINI, L.C. FORP: [&hellip;]<\/p>\n","protected":false},"author":58,"featured_media":0,"parent":3610,"menu_order":0,"comment_status":"closed","ping_status":"closed","template":"","meta":{"footnotes":"","_links_to":"","_links_to_target":""},"class_list":["post-14643","page","type-page","status-publish","hentry"],"_links":{"self":[{"href":"https:\/\/sites.usp.br\/podae\/index.php?rest_route=\/wp\/v2\/pages\/14643","targetHints":{"allow":["GET"]}}],"collection":[{"href":"https:\/\/sites.usp.br\/podae\/index.php?rest_route=\/wp\/v2\/pages"}],"about":[{"href":"https:\/\/sites.usp.br\/podae\/index.php?rest_route=\/wp\/v2\/types\/page"}],"author":[{"embeddable":true,"href":"https:\/\/sites.usp.br\/podae\/index.php?rest_route=\/wp\/v2\/users\/58"}],"replies":[{"embeddable":true,"href":"https:\/\/sites.usp.br\/podae\/index.php?rest_route=%2Fwp%2Fv2%2Fcomments&post=14643"}],"version-history":[{"count":3,"href":"https:\/\/sites.usp.br\/podae\/index.php?rest_route=\/wp\/v2\/pages\/14643\/revisions"}],"predecessor-version":[{"id":14662,"href":"https:\/\/sites.usp.br\/podae\/index.php?rest_route=\/wp\/v2\/pages\/14643\/revisions\/14662"}],"up":[{"embeddable":true,"href":"https:\/\/sites.usp.br\/podae\/index.php?rest_route=\/wp\/v2\/pages\/3610"}],"wp:attachment":[{"href":"https:\/\/sites.usp.br\/podae\/index.php?rest_route=%2Fwp%2Fv2%2Fmedia&parent=14643"}],"curies":[{"name":"wp","href":"https:\/\/api.w.org\/{rel}","templated":true}]}}