{"id":14743,"date":"2020-06-11T14:50:37","date_gmt":"2020-06-11T17:50:37","guid":{"rendered":"http:\/\/sites.usp.br\/podae\/?page_id=14743"},"modified":"2020-06-11T14:53:29","modified_gmt":"2020-06-11T17:53:29","slug":"formacao-academica-odontologia-curriculo-generalista-ou-especialista","status":"publish","type":"page","link":"https:\/\/sites.usp.br\/podae\/?page_id=14743","title":{"rendered":"e-Disciplina: Forma\u00e7\u00e3o Acad\u00eamica: Odontologia (Curr\u00edculo) \u2013 Generalista ou Especialista?"},"content":{"rendered":"","protected":false},"excerpt":{"rendered":"","protected":false},"author":58,"featured_media":0,"parent":13095,"menu_order":0,"comment_status":"closed","ping_status":"closed","template":"","meta":{"footnotes":"","_links_to":"","_links_to_target":""},"class_list":["post-14743","page","type-page","status-publish","hentry"],"_links":{"self":[{"href":"https:\/\/sites.usp.br\/podae\/index.php?rest_route=\/wp\/v2\/pages\/14743","targetHints":{"allow":["GET"]}}],"collection":[{"href":"https:\/\/sites.usp.br\/podae\/index.php?rest_route=\/wp\/v2\/pages"}],"about":[{"href":"https:\/\/sites.usp.br\/podae\/index.php?rest_route=\/wp\/v2\/types\/page"}],"author":[{"embeddable":true,"href":"https:\/\/sites.usp.br\/podae\/index.php?rest_route=\/wp\/v2\/users\/58"}],"replies":[{"embeddable":true,"href":"https:\/\/sites.usp.br\/podae\/index.php?rest_route=%2Fwp%2Fv2%2Fcomments&post=14743"}],"version-history":[{"count":2,"href":"https:\/\/sites.usp.br\/podae\/index.php?rest_route=\/wp\/v2\/pages\/14743\/revisions"}],"predecessor-version":[{"id":14746,"href":"https:\/\/sites.usp.br\/podae\/index.php?rest_route=\/wp\/v2\/pages\/14743\/revisions\/14746"}],"up":[{"embeddable":true,"href":"https:\/\/sites.usp.br\/podae\/index.php?rest_route=\/wp\/v2\/pages\/13095"}],"wp:attachment":[{"href":"https:\/\/sites.usp.br\/podae\/index.php?rest_route=%2Fwp%2Fv2%2Fmedia&parent=14743"}],"curies":[{"name":"wp","href":"https:\/\/api.w.org\/{rel}","templated":true}]}}