{"id":155,"date":"2014-05-13T12:33:57","date_gmt":"2014-05-13T15:33:57","guid":{"rendered":"http:\/\/sites.usp.brpadrao2\/?page_id=155"},"modified":"2019-09-26T15:04:01","modified_gmt":"2019-09-26T18:04:01","slug":"equipe","status":"publish","type":"page","link":"https:\/\/sites.usp.br\/podae\/?page_id=155","title":{"rendered":"Telessa\u00fade"},"content":{"rendered":"<div style=\"text-align: left;\" align=\"justify\">\n<p><a href=\"http:\/\/sites.usp.br\/podae\/wp-login.php\"><img loading=\"lazy\" decoding=\"async\" class=\"alignleft wp-image-528\" src=\"http:\/\/sites.usp.br\/podae\/wp-content\/uploads\/sites\/36\/2014\/05\/FORP_PODAE_00.jpg\" alt=\"FORP_PODAE_00\" width=\"32\" height=\"33\" \/><\/a>\u2022<em><strong> Telessa\u00fade<\/strong><\/em><\/p>\n<hr \/>\n<p><span style=\"color: #ff0000;\"><span style=\"font-size: 13px; color: #ff0000;\"><span style=\"color: #000000;\"><strong>PODAE <\/strong>(&#8220;Site Institucional&#8221;) \u00a0faz parte do &#8220;Projeto Educacional&#8221; da <strong>Faculdade de Odontologia de Ribeir\u00e3o Preto <\/strong>(<span style=\"color: #0000ff;\"><strong><a style=\"color: #0000ff;\" href=\"http:\/\/www.forp.usp.br\/\">FORP<\/a><\/strong><\/span>), da <strong>Universidade de S\u00e3o Paulo<\/strong> <strong>(<span style=\"color: #0000ff;\"><a href=\"http:\/\/www5.usp.br\/\">USP<\/a><\/span><\/strong>). \u00a0<\/span><\/span><\/span><\/p>\n<\/div>\n<div style=\"text-align: left;\" align=\"justify\"><span style=\"color: #ff0000;\"><span style=\"font-size: 13px; color: #ff0000;\"><span style=\"color: #000000;\">\u00a0<\/span><\/span><\/span><\/div>\n<div align=\"justify\"><span style=\"color: #ff0000;\"><span style=\"font-size: 13px; color: #ff0000;\"><span style=\"color: #000000;\"><strong>Polo de Odontologia Digital Aplicado \u00e0 Educa\u00e7\u00e3o\u00a0(<em>acr\u00f4nimo<\/em>\u00a0PODAE),\u00a0na\u00a0Faculdade de Odontologia de Ribeir\u00e3o Preto\u00a0<a href=\"\/\/accounts.google.com\/ServiceLogin?service=mail&amp;passive=true&amp;rm=false&amp;continue=\/\/mail.google.com\/mail\/&amp;scc=1&amp;ltmpl=default&amp;ltmplcache=2#identifier\">(<\/a>\u00a0<a href=\"\/\/www.forp.usp.br\/\">FORP<\/a>\u00a0<a href=\"\/\/correio.usp.br\/\">)<\/a>\u00a0da Universidade de S\u00e3o Paulo\u00a0<a href=\"https:\/\/accounts.google.com\/signin\/v2\/identifier?hl=pt-BR&amp;flowName=GlifWebSignIn&amp;flowEntry=ServiceLogin\">(<\/a>\u00a0<a href=\"\/\/www5.usp.br\/\">USP<\/a>\u00a0<a href=\"\/\/mail.usp.br\/\">)<\/a>\u00a0associado com as Plataformas Virtuais do\u00a0\u00a0<a href=\"https:\/\/uspdigital.usp.br\/wsusuario\/\">Sistema USP<\/a>\u00a0&#8211; \u00a0Regimento\u00a0<a href=\"https:\/\/login.live.com\/login.srf?wa=wsignin1.0&amp;rpsnv=11&amp;ct=1368456373&amp;rver=6.1.6206.0&amp;wp=MBI&amp;wreply=http:%2F%2Fmail.live.com%2Fdefault.aspx&amp;lc=1046&amp;id=64855&amp;mkt=pt-br&amp;cbcxt=mai&amp;snsc=1\">)<\/a>.\u00a0PODAE\u00a0est\u00e1 localizado na cidade de Ribeir\u00e3o Preto, S\u00e3o Paulo, Brasil (<a href=\"0xdd4e22ddeaa1fb2a?hl=en\">MAPS<\/a>)\u00a0com proje\u00e7\u00e3o internacional (<a href=\"https:\/\/www.researchgate.net\/institution\/University_of_Sao_Paulo\">University-ResearchGate<\/a>) ampliando as a\u00e7\u00f5es educacionais no\u00a0Curso de Gradua\u00e7\u00e3o em Odontologia,\u00a0\u00a0Programa de P\u00f3s-Gradua\u00e7\u00e3o e Atividades de Extens\u00e3o.\u00a0PODAE\u00a0(<a href=\"\/\/sites.usp.br\/podae\/podae\/equipe\/\">Equipe<\/a>),\u00a0periodicamente. \u00e9 atualizado\u00a0em conson\u00e2ncia com\u00a0o Site:<\/strong><\/span><\/span><\/span><strong style=\"font-size: 13px;\"><span style=\"color: #ff0000;\"><span style=\"color: #000000; font-size: 13px;\"><strong>e P\u00f3s-Gradua\u00e7\u00e3o ) e Pesquisadores <\/strong><\/span><br \/>\n<\/span><\/strong><\/div>\n<p>&nbsp;<\/p>\n<div align=\"justify\"><span style=\"font-size: 13px; color: #000000;\"><span style=\"font-size: 13px; color: #000000;\"><strong><span style=\"color: #0000ff;\">\u00a0<\/span><\/strong><\/span><\/span><\/div>\n<div style=\"text-align: justify;\" align=\"justify\">\n<div style=\"text-align: center;\" align=\"justify\"><span style=\"font-size: 13px; color: #ff0000;\"><strong>Correspond\u00eancia\u00a0<\/strong><\/span><\/div>\n<div style=\"text-align: center;\" align=\"justify\"><strong><span style=\"font-size: 13px;\">Faculdade de Odontologia de Ribeir\u00e3o Preto (FORP)<\/span><\/strong><\/div>\n<div style=\"text-align: center;\" align=\"justify\"><strong><span style=\"font-size: 13px;\">Polo de Odontologia Digital Aplicado \u00e0 Educa\u00e7\u00e3o \u00a0(PODAE)\u00a0<\/span><\/strong><\/div>\n<div style=\"text-align: center;\" align=\"justify\"><strong><span style=\"font-size: 13px;\">Av. do Caf\u00e9 S\/N &#8211; Campus da USP<\/span><\/strong><\/div>\n<div style=\"text-align: center;\" align=\"justify\"><strong><span style=\"font-size: 13px;\">14040-904 &#8211; Ribeir\u00e3o Preto (SP) &#8211; Brasil <\/span><\/strong><\/div>\n<div style=\"text-align: center;\" align=\"justify\"><strong><span style=\"font-size: 13px;\">Tel: + 55 (16) 3315-4019 \/ 3315-3976 <\/span><\/strong><\/div>\n<div style=\"text-align: center;\" align=\"justify\"><strong><span style=\"font-size: 13px;\">Fax: + 55 (16) 3115 -4102<\/span><\/strong><\/div>\n<\/div>\n<div align=\"justify\">\n<div style=\"text-align: center;\" align=\"center\">\n<hr \/>\n<div style=\"text-align: center;\" align=\"justify\"><span style=\"font-size: 12px; color: #000000;\"><strong> <span style=\"font-size: 10px;\">Prof. Dr. Luiz Carlos Pardini (Respons\u00e1vel: <span style=\"color: #0000ff;\"><a style=\"color: #0000ff;\" href=\"http:\/\/buscatextual.cnpq.br\/buscatextual\/visualizacv.do?metodo=apresentar&amp;id=K4796807T1\">Curr\u00edculo Lattes<\/a><\/span>\u00a0&#8211; PODAE faz\u00a0parte do &#8220;Projeto Educacional da FORP\/USP&#8221;<\/span><\/strong><\/span><\/div>\n<\/div>\n<div align=\"justify\">\n<div style=\"text-align: center;\" align=\"justify\">\n<div align=\"justify\">\n<div align=\"justify\">\n<div align=\"justify\">\n<div align=\"justify\">\n<div align=\"justify\">\n<hr \/>\n<div style=\"text-align: center;\" align=\"center\">\n<div style=\"text-align: center;\" align=\"justify\"><span style=\"font-size: 12px; color: #000000;\"><strong><span style=\"font-size: 10px;\">2014: Reformulado \u00a0pelas Equipes: PODAE e da &#8220;<a href=\"http:\/\/sites.usp.br\/\">Incubadora de Sites da USP<\/a>&#8221; \u00a0\u00a0<\/span><\/strong><\/span><\/div>\n<\/div>\n<\/div>\n<\/div>\n<\/div>\n<\/div>\n<\/div>\n<\/div>\n<hr \/>\n<\/div>\n<\/div>\n<address style=\"text-align: right;\">\u00a0<\/address>\n<div align=\"justify\">\n<div align=\"justify\"><\/div>\n<\/div>\n<p>&nbsp;<\/p>\n","protected":false},"excerpt":{"rendered":"<p>\u2022 Telessa\u00fade PODAE (&#8220;Site Institucional&#8221;) \u00a0faz parte do &#8220;Projeto Educacional&#8221; da Faculdade de Odontologia de [&hellip;]<\/p>\n","protected":false},"author":1,"featured_media":0,"parent":89,"menu_order":0,"comment_status":"closed","ping_status":"closed","template":"","meta":{"footnotes":"","_links_to":"","_links_to_target":""},"class_list":["post-155","page","type-page","status-publish","hentry"],"_links":{"self":[{"href":"https:\/\/sites.usp.br\/podae\/index.php?rest_route=\/wp\/v2\/pages\/155","targetHints":{"allow":["GET"]}}],"collection":[{"href":"https:\/\/sites.usp.br\/podae\/index.php?rest_route=\/wp\/v2\/pages"}],"about":[{"href":"https:\/\/sites.usp.br\/podae\/index.php?rest_route=\/wp\/v2\/types\/page"}],"author":[{"embeddable":true,"href":"https:\/\/sites.usp.br\/podae\/index.php?rest_route=\/wp\/v2\/users\/1"}],"replies":[{"embeddable":true,"href":"https:\/\/sites.usp.br\/podae\/index.php?rest_route=%2Fwp%2Fv2%2Fcomments&post=155"}],"version-history":[{"count":5,"href":"https:\/\/sites.usp.br\/podae\/index.php?rest_route=\/wp\/v2\/pages\/155\/revisions"}],"predecessor-version":[{"id":7623,"href":"https:\/\/sites.usp.br\/podae\/index.php?rest_route=\/wp\/v2\/pages\/155\/revisions\/7623"}],"up":[{"embeddable":true,"href":"https:\/\/sites.usp.br\/podae\/index.php?rest_route=\/wp\/v2\/pages\/89"}],"wp:attachment":[{"href":"https:\/\/sites.usp.br\/podae\/index.php?rest_route=%2Fwp%2Fv2%2Fmedia&parent=155"}],"curies":[{"name":"wp","href":"https:\/\/api.w.org\/{rel}","templated":true}]}}