{"id":159,"date":"2014-05-13T12:34:53","date_gmt":"2014-05-13T15:34:53","guid":{"rendered":"http:\/\/sites.usp.brpadrao2\/?page_id=159"},"modified":"2019-06-06T12:52:56","modified_gmt":"2019-06-06T15:52:56","slug":"apresentacao","status":"publish","type":"page","link":"https:\/\/sites.usp.br\/podae\/?page_id=159","title":{"rendered":"Apresenta\u00e7\u00e3o"},"content":{"rendered":"<p><strong><span data-mce-type=\"bookmark\" style=\"display: inline-block; width: 0px; overflow: hidden; line-height: 0;\" class=\"mce_SELRES_start\">\ufeff<\/span><span data-mce-type=\"bookmark\" style=\"display: inline-block; width: 0px; overflow: hidden; line-height: 0;\" class=\"mce_SELRES_start\">\ufeff<\/span><span data-mce-type=\"bookmark\" style=\"display: inline-block; width: 0px; overflow: hidden; line-height: 0;\" class=\"mce_SELRES_start\">\ufeff<\/span>CONSIDERA\u00c7\u00d5ES<\/strong><\/p>\n<p style=\"text-align: justify\">A Equipe do PODAE, com os recursos avan\u00e7ados da Tecnologia da Informa\u00e7\u00e3o (TI) tem como objetivo auxiliar as intera\u00e7\u00f5es dos Multimeios Interativos, em conformidade com a capacita\u00e7\u00f5es t\u00e9cnica do CPD (FORP \/ USP) colaborar com os Docentes na elabora\u00e7\u00e3o, na implanta\u00e7\u00e3o e na divulga\u00e7\u00e3o do Material Did\u00e1tico na (Plataforma Virtual). Os educadores podem compartilhar como o desenvolvimento e implanta\u00e7\u00e3o da Teleodontologia \/Telessa\u00fade.<\/p>\n<h2 style=\"text-align: center\">Gloss\u00e1rio<\/h2>\n<p style=\"text-align: center\"><span style=\"color: #0000ff\"><a href=\"http:\/\/sites.usp.br\/podae\/teleodontologia\/hipertexto\/enciclopedia-digital-de-teleodontologia\/\"><span style=\"text-decoration: underline;color: #0000ff\"><strong>A<\/strong><\/span><\/a><\/span><strong> &#8211;\u00a0<\/strong><strong> <\/strong><strong>B-<\/strong><strong> <\/strong><strong>C<\/strong><strong> <\/strong><strong>&#8211;<\/strong><strong> D <\/strong><strong>&#8211;<\/strong><strong> <\/strong><strong>E <\/strong><strong>&#8211;<\/strong><strong> F <\/strong><strong>&#8211;<\/strong><strong> G<\/strong><strong> &#8211;<\/strong><strong> H<\/strong><strong> &#8211;<\/strong><strong> I<\/strong><strong> &#8211;<\/strong><strong> J<\/strong><strong> &#8211;<\/strong><strong> K<\/strong><strong> &#8211;<\/strong><strong> L<\/strong><strong> &#8211;<\/strong><strong> M<\/strong><strong> &#8211;<\/strong><strong> N<\/strong><strong> &#8211;<\/strong><strong> O<\/strong><strong> &#8211;<\/strong><strong> P<\/strong><strong> &#8211;<\/strong><strong> Q<\/strong><strong> &#8211;<\/strong><strong> R<\/strong><strong> &#8211;<\/strong><strong> S<\/strong><strong> &#8211;<\/strong><strong> T<\/strong><strong> &#8211;<\/strong><strong> U<span style=\"color: #888888\"> &#8211;<\/span> V<\/strong><strong> &#8211;<\/strong><strong> <\/strong><strong>W<\/strong><strong> &#8211;<\/strong><strong> X<\/strong><strong> &#8211;<\/strong><strong> Y<span style=\"color: #888888\"> &#8211;<\/span> Z<\/strong><\/p>\n<p style=\"text-align: left\"><span style=\"text-decoration: underline\"><strong>Expediente<\/strong><\/span><\/p>\n<p style=\"text-align: center\">Faculdade de Odontologia de Ribeir\u00e3o Preto (FORP \/ USP) Avenida do Caf\u00e9, S\/N \u2013 Bairro Monte Alegre Campus Universit\u00e1rio da USP 14040-904 \u2013 Ribeir\u00e3o Preto (SP) &#8211; Brasil Telefone: (16) 3602-3952 \u2013 (16) 3633-3136 Fax: (16) 3633-0999 e-mail: <strong>ATUA\u00c7\u00c3O\u00a0 DA\u00a0 EQUIPE<\/strong><\/p>\n<p style=\"text-align: justify\">O objetivo da Equipe \u00e9 a atualiza\u00e7\u00e3o Educacional Participativa (Educa\u00e7\u00e3o Colaborativa) ampliando as condutas e os procedimentos empenhando em a\u00e7\u00f5es assertivas na elabora\u00e7\u00e3o e implanta\u00e7\u00e3o, divulga\u00e7\u00e3o dos Materiais Did\u00e1ticos na (Plataforma Virtual). Para agilizar e incrementar as atividades, o respons\u00e1vel pelo PODAE (Prof. Dr. Luiz Carlos Pardini) foi designado como membro da Comiss\u00e3o de Inform\u00e1tica da Faculdade de Odontologia de Ribeir\u00e3o Preto, da Universidade de S\u00e3o Paulo (FORP \/ USP).<\/p>\n<p style=\"text-align: center\">MODERNIZA\u00c7\u00c3O DO SITE<\/p>\n<p style=\"text-align: justify\">2014: O site do PODAE foi modernizado pela Equipe da USP \u2013 Incubadora de Sites da Universidade de S\u00e3o Paulo (Incubadora de site) com o nova formata\u00e7\u00e3o.<\/p>\n<p style=\"text-align: justify\">O site do PODAE amplia as atividades em multimeios como conhecimentos (t\u00e9cnicos e cient\u00edficos) expandindo a globaliza\u00e7\u00e3o da comunica\u00e7\u00e3o virtual. Divulgar o Ensino e o Aprendizado n\u00e3o se limita apenas em sala de aula (Aulas Expositivas). O professor \u2013 Teleconsultor \u2013 contextualiza todas as informa\u00e7\u00f5es com os m\u00e9todos educacionais apoiados em propostas pedag\u00f3gicas motivadoras gerenciando as atividades educacionais mediando os conflitos na aprendizagem. Atualmente, neste s\u00e9culo XXI o Ensino e o Aprendizado, na \u00e1rea da Sa\u00fade aproxima\u00a0 a Ci\u00eancia Acad\u00eamica auxiliando a Sa\u00fade Bucal.<\/p>\n<p><span data-mce-type=\"bookmark\" style=\"display: inline-block; width: 0px; overflow: hidden; line-height: 0;\" class=\"mce_SELRES_start\">\ufeff<\/span><span data-mce-type=\"bookmark\" style=\"display: inline-block; width: 0px; overflow: hidden; line-height: 0;\" class=\"mce_SELRES_start\">\ufeff<\/span><\/p>\n","protected":false},"excerpt":{"rendered":"<p>\ufeff\ufeff\ufeffCONSIDERA\u00c7\u00d5ES A Equipe do PODAE, com os recursos avan\u00e7ados da Tecnologia da Informa\u00e7\u00e3o (TI) tem [&hellip;]<\/p>\n","protected":false},"author":1,"featured_media":0,"parent":10,"menu_order":0,"comment_status":"closed","ping_status":"closed","template":"","meta":{"footnotes":"","_links_to":"","_links_to_target":""},"class_list":["post-159","page","type-page","status-publish","hentry"],"_links":{"self":[{"href":"https:\/\/sites.usp.br\/podae\/index.php?rest_route=\/wp\/v2\/pages\/159","targetHints":{"allow":["GET"]}}],"collection":[{"href":"https:\/\/sites.usp.br\/podae\/index.php?rest_route=\/wp\/v2\/pages"}],"about":[{"href":"https:\/\/sites.usp.br\/podae\/index.php?rest_route=\/wp\/v2\/types\/page"}],"author":[{"embeddable":true,"href":"https:\/\/sites.usp.br\/podae\/index.php?rest_route=\/wp\/v2\/users\/1"}],"replies":[{"embeddable":true,"href":"https:\/\/sites.usp.br\/podae\/index.php?rest_route=%2Fwp%2Fv2%2Fcomments&post=159"}],"version-history":[{"count":4,"href":"https:\/\/sites.usp.br\/podae\/index.php?rest_route=\/wp\/v2\/pages\/159\/revisions"}],"predecessor-version":[{"id":4281,"href":"https:\/\/sites.usp.br\/podae\/index.php?rest_route=\/wp\/v2\/pages\/159\/revisions\/4281"}],"up":[{"embeddable":true,"href":"https:\/\/sites.usp.br\/podae\/index.php?rest_route=\/wp\/v2\/pages\/10"}],"wp:attachment":[{"href":"https:\/\/sites.usp.br\/podae\/index.php?rest_route=%2Fwp%2Fv2%2Fmedia&parent=159"}],"curies":[{"name":"wp","href":"https:\/\/api.w.org\/{rel}","templated":true}]}}