{"id":1920,"date":"2015-01-23T10:00:06","date_gmt":"2015-01-23T12:00:06","guid":{"rendered":"http:\/\/sites.usp.br\/podae\/?page_id=1920"},"modified":"2020-07-03T11:39:28","modified_gmt":"2020-07-03T14:39:28","slug":"teste","status":"publish","type":"page","link":"https:\/\/sites.usp.br\/podae\/?page_id=1920","title":{"rendered":"01 FORP \/ USP: Presente nas Comunidades Acad\u00eamicas Online &#8211; Divulga\u00e7\u00e3o Cient\u00edfica"},"content":{"rendered":"<div style=\"text-align: left;\" align=\"center\">\n<p style=\"text-align: center;\"><span style=\"color: #800080;\"><strong><span style=\"font-size: 16px;\"><span style=\"font-family: Arial;\">ENCICLOP\u00c9DIA BRASILEIRA DE TELEODONTOLOGIA<br \/>\n<\/span><\/span><\/strong><\/span><strong><span style=\"font-size: 12px;\"><span style=\"font-family: Arial;\">ISSN <span style=\"color: #0000ff;\"><a style=\"color: #0000ff;\" href=\"https:\/\/portal.issn.org\/resource\/ISSN\/2448-1181#\">2448-1181<\/a><\/span><\/span><\/span><\/strong><strong><span style=\"font-size: 12px;\"><span style=\"font-family: Arial;\"> \/ <span style=\"color: #0000ff;\"><a style=\"color: #0000ff;\" href=\"https:\/\/sites.usp.br\/podae\/wp-content\/uploads\/sites\/36\/2019\/06\/Encicl.-Bras.Teleodontol.jpg\">SIBi<\/a><\/span> \/ <a href=\"https:\/\/sites.usp.br\/podae\/?page_id=3320\"><span style=\"color: #0000ff;\">Expediente<\/span><\/a> \/ Fasc\u00edculos <\/span><\/span><\/strong><span style=\"font-size: 12px;\"><span style=\"font-family: Arial;\">(<\/span><\/span><strong><span style=\"font-size: 12px;\"><span style=\"font-family: Arial;\"><span style=\"color: #0000ff;\"><a style=\"color: #0000ff;\" href=\"https:\/\/sites.usp.br\/podae\/?page_id=120\">A-Z<\/a><\/span><\/span><\/span><\/strong><span style=\"font-size: 12px;\"><span style=\"font-family: Arial;\">)<\/span><\/span><strong><span style=\"font-size: 12px;\"><span style=\"font-family: Arial;\"><br \/>\n<\/span><\/span><\/strong><strong><span style=\"font-size: 12px;\"><span style=\"font-family: Arial;\"> Polo de Odontologia Digital Aplicado \u00e0 Educa\u00e7\u00e3o <\/span><\/span><\/strong><span style=\"font-size: 12px;\"><span style=\"font-family: Arial;\">(<\/span><\/span><strong><span style=\"font-size: 12px;\"><span style=\"font-family: Arial;\"><a href=\"https:\/\/sites.usp.br\/podae\/?page_id=89\"><span style=\"color: #0000ff;\">PODAE<\/span><\/a><\/span><\/span><\/strong><span style=\"font-size: 12px;\"><span style=\"font-family: Arial;\"><span style=\"color: #0000ff;\">)<\/span><\/span><\/span><strong><span style=\"font-size: 12px;\"><span style=\"font-family: Arial;\"><span style=\"color: #0000ff;\">: <\/span><a href=\"https:\/\/www.forp.usp.br\/\"><span style=\"color: #0000ff;\">FORP<\/span><\/a> \/ <span style=\"color: #0000ff;\"><a style=\"color: #0000ff;\" href=\"https:\/\/www5.usp.br\/\">USP<\/a><\/span><\/span><\/span><\/strong> <strong><span style=\"font-size: 12px;\"><span style=\"font-family: Arial;\"><br \/>\n<\/span><\/span><\/strong><span style=\"color: #000000;\"><strong><span style=\"font-size: 10px;\"><span style=\"color: #ff0000; font-size: 14px;\">\u2666<\/span> <\/span><\/strong><\/span><span style=\"color: #000000;\"><strong><span style=\"font-size: 10px;\"><span style=\"text-decoration: underline;\">SUM\u00c1RIOS<\/span><\/span><\/strong><\/span><strong><span style=\"font-size: 12px;\"><span style=\"font-family: Arial;\">: <\/span><\/span><\/strong><span style=\"color: #000000;\"><strong><span style=\"font-size: 10px;\"><span style=\"color: #0000ff;\"><a style=\"color: #0000ff;\" href=\"https:\/\/sites.usp.br\/podae\/?page_id=3342\"><span style=\"color: #0000ff;\">Fasc\u00edculo F<\/span><\/a><\/span> e <span style=\"color: #0000ff;\"><a style=\"color: #0000ff;\" href=\"https:\/\/sites.usp.br\/podae\/?page_id=3605\">Suplemento Anual<\/a><\/span><\/span><\/strong><\/span><strong><span style=\"font-size: 12px;\"><span style=\"font-family: Arial;\"><br \/>\n<\/span><\/span><\/strong><\/p>\n<div style=\"text-align: left;\" align=\"center\">\n<address style=\"text-align: right;\">\n<div align=\"center\">\n<hr style=\"width: 321px;\" \/>\n<\/div>\n<\/address>\n<\/div>\n<\/div>\n<p><span style=\"color: #ff0000;\"><span style=\"font-size: 10px;\"><em><em><span style=\"color: #ff0000;\"><em><strong><span style=\"color: #000000; font-size: 14px;\">Luiz Carlos Pardini <\/span><\/strong><\/em><\/span><\/em><\/em><span style=\"color: #ff0000;\"><span style=\"color: #ff0000;\"><span style=\"font-size: 10px;\"><strong><span style=\"color: #0000ff;\"><span style=\"color: #000000;\"><em><span style=\"color: #000000; font-size: 14px;\"> &#8211; <\/span><\/em><span style=\"color: #0000ff; font-size: 10px;\">\u00a0<a style=\"color: #0000ff;\" href=\"http:\/\/buscatextual.cnpq.br\/buscatextual\/email.do?metodo=apresentar&amp;seqIdPessoa=396158&amp;nomeDestinatario=Luiz_Carlos_Pardini\">E-mail<\/a>\u00a0<span style=\"color: #000000;\"><em>&#8211; <\/em><\/span><a style=\"color: #0000ff;\" href=\"http:\/\/lattes.cnpq.br\/5853462846099775\">Curr\u00edculo Lattes <\/a><span style=\"color: #000000;\"><em>&#8211;<\/em><\/span> <a style=\"color: #0000ff;\" href=\"https:\/\/sites.usp.br\/podae\/?page_id=4562\">Informa\u00e7\u00f5es Adicionais<\/a><\/span><\/span><\/span><\/strong><\/span><\/span><\/span><\/span><\/span><\/p>\n<hr \/>\n<hr \/>\n<address style=\"text-align: right;\"><strong><span style=\"font-size: 10px;\">p\u00e1gina 1<\/span><\/strong><\/address>\n<hr \/>\n<p style=\"text-align: justify;\"><span style=\"color: #000000; font-family: Arial;\"><span style=\"font-size: 12px; line-height: 18px;\"><strong>PARDINI, L.C.\u00a0 FORP \/USP: FORP\/USP: Presente nas Comunidades Acad\u00eamicas Online &#8211; Divulga\u00e7\u00e3o Cient\u00edfica <\/strong><strong>. Encicl. Bras.Teleodontol., Volume 1 <\/strong>(<strong>Fasc\u00edculo F<\/strong>)<strong>: p\u00e1gina 1, janeiro, 2011. ISSN 2448-1181<\/strong>.<\/span><\/span><\/p>\n<hr \/>\n<p style=\"text-align: justify;\"><span style=\"font-family: Arial;\"><strong>A\u00e7\u00e3o Educacional Construtiva <\/strong>em <strong>Programa de P\u00f3s-Gradua\u00e7\u00e3o<\/strong> (<strong>Faculdade de Odontologia de Ribeir\u00e3o Preto<\/strong> (<span style=\"color: #0000ff;\"><strong><a style=\"color: #0000ff;\" href=\"http:\/\/www.forp.usp.br\/\">FORP<\/a><\/strong><\/span>) da<strong> Universidade de S\u00e3o Paulo <\/strong>(<span style=\"color: #0000ff;\"><strong><a style=\"color: #0000ff;\" href=\"http:\/\/www5.usp.br\/\">USP<\/a><\/strong><\/span>) com foco no contempor\u00e2neo e na realidade cient\u00edfica e social. <\/span><\/p>\n<p style=\"text-align: justify;\"><span style=\"font-family: Arial;\">Perfil Profissional deve conduzir o comprometimento associado com a<strong> Comunidade Acad\u00eamica <\/strong>e as atualiza\u00e7\u00f5es Curriculares (Curr\u00edculo Lattes) e incurs\u00f5es em Diret\u00f3rio de Grupo.<\/span><\/p>\n<p style=\"text-align: justify;\"><span style=\"font-family: Arial;\"><strong>Perfil Profissional <\/strong>atuante e estimulante participa com <strong>Inser\u00e7\u00e3o Midi\u00e1tica <\/strong>contribuindo para o aperfei\u00e7oamento, e como meta para a constante atividade profissional real\u00edstica e inovadora deve participar das ferramentas virtuais denominada de &#8220;<strong>Comunidades Acad\u00eamicas<\/strong>&#8220;<strong>:<\/strong><br \/>\n<\/span><\/p>\n<ul>\n<li style=\"text-align: left;\"><span style=\"font-family: Arial;\"><span style=\"color: #0000ff;\"><strong><a style=\"color: #0000ff;\" href=\"https:\/\/www.academia.edu\/\">Academia.Ed<\/a><\/strong><\/span> \/ <\/span><span style=\"font-family: Arial;\"><strong><span style=\"color: #0000ff;\"><a style=\"color: #0000ff;\" href=\"http:\/\/usp-br1.academia.edu\/\">Academia.Ed USP<\/a><\/span><\/strong> <strong>\/ <span style=\"color: #0000ff;\"><a style=\"color: #0000ff;\" href=\"http:\/\/usp-br.academia.edu\/Departments\/FORP_Faculdade_de_Odontologia_de_Ribeir%C3%A3o_Preto\/Documents\">Academia.Ed FORP<\/a><\/span> \/ <span style=\"color: #000000; font-size: 10px;\"><em>PESQUISADORES: <\/em><\/span><span style=\"color: #0000ff;\"><span style=\"font-size: 10px;\"><span style=\"color: #0000ff;\"><a style=\"color: #0000ff;\" href=\"http:\/\/usp-br.academia.edu\/MaGloriaCMattos\">1<\/a><\/span> &#8211; <span style=\"color: #0000ff;\"><a style=\"color: #0000ff;\" href=\"http:\/\/usp-br.academia.edu\/LPardini\">2<\/a><\/span><\/span><\/span> <span style=\"color: #0000ff;\"><span style=\"font-size: 10px;\">(<\/span><span style=\"font-size: 10px;\"><a style=\"color: #0000ff;\" href=\"http:\/\/usp-br.academia.edu\/Departments\/FORP_Faculdade_de_Odontologia_de_Ribeir%C3%A3o_Preto\">Lista Completa<\/a><\/span><\/span><span style=\"color: #000000; font-size: 10px;\">)<\/span><\/strong><\/span><\/li>\n<li style=\"text-align: left;\"><span style=\"font-family: Arial;\"><strong><span style=\"color: #0000ff;\"><a style=\"color: #0000ff;\" href=\"https:\/\/www.researchgate.net\/\">Researchgate<\/a><\/span><\/strong> <strong>\/ <span style=\"color: #0000ff;\"><a style=\"color: #0000ff;\" href=\"https:\/\/www.researchgate.net\/institution\/University_of_Sao_Paulo\">Researchgate USP<\/a> \/ <a style=\"color: #0000ff;\" href=\"https:\/\/www.researchgate.net\/institution\/University_of_Sao_Paulo\/department\/Faculdade_de_Odontologia_de_Ribeirao_Preto_FORP\">Researchgate FORP<\/a> \/ <span style=\"color: #000000; font-size: 10px;\"><em>PESQUISADORES: <\/em><\/span><span style=\"font-size: 10px;\"><span style=\"color: #0000ff;\"><a style=\"color: #0000ff;\" href=\"https:\/\/www.researchgate.net\/profile\/Maria_da_Gloria_Mattos\">1<\/a><\/span> &#8211; <span style=\"color: #0000ff;\"><a style=\"color: #0000ff;\" href=\"https:\/\/www.researchgate.net\/profile\/Luiz_Pardini\">2<\/a><\/span><\/span> <span style=\"font-size: 10px;\">(<span style=\"color: #0000ff;\"><a style=\"color: #0000ff;\" href=\"https:\/\/www.researchgate.net\/institution\/University_of_Sao_Paulo\/department\/Faculdade_de_Odontologia_de_Ribeirao_Preto_FORP\/members\">Lista Completa<\/a><\/span><\/span><span style=\"color: #000000; font-size: 10px;\">)<\/span><\/span><\/strong><\/span><\/li>\n<li style=\"text-align: left;\"><span style=\"font-family: Arial;\"><strong><span style=\"color: #0000ff;\"><a style=\"color: #0000ff;\" href=\"http:\/\/www.worldcat.org\/\">WorldCat<\/a><\/span> \/ <span style=\"color: #000000; font-size: 10px;\"><em>PESQUISADORES: <\/em><\/span><span style=\"color: #0000ff;\"><span style=\"font-size: 10px;\"><span style=\"color: #0000ff;\"><a style=\"color: #0000ff;\" href=\"http:\/\/www.worldcat.org\/search?qt=worldcat_org_all&amp;q=Maria+da+Gl%C3%B3ria+Chiarello+de+Mattos\">1<\/a><\/span> <em>&#8211;<\/em> <span style=\"color: #0000ff;\"><a style=\"color: #0000ff;\" href=\"http:\/\/www.worldcat.org\/search?q=Luiz+Carlos+Pardini&amp;qt=results_page\">2<\/a><\/span><\/span><\/span><\/strong><\/span><\/li>\n<li style=\"text-align: left;\"><span style=\"font-family: Arial;\"><strong><span style=\"color: #0000ff;\"><a style=\"color: #0000ff;\" href=\"http:\/\/www.researcherid.com\/Home.action\">ReseachID<\/a><\/span><\/strong> <strong>\/ <span style=\"color: #000000; font-size: 10px;\"><em>PESQUISADORES: <\/em><\/span><span style=\"color: #0000ff;\"><span style=\"font-size: 10px;\"><a href=\"http:\/\/www.researcherid.com\/rid\/C-4078-2012\"><span style=\"color: #0000ff;\">1<\/span><\/a> <em>&#8211;<\/em> <span style=\"color: #0000ff;\"><a style=\"color: #0000ff;\" href=\"http:\/\/www.researcherid.com\/ProfileView.action?SID=2BpY8DkV99Ynj3FAnEZ&amp;returnCode=ROUTER.Success&amp;queryString=KG0UuZjN5WlmNqvDyK2XsaRf8PrjBjCreUY6OcVSBaI%253D&amp;SrcApp=CR&amp;Init=Yes\">2<\/a><\/span><\/span><\/span><\/strong><\/span><\/li>\n<li style=\"text-align: left;\"><span style=\"font-family: Arial;\"><strong><span style=\"color: #0000ff;\"><a style=\"color: #0000ff;\" href=\"https:\/\/orcid.org\/\">Orcid<\/a> \/ <span style=\"color: #000000; font-size: 10px;\"><em>PESQUISADOR: <a href=\"https:\/\/orcid.org\/0000-0002-1455-1538\">1<\/a> &#8211; <a href=\"http:\/\/orcid.org\/0000-0002-1479-0715\">2<\/a> <\/em><\/span><br \/>\n<\/span><\/strong><\/span><\/li>\n<li style=\"text-align: left;\"><span style=\"font-family: Arial;\"><strong><span style=\"color: #0000ff;\"><a style=\"color: #0000ff;\" href=\"https:\/\/social.stoa.usp.br\/\">Stoa<\/a> \/ <span style=\"color: #000000; font-size: 10px;\"><em>PESQUISADOR: <\/em><\/span><span style=\"font-size: 10px;\"><a style=\"color: #0000ff;\" href=\"https:\/\/social.stoa.usp.br\/pardini\/\">1 <\/a> <\/span><\/span><\/strong><\/span><span style=\"font-family: Arial;\"><strong>.. <\/strong><\/span><span style=\"font-family: Arial;\"><strong><br \/>\n<\/strong><\/span><\/li>\n<li style=\"text-align: left;\"><\/li>\n<\/ul>\n<p style=\"text-align: justify;\"><span style=\"font-family: Arial;\">Neste s\u00e9culo XXI de modernidade os processos comportamentais do Educando na \u00e1rea da Sa\u00fade (Odontologia) contribui para a <strong>Forma\u00e7\u00e3o<\/strong> <strong>Profissional<\/strong> (Perfil do Profissional: Cirurgi\u00e3o-Dentista e\/u Doc\u00eancia) em <strong>Programa de Aperfei\u00e7oamento de Ensino<\/strong> (<span style=\"color: #0000ff;\"><strong><a style=\"color: #0000ff;\" href=\"http:\/\/www.prpg.usp.br\/index.php\/pt-br\/pae\/o-que-pae\">PAE<\/a><\/strong><\/span>) que destina-se exclusivamente aos Educandos (Alunos de P\u00f3s-Gradua\u00e7\u00e3o) matriculados nos <strong>Programa de P\u00f3s-Gradua\u00e7\u00e3o (<span style=\"color: #0000ff;\"><a style=\"color: #0000ff;\" href=\"http:\/\/www.prpg.usp.br\/index.php\/pt-br\/\">Pr-PG<\/a><\/span>) <\/strong><\/span><span style=\"font-family: Arial;\">na <strong>Universidade de S\u00e3o Paulo<\/strong> (<strong><span style=\"color: #0000ff;\"><a style=\"color: #0000ff;\" href=\"http:\/\/www5.usp.br\/\">USP<\/a><\/span><\/strong>) nos Cursos de Mestrado e de Doutorado, com disciplinas facilitadoras do Ensino e Aprendizado.Abordagem<strong> Articular <\/strong>deve incluir <strong>A\u00e7\u00e3o Educacional Concreta<\/strong> em <strong>Programa de P\u00f3s-Gradua\u00e7\u00e3o<\/strong> (<\/span><span style=\"font-family: Arial;\"><strong>Faculdade de Odontologia de Ribeir\u00e3o Preto<\/strong> (<span style=\"color: #0000ff;\"><strong><a style=\"color: #0000ff;\" href=\"http:\/\/www.forp.usp.br\/\">FORP<\/a><\/strong><\/span>) da<strong> Universidade de S\u00e3o Paulo <\/strong>(<span style=\"color: #0000ff;\"><strong><a style=\"color: #0000ff;\" href=\"http:\/\/www5.usp.br\/\">USP<\/a><\/strong><\/span>)<\/span><span style=\"font-family: Arial;\"> com foco no contempor\u00e2neo e na realidade cient\u00edfica e social.<\/span><span style=\"font-family: Arial; line-height: 1.5;\">\u00a0<\/span><\/p>\n<hr \/>\n<div align=\"justify\">\n<div align=\"justify\">\n<div align=\"justify\">\n<div align=\"justify\">\n<div align=\"justify\">\n<div align=\"justify\">\n<div align=\"justify\">\n<div align=\"justify\">\n<div align=\"justify\">\n<div align=\"justify\"><span style=\"font-size: 12px;\"><em><strong><span style=\"text-decoration: underline;\">REFER\u00caNCIAS<\/span><\/strong><\/em><\/span><\/div>\n<div style=\"font-size: 12px;\" align=\"justify\">\n<div align=\"justify\"><span style=\"font-size: 12px;\">1.<\/span><span style=\"font-size: 12px;\"> BRASIL &#8211; Diretrizes e Bases da Educa\u00e7\u00e3o Nacional. Di\u00e1rio Oficial da Uni\u00e3o &#8211; Se\u00e7\u00e3o 1 &#8211; 23\/12\/1996, p: 27833. [<span style=\"color: #0000ff;\"><strong><a style=\"color: #0000ff;\" href=\"http:\/\/sites.usp.br\/ebt\/wp-content\/uploads\/sites\/44\/2014\/11\/Lei_9.394.pdf\">Lei 9.394<\/a><\/strong><\/span>]<\/span><\/div>\n<div align=\"justify\">2. BRASIL &#8211; Regula o Exerc\u00edcio da Odontologia. Lei n\u00ba 5.081. 24\/8\/1966. Di\u00e1rio Oficial, Se\u00e7\u00e3o I. Parte I, 26\/8\/1966. [<strong><span style=\"color: #0000ff;\"><a style=\"color: #0000ff;\" href=\"http:\/\/www.planalto.gov.br\/ccivil_03\/leis\/L5081.htm\">Lei n\u00ba 5.081<\/a><\/span><\/strong>]<\/div>\n<div align=\"justify\"><span style=\"font-size: 12px;\">3. BRASIL &#8211; Diretrizes Curriculares Nacionais do Curso de Gradua\u00e7\u00e3o em Odontologia, 2002. [<span style=\"color: #0000ff;\"><strong><a style=\"color: #0000ff;\" href=\"http:\/\/sites.usp.br\/ebt\/wp-content\/uploads\/sites\/44\/2014\/11\/Resolu\u00e7\u00e3o-19-02-2002.pdf\">Resolu\u00e7\u00e3o CNE\/CES 3<\/a><\/strong><\/span>]<\/span><\/div>\n<div style=\"text-align: justify;\" align=\"justify\"><span style=\"font-size: 12px;\">4. <span style=\"color: #0000ff;\"><span style=\"color: #ff0000; font-size: 12px;\"><span style=\"color: #000000;\">ROZENDO, C.A.; CASAGRANDE, L.D.R.; SCHNEIDER, J.F.; PARDINI.L.C. Uma an\u00e1lise das pr\u00e1ticas docentes de professores universit\u00e1rios da \u00e1rea de sa\u00fade. Rev. latino-am.enfermagem, Ribeir\u00e3o Preto, 7( 2): 15-23, abril 1999. [<strong><a style=\"color: #0000ff;\" href=\"http:\/\/www.scielo.br\/scielo.php?script=sci_arttext&amp;pid=S0104-11691999000200003&amp;lng=pt&amp;nrm=iso\">LINK<\/a><\/strong>].<\/span><\/span><\/span><br \/>\n<\/span><\/div>\n<div style=\"text-align: justify;\" align=\"justify\"><span style=\"font-size: 12px;\">5. <\/span><span style=\"font-size: 12px;\">World Health Organization: International Statistical Classification of Diseases and Related Health Problems, Tenth Revision Instruction Manual. Geneva, World Health Organization, 2004. [<span style=\"color: #0000ff;\"><strong><a style=\"color: #0000ff;\" href=\"http:\/\/sites.usp.br\/ebt\/wp-content\/uploads\/sites\/44\/2014\/11\/ICD10-2010.pdf\">ICD<\/a><\/strong><\/span>].<\/span><\/div>\n<\/div>\n<\/div>\n<\/div>\n<\/div>\n<\/div>\n<\/div>\n<\/div>\n<\/div>\n<\/div>\n<\/div>\n<div align=\"justify\">\n<div align=\"justify\">\n<div style=\"text-align: center;\" align=\"justify\">\n<address style=\"text-align: right;\">\n<hr \/>\n<hr \/>\n<\/address>\n<\/div>\n<\/div>\n<div style=\"text-align: left;\" align=\"center\">\n<div style=\"text-align: center;\" align=\"center\">\n<div align=\"justify\">\n<p style=\"text-align: justify;\"><span style=\"font-size: 10px;\"><strong><span style=\"text-decoration: underline;\">Recebido<\/span> 2\/1\/2011 &#8211; <span style=\"color: #0000ff;\"><a style=\"color: #0000ff;\" href=\"https:\/\/sites.usp.br\/podae\/?page_id=3336\">Parecerista<\/a> <\/span>2\/1\/2011 &#8211; <span style=\"text-decoration: underline;\">Reformulado<\/span> 2\/1\/2011 &#8211; <span style=\"text-decoration: underline;\">Publicado<\/span> 2\/1\/2011 &#8211; Enciclop\u00e9dia Brasileira de Teleodontologia<\/strong><\/span><\/p>\n<hr \/>\n<\/div>\n<\/div>\n<\/div>\n<\/div>\n<hr \/>\n","protected":false},"excerpt":{"rendered":"<p>ENCICLOP\u00c9DIA BRASILEIRA DE TELEODONTOLOGIA ISSN 2448-1181 \/ SIBi \/ Expediente \/ Fasc\u00edculos (A-Z) Polo de [&hellip;]<\/p>\n","protected":false},"author":58,"featured_media":0,"parent":3610,"menu_order":0,"comment_status":"open","ping_status":"closed","template":"","meta":{"footnotes":"","_links_to":"","_links_to_target":""},"class_list":["post-1920","page","type-page","status-publish","hentry"],"_links":{"self":[{"href":"https:\/\/sites.usp.br\/podae\/index.php?rest_route=\/wp\/v2\/pages\/1920","targetHints":{"allow":["GET"]}}],"collection":[{"href":"https:\/\/sites.usp.br\/podae\/index.php?rest_route=\/wp\/v2\/pages"}],"about":[{"href":"https:\/\/sites.usp.br\/podae\/index.php?rest_route=\/wp\/v2\/types\/page"}],"author":[{"embeddable":true,"href":"https:\/\/sites.usp.br\/podae\/index.php?rest_route=\/wp\/v2\/users\/58"}],"replies":[{"embeddable":true,"href":"https:\/\/sites.usp.br\/podae\/index.php?rest_route=%2Fwp%2Fv2%2Fcomments&post=1920"}],"version-history":[{"count":4,"href":"https:\/\/sites.usp.br\/podae\/index.php?rest_route=\/wp\/v2\/pages\/1920\/revisions"}],"predecessor-version":[{"id":15181,"href":"https:\/\/sites.usp.br\/podae\/index.php?rest_route=\/wp\/v2\/pages\/1920\/revisions\/15181"}],"up":[{"embeddable":true,"href":"https:\/\/sites.usp.br\/podae\/index.php?rest_route=\/wp\/v2\/pages\/3610"}],"wp:attachment":[{"href":"https:\/\/sites.usp.br\/podae\/index.php?rest_route=%2Fwp%2Fv2%2Fmedia&parent=1920"}],"curies":[{"name":"wp","href":"https:\/\/api.w.org\/{rel}","templated":true}]}}