{"id":2050,"date":"2005-03-08T14:55:11","date_gmt":"2005-03-08T17:55:11","guid":{"rendered":"http:\/\/sites.usp.br\/podae\/?page_id=2050"},"modified":"2015-02-11T08:21:35","modified_gmt":"2015-02-11T10:21:35","slug":"seer","status":"publish","type":"page","link":"https:\/\/sites.usp.br\/podae\/?page_id=2050","title":{"rendered":"Eletr\u00f4nico de Editora\u00e7\u00e3o de Revistas: Rev Bras Teleodonto"},"content":{"rendered":"<p style=\"text-align: justify\"><span><span style=\"font-family: Arial\"><b>Sistema Eletr\u00f4nico de Editora\u00e7\u00e3o de Revistas (SEER) <\/b>contribuir para ampliar a divulga\u00e7\u00e3o do\u00a0<\/span><strong style=\"font-family: Arial\">Portal de Revista Cient\u00edfico (Portal USP)\u00a0<\/strong><\/span><span style=\"font-family: Arial\">facilitando o Livre Acesso.<\/span><\/p>\n<p style=\"text-align: justify\"><span style=\"font-family: Arial\"><span><span>Estas informa\u00e7\u00f5es est\u00e3o dispon\u00edveis para toda a comunidade cient\u00edfica<\/span><strong>:<\/strong><\/span><\/span><\/p>\n<hr \/>\n<ul>\n<li><i style=\"font-size: 12px\"><b><\/b><\/i><span style=\"font-family: Arial;text-align: justify\"><span style=\"font-family: Arial;text-align: justify\">Portal da Universidade de S\u00e3o Paulo (<span style=\"color: #0000ff\"><strong><a href=\"http:\/\/www.revistas.usp.br\/wp\/\"><span style=\"color: #0000ff\">Portal USP<\/span><\/a><\/strong><\/span>) \u00a0&#8211; \u00a0<span style=\"text-decoration: underline\"><strong><span style=\"color: #0000ff\"><a href=\"http:\/\/www.revistas.usp.br\/index\/user\/register\"><span style=\"color: #0000ff;text-decoration: underline\">Open Journal Systems<\/span><\/a><\/span><\/strong><\/span><\/span><\/span><\/li>\n<li><span style=\"font-family: Arial;text-align: justify\">\u00a0Sistema Integrado de Biblioteca da Universidade de S\u00e3o Paulo (<span style=\"text-decoration: underline;color: #0000ff\"><strong><a href=\"http:\/\/www.sibi.usp.br\/\"><span style=\"text-decoration: underline;color: #0000ff\">SIBI<\/span><\/a><\/strong><\/span>)<\/span><\/li>\n<li><span style=\"font-family: Arial;text-align: justify\">Enciclop\u00e9dia Brasileira Teleodontologia <\/span><span style=\"font-family: Arial;text-align: justify\">(EBT)<\/span><\/li>\n<li><\/li>\n<li><\/li>\n<\/ul>\n<hr \/>\n<hr \/>\n<p style=\"text-align: justify\">\u00a0<span style=\"font-family: Arial\"><strong>Portal de Revista Cient\u00edfica da USP <\/strong>\u00a0tem meta contribuir na divulga\u00e7\u00e3o dos Peri\u00f3dicos Cient\u00edficos:<strong> \u00a0<\/strong><\/span><\/p>\n<p style=\"text-align: justify\"><span style=\"font-family: Arial\"><strong>Polo de Odontologia Digital Aplicado \u00e0 Educa\u00e7\u00e3o<\/strong> desenvolve e apoia a <strong>Gest\u00e3o Midi\u00e1tica<\/strong> (<strong><span style=\"color: #0000ff\"><a href=\"https:\/\/uspdigital.usp.br\/tycho\/gruposPesquisaListarAreasConhecimento?areaConhecimento=40200000&amp;nomeArea=Odontologia\"><span style=\"color: #0000ff\">Grupos de Pesquisa<\/span><\/a><\/span><\/strong> &#8211; <strong>USP<\/strong>) estimulado pela <\/span><span style=\"font-family: Arial\"><strong><span style=\"text-decoration: underline\"><span style=\"color: #0000ff\"><a href=\"http:\/\/www.inovacao.usp.br\/\"><span style=\"color: #0000ff;text-decoration: underline\">Ag\u00eancia USP de Informa\u00e7\u00e3o<\/span><\/a><\/span><\/span><\/strong><\/span><span style=\"font-family: Arial\"> como fator desencadeante e incorpora\u00e7\u00e3o em <strong>Sistemas Midi\u00e1ticos<\/strong> (Livre Acesso) como referencial te\u00f3rico a produ\u00e7\u00e3o cient\u00edfica (<strong><span style=\"text-decoration: underline\"><span style=\"color: #0000ff;text-decoration: underline\"><a href=\"https:\/\/uspdigital.usp.br\/tycho\/ProducaoAcademicaIntelectualUSP?codmnu=1110\"><span style=\"color: #0000ff;text-decoration: underline\">Unidades da USP<\/span><\/a><\/span><\/span><\/strong>) e atua\u00e7\u00e3o dos <strong><span style=\"color: #0000ff\"><span style=\"text-decoration: underline\"><a href=\"https:\/\/uspdigital.usp.br\/tycho\/ProducaoAcademicaIntelectualDepartamento?siglaUnidade=FORP&amp;anoInicio=2010&amp;anoTermino=2014\"><span style=\"text-decoration: underline;color: #0000ff\">Pesquisadores da FORP<\/span><\/a><\/span><\/span><\/strong>, baseadas na produ\u00e7\u00e3o itelectual destaca no <strong>Curr\u00edculo Lattes<\/strong> (<span style=\"color: #0000ff\"><strong><span style=\"text-decoration: underline\"><a href=\"http:\/\/buscatextual.cnpq.br\/buscatextual\/busca.do?metodo=apresentar\"><span style=\"text-decoration: underline;color: #0000ff\">Buscar Curr\u00edculos<\/span><\/a><\/span><\/strong><\/span>) e consolidados no <span style=\"color: #0000ff\"><strong><span style=\"text-decoration: underline\"><a href=\"https:\/\/uspdigital.usp.br\/anuario\/AnuarioControle\"><span style=\"text-decoration: underline;color: #0000ff\">Anu\u00e1rio Estat\u00edstico da USP<\/span><\/a><\/span><\/strong><\/span> e no<\/span><span style=\"font-family: Arial\"> <strong><span style=\"color: #0000ff\"><a href=\"http:\/\/www.teses.usp.br\/index.php?option=com_jumi&amp;fileid=30&amp;Itemid=162&amp;lang=pt-br&amp;id=58\"><span style=\"color: #0000ff\">B<\/span><\/a><\/span><span style=\"color: #0000ff\"><a href=\"http:\/\/www.teses.usp.br\/index.php?option=com_jumi&amp;fileid=30&amp;Itemid=162&amp;lang=pt-br&amp;id=58\"><span style=\"color: #0000ff\">anco de Tese<\/span><\/a><\/span><\/strong><span style=\"color: #0000ff\">.<\/span><\/span><\/p>\n<p style=\"text-align: justify\"><span style=\"font-family: Arial\"><strong>Polo de Odontologia Digital Aplicado \u00e0 Educa\u00e7\u00e3o,<\/strong> at\u00e9 <\/span><span style=\"font-family: Arial\">o presente momento, tem sido orientado com as condutas e procedimentos estabelecidos pela <strong>Organiza\u00e7\u00e3o Mundial de Sa\u00fade<\/strong> (<strong><span style=\"text-decoration: underline;color: #0000ff\"><a href=\"http:\/\/www.who.int\/classifications\/icd\/en\/\"><span style=\"text-decoration: underline;color: #0000ff\">OMS<\/span><\/a><\/span><\/strong>) e a <strong><span style=\"color: #0000ff\"><span style=\"text-decoration: underline\"><a href=\"http:\/\/sites.usp.br\/ebt\/wp-content\/uploads\/sites\/44\/2014\/11\/ICD10-2010.pdf\"><span style=\"text-decoration: underline;color: #0000ff\">CID-10<\/span><\/a><\/span><\/span><\/strong>. <\/span><\/p>\n<p style=\"text-align: justify\"><span style=\"font-family: Arial\"><strong>Polo de Odontologia Digital Aplicado \u00e0 Educa\u00e7\u00e3o <\/strong>promove a cria\u00e7\u00e3o e desenvolvimento de recursos pedag\u00f3gicos orientando a produ\u00e7\u00e3o de meios virtuais educacionais (multiusu\u00e1rios em multim\u00eddia) com \u00eanfase no Livre Acesso. <\/span><span style=\"font-family: Arial\">As intera\u00e7\u00f5es ampliam as participa\u00e7\u00f5es reflexivas na <strong>Inclus\u00e3o Digital<\/strong> promovida pelo <strong>Minist\u00e9rio da Ci\u00eancia e Tecnologia e Informa\u00e7\u00e3o<\/strong> (<span style=\"text-decoration: underline\"><a href=\"http:\/\/www.mcti.gov.br\/\"><strong><span style=\"color: #0000ff;text-decoration: underline\">MCT<\/span><span style=\"color: #0000ff;text-decoration: underline\">I<\/span><\/strong><\/a><\/span>), <\/span><span style=\"font-family: Arial\"><strong>Instituto Brasileiro de Informa\u00e7\u00e3o em Ci\u00eancia e Tecnologia<\/strong> (<span style=\"color: #0000ff\"><strong><span style=\"text-decoration: underline\"><a href=\"http:\/\/www.ibict.br\/sobre-o-ibict\"><span style=\"color: #0000ff;text-decoration: underline\">IBICT<\/span><\/a><\/span><\/strong><\/span>) e <strong>Instituto<\/strong> <strong>Nacional de Tecnologia e<br \/>\n<\/strong><\/span><\/p>\n<hr \/>\n<div style=\"text-align: justify\" align=\"justify\">\n<div align=\"justify\"><em><span style=\"color: #ff0000;font-size: 14px\"><em>\u2666 <\/em><\/span><\/em><em><span style=\"color: #ff0000\"><em><strong><span style=\"color: #000000;font-size: 14px\">Luiz Carlos Pardini <\/span><\/strong><\/em><\/span><\/em><span style=\"color: #ff0000\"><span style=\"color: #000000;font-size: 14px\">&#8211; <\/span><strong><\/strong><\/span><span style=\"color: #ff0000\"><strong><span style=\"font-size: 12px;color: #0000ff\"><a href=\"http:\/\/lattes.cnpq.br\/5853462846099775\"><span style=\"color: #0000ff\">Curr\u00edculo Lattes<\/span><\/a><\/span><span style=\"font-size: 12px\"><span style=\"color: #0000ff\"><span style=\"color: #0000ff\"> &#8211; <\/span><\/span><span style=\"color: #0000ff\"><strong><a href=\"http:\/\/www.researchgate.net\/profile\/Luiz_Pardini\"><span style=\"color: #0000ff\">ResearchGate<\/span><\/a><\/strong><\/span><span style=\"color: #0000ff\"><span style=\"color: #0000ff\"> &#8211;<\/span><\/span><\/span><\/strong><\/span><span style=\"color: #ff0000\"><span style=\"font-size: 12px\"><span style=\"color: #000000\"> <span style=\"color: #0000ff\"><strong>A<\/strong><\/span><\/span><span style=\"color: #0000ff\"><strong><a href=\"http:\/\/usp-br.academia.edu\/LPardini\"><span style=\"color: #0000ff\">cademic.edu<\/span><\/a><\/strong><\/span><span style=\"color: #0000ff\"><span style=\"color: #0000ff\"> &#8211; <\/span><\/span><span style=\"color: #0000ff\"><strong><a href=\"http:\/\/social.stoa.usp.br\/pardini\"><span style=\"color: #0000ff\">STOA<\/span><\/a><\/strong><\/span><span style=\"color: #0000ff\"><span style=\"color: #0000ff\"> &#8211; <\/span><\/span><span style=\"text-decoration: underline;color: #0000ff\"><strong><a href=\"https:\/\/www.worldcat.org\/search?q=Luiz+Carlos+Pardini&amp;fq=&amp;dblist=638&amp;fc=ap:_50&amp;qt=show_more_ap%3A&amp;cookie\"><span style=\"color: #0000ff;text-decoration: underline\">WorlCat<\/span><\/a><\/strong><\/span><span style=\"color: #0000ff\"><span style=\"color: #0000ff\"> &#8211; <\/span><\/span><\/span><\/span><span style=\"color: #ff0000\"><span style=\"font-size: 12px\"><strong><span style=\"color: #0000ff\"><a href=\"http:\/\/www.researcherid.com\/ProfileView.action?SID=2BpY8DkV99Ynj3FAnEZ&amp;returnCode=ROUTER.Success&amp;queryString=KG0UuZjN5WlmNqvDyK2XsaRf8PrjBjCreUY6OcVSBaI%253D&amp;SrcApp=CR&amp;Init=Yes\"><span style=\"color: #0000ff\">ResearchID<\/span><\/a><\/span><\/strong><span style=\"color: #0000ff\"><br \/>\n<\/span><\/span><\/span><\/div>\n<\/div>\n<h1 class=\"tituloPagina\">Sistema Eletr\u00f4nico de Editora\u00e7\u00e3o de Revistas (SEER)<\/h1>\n","protected":false},"excerpt":{"rendered":"<p>Sistema Eletr\u00f4nico de Editora\u00e7\u00e3o de Revistas (SEER) contribuir para ampliar a divulga\u00e7\u00e3o do\u00a0Portal de Revista [&hellip;]<\/p>\n","protected":false},"author":58,"featured_media":0,"parent":295,"menu_order":4,"comment_status":"open","ping_status":"closed","template":"","meta":{"footnotes":"","_links_to":"","_links_to_target":""},"class_list":["post-2050","page","type-page","status-publish","hentry"],"_links":{"self":[{"href":"https:\/\/sites.usp.br\/podae\/index.php?rest_route=\/wp\/v2\/pages\/2050","targetHints":{"allow":["GET"]}}],"collection":[{"href":"https:\/\/sites.usp.br\/podae\/index.php?rest_route=\/wp\/v2\/pages"}],"about":[{"href":"https:\/\/sites.usp.br\/podae\/index.php?rest_route=\/wp\/v2\/types\/page"}],"author":[{"embeddable":true,"href":"https:\/\/sites.usp.br\/podae\/index.php?rest_route=\/wp\/v2\/users\/58"}],"replies":[{"embeddable":true,"href":"https:\/\/sites.usp.br\/podae\/index.php?rest_route=%2Fwp%2Fv2%2Fcomments&post=2050"}],"version-history":[{"count":6,"href":"https:\/\/sites.usp.br\/podae\/index.php?rest_route=\/wp\/v2\/pages\/2050\/revisions"}],"predecessor-version":[{"id":2053,"href":"https:\/\/sites.usp.br\/podae\/index.php?rest_route=\/wp\/v2\/pages\/2050\/revisions\/2053"}],"up":[{"embeddable":true,"href":"https:\/\/sites.usp.br\/podae\/index.php?rest_route=\/wp\/v2\/pages\/295"}],"wp:attachment":[{"href":"https:\/\/sites.usp.br\/podae\/index.php?rest_route=%2Fwp%2Fv2%2Fmedia&parent=2050"}],"curies":[{"name":"wp","href":"https:\/\/api.w.org\/{rel}","templated":true}]}}