{"id":2292,"date":"2006-03-05T07:00:13","date_gmt":"2006-03-05T10:00:13","guid":{"rendered":"http:\/\/sites.usp.br\/podae\/?page_id=2292"},"modified":"2015-02-12T17:02:49","modified_gmt":"2015-02-12T19:02:49","slug":"2292-2","status":"publish","type":"page","link":"https:\/\/sites.usp.br\/podae\/?page_id=2292","title":{"rendered":"Artigo Cient\u00edfico Online: Onde Publicar?"},"content":{"rendered":"<p style=\"text-align: justify\"><span style=\"font-family: Arial\"><strong>Artigo Cient\u00edfico Online (Revista Cient\u00edfica Online)<\/strong>\u00a0amplia e complementa a divulga\u00e7\u00e3o da <strong>Produ\u00e7\u00e3o Cient\u00edfica<\/strong>. O Acesso Aberto (&#8220;Livre Acesso&#8221;) contribui com &#8220;<em>conhecimento cient\u00edfico<\/em>&#8221; produzido na comunidade acad\u00eamica<\/span><\/p>\n<p style=\"text-align: justify\"><strong style=\"font-family: Arial\">Revista Cient\u00edfico Online (HTML &#8211; \u00a0&#8220;<em>HyperText Markup Language&#8221;<\/em>)\u00a0<\/strong><span style=\"font-family: Arial\">\u00e9 uma das ferramentas dos pesquisadores, docentes e discentes visando estabelecer o elo de liga\u00e7\u00e3o entre a pesquisador e o internauta com destaque para textos de Livre Acesso (&#8220;<em>full text<\/em>&#8220;):<br \/>\n<\/span><\/p>\n<hr \/>\n<ul>\n<li><i style=\"font-size: 12px\"><b><span style=\"color: #0000ff\"><a href=\"http:\/\/www.forp.usp.br\/seer\/\"><span style=\"color: #0000ff\">Revista Brasileira de Teleodontologia<\/span><\/a><\/span><span style=\"color: #0000ff\"><span>: <span style=\"color: #000000\">Artigo 1 -2<\/span><\/span><\/span><\/b><\/i><\/li>\n<li><i style=\"font-size: 12px\"><b><span style=\"color: #0000ff\"><a href=\"http:\/\/www.scielo.br\/scielo.php?script=sci_serial&amp;pid=0104-1169&amp;lng=en&amp;nrm=iso\"><span style=\"color: #0000ff\">Revista Latino-Americana de Enfermagem<\/span><\/a><\/span><span style=\"color: #0000ff\"><span style=\"color: #000000\">: Artigo\u00a0<\/span><\/span><\/b><\/i><span style=\"color: #ff0000\"><i style=\"font-size: 12px\"><b><a href=\"http:\/\/www.scielo.br\/scielo.php?script=sci_arttext&amp;pid=S0104-11691999000200003&amp;lng=en&amp;nrm=iso\"><span style=\"color: #ff0000\">1<\/span><\/a>\u00a0<\/b><\/i><\/span><\/li>\n<li><i style=\"font-size: 12px\"><b><span style=\"color: #0000ff\"><i><b><i style=\"color: #333333;font-size: 13px;font-weight: normal\"><b><i style=\"font-size: 12px\"><b><a href=\"http:\/\/www.scielo.br\/scielo.php?script=sci_serial&amp;pid=1516-1439&amp;lng=pt&amp;nrm=iso\"><span style=\"color: #0000ff\">Pesquisa Odontol\u00f3gica Brasileira<\/span><\/a><\/b><\/i><\/b><\/i><\/b><\/i><\/span><span style=\"color: #0000ff\"><i><b><i style=\"color: #333333;font-size: 13px;font-weight: normal\"><b><i style=\"font-size: 12px\"><b><span style=\"color: #0000ff\">: <span style=\"color: #000000\">Artigo\u00a0\u00a0<\/span><\/span><\/b><\/i><\/b><\/i><\/b><\/i><\/span><\/b><\/i><i style=\"font-size: 12px\"><b><span style=\"color: #0000ff\"><i><b><i style=\"color: #333333;font-size: 13px;font-weight: normal\"><b><i style=\"font-size: 12px\"><b><span style=\"color: #0000ff\"><span style=\"color: #000000\">\u00a0<span style=\"color: #ff0000\"><a href=\"http:\/\/www.scielo.br\/scielo.php?script=sci_arttext&amp;pid=S1517-74912002000400002&amp;lng=en&amp;nrm=iso\"><span style=\"color: #ff0000\">1<\/span><\/a><\/span>\u00a0 \/\u00a0<\/span><span style=\"color: #000000\">Braz Oral Research<\/span><\/span><\/b><\/i><\/b><\/i><\/b><\/i><\/span><\/b><\/i><i style=\"font-size: 12px\"><b><\/b><\/i><\/li>\n<li><span style=\"color: #000000\"><i style=\"font-size: 12px\"><b><span style=\"color: #0000ff\"><i><b><i style=\"color: #333333;font-size: 13px;font-weight: normal\"><b><i style=\"font-size: 12px\"><b><a href=\"http:\/\/www.scielo.br\/scielo.php?script=sci_serial&amp;pid=1516-1439&amp;lng=pt&amp;nrm=iso\"><span style=\"color: #0000ff\">Materials Research<\/span><\/a><\/b><\/i><\/b><\/i><\/b><\/i><\/span><i><b><i style=\"color: #333333;font-size: 13px;font-weight: normal\"><b><i style=\"font-size: 12px\"><b>\u00a0(Ibero-american Journal of Materials)<\/b><\/i><\/b><\/i><\/b><\/i><i><b>:\u00a0Artigo \u00a0<\/b><\/i><\/b><\/i><i style=\"font-size: 12px\"><b><i><b>\u00a0<span style=\"color: #ff0000;text-decoration: underline\"><a href=\"http:\/\/www.scielo.br\/scielo.php?script=sci_arttext&amp;pid=S1516-14392004000300006&amp;lng=pt&amp;nrm=iso\"><span style=\"color: #ff0000;text-decoration: underline\">1<\/span><\/a><\/span>\u00a0&#8211;\u00a0<span style=\"color: #ff0000\"><span style=\"text-decoration: underline\"><a href=\"http:\/\/www.scielo.br\/scielo.php?script=sci_arttext&amp;pid=S1516-14392007000300021&amp;lng=pt&amp;nrm=iso\"><span style=\"color: #ff0000;text-decoration: underline\">2<\/span><\/a><\/span>\u00a0<\/span><\/b><\/i><\/b><\/i><\/span><\/li>\n<li><i style=\"font-size: 12px\"><b><span style=\"color: #0000ff\"><i><b><span style=\"text-decoration: underline\"><i><b><a href=\"http:\/\/www.scielo.br\/scielo.php?script=sci_serial&amp;pid=1678-7757&amp;lng=en&amp;nrm=iso\/\"><span style=\"color: #0000ff;text-decoration: underline\">Journal of Applied Oral Scienc<\/span><\/a><\/b><\/i><\/span><\/b><\/i><\/span><span style=\"color: #0000ff\"><i><b><span style=\"text-decoration: underline\"><i><b><a href=\"http:\/\/www.scielo.br\/scielo.php?script=sci_serial&amp;pid=1678-7757&amp;lng=en&amp;nrm=iso\/\"><span style=\"color: #0000ff;text-decoration: underline\">e<\/span><\/a><\/b><\/i><\/span><\/b><\/i><span style=\"color: #0000ff\"><i><b>: <span style=\"color: #000000\">Artigo <\/span><\/b><\/i><\/span><\/span><\/b><\/i><span style=\"color: #0000ff\"><span style=\"color: #0000ff\"><span style=\"color: #000000\">\u00a0<\/span><\/span><\/span><i style=\"font-size: 12px\"><b><a href=\"http:\/\/www.scielo.br\/scielo.php?script=sci_arttext&amp;pid=S1678-77572006000300004&amp;lng=pt&amp;nrm=iso\"><span style=\"color: #ff0000;text-decoration: underline\"><span style=\"text-decoration: underline\"><i><b><span style=\"color: #ff0000;text-decoration: underline\">1<\/span><\/b><\/i><\/span><\/span><\/a><span style=\"color: #0000ff\"><span style=\"color: #0000ff\"><i><b><br \/>\n<\/b><\/i><\/span><\/span><\/b><\/i><\/li>\n<li><i style=\"font-size: 12px\"><b><i><b><span style=\"color: #0000ff\"><a href=\"http:\/\/www.jcd.org.in\/\"><span style=\"color: #0000ff\">Journal of Conservative Dentistry<\/span><\/a><\/span>: Artigo <span style=\"color: #ff0000\"><a href=\"http:\/\/www.jcd.org.in\/article.asp?issn=0972-0707;year=2010;volume=13;issue=2;spage=65;epage=70;aulast=Pires\"><span style=\"color: #ff0000\">1 <\/span><\/a><\/span><br \/>\n<\/b><\/i><\/b><\/i><\/li>\n<li><i style=\"font-size: 12px\"><b><i><b><i><strong><i><span style=\"color: #0000ff\"><a href=\"http:\/\/www.jendodon.com\/\"><span style=\"color: #0000ff\">Journal Endodonic<\/span><\/a><\/span>:<\/i><\/strong><\/i><\/b><\/i><i><b><i><strong><i> <\/i><\/strong><\/i><\/b><\/i><span style=\"color: #0000ff\"><span style=\"color: #0000ff\"><i><b><i><strong><i>\u00a0 <span style=\"color: #000000\">Artigo<\/span> <a href=\"http:\/\/www.jendodon.com\/article\/S0099-2399(10)00805-8\/fulltext\"><span style=\"text-decoration: underline\"><span style=\"color: #ff0000;text-decoration: underline\">1<\/span><\/span><\/a>\u00a0 <\/i><\/strong><\/i><\/b><\/i><\/span><\/span><\/b><\/i><\/li>\n<li><i style=\"font-size: 12px\"><b><span style=\"color: #0000ff\"><a href=\"http:\/\/www.journalofosseointegration.eu\/\"><span style=\"color: #0000ff\"><i><b><i><strong><i><span style=\"text-decoration: underline\">Journal of Osseointegration<\/span><\/i><\/strong><\/i><\/b><\/i><\/span><\/a><\/span><span style=\"color: #0000ff\"><span style=\"color: #0000ff\"><i><b><i><strong><i>: <span style=\"color: #000000\">Artigo <a href=\"http:\/\/www.journalofosseointegration.eu\/articolo\/assessment-of-the-interface-between-implant-and-abutments-of-five-systems-by-scanning-electronic-microscopy\/\"><span style=\"color: #ff0000\">1<\/span><\/a><\/span><\/i><\/strong><\/i><\/b><\/i><\/span><\/span><\/b><\/i><\/li>\n<li><i style=\"font-size: 12px\"><b><span style=\"color: #0000ff\"><span style=\"color: #0000ff\"><i><b><i><strong><i><a href=\"https:\/\/www.jstage.jst.go.jp\/browse\">jimas Folia Anatomica Japonic<\/a><\/i><\/strong><b><i><b>:<\/b><\/i><\/b><\/i><i><b><i><b>\u00a0 <span style=\"color: #000000\">Artigo<\/span><\/b><\/i><\/b><\/i><span style=\"color: #000000\">\u00a0<\/span><\/b><\/i><\/span><\/span><\/b><\/i><\/li>\n<\/ul>\n<hr \/>\n<hr \/>\n<p style=\"text-align: justify\"><span style=\"font-family: Arial\"><strong>\u00a0<\/strong><\/span><\/p>\n<hr \/>\n<ul>\n<li><span><i style=\"font-size: 12px\"><b><i><b><a href=\"http:\/\/revodonto.bvsalud.org\/revistas\/iij\/paboutj.htm\"><span style=\"color: #0000ff\">Innovations Implant Journal: <\/span><\/a><\/b><\/i><\/b><\/i><\/span><\/li>\n<li><span><i style=\"font-size: 12px\"><b><i><b><a href=\"http:\/\/revodonto.bvsalud.org\/revistas\/iij\/paboutj.htm\"><span style=\"color: #0000ff\">Biomaterials and Esthetic<\/span>s<\/a>\u00a0: Artigo 1 (Login)<\/b><\/i><\/b><\/i><\/span><\/li>\n<li><span style=\"color: #000000\"><i style=\"font-size: 12px\"><b><i><b>&#8212;\u00a0<\/b><\/i><\/b><\/i><\/span><\/li>\n<\/ul>\n<hr \/>\n<hr \/>\n<p style=\"text-align: justify\"><span style=\"font-family: Arial\"><strong>Peri\u00f3dico Cient\u00edfico Online \u00a0<\/strong>insere no contexto a Linguagem Cient\u00edfica (Linguagem Acad\u00eamica) \u00e0 exposi\u00e7\u00e3o do &#8220;<em>Conhecimento<\/em>&#8221; para ser analisado, discutido, aplicado ou incentivando a produ\u00e7\u00e3o de \u00a0novos conhecimentos, como tamb\u00e9m estimulando as atitudes concordante ou discordante.<\/span><\/p>\n<p style=\"text-align: justify\"><span style=\"font-family: Arial\"><strong>Publica\u00e7\u00e3o Cient\u00edfica Online (Hipertextos)\u00a0<\/strong><\/span><span style=\"font-family: Arial\">insere no contexto da palavra (termo) &#8220;<em>Conhecimento<\/em>&#8221; que \u00e9 ampla e complexa. Pode estar relacionado com ter a\u00e7\u00f5es que visam simples no\u00e7\u00f5es superficiais, emp\u00edricas, complexas ou plenas de determinado tema, acontecimento, eventos, assunto. A publica\u00e7\u00e3o <\/span><span style=\"font-family: Arial\">contribui para desenvolver e estimular as habilidades, as atitudes dos pesquisadores na divulga\u00e7\u00e3o dos conhecimentos desenvolvidos nos Laborat\u00f3rios, Centros e Multic\u00eantricos de Pesquisa.\u00a0<\/span><\/p>\n<p style=\"text-align: justify\"><span style=\"font-family: Arial\"><strong>Publica\u00e7\u00e3o Cient\u00edfico (&#8220;Conte\u00fado Cient\u00edfico&#8221;) <\/strong>deve estabelecer, delimitar e esclarecer eventos cient\u00edficos, sendo que\u00a0<\/span><span style=\"font-family: Arial\">existe a necessidade de condutas e procedimentos para dar credibilidade os acontecimentos cient\u00edficos disponibilizados para a Comunidade Acad\u00eamica, realizando a\u00e7\u00f5es que contemplem a\u00e7\u00f5es, experi\u00eancias, incurs\u00f5es filos\u00f3ficas, debates, F\u00f3rum de Discuss\u00e3o associados a compet\u00eancia ou a sabedoria de seus autores visando a credibilidade cient\u00edfica.<\/span><\/p>\n<p style=\"text-align: justify\"><span style=\"font-family: Arial\">\u00a0<\/span><span style=\"font-family: Arial\"><strong>Polo de Odontologia Digital Aplicado \u00e0 Educa\u00e7\u00e3o<\/strong> desenvolve e apoia a <strong>Gest\u00e3o Midi\u00e1tica<\/strong> (<strong><span style=\"color: #0000ff\"><a href=\"https:\/\/uspdigital.usp.br\/tycho\/gruposPesquisaListarAreasConhecimento?areaConhecimento=40200000&amp;nomeArea=Odontologia\"><span style=\"color: #0000ff\">Grupos de Pesquisa<\/span><\/a><\/span><\/strong> &#8211; <strong>USP<\/strong>) estimulado pela <\/span><span style=\"font-family: Arial\"><strong><span style=\"text-decoration: underline\"><span style=\"color: #0000ff\"><a href=\"http:\/\/www.inovacao.usp.br\/\"><span style=\"color: #0000ff;text-decoration: underline\">Ag\u00eancia USP de Informa\u00e7\u00e3o<\/span><\/a><\/span><\/span><\/strong><\/span><span style=\"font-family: Arial\"> como fator desencadeante e incorpora\u00e7\u00e3o em <strong>Sistemas Midi\u00e1ticos<\/strong> (Livre Acesso) como referencial te\u00f3rico a produ\u00e7\u00e3o cient\u00edfica (<strong><span style=\"text-decoration: underline\"><span style=\"color: #0000ff;text-decoration: underline\"><a href=\"https:\/\/uspdigital.usp.br\/tycho\/ProducaoAcademicaIntelectualUSP?codmnu=1110\"><span style=\"color: #0000ff;text-decoration: underline\">Unidades da USP<\/span><\/a><\/span><\/span><\/strong>) e atua\u00e7\u00e3o dos <strong><span style=\"color: #0000ff\"><span style=\"text-decoration: underline\"><a href=\"https:\/\/uspdigital.usp.br\/tycho\/ProducaoAcademicaIntelectualDepartamento?siglaUnidade=FORP&amp;anoInicio=2010&amp;anoTermino=2014\"><span style=\"text-decoration: underline;color: #0000ff\">Pesquisadores da FORP<\/span><\/a><\/span><\/span><\/strong>, baseadas na produ\u00e7\u00e3o intelectual destaca no <strong>Curr\u00edculo Lattes<\/strong> (<span style=\"color: #0000ff\"><strong><span style=\"text-decoration: underline\"><a href=\"http:\/\/buscatextual.cnpq.br\/buscatextual\/busca.do?metodo=apresentar\"><span style=\"text-decoration: underline;color: #0000ff\">Buscar Curr\u00edculos<\/span><\/a><\/span><\/strong><\/span>) e consolidados no <span style=\"color: #0000ff\"><strong><span style=\"text-decoration: underline\"><a href=\"https:\/\/uspdigital.usp.br\/anuario\/AnuarioControle\"><span style=\"text-decoration: underline;color: #0000ff\">Anu\u00e1rio Estat\u00edstico da USP<\/span><\/a><\/span><\/strong><\/span> e no<\/span><span style=\"font-family: Arial\"> <strong><span style=\"color: #0000ff\"><a href=\"http:\/\/www.teses.usp.br\/index.php?option=com_jumi&amp;fileid=30&amp;Itemid=162&amp;lang=pt-br&amp;id=58\"><span style=\"color: #0000ff\">B<\/span><\/a><\/span><span style=\"color: #0000ff\"><a href=\"http:\/\/www.teses.usp.br\/index.php?option=com_jumi&amp;fileid=30&amp;Itemid=162&amp;lang=pt-br&amp;id=58\"><span style=\"color: #0000ff\">anco de Tese<\/span><\/a><\/span><\/strong><span style=\"color: #0000ff\">.<\/span><\/span><\/p>\n<p style=\"text-align: justify\"><span style=\"font-family: Arial\"><strong>Polo de Odontologia Digital Aplicado \u00e0 Educa\u00e7\u00e3o <\/strong>promove a cria\u00e7\u00e3o e desenvolvimento de recursos pedag\u00f3gicos orientando a produ\u00e7\u00e3o de meios virtuais educacionais (multiusu\u00e1rios em multim\u00eddia) com \u00eanfase no Livre Acesso. <\/span><span style=\"font-family: Arial\">As intera\u00e7\u00f5es ampliam as participa\u00e7\u00f5es reflexivas na <strong>Inclus\u00e3o Digital<\/strong> promovida pelo <strong>Minist\u00e9rio da Ci\u00eancia e Tecnologia e Informa\u00e7\u00e3o<\/strong> (<span style=\"text-decoration: underline\"><a href=\"http:\/\/www.mcti.gov.br\/\"><strong><span style=\"color: #0000ff;text-decoration: underline\">MCT<\/span><span style=\"color: #0000ff;text-decoration: underline\">I<\/span><\/strong><\/a><\/span>), <\/span><span style=\"font-family: Arial\"><strong>Instituto Brasileiro de Informa\u00e7\u00e3o em Ci\u00eancia e Tecnologia<\/strong> (<span style=\"color: #0000ff\"><strong><span style=\"text-decoration: underline\"><a href=\"http:\/\/www.ibict.br\/sobre-o-ibict\"><span style=\"color: #0000ff;text-decoration: underline\">IBICT<\/span><\/a><\/span><\/strong><\/span>) e <strong>Instituto<\/strong> <strong>Nacional de Tecnologia e<br \/>\n<\/strong><\/span><\/p>\n<hr \/>\n<div style=\"text-align: justify\" align=\"justify\">\n<div align=\"justify\">\n<p><em><span style=\"color: #ff0000;font-size: 12px\"><em>\u2666 <\/em><\/span><\/em><em><span style=\"color: #ff0000\"><em><strong><span style=\"color: #000000;font-size: 12px\">Luiz Carlos Pardini <\/span><\/strong><\/em><\/span><\/em><span style=\"color: #ff0000\"><span style=\"color: #000000;font-size: 12px\">&#8211; <\/span><strong><\/strong><\/span><span style=\"color: #ff0000\"><strong><span style=\"font-size: 12px;color: #0000ff\"><a href=\"http:\/\/lattes.cnpq.br\/5853462846099775\"><span style=\"color: #0000ff\">Curr\u00edculo Lattes<\/span><\/a><\/span><span style=\"font-size: 12px\"><span style=\"color: #0000ff\"><span style=\"color: #0000ff\"> &#8211;<\/span><\/span><span style=\"color: #0000ff\"><a href=\"http:\/\/buscatextual.cnpq.br\/buscatextual\/graficos.do?metodo=apresentar&amp;chttp:\/\/buscatextual.cnpq.br\/buscatextual\/graficos.do?metodo=apresentar&amp;codRHCript=K4796807T1&amp;nome=Luiz%20Carlos%20Pardini\"><span style=\"text-decoration: underline;color: #0000ff\"> Indicador de Produ\u00e7\u00e3o<\/span><\/a><\/span><span style=\"color: #0000ff\"><span style=\"color: #0000ff\"> &#8211;\u00a0 <\/span><\/span><span style=\"color: #0000ff\"><strong><a href=\"http:\/\/www.researchgate.net\/profile\/Luiz_Pardini\"><span style=\"color: #0000ff\">ResearchGate<\/span><\/a><\/strong><\/span><span style=\"color: #0000ff\"><span style=\"color: #0000ff\"> &#8211;<\/span><\/span><\/span><\/strong><\/span><span style=\"color: #ff0000\"><span style=\"font-size: 12px\"><span style=\"color: #000000\"> <span style=\"color: #0000ff\"><strong>A<\/strong><\/span><\/span><span style=\"color: #0000ff\"><strong><a href=\"http:\/\/usp-br.academia.edu\/LPardini\"><span style=\"color: #0000ff\">cademic.edu<\/span><\/a><\/strong><\/span><span style=\"color: #0000ff\"><span style=\"color: #0000ff\"> &#8211; <\/span><\/span><span style=\"color: #0000ff\"><strong><a href=\"http:\/\/social.stoa.usp.br\/pardini\"><span style=\"color: #0000ff\">STOA<\/span><\/a><\/strong><\/span><span style=\"color: #0000ff\"><span style=\"color: #0000ff\"> &#8211; <\/span><\/span><span style=\"text-decoration: underline;color: #0000ff\"><strong><a href=\"https:\/\/www.worldcat.org\/search?q=Luiz+Carlos+Pardini&amp;fq=&amp;dblist=638&amp;fc=ap:_50&amp;qt=show_more_ap%3A&amp;cookie\"><span style=\"color: #0000ff;text-decoration: underline\">WorlCat<\/span><\/a><\/strong><\/span><span style=\"color: #0000ff\"><span style=\"color: #0000ff\"> &#8211; <\/span><\/span><\/span><\/span><span style=\"color: #ff0000\"><span style=\"font-size: 12px\"><strong><span style=\"color: #0000ff\"><a href=\"http:\/\/www.researcherid.com\/ProfileView.action?SID=2BpY8DkV99Ynj3FAnEZ&amp;returnCode=ROUTER.Success&amp;queryString=KG0UuZjN5WlmNqvDyK2XsaRf8PrjBjCreUY6OcVSBaI%253D&amp;SrcApp=CR&amp;Init=Yes\"><span style=\"color: #0000ff\">ResearchID<\/span><\/a><\/span><\/strong><span style=\"color: #0000ff\"> &#8211;\u00a0<\/span><span style=\"text-decoration: underline\"><span style=\"color: #0000ff\"><strong><strong><strong><strong><em><a href=\"http:\/\/scholar.google.com.br\/citations?user=-QOIWgUAAAAJ&amp;hl=pt-BR\"><span style=\"color: #0000ff;text-decoration: underline\">Google Acad\u00eamico<\/span><\/a><\/em><\/strong><\/strong><\/strong><\/strong><\/span><\/span><span style=\"color: #0000ff\"><span style=\"color: #000000\">\u00a0<\/span><\/span><\/span><\/span><\/p>\n<\/div>\n<\/div>\n","protected":false},"excerpt":{"rendered":"<p>Artigo Cient\u00edfico Online (Revista Cient\u00edfica Online)\u00a0amplia e complementa a divulga\u00e7\u00e3o da Produ\u00e7\u00e3o Cient\u00edfica. O Acesso [&hellip;]<\/p>\n","protected":false},"author":58,"featured_media":0,"parent":295,"menu_order":0,"comment_status":"open","ping_status":"closed","template":"","meta":{"footnotes":"","_links_to":"","_links_to_target":""},"class_list":["post-2292","page","type-page","status-publish","hentry"],"_links":{"self":[{"href":"https:\/\/sites.usp.br\/podae\/index.php?rest_route=\/wp\/v2\/pages\/2292","targetHints":{"allow":["GET"]}}],"collection":[{"href":"https:\/\/sites.usp.br\/podae\/index.php?rest_route=\/wp\/v2\/pages"}],"about":[{"href":"https:\/\/sites.usp.br\/podae\/index.php?rest_route=\/wp\/v2\/types\/page"}],"author":[{"embeddable":true,"href":"https:\/\/sites.usp.br\/podae\/index.php?rest_route=\/wp\/v2\/users\/58"}],"replies":[{"embeddable":true,"href":"https:\/\/sites.usp.br\/podae\/index.php?rest_route=%2Fwp%2Fv2%2Fcomments&post=2292"}],"version-history":[{"count":7,"href":"https:\/\/sites.usp.br\/podae\/index.php?rest_route=\/wp\/v2\/pages\/2292\/revisions"}],"predecessor-version":[{"id":2418,"href":"https:\/\/sites.usp.br\/podae\/index.php?rest_route=\/wp\/v2\/pages\/2292\/revisions\/2418"}],"up":[{"embeddable":true,"href":"https:\/\/sites.usp.br\/podae\/index.php?rest_route=\/wp\/v2\/pages\/295"}],"wp:attachment":[{"href":"https:\/\/sites.usp.br\/podae\/index.php?rest_route=%2Fwp%2Fv2%2Fmedia&parent=2292"}],"curies":[{"name":"wp","href":"https:\/\/api.w.org\/{rel}","templated":true}]}}