{"id":284,"date":"2014-06-05T14:44:57","date_gmt":"2014-06-05T17:44:57","guid":{"rendered":"http:\/\/sites.usp.br\/podae\/?page_id=284"},"modified":"2019-03-01T17:10:38","modified_gmt":"2019-03-01T20:10:38","slug":"pos-graduacao-pesquisas-referencias","status":"publish","type":"page","link":"https:\/\/sites.usp.br\/podae\/?page_id=284","title":{"rendered":"A Pesquisa: P\u00f3s &#8211; Gradua\u00e7\u00e3o (Pesquisas Referencias)"},"content":{"rendered":"<p><em><span style=\"color: #ff0000;\"><em><strong><span style=\"color: #000000; font-size: 14px;\"><em><em><a href=\"http:\/\/sites.usp.br\/podae\/wp-content\/uploads\/sites\/36\/2014\/05\/a-pontoamarelo.gif\"><img loading=\"lazy\" decoding=\"async\" src=\"http:\/\/sites.usp.br\/podae\/wp-content\/uploads\/sites\/36\/2014\/05\/a-pontoamarelo.gif\" alt=\"Pontoamarelo_Podae\" width=\"7\" height=\"7\" \/><\/a>\u00a0<\/em><\/em>Luiz Carlos Pardini &#8211; <\/span><\/strong><\/em><\/span><\/em><span style=\"color: #ff0000;\"><strong><span style=\"font-size: 10px;\"><span style=\"color: #0000ff;\"><span style=\"color: #0000ff;\">\u00a0<\/span><\/span><span style=\"color: #0000ff;\"><a href=\"http:\/\/buscatextual.cnpq.br\/buscatextual\/email.do?metodo=apresentar&amp;seqIdPessoa=396158&amp;nomeDestinatario=Luiz_Carlos_Pardini\"><span style=\"color: #0000ff;\">E-mail<\/span><\/a><\/span>\u00a0<span style=\"color: #0000ff;\"><span style=\"color: #0000ff;\">&#8211; <\/span><\/span><span style=\"color: #0000ff;\"><strong><a href=\"http:\/\/buscatextual.cnpq.br\/buscatextual\/visualizacv.do?metodo=apresentar&amp;id=K4796807T1\"><span style=\"color: #0000ff;\">Curr\u00edculo Lattes<\/span><\/a><\/strong><\/span><span style=\"color: #0000ff;\"><span style=\"color: #0000ff;\">\u00a0<\/span><\/span><span style=\"color: #0000ff;\"><span style=\"color: #0000ff;\">&#8211; <\/span><\/span><span style=\"color: #0000ff;\"><a href=\"http:\/\/buscatextual.cnpq.br\/buscatextual\/graficos.do?metodo=apresentar&amp;chttp:\/\/buscatextual.cnpq.br\/buscatextual\/graficos.do?metodo=apresentar&amp;codRHCript=K4796807T1&amp;nome=Luiz%20Carlos%20Pardini\"><span style=\"color: #0000ff;\">Ind<\/span><span style=\"color: #0000ff;\">icador de Produ\u00e7\u00e3o<\/span><\/a><\/span><span style=\"color: #0000ff;\"><span style=\"color: #0000ff;\">\u00a0&#8211; <\/span><\/span><span style=\"color: #0000ff;\"><a href=\"http:\/\/www.researchgate.net\/profile\/Luiz_Pardini\"><span style=\"color: #0000ff;\">ReseachGate<\/span><\/a><\/span><\/span><span style=\"font-size: 10px;\"><span style=\"color: #0000ff;\"><span style=\"color: #0000ff;\"> &#8211; <\/span><\/span><\/span><\/strong><\/span><span style=\"color: #ff0000;\"><span style=\"font-size: 10px;\"><span style=\"color: #0000ff;\"><strong><a href=\"https:\/\/www.worldcat.org\/search?q=Luiz+Carlos+Pardini&amp;fq=&amp;dblist=638&amp;fc=ap:_50&amp;qt=show_more_ap%3A&amp;cookie\"><span style=\"color: #0000ff;\">WorldCat<\/span><\/a><\/strong><\/span><span style=\"color: #0000ff;\"><span style=\"color: #0000ff;\"> &#8211; <\/span><\/span><\/span><\/span><span style=\"color: #ff0000;\"><span style=\"font-size: 10px;\"><strong><span style=\"color: #0000ff;\"><a href=\"http:\/\/www.researcherid.com\/ProfileView.action?SID=2BpY8DkV99Ynj3FAnEZ&amp;returnCode=ROUTER.Success&amp;queryString=KG0UuZjN5WlmNqvDyK2XsaRf8PrjBjCreUY6OcVSBaI%253D&amp;SrcApp=CR&amp;Init=Yes\"><span style=\"color: #0000ff;\">ResearchID<\/span><\/a><\/span><\/strong><span style=\"color: #0000ff;\"> &#8211; <\/span><strong><span style=\"color: #0000ff;\"><a href=\"http:\/\/scholar.google.com.br\/citations?user=-QOIWgUAAAAJ&amp;hl=pt-BR\"><span style=\"color: #0000ff;\">Google Acad\u00eamico<\/span><\/a><\/span><span style=\"color: #0000ff;\"><span style=\"color: #000000;\">\u00a0&#8211; <span style=\"color: #0000ff;\"><a href=\"https:\/\/scholar.google.com\/scholar?hl=en&amp;q=%22Luiz+Carlos+Pardini%22&amp;btnG=&amp;as_sdt=1%2C5&amp;as_sdtp=\"><span style=\"color: #0000ff; font-size: 10px;\">Google Scholar<\/span><\/a><\/span>\u00a0&#8211; \u00a0<span style=\"color: #0000ff;\"><a href=\"http:\/\/academic.research.microsoft.com\/Search?query=%22Luiz%20Carlos%20Pardini%22\"><span style=\"color: #0000ff;\">Academic Search (Microsoft)<\/span><\/a><\/span>\u00a0&#8211; <span style=\"color: #0000ff;\"><a href=\"http:\/\/search.scielo.org\/?output=site&amp;lang=pt&amp;from=0&amp;sort=&amp;format=abstract&amp;count=20&amp;fb=&amp;page=1&amp;q=au%3A%22Luiz+Carlos%2C+Pardini%22&amp;index=&amp;where=ORG&amp;search_form_submit=Pesquisar\"><span style=\"color: #0000ff;\">Scielo<\/span><\/a><\/span> &#8211;\u00a0<span style=\"color: #0000ff;\"><a href=\"https:\/\/social.stoa.usp.br\/pardini\"><span style=\"color: #0000ff;\">STOA<\/span><\/a><\/span> &#8211; <a href=\"http:\/\/apps.webofknowledge.com\/Search.do?product=UA&amp;SID=1E3jjWCJfsh6D2zhUFC&amp;search_mode=GeneralSearch&amp;prID=933d96bb-cdb1-4c3a-8325-1ec742f8079c\"><span style=\"color: #0000ff;\">Web of Science<\/span><\/a> &#8211; <\/span><\/span><span style=\"color: #0000ff;\"><a href=\"http:\/\/www.ncbi.nlm.nih.gov\/pubmed\/?term=Luiz+Carlos+Pardini\"><span style=\"color: #0000ff;\">PubMed<\/span><\/a> <\/span><span style=\"color: #0000ff;\"><span style=\"color: #000000;\">&#8211; <span style=\"color: #0000ff;\"><a href=\"http:\/\/usp-br.academia.edu\/LPardini\"><span style=\"color: #0000ff;\">Academic<\/span><\/a><\/span>.<span style=\"color: #0000ff;\"><a href=\"http:\/\/www.academia.edu\/2916650\/Curriculo\"><span style=\"color: #0000ff;\">edu<\/span><\/a><\/span> &#8211;\u00a0<\/span><\/span><\/strong><\/span><\/span><\/p>\n<hr \/>\n<p style=\"text-align: center;\"><span style=\"font-size: 10px;\"><strong><span style=\"color: #0000ff;\"><a href=\"https:\/\/uspdigital.usp.br\/janus\/comum\/apresentacao.jsf;jsessionid=E3BBCE658E9CA48B6D0D0F4A68CA1CDD\"><span style=\"color: #0000ff;\">PROGRAMA DE P\u00d3S-GRADUA\u00c7\u00c3O<\/span><\/a> <\/span>\u00a0&#8211;\u00a0<\/strong>Faculdade de Odontologia de Ribeir\u00e3o Preto (FORP) &#8211; Universidade de S\u00e3o paulo (USP).<br \/>\n<\/span><\/p>\n<hr \/>\n<p style=\"text-align: center;\"><strong style=\"font-family: Arial;\">Linhas de Pesquisas (<\/strong><a style=\"font-family: Arial;\" href=\"http:\/\/lattes.cnpq.br\/web\/dgp\/home\"><strong><span style=\"color: #0000ff;\">Diret\u00f3rio de Grupos do CNpQ<\/span><\/strong><\/a><strong style=\"font-family: Arial;\">):<\/strong><\/p>\n<address>\n<ul>\n<li><span style=\"color: #0000ff;\"><strong style=\"color: #0000ff; font-size: 10px;\"><span style=\"color: #0000ff;\"><span style=\"color: #000000;\">Laborat\u00f3rio de An\u00e1lise e Controle da Imagem Radiogr\u00e1fica Odontologia (<span style=\"color: #0000ff;\"><a href=\"http:\/\/dgp.cnpq.br\/dgp\/espelhogrupo\/7860212987967525\"><span style=\"color: #0000ff;\">LACIRO<\/span><\/a><\/span>)<\/span><\/span><\/strong><\/span><\/li>\n<li><strong style=\"color: #0000ff; font-size: 10px;\"><span style=\"color: #000000;\">Polo de Odontologia Digital Aplicado \u00e0 Educa\u00e7\u00e3o<\/span><span style=\"color: #0000ff;\"> <span style=\"color: #000000;\">(<\/span><\/span><span style=\"color: #0000ff;\"><a href=\"http:\/\/dgp.cnpq.br\/dgp\/espelhogrupo\/7823090133066976\"><span style=\"color: #0000ff;\">PODAE<\/span><\/a><\/span><span style=\"color: #0000ff;\"><span style=\"color: #000000;\">)<\/span><\/span><\/strong><\/li>\n<li><strong style=\"color: #0000ff; font-size: 10px;\"><span style=\"color: #000000;\">Laborat\u00f3rio \u00a0 Multidisciplinar de Ensino, Pesquisa e Extens\u00e3o em Teleodontologia<\/span> (<span style=\"color: #0000ff;\"><a href=\"http:\/\/dgp.cnpq.br\/dgp\/espelhogrupo\/8688250186864370\"><span style=\"color: #0000ff;\">LaMEPET<\/span><\/a><\/span>)\u00a0\u00a0<\/strong><\/li>\n<li><strong style=\"color: #0000ff; font-size: 10px;\"><strong style=\"color: #0000ff; font-size: 10px;\"><strong><strong><span style=\"color: #000000;\">Atua\u00e7\u00e3o Profissional: <\/span><\/strong><\/strong><\/strong><\/strong><strong style=\"color: #0000ff; font-size: 10px;\"><strong style=\"color: #0000ff; font-size: 10px;\">\u00a0<\/strong><\/strong><span style=\"color: #000000;\"><strong style=\"color: #0000ff; font-size: 10px;\"><strong style=\"color: #0000ff; font-size: 10px;\"><a href=\"http:\/\/www.forp.usp.br\/contatos-corpo-docente\/40-docentes\/198-luiz-carlos-pardini.html\">Docente &#8211; FORP \/ USP<\/a>\u00a0<\/strong><\/strong><\/span><\/li>\n<\/ul>\n<\/address>\n<div style=\"text-align: justify;\" align=\"justify\">\n<div style=\"text-align: center;\" align=\"justify\">\n<address style=\"text-align: right;\">\n<hr \/>\n<hr \/>\n<p style=\"text-align: justify;\"><em><strong><span style=\"font-size: 12px;\">Orienta\u00e7\u00f5es<br \/>\n<\/span><\/strong><\/em><\/p>\n<div style=\"text-align: justify;\" align=\"justify\">\n<div align=\"justify\"><span style=\"font-size: 13px;\"> As atividades de orienta\u00e7\u00f5es podem gerar publica\u00e7\u00f5es em peri\u00f3dicos cient\u00edficos (impressos e\/ou online): Revistas Cient\u00edficas Nacionais ou Internacionais.<br \/>\n<\/span><\/div>\n<div style=\"text-align: center;\" align=\"justify\">\n<address style=\"text-align: right;\">\n<hr \/>\n<address style=\"text-align: right;\"><span style=\"font-size: 10px;\">\u00a0<\/span><\/address>\n<\/address>\n<\/div>\n<\/div>\n<\/address>\n<\/div>\n<\/div>\n","protected":false},"excerpt":{"rendered":"<p>\u00a0Luiz Carlos Pardini &#8211; \u00a0E-mail\u00a0&#8211; Curr\u00edculo Lattes\u00a0&#8211; Indicador de Produ\u00e7\u00e3o\u00a0&#8211; ReseachGate &#8211; WorldCat &#8211; ResearchID [&hellip;]<\/p>\n","protected":false},"author":13,"featured_media":0,"parent":3378,"menu_order":0,"comment_status":"closed","ping_status":"closed","template":"","meta":{"footnotes":"","_links_to":"","_links_to_target":""},"class_list":["post-284","page","type-page","status-publish","hentry"],"_links":{"self":[{"href":"https:\/\/sites.usp.br\/podae\/index.php?rest_route=\/wp\/v2\/pages\/284","targetHints":{"allow":["GET"]}}],"collection":[{"href":"https:\/\/sites.usp.br\/podae\/index.php?rest_route=\/wp\/v2\/pages"}],"about":[{"href":"https:\/\/sites.usp.br\/podae\/index.php?rest_route=\/wp\/v2\/types\/page"}],"author":[{"embeddable":true,"href":"https:\/\/sites.usp.br\/podae\/index.php?rest_route=\/wp\/v2\/users\/13"}],"replies":[{"embeddable":true,"href":"https:\/\/sites.usp.br\/podae\/index.php?rest_route=%2Fwp%2Fv2%2Fcomments&post=284"}],"version-history":[{"count":5,"href":"https:\/\/sites.usp.br\/podae\/index.php?rest_route=\/wp\/v2\/pages\/284\/revisions"}],"predecessor-version":[{"id":3300,"href":"https:\/\/sites.usp.br\/podae\/index.php?rest_route=\/wp\/v2\/pages\/284\/revisions\/3300"}],"up":[{"embeddable":true,"href":"https:\/\/sites.usp.br\/podae\/index.php?rest_route=\/wp\/v2\/pages\/3378"}],"wp:attachment":[{"href":"https:\/\/sites.usp.br\/podae\/index.php?rest_route=%2Fwp%2Fv2%2Fmedia&parent=284"}],"curies":[{"name":"wp","href":"https:\/\/api.w.org\/{rel}","templated":true}]}}