{"id":2964,"date":"2011-01-01T00:11:49","date_gmt":"2011-01-01T02:11:49","guid":{"rendered":"http:\/\/sites.usp.br\/podae\/?page_id=2964"},"modified":"2017-06-13T12:32:51","modified_gmt":"2017-06-13T15:32:51","slug":"podae-faculdade-de-odontologia-de-ribeirao-de-preto-forp-acoes-educacionais","status":"publish","type":"page","link":"https:\/\/sites.usp.br\/podae\/?page_id=2964","title":{"rendered":"01 PODAE: Faculdade de Odontologia de Ribeir\u00e3o de Preto (FORP): A\u00e7\u00f5es Educacionais"},"content":{"rendered":"<address><span style=\"color: #ff0000;font-size: 14px\">\u2666 <\/span><span style=\"color: #ff0000\"><span style=\"color: #000000;font-size: 14px\"><em><strong>Luiz Carlos Pardini<\/strong><\/em>\u00a0<\/span><\/span><\/address>\n<hr \/>\n<address style=\"text-align: right\"><span style=\"font-size: 12px\"><strong>PODAE<\/strong> &#8211;\u00a0<\/span><\/address>\n<hr \/>\n<p style=\"text-align: justify\"><span style=\"font-family: Arial\"><strong>Faculdade de Odontologia de Ribeir\u00e3o de Preto<\/strong> (<span style=\"text-decoration: underline;color: #0000ff\"><strong><a href=\"http:\/\/www.forp.usp.br\/\"><span style=\"color: #0000ff;text-decoration: underline\">FORP<\/span><\/a><\/strong><\/span>) da Universidade de S\u00e3o Paulo (<span style=\"text-decoration: underline;color: #0000ff\"><strong><a href=\"http:\/\/www5.usp.br\/\"><span style=\"color: #0000ff;text-decoration: underline\">USP<\/span><\/a><\/strong><\/span> &#8211; <em>&#8220;Top Institutions<\/em>&#8221; &#8211; <span style=\"text-decoration: underline;color: #0000ff\"><strong><a href=\"http:\/\/www.webometrics.info\/en\/Latin_America\"><span style=\"color: #0000ff;text-decoration: underline\">Am\u00e9rica Latina<\/span><\/a><\/strong><\/span>) incentiva a\u00e7\u00f5es educacionais assertivas produzindo multimeios em educa\u00e7\u00e3o (Inova\u00e7\u00e3o Tecnol\u00f3gica) e divulga\u00e7\u00e3o do conhecimento (T\u00e9cnicos e Cient\u00edficos) estimulando e promovendo os procedimentos promotores a Educa\u00e7\u00e3o Superior (<span style=\"color: #0000ff;text-decoration: underline\"><strong><a href=\"https:\/\/uspdigital.usp.br\/wsusuario\/\"><span style=\"color: #0000ff;text-decoration: underline\">Portal de Sistema da USP<\/span><\/a><\/strong><\/span><\/span><span style=\"font-family: Arial\">).<\/span><\/p>\n<div id=\"attachment_540\" style=\"width: 160px\" class=\"wp-caption alignleft\"><img loading=\"lazy\" decoding=\"async\" aria-describedby=\"caption-attachment-540\" class=\"size-thumbnail wp-image-540\" src=\"http:\/\/sites.usp.br\/podae\/wp-content\/uploads\/sites\/36\/2014\/05\/FORP_PODAE_03.1-150x150.jpg\" alt=\"\" width=\"150\" height=\"150\" srcset=\"https:\/\/sites.usp.br\/podae\/wp-content\/uploads\/sites\/36\/2014\/05\/FORP_PODAE_03.1-150x150.jpg 150w, https:\/\/sites.usp.br\/podae\/wp-content\/uploads\/sites\/36\/2014\/05\/FORP_PODAE_03.1-200x200.jpg 200w\" sizes=\"auto, (max-width: 150px) 100vw, 150px\" \/><p id=\"caption-attachment-540\" class=\"wp-caption-text\"><em>\u00a0\u00a0\u00a0\u00a0\u00a0\u00a0\u00a0\u00a0\u00a0\u00a0\u00a0\u00a0\u00a0\u00a0\u00a0\u00a0\u00a0 FORP<\/em><\/p><\/div>\n<p style=\"text-align: justify\"><span style=\"font-family: Arial\"><strong>Faculdade de Odontologia de Ribeir\u00e3o de Preto<\/strong> (<span style=\"text-decoration: underline;color: #0000ff\"><strong><a style=\"color: #0000ff;text-decoration: underline\" href=\"http:\/\/www.forp.usp.br\/\">FORP<\/a><\/strong><\/span>) contribuir nas atividades educacionais: <span style=\"text-decoration: underline;color: #0000ff\"><strong><a href=\"http:\/\/www.prg.usp.br\/\"><span style=\"color: #0000ff;text-decoration: underline\">Gradua\u00e7\u00e3o<\/span><\/a><\/strong><\/span>, <span style=\"color: #0000ff\"><strong><a href=\"http:\/\/www.prpg.usp.br\/\"><span style=\"color: #0000ff\">P\u00f3s-Gradua\u00e7\u00e3o<\/span><\/a><\/strong><\/span>, <span style=\"text-decoration: underline;color: #0000ff\"><strong><a href=\"http:\/\/www.reitoria.usp.br\/?page_id=317\"><span style=\"color: #0000ff;text-decoration: underline\">Extens\u00e3o<\/span><\/a><\/strong><\/span> e <span style=\"color: #0000ff\"><strong><span style=\"text-decoration: underline\"><a href=\"http:\/\/www.prp.usp.br\/\"><span style=\"color: #0000ff;text-decoration: underline\">Pesquisa<\/span><\/a><\/span><\/strong><\/span> (<span style=\"color: #0000ff\"><strong><span style=\"text-decoration: underline\"><a href=\"https:\/\/uspdigital.usp.br\/tycho\/ProducaoAcademicaIntelectualUSP?codmnu=1110\"><span style=\"color: #0000ff;text-decoration: underline\">Produ\u00e7\u00e3o Intelectual da USP<\/span><\/a><\/span><\/strong><\/span>). <\/span><\/p>\n<p style=\"text-align: justify\"><span style=\"font-family: Arial\"><strong>Faculdade de Odontologia de Ribeir\u00e3o de Preto<\/strong> (<span style=\"text-decoration: underline;color: #0000ff\"><strong><a href=\"http:\/\/www.forp.usp.br\/\">FORP<\/a><\/strong><\/span>) desenvolve e apoia a <strong>Gest\u00e3o Midi\u00e1tica<\/strong> (<strong><span style=\"color: #0000ff\"><a href=\"https:\/\/uspdigital.usp.br\/tycho\/gruposPesquisaListarAreasConhecimento?areaConhecimento=40200000&amp;nomeArea=Odontologia\"><span style=\"color: #0000ff\">Grupos de Pesquisa<\/span><\/a><\/span><\/strong> &#8211; <strong>USP<\/strong>) estimulado pela <\/span><span style=\"font-family: Arial\"><strong><span style=\"text-decoration: underline\"><span style=\"color: #0000ff;text-decoration: underline\"><a href=\"http:\/\/www.inovacao.usp.br\/\"><span style=\"color: #0000ff;text-decoration: underline\">Ag\u00eancia USP de Informa\u00e7\u00e3o<\/span><\/a><\/span><\/span><\/strong><\/span><span style=\"font-family: Arial\"> como fator desencadeante e incorpora\u00e7\u00e3o em <strong>Sistemas Midi\u00e1ticos<\/strong> (Livre Acesso) como referencial te\u00f3rico a produ\u00e7\u00e3o cient\u00edfica (<strong><span style=\"text-decoration: underline\"><span style=\"color: #0000ff;text-decoration: underline\"><a href=\"https:\/\/uspdigital.usp.br\/tycho\/ProducaoAcademicaIntelectualUSP?codmnu=1110\"><span style=\"color: #0000ff;text-decoration: underline\">Unidades da USP<\/span><\/a><\/span><\/span><\/strong>) e atua\u00e7\u00e3o dos <strong><span style=\"color: #0000ff\"><span style=\"text-decoration: underline\"><a href=\"https:\/\/uspdigital.usp.br\/tycho\/ProducaoAcademicaIntelectualDepartamento?siglaUnidade=FORP&amp;anoInicio=2010&amp;anoTermino=2014\"><span style=\"text-decoration: underline;color: #0000ff\">Pesquisadores da FORP<\/span><\/a><\/span><\/span><\/strong>, baseadas na produ\u00e7\u00e3o itelectual destaca no <strong>Curr\u00edculo Latte<\/strong> (<span style=\"color: #0000ff\"><strong><span style=\"text-decoration: underline\"><a href=\"http:\/\/buscatextual.cnpq.br\/buscatextual\/busca.do?metodo=apresentar\"><span style=\"text-decoration: underline;color: #0000ff\">Buscar Curr\u00edculos<\/span><\/a><\/span><\/strong><\/span>) e consolidados no <span style=\"color: #0000ff\"><strong><span style=\"text-decoration: underline\"><a href=\"https:\/\/uspdigital.usp.br\/anuario\/AnuarioControle\"><span style=\"text-decoration: underline;color: #0000ff\">Anu\u00e1rio Estat\u00edstico da USP<\/span><\/a><\/span><\/strong><\/span> e no<\/span><span style=\"font-family: Arial\"> <strong><span style=\"color: #0000ff\"><a href=\"http:\/\/www.teses.usp.br\/index.php?option=com_jumi&amp;fileid=30&amp;Itemid=162&amp;lang=pt-br&amp;id=58\"><span style=\"color: #0000ff\">B<\/span><\/a><\/span><span style=\"color: #0000ff\"><a href=\"http:\/\/www.teses.usp.br\/index.php?option=com_jumi&amp;fileid=30&amp;Itemid=162&amp;lang=pt-br&amp;id=58\"><span style=\"color: #0000ff\">anco de Tese<\/span><\/a><\/span><\/strong><span style=\"color: #0000ff\">. <\/span><\/span><\/p>\n<p style=\"text-align: justify\"><span style=\"font-family: Arial\"><strong>Faculdade de Odontologia de Ribeir\u00e3o de Preto (<span style=\"text-decoration: underline;color: #0000ff\"><a style=\"color: #0000ff;text-decoration: underline\" href=\"http:\/\/www.forp.usp.br\/\">FORP<\/a><\/span>),<\/strong> at\u00e9 <\/span><span style=\"font-family: Arial\">o presente momento, tem sido orientado com as condutas e procedimentos estabelecidos pela <strong>Organiza\u00e7\u00e3o Mundial de Sa\u00fade<\/strong> (<strong><span style=\"text-decoration: underline;color: #0000ff\"><a href=\"http:\/\/www.who.int\/classifications\/icd\/en\/\"><span style=\"text-decoration: underline;color: #0000ff\">OMS<\/span><\/a><\/span><\/strong>) e a <strong><span style=\"color: #0000ff\"><span style=\"text-decoration: underline\"><a href=\"\/\/sites.usp.br\/ebt\/wp-content\/uploads\/sites\/44\/2014\/11\/ICD10-2010.pdf\"><span style=\"text-decoration: underline;color: #0000ff\">CID-10<\/span><\/a><\/span><\/span><\/strong>. <\/span><\/p>\n<hr \/>\n<hr \/>\n<div style=\"text-align: justify\" align=\"justify\">\n<div align=\"justify\"><span style=\"color: #000000;font-size: 12px\">Refer\u00eancia<\/span><\/div>\n<div align=\"justify\"><span style=\"color: #000000;font-size: 12px\">1. BRASIL \u2013 Diretrizes e Bases da Educa\u00e7\u00e3o Nacional, 1996. [<strong><span style=\"color: #0000ff\"><a style=\"color: #0000ff\" href=\"\/\/sites.usp.br\/ebt\/wp-content\/uploads\/sites\/44\/2014\/11\/Lei_9.394.pdf\">Lei 9.394<\/a><\/span><\/strong>]<\/span><\/div>\n<div align=\"justify\"><span style=\"color: #000000;font-size: 12px\">2. BRASIL \u2013 Diretrizes Curriculares Nacionais do Curso de Gradua\u00e7\u00e3o em Odontologia, 2002. [<strong><a href=\"\/\/sites.usp.br\/ebt\/wp-content\/uploads\/sites\/44\/2014\/11\/Resolu%C3%A7%C3%A3o-19-02-2002.pdf\">Resolu\u00e7\u00e3o CNE\/CES 3<\/a><\/strong>]<\/span><\/div>\n<div align=\"justify\"><span style=\"color: #000000;font-size: 12px\">3.\u00a0World Health Organization: International Statistical Classification of Diseases and Related Health Problems, Tenth Revision Instruction Manual. Geneva, World Health Organization, 2004. [<strong><span style=\"color: #0000ff\"><a style=\"color: #0000ff\" href=\"\/\/sites.usp.br\/ebt\/wp-content\/uploads\/sites\/44\/2014\/11\/ICD10-2010.pdf\">ICD<\/a><\/span><\/strong>]<\/span><\/div>\n<div align=\"justify\"><span style=\"color: #000000;font-size: 12px\">\u00a04. World Health Organization. [<strong><span style=\"color: #0000ff\"><a style=\"color: #0000ff\" href=\"http:\/\/www.who.int\/en\/\">WHO<\/a><\/span><\/strong>]<br \/>\n<\/span><\/p>\n<hr \/>\n<\/div>\n<div align=\"justify\"><span style=\"font-size: 10px\"><strong><span style=\"text-decoration: underline\">Recebido<\/span>: <\/strong>3\/08\/2010 &#8211; <strong><span style=\"text-decoration: underline\">Publicado<\/span>:<\/strong> 1\/01\/2011 &#8211; PODAE<br \/>\n<\/span><\/div>\n<\/div>\n<hr \/>\n","protected":false},"excerpt":{"rendered":"<p>\u2666 Luiz Carlos Pardini\u00a0 PODAE &#8211;\u00a0 Faculdade de Odontologia de Ribeir\u00e3o de Preto (FORP) da [&hellip;]<\/p>\n","protected":false},"author":58,"featured_media":0,"parent":3042,"menu_order":0,"comment_status":"closed","ping_status":"closed","template":"","meta":{"footnotes":"","_links_to":"","_links_to_target":""},"class_list":["post-2964","page","type-page","status-publish","hentry"],"_links":{"self":[{"href":"https:\/\/sites.usp.br\/podae\/index.php?rest_route=\/wp\/v2\/pages\/2964","targetHints":{"allow":["GET"]}}],"collection":[{"href":"https:\/\/sites.usp.br\/podae\/index.php?rest_route=\/wp\/v2\/pages"}],"about":[{"href":"https:\/\/sites.usp.br\/podae\/index.php?rest_route=\/wp\/v2\/types\/page"}],"author":[{"embeddable":true,"href":"https:\/\/sites.usp.br\/podae\/index.php?rest_route=\/wp\/v2\/users\/58"}],"replies":[{"embeddable":true,"href":"https:\/\/sites.usp.br\/podae\/index.php?rest_route=%2Fwp%2Fv2%2Fcomments&post=2964"}],"version-history":[{"count":4,"href":"https:\/\/sites.usp.br\/podae\/index.php?rest_route=\/wp\/v2\/pages\/2964\/revisions"}],"predecessor-version":[{"id":3093,"href":"https:\/\/sites.usp.br\/podae\/index.php?rest_route=\/wp\/v2\/pages\/2964\/revisions\/3093"}],"up":[{"embeddable":true,"href":"https:\/\/sites.usp.br\/podae\/index.php?rest_route=\/wp\/v2\/pages\/3042"}],"wp:attachment":[{"href":"https:\/\/sites.usp.br\/podae\/index.php?rest_route=%2Fwp%2Fv2%2Fmedia&parent=2964"}],"curies":[{"name":"wp","href":"https:\/\/api.w.org\/{rel}","templated":true}]}}