{"id":3017,"date":"2011-01-01T00:11:27","date_gmt":"2011-01-01T02:11:27","guid":{"rendered":"http:\/\/sites.usp.br\/podae\/?page_id=3017"},"modified":"2017-06-13T12:14:57","modified_gmt":"2017-06-13T15:14:57","slug":"podae-texto-online-onde-e-como-insercao-no-curriculo-lattes","status":"publish","type":"page","link":"https:\/\/sites.usp.br\/podae\/?page_id=3017","title":{"rendered":"00. PODAE \u2013 Texto Online: Onde e Como Inser\u00e7\u00e3o no Curr\u00edculo Lattes?"},"content":{"rendered":"<p style=\"text-align: center\"><span style=\"font-family: Arial\"><strong>Teleodonotologia <\/strong><\/span><\/p>\n<p style=\"text-align: center\"><span style=\"font-family: Arial\"><strong>Texto: Onde e Como Inserir no Curr\u00edculo Lattes?<\/strong><\/span><\/p>\n<hr \/>\n<div style=\"text-align: right\" align=\"justify\"><strong><span style=\"font-size: 10px\">Telessa\u00fade<\/span><\/strong><\/div>\n<hr \/>\n<hr \/>\n<p style=\"text-align: justify\"><span style=\"font-family: Arial\"><strong>Equipe <\/strong>do<strong> PODAE (USP \/ FORP) <\/strong>orienta,<strong>\u00a0<\/strong><\/span><span style=\"font-family: Arial\">como sugest\u00e3o, que as produ\u00e7\u00f5es dos Textos Online (&#8220;Hipertextos) publicados no site do <strong>PODAE<\/strong>\u00a0(Teleodontologia &#8211; Pesquisador: Responde) sejam Inseridos no <strong>Curr\u00edculo Lattes (<span style=\"color: #0000ff\"><a style=\"color: #0000ff\" href=\"http:\/\/www.cnpq.br\/\">CNpQ<\/a><\/span>)<\/strong>\u00a0no item &#8220;Produ\u00e7\u00e3o&#8221; (Sub-item: <b>Textos em jornais de not\u00edcias\/revistas<\/b>) para ampliarem as divulga\u00e7\u00f5es e a globaliza\u00e7\u00e3o das atividades de pesquisa<\/span><span style=\"font-family: Arial\">. <\/span><strong style=\"font-family: Arial;text-align: right\">Coordenador: \u00a0<\/strong><em style=\"font-family: Arial;text-align: right\">Luiz Carlos Pardini<\/em><\/p>\n<hr \/>\n<p><strong><span style=\"font-size: 10px\">REFER\u00caNCIAS<\/span><\/strong><\/p>\n<div style=\"text-align: justify\" align=\"justify\">\n<div align=\"justify\"><span style=\"font-size: 10px\">1. BRASIL &#8211; Diretrizes e Bases da Educa\u00e7\u00e3o Nacional, 1996. [<span style=\"color: #0000ff\"><strong><a href=\"\/\/sites.usp.br\/ebt\/wp-content\/uploads\/sites\/44\/2014\/11\/Lei_9.394.pdf\"><span style=\"color: #0000ff\">Lei 9.394<\/span><\/a><\/strong><\/span>]<\/span><\/div>\n<div align=\"justify\"><span style=\"font-size: 10px\">2. BRASIL &#8211; Diretrizes Curriculares Nacionais do Curso de Gradua\u00e7\u00e3o em Odontologia, 2002. [<span style=\"color: #0000ff\"><strong><a href=\"\/\/sites.usp.br\/ebt\/wp-content\/uploads\/sites\/44\/2014\/11\/Resolu\u00e7\u00e3o-19-02-2002.pdf\"><span style=\"color: #0000ff\">Resolu\u00e7\u00e3o CNE\/CES 3<\/span><\/a><\/strong><\/span>]<\/span><\/div>\n<div align=\"justify\"><span style=\"font-size: 10px\">3. World Health Organization: International Statistical Classification of Diseases and Related Health Problems, Tenth Revision Instruction Manual. Geneva, World Health Organization, 2004. [<span style=\"color: #0000ff\"><strong><a href=\"\/\/sites.usp.br\/ebt\/wp-content\/uploads\/sites\/44\/2014\/11\/ICD10-2010.pdf\"><span style=\"color: #0000ff\">ICD<\/span><\/a><\/strong><\/span>] <\/span><\/div>\n<div align=\"justify\"><span style=\"font-size: 10px\">4. World Health Organization. [<span style=\"color: #0000ff\"><strong><a href=\"http:\/\/www.who.int\/en\/\"><span style=\"color: #0000ff\">WHO<\/span><\/a><\/strong><\/span>]<br \/>\n<\/span><\/div>\n<div style=\"text-align: center\" align=\"justify\">\n<address style=\"text-align: right\">\n<hr \/>\n<\/address>\n<\/div>\n<\/div>\n<div align=\"justify\">\u00a0<span style=\"font-size: 10px\"><strong><span style=\"color: #ff0000\"><span style=\"color: #ff0000;font-size: 10px\"><span style=\"color: #ff0000;font-size: 14px\">\u25ca<\/span><\/span> <\/span>Universidade de S\u00e3o Paulo (<span style=\"font-size: 10px;color: #0000ff\"><a style=\"color: #0000ff\" href=\"http:\/\/www5.usp.br\/\">USP<\/a><\/span>), Faculdade de Odontologia de Ribeir\u00e3o Preto (<span style=\"font-size: 10px;color: #0000ff\"><a style=\"color: #0000ff\" href=\"http:\/\/www.forp.usp.br\/\">FORP<\/a><\/span>), Polo de Odontologia Digital Aplicado \u00e0 Educa\u00e7\u00e3o\u00a0 (<span style=\"color: #0000ff\"><a style=\"color: #0000ff\" href=\"\/\/sites.usp.br\/podae\/\">PODAE<\/a><\/span> \/ <span style=\"color: #0000ff\"><a style=\"color: #0000ff\" href=\"http:\/\/dgp.cnpq.br\/dgp\/espelhogrupo\/7823090133066976\">Diret\u00f3rio de Grupo<\/a> <\/span>).<\/strong><\/span><span style=\"font-size: 10px\"><strong> Respons\u00e1vel<\/strong><\/span><span style=\"font-size: 10px\"><strong>: Prof. Dr. Luiz Carlos Pardini.<\/strong><\/span><\/div>\n<div style=\"text-align: left\" align=\"center\">\n<hr \/>\n<p style=\"text-align: center\"><span style=\"font-family: Arial\"><strong>INSTRU\u00c7\u00d5ES PARA PARTICIPAR\u00a0<\/strong><\/span><\/p>\n<\/div>\n<p style=\"text-align: justify\"><span style=\"font-family: Arial\">Enviar as\u00a0<strong>D\u00favidas, Perguntas, Cr\u00edticas, Sugest\u00f5es e Elogios para Equipe do Podae. \u00a0<span style=\"color: #0000ff\"><a style=\"color: #0000ff\" href=\"http:\/\/buscatextual.cnpq.br\/buscatextual\/email.do?metodo=apresentar&amp;seqIdPessoa=396158&amp;nomeDestinatario=Luiz_Carlos_Pardini\">E-mail\u00a0<\/a><\/span><\/strong><\/span><span style=\"font-family: Arial\">. <\/span><\/p>\n<div style=\"text-align: justify\" align=\"justify\">\n<div style=\"text-align: center\" align=\"justify\">\n<address style=\"text-align: right\">\n<div style=\"text-align: left\" align=\"justify\">\n<hr \/>\n<\/div>\n<\/address>\n<\/div>\n<\/div>\n<div style=\"text-align: justify\" align=\"justify\">\n<div style=\"text-align: center\" align=\"justify\">\n<address style=\"text-align: right\">\n<hr \/>\n<\/address>\n<\/div>\n<\/div>\n<div style=\"text-align: center\" align=\"justify\"><\/div>\n","protected":false},"excerpt":{"rendered":"<p>Teleodonotologia Texto: Onde e Como Inserir no Curr\u00edculo Lattes? Telessa\u00fade Equipe do PODAE (USP \/ [&hellip;]<\/p>\n","protected":false},"author":58,"featured_media":0,"parent":2496,"menu_order":0,"comment_status":"closed","ping_status":"closed","template":"","meta":{"footnotes":"","_links_to":"","_links_to_target":""},"class_list":["post-3017","page","type-page","status-publish","hentry"],"_links":{"self":[{"href":"https:\/\/sites.usp.br\/podae\/index.php?rest_route=\/wp\/v2\/pages\/3017","targetHints":{"allow":["GET"]}}],"collection":[{"href":"https:\/\/sites.usp.br\/podae\/index.php?rest_route=\/wp\/v2\/pages"}],"about":[{"href":"https:\/\/sites.usp.br\/podae\/index.php?rest_route=\/wp\/v2\/types\/page"}],"author":[{"embeddable":true,"href":"https:\/\/sites.usp.br\/podae\/index.php?rest_route=\/wp\/v2\/users\/58"}],"replies":[{"embeddable":true,"href":"https:\/\/sites.usp.br\/podae\/index.php?rest_route=%2Fwp%2Fv2%2Fcomments&post=3017"}],"version-history":[{"count":5,"href":"https:\/\/sites.usp.br\/podae\/index.php?rest_route=\/wp\/v2\/pages\/3017\/revisions"}],"predecessor-version":[{"id":3082,"href":"https:\/\/sites.usp.br\/podae\/index.php?rest_route=\/wp\/v2\/pages\/3017\/revisions\/3082"}],"up":[{"embeddable":true,"href":"https:\/\/sites.usp.br\/podae\/index.php?rest_route=\/wp\/v2\/pages\/2496"}],"wp:attachment":[{"href":"https:\/\/sites.usp.br\/podae\/index.php?rest_route=%2Fwp%2Fv2%2Fmedia&parent=3017"}],"curies":[{"name":"wp","href":"https:\/\/api.w.org\/{rel}","templated":true}]}}