{"id":3232,"date":"2018-10-11T10:42:35","date_gmt":"2018-10-11T13:42:35","guid":{"rendered":"http:\/\/sites.usp.br\/podae\/?page_id=3232"},"modified":"2018-10-16T10:42:41","modified_gmt":"2018-10-16T13:42:41","slug":"reabiltacao-oral-protese-total","status":"publish","type":"page","link":"https:\/\/sites.usp.br\/podae\/?page_id=3232","title":{"rendered":"REABILITA\u00c7\u00c3O ORAL: Pr\u00f3tese Total"},"content":{"rendered":"<p style=\"text-align: justify;\"><span style=\"font-family: Arial;\"><strong>Reabilita\u00e7\u00e3o Or<\/strong>al (Trabalhos Referenciais) com a Equipe de Docentes \/ Discente \/ Funcion\u00e1rios do <strong>Departamento: Materiais Dent\u00e1rio e <\/strong>Pr\u00f3tese (<span style=\"color: #0000ff;\"><strong><a style=\"color: #0000ff;\" title=\"Departamento de Materiais Dent\u00e1rios e Pr\u00f3tese \u2013 DMDP\" href=\"https:\/\/www.forp.usp.br\/?page_id=292\">DMDP<\/a><\/strong><\/span>), <strong>Faculdade de Odontologia de Ribeir\u00e3o Preto<\/strong> (<span style=\"color: #0000ff;\"><strong><a style=\"color: #0000ff;\" href=\"http:\/\/www.forp.usp.br\/\">FORP<\/a><\/strong><\/span>), da <strong>Universidade de S\u00e3o Paulo<\/strong> (USP)<\/span><\/p>\n<p style=\"text-align: justify;\"><span style=\"font-family: Arial;\">Forma\u00e7\u00e3o de profissional diferenciado com a\u00e7\u00f5es educacionais facilitadoras que estimulem a busca do conhecimento atualizado<\/span><span style=\"font-family: Arial;\">.<br \/>\n<\/span><\/p>\n<hr \/>\n<div align=\"justify\">\n<div align=\"justify\">\n<div align=\"justify\">\n<div align=\"justify\">\n<div align=\"justify\">\n<div align=\"justify\">\n<div style=\"text-align: center;\" align=\"justify\"><span style=\"font-size: 12px;\"><em><strong><span style=\"text-decoration: underline;\">REFERENCIAIS<\/span><\/strong><\/em><\/span><\/div>\n<div style=\"font-size: 12px;\" align=\"justify\">\n<div align=\"justify\"><span style=\"font-size: 12px;\">1. FREITAS, Karina Matthis de ; OLIVEIRA, Paula Eneida Faleiros de ; PARANHOS, Helena de Freitas Oliveira ; MUGLIA, Valdir Antonio ; PARDINI, Lu\u00eds Carlos . Avalia\u00e7\u00e3o do grau de satisfa\u00e7\u00e3o e insatisfa\u00e7\u00e3o de pacientes reabilitados com pr\u00f3teses totais convencionais. Revista da Sociedade Paulista de Ortodontia, Brasil, v. 23, n.6, p. 25-28, 2001<br \/>\n.<\/span><\/div>\n<div align=\"justify\"><span style=\"font-size: 12px;\">.<\/span><\/div>\n<div align=\"justify\"><span style=\"font-size: 12px;\">.<\/span><\/div>\n<div style=\"font-size: 12px;\" align=\"justify\"><span style=\"font-size: 12px;\">\u00a0<\/span><\/div>\n<\/div>\n<\/div>\n<\/div>\n<\/div>\n<\/div>\n<\/div>\n<\/div>\n<div align=\"justify\">\n<div align=\"justify\">\n<div style=\"text-align: center;\" align=\"justify\">\n<address style=\"text-align: right;\">\n<hr \/>\n<hr \/>\n<\/address>\n<\/div>\n<\/div>\n<div style=\"text-align: left;\" align=\"center\">\n<div style=\"text-align: center;\" align=\"center\">\n<div align=\"justify\">\n<p><span style=\"font-size: 10px;\"><strong><em><span style=\"color: #ff0000; font-size: 14px;\">\u2666 <\/span><\/em>Universidade de S\u00e3o Paulo (<\/strong><\/span><span style=\"font-size: 10px;\"><strong><span style=\"color: #0000ff;\"><a style=\"color: #0000ff;\" href=\"http:\/\/www5.usp.br\/\">USP<\/a><\/span><\/strong><\/span><span style=\"font-size: 10px;\"><strong>),\u00a0Pr\u00f3-Reitoria de P\u00f3s-Gradua\u00e7\u00e3o (<span style=\"color: #0000ff;\"><a style=\"color: #0000ff;\" href=\"http:\/\/www.prpg.usp.br\/index.php\/pt-br\/\">PrGra<\/a><\/span>), Sistemas de Apoio \u00e0 P\u00f3s-Gradua\u00e7\u00e3o (<span style=\"color: #0000ff;\"><a style=\"color: #0000ff;\" href=\"https:\/\/uspdigital.usp.br\/janus\/comum\/apresentacao.jsf\">Janus<\/a><\/span>). Faculdade de Odontologia de Ribeir\u00e3o (<\/strong><\/span><span style=\"font-size: 10px;\"><strong><span style=\"color: #0000ff;\"><a style=\"color: #0000ff;\" href=\"http:\/\/www.forp.usp.br\/\">FORP<\/a><\/span><\/strong><\/span><span style=\"font-size: 10px;\"><strong>) &#8211; Programa de P\u00f3s-Gradua\u00e7\u00e3o (<\/strong><span style=\"color: #0000ff;\"><a style=\"color: #0000ff;\" href=\"http:\/\/www.prpg.usp.br\/index.php\/pt-br\/faca-pos-na-usp\/ache-um-programa?art_title=&amp;unidades%5B%5D=Faculdade+de+Odontologia+de+Ribeir%C3%A3o+Preto&amp;area_pos_graduacao%5B%5D=Ci%C3%AAncias+Biol%C3%B3gicas+e+da+Sa%C3%BAde&amp;art_language=pt-BR&amp;boxchecked=0&amp;search=programas_de_ps_graduaco&amp;task=search\">PgPG<\/a><\/span><strong>)<span style=\"color: #0000ff;\">. <a style=\"color: #0000ff;\" href=\"http:\/\/sites.usp.br\/podae\/ensino\/pos-graduacao-pesquisas-referencias\/\">Pesquisas Referencia<\/a><a style=\"color: #0000ff;\" href=\"http:\/\/&lt;p style=&quot;text-align: justify;&quot;&gt;&lt;span style=&quot;font-family: Arial;&quot;&gt;&lt;strong&gt;Reabilita\u00e7\u00e3o Or&lt;\/strong&gt;al (Trabalhos Referenciais) com a Equipe de Docentes \/ Discente \/ Funcion\u00e1rios do &lt;strong&gt;Departamento: Materiais Dent\u00e1rio e &lt;\/strong&gt;Pr\u00f3tese (&lt;span style=&quot;color: #0000ff;&quot;&gt;&lt;strong&gt;&lt;a style=&quot;color: #0000ff;&quot; title=&quot;Departamento de Materiais Dent\u00e1rios e Pr\u00f3tese \u2013 DMDP&quot; href=&quot;https:\/\/www.forp.usp.br\/?page_id=292&quot;&gt;DMDP&lt;\/a&gt;&lt;\/strong&gt;&lt;\/span&gt;), &lt;strong&gt;Faculdade de Odontologia de Ribeir\u00e3o Preto&lt;\/strong&gt; (&lt;span style=&quot;color: #0000ff;&quot;&gt;&lt;strong&gt;&lt;a style=&quot;color: #0000ff;&quot; href=&quot;http:\/\/www.forp.usp.br\/&quot;&gt;FORP&lt;\/a&gt;&lt;\/strong&gt;&lt;\/span&gt;), da &lt;strong&gt;Universidade de S\u00e3o Paulo&lt;\/strong&gt; (USP)&lt;\/span&gt;&lt;\/p&gt; &lt;p style=&quot;text-align: justify;&quot;&gt;&lt;span style=&quot;font-family: Arial;&quot;&gt;Forma\u00e7\u00e3o de profissional diferenciado com a\u00e7\u00f5es educacionais facilitadoras que estimulem a busca do conhecimento atualizado&lt;\/span&gt;&lt;span style=&quot;font-family: Arial;&quot;&gt;.&lt;\/span&gt;&lt;\/p&gt; &lt;div align=&quot;justify&quot;&gt; &lt;div align=&quot;justify&quot;&gt; &lt;div align=&quot;justify&quot;&gt; &lt;div align=&quot;justify&quot;&gt; &lt;div align=&quot;justify&quot;&gt; &lt;div align=&quot;justify&quot;&gt; &lt;div style=&quot;text-align: center;&quot; align=&quot;justify&quot;&gt; &lt;hr \/&gt; &lt;div align=&quot;justify&quot;&gt; &lt;div align=&quot;justify&quot;&gt; &lt;div align=&quot;justify&quot;&gt; &lt;div align=&quot;justify&quot;&gt; &lt;div align=&quot;justify&quot;&gt; &lt;div align=&quot;justify&quot;&gt; &lt;div style=&quot;text-align: center;&quot; align=&quot;justify&quot;&gt;&lt;span style=&quot;font-size: 12px;&quot;&gt;&lt;em&gt;&lt;strong&gt;&lt;span style=&quot;text-decoration: underline;&quot;&gt;REFERENCIAIS&lt;\/span&gt;&lt;\/strong&gt;&lt;\/em&gt;&lt;\/span&gt;&lt;\/div&gt; &lt;div style=&quot;font-size: 12px;&quot; align=&quot;justify&quot;&gt; &lt;div align=&quot;justify&quot;&gt;&lt;span style=&quot;font-size: 12px;&quot;&gt;1. FREITAS, Karina Matthis de ; OLIVEIRA, Paula Eneida Faleiros de ; PARANHOS, Helena de Freitas Oliveira ; MUGLIA, Valdir Antonio ; PARDINI, Lu\u00eds Carlos . Avalia\u00e7\u00e3o do grau de satisfa\u00e7\u00e3o e insatisfa\u00e7\u00e3o de pacientes reabilitados com pr\u00f3teses totais convencionais. Revista da Sociedade Paulista de Ortodontia, Brasil, v. 23, n.6, p. 25-28, 2001 .&lt;\/span&gt;&lt;\/div&gt; &lt;div align=&quot;justify&quot;&gt;&lt;span style=&quot;font-size: 12px;&quot;&gt;.&lt;\/span&gt;&lt;\/div&gt; &lt;div align=&quot;justify&quot;&gt;&lt;span style=&quot;font-size: 12px;&quot;&gt;.&lt;\/span&gt;&lt;\/div&gt; &lt;div style=&quot;font-size: 12px;&quot; align=&quot;justify&quot;&gt;&lt;span style=&quot;font-size: 12px;&quot;&gt; &lt;\/span&gt;&lt;\/div&gt; &lt;\/div&gt; &lt;\/div&gt; &lt;\/div&gt; &lt;\/div&gt; &lt;\/div&gt; &lt;\/div&gt; &lt;\/div&gt; &lt;div align=&quot;justify&quot;&gt; &lt;div align=&quot;justify&quot;&gt; &lt;div style=&quot;text-align: center;&quot; align=&quot;justify&quot;&gt;&lt;address style=&quot;text-align: right;&quot;&gt; &lt;hr \/&gt; &lt;hr \/&gt; &lt;\/address&gt;&lt;\/div&gt; &lt;\/div&gt; &lt;div style=&quot;text-align: left;&quot; align=&quot;center&quot;&gt; &lt;div style=&quot;text-align: center;&quot; align=&quot;center&quot;&gt; &lt;div align=&quot;justify&quot;&gt; &lt;span style=&quot;font-size: 10px;&quot;&gt;&lt;strong&gt;&lt;em&gt;&lt;span style=&quot;color: #ff0000; font-size: 14px;&quot;&gt;\u2666 &lt;\/span&gt;&lt;\/em&gt;Universidade de S\u00e3o Paulo (&lt;\/strong&gt;&lt;\/span&gt;&lt;span style=&quot;font-size: 10px;&quot;&gt;&lt;strong&gt;&lt;span style=&quot;color: #0000ff;&quot;&gt;&lt;a style=&quot;color: #0000ff;&quot; href=&quot;http:\/\/www5.usp.br\/&quot;&gt;USP&lt;\/a&gt;&lt;\/span&gt;&lt;\/strong&gt;&lt;\/span&gt;&lt;span style=&quot;font-size: 10px;&quot;&gt;&lt;strong&gt;), Pr\u00f3-Reitoria de P\u00f3s-Gradua\u00e7\u00e3o (&lt;span style=&quot;color: #0000ff;&quot;&gt;&lt;a style=&quot;color: #0000ff;&quot; href=&quot;http:\/\/www.prpg.usp.br\/index.php\/pt-br\/&quot;&gt;PrGra&lt;\/a&gt;&lt;\/span&gt;), Sistemas de Apoio \u00e0 P\u00f3s-Gradua\u00e7\u00e3o (&lt;span style=&quot;color: #0000ff;&quot;&gt;&lt;a style=&quot;color: #0000ff;&quot; href=&quot;https:\/\/uspdigital.usp.br\/janus\/comum\/apresentacao.jsf&quot;&gt;Janus&lt;\/a&gt;&lt;\/span&gt;). Faculdade de Odontologia de Ribeir\u00e3o (&lt;\/strong&gt;&lt;\/span&gt;&lt;span style=&quot;font-size: 10px;&quot;&gt;&lt;strong&gt;&lt;span style=&quot;color: #0000ff;&quot;&gt;&lt;a style=&quot;color: #0000ff;&quot; href=&quot;http:\/\/www.forp.usp.br\/&quot;&gt;FORP&lt;\/a&gt;&lt;\/span&gt;&lt;\/strong&gt;&lt;\/span&gt;&lt;span style=&quot;font-size: 10px;&quot;&gt;&lt;strong&gt;) - Programa de P\u00f3s-Gradua\u00e7\u00e3o (&lt;\/strong&gt;&lt;span style=&quot;color: #0000ff;&quot;&gt;&lt;a style=&quot;color: #0000ff;&quot; href=&quot;http:\/\/www.prpg.usp.br\/index.php\/pt-br\/faca-pos-na-usp\/ache-um-programa?art_title=&amp;amp;unidades%5B%5D=Faculdade+de+Odontologia+de+Ribeir%C3%A3o+Preto&amp;amp;area_pos_graduacao%5B%5D=Ci%C3%AAncias+Biol%C3%B3gicas+e+da+Sa%C3%BAde&amp;amp;art_language=pt-BR&amp;amp;boxchecked=0&amp;amp;search=programas_de_ps_graduaco&amp;amp;task=search&quot;&gt;PgPG&lt;\/a&gt;&lt;\/span&gt;&lt;strong&gt;). &lt;\/strong&gt;&lt;\/span&gt; &lt;hr \/&gt; &lt;span style=&quot;font-size: 10px;&quot;&gt;&lt;strong&gt;Enciclop\u00e9dia Brasileira de Teleodontologia&lt;\/strong&gt;&lt;\/span&gt; &lt;hr \/&gt; &lt;hr \/&gt; &lt;\/div&gt; &lt;\/div&gt; &lt;\/div&gt; &lt;\/div&gt; &lt;\/div&gt; &lt;\/div&gt; &lt;\/div&gt; &lt;\/div&gt; &lt;\/div&gt; &lt;\/div&gt; &lt;\/div&gt;\">is<\/a><\/span><br \/>\n<\/strong><\/span><\/p>\n<hr \/>\n<p><span style=\"font-size: 10px;\"><strong>Enciclop\u00e9dia Brasileira de Teleodontologia<\/strong><\/span><\/p>\n<hr \/>\n<hr \/>\n<\/div>\n<\/div>\n<\/div>\n<\/div>\n","protected":false},"excerpt":{"rendered":"<p>Reabilita\u00e7\u00e3o Oral (Trabalhos Referenciais) com a Equipe de Docentes \/ Discente \/ Funcion\u00e1rios do Departamento: [&hellip;]<\/p>\n","protected":false},"author":58,"featured_media":0,"parent":284,"menu_order":0,"comment_status":"closed","ping_status":"closed","template":"","meta":{"footnotes":"","_links_to":"","_links_to_target":""},"class_list":["post-3232","page","type-page","status-publish","hentry"],"_links":{"self":[{"href":"https:\/\/sites.usp.br\/podae\/index.php?rest_route=\/wp\/v2\/pages\/3232","targetHints":{"allow":["GET"]}}],"collection":[{"href":"https:\/\/sites.usp.br\/podae\/index.php?rest_route=\/wp\/v2\/pages"}],"about":[{"href":"https:\/\/sites.usp.br\/podae\/index.php?rest_route=\/wp\/v2\/types\/page"}],"author":[{"embeddable":true,"href":"https:\/\/sites.usp.br\/podae\/index.php?rest_route=\/wp\/v2\/users\/58"}],"replies":[{"embeddable":true,"href":"https:\/\/sites.usp.br\/podae\/index.php?rest_route=%2Fwp%2Fv2%2Fcomments&post=3232"}],"version-history":[{"count":4,"href":"https:\/\/sites.usp.br\/podae\/index.php?rest_route=\/wp\/v2\/pages\/3232\/revisions"}],"predecessor-version":[{"id":3258,"href":"https:\/\/sites.usp.br\/podae\/index.php?rest_route=\/wp\/v2\/pages\/3232\/revisions\/3258"}],"up":[{"embeddable":true,"href":"https:\/\/sites.usp.br\/podae\/index.php?rest_route=\/wp\/v2\/pages\/284"}],"wp:attachment":[{"href":"https:\/\/sites.usp.br\/podae\/index.php?rest_route=%2Fwp%2Fv2%2Fmedia&parent=3232"}],"curies":[{"name":"wp","href":"https:\/\/api.w.org\/{rel}","templated":true}]}}