{"id":3273,"date":"2019-02-28T12:44:29","date_gmt":"2019-02-28T15:44:29","guid":{"rendered":"http:\/\/sites.usp.br\/podae\/?page_id=3273"},"modified":"2020-06-21T19:08:26","modified_gmt":"2020-06-21T22:08:26","slug":"equipe","status":"publish","type":"page","link":"https:\/\/sites.usp.br\/podae\/?page_id=3273","title":{"rendered":"Diretrizes \/ Normas"},"content":{"rendered":"<p><span style=\"color: #ff0000; font-size: 14px;\">\u2022<\/span><span style=\"color: #ff0000;\"><span style=\"color: #000000; font-size: 14px;\"><em><strong> Revista Brasileira de Teleodontologia &#8211; Diretrizes (Normas)<a href=\"http:\/\/sites.usp.br\/podae\/wp-login.php\"><img loading=\"lazy\" decoding=\"async\" class=\"alignleft wp-image-528\" src=\"http:\/\/sites.usp.br\/podae\/wp-content\/uploads\/sites\/36\/2014\/05\/FORP_PODAE_00.jpg\" alt=\"FORP_PODAE_00\" width=\"32\" height=\"33\" \/><\/a><br \/>\n<\/strong><\/em><\/span><\/span><\/p>\n<hr \/>\n<p style=\"text-align: justify;\">\u00a0<span style=\"color: #ff0000;\"><span style=\"font-size: 13px; color: #ff0000;\"><span style=\"color: #000000;\">A Equipe da <\/span><\/span><\/span><span style=\"font-size: 13px;\"><strong>Revista Brasileira de Teleodontologi<\/strong><\/span><span style=\"color: #ff0000;\"><span style=\"font-size: 13px; color: #ff0000;\"><span style=\"color: #000000;\">a (<strong>ISSN<\/strong>: <strong><span style=\"color: #0000ff;\"><a style=\"color: #0000ff;\" href=\"https:\/\/portal.issn.org\/resource\/ISSN\/1809-0745#\">1809-0745<\/a><\/span><\/strong> &#8211; <strong>Rev. Bras. Teleodontol<\/strong>.\/ <\/span><\/span><\/span><span style=\"font-size: 13px; color: #0000ff;\"><a style=\"color: #0000ff;\" href=\"https:\/\/www.latindex.org\/latindex\/ficha?folio=15258\"><strong>LATINDEX<\/strong><\/a><\/span><span style=\"color: #ff0000;\"><span style=\"font-size: 13px; color: #ff0000;\"><span style=\"color: #000000;\"> ) estabelece as seguintes orienta\u00e7\u00f5es (<\/span><\/span><\/span><span style=\"color: #ff0000;\"><span style=\"font-size: 13px; color: #ff0000;\"><span style=\"color: #000000;\"><strong>Diretrizes Editoriais<\/strong> \/Nomas para a publica\u00e7\u00e3o do <strong>Artigo Cient\u00edfico<\/strong>:<\/span><\/span><\/span><\/p>\n<ul>\n<li><span style=\"color: #ff0000;\"><span style=\"font-size: 13px; color: #ff0000;\"><span style=\"color: #000000;\">A Revista <strong>n\u00e3o cobra<\/strong> aos autores qualquer tipo de taxa de submiss\u00e3o ou publica\u00e7\u00e3o.<\/span><\/span><\/span><\/li>\n<li><span style=\"color: #ff0000;\"><span style=\"font-size: 13px; color: #ff0000;\"><span style=\"color: #000000;\">Correspond\u00eancia devem ser enviadas apenas o Editor (E-mail)\u00a0<\/span><\/span><\/span><\/li>\n<li><span style=\"color: #ff0000;\"><span style=\"font-size: 13px; color: #ff0000;\"><span style=\"color: #000000;\">Artigos deve ser original e in\u00e9ditoa.\u00a0<\/span><\/span><\/span><\/li>\n<li><span style=\"color: #ff0000;\"><span style=\"font-size: 13px; color: #ff0000;\"><span style=\"color: #000000;\">Link (p\u00e1ginas na Internet -URLs), inclu\u00eddas no texto (Ex.:<span style=\"color: #0000ff;\"> <a style=\"color: #0000ff;\" href=\"http:\/\/www.cnpq.br\/\">http:\/\/www.cnpq.br\/<\/a><\/span>)\u00a0est\u00e1 ativo. <strong>N\u00c3O INCLUIR LINKS COMERCIAIS<\/strong> .\u00a0<\/span><\/span><\/span><\/li>\n<li><span style=\"color: #ff0000;\"><span style=\"font-size: 13px; color: #ff0000;\"><span style=\"color: #000000;\">A publica\u00e7\u00e3o \u00e9\u00a0 Acesso Aberto.<\/span><\/span><\/span><\/li>\n<li><span style=\"color: #ff0000;\"><span style=\"font-size: 13px; color: #ff0000;\"><span style=\"color: #000000;\">\u00c9 permitido a leitura e download.\u00a0<\/span><\/span><\/span><\/li>\n<li><span style=\"color: #ff0000;\"><span style=\"font-size: 13px; color: #ff0000;\"><span style=\"color: #000000;\">Para a divulga\u00e7\u00e3o deve citar o Artigos os devidas refer\u00eancias.<\/span><\/span><\/span><\/li>\n<li><span style=\"color: #ff0000;\"><span style=\"font-size: 13px; color: #ff0000;\"><span style=\"color: #000000;\">.<\/span><\/span><\/span><\/li>\n<li><span style=\"color: #ff0000;\"><span style=\"font-size: 13px; color: #ff0000;\"><span style=\"color: #000000;\">.<\/span><\/span><\/span><\/li>\n<\/ul>\n<p style=\"text-align: justify;\">\u00a0<span style=\"color: #ff0000;\"><span style=\"font-size: 13px; color: #ff0000;\"><span style=\"color: #000000;\">A Equipe da <\/span><\/span><\/span><span style=\"font-size: 13px;\"><strong>Revista Brasileira de Teleodontologi<\/strong><\/span><span style=\"color: #ff0000;\"><span style=\"font-size: 13px; color: #ff0000;\"><span style=\"color: #000000;\">a agradece a colabora\u00e7\u00e3o e acompreens\u00e3o\u00a0 dos Autores<\/span><\/span><\/span>&gt;<\/p>\n<div align=\"center\">\n<hr style=\"width: 321px;\" \/>\n<p><span style=\"font-family: Arial; font-size: xx-small;\"><strong><strong>2014: Reformulado pela Equipe do PODAE e auxiliado pela Equipe da &#8220;<em><span style=\"color: #0000ff;\"><a href=\"http:\/\/sites.usp.br\/\"><span style=\"color: #0000ff;\">Incubadora de Sites<\/span><\/a><\/span><\/em>&#8221; (<span style=\"color: #0000ff;\"><a href=\"http:\/\/www5.usp.br\/\"><span style=\"color: #0000ff;\">USP<\/span><\/a><\/span>)<\/strong><\/strong><\/span><\/p>\n<div align=\"justify\">\n<div style=\"text-align: center;\" align=\"justify\">\n<div align=\"justify\">\n<div align=\"justify\">\n<div align=\"justify\">\n<div align=\"justify\">\n<div style=\"text-align: left;\" align=\"justify\">\n<hr \/>\n<\/div>\n<\/div>\n<\/div>\n<\/div>\n<\/div>\n<\/div>\n<\/div>\n<hr \/>\n<p>&nbsp;<\/p>\n<\/div>\n","protected":false},"excerpt":{"rendered":"<p>\u2022 Revista Brasileira de Teleodontologia &#8211; Diretrizes (Normas) \u00a0A Equipe da Revista Brasileira de Teleodontologia [&hellip;]<\/p>\n","protected":false},"author":58,"featured_media":0,"parent":10,"menu_order":0,"comment_status":"closed","ping_status":"closed","template":"","meta":{"footnotes":"","_links_to":"","_links_to_target":""},"class_list":["post-3273","page","type-page","status-publish","hentry"],"_links":{"self":[{"href":"https:\/\/sites.usp.br\/podae\/index.php?rest_route=\/wp\/v2\/pages\/3273","targetHints":{"allow":["GET"]}}],"collection":[{"href":"https:\/\/sites.usp.br\/podae\/index.php?rest_route=\/wp\/v2\/pages"}],"about":[{"href":"https:\/\/sites.usp.br\/podae\/index.php?rest_route=\/wp\/v2\/types\/page"}],"author":[{"embeddable":true,"href":"https:\/\/sites.usp.br\/podae\/index.php?rest_route=\/wp\/v2\/users\/58"}],"replies":[{"embeddable":true,"href":"https:\/\/sites.usp.br\/podae\/index.php?rest_route=%2Fwp%2Fv2%2Fcomments&post=3273"}],"version-history":[{"count":4,"href":"https:\/\/sites.usp.br\/podae\/index.php?rest_route=\/wp\/v2\/pages\/3273\/revisions"}],"predecessor-version":[{"id":14995,"href":"https:\/\/sites.usp.br\/podae\/index.php?rest_route=\/wp\/v2\/pages\/3273\/revisions\/14995"}],"up":[{"embeddable":true,"href":"https:\/\/sites.usp.br\/podae\/index.php?rest_route=\/wp\/v2\/pages\/10"}],"wp:attachment":[{"href":"https:\/\/sites.usp.br\/podae\/index.php?rest_route=%2Fwp%2Fv2%2Fmedia&parent=3273"}],"curies":[{"name":"wp","href":"https:\/\/api.w.org\/{rel}","templated":true}]}}