{"id":3329,"date":"2019-02-28T15:53:29","date_gmt":"2019-02-28T18:53:29","guid":{"rendered":"http:\/\/sites.usp.br\/podae\/?page_id=3329"},"modified":"2019-12-05T18:21:51","modified_gmt":"2019-12-05T21:21:51","slug":"ad-hoc-assessor-referees-parecerista-relator","status":"publish","type":"page","link":"https:\/\/sites.usp.br\/podae\/?page_id=3329","title":{"rendered":"Ad Hoc (&#8220;Referees\u201d): Assessor \/ Parecerista \/ Consultor"},"content":{"rendered":"<p style=\"text-align: center;\"><strong><span style=\"font-size: 14px;\"><span style=\"font-family: Arial;\">Equipe Editorial <\/span><\/span><\/strong><br \/>\n<strong><span style=\"font-size: 14px;\"><span style=\"font-family: Arial;\">Assessor: Foco Central &#8211; Publica\u00e7\u00e3o Cient\u00edfica Online (Livre Acesso): <span style=\"color: #0000ff;\"><a style=\"color: #0000ff;\" href=\"https:\/\/sites.usp.br\/podae\/?page_id=3336\">Lista<\/a><\/span><\/span><\/span><\/strong><span style=\"color: #ff0000;\"><span style=\"font-size: 10px;\"><strong><span style=\"color: #0000ff;\"><br \/>\n<\/span><\/strong><\/span><\/span><\/p>\n<address>\n<address style=\"text-align: right;\">\n<hr style=\"width: 321px;\" \/>\n<\/address>\n<\/address>\n<hr \/>\n<p style=\"text-align: center;\"><strong><span style=\"font-size: 12px;\"><span style=\"font-family: Arial;\"><a href=\"https:\/\/sites.usp.br\/podae\/?page_id=120\"><span style=\"color: #0000ff;\">Enciclop\u00e9dia Brasileira de Teleodontologia<\/span><\/a>\u00a0\u00a0 <\/span><\/span><\/strong><span style=\"font-size: 12px;\"><span style=\"font-family: Arial;\">\/<\/span><\/span><strong><span style=\"font-size: 14px;\"><span style=\"font-family: Arial;\">\u00a0\u00a0<\/span><\/span><\/strong><strong><span style=\"font-size: 12px;\"><span style=\"font-family: Arial;\"><span style=\"color: #0000ff;\"><a style=\"color: #0000ff;\" href=\"https:\/\/sites.usp.br\/podae\/?page_id=10\">Revista Brasileira de Teleodontologia<\/a><\/span><\/span><\/span><\/strong><strong><span style=\"font-size: 12px;\"><span style=\"font-family: Arial;\">\u00a0 <\/span><\/span><\/strong><\/p>\n<hr \/>\n<p style=\"text-align: justify;\"><span style=\"font-family: Arial;\">A <strong>Equipe Editori<\/strong>al da <strong>Enciclop\u00e9dia Brasileira de Teleodontologia<\/strong> (<span style=\"color: #0000ff;\"><strong><a style=\"color: #0000ff;\" href=\"https:\/\/portal.issn.org\/resource\/ISSN\/2448-1181#\">ISSN 2448-1181<\/a><\/strong><\/span>)\u00a0e da\u00a0<strong>Revista Brasileira de Teleodontologia\u00a0<\/strong>(<strong><span style=\"color: #0000ff;\"><a style=\"color: #0000ff;\" href=\"https:\/\/portal.issn.org\/resource\/ISSN\/1809-0745#\">ISSN 1809-0745<\/a><\/span><\/strong>) recebe as colabora\u00e7\u00f5es volunt\u00e1rias dos Pareceristas.<\/span><\/p>\n<p style=\"text-align: justify;\"><span style=\"font-family: Arial;\">A <strong>Equipe Editorial<\/strong>\u00a0recebe constantemente apoio volunt\u00e1rio dos nossos\u00a0 \u201creferees\u201d (<strong><a style=\"color: #0000ff;\" href=\"http:\/\/sites.usp.br\/ebt\/\">Parecerista<\/a><\/strong>: Colaborador, Relator, Assessor, Conselheiro) para as avalia\u00e7\u00f5es dos trabalhos cient\u00edficos (Produ\u00e7\u00e3o Intelectual) enviados para publica\u00e7\u00e3o online (Livre Acesso). <\/span><\/p>\n<p style=\"text-align: justify;\"><span style=\"font-family: Arial;\">As contribui\u00e7\u00f5es volunt\u00e1rias importantes para avaliar com extrema confian\u00e7a cient\u00edfica e relev\u00e2ncia pedag\u00f3gica dos trabalhos submetidos aos crit\u00e9rios e escopo da proposta da Enciclop\u00e9dia Brasileira de Teleodontologia s\u00e3o foco principal.\u00a0\u00a0\u00a0\u00a0\u00a0\u00a0\u00a0\u00a0\u00a0\u00a0\u00a0\u00a0\u00a0\u00a0\u00a0\u00a0\u00a0\u00a0\u00a0\u00a0\u00a0 <\/span>:<\/p>\n<p style=\"text-align: justify;\"><span style=\"font-family: Arial;\">O trabalho cont\u00ednuo dos &#8220;<strong><a style=\"color: #0000ff;\" href=\"http:\/\/sites.usp.br\/ebt\/\">Assessores<\/a><\/strong>&#8221; de avaliar os diversos e variados aspectos dos artigos cient\u00edficos (Hipertextos) com\u00a0 os\u00a0 veredictos\u00a0 \u201caceita\u00e7\u00e3o\u201d, \u201crejei\u00e7\u00e3o\u201d e &#8220;reformula\u00e7\u00e3o&#8221;. Ressalte-se, a conduta do anonimato m\u00fatuo entre autores e assessores.<\/span><\/p>\n<p style=\"text-align: justify;\"><span style=\"font-family: Arial;\">Em\u00a0 poss\u00edvel contesta\u00e7\u00e3o pelo autor. \u00c9 indicado o parecer de mais de um &#8220;<\/span><span style=\"font-family: Arial;\"><strong><a style=\"color: #0000ff;\" href=\"http:\/\/sites.usp.br\/ebt\/\">Relator<\/a><\/strong><\/span><span style=\"font-family: Arial;\">&#8220;. Portanto,\u00a0 n\u00e3o contamos s\u00f3 com um \u00fanico \u201c<strong><a style=\"color: #0000ff;\" href=\"http:\/\/sites.usp.br\/ebt\/\">Parecerista<\/a><\/strong>\u201d, mas &#8220;um segundo&#8221; e \u00e0s vezes at\u00e9 &#8220;um terceiro&#8221;. A an\u00e1lise dos crit\u00e9rios de avalia\u00e7\u00e3o dos trabalhos cient\u00edficos enviados para publica\u00e7\u00e3o \u00e9 muito importante e tem escopo construtivo e pedag\u00f3gico (educacional).<br \/>\n<\/span><\/p>\n<p style=\"text-align: justify;\"><span style=\"font-family: Arial;\"> A Avalia\u00e7\u00e3o Final (Julgamento Final &#8211; <a href=\"http:\/\/sites.usp.br\/ebt\/\">Reviso<\/a>r) deve estar plenamente fundamentado para contribuir com a atualiza\u00e7\u00e3o e o aprimoramento dos trabalhos t\u00e9cnicos e cient\u00edficos.<\/span><\/p>\n<p style=\"text-align: justify;\"><span style=\"font-family: Arial;\"><strong>Equipe Editorial<\/strong> parabeniza o senso de responsabilidade dos \u201c<strong><a style=\"color: #0000ff;\" href=\"http:\/\/sites.usp.br\/ebt\/\">Colaboradores<\/a><\/strong>\u201d com constante aprimoramento, e as sugest\u00f5es de modifica\u00e7\u00f5es t\u00eam tido o intuito de efic\u00e1cia das informa\u00e7\u00f5es. <\/span><\/p>\n<p><span style=\"font-family: Arial;\">Cumpre salientar que\u00a0<strong><a style=\"color: #0000ff;\" href=\"http:\/\/sites.usp.br\/ebt\/\">Parecerista<\/a><\/strong> dedicam voluntariamente realizando sugest\u00f5es e cr\u00edticas construtivas para o autor, com a miss\u00e3o de melhores e eficazes resultados (Hipertextos).<\/span><\/p>\n<hr \/>\n<div style=\"text-align: justify;\" align=\"justify\">\n<div style=\"text-align: center;\" align=\"justify\">\n<address style=\"text-align: right;\">\n<hr \/>\n<\/address>\n<\/div>\n<\/div>\n<div style=\"text-align: center;\" align=\"justify\">\n<p><span style=\"font-size: 10px;\"><strong>Enciclop\u00e9dia Brasileira de Teleodontologia (ISSN 2448-1181)\u00a0 \u00a0 \/\u00a0 \u00a0 Revista Brasileira de Teleodontologia\u00a0(ISSN 1809-0745)<\/strong><\/span><\/p>\n<\/div>\n<div style=\"text-align: left;\" align=\"center\">\n<hr \/>\n<\/div>\n","protected":false},"excerpt":{"rendered":"<p>Equipe Editorial Assessor: Foco Central &#8211; Publica\u00e7\u00e3o Cient\u00edfica Online (Livre Acesso): Lista Enciclop\u00e9dia Brasileira de [&hellip;]<\/p>\n","protected":false},"author":58,"featured_media":0,"parent":3320,"menu_order":0,"comment_status":"closed","ping_status":"closed","template":"","meta":{"footnotes":"","_links_to":"","_links_to_target":""},"class_list":["post-3329","page","type-page","status-publish","hentry"],"_links":{"self":[{"href":"https:\/\/sites.usp.br\/podae\/index.php?rest_route=\/wp\/v2\/pages\/3329","targetHints":{"allow":["GET"]}}],"collection":[{"href":"https:\/\/sites.usp.br\/podae\/index.php?rest_route=\/wp\/v2\/pages"}],"about":[{"href":"https:\/\/sites.usp.br\/podae\/index.php?rest_route=\/wp\/v2\/types\/page"}],"author":[{"embeddable":true,"href":"https:\/\/sites.usp.br\/podae\/index.php?rest_route=\/wp\/v2\/users\/58"}],"replies":[{"embeddable":true,"href":"https:\/\/sites.usp.br\/podae\/index.php?rest_route=%2Fwp%2Fv2%2Fcomments&post=3329"}],"version-history":[{"count":5,"href":"https:\/\/sites.usp.br\/podae\/index.php?rest_route=\/wp\/v2\/pages\/3329\/revisions"}],"predecessor-version":[{"id":11110,"href":"https:\/\/sites.usp.br\/podae\/index.php?rest_route=\/wp\/v2\/pages\/3329\/revisions\/11110"}],"up":[{"embeddable":true,"href":"https:\/\/sites.usp.br\/podae\/index.php?rest_route=\/wp\/v2\/pages\/3320"}],"wp:attachment":[{"href":"https:\/\/sites.usp.br\/podae\/index.php?rest_route=%2Fwp%2Fv2%2Fmedia&parent=3329"}],"curies":[{"name":"wp","href":"https:\/\/api.w.org\/{rel}","templated":true}]}}