{"id":3336,"date":"2019-02-28T15:59:58","date_gmt":"2019-02-28T18:59:58","guid":{"rendered":"http:\/\/sites.usp.br\/podae\/?page_id=3336"},"modified":"2019-12-05T18:22:13","modified_gmt":"2019-12-05T21:22:13","slug":"pareceristas-relatores","status":"publish","type":"page","link":"https:\/\/sites.usp.br\/podae\/?page_id=3336","title":{"rendered":"Lista: \u201cReferees\u201d &#8211; Assessor \/ Parecerista \/ Consultor"},"content":{"rendered":"<p style=\"text-align: center;\"><strong><span style=\"font-size: 14px;\"><span style=\"font-family: Arial;\">Equipe Editorial <\/span><\/span><\/strong><br \/>\n<strong><span style=\"font-size: 14px;\"><span style=\"font-family: Arial;\">LISTA: <\/span><\/span><span style=\"font-size: 14px;\"><span style=\"font-family: Arial;\">Parecerista (Assessor \/ Relator \/ Consultor):&#8221;Referee&#8221; &#8211;<\/span><\/span><span style=\"font-size: 14px;\"><span style=\"font-family: Arial;\"> Publica\u00e7\u00e3o Cient\u00edfica (Livre Acesso)<\/span><\/span><\/strong><span style=\"color: #ff0000;\"><span style=\"font-size: 10px;\"><strong><span style=\"color: #0000ff;\"><br \/>\n<\/span><\/strong><\/span><\/span><\/p>\n<address>\n<address style=\"text-align: right;\">\n<hr style=\"width: 321px;\" \/>\n<\/address>\n<\/address>\n<hr \/>\n<p style=\"text-align: center;\"><strong><span style=\"font-size: 12px;\"><span style=\"font-family: Arial;\"><a href=\"https:\/\/sites.usp.br\/podae\/?page_id=120\"><span style=\"color: #0000ff;\">Enciclop\u00e9dia Brasileira de Teleodontologia<\/span><\/a>\u00a0\u00a0 <\/span><\/span><\/strong><span style=\"font-size: 12px;\"><span style=\"font-family: Arial;\">\/<\/span><\/span><strong><span style=\"font-size: 12px;\"><span style=\"font-family: Arial;\">\u00a0\u00a0<\/span><\/span><\/strong><strong><span style=\"font-size: 12px;\"><span style=\"font-family: Arial;\"><span style=\"color: #0000ff;\"><a style=\"color: #0000ff;\" href=\"https:\/\/sites.usp.br\/podae\/?page_id=10\">Revista Brasileira de Teleodontologia<\/a><\/span><\/span><\/span><\/strong><strong><span style=\"font-size: 12px;\"><span style=\"font-family: Arial;\">\u00a0\u00a0<\/span><\/span><\/strong><\/p>\n<hr \/>\n<p style=\"text-align: justify;\"><span style=\"font-family: Arial;\">A <strong>Equipe Editori<\/strong>al da <strong>Enciclop\u00e9dia Brasileira de Teleodontologia<\/strong> (<span style=\"color: #0000ff;\"><strong><a style=\"color: #0000ff;\" href=\"https:\/\/portal.issn.org\/resource\/ISSN\/2448-1181#\">ISSN 2448-1181<\/a><\/strong><\/span>)\u00a0e da\u00a0<strong>Revista Brasileira de Teleodontologia\u00a0<\/strong>(<strong><span style=\"color: #0000ff;\"><a style=\"color: #0000ff;\" href=\"https:\/\/portal.issn.org\/resource\/ISSN\/1809-0745#\">ISSN 1809-0745<\/a><\/span><\/strong>) recebe as colabora\u00e7\u00f5es volunt\u00e1rias dos <strong> Parecerista (Assessor \/ Relator \/ Consultor):&#8221;Referee&#8221;<\/strong>.<\/span><\/p>\n<p>&nbsp;<\/p>\n","protected":false},"excerpt":{"rendered":"<p>Equipe Editorial LISTA: Parecerista (Assessor \/ Relator \/ Consultor):&#8221;Referee&#8221; &#8211; Publica\u00e7\u00e3o Cient\u00edfica (Livre Acesso) Enciclop\u00e9dia [&hellip;]<\/p>\n","protected":false},"author":58,"featured_media":0,"parent":3329,"menu_order":0,"comment_status":"closed","ping_status":"closed","template":"","meta":{"footnotes":"","_links_to":"","_links_to_target":""},"class_list":["post-3336","page","type-page","status-publish","hentry"],"_links":{"self":[{"href":"https:\/\/sites.usp.br\/podae\/index.php?rest_route=\/wp\/v2\/pages\/3336","targetHints":{"allow":["GET"]}}],"collection":[{"href":"https:\/\/sites.usp.br\/podae\/index.php?rest_route=\/wp\/v2\/pages"}],"about":[{"href":"https:\/\/sites.usp.br\/podae\/index.php?rest_route=\/wp\/v2\/types\/page"}],"author":[{"embeddable":true,"href":"https:\/\/sites.usp.br\/podae\/index.php?rest_route=\/wp\/v2\/users\/58"}],"replies":[{"embeddable":true,"href":"https:\/\/sites.usp.br\/podae\/index.php?rest_route=%2Fwp%2Fv2%2Fcomments&post=3336"}],"version-history":[{"count":4,"href":"https:\/\/sites.usp.br\/podae\/index.php?rest_route=\/wp\/v2\/pages\/3336\/revisions"}],"predecessor-version":[{"id":11111,"href":"https:\/\/sites.usp.br\/podae\/index.php?rest_route=\/wp\/v2\/pages\/3336\/revisions\/11111"}],"up":[{"embeddable":true,"href":"https:\/\/sites.usp.br\/podae\/index.php?rest_route=\/wp\/v2\/pages\/3329"}],"wp:attachment":[{"href":"https:\/\/sites.usp.br\/podae\/index.php?rest_route=%2Fwp%2Fv2%2Fmedia&parent=3336"}],"curies":[{"name":"wp","href":"https:\/\/api.w.org\/{rel}","templated":true}]}}