{"id":3437,"date":"2019-03-01T17:11:32","date_gmt":"2019-03-01T20:11:32","guid":{"rendered":"http:\/\/sites.usp.br\/podae\/?page_id=3437"},"modified":"2020-11-10T15:52:05","modified_gmt":"2020-11-10T18:52:05","slug":"01-abordagem-articular-docencia-universitaria-educacao-superior","status":"publish","type":"page","link":"https:\/\/sites.usp.br\/podae\/?page_id=3437","title":{"rendered":"01 Abordagem Articular (Doc\u00eancia Universit\u00e1ria): Desafios na Pr\u00e1tica Profissional (SINAES)"},"content":{"rendered":"<div style=\"text-align: left;\" align=\"center\">\n<div style=\"text-align: left;\" align=\"center\">\n<div style=\"text-align: left;\" align=\"center\">\n<p style=\"text-align: center;\"><span style=\"color: #800080;\"><strong><span style=\"font-size: 16px;\"><span style=\"font-family: Arial;\">ENCICLOP\u00c9DIA BRASILEIRA DE TELEODONTOLOGIA<br \/>\n<\/span><\/span><\/strong><\/span><strong><span style=\"font-size: 12px;\"><span style=\"font-family: Arial;\"> ISSN <span style=\"color: #0000ff;\"><a style=\"color: #0000ff;\" href=\"https:\/\/portal.issn.org\/resource\/ISSN\/2448-1181#\">2448-1181<\/a> (<a style=\"color: #0000ff;\" href=\"https:\/\/sites.usp.br\/podae\/wp-content\/uploads\/sites\/36\/2019\/06\/Encicl.-Bras.Teleodontol.jpg\">SIBi<\/a>)<\/span> \/ <span style=\"color: #0000ff;\"><a style=\"color: #0000ff;\" href=\"https:\/\/sites.usp.br\/ebt\/\">Site<\/a> (<a style=\"color: #0000ff;\" href=\"https:\/\/sites.usp.br\/ebt\/?page_id=115\">Expediente<\/a><\/span> \/ <span style=\"color: #0000ff;\"><a style=\"color: #0000ff;\" href=\"https:\/\/sites.usp.br\/ebt\/?p=251\">Sum\u00e1rios<\/a> \/ <a style=\"color: #0000ff;\" href=\"https:\/\/sites.usp.br\/ebt\/?p=251\">Suplementos<\/a>)<\/span><\/span><\/span><\/strong><strong><span style=\"font-size: 12px;\"><span style=\"font-family: Arial;\"><br \/>\n<\/span><\/span><\/strong><strong><span style=\"font-size: 12px;\"><span style=\"font-family: Arial;\"> Polo de Odontologia Digital Aplicado \u00e0 Educa\u00e7\u00e3o<\/span><\/span><\/strong> <span style=\"font-size: 12px;\"><span style=\"font-family: Arial;\"><span style=\"color: #0000ff;\"><span style=\"color: #000000;\">(<\/span><\/span><\/span><\/span><span style=\"color: #0000ff;\"><a style=\"color: #0000ff;\" href=\"https:\/\/sites.usp.br\/podae\/?page_id=89\"><strong><span style=\"font-size: 12px;\"><span style=\"font-family: Arial;\">PODAE<\/span><\/span><\/strong><\/a><\/span><span style=\"font-size: 12px;\"><span style=\"font-family: Arial;\"><span style=\"color: #0000ff;\"><span style=\"color: #000000;\">)<strong>:<\/strong><\/span><\/span><\/span><\/span><strong><span style=\"font-size: 12px;\"><span style=\"font-family: Arial;\"><span style=\"color: #0000ff;\"><span style=\"color: #000000;\"> <span style=\"color: #0000ff;\"><a style=\"color: #0000ff;\" href=\"https:\/\/www.forp.usp.br\/\">FORP<\/a><\/span> \/<a href=\"https:\/\/www5.usp.br\/\"><span style=\"color: #0000ff;\"> USP<\/span><\/a><\/span><\/span><\/span><\/span><\/strong><\/p>\n<\/div>\n<address style=\"text-align: right;\">\n<hr style=\"width: 321px;\" \/>\n<div align=\"center\">\n<p><span style=\"color: #000000;\"><strong><span style=\"font-size: 10px;\"><span style=\"color: #ff0000; font-size: 14px;\">\u2666<\/span> <span style=\"color: #0000ff;\"><a style=\"color: #0000ff;\" href=\"https:\/\/sites.usp.br\/podae\/?page_id=3288\"><span style=\"color: #0000ff;\">Fasc\u00edculo A<\/span><\/a><\/span> &#8211; <\/span><\/strong><\/span><strong><span style=\"font-size: 12px;\"><span style=\"font-family: Arial;\">Suplemento Anual <\/span><\/span><\/strong> <span style=\"color: #000000;\"><span style=\"font-size: 10px;\">(<strong>Janeiro e Junho)<\/strong><\/span><\/span><span style=\"color: #000000;\"> <strong><span style=\"font-size: 10px;\">\/ <span style=\"text-decoration: underline;\">Visitantes:<\/span><\/span><\/strong><\/span><a href=\"https:\/\/contador.s12.com.br\"><img decoding=\"async\" class=\"\" src=\"https:\/\/contador.s12.com.br\/img-BCaBz2zddbZB7bxc-21.gif\" alt=\"contador de visitas gratis\" width=\"50\" height=\"10 border=\" \/><\/a><\/p>\n<hr style=\"width: 321px;\" \/>\n<\/div>\n<\/address>\n<p><span style=\"color: #000000; font-family: Arial;\"><span style=\"font-size: 12px; line-height: 18px;\"><strong>LUIZ CARLOS PARDINI<\/strong><\/span><\/span> <span style=\"color: #ff0000;\"><span style=\"color: #ff0000;\"><span style=\"font-size: 10px;\"><strong><span style=\"color: #0000ff;\"><span style=\"color: #000000;\"><em><span style=\"color: #000000; font-size: 14px;\"> &#8211; <\/span><\/em><span style=\"color: #0000ff; font-size: 10px;\"> <a style=\"color: #0000ff;\" href=\"http:\/\/buscatextual.cnpq.br\/buscatextual\/email.do?metodo=apresentar&amp;seqIdPessoa=396158&amp;nomeDestinatario=Luiz_Carlos_Pardini\">E-mail<\/a> <span style=\"color: #000000;\"><em>&#8211; <\/em><\/span><a style=\"color: #0000ff;\" href=\"http:\/\/lattes.cnpq.br\/5853462846099775\">Curr\u00edculo Lattes <\/a><span style=\"color: #000000;\"><em>&#8211;<\/em><\/span> <a style=\"color: #0000ff;\" href=\"https:\/\/sites.usp.br\/podae\/?page_id=4562\">Informa\u00e7\u00f5es Adicionais<\/a><\/span><\/span><\/span><\/strong><\/span><\/span><\/span><\/p>\n<hr \/>\n<hr \/>\n<address style=\"text-align: right;\"><strong><span style=\"font-size: 10px;\">p\u00e1gina 1<\/span><\/strong><\/address>\n<hr \/>\n<p style=\"text-align: justify;\"><span style=\"color: #000000; font-family: Arial;\"><span style=\"font-size: 12px; line-height: 18px;\"><strong>PARDINI, L.C. Abordagem Articular (Doc\u00eancia Universit\u00e1ria): Desafios na Pr\u00e1tica Profissional (SINAES)<\/strong><strong>. Encicl. Bras.Teleodontol., Volume 1 <\/strong>(<strong>Fasc\u00edculo A<\/strong>)<strong>: p\u00e1gina 1, janeiro, 2011. ISSN 2448-1181<\/strong>.<\/span><\/span><\/p>\n<hr \/>\n<p style=\"text-align: justify;\"><span style=\"font-family: Arial;\"><strong>Abordagem Articular<\/strong> em <strong>Odontologia<\/strong> (\u00c1rea da Sa\u00fade) \u00e9 fundamental a constante avalia\u00e7\u00e3o mediante a coleta de informa\u00e7\u00f5es do <strong>Sistema Nacional de Avalia\u00e7\u00e3o da Educa\u00e7\u00e3o Superior<\/strong> (<strong><span style=\"color: #0000ff;\"><a style=\"color: #0000ff;\" href=\"http:\/\/www.planalto.gov.br\/ccivil_03\/_ato2004-2006\/2004\/lei\/l10.861.htm\">SINAE<\/a>S<\/span><\/strong>).<\/span><\/p>\n<p style=\"text-align: justify;\"><span style=\"font-family: Arial;\">Neste s\u00e9culo XXI \u00e9 fundamental a necessidade da constante atualiza\u00e7\u00e3o profissional na \u00e1rea da Sa\u00fade (<span style=\"color: #0000ff;\"><span style=\"color: #000000;\">Odontologia)<\/span><\/span>. <\/span><span style=\"font-family: Arial;\">Cumpre enfatizar que o <strong>Coaching Educacional<\/strong> em Odontologia orienta a Doc\u00eancia com foco no Educador estimulando o Aprendizado (<strong>T\u00e9cnicas de Ensino<\/strong>) com a correta <strong>Motiva\u00e7\u00e3o Educacional<\/strong> com foco nas <strong>Diretrizes Educacionais<\/strong> [<strong><span style=\"color: #0000ff;\"><a style=\"color: #0000ff;\" href=\"https:\/\/www.mec.gov.br\/\">MEC<\/a><\/span><\/strong>] e nas Doen\u00e7as [<span style=\"color: #0000ff;\"><strong><a style=\"color: #0000ff;\" href=\"http:\/\/www.who.int\/\">WHO<\/a><\/strong><\/span>].<\/span><span style=\"font-family: Arial;\"> A<strong> Radiologia<\/strong> (<strong>Imaginologia<\/strong>) est\u00e1 estabelecendo transforma\u00e7\u00f5es com condutas e procedimento com a utiliza\u00e7\u00e3o de <strong>Aparelhos de Raio X<\/strong>:<strong> Convencional e Digital.<\/strong><\/span><\/p>\n<p style=\"text-align: justify;\"><span style=\"font-family: Arial;\"><strong>Abordagem Articular, <\/strong>no<strong> Ensino Superior <\/strong>(<strong>Doc\u00eancia Universit\u00e1ria<\/strong>) deve estar em harmonia com as considera\u00e7\u00f5es estabelecidas nas diretrizes da Minist\u00e9rio de Educa\u00e7\u00e3o (<strong><span style=\"color: #0000ff;\"><a style=\"color: #0000ff;\" href=\"https:\/\/www.mec.gov.br\/\">MEC<\/a><\/span><\/strong>) e fundamentada no <strong>Projeto Pol\u00edtico Pedag\u00f3gico<\/strong> (<strong>PPP<\/strong>) das <strong>Institui\u00e7\u00f5es de Ensino Superior<\/strong> (<strong><span style=\"color: #0000ff;\"><a style=\"color: #0000ff;\" href=\"http:\/\/emec.mec.gov.br\/emec\/educacao-superior\/ies\">IES<\/a><\/span><\/strong>)<br \/>\n<\/span><\/p>\n<p style=\"text-align: justify;\"><span style=\"font-family: Arial;\"><strong>Projeto Pol\u00edtico Pedag\u00f3gico<\/strong> (<strong>PPP<\/strong>) nas forma\u00e7\u00f5es acad\u00eamicas e profissionais do Educando (Cirurgi\u00e3o &#8211; Dentista) com aux\u00edlio das ferramentas educacionais inovadoras (<\/span><span style=\"font-family: Arial;\"><strong>Multimeios Educativos Interativos Virtuais<\/strong> &#8211; <strong>MEVI<\/strong>) <\/span><span style=\"font-family: Arial;\">consolida o <strong>Aprendizado Motivador<\/strong> [<strong>1,2,3,4,5<\/strong>] com destaque Abordagem Articular est\u00e1 associada com A\u00e7\u00e3o Educacional apoiada pelo <strong>Projeto Pol\u00edtico Pedag\u00f3gi<\/strong>co (PPP) com base em informa\u00e7\u00f5es educacionais amplamente relatado por an\u00e1lise das pr\u00e1ticas docentes de professores universit\u00e1rios [4] estabelecidos por educadores<\/span><\/p>\n<p style=\"text-align: justify;\"><span style=\"font-family: Arial;\"><strong>Abordagem Articular<\/strong> (A\u00e7\u00e3o Educacional) deve estar inserida no Projeto Pol\u00edtico Pedag\u00f3gico (\u00c1rea da Sa\u00fade: Odontologia) no contexto educacional com a\u00e7\u00f5es atualizadas e modernizadoras (Cultura Digital).A\u00e7\u00e3o Educacional caminha \u201clado a lado\u201d em ampla e constante sintonia com metas educacionais e intera\u00e7\u00f5es com o Ensino e o Aprendizado na obten\u00e7\u00e3o de resultados sinalizados na proposta do Programa Educacional com destaque para: &#8220;<em>Desafios dos M\u00e9todos e das T\u00e9cnicas na Educa\u00e7\u00e3o Superior<\/em>&#8221; <\/span><\/p>\n<ul>\n<li><span style=\"font-family: Arial;\"> Ensino a Dist\u00e2ncia (<strong>EaD<\/strong>), <\/span><span style=\"font-family: Arial;\">Ensino Presencial (<strong>EP<\/strong>), Ensino H\u00edbrido \/ Ensino Semipresencial (<strong>ESp<\/strong>), Ensinar co Pesquisa, Ensinar com Projeto.<br \/>\n<\/span><\/li>\n<li><span style=\"font-family: Arial;\"> Estudo de Casos (Segunda Opini\u00e3o &#8211; F\u00f3rum de Discuss\u00e3o &#8211; Discuss\u00e3o de Casos)<br \/>\n<\/span><\/li>\n<li><span style=\"font-family: Arial;\">M\u00eddias Digitais:Teleassist\u00eancia, Teleconfer\u00eancia, Telessa\u00fade, Telediagn\u00f3stico (Telerradiologia), Teleconsulta, Tele-educa\u00e7\u00e3o (Teleduca\u00e7\u00e3o),<strong><span style=\"color: #0000ff;\"><a style=\"color: #0000ff;\" href=\"https:\/\/sites.usp.br\/podae\/?page_id=149\">Teleodontologia<\/a><\/span><\/strong>,\u00a0<\/span><\/li>\n<li><span style=\"font-family: Arial;\">Semin\u00e1rio, <\/span><span style=\"font-family: Arial;\">Simp\u00f3sio, <\/span><span style=\"font-family: Arial;\">Palestra, <\/span><span style=\"font-family: Arial;\">Debate, .<br \/>\n<\/span><\/li>\n<li><span style=\"font-family: Arial;\"> Portf\u00f3lio Online<br \/>\n<\/span><\/li>\n<li><span style=\"font-family: Arial;\">Curso de P\u00f3s-Gradua\u00e7\u00e3o (Especializa\u00e7\u00e3o \/ Lato Sensu; Stricto Sensu), <\/span><\/li>\n<li><span style=\"font-family: Arial;\">Atualiza\u00e7\u00e3o, Aprimoramento<\/span><\/li>\n<li><span style=\"font-family: Arial;\">Jogos Educativos<\/span><\/li>\n<\/ul>\n<p>&nbsp;<\/p>\n<hr \/>\n<div align=\"justify\">\n<div align=\"justify\">\n<div align=\"justify\">\n<div align=\"justify\">\n<div align=\"justify\">\n<div align=\"justify\">\n<div align=\"justify\">\n<div align=\"justify\">\n<div align=\"justify\">\n<div align=\"justify\"><span style=\"font-size: 12px;\"><em><strong><span style=\"text-decoration: underline;\">REFER\u00caNCIAS<\/span><\/strong><\/em><\/span><\/div>\n<div style=\"font-size: 12px;\" align=\"justify\">\n<div align=\"justify\"><span style=\"font-size: 12px;\">1.<\/span><span style=\"font-size: 12px;\"> BRASIL &#8211; Diretrizes e Bases da Educa\u00e7\u00e3o Nacional. Di\u00e1rio Oficial da Uni\u00e3o &#8211; Se\u00e7\u00e3o 1 &#8211; 23\/12\/1996, p: 27833. [<span style=\"color: #0000ff;\"><strong><a style=\"color: #0000ff;\" href=\"http:\/\/sites.usp.br\/ebt\/wp-content\/uploads\/sites\/44\/2014\/11\/Lei_9.394.pdf\">Lei 9.394<\/a><\/strong><\/span>]<\/span><\/div>\n<div align=\"justify\">2. BRASIL &#8211; Regula o Exerc\u00edcio da Odontologia. Lei n\u00ba 5.081. 24\/8\/1966. Di\u00e1rio Oficial, Se\u00e7\u00e3o I. Parte I, 26\/8\/1966. [<strong><span style=\"color: #0000ff;\"><a style=\"color: #0000ff;\" href=\"http:\/\/www.planalto.gov.br\/ccivil_03\/leis\/L5081.htm\">Lei n\u00ba 5.081<\/a><\/span><\/strong>]<\/div>\n<div align=\"justify\"><span style=\"font-size: 12px;\">3. BRASIL &#8211; Diretrizes Curriculares Nacionais do Curso de Gradua\u00e7\u00e3o em Odontologia, 2002. [<span style=\"color: #0000ff;\"><strong><a style=\"color: #0000ff;\" href=\"http:\/\/sites.usp.br\/ebt\/wp-content\/uploads\/sites\/44\/2014\/11\/Resolu\u00e7\u00e3o-19-02-2002.pdf\">Resolu\u00e7\u00e3o CNE\/CES 3<\/a><\/strong><\/span>]<\/span><\/div>\n<div style=\"text-align: justify;\" align=\"justify\"><span style=\"font-size: 12px;\">4. <span style=\"color: #0000ff;\"><span style=\"color: #ff0000; font-size: 12px;\"><span style=\"color: #000000;\">ROZENDO, C.A.; CASAGRANDE, L.D.R.; SCHNEIDER, J.F.; PARDINI.L.C. Uma an\u00e1lise das pr\u00e1ticas docentes de professores universit\u00e1rios da \u00e1rea de sa\u00fade. Rev. latino-am.enfermagem, Ribeir\u00e3o Preto, 7( 2): 15-23, abril 1999. [<strong><a style=\"color: #0000ff;\" href=\"http:\/\/www.scielo.br\/scielo.php?script=sci_arttext&amp;pid=S0104-11691999000200003&amp;lng=pt&amp;nrm=iso\">LINK<\/a><\/strong>].<\/span><\/span><\/span><br \/>\n<\/span><\/div>\n<div style=\"text-align: justify;\" align=\"justify\"><span style=\"font-size: 12px;\">5. <\/span><span style=\"font-size: 12px;\">World Health Organization: International Statistical Classification of Diseases and Related Health Problems, Tenth Revision Instruction Manual. Geneva, World Health Organization, 2004. [<span style=\"color: #0000ff;\"><strong><a style=\"color: #0000ff;\" href=\"http:\/\/sites.usp.br\/ebt\/wp-content\/uploads\/sites\/44\/2014\/11\/ICD10-2010.pdf\">ICD<\/a><\/strong><\/span>].<\/span><\/div>\n<\/div>\n<\/div>\n<\/div>\n<\/div>\n<\/div>\n<\/div>\n<\/div>\n<\/div>\n<\/div>\n<\/div>\n<div align=\"justify\">\n<div align=\"justify\">\n<div style=\"text-align: center;\" align=\"justify\">\n<address style=\"text-align: right;\">\n<hr \/>\n<hr \/>\n<\/address>\n<\/div>\n<\/div>\n<div style=\"text-align: left;\" align=\"center\">\n<div style=\"text-align: center;\" align=\"center\">\n<div align=\"justify\">\n<p style=\"text-align: justify;\"><span style=\"font-size: 10px;\"><strong><span style=\"text-decoration: underline;\">Recebido<\/span> 2\/1\/2011 &#8211; <span style=\"color: #0000ff;\"><a style=\"color: #0000ff;\" href=\"https:\/\/sites.usp.br\/podae\/?page_id=3336\">Parecerista<\/a> <\/span>2\/1\/2011 &#8211; <span style=\"text-decoration: underline;\">Reformulado<\/span> 2\/1\/2011 &#8211; <span style=\"text-decoration: underline;\">Publicado<\/span> 2\/1\/2011 &#8211; Enciclop\u00e9dia Brasileira de Teleodontologia<\/strong><\/span><\/p>\n<hr \/>\n<\/div>\n<\/div>\n<\/div>\n<\/div>\n<\/div>\n<\/div>\n","protected":false},"excerpt":{"rendered":"<p>ENCICLOP\u00c9DIA BRASILEIRA DE TELEODONTOLOGIA ISSN 2448-1181 (SIBi) \/ Site (Expediente \/ Sum\u00e1rios \/ Suplementos) Polo [&hellip;]<\/p>\n","protected":false},"author":58,"featured_media":0,"parent":5582,"menu_order":0,"comment_status":"closed","ping_status":"closed","template":"","meta":{"footnotes":"","_links_to":"","_links_to_target":""},"class_list":["post-3437","page","type-page","status-publish","hentry"],"_links":{"self":[{"href":"https:\/\/sites.usp.br\/podae\/index.php?rest_route=\/wp\/v2\/pages\/3437","targetHints":{"allow":["GET"]}}],"collection":[{"href":"https:\/\/sites.usp.br\/podae\/index.php?rest_route=\/wp\/v2\/pages"}],"about":[{"href":"https:\/\/sites.usp.br\/podae\/index.php?rest_route=\/wp\/v2\/types\/page"}],"author":[{"embeddable":true,"href":"https:\/\/sites.usp.br\/podae\/index.php?rest_route=\/wp\/v2\/users\/58"}],"replies":[{"embeddable":true,"href":"https:\/\/sites.usp.br\/podae\/index.php?rest_route=%2Fwp%2Fv2%2Fcomments&post=3437"}],"version-history":[{"count":5,"href":"https:\/\/sites.usp.br\/podae\/index.php?rest_route=\/wp\/v2\/pages\/3437\/revisions"}],"predecessor-version":[{"id":15582,"href":"https:\/\/sites.usp.br\/podae\/index.php?rest_route=\/wp\/v2\/pages\/3437\/revisions\/15582"}],"up":[{"embeddable":true,"href":"https:\/\/sites.usp.br\/podae\/index.php?rest_route=\/wp\/v2\/pages\/5582"}],"wp:attachment":[{"href":"https:\/\/sites.usp.br\/podae\/index.php?rest_route=%2Fwp%2Fv2%2Fmedia&parent=3437"}],"curies":[{"name":"wp","href":"https:\/\/api.w.org\/{rel}","templated":true}]}}