{"id":3592,"date":"2019-04-11T09:20:03","date_gmt":"2019-04-11T12:20:03","guid":{"rendered":"http:\/\/sites.usp.br\/podae\/?page_id=3592"},"modified":"2019-09-26T09:35:58","modified_gmt":"2019-09-26T12:35:58","slug":"corpo-editorial","status":"publish","type":"page","link":"https:\/\/sites.usp.br\/podae\/?page_id=3592","title":{"rendered":"Corpo Editorial"},"content":{"rendered":"<h6><span style=\"color: #ff0000; font-size: 14px;\">\u2022<\/span><span style=\"color: #ff0000;\"><span style=\"color: #000000; font-size: 14px;\"><em><strong> Corpo Editorial <a href=\"\/\/sites.usp.br\/podae\/wp-login.php\"><img loading=\"lazy\" decoding=\"async\" class=\"alignleft wp-image-528\" src=\"\/\/sites.usp.br\/podae\/wp-content\/uploads\/sites\/36\/2014\/05\/FORP_PODAE_00.jpg\" alt=\"FORP_PODAE_00\" width=\"32\" height=\"33\" \/><\/a><br \/>\n<\/strong><\/em><\/span><\/span><\/h6>\n<hr \/>\n<p style=\"text-align: justify;\"><span style=\"font-family: Arial;\"><span style=\"font-size: 13px;\"><strong>Polo de Odontologia Digital Aplicado \u00e0 Educa\u00e7\u00e3o <\/strong><\/span><\/span><span style=\"font-family: Arial;\"><span style=\"font-size: 13px;\">(<strong><em>acr\u00f4nimo<\/em> PODAE<\/strong>), d<\/span><\/span><span style=\"font-family: Arial;\"><span style=\"font-size: 13px;\">a <strong>Faculdade de Odontologia de Ribeir\u00e3o Preto <a href=\"\/\/accounts.google.com\/ServiceLogin?service=mail&amp;passive=true&amp;rm=false&amp;continue=\/\/mail.google.com\/mail\/&amp;scc=1&amp;ltmpl=default&amp;ltmplcache=2#identifier\">(<\/a> <span style=\"color: #0000ff;\"><a style=\"color: #0000ff;\" href=\"\/\/www.forp.usp.br\/\">FORP<\/a><\/span> <a href=\"\/\/correio.usp.br\/\">)<\/a>, da Universidade de S\u00e3o Paulo <a href=\"https:\/\/accounts.google.com\/signin\/v2\/identifier?hl=pt-BR&amp;flowName=GlifWebSignIn&amp;flowEntry=ServiceLogin\">(<\/a> <span style=\"color: #0000ff;\"><a style=\"color: #0000ff;\" href=\"\/\/www5.usp.br\/\">USP<\/a> <a style=\"color: #0000ff;\" href=\"\/\/mail.usp.br\/\">)<\/a><\/span> associado com as Plataformas Virtuais do <\/strong><\/span><\/span><span style=\"font-family: Arial;\"><span style=\"font-size: 13px;\"><a href=\"https:\/\/uspdigital.usp.br\/wsusuario\/\"><strong><span style=\"color: #0000ff;\">Sistema USP<\/span><\/strong><\/a> &#8211; Regimento <strong><span style=\"color: #0000ff;\"><a style=\"color: #0000ff;\" href=\"https:\/\/login.live.com\/login.srf?wa=wsignin1.0&amp;rpsnv=11&amp;ct=1368456373&amp;rver=6.1.6206.0&amp;wp=MBI&amp;wreply=http:%2F%2Fmail.live.com%2Fdefault.aspx&amp;lc=1046&amp;id=64855&amp;mkt=pt-br&amp;cbcxt=mai&amp;snsc=1\">)<\/a>. <\/span><\/strong><\/span><\/span><span style=\"font-family: Arial;\"><span style=\"font-size: 13px;\"><strong>PODAE<\/strong> est\u00e1 localizado na cidade de Ribeir\u00e3o Preto, S\u00e3o Paulo, Brasil (<span style=\"color: #0000ff;\"><strong><a style=\"color: #0000ff;\" href=\"0xdd4e22ddeaa1fb2a?hl=en\">MAPS<\/a><\/strong><\/span>) com proje\u00e7\u00e3o internacional (<strong><span style=\"color: #0000ff;\"><a style=\"color: #0000ff;\" href=\"https:\/\/www.researchgate.net\/institution\/University_of_Sao_Paulo\">University-ResearchGate<\/a><\/span><\/strong>) ampliando as a\u00e7\u00f5es educacionais no <strong>Curso de Gradua\u00e7\u00e3o em Odontologia, <\/strong><strong>Programa de P\u00f3s-Gradua\u00e7\u00e3o e Atividades de Extens\u00e3o<\/strong>. <\/span><\/span><span style=\"font-family: Arial;\"><strong><span style=\"font-size: 13px;\">PODAE <\/span><\/strong><span style=\"font-size: 13px;\">(<\/span><strong><span style=\"font-size: 13px;\"><span style=\"color: #0000ff;\"><a style=\"color: #0000ff;\" href=\"\/\/sites.usp.br\/podae\/podae\/equipe\/\">Equipe<\/a><\/span>)<\/span><\/strong><\/span><span style=\"font-family: Arial;\"><span style=\"font-size: 13px;\">, <\/span><span style=\"font-size: 13px;\">periodica<\/span><span style=\"font-size: 13px;\">mente. \u00e9 atualizado <\/span><span style=\"font-size: 13px;\">e<\/span><span style=\"font-size: 13px;\">m conson\u00e2ncia com a Proposta Pedag\u00f3gica<\/span><\/span><span style=\"font-family: Arial;\"><span style=\"font-size: 13px;\"><br \/>\n<\/span><\/span><\/p>\n<ul>\n<li class=\"page_item page-item-3329 page_item_has_children\"><a href=\"https:\/\/sites.usp.br\/podae\/?page_id=3329\"><span style=\"color: #0000ff;\">A<strong>d Hoc (\u201cReferees\u201d): Assessor \/ Parecerista \/ Relator \/ Consultor<\/strong><\/span><\/a><\/li>\n<li class=\"page_item page-item-3331\"><strong><span style=\"color: #0000ff;\"><a style=\"color: #0000ff;\" href=\"https:\/\/sites.usp.br\/podae\/?page_id=3331\">Cita\u00e7\u00f5es Online<\/a><\/span><\/strong><\/li>\n<li class=\"page_item page-item-3323\"><strong><span style=\"color: #0000ff;\"><a style=\"color: #0000ff;\" href=\"https:\/\/sites.usp.br\/podae\/?page_id=3323\">Contato<\/a><\/span><\/strong><\/li>\n<li class=\"page_item page-item-3592\"><strong><span style=\"color: #0000ff;\"><a style=\"color: #0000ff;\" href=\"https:\/\/sites.usp.br\/podae\/?page_id=3592\">Corpo Editorial<\/a><\/span><\/strong><\/li>\n<li class=\"page_item page-item-3395\"><strong><a href=\"https:\/\/sites.usp.br\/podae\/?page_id=3395\"><span style=\"color: #0000ff;\">Normas de Publica\u00e7\u00e3o<\/span><\/a><\/strong><\/li>\n<\/ul>\n<p style=\"text-align: justify;\"><span style=\"font-family: Arial;\"><span style=\"font-size: 13px;\">\u00a0<\/span><\/span><\/p>\n<div style=\"text-align: justify;\" align=\"justify\"><span style=\"color: #ff0000;\"><span style=\"color: #ff0000;\"><strong><span style=\"font-size: 13px;\">Editor Chefe<span style=\"color: #000000;\">: Dr. <em>Luiz Carlos Pardini : <span style=\"font-size: 10px;\"><span style=\"color: #0000ff;\"><a style=\"color: #0000ff;\" href=\"https:\/\/uspdigital.usp.br\/telefonia\/telFormularioEmail.jsp?codigoPessoaUsuario=0&amp;codigoPessoa=75623&amp;nomePessoa=Luiz Carlos Pardini&amp;print=s\">E-mail(USP)<\/a><\/span><\/span><\/em><\/span><\/span><\/strong> <\/span><\/span><\/div>\n<div style=\"text-align: justify;\" align=\"justify\"><span style=\"color: #ff0000;\"><strong><span style=\"font-size: 13px;\"><em>Editores Associados<\/em><\/span><\/strong><span style=\"font-size: 13px; color: #ff0000;\"><span style=\"color: #000000;\">:\u00a0 <em><a href=\"https:\/\/sites.usp.br\/podae\/?page_id=3329\"><strong><span style=\"text-decoration: underline;\"><span style=\"color: #0000ff;\">Parecerista<\/span><\/span><\/strong><\/a>: <\/em><em> Pesquisador (not\u00f3rio saber) de Institui\u00e7\u00e3o de Ensino \/ Pesquisa. <\/em><\/span><\/span><\/span><\/div>\n<div style=\"text-align: left;\" align=\"justify\"><span style=\"color: #000000; font-size: 13px;\"><strong style=\"font-size: 13px;\">Equipe (volunt\u00e1rios) &#8211; Contato: <span style=\"color: #0000ff;\"><a style=\"color: #0000ff;\" href=\"https:\/\/www.forp.usp.br\/?page_id=1165\">Docentes<\/a><\/span> \/ <span style=\"color: #0000ff;\"><a style=\"color: #0000ff;\" href=\"https:\/\/www.forp.usp.br\/?page_id=1162\">Funcion\u00e1rios<\/a><\/span><br \/>\n<\/strong><\/span><\/div>\n<div align=\"justify\"><\/div>\n<div align=\"justify\">\n<hr \/>\n<\/div>\n<p style=\"text-align: justify;\"><span style=\"font-family: Arial;\"><strong>Telessa\u00fade (Inclus\u00e3o Digital),<\/strong><\/span> <span style=\"font-family: Arial;\">da Faculdade de Odontologia de Ribeir\u00e3o Preto <\/span><span style=\"font-family: Arial;\"><strong>(<\/strong><\/span><a href=\"\/\/www.forp.usp.br\/\"><em><strong><span style=\"color: #0000ff;\">FORP<\/span><\/strong><\/em><\/a><span style=\"font-family: Arial;\"> &#8211; <strong><em><span style=\"color: #0000ff;\"><a href=\"\/\/www.google.com\/maps\/search\/usp+ribeir%C3%A3o+Preto\/@-21.169478,-47.835292,14z\/data=!3m1!4b1?hl=en\"><span style=\"color: #0000ff;\">MAPS<\/span><\/a><\/span><\/em>), da Universidade de S\u00e3o Paulo <\/strong><\/span><span style=\"font-family: Arial;\">(<\/span><em><a href=\"http:\/\/www5.usp.br\/\"><strong><span style=\"color: #0000ff;\">USP<\/span><\/strong><\/a><\/em><span style=\"font-family: Arial;\">). Os conte\u00fados foram disponibilizados n<\/span><span style=\"font-family: Arial;\">a modalidade de interatividade online denominada de: <strong>Tele-Sa\u00fade<\/strong> (<strong>Telessa\u00fade<\/strong>)<\/span><\/p>\n<p style=\"text-align: justify;\"><span style=\"font-family: Arial;\"><strong>Telessa\u00fade: <em>Tecnologia Educacional <\/em><\/strong>contribuindo com as inovadoras ferramentas virtuais. Facilitar e estimular as atividades comportamentais do Aluno (Aprendiz) com foco no Ensino e a Aprendizado interativo compartilhado em Odontologia. <\/span><\/p>\n<p style=\"text-align: justify;\"><span style=\"font-family: Arial;\"><strong>Inclus\u00e3o Digital<\/strong> (<strong><strong>Educa\u00e7\u00e3o Compartilhada <\/strong>)<\/strong> as atividades interativas contribu\u00edram para a forma\u00e7\u00e3o do <a href=\"https:\/\/uspdigital.usp.br\/tycho\/gruposPesquisaObter?codigoGrupoPesquisa=00674026IRY81B\"><strong>G<span style=\"color: #0000ff;\">rupo de Pesquisa &#8211; PODAE<\/span><\/strong><\/a> <\/span><span style=\"font-family: Arial;\">realizando as a\u00e7\u00f5es assertivas e compartilhadas em Educa\u00e7\u00e3o Superior.<\/span><\/p>\n<p style=\"text-align: justify;\"><span style=\"font-family: Arial;\"><strong><strong>Inclus\u00e3o Digital <\/strong><\/strong>no Brasil, contribui para a I<em><strong>nclus\u00e3o Digital<\/strong><\/em> e a <strong><em>Inclus\u00e3o Social<\/em><\/strong> estimulando a participa\u00e7\u00e3o no conhecimento gerando a dissemina\u00e7\u00e3o da Tecnologias da Informa\u00e7\u00e3o (<strong>TI<\/strong>) em ambiental virtual tecnol\u00f3gico, centrados no Ensino e no Aprendizado. O site do PODAE amplia as atividades em multimeios com os conhecimentos atualizados (t\u00e9cnicos e cient\u00edficos) expandindo a globaliza\u00e7\u00e3o da comunica\u00e7\u00e3o virtual. Divulgar o Ensino e o Aprendizado n\u00e3o se limita apenas em sala de aula (Aulas Expositivas). Nas atividades Online (Teleodontologia &#8211; Telessa\u00fade) o professor (Teleconsultor) contextualiza as informa\u00e7\u00f5es com os m\u00e9todos educacionais midi\u00e1ticos apoiados em propostas pedag\u00f3gicas motivadoras gerenciando as atividades educacionais e mediando os conflitos na aprendizagem. A Gest\u00e3o Educacional Participativa \u00e9 o foco central do saber.<\/span><\/p>\n<p style=\"text-align: justify;\"><span style=\"font-family: Arial;\"><strong><strong>Inclus\u00e3o Digital <\/strong><\/strong>na <span style=\"color: #0000ff;\"><a href=\"http:\/\/www.forp.usp.br\/\" target=\"_blank\" rel=\"noopener noreferrer\"><span style=\"color: #0000ff;\"><em><strong>FORP<\/strong><\/em><\/span><\/a><\/span> visa estimular as a\u00e7\u00f5es educadoras preventivas e empreendedoras auxiliando o Ensino e Aprendizado ampliando a qualidade da Sa\u00fade Bucal associado com as habilidades, <\/span><span style=\"font-family: Arial;\">compet\u00eancias <\/span><span style=\"font-family: Arial;\">e atitudes comportamentais do Ensino e do Aprendizado com apoio dos conhecimentos e os instrumentos pedag\u00f3gicos facilitadores educacionais. <\/span><\/p>\n<p style=\"text-align: justify;\"><span style=\"font-family: Arial;\">O Curso de Gradua\u00e7\u00e3o (<\/span><span style=\"font-family: Arial;\">Odontologia &#8211; <span style=\"color: #0000ff;\"><a href=\"http:\/\/www.forp.usp.br\/\"><span style=\"color: #0000ff;\"><em><strong>FORP<\/strong><\/em><\/span><\/a><\/span>) \u00e9 orientado pelas Pr\u00f3 &#8211; Reitorias de <\/span><a href=\"http:\/\/www.prg.usp.br\/\"><em><strong><span style=\"color: #0000ff;\">Gradua\u00e7\u00e3o<\/span><\/strong><\/em><\/a><span style=\"font-family: Arial;\"><strong>, <\/strong><\/span><a href=\"http:\/\/www.prpg.usp.br\/\"><em><strong><span style=\"color: #0000ff;\">P\u00f3s-Gradua\u00e7\u00e3o<\/span><\/strong><\/em><\/a><span style=\"font-family: Arial;\">, <\/span><a href=\"http:\/\/www.usp.br\/prp\/\"><em><strong><span style=\"color: #0000ff;\">Pesquisa<\/span><\/strong><\/em><\/a><span style=\"font-family: Arial;\"> e <\/span><em><a href=\"http:\/\/www.reitoria.usp.br\/?page_id=317\"><strong><span style=\"color: #0000ff;\">Extens\u00e3o<\/span><\/strong><\/a><\/em><span style=\"font-family: Arial;\">, com todas as informa\u00e7\u00f5es que est\u00e3o est\u00e3o agrupadas no <\/span><a href=\"https:\/\/uspdigital.usp.br\/wsusuario\/\"><em><strong><span style=\"color: #0000ff;\">Portal Sistemas USP<\/span><\/strong><\/em><\/a><span style=\"font-family: Arial;\"><strong>.<\/strong><\/span><\/p>\n<p style=\"text-align: justify;\">A <span style=\"color: #0000ff;\"><a href=\"\/\/sites.usp.br\/podae\/podae\/equipe\/\"><span style=\"color: #0000ff;\"><em><strong>Equipe<\/strong><\/em><\/span><\/a><\/span> do <span style=\"color: #0000ff;\"><a href=\"\/\/sites.usp.br\/podae\/podae\/\"><span style=\"color: #0000ff;\"><em><strong>PODAE<\/strong><\/em><\/span><\/a><\/span> <span style=\"font-family: Arial;\">desenvolve e apoia a Gest\u00e3o Midi\u00e1tica dos Laborat\u00f3rios, dos <em><span style=\"color: #0000ff;\"><strong><a href=\"https:\/\/uspdigital.usp.br\/tycho\/gruposPesquisaListarAreasConhecimento?areaConhecimento=40200000&amp;nomeArea=Odontologia\"><span style=\"color: #0000ff;\">Grupos de Pesquisa<\/span><\/a><\/strong><\/span><\/em> e dos Centros de Pesquisas com as participa\u00e7\u00f5es volunt\u00e1rias e efetivas dos Funcion\u00e1rios e dos Docentes <\/span><span style=\"font-family: Arial;\">associados com <\/span><span style=\"font-family: Arial;\">a <\/span><a href=\"http:\/\/www.inovacao.usp.br\/\"><em><strong><span style=\"color: #0000ff;\">Ag\u00eancia USP de Inova\u00e7\u00e3o<\/span><\/strong><\/em><\/a><span style=\"font-family: Arial;\"> tendo como fator desencadeante a divulga\u00e7\u00e3o em Sistemas Midi\u00e1ticos de Livre Acesso tendo como Referencial Te\u00f3rico da <strong><em><span style=\"text-decoration: underline;\"><span style=\"color: #0000ff; text-decoration: underline;\"><a href=\"https:\/\/uspdigital.usp.br\/tycho\/ProducaoAcademicaIntelectualUSP?codmnu=1110\"><span style=\"color: #0000ff; text-decoration: underline;\">Produ\u00e7\u00e3o Cient\u00edficas -USP<\/span><\/a><\/span><\/span><\/em> <\/strong>dos Pesquisadores (<span style=\"color: #0000ff;\"><em><a href=\"http:\/\/www5.usp.br\/\"><span style=\"color: #0000ff;\"><strong>USP<\/strong><\/span><\/a><\/em><\/span>) e acervo do <em><strong><a href=\"http:\/\/www.teses.usp.br\/index.php?option=com_jumi&amp;fileid=30&amp;Itemid=162&amp;lang=pt-br&amp;id=58\"><span style=\"color: #0000ff;\">Banco de Tese<\/span><\/a><\/strong><\/em>. <\/span><\/p>\n<p style=\"text-align: justify;\"><span style=\"font-family: Arial;\">As intera\u00e7\u00f5es visam incentivar as participa\u00e7\u00f5es nas atividades reflexivas na <strong>Inclus\u00e3o Digital<\/strong> brasileira promovida pelo Minist\u00e9rio da Ci\u00eancia e Tecnologia e Informa\u00e7\u00e3o<strong> (<\/strong><\/span><a href=\"http:\/\/www.mct.gov.br\/\"><em><strong><span style=\"color: #0000ff;\">MCTI<\/span><\/strong><\/em><\/a><span style=\"font-family: Arial;\"><strong>) <\/strong>e Instituto Brasileiro de Informa\u00e7\u00e3o em Ci\u00eancia e Tecnologia <\/span><span style=\"font-family: Arial;\"><strong>(<\/strong><\/span><a href=\"http:\/\/www.ibict.br\/\"><em><strong><span style=\"color: #0000ff;\">IBICT<\/span><\/strong><\/em><\/a><span style=\"font-family: Arial;\">)<\/span><span style=\"font-family: Arial;\"><strong><strong>. <\/strong><\/strong><\/span><\/p>\n<p style=\"text-align: justify;\"><span style=\"font-family: Arial;\"><strong><strong>Inclus\u00e3o Digital <\/strong><\/strong>e as atualiza\u00e7\u00f5es educacionais est\u00e3o <\/span><span style=\"font-family: Arial;\">centradas <\/span><span style=\"font-family: Arial;\">nas \u00e1reas da Sa\u00fade Bucal (Odontologia) em conformidade com as recomenda\u00e7\u00f5es das entidades Nacionais e Internacionais: Organiza\u00e7\u00e3o Mundial de Sa\u00fade (<em><strong><span style=\"text-decoration: underline; color: #0000ff;\"><a href=\"http:\/\/www.who.int\/en\/\"><span style=\"color: #0000ff; text-decoration: underline;\">WHO<\/span><\/a><\/span><\/strong><\/em>), Organiza\u00e7\u00e3o Panamericana de Sa\u00fade (<em><span style=\"text-decoration: underline;\"><strong><span style=\"color: #0000ff; text-decoration: underline;\"><a href=\"http:\/\/www.paho.org\/hq\/\"><span style=\"color: #0000ff; text-decoration: underline;\">OPAS<\/span><\/a><\/span><\/strong><\/span><\/em>)<\/span><span style=\"font-family: Arial;\"><strong>, <\/strong><\/span><span style=\"font-family: Arial;\">Conselho Federal de Odontologia <\/span><span style=\"font-family: Arial;\"><strong>(<\/strong><\/span><span style=\"color: #0000ff;\"><a href=\"http:\/\/cfo.org.br\/\"><span style=\"color: #0000ff;\"><em><strong>CFO<\/strong><\/em><\/span><\/a><\/span><span style=\"font-family: Arial;\"><strong>), <span style=\"text-decoration: underline; color: #0000ff;\"><em><a href=\"http:\/\/www.sustentabilidade.edm.org.br\/profiles\/blogs\/teleodontologia-podae-forp-usp\"><span style=\"color: #0000ff; text-decoration: underline;\">Portal Sustentabilidade<\/span><\/a><\/em><\/span> <\/strong>e <\/span><a href=\"http:\/\/www.brasil.gov.br\/\"><em><strong><span style=\"color: #0000ff;\">Portal Brasil<\/span><\/strong><\/em><\/a><strong><em>.<\/em><\/strong><\/p>\n<div align=\"center\">\n<hr style=\"width: 321px;\" \/>\n<p><span style=\"font-family: Arial; font-size: xx-small;\"><strong><strong>2014: Reformulado pela Equipe do PODAE e auxiliado pela Equipe da &#8220;<em><span style=\"color: #0000ff;\"><a href=\"\/\/sites.usp.br\/\"><span style=\"color: #0000ff;\">Incubadora de Sites<\/span><\/a><\/span><\/em>&#8221; (<span style=\"color: #0000ff;\"><a href=\"http:\/\/www5.usp.br\/\"><span style=\"color: #0000ff;\">USP<\/span><\/a><\/span>)<\/strong><\/strong><\/span><\/p>\n<div align=\"justify\">\n<div style=\"text-align: center;\" align=\"justify\">\n<div align=\"justify\">\n<div align=\"justify\">\n<div align=\"justify\">\n<div align=\"justify\">\n<div style=\"text-align: left;\" align=\"justify\">\n<hr \/>\n<\/div>\n<\/div>\n<\/div>\n<\/div>\n<\/div>\n<\/div>\n<\/div>\n<hr \/>\n<p>&nbsp;<\/p>\n<\/div>\n","protected":false},"excerpt":{"rendered":"<p>\u2022 Corpo Editorial Polo de Odontologia Digital Aplicado \u00e0 Educa\u00e7\u00e3o (acr\u00f4nimo PODAE), da Faculdade de [&hellip;]<\/p>\n","protected":false},"author":58,"featured_media":0,"parent":3320,"menu_order":0,"comment_status":"closed","ping_status":"closed","template":"","meta":{"footnotes":"","_links_to":"","_links_to_target":""},"class_list":["post-3592","page","type-page","status-publish","hentry"],"_links":{"self":[{"href":"https:\/\/sites.usp.br\/podae\/index.php?rest_route=\/wp\/v2\/pages\/3592","targetHints":{"allow":["GET"]}}],"collection":[{"href":"https:\/\/sites.usp.br\/podae\/index.php?rest_route=\/wp\/v2\/pages"}],"about":[{"href":"https:\/\/sites.usp.br\/podae\/index.php?rest_route=\/wp\/v2\/types\/page"}],"author":[{"embeddable":true,"href":"https:\/\/sites.usp.br\/podae\/index.php?rest_route=\/wp\/v2\/users\/58"}],"replies":[{"embeddable":true,"href":"https:\/\/sites.usp.br\/podae\/index.php?rest_route=%2Fwp%2Fv2%2Fcomments&post=3592"}],"version-history":[{"count":4,"href":"https:\/\/sites.usp.br\/podae\/index.php?rest_route=\/wp\/v2\/pages\/3592\/revisions"}],"predecessor-version":[{"id":7532,"href":"https:\/\/sites.usp.br\/podae\/index.php?rest_route=\/wp\/v2\/pages\/3592\/revisions\/7532"}],"up":[{"embeddable":true,"href":"https:\/\/sites.usp.br\/podae\/index.php?rest_route=\/wp\/v2\/pages\/3320"}],"wp:attachment":[{"href":"https:\/\/sites.usp.br\/podae\/index.php?rest_route=%2Fwp%2Fv2%2Fmedia&parent=3592"}],"curies":[{"name":"wp","href":"https:\/\/api.w.org\/{rel}","templated":true}]}}